{"id":15804,"date":"2024-02-02T13:30:51","date_gmt":"2024-02-02T12:30:51","guid":{"rendered":"https:\/\/martue.com\/?page_id=15804"},"modified":"2024-02-02T13:36:36","modified_gmt":"2024-02-02T12:36:36","slug":"martue-syrah","status":"publish","type":"page","link":"https:\/\/martue.com\/en\/martue-syrah\/","title":{"rendered":"Informaci\u00f3n Nutricional Mart\u00fae Syrah"},"content":{"rendered":"<p>[et_pb_section fb_built=\u00bb1&#8243; admin_label=\u00bbsection\u00bb _builder_version=\u00bb4.16&#8243; global_colors_info=\u00bb{}\u00bb][et_pb_row admin_label=\u00bbrow\u00bb _builder_version=\u00bb4.16&#8243; global_colors_info=\u00bb{}\u00bb][et_pb_column type=\u00bb4_4&#8243; _builder_version=\u00bb4.16&#8243; custom_padding=\u00bb|||\u00bb global_colors_info=\u00bb{}\u00bb custom_padding__hover=\u00bb|||\u00bb][et_pb_wc_title product=\u00bb15131&#8243; _builder_version=\u00bb4.18.0&#8243; _module_preset=\u00bbdefault\u00bb header_font=\u00bb|800|||||||\u00bb custom_margin=\u00bb25px||25px|25px|false|false\u00bb global_colors_info=\u00bb{}\u00bb][\/et_pb_wc_title][et_pb_text _builder_version=\u00bb4.18.0&#8243; _module_preset=\u00bbdefault\u00bb global_colors_info=\u00bb{}\u00bb]<\/p>\n<h5 style=\"padding-left: 40px;\"><strong>VINO TINTO MONOVARIETAL D.O. PAGO CAMPO DE LA GUARDIA 75 CL. 14%<\/strong><\/h5>\n<h4 style=\"padding-left: 40px;\">\u00a0<\/h4>\n<h4 style=\"padding-left: 40px;\"><span style=\"color: #993300;\"><a style=\"color: #993300;\" title=\"FICHA DE CATA\" href=\"https:\/\/martue.com\/wp-content\/uploads\/2024\/02\/ES-MARTUE-SYRAH-2020.pdf\" target=\"_blank\" rel=\"noopener\"><strong>FICHA DE CATA<\/strong><\/a><\/span><\/h4>\n<h4 style=\"padding-left: 40px;\">\u00a0<\/h4>\n<p>&nbsp;<\/p>\n<p>[\/et_pb_text][et_pb_text admin_label=\u00bbText\u00bb _builder_version=\u00bb4.18.0&#8243; background_size=\u00bbinitial\u00bb background_position=\u00bbtop_left\u00bb background_repeat=\u00bbrepeat\u00bb hover_enabled=\u00bb0&#8243; global_colors_info=\u00bb{}\u00bb sticky_enabled=\u00bb0&#8243;]<\/p>\n<p><strong>\u00a0 \u00a0 \u00a0INFORMACI\u00d3N NUTRICIONAL<\/strong><\/p>\n<table style=\"height: 74px; width: 89.4009%; border-collapse: collapse; margin-left: auto; margin-right: auto;\" border=\"0\">\n<tbody>\n<tr>\n<td style=\"width: 50%;\">\n<h5>\u00a0<\/h5>\n<\/td>\n<td style=\"width: 50%;\">\n<h5>100 ml<\/h5>\n<\/td>\n<\/tr>\n<tr style=\"height: 24px;\">\n<td style=\"width: 50%; height: 24px;\">\n<h5>valor energ\u00e9tico kJ<\/h5>\n<\/td>\n<td style=\"width: 50%; height: 24px;\">\n<h5>84 kcal<\/h5>\n<\/td>\n<\/tr>\n<tr style=\"height: 10px;\">\n<td style=\"width: 50%; height: 10px;\">\n<h5>valor energ\u00e9tico kcal<\/h5>\n<\/td>\n<td style=\"width: 50%; height: 10px;\">\n<h5>350 kjul<\/h5>\n<\/td>\n<\/tr>\n<tr style=\"height: 0px;\">\n<td style=\"width: 50%; height: 0px;\">\n<h5>Grasas<\/h5>\n<\/td>\n<td style=\"width: 50%; height: 0px;\">\n<h5>0 g<\/h5>\n<\/td>\n<\/tr>\n<tr style=\"height: 10px;\">\n<td style=\"width: 50%; height: 10px;\">\n<h5>\u00a0 \u00a0 \u00a0 \u00a0 \u00a0 \u00a0de las cuales saturadas<\/h5>\n<\/td>\n<td style=\"width: 50%; height: 10px;\">\n<h5>0 g<\/h5>\n<\/td>\n<\/tr>\n<tr style=\"height: 10px;\">\n<td style=\"width: 50%; height: 10px;\">\n<h5>hidratos de carbono<\/h5>\n<\/td>\n<td style=\"width: 50%; height: 10px;\">\n<h5>3,4 g<\/h5>\n<\/td>\n<\/tr>\n<tr style=\"height: 10px;\">\n<td style=\"width: 50%; height: 10px;\">\n<h5>\u00a0 \u00a0 \u00a0 \u00a0 \u00a0 \u00a0de los cuales az\u00facares<\/h5>\n<\/td>\n<td style=\"width: 50%; height: 10px;\">\n<h5>0 g<\/h5>\n<\/td>\n<\/tr>\n<tr style=\"height: 10px;\">\n<td style=\"width: 50%; height: 10px;\">\n<h5>prote\u00ednas<\/h5>\n<\/td>\n<td style=\"width: 50%; height: 10px;\">\n<h5>0 g<\/h5>\n<\/td>\n<\/tr>\n<tr>\n<td style=\"width: 50%;\">\n<h5>sal<\/h5>\n<\/td>\n<td style=\"width: 50%;\">\n<h5>0 g<\/h5>\n<\/td>\n<\/tr>\n<\/tbody>\n<\/table>\n<h5><strong>\u00a0 \u00a0 \u00a0<\/strong><\/h5>\n<h5><strong>\u00a0 \u00a0 \u00a0AL\u00c9RGENOS<\/strong><\/h5>\n<h5>\u00a0 \u00a0 \u00a0CONTIENE SULFITOS<\/h5>\n<h5>\u00a0<\/h5>\n<h5><strong>\u00a0 \u00a0 \u00a0LISTA DE INGREDIENTES<\/strong><\/h5>\n<h5>\u00a0 \u00a0 \u00a0Syrah, Conservantes (Sulfitos)<\/h5>\n<p>&nbsp;<\/p>\n<p>&nbsp;<\/p>\n<p>[\/et_pb_text][\/et_pb_column][\/et_pb_row][et_pb_row _builder_version=\u00bb4.18.0&#8243; _module_preset=\u00bbdefault\u00bb global_colors_info=\u00bb{}\u00bb][et_pb_column type=\u00bb4_4&#8243; _builder_version=\u00bb4.18.0&#8243; _module_preset=\u00bbdefault\u00bb global_colors_info=\u00bb{}\u00bb][\/et_pb_column][\/et_pb_row][\/et_pb_section]<\/p>","protected":false},"excerpt":{"rendered":"<p>VINO TINTO MONOVARIETAL D.O. PAGO CAMPO DE LA GUARDIA 75 CL. 14% \u00a0 FICHA DE CATA \u00a0 &nbsp;\u00a0 \u00a0 \u00a0INFORMACI\u00d3N NUTRICIONAL \u00a0 100 ml valor energ\u00e9tico kJ 84 kcal valor energ\u00e9tico kcal 350 kjul Grasas 0 g \u00a0 \u00a0 \u00a0 \u00a0 \u00a0 \u00a0de las cuales saturadas 0 g hidratos de carbono 3,4 g \u00a0 \u00a0 [&hellip;]<\/p>","protected":false},"author":3,"featured_media":0,"parent":0,"menu_order":0,"comment_status":"closed","ping_status":"closed","template":"","meta":{"_et_pb_use_builder":"on","_et_pb_old_content":"","_et_gb_content_width":"","om_disable_all_campaigns":false,"_joinchat":[],"footnotes":""},"class_list":["post-15804","page","type-page","status-publish","hentry"],"yoast_head":"<!-- This site is optimized with the Yoast SEO plugin v24.1 - https:\/\/yoast.com\/wordpress\/plugins\/seo\/ -->\n<title>Informaci\u00f3n Nutricional Mart\u00fae Syrah - Bodegas Mart\u00fae - Pago Campo de la Guardia<\/title>\n<meta name=\"robots\" content=\"index, follow, max-snippet:-1, max-image-preview:large, max-video-preview:-1\" \/>\n<link rel=\"canonical\" href=\"https:\/\/martue.com\/en\/martue-syrah\/\" \/>\n<meta property=\"og:locale\" content=\"en_GB\" \/>\n<meta property=\"og:type\" content=\"article\" \/>\n<meta property=\"og:title\" content=\"Informaci\u00f3n Nutricional Mart\u00fae Syrah - Bodegas Mart\u00fae - Pago Campo de la Guardia\" \/>\n<meta property=\"og:description\" content=\"VINO TINTO MONOVARIETAL D.O. PAGO CAMPO DE LA GUARDIA 75 CL. 14% \u00a0 FICHA DE CATA \u00a0 &nbsp;\u00a0 \u00a0 \u00a0INFORMACI\u00d3N NUTRICIONAL \u00a0 100 ml valor energ\u00e9tico kJ 84 kcal valor energ\u00e9tico kcal 350 kjul Grasas 0 g \u00a0 \u00a0 \u00a0 \u00a0 \u00a0 \u00a0de las cuales saturadas 0 g hidratos de carbono 3,4 g \u00a0 \u00a0 [&hellip;]\" \/>\n<meta property=\"og:url\" content=\"https:\/\/martue.com\/en\/martue-syrah\/\" \/>\n<meta property=\"og:site_name\" content=\"Bodegas Mart\u00fae - Pago Campo de la Guardia\" \/>\n<meta property=\"article:modified_time\" content=\"2024-02-02T12:36:36+00:00\" \/>\n<meta name=\"twitter:card\" content=\"summary_large_image\" \/>\n<meta name=\"twitter:label1\" content=\"Estimated reading time\" \/>\n\t<meta name=\"twitter:data1\" content=\"1 minute\" \/>\n<script type=\"application\/ld+json\" class=\"yoast-schema-graph\">{\"@context\":\"https:\/\/schema.org\",\"@graph\":[{\"@type\":\"WebPage\",\"@id\":\"https:\/\/martue.com\/martue-syrah\/\",\"url\":\"https:\/\/martue.com\/martue-syrah\/\",\"name\":\"Informaci\u00f3n Nutricional Mart\u00fae Syrah - Bodegas Mart\u00fae - Pago Campo de la Guardia\",\"isPartOf\":{\"@id\":\"https:\/\/martue.com\/#website\"},\"datePublished\":\"2024-02-02T12:30:51+00:00\",\"dateModified\":\"2024-02-02T12:36:36+00:00\",\"breadcrumb\":{\"@id\":\"https:\/\/martue.com\/martue-syrah\/#breadcrumb\"},\"inLanguage\":\"en-GB\",\"potentialAction\":[{\"@type\":\"ReadAction\",\"target\":[\"https:\/\/martue.com\/martue-syrah\/\"]}]},{\"@type\":\"BreadcrumbList\",\"@id\":\"https:\/\/martue.com\/martue-syrah\/#breadcrumb\",\"itemListElement\":[{\"@type\":\"ListItem\",\"position\":1,\"name\":\"Portada\",\"item\":\"https:\/\/martue.com\/\"},{\"@type\":\"ListItem\",\"position\":2,\"name\":\"Informaci\u00f3n Nutricional Mart\u00fae Syrah\"}]},{\"@type\":\"WebSite\",\"@id\":\"https:\/\/martue.com\/#website\",\"url\":\"https:\/\/martue.com\/\",\"name\":\"Bodegas Mart\u00fae - Pago Campo de la Guardia\",\"description\":\"VINO DE PAGO CAMPO DE LA GUARDIA Es la m\u00e1xima calificaci\u00f3n que contempla la legislaci\u00f3n espa\u00f1ola en materia vitivin\u00edcola, por encima de la Denominaci\u00f3n de Origen.\",\"potentialAction\":[{\"@type\":\"SearchAction\",\"target\":{\"@type\":\"EntryPoint\",\"urlTemplate\":\"https:\/\/martue.com\/?s={search_term_string}\"},\"query-input\":{\"@type\":\"PropertyValueSpecification\",\"valueRequired\":true,\"valueName\":\"search_term_string\"}}],\"inLanguage\":\"en-GB\"}]}<\/script>\n<!-- \/ Yoast SEO plugin. -->","yoast_head_json":{"title":"Informaci\u00f3n Nutricional Mart\u00fae Syrah - Bodegas Mart\u00fae - Pago Campo de la Guardia","robots":{"index":"index","follow":"follow","max-snippet":"max-snippet:-1","max-image-preview":"max-image-preview:large","max-video-preview":"max-video-preview:-1"},"canonical":"https:\/\/martue.com\/en\/martue-syrah\/","og_locale":"en_GB","og_type":"article","og_title":"Informaci\u00f3n Nutricional Mart\u00fae Syrah - Bodegas Mart\u00fae - Pago Campo de la Guardia","og_description":"VINO TINTO MONOVARIETAL D.O. PAGO CAMPO DE LA GUARDIA 75 CL. 14% \u00a0 FICHA DE CATA \u00a0 &nbsp;\u00a0 \u00a0 \u00a0INFORMACI\u00d3N NUTRICIONAL \u00a0 100 ml valor energ\u00e9tico kJ 84 kcal valor energ\u00e9tico kcal 350 kjul Grasas 0 g \u00a0 \u00a0 \u00a0 \u00a0 \u00a0 \u00a0de las cuales saturadas 0 g hidratos de carbono 3,4 g \u00a0 \u00a0 [&hellip;]","og_url":"https:\/\/martue.com\/en\/martue-syrah\/","og_site_name":"Bodegas Mart\u00fae - Pago Campo de la Guardia","article_modified_time":"2024-02-02T12:36:36+00:00","twitter_card":"summary_large_image","twitter_misc":{"Estimated reading time":"1 minute"},"schema":{"@context":"https:\/\/schema.org","@graph":[{"@type":"WebPage","@id":"https:\/\/martue.com\/martue-syrah\/","url":"https:\/\/martue.com\/martue-syrah\/","name":"Informaci\u00f3n Nutricional Mart\u00fae Syrah - Bodegas Mart\u00fae - Pago Campo de la Guardia","isPartOf":{"@id":"https:\/\/martue.com\/#website"},"datePublished":"2024-02-02T12:30:51+00:00","dateModified":"2024-02-02T12:36:36+00:00","breadcrumb":{"@id":"https:\/\/martue.com\/martue-syrah\/#breadcrumb"},"inLanguage":"en-GB","potentialAction":[{"@type":"ReadAction","target":["https:\/\/martue.com\/martue-syrah\/"]}]},{"@type":"BreadcrumbList","@id":"https:\/\/martue.com\/martue-syrah\/#breadcrumb","itemListElement":[{"@type":"ListItem","position":1,"name":"Portada","item":"https:\/\/martue.com\/"},{"@type":"ListItem","position":2,"name":"Informaci\u00f3n Nutricional Mart\u00fae Syrah"}]},{"@type":"WebSite","@id":"https:\/\/martue.com\/#website","url":"https:\/\/martue.com\/","name":"Bodegas Mart\u00fae - Pago Campo de la Guardia","description":"VINO DE PAGO CAMPO DE LA GUARDIA Es la m\u00e1xima calificaci\u00f3n que contempla la legislaci\u00f3n espa\u00f1ola en materia vitivin\u00edcola, por encima de la Denominaci\u00f3n de Origen.","potentialAction":[{"@type":"SearchAction","target":{"@type":"EntryPoint","urlTemplate":"https:\/\/martue.com\/?s={search_term_string}"},"query-input":{"@type":"PropertyValueSpecification","valueRequired":true,"valueName":"search_term_string"}}],"inLanguage":"en-GB"}]}},"_links":{"self":[{"href":"https:\/\/martue.com\/en\/wp-json\/wp\/v2\/pages\/15804","targetHints":{"allow":["GET"]}}],"collection":[{"href":"https:\/\/martue.com\/en\/wp-json\/wp\/v2\/pages"}],"about":[{"href":"https:\/\/martue.com\/en\/wp-json\/wp\/v2\/types\/page"}],"author":[{"embeddable":true,"href":"https:\/\/martue.com\/en\/wp-json\/wp\/v2\/users\/3"}],"replies":[{"embeddable":true,"href":"https:\/\/martue.com\/en\/wp-json\/wp\/v2\/comments?post=15804"}],"version-history":[{"count":5,"href":"https:\/\/martue.com\/en\/wp-json\/wp\/v2\/pages\/15804\/revisions"}],"predecessor-version":[{"id":15814,"href":"https:\/\/martue.com\/en\/wp-json\/wp\/v2\/pages\/15804\/revisions\/15814"}],"wp:attachment":[{"href":"https:\/\/martue.com\/en\/wp-json\/wp\/v2\/media?parent=15804"}],"curies":[{"name":"wp","href":"https:\/\/api.w.org\/{rel}","templated":true}]}}