{"id":228,"date":"2019-02-06T17:00:47","date_gmt":"2019-02-06T16:00:47","guid":{"rendered":"http:\/\/s772331608.mialojamiento.es\/wordpress\/?page_id=228"},"modified":"2026-03-23T10:40:18","modified_gmt":"2026-03-23T09:40:18","slug":"contacto","status":"publish","type":"page","link":"https:\/\/martue.com\/en\/contacto\/","title":{"rendered":"Contact"},"content":{"rendered":"<p>[et_pb_section fb_built=\u00bb1&#8243; _builder_version=\u00bb4.16&#8243; max_width=\u00bb80%\u00bb module_alignment=\u00bbcenter\u00bb global_colors_info=\u00bb{}\u00bb][et_pb_row _builder_version=\u00bb4.16&#8243; global_colors_info=\u00bb{}\u00bb][et_pb_column type=\u00bb4_4&#8243; _builder_version=\u00bb4.16&#8243; custom_padding=\u00bb|||\u00bb global_colors_info=\u00bb{}\u00bb custom_padding__hover=\u00bb|||\u00bb][et_pb_text _builder_version=\u00bb4.16&#8243; text_font=\u00bb|||on|||||\u00bb text_text_color=\u00bb#7f7f7f\u00bb ul_font=\u00bb||||||||\u00bb header_font=\u00bb||||||||\u00bb header_2_font=\u00bb||||||||\u00bb custom_css_main_element=\u00bb||background: url(https:\/\/www.martue.com\/wp-content\/uploads\/skin\/menu\/menu_line.png) repeat-x 0 50%;\u00bb border_radii=\u00bb||||\u00bb global_colors_info=\u00bb{}\u00bb]<\/p>\n<h2>Bodegas Mart\u00fae<\/h2>\n<p>[\/et_pb_text][et_pb_text _builder_version=\u00bb4.16&#8243; global_colors_info=\u00bb{}\u00bb]<\/p>\n<p><iframe loading=\"lazy\" src=\"https:\/\/maps.google.es\/maps?q=BODEGAS+MARTUE+LA+GUARDIA+S.A.,+Campo+de+la+Guardia+s%2Fn,+La+Guardia+(Toledo)&amp;hl=es&amp;t=h&amp;ie=UTF8&amp;view=map&amp;cid=12986764463922076286&amp;ll=39.778546,-3.487837&amp;spn=0.007421,0.013497&amp;z=16&amp;iwloc=A&amp;output=embed\" marginwidth=\"0\" marginheight=\"0\" scrolling=\"no\" data-src=\"https:\/\/maps.google.es\/maps?q=BODEGAS+MARTUE+LA+GUARDIA+S.A.,+Campo+de+la+Guardia+s%2Fn,+La+Guardia+(Toledo)&amp;hl=es&amp;t=h&amp;ie=UTF8&amp;view=map&amp;cid=12986764463922076286&amp;ll=39.778546,-3.487837&amp;spn=0.007421,0.013497&amp;z=16&amp;iwloc=A&amp;output=embed\" data-mce-fragment=\"1\" width=\"100%\" height=\"400\" frameborder=\"0\"><\/iframe><\/p>\n<p>[\/et_pb_text][\/et_pb_column][\/et_pb_row][et_pb_row column_structure=\u00bb1_3,1_3,1_3&#8243; _builder_version=\u00bb4.18.0&#8243; global_colors_info=\u00bb{}\u00bb][et_pb_column type=\u00bb1_3&#8243; _builder_version=\u00bb4.16&#8243; custom_padding=\u00bb|||\u00bb global_colors_info=\u00bb{}\u00bb custom_padding__hover=\u00bb|||\u00bb][et_pb_image src=\u00bbhttps:\/\/martue.com\/wp-content\/uploads\/2019\/11\/MARTUE.jpg\u00bb align=\u00bbcenter\u00bb align_tablet=\u00bbcenter\u00bb align_phone=\u00bb\u00bb align_last_edited=\u00bbon|desktop\u00bb _builder_version=\u00bb4.16&#8243; custom_margin=\u00bb||29px|||\u00bb global_colors_info=\u00bb{}\u00bb]<br \/>\n[\/et_pb_image][\/et_pb_column][et_pb_column type=\u00bb1_3&#8243; _builder_version=\u00bb4.16&#8243; custom_padding=\u00bb|||\u00bb global_colors_info=\u00bb{}\u00bb custom_padding__hover=\u00bb|||\u00bb][et_pb_text _builder_version=\u00bb4.18.0&#8243; min_height=\u00bb265px\u00bb global_colors_info=\u00bb{}\u00bb]<\/p>\n<div class=\"col-12 col-sm-12 col-md-4 col-lg-4 col-xl-4 p-0 m-0 text-center\">\n<p style=\"text-align: center;\"><span style=\"font-size: x-large;\">Campo de la Guardia, s\/n<\/span><\/p>\n<p style=\"text-align: center;\"><span style=\"font-size: x-large;\">45760 La Guardia (Toledo)<\/span><\/p>\n<p style=\"text-align: center;\"><span style=\"font-size: x-large;\">Horario: L &#8211; V: 08h a 16h<\/span><\/p>\n<\/div>\n<h5 style=\"text-align: center;\">Administraci\u00f3n: 658 915 812; admin@martue.com<\/h5>\n<h5 style=\"text-align: center;\">Enoturismo: 627 770 769; enoturismo@martue.com<\/h5>\n<p>[\/et_pb_text][\/et_pb_column][et_pb_column type=\u00bb1_3&#8243; _builder_version=\u00bb4.18.0&#8243; custom_padding=\u00bb35px||||false|false\u00bb global_colors_info=\u00bb{}\u00bb custom_padding__hover=\u00bb|||\u00bb][et_pb_button button_url=\u00bbtel:+34658915812&#8243; button_text=\u00bbTEL\u00c9FONO ADMINISTRACI\u00d3N\u00bb button_alignment=\u00bbcenter\u00bb _builder_version=\u00bb4.18.0&#8243; custom_button=\u00bbon\u00bb button_text_color=\u00bb#000000&#8243; button_bg_color=\u00bbrgba(0,0,0,0)\u00bb button_font=\u00bb||||||||\u00bb button_use_icon=\u00bboff\u00bb background_layout=\u00bbdark\u00bb custom_margin=\u00bb||5%||false|false\u00bb global_colors_info=\u00bb{}\u00bb]<br \/>\n[\/et_pb_button][et_pb_button button_url=\u00bbhttps:\/\/wa.me\/+34658915812&#8243; button_text=\u00bbWHATSAPP ADMINISTRACI\u00d3N\u00bb button_alignment=\u00bbcenter\u00bb _builder_version=\u00bb4.18.0&#8243; custom_button=\u00bbon\u00bb button_text_color=\u00bb#000000&#8243; button_bg_color=\u00bbrgba(0,0,0,0)\u00bb button_font=\u00bb||||||||\u00bb button_use_icon=\u00bboff\u00bb background_layout=\u00bbdark\u00bb custom_margin=\u00bb||5%||false|false\u00bb global_colors_info=\u00bb{}\u00bb]<br \/>\n[\/et_pb_button][et_pb_button button_url=\u00bbmailto:admin@martue.com\u00bb button_text=\u00bbMAIL ADMINISTRACI\u00d3N\u00bb button_alignment=\u00bbcenter\u00bb _builder_version=\u00bb4.18.0&#8243; custom_button=\u00bbon\u00bb button_text_color=\u00bb#000000&#8243; button_bg_color=\u00bbrgba(0,0,0,0)\u00bb button_font=\u00bb||||||||\u00bb button_use_icon=\u00bboff\u00bb background_layout=\u00bbdark\u00bb custom_margin=\u00bb||5%||false|false\u00bb global_colors_info=\u00bb{}\u00bb]<br \/>\n[\/et_pb_button][et_pb_button button_url=\u00bbtel:+34627770769&#8243; button_text=\u00bbTEL\u00c9FONO ENOTURISMO\u00bb button_alignment=\u00bbcenter\u00bb _builder_version=\u00bb4.18.0&#8243; custom_button=\u00bbon\u00bb button_text_color=\u00bb#000000&#8243; button_bg_color=\u00bbrgba(0,0,0,0)\u00bb button_font=\u00bb||||||||\u00bb button_use_icon=\u00bboff\u00bb background_layout=\u00bbdark\u00bb custom_margin=\u00bb||5%||false|false\u00bb global_colors_info=\u00bb{}\u00bb]<br \/>\n[\/et_pb_button][et_pb_button button_url=\u00bbmailto:enoturismo@martue.com\u00bb button_text=\u00bbMAIL ENOTURISMO\u00bb button_alignment=\u00bbcenter\u00bb _builder_version=\u00bb4.18.0&#8243; custom_button=\u00bbon\u00bb button_text_color=\u00bb#000000&#8243; button_bg_color=\u00bbrgba(0,0,0,0)\u00bb button_font=\u00bb||||||||\u00bb button_use_icon=\u00bboff\u00bb background_layout=\u00bbdark\u00bb custom_margin=\u00bb||5%||false|false\u00bb global_colors_info=\u00bb{}\u00bb]<br \/>\n[\/et_pb_button][\/et_pb_column][\/et_pb_row][et_pb_row _builder_version=\u00bb4.16&#8243; global_colors_info=\u00bb{}\u00bb][et_pb_column type=\u00bb4_4&#8243; _builder_version=\u00bb4.16&#8243; custom_padding=\u00bb|||\u00bb global_colors_info=\u00bb{}\u00bb custom_padding__hover=\u00bb|||\u00bb][et_pb_text _builder_version=\u00bb4.16&#8243; text_font=\u00bb|||on|||||\u00bb text_text_color=\u00bb#7f7f7f\u00bb ul_font=\u00bb||||||||\u00bb header_font=\u00bb||||||||\u00bb header_2_font=\u00bb||||||||\u00bb custom_css_main_element=\u00bb||background: url(https:\/\/www.martue.com\/wp-content\/uploads\/skin\/menu\/menu_line.png) repeat-x 0 50%;\u00bb border_radii=\u00bb||||\u00bb global_colors_info=\u00bb{}\u00bb]<\/p>\n<h2>Bodegas Nieva<\/h2>\n<p>[\/et_pb_text][et_pb_text _builder_version=\u00bb4.16&#8243; global_colors_info=\u00bb{}\u00bb]<\/p>\n<p><iframe loading=\"lazy\" src=\"https:\/\/maps.google.es\/maps?f=q&amp;source=s_q&amp;hl=es&amp;geocode=+&amp;q=Vi%C3%B1edos+de+Nieva,+S.L.,+Calle+Real,+Nieva&amp;aq=0&amp;oq=vi%C3%B1edos+de+nieva&amp;t=h&amp;g=Campo+de+la+Guardia+s%2Fn,+45760+La+Guardia+(Toledo)&amp;ie=UTF8&amp;hq=vi%C3%B1edos+de+nieva+sl&amp;hnear=Calle+Real,+40447+Nieva,+Segovia,+Castilla+y+Le%C3%B3n&amp;cid=1635477241904236367&amp;ll=41.082748,-4.421053&amp;spn=0.014557,0.026994&amp;z=15&amp;iwloc=A&amp;output=embed\" width=\"100%\" height=\"400\" frameborder=\"0\" marginwidth=\"0\" marginheight=\"0\" scrolling=\"no\" data-src=\"https:\/\/maps.google.es\/maps?f=q&amp;source=s_q&amp;hl=es&amp;geocode=+&amp;q=Vi%C3%B1edos+de+Nieva,+S.L.,+Calle+Real,+Nieva&amp;aq=0&amp;oq=vi%C3%B1edos+de+nieva&amp;t=h&amp;g=Campo+de+la+Guardia+s%2Fn,+45760+La+Guardia+(Toledo)&amp;ie=UTF8&amp;hq=vi%C3%B1edos+de+nieva+sl&amp;hnear=Calle+Real,+40447+Nieva,+Segovia,+Castilla+y+Le%C3%B3n&amp;cid=1635477241904236367&amp;ll=41.082748,-4.421053&amp;spn=0.014557,0.026994&amp;z=15&amp;iwloc=A&amp;output=embed\" data-mce-fragment=\"1\"><\/iframe><\/p>\n<p>[\/et_pb_text][\/et_pb_column][\/et_pb_row][et_pb_row column_structure=\u00bb1_3,1_3,1_3&#8243; _builder_version=\u00bb4.18.0&#8243; global_colors_info=\u00bb{}\u00bb][et_pb_column type=\u00bb1_3&#8243; _builder_version=\u00bb4.16&#8243; custom_padding=\u00bb|||\u00bb global_colors_info=\u00bb{}\u00bb custom_padding__hover=\u00bb|||\u00bb][et_pb_image src=\u00bbhttps:\/\/martue.com\/wp-content\/uploads\/2019\/11\/LOGO-NIEVA-2019.jpg\u00bb align=\u00bbcenter\u00bb align_tablet=\u00bbcenter\u00bb align_phone=\u00bb\u00bb align_last_edited=\u00bbon|desktop\u00bb _builder_version=\u00bb4.16&#8243; global_colors_info=\u00bb{}\u00bb]<br \/>\n[\/et_pb_image][\/et_pb_column][et_pb_column type=\u00bb1_3&#8243; _builder_version=\u00bb4.16&#8243; custom_padding=\u00bb|||\u00bb global_colors_info=\u00bb{}\u00bb custom_padding__hover=\u00bb|||\u00bb][et_pb_text _builder_version=\u00bb4.18.0&#8243; min_height=\u00bb296px\u00bb global_colors_info=\u00bb{}\u00bb]<\/p>\n<div class=\"col-12 col-sm-12 col-md-4 col-lg-4 col-xl-4 p-0 m-0 text-center\">\n<div class=\"col-12 col-sm-12 col-md-4 col-lg-4 col-xl-4 p-0 m-0 text-center\">\n<p style=\"text-align: center;\">\n<p style=\"text-align: center;\">\n<p style=\"text-align: center;\">\n<p style=\"text-align: center;\"><span style=\"font-size: x-large;\">Camino Real, s\/n<\/span><\/p>\n<p style=\"text-align: center;\"><span style=\"font-size: x-large;\">40447 Nieva (Segovia)<\/span><\/p>\n<p style=\"text-align: center;\"><span style=\"font-size: x-large;\">Horario: L &#8211; V: 08h a 16h<\/span><\/p>\n<h5 style=\"text-align: center;\">Administraci\u00f3n: 659 321 132;\u00a0<\/h5>\n<h5 style=\"text-align: center;\">Enoturismo: 627 770 769; enoturismo@martue.com<\/h5>\n<\/div>\n<\/div>\n<p>[\/et_pb_text][\/et_pb_column][et_pb_column type=\u00bb1_3&#8243; _builder_version=\u00bb4.18.0&#8243; custom_padding=\u00bb35px||||false|false\u00bb global_colors_info=\u00bb{}\u00bb custom_padding__hover=\u00bb|||\u00bb][et_pb_button button_url=\u00bbtel:+34627770769&#8243; button_text=\u00bbTEL\u00c9FONO ENOTURISMO\u00bb button_alignment=\u00bbcenter\u00bb _builder_version=\u00bb4.18.0&#8243; custom_button=\u00bbon\u00bb button_text_color=\u00bb#000000&#8243; button_bg_color=\u00bbrgba(0,0,0,0)\u00bb button_font=\u00bb||||||||\u00bb button_use_icon=\u00bboff\u00bb background_layout=\u00bbdark\u00bb custom_margin=\u00bb||5%||false|false\u00bb global_colors_info=\u00bb{}\u00bb]<br \/>\n[\/et_pb_button][et_pb_button button_url=\u00bbhttps:\/\/wa.me\/+34627770769&#8243; button_text=\u00bbWHATSAPP  ENOTURISMO\u00bb button_alignment=\u00bbcenter\u00bb _builder_version=\u00bb4.18.0&#8243; custom_button=\u00bbon\u00bb button_text_color=\u00bb#000000&#8243; button_bg_color=\u00bbrgba(0,0,0,0)\u00bb button_font=\u00bb||||||||\u00bb button_use_icon=\u00bboff\u00bb background_layout=\u00bbdark\u00bb custom_margin=\u00bb||5%||false|false\u00bb global_colors_info=\u00bb{}\u00bb]<br \/>\n[\/et_pb_button][et_pb_button button_url=\u00bbmailto:enoturismo@martue.com\u00bb button_text=\u00bbMAIL ENOTURISMO\u00bb button_alignment=\u00bbcenter\u00bb _builder_version=\u00bb4.18.0&#8243; custom_button=\u00bbon\u00bb button_text_color=\u00bb#000000&#8243; button_bg_color=\u00bbrgba(0,0,0,0)\u00bb button_font=\u00bb||||||||\u00bb button_use_icon=\u00bboff\u00bb background_layout=\u00bbdark\u00bb custom_margin=\u00bb||5%||false|false\u00bb global_colors_info=\u00bb{}\u00bb]<br \/>\n[\/et_pb_button][\/et_pb_column][\/et_pb_row][\/et_pb_section]<\/p>","protected":false},"excerpt":{"rendered":"<p>Bodegas Mart\u00fae Campo de la Guardia, s\/n 45760 La Guardia (Toledo) Horario: L &#8211; V: 08h a 16h Administraci\u00f3n: 658 915 812; admin@martue.com Enoturismo: 627 770 769; enoturismo@martue.com Bodegas Nieva Camino Real, s\/n 40447 Nieva (Segovia) Horario: L &#8211; V: 08h a 16h Administraci\u00f3n: 659 321 132;\u00a0 Enoturismo: 627 770 769; enoturismo@martue.com<\/p>","protected":false},"author":398,"featured_media":0,"parent":0,"menu_order":0,"comment_status":"closed","ping_status":"closed","template":"","meta":{"_et_pb_use_builder":"on","_et_pb_old_content":"","_et_gb_content_width":"","om_disable_all_campaigns":false,"_joinchat":[],"footnotes":""},"class_list":["post-228","page","type-page","status-publish","hentry"],"yoast_head":"<!-- This site is optimized with the Yoast SEO plugin v24.1 - https:\/\/yoast.com\/wordpress\/plugins\/seo\/ -->\n<title>Contacto - Bodegas Mart\u00fae - Pago Campo de la Guardia<\/title>\n<meta name=\"robots\" content=\"index, follow, max-snippet:-1, max-image-preview:large, max-video-preview:-1\" \/>\n<link rel=\"canonical\" href=\"https:\/\/martue.com\/en\/contacto\/\" \/>\n<meta property=\"og:locale\" content=\"en_GB\" \/>\n<meta property=\"og:type\" content=\"article\" \/>\n<meta property=\"og:title\" content=\"Contacto - Bodegas Mart\u00fae - Pago Campo de la Guardia\" \/>\n<meta property=\"og:description\" content=\"Bodegas Mart\u00fae Campo de la Guardia, s\/n 45760 La Guardia (Toledo) Horario: L - V: 08h a 16h Administraci\u00f3n: 658 915 812; admin@martue.com Enoturismo: 627 770 769; enoturismo@martue.com Bodegas Nieva Camino Real, s\/n 40447 Nieva (Segovia) Horario: L - V: 08h a 16h Administraci\u00f3n: 659 321 132;\u00a0 Enoturismo: 627 770 769; enoturismo@martue.com\" \/>\n<meta property=\"og:url\" content=\"https:\/\/martue.com\/en\/contacto\/\" \/>\n<meta property=\"og:site_name\" content=\"Bodegas Mart\u00fae - Pago Campo de la Guardia\" \/>\n<meta property=\"article:modified_time\" content=\"2026-03-23T09:40:18+00:00\" \/>\n<meta name=\"twitter:card\" content=\"summary_large_image\" \/>\n<meta name=\"twitter:label1\" content=\"Estimated reading time\" \/>\n\t<meta name=\"twitter:data1\" content=\"1 minute\" \/>\n<script type=\"application\/ld+json\" class=\"yoast-schema-graph\">{\"@context\":\"https:\/\/schema.org\",\"@graph\":[{\"@type\":\"WebPage\",\"@id\":\"https:\/\/martue.com\/contacto\/\",\"url\":\"https:\/\/martue.com\/contacto\/\",\"name\":\"Contacto - Bodegas Mart\u00fae - Pago Campo de la Guardia\",\"isPartOf\":{\"@id\":\"https:\/\/martue.com\/#website\"},\"datePublished\":\"2019-02-06T16:00:47+00:00\",\"dateModified\":\"2026-03-23T09:40:18+00:00\",\"breadcrumb\":{\"@id\":\"https:\/\/martue.com\/contacto\/#breadcrumb\"},\"inLanguage\":\"en-GB\",\"potentialAction\":[{\"@type\":\"ReadAction\",\"target\":[\"https:\/\/martue.com\/contacto\/\"]}]},{\"@type\":\"BreadcrumbList\",\"@id\":\"https:\/\/martue.com\/contacto\/#breadcrumb\",\"itemListElement\":[{\"@type\":\"ListItem\",\"position\":1,\"name\":\"Portada\",\"item\":\"https:\/\/martue.com\/\"},{\"@type\":\"ListItem\",\"position\":2,\"name\":\"Contacto\"}]},{\"@type\":\"WebSite\",\"@id\":\"https:\/\/martue.com\/#website\",\"url\":\"https:\/\/martue.com\/\",\"name\":\"Bodegas Mart\u00fae - Pago Campo de la Guardia\",\"description\":\"VINO DE PAGO CAMPO DE LA GUARDIA Es la m\u00e1xima calificaci\u00f3n que contempla la legislaci\u00f3n espa\u00f1ola en materia vitivin\u00edcola, por encima de la Denominaci\u00f3n de Origen.\",\"potentialAction\":[{\"@type\":\"SearchAction\",\"target\":{\"@type\":\"EntryPoint\",\"urlTemplate\":\"https:\/\/martue.com\/?s={search_term_string}\"},\"query-input\":{\"@type\":\"PropertyValueSpecification\",\"valueRequired\":true,\"valueName\":\"search_term_string\"}}],\"inLanguage\":\"en-GB\"}]}<\/script>\n<!-- \/ Yoast SEO plugin. -->","yoast_head_json":{"title":"Contacto - Bodegas Mart\u00fae - Pago Campo de la Guardia","robots":{"index":"index","follow":"follow","max-snippet":"max-snippet:-1","max-image-preview":"max-image-preview:large","max-video-preview":"max-video-preview:-1"},"canonical":"https:\/\/martue.com\/en\/contacto\/","og_locale":"en_GB","og_type":"article","og_title":"Contacto - Bodegas Mart\u00fae - Pago Campo de la Guardia","og_description":"Bodegas Mart\u00fae Campo de la Guardia, s\/n 45760 La Guardia (Toledo) Horario: L - V: 08h a 16h Administraci\u00f3n: 658 915 812; admin@martue.com Enoturismo: 627 770 769; enoturismo@martue.com Bodegas Nieva Camino Real, s\/n 40447 Nieva (Segovia) Horario: L - V: 08h a 16h Administraci\u00f3n: 659 321 132;\u00a0 Enoturismo: 627 770 769; enoturismo@martue.com","og_url":"https:\/\/martue.com\/en\/contacto\/","og_site_name":"Bodegas Mart\u00fae - Pago Campo de la Guardia","article_modified_time":"2026-03-23T09:40:18+00:00","twitter_card":"summary_large_image","twitter_misc":{"Estimated reading time":"1 minute"},"schema":{"@context":"https:\/\/schema.org","@graph":[{"@type":"WebPage","@id":"https:\/\/martue.com\/contacto\/","url":"https:\/\/martue.com\/contacto\/","name":"Contacto - Bodegas Mart\u00fae - Pago Campo de la Guardia","isPartOf":{"@id":"https:\/\/martue.com\/#website"},"datePublished":"2019-02-06T16:00:47+00:00","dateModified":"2026-03-23T09:40:18+00:00","breadcrumb":{"@id":"https:\/\/martue.com\/contacto\/#breadcrumb"},"inLanguage":"en-GB","potentialAction":[{"@type":"ReadAction","target":["https:\/\/martue.com\/contacto\/"]}]},{"@type":"BreadcrumbList","@id":"https:\/\/martue.com\/contacto\/#breadcrumb","itemListElement":[{"@type":"ListItem","position":1,"name":"Portada","item":"https:\/\/martue.com\/"},{"@type":"ListItem","position":2,"name":"Contacto"}]},{"@type":"WebSite","@id":"https:\/\/martue.com\/#website","url":"https:\/\/martue.com\/","name":"Bodegas Mart\u00fae - Pago Campo de la Guardia","description":"VINO DE PAGO CAMPO DE LA GUARDIA Es la m\u00e1xima calificaci\u00f3n que contempla la legislaci\u00f3n espa\u00f1ola en materia vitivin\u00edcola, por encima de la Denominaci\u00f3n de Origen.","potentialAction":[{"@type":"SearchAction","target":{"@type":"EntryPoint","urlTemplate":"https:\/\/martue.com\/?s={search_term_string}"},"query-input":{"@type":"PropertyValueSpecification","valueRequired":true,"valueName":"search_term_string"}}],"inLanguage":"en-GB"}]}},"_links":{"self":[{"href":"https:\/\/martue.com\/en\/wp-json\/wp\/v2\/pages\/228","targetHints":{"allow":["GET"]}}],"collection":[{"href":"https:\/\/martue.com\/en\/wp-json\/wp\/v2\/pages"}],"about":[{"href":"https:\/\/martue.com\/en\/wp-json\/wp\/v2\/types\/page"}],"author":[{"embeddable":true,"href":"https:\/\/martue.com\/en\/wp-json\/wp\/v2\/users\/398"}],"replies":[{"embeddable":true,"href":"https:\/\/martue.com\/en\/wp-json\/wp\/v2\/comments?post=228"}],"version-history":[{"count":17,"href":"https:\/\/martue.com\/en\/wp-json\/wp\/v2\/pages\/228\/revisions"}],"predecessor-version":[{"id":17505,"href":"https:\/\/martue.com\/en\/wp-json\/wp\/v2\/pages\/228\/revisions\/17505"}],"wp:attachment":[{"href":"https:\/\/martue.com\/en\/wp-json\/wp\/v2\/media?parent=228"}],"curies":[{"name":"wp","href":"https:\/\/api.w.org\/{rel}","templated":true}]}}