{"id":264,"date":"2019-02-06T17:22:54","date_gmt":"2019-02-06T16:22:54","guid":{"rendered":"http:\/\/s772331608.mialojamiento.es\/wordpress\/?page_id=264"},"modified":"2024-02-02T11:37:47","modified_gmt":"2024-02-02T10:37:47","slug":"martuehistoria","status":"publish","type":"page","link":"https:\/\/martue.com\/en\/martuehistoria\/","title":{"rendered":"Mart\u00fae"},"content":{"rendered":"<p>[et_pb_section fb_built=\u00bb1&#8243; _builder_version=\u00bb4.16&#8243; custom_margin=\u00bb-10%||0px\u00bb custom_padding=\u00bb12px||0px||false|false\u00bb global_colors_info=\u00bb{}\u00bb][et_pb_row module_class=\u00bb et_pb_row_fullwidth\u00bb _builder_version=\u00bb4.16&#8243; width_tablet=\u00bb100%\u00bb width_phone=\u00bb\u00bb width_last_edited=\u00bbon|desktop\u00bb max_width=\u00bb100%\u00bb max_width_tablet=\u00bb100%\u00bb max_width_phone=\u00bb\u00bb max_width_last_edited=\u00bbon|desktop\u00bb custom_margin=\u00bb||\u00bb custom_padding=\u00bb||\u00bb make_fullwidth=\u00bbon\u00bb global_colors_info=\u00bb{}\u00bb][et_pb_column type=\u00bb4_4&#8243; _builder_version=\u00bb4.16&#8243; custom_padding=\u00bb|||\u00bb global_colors_info=\u00bb{}\u00bb custom_padding__hover=\u00bb|||\u00bb][et_pb_slider _builder_version=\u00bb4.16&#8243; content_width_last_edited=\u00bboff|phone\u00bb height=\u00bbauto\u00bb height_tablet=\u00bb\u00bb height_phone=\u00bb450px\u00bb height_last_edited=\u00bbon|phone\u00bb custom_margin=\u00bb-45px||||false|false\u00bb custom_margin_tablet=\u00bb-45px||\u00bb custom_margin_phone=\u00bb-80px||||false|false\u00bb custom_margin_last_edited=\u00bbon|phone\u00bb custom_padding=\u00bb180px||\u00bb global_colors_info=\u00bb{}\u00bb][et_pb_slide use_bg_overlay=\u00bboff\u00bb use_text_overlay=\u00bboff\u00bb _builder_version=\u00bb4.16&#8243; background_color=\u00bbrgba(126,190,197,0)\u00bb background_image=\u00bbhttps:\/\/www.martue.com\/wp-content\/uploads\/skin\/index\/banneruno.jpg\u00bb button_on_hover=\u00bbon\u00bb global_colors_info=\u00bb{}\u00bb sticky_transition=\u00bbon\u00bb]<\/p>\n<p>&nbsp;<\/p>\n<p>&nbsp;<\/p>\n<p>&nbsp;<\/p>\n<p>&nbsp;<\/p>\n<p>&nbsp;<\/p>\n<p>&nbsp;<\/p>\n<p>[\/et_pb_slide][et_pb_slide use_bg_overlay=\u00bboff\u00bb use_text_overlay=\u00bboff\u00bb _builder_version=\u00bb4.16&#8243; background_image=\u00bbhttps:\/\/martue.com\/wp-content\/uploads\/2021\/01\/charlamos_castellano.00_00_32_11.Imagen-fija002-scaled.jpg\u00bb background_enable_image=\u00bbon\u00bb button_on_hover=\u00bbon\u00bb global_colors_info=\u00bb{}\u00bb sticky_transition=\u00bbon\u00bb][\/et_pb_slide][et_pb_slide use_bg_overlay=\u00bboff\u00bb use_text_overlay=\u00bboff\u00bb _builder_version=\u00bb4.16&#8243; background_image=\u00bbhttps:\/\/martue.com\/wp-content\/uploads\/2019\/11\/SYRAH_03-scaled.jpg\u00bb background_enable_image=\u00bbon\u00bb background_position=\u00bbcenter_right\u00bb button_on_hover=\u00bbon\u00bb global_colors_info=\u00bb{}\u00bb sticky_transition=\u00bbon\u00bb][\/et_pb_slide][et_pb_slide use_bg_overlay=\u00bboff\u00bb use_text_overlay=\u00bboff\u00bb _builder_version=\u00bb4.16&#8243; background_image=\u00bbhttps:\/\/martue.com\/wp-content\/uploads\/2021\/01\/bodega-martue-4.jpg\u00bb background_enable_image=\u00bbon\u00bb background_position=\u00bbtop_center\u00bb button_on_hover=\u00bbon\u00bb global_colors_info=\u00bb{}\u00bb sticky_transition=\u00bbon\u00bb][\/et_pb_slide][\/et_pb_slider][et_pb_text content_tablet=\u00bb<\/p>\n<p class=\"%22martue-category-text%22\" style=\"%22text-align:\" justify;%22><strong>The history was started by a man who had a dream and who had the capacity to gather illusions and to excite a region, Castilla La Mancha.<\/strong><\/p>\n<p class=\"%22martue-category-text%22\" style=\"%22text-align:\" justify;%22><strong>Mart\u00fae vineyards are located in La Guardia de Toledo. The estate Campo Martuela began to be planted in 1990, while El Casar estate was planted ten years later. It was not until 2000 when the quality of the grapes was good enough to elaborate a wine which still has the same optimum quality.<\/strong><\/p>\n<p class=\"%22martue-category-text%22\" style=\"%22text-align:\" justify;%22><strong>The winery, was completely built in 2002, just on time for the presentation of the first vintage wines: Mart\u00fae 2001. In 2009, Mart\u00fae obtained the appellation of DO Pago Campo de La Guardia. Being today one of the thirteen wineries with this prestigious qualification.<\/strong><\/p>\n<p class=\"%22martue-category-text%22\" style=\"%22text-align:\" justify;%22><strong>Mart\u00fae is set in an area without which It would not have been posible to reach this dream, the vineyards. \nOur star is our people, who is part of a group with a specific philosophy of dedication, hard working, care and illusion. And this is the only possible way to elaborate a wine which expresses such a great feeling.<\/strong><\/p>\n<p class=\"%22martue-category-text%22\" style=\"%22text-align:\" justify;%22><strong>Fausto Gonzalez waited patiently for more than a decade until the grapes reached an optimum level of quality, and then they could produce Mart\u00fae wine.\nIt is this constant quality along with the unbeatable relation price-quality, the keys for this increasing success. With this idea, Fausto and his family went on with their project with another winery, Bodegas Blanco Nieva.<\/strong><\/p>\n<p>\u00bb content_phone=\u00bb<\/p>\n<div class=\"%22col-md-12%22\" style=\"%22text-align:\" justify;%22>\n<p class=\"%22martue-category-text%22\"><strong>The history was started by a man who had a dream and who had the capacity to gather illusions and to excite a region, Castilla La Mancha.<\/strong><\/p>\n<p class=\"%22martue-category-text%22\"><strong>Mart\u00fae vineyards are located in La Guardia de Toledo. The estate Campo Martuela began to be planted in 1990, while El Casar estate was planted ten years later. It was not until 2000 when the quality of the grapes was good enough to elaborate a wine which still has the same optimum quality.<\/strong><\/p>\n<p class=\"%22martue-category-text%22\"><strong>The winery, was completely built in 2002, just on time for the presentation of the first vintage wines: Mart\u00fae 2001. In 2009, Mart\u00fae obtained the appellation of DO Pago Campo de La Guardia. Being today one of the thirteen wineries with this prestigious qualification.<\/strong><\/p>\n<p class=\"%22martue-category-text%22\"><strong>Mart\u00fae is set in an area without which It would not have been posible to reach this dream, the vineyards. \nOur star is our people, who is part of a group with a specific philosophy of dedication, hard working, care and illusion. And this is the only possible way to elaborate a wine which expresses such a great feeling.<\/strong><\/p>\n<p class=\"%22martue-category-text%22\"><strong>Fausto Gonzalez waited patiently for more than a decade until the grapes reached an optimum level of quality, and then they could produce Mart\u00fae wine.\nIt is this constant quality along with the unbeatable relation price-quality, the keys for this increasing success. With this idea, Fausto and his family went on with their project with another winery, Bodegas Blanco Nieva.<\/strong><\/p>\n<\/div>\n<p>\u00bb content_last_edited=\u00bbon|tablet\u00bb _builder_version=\u00bb4.16&#8243; text_font_size=\u00bb19px\u00bb custom_margin=\u00bb3%|8%|3%|8%|false|true\u00bb text_font_size_tablet=\u00bb\u00bb text_font_size_phone=\u00bb14px\u00bb text_font_size_last_edited=\u00bbon|phone\u00bb global_colors_info=\u00bb{}\u00bb]<\/p>\n<div class=\"col-md-12\" style=\"text-align: justify;\">\n<p class=\"martue-category-text\">The history was started by a man who had a dream and who had the capacity to gather illusions and to excite a region, Castilla La Mancha.<\/p>\n<p class=\"martue-category-text\">Mart\u00fae vineyards are located in La Guardia de Toledo. The estate Campo Martuela began to be planted in 1990, while El Casar estate was planted ten years later. It was not until 2000 when the quality of the grapes was good enough to elaborate a wine which still has the same optimum quality.<\/p>\n<p class=\"martue-category-text\">The winery, was completely built in 2002, just on time for the presentation of the first vintage wines: Mart\u00fae 2001. In 2009, Mart\u00fae obtained the appellation of DO Pago Campo de La Guardia. Being today one of the thirteen wineries with this prestigious qualification.<\/p>\n<p class=\"martue-category-text\">Mart\u00fae is set in an area without which It would not have been posible to reach this dream, the vineyards. \nOur star is our people, who is part of a group with a specific philosophy of dedication, hard working, care and illusion. And this is the only possible way to elaborate a wine which expresses such a great feeling.<\/p>\n<p class=\"martue-category-text\">Fausto Gonzalez waited patiently for more than a decade until the grapes reached an optimum level of quality, and then they could produce Mart\u00fae wine.\nIt is this constant quality along with the unbeatable relation price-quality, the keys for this increasing success. With this idea, Fausto and his family went on with their project with another winery, Bodegas Blanco Nieva.<\/p>\n<\/div>\n<p>[\/et_pb_text][et_pb_text _builder_version=\u00bb4.16&#8243; text_font=\u00bb||||||||\u00bb header_font=\u00bb||||||||\u00bb text_orientation=\u00bbcenter\u00bb global_colors_info=\u00bb{}\u00bb]<\/p>\n<div class=\"ma-upsellslider-title\">\n<h2>You may also be interested<\/h2>\n<\/p><\/div>\n<p>[\/et_pb_text][\/et_pb_column][\/et_pb_row][et_pb_row column_structure=\u00bb1_3,1_3,1_3&#8243; make_equal=\u00bbon\u00bb module_class=\u00bb et_pb_row_fullwidth\u00bb _builder_version=\u00bb4.16&#8243; background_color=\u00bb#ffffff\u00bb width=\u00bb89%\u00bb width_tablet=\u00bb80%\u00bb width_phone=\u00bb\u00bb width_last_edited=\u00bbon|desktop\u00bb max_width=\u00bb89%\u00bb max_width_tablet=\u00bb80%\u00bb max_width_phone=\u00bb\u00bb max_width_last_edited=\u00bbon|desktop\u00bb make_fullwidth=\u00bbon\u00bb global_colors_info=\u00bb{}\u00bb][et_pb_column type=\u00bb1_3&#8243; _builder_version=\u00bb4.16&#8243; custom_padding=\u00bb|||\u00bb global_colors_info=\u00bb{}\u00bb custom_padding__hover=\u00bb|||\u00bb][et_pb_blurb title=\u00bbLa finca\u00bb image=\u00bbhttps:\/\/www.martue.com\/wp-content\/uploads\/2018\/11\/martue-2.jpg\u00bb content_max_width=\u00bb391px\u00bb content_tablet=\u00bb<\/p>\n<p><span><strong>El concepto de Pago aplicado al vino se refiere a un vi\u00f1edo situado en un enclave especial, con suelos singulares y un clima privilegiado que imprime al vino unas cualidades \u00fanicas. Solo quince bodegas en Espa\u00f1a tienen este reconocimiento y Mart\u00fae tiene 81 hectareas que lo merecen.<\/strong><\/span><\/p>\n<p>\u00a0<\/p>\n<p>\u00bb content_phone=\u00bb<\/p>\n<p><span style=\"%22color:\" #000000;%22><strong>El concepto de Pago aplicado al vino se refiere a un vi\u00f1edo situado en un enclave especial, con suelos singulares y un clima privilegiado que imprime al vino unas cualidades \u00fanicas. Solo quince bodegas en Espa\u00f1a tienen este reconocimiento y Mart\u00fae tiene 81 hectareas que lo merecen.<\/strong><\/span><\/p>\n<p>\u00a0<\/p>\n<p>\u00bb content_last_edited=\u00bbon|tablet\u00bb _builder_version=\u00bb4.16&#8243; header_level=\u00bbh3&#8243; header_font=\u00bb|700||on|||||\u00bb header_text_align=\u00bbcenter\u00bb header_font_size=\u00bb20px\u00bb text_orientation=\u00bbcenter\u00bb custom_margin=\u00bb||||false|false\u00bb body_font_size_tablet=\u00bb\u00bb body_font_size_phone=\u00bb14px\u00bb body_font_size_last_edited=\u00bbon|phone\u00bb global_colors_info=\u00bb{}\u00bb]<\/p>\n<p><span style=\"color: #2b2b2b;\">The DO PAGO concept applied to wine refers to a vineyard located in a special enclave, with unique soils and a privileged climate that gives the wine unique qualities. Only twenty wineries in Spain have this recognition and Martue has 81 hectares that deserve it.<\/span><\/p>\n<p>&nbsp;<\/p>\n<p>[\/et_pb_blurb][et_pb_button button_url=\u00bbhttps:\/\/www.martue.com\/la-finca\/\u00bb button_text=\u00bbSaber m\u00e1s\u00bb button_alignment=\u00bbcenter\u00bb _builder_version=\u00bb4.16&#8243; custom_button=\u00bbon\u00bb button_text_color=\u00bb#ffffff\u00bb button_bg_color=\u00bb#be0216&#8243; button_font=\u00bb||||||||\u00bb custom_margin=\u00bb||10px||false|false\u00bb custom_padding=\u00bb||||false|false\u00bb global_colors_info=\u00bb{}\u00bb][\/et_pb_button][\/et_pb_column][et_pb_column type=\u00bb1_3&#8243; _builder_version=\u00bb4.16&#8243; custom_padding=\u00bb|||\u00bb global_colors_info=\u00bb{}\u00bb custom_padding__hover=\u00bb|||\u00bb][et_pb_blurb title=\u00bbLa bodega\u00bb image=\u00bbhttps:\/\/martue.com\/wp-content\/uploads\/2022\/03\/martue-la-idea.jpg\u00bb content_max_width=\u00bb434px\u00bb content_tablet=\u00bb<\/p>\n<p><strong><span>The winery, was completely built in 2002, just on time for the presentation of the first vintage wines: Mart\u00fae 2001. It has 2700 m\u00b2 and the most modern technology, with 15.000 and 20.000 litres capacity stainless steel tanks. Mart\u00fae also has its own bottling machine.<\/span><\/strong><\/p>\n<p>\u00a0<\/p>\n<p>\u00bb content_phone=\u00bb<\/p>\n<p><strong><span style=\"%22color:\" #000000;%22>The winery, was completely built in 2002, just on time for the presentation of the first vintage wines: Mart\u00fae 2001. It has 2700 m\u00b2 and the most modern technology, with 15.000 and 20.000 litres capacity stainless steel tanks. Mart\u00fae also has its own bottling machine.<\/span><\/strong><\/p>\n<\/p>\n<p>\u00bb content_last_edited=\u00bbon|tablet\u00bb _builder_version=\u00bb4.16&#8243; header_level=\u00bbh3&#8243; header_font=\u00bb|700||on|||||\u00bb header_text_align=\u00bbcenter\u00bb text_orientation=\u00bbcenter\u00bb custom_margin=\u00bb||||false|false\u00bb body_font_size_tablet=\u00bb\u00bb body_font_size_phone=\u00bb14px\u00bb body_font_size_last_edited=\u00bbon|phone\u00bb global_colors_info=\u00bb{}\u00bb]<\/p>\n<p><span style=\"color: #2b2b2b;\">The winery, was completely built in 2002, just on time for the presentation of the first vintage wines: Mart\u00fae 2001. It has 2700 m\u00b2 and the most modern technology, with 15.000 and 20.000 litres capacity stainless steel tanks. Mart\u00fae also has its own bottling machine.<\/span><\/p>\n<p>&nbsp;<\/p>\n<p>[\/et_pb_blurb][et_pb_button button_url=\u00bbhttps:\/\/www.martue.com\/la-bodega\/\u00bb button_text=\u00bbSaber m\u00e1s\u00bb button_alignment=\u00bbcenter\u00bb _builder_version=\u00bb4.16&#8243; custom_button=\u00bbon\u00bb button_text_color=\u00bb#ffffff\u00bb button_bg_color=\u00bb#be0216&#8243; button_font=\u00bb||||||||\u00bb custom_margin=\u00bb||10px||false|false\u00bb global_colors_info=\u00bb{}\u00bb][\/et_pb_button][\/et_pb_column][et_pb_column type=\u00bb1_3&#8243; _builder_version=\u00bb4.16&#8243; custom_padding=\u00bb|||\u00bb global_colors_info=\u00bb{}\u00bb custom_padding__hover=\u00bb|||\u00bb][et_pb_blurb title=\u00bbLos vinos\u00bb image=\u00bbhttps:\/\/martue.com\/wp-content\/uploads\/2022\/03\/martue-3.jpg\u00bb content_max_width=\u00bb462px\u00bb content_tablet=\u00bb<\/p>\n<p><strong>Mart\u00fae Especial is an exceptional wine which is produced with the finest quality grapes each vintage, limited production. Mart\u00fae Syrah expresses the qualities of this variety in a 100%. Finally, Mart\u00fae Chardonnay is an exclusive white wine that transmits all the elegance of the grape and the freshness. An exceptional wine.<\/strong><\/p>\n<p><strong><\/strong><\/p>\n<p>\u00a0<\/p>\n<p>\u00bb content_phone=\u00bb<\/p>\n<p><span style=\"%22color:\" #000000;%22><strong>Mart\u00fae es la estrella de nuestro Pago, con una calidad y precio imbatibles, Mart\u00fae Especial un vino sublime producido con las uvas de m\u00e1s alta calidad seleccionadas en cada cosecha, producci\u00f3n limitada, nuestro Mart\u00fae Syrah, que transmite todas las cualidades de la uva Syrah en estado puro.<\/strong><\/span><\/p>\n<\/p>\n<p>\u00bb content_last_edited=\u00bbon|tablet\u00bb _builder_version=\u00bb4.16&#8243; header_font=\u00bb|700||on|||||\u00bb header_text_align=\u00bbcenter\u00bb text_orientation=\u00bbcenter\u00bb custom_margin=\u00bb||||false|false\u00bb body_font_size_tablet=\u00bb\u00bb body_font_size_phone=\u00bb14px\u00bb body_font_size_last_edited=\u00bbon|phone\u00bb global_colors_info=\u00bb{}\u00bb]<\/p>\n<p><span style=\"color: #2b2b2b;\">Mart\u00fae Especial is an exceptional wine which is produced with the finest quality grapes each vintage, limited production. Mart\u00fae Syrah expresses the qualities of this variety in a 100%. Finally, Mart\u00fae Chardonnay is an exclusive white wine that transmits all the elegance of the grape and the freshness. An exceptional wine.<\/span><\/p>\n<p>&nbsp;<\/p>\n<p>[\/et_pb_blurb][et_pb_button button_url=\u00bbhttps:\/\/martue.com\/vinos\/\u00bb button_text=\u00bbSaber m\u00e1s\u00bb button_alignment=\u00bbcenter\u00bb _builder_version=\u00bb4.16&#8243; custom_button=\u00bbon\u00bb button_text_color=\u00bb#ffffff\u00bb button_bg_color=\u00bb#be0216&#8243; button_font=\u00bb||||||||\u00bb custom_margin=\u00bb||10px||false|false\u00bb global_colors_info=\u00bb{}\u00bb][\/et_pb_button][\/et_pb_column][\/et_pb_row][\/et_pb_section]<\/p>","protected":false},"excerpt":{"rendered":"<p>&nbsp;&nbsp;&nbsp;&nbsp;&nbsp;&nbsp; La historia nace de la mano de Fausto Gonz\u00e1lez, un hombre con un sue\u00f1o y con una capacidad: aunar ilusiones y juntar un grupo de personas capaces de conmocionar una regi\u00f3n, Castilla-La Mancha. Los vi\u00f1edos de Mart\u00fae est\u00e1n localizados en La Guardia de Toledo. La Finca Campo Martuela comenz\u00f3 a plantarse en 1990, mientras [&hellip;]<\/p>","protected":false},"author":398,"featured_media":0,"parent":0,"menu_order":0,"comment_status":"closed","ping_status":"closed","template":"","meta":{"_et_pb_use_builder":"on","_et_pb_old_content":"<!-- wp:divi\/placeholder \/-->","_et_gb_content_width":"","om_disable_all_campaigns":false,"_joinchat":[],"footnotes":""},"class_list":["post-264","page","type-page","status-publish","hentry"],"yoast_head":"<!-- This site is optimized with the Yoast SEO plugin v24.1 - https:\/\/yoast.com\/wordpress\/plugins\/seo\/ -->\n<title>Mart\u00fae - Bodegas Mart\u00fae - Pago Campo de la Guardia<\/title>\n<meta name=\"robots\" content=\"index, follow, max-snippet:-1, max-image-preview:large, max-video-preview:-1\" \/>\n<link rel=\"canonical\" href=\"https:\/\/martue.com\/en\/martuehistoria\/\" \/>\n<meta property=\"og:locale\" content=\"en_GB\" \/>\n<meta property=\"og:type\" content=\"article\" \/>\n<meta property=\"og:title\" content=\"Mart\u00fae - Bodegas Mart\u00fae - Pago Campo de la Guardia\" \/>\n<meta property=\"og:description\" content=\"&nbsp;&nbsp;&nbsp;&nbsp;&nbsp;&nbsp; La historia nace de la mano de Fausto Gonz\u00e1lez, un hombre con un sue\u00f1o y con una capacidad: aunar ilusiones y juntar un grupo de personas capaces de conmocionar una regi\u00f3n, Castilla-La Mancha. Los vi\u00f1edos de Mart\u00fae est\u00e1n localizados en La Guardia de Toledo. La Finca Campo Martuela comenz\u00f3 a plantarse en 1990, mientras [&hellip;]\" \/>\n<meta property=\"og:url\" content=\"https:\/\/martue.com\/en\/martuehistoria\/\" \/>\n<meta property=\"og:site_name\" content=\"Bodegas Mart\u00fae - Pago Campo de la Guardia\" \/>\n<meta property=\"article:modified_time\" content=\"2024-02-02T10:37:47+00:00\" \/>\n<meta name=\"twitter:card\" content=\"summary_large_image\" \/>\n<meta name=\"twitter:label1\" content=\"Estimated reading time\" \/>\n\t<meta name=\"twitter:data1\" content=\"8 minutes\" \/>\n<script type=\"application\/ld+json\" class=\"yoast-schema-graph\">{\"@context\":\"https:\/\/schema.org\",\"@graph\":[{\"@type\":\"WebPage\",\"@id\":\"https:\/\/martue.com\/martuehistoria\/\",\"url\":\"https:\/\/martue.com\/martuehistoria\/\",\"name\":\"Mart\u00fae - Bodegas Mart\u00fae - Pago Campo de la Guardia\",\"isPartOf\":{\"@id\":\"https:\/\/martue.com\/#website\"},\"datePublished\":\"2019-02-06T16:22:54+00:00\",\"dateModified\":\"2024-02-02T10:37:47+00:00\",\"breadcrumb\":{\"@id\":\"https:\/\/martue.com\/martuehistoria\/#breadcrumb\"},\"inLanguage\":\"en-GB\",\"potentialAction\":[{\"@type\":\"ReadAction\",\"target\":[\"https:\/\/martue.com\/martuehistoria\/\"]}]},{\"@type\":\"BreadcrumbList\",\"@id\":\"https:\/\/martue.com\/martuehistoria\/#breadcrumb\",\"itemListElement\":[{\"@type\":\"ListItem\",\"position\":1,\"name\":\"Portada\",\"item\":\"https:\/\/martue.com\/\"},{\"@type\":\"ListItem\",\"position\":2,\"name\":\"Mart\u00fae\"}]},{\"@type\":\"WebSite\",\"@id\":\"https:\/\/martue.com\/#website\",\"url\":\"https:\/\/martue.com\/\",\"name\":\"Bodegas Mart\u00fae - Pago Campo de la Guardia\",\"description\":\"VINO DE PAGO CAMPO DE LA GUARDIA Es la m\u00e1xima calificaci\u00f3n que contempla la legislaci\u00f3n espa\u00f1ola en materia vitivin\u00edcola, por encima de la Denominaci\u00f3n de Origen.\",\"potentialAction\":[{\"@type\":\"SearchAction\",\"target\":{\"@type\":\"EntryPoint\",\"urlTemplate\":\"https:\/\/martue.com\/?s={search_term_string}\"},\"query-input\":{\"@type\":\"PropertyValueSpecification\",\"valueRequired\":true,\"valueName\":\"search_term_string\"}}],\"inLanguage\":\"en-GB\"}]}<\/script>\n<!-- \/ Yoast SEO plugin. -->","yoast_head_json":{"title":"Mart\u00fae - Bodegas Mart\u00fae - Pago Campo de la Guardia","robots":{"index":"index","follow":"follow","max-snippet":"max-snippet:-1","max-image-preview":"max-image-preview:large","max-video-preview":"max-video-preview:-1"},"canonical":"https:\/\/martue.com\/en\/martuehistoria\/","og_locale":"en_GB","og_type":"article","og_title":"Mart\u00fae - Bodegas Mart\u00fae - Pago Campo de la Guardia","og_description":"&nbsp;&nbsp;&nbsp;&nbsp;&nbsp;&nbsp; La historia nace de la mano de Fausto Gonz\u00e1lez, un hombre con un sue\u00f1o y con una capacidad: aunar ilusiones y juntar un grupo de personas capaces de conmocionar una regi\u00f3n, Castilla-La Mancha. Los vi\u00f1edos de Mart\u00fae est\u00e1n localizados en La Guardia de Toledo. La Finca Campo Martuela comenz\u00f3 a plantarse en 1990, mientras [&hellip;]","og_url":"https:\/\/martue.com\/en\/martuehistoria\/","og_site_name":"Bodegas Mart\u00fae - Pago Campo de la Guardia","article_modified_time":"2024-02-02T10:37:47+00:00","twitter_card":"summary_large_image","twitter_misc":{"Estimated reading time":"8 minutes"},"schema":{"@context":"https:\/\/schema.org","@graph":[{"@type":"WebPage","@id":"https:\/\/martue.com\/martuehistoria\/","url":"https:\/\/martue.com\/martuehistoria\/","name":"Mart\u00fae - Bodegas Mart\u00fae - Pago Campo de la Guardia","isPartOf":{"@id":"https:\/\/martue.com\/#website"},"datePublished":"2019-02-06T16:22:54+00:00","dateModified":"2024-02-02T10:37:47+00:00","breadcrumb":{"@id":"https:\/\/martue.com\/martuehistoria\/#breadcrumb"},"inLanguage":"en-GB","potentialAction":[{"@type":"ReadAction","target":["https:\/\/martue.com\/martuehistoria\/"]}]},{"@type":"BreadcrumbList","@id":"https:\/\/martue.com\/martuehistoria\/#breadcrumb","itemListElement":[{"@type":"ListItem","position":1,"name":"Portada","item":"https:\/\/martue.com\/"},{"@type":"ListItem","position":2,"name":"Mart\u00fae"}]},{"@type":"WebSite","@id":"https:\/\/martue.com\/#website","url":"https:\/\/martue.com\/","name":"Bodegas Mart\u00fae - Pago Campo de la Guardia","description":"VINO DE PAGO CAMPO DE LA GUARDIA Es la m\u00e1xima calificaci\u00f3n que contempla la legislaci\u00f3n espa\u00f1ola en materia vitivin\u00edcola, por encima de la Denominaci\u00f3n de Origen.","potentialAction":[{"@type":"SearchAction","target":{"@type":"EntryPoint","urlTemplate":"https:\/\/martue.com\/?s={search_term_string}"},"query-input":{"@type":"PropertyValueSpecification","valueRequired":true,"valueName":"search_term_string"}}],"inLanguage":"en-GB"}]}},"_links":{"self":[{"href":"https:\/\/martue.com\/en\/wp-json\/wp\/v2\/pages\/264","targetHints":{"allow":["GET"]}}],"collection":[{"href":"https:\/\/martue.com\/en\/wp-json\/wp\/v2\/pages"}],"about":[{"href":"https:\/\/martue.com\/en\/wp-json\/wp\/v2\/types\/page"}],"author":[{"embeddable":true,"href":"https:\/\/martue.com\/en\/wp-json\/wp\/v2\/users\/398"}],"replies":[{"embeddable":true,"href":"https:\/\/martue.com\/en\/wp-json\/wp\/v2\/comments?post=264"}],"version-history":[{"count":1,"href":"https:\/\/martue.com\/en\/wp-json\/wp\/v2\/pages\/264\/revisions"}],"predecessor-version":[{"id":15775,"href":"https:\/\/martue.com\/en\/wp-json\/wp\/v2\/pages\/264\/revisions\/15775"}],"wp:attachment":[{"href":"https:\/\/martue.com\/en\/wp-json\/wp\/v2\/media?parent=264"}],"curies":[{"name":"wp","href":"https:\/\/api.w.org\/{rel}","templated":true}]}}