{"id":265,"date":"2019-02-06T17:22:50","date_gmt":"2019-02-06T16:22:50","guid":{"rendered":"http:\/\/s772331608.mialojamiento.es\/wordpress\/?page_id=265"},"modified":"2022-03-16T19:27:59","modified_gmt":"2022-03-16T18:27:59","slug":"nieva","status":"publish","type":"page","link":"https:\/\/martue.com\/en\/nieva\/","title":{"rendered":"Nieva"},"content":{"rendered":"<p>[et_pb_section fb_built=\u00bb1&#8243; _builder_version=\u00bb3.22&#8243; custom_margin=\u00bb-10%||0px\u00bb custom_padding=\u00bb12px||0px||false|false\u00bb][et_pb_row module_class=\u00bb et_pb_row_fullwidth\u00bb _builder_version=\u00bb3.25&#8243; background_size=\u00bbinitial\u00bb background_position=\u00bbtop_left\u00bb background_repeat=\u00bbrepeat\u00bb width_tablet=\u00bb100%\u00bb width_phone=\u00bb\u00bb width_last_edited=\u00bbon|desktop\u00bb max_width=\u00bb100%\u00bb max_width_tablet=\u00bb100%\u00bb max_width_phone=\u00bb\u00bb max_width_last_edited=\u00bbon|desktop\u00bb make_fullwidth=\u00bbon\u00bb][et_pb_column type=\u00bb4_4&#8243; _builder_version=\u00bb3.25&#8243; custom_padding=\u00bb|||\u00bb custom_padding__hover=\u00bb|||\u00bb][et_pb_slider _builder_version=\u00bb4.5.8&#8243; body_font=\u00bb||||||||\u00bb height=\u00bbauto\u00bb height_tablet=\u00bb\u00bb height_phone=\u00bb450px\u00bb height_last_edited=\u00bbon|phone\u00bb custom_margin=\u00bb-45px||\u00bb custom_margin_tablet=\u00bb\u00bb custom_margin_phone=\u00bb-80px||||false|false\u00bb custom_margin_last_edited=\u00bbon|phone\u00bb custom_padding=\u00bb180px||||false|false\u00bb][et_pb_slide use_bg_overlay=\u00bboff\u00bb use_text_overlay=\u00bboff\u00bb _builder_version=\u00bb4.5.8&#8243; header_font=\u00bb||||||||\u00bb body_font=\u00bb||||||||\u00bb background_color=\u00bbrgba(126,190,197,0)\u00bb background_image=\u00bbhttps:\/\/martue.com\/wp-content\/uploads\/2021\/01\/IMG_4404-scaled.jpg\u00bb background_enable_image=\u00bbon\u00bb button_on_hover=\u00bbon\u00bb background_last_edited=\u00bbon|phone\u00bb background_position_phone=\u00bbbottom_left\u00bb]<\/p>\n<p>&nbsp;<\/p>\n<p>&nbsp;<\/p>\n<p>&nbsp;<\/p>\n<p>&nbsp;<\/p>\n<p>&nbsp;<\/p>\n<p>&nbsp;<\/p>\n<p>[\/et_pb_slide][et_pb_slide use_bg_overlay=\u00bboff\u00bb use_text_overlay=\u00bboff\u00bb _builder_version=\u00bb4.5.8&#8243; background_image=\u00bbhttps:\/\/martue.com\/wp-content\/uploads\/2021\/01\/NIeva-2012-0354-scaled.jpg\u00bb background_enable_image=\u00bbon\u00bb button_on_hover=\u00bbon\u00bb][\/et_pb_slide][et_pb_slide use_bg_overlay=\u00bboff\u00bb use_text_overlay=\u00bboff\u00bb _builder_version=\u00bb3.17.6&#8243; background_image=\u00bbhttps:\/\/www.martue.com\/wp-content\/uploads\/skin\/pages\/slider\/nieva\/nieva-bodegon.jpg\u00bb button_on_hover=\u00bbon\u00bb][\/et_pb_slide][et_pb_slide use_bg_overlay=\u00bboff\u00bb use_text_overlay=\u00bboff\u00bb _builder_version=\u00bb3.17.6&#8243; background_image=\u00bbhttps:\/\/www.martue.com\/wp-content\/uploads\/skin\/pages\/slider\/nieva\/nieva-slide-9.jpg\u00bb button_on_hover=\u00bbon\u00bb][\/et_pb_slide][\/et_pb_slider][et_pb_text content_tablet=\u00bb<\/p>\n<div class=\"%22col-md-12%22\">\n<div class=\"%22col-md-12%22\">\n<p class=\"%22martue-category-text%22\" style=\"%22text-align:\" justify;%22><strong>The location of the vineyards in Nieva belongs to the 12th century, when the commercialization of the wines started with the peak of Los Cartujos monastery. The maximum production of grapes took place in 19th century. Our wines are situated in the high quality level of Denomination of Origin Rueda. We just work with the finest grape varieties admitted in Rueda: Verdejo and Sauvignon Blanc.<\/strong><\/p>\n<p class=\"%22martue-category-text%22\" style=\"%22text-align:\" justify;%22><strong>Vi\u00f1edos de Nieva was founded in 1989 as a project trying to revive the vinegrowing tradition that existed in this region. After 20 years working and step by step, in 2009, Bodegas MART\u00daE joins this company to enforce the image and sales of this emblematic winery.<\/strong><\/p>\n<p class=\"%22martue-category-text%22\" style=\"%22text-align:\" justify;%22><strong>Vi\u00f1edos de Nieva, located close to the city of Segovia, has a unique terroir which produces wines of an exceptional quality, freshness, complexity and elegance.\n\nWith the goal of finding exclusive areas to produce the finest wines, Fausto Gonzalez traveled around Segovia looking for the best white wine. And it is just after knowing Nieva when he got convinced about the exceptionality of its wines. In 2009 Mart\u00fae members arrived to Vi\u00f1edos de Nieva, to elaborate Rueda wines keeping Mart\u00fae\u00b4s philosophy, not big productions with the highest quality and the best prices.<\/strong><\/p>\n<p class=\"%22martue-category-text%22\" style=\"%22text-align:\" justify;%22><strong>Fausto Gonzalez waited patiently for more than a decade until the grapes reached the perfect quality level, and then they were able to produce Mart\u00fae wines. It is this constant quality and the unbeatable relation price\/quality the keys of the success of this familiar winery.\nWith this philosophy, Fausto and his family went on with another two wineries: Vi\u00f1edos de Nieva and Seis Quintas Mart\u00fae. None of this achievements would have been possible without the knowledge and effort of every member of Mart\u00fae Family, all of them responsible of the birth and growth of the three wineries.<\/strong><\/p>\n<\/div>\n<\/div>\n<p>\u00bb content_phone=\u00bb<\/p>\n<p class=\"%22martue-category-text%22\" style=\"%22text-align:\" justify;%22><strong>The location of the vineyards in Nieva belongs to the 12th century, when the commercialization of the wines started with the peak of Los Cartujos monastery. The maximum production of grapes took place in 19th century. Our wines are situated in the high quality level of Denomination of Origin Rueda. We just work with the finest grape varieties admitted in Rueda: Verdejo and Sauvignon Blanc.<\/strong><\/p>\n<p class=\"%22martue-category-text%22\" style=\"%22text-align:\" justify;%22><strong>Vi\u00f1edos de Nieva was founded in 1989 as a project trying to revive the vinegrowing tradition that existed in this region. After 20 years working and step by step, in 2009, Bodegas MART\u00daE joins this company to enforce the image and sales of this emblematic winery.<\/strong><\/p>\n<p class=\"%22martue-category-text%22\" style=\"%22text-align:\" justify;%22><strong>Vi\u00f1edos de Nieva, located close to the city of Segovia, has a unique terroir which produces wines of an exceptional quality, freshness, complexity and elegance.\n\nWith the goal of finding exclusive areas to produce the finest wines, Fausto Gonzalez traveled around Segovia looking for the best white wine. And it is just after knowing Nieva when he got convinced about the exceptionality of its wines. In 2009 Mart\u00fae members arrived to Vi\u00f1edos de Nieva, to elaborate Rueda wines keeping Mart\u00fae\u00b4s philosophy, not big productions with the highest quality and the best prices.<\/strong><\/p>\n<p class=\"%22martue-category-text%22\" style=\"%22text-align:\" justify;%22><strong>Fausto Gonzalez waited patiently for more than a decade until the grapes reached the perfect quality level, and then they were able to produce Mart\u00fae wines. It is this constant quality and the unbeatable relation price\/quality the keys of the success of this familiar winery.\nWith this philosophy, Fausto and his family went on with another two wineries: Vi\u00f1edos de Nieva and Seis Quintas Mart\u00fae. None of this achievements would have been possible without the knowledge and effort of every member of Mart\u00fae Family, all of them responsible of the birth and growth of the three wineries.<\/strong><\/p>\n<p>\u00bb content_last_edited=\u00bbon|desktop\u00bb _builder_version=\u00bb4.5.8&#8243; text_font_size=\u00bb19px\u00bb custom_padding=\u00bb3%|8%|3%|8%|true|true\u00bb text_font_size_tablet=\u00bb\u00bb text_font_size_phone=\u00bb14px\u00bb text_font_size_last_edited=\u00bbon|phone\u00bb]<\/p>\n<div class=\"col-md-12\">\n<div class=\"col-md-12\">\n<p class=\"martue-category-text\" style=\"text-align: justify;\">The location of the vineyards in Nieva belongs to the 12th century, when the commercialization of the wines started with the peak of Los Cartujos monastery. The maximum production of grapes took place in 19th century. Our wines are situated in the high quality level of Denomination of Origin Rueda. We just work with the finest grape varieties admitted in Rueda: Verdejo and Sauvignon Blanc.<\/p>\n<p class=\"martue-category-text\" style=\"text-align: justify;\">Vi\u00f1edos de Nieva was founded in 1989 as a project trying to revive the vinegrowing tradition that existed in this region. After 20 years working and step by step, in 2009, Bodegas MART\u00daE joins this company to enforce the image and sales of this emblematic winery.<\/p>\n<p class=\"martue-category-text\" style=\"text-align: justify;\">Vi\u00f1edos de Nieva, located close to the city of Segovia, has a unique terroir which produces wines of an exceptional quality, freshness, complexity and elegance.\n\nWith the goal of finding exclusive areas to produce the finest wines, Fausto Gonzalez traveled around Segovia looking for the best white wine. And it is just after knowing Nieva when he got convinced about the exceptionality of its wines. In 2009 Mart\u00fae members arrived to Vi\u00f1edos de Nieva, to elaborate Rueda wines keeping Mart\u00fae\u00b4s philosophy, not big productions with the highest quality and the best prices.<\/p>\n<p class=\"martue-category-text\" style=\"text-align: justify;\">Fausto Gonzalez waited patiently for more than a decade until the grapes reached the perfect quality level, and then they were able to produce Mart\u00fae wines. It is this constant quality and the unbeatable relation price\/quality the keys of the success of this familiar winery.\nWith this philosophy, Fausto and his family went on with another two wineries: Vi\u00f1edos de Nieva and Seis Quintas Mart\u00fae. None of this achievements would have been possible without the knowledge and effort of every member of Mart\u00fae Family, all of them responsible of the birth and growth of the three wineries.<\/p>\n<\/div>\n<\/div>\n<p>[\/et_pb_text][et_pb_text _builder_version=\u00bb3.27.4&#8243; text_orientation=\u00bbcenter\u00bb]<\/p>\n<div class=\"ma-upsellslider-title\">\n<h2>You may also be interested<\/h2>\n<\/div>\n<p>[\/et_pb_text][\/et_pb_column][\/et_pb_row][et_pb_row column_structure=\u00bb1_3,1_3,1_3&#8243; make_equal=\u00bbon\u00bb module_class=\u00bb et_pb_row_fullwidth\u00bb _builder_version=\u00bb3.25&#8243; background_color=\u00bb#ffffff\u00bb width=\u00bb89%\u00bb width_tablet=\u00bb80%\u00bb width_phone=\u00bb\u00bb width_last_edited=\u00bbon|desktop\u00bb max_width=\u00bb89%\u00bb max_width_tablet=\u00bb80%\u00bb max_width_phone=\u00bb\u00bb max_width_last_edited=\u00bbon|desktop\u00bb custom_padding=\u00bb0|0px|27px|0px|false|false\u00bb make_fullwidth=\u00bbon\u00bb][et_pb_column type=\u00bb1_3&#8243; _builder_version=\u00bb3.25&#8243; custom_padding=\u00bb|||\u00bb custom_padding__hover=\u00bb|||\u00bb][et_pb_blurb title=\u00bbLa finca\u00bb image=\u00bbhttps:\/\/www.martue.com\/wp-content\/uploads\/skin\/pages\/grid\/nieva\/nieva\/nieva-la-finca.jpg\u00bb content_max_width=\u00bb450px\u00bb content_tablet=\u00bb<\/p>\n<p><strong>Blanco Nieva owns 60 hectares of vineyards, 54 hectares of Verdejo, of which 12 are of Pie Franco from vines over 100 years old, and 6 hectares of Sauvignon Blanc.<\/strong><\/p>\n<p>&nbsp;<\/p>\n<p>\u00bb content_phone=\u00bb<\/p>\n<p><strong>Blanco Nieva owns 60 hectares of vineyards, 54 hectares of Verdejo, of which 12 are of Pie Franco from vines over 100 years old, and 6 hectares of Sauvignon Blanc.<\/strong><\/p>\n<p><strong><\/strong><\/p>\n<p>\u00bb content_last_edited=\u00bbon|desktop\u00bb _builder_version=\u00bb4.5.8&#8243; header_font=\u00bb|700||on|||||\u00bb header_text_align=\u00bbcenter\u00bb body_text_align=\u00bbcenter\u00bb custom_margin=\u00bb||10px||false|false\u00bb hover_enabled=\u00bb0&#8243; body_font_size_tablet=\u00bb18px\u00bb body_font_size_phone=\u00bb14px\u00bb body_font_size_last_edited=\u00bbon|phone\u00bb]<\/p>\n<p>Blanco Nieva owns 60 hectares of vineyards, 54 hectares of Verdejo, of which 12 are of Pie Franco from vines over 100 years old, and 6 hectares of Sauvignon Blanc.<\/p>\n<p>&nbsp;<\/p>\n<p>[\/et_pb_blurb][et_pb_button button_url=\u00bbhttps:\/\/martue.com\/la-finca-nieva\/\u00bb button_text=\u00bbSaber m\u00e1s\u00bb button_alignment=\u00bbcenter\u00bb _builder_version=\u00bb4.5.8&#8243; custom_button=\u00bbon\u00bb button_text_color=\u00bb#ffffff\u00bb button_bg_color=\u00bb#be0216&#8243; custom_margin=\u00bb||10px||false|false\u00bb][\/et_pb_button][\/et_pb_column][et_pb_column type=\u00bb1_3&#8243; _builder_version=\u00bb3.25&#8243; custom_padding=\u00bb|||\u00bb custom_padding__hover=\u00bb|||\u00bb][et_pb_blurb title=\u00bbLa bodega\u00bb image=\u00bbhttps:\/\/martue.com\/wp-content\/uploads\/2022\/03\/bodnieva.jpg\u00bb content_max_width=\u00bb450px\u00bb content_tablet=\u00bb<\/p>\n<p><strong>La bodega reci\u00e9n remodelada est\u00e1 concebida para obtener la mayor expresion de nuestro terru\u00f1o en busca de la m\u00e1xima calidad de nuestras uvas Verdejo y Sauvignon  Blanc.<\/strong><\/p>\n<\/p>\n<p>\u00bb content_phone=\u00bb<\/p>\n<p><strong>La bodega reci\u00e9n remodelada est\u00e1 concebida para obtener la mayor expresion de nuestro terru\u00f1o en busca de la m\u00e1xima calidad de nuestras uvas Verdejo y Sauvignon  Blanc.<\/strong><\/p>\n<p>\u00bb content_last_edited=\u00bbon|phone\u00bb _builder_version=\u00bb4.5.8&#8243; header_font=\u00bb|700||on|||||\u00bb header_text_align=\u00bbcenter\u00bb body_text_align=\u00bbcenter\u00bb custom_margin=\u00bb||10px||false|false\u00bb body_font_size_tablet=\u00bb18px\u00bb body_font_size_phone=\u00bb14px\u00bb body_font_size_last_edited=\u00bbon|phone\u00bb]<\/p>\n<p>The newly remodeled winery is designed to obtain the greatest expression of our terroir in search of the highest quality of our Verdejo and Sauvignon Blanc grapes.<\/p>\n<p>&nbsp;<\/p>\n<p>[\/et_pb_blurb][et_pb_button button_url=\u00bbhttps:\/\/martue.com\/la-bodega-nieva\/\u00bb button_text=\u00bbSaber m\u00e1s\u00bb button_alignment=\u00bbcenter\u00bb _builder_version=\u00bb4.5.8&#8243; custom_button=\u00bbon\u00bb button_text_color=\u00bb#ffffff\u00bb button_bg_color=\u00bb#be0216&#8243; button_font=\u00bb||||||||\u00bb custom_margin=\u00bb||10px||false|false\u00bb][\/et_pb_button][\/et_pb_column][et_pb_column type=\u00bb1_3&#8243; _builder_version=\u00bb3.25&#8243; custom_padding=\u00bb|||\u00bb custom_padding__hover=\u00bb|||\u00bb][et_pb_blurb title=\u00bbLos vinos\u00bb image=\u00bbhttps:\/\/martue.com\/wp-content\/uploads\/2022\/03\/NIEVA4VINOS-4.jpg\u00bb content_max_width=\u00bb450px\u00bb content_tablet=\u00bb<\/p>\n<p><strong>Our wines have all the good things about Rueda in our Segovian estates, with higher altitudes and colder climates, with the unmistakable personality of Mart\u00fae.<\/strong><\/p>\n<p>\u00bb content_phone=\u00bb<\/p>\n<p><strong>Our wines have all the good things about Rueda in our Segovian estates, with higher altitudes and colder climates, with the unmistakable personality of Mart\u00fae.<\/strong><\/p>\n<p>\u00bb content_last_edited=\u00bbon|desktop\u00bb _builder_version=\u00bb4.5.8&#8243; header_font=\u00bb|700||on|||||\u00bb header_text_align=\u00bbcenter\u00bb body_text_align=\u00bbcenter\u00bb custom_margin=\u00bb||10px||false|false\u00bb body_font_size_tablet=\u00bb18px\u00bb body_font_size_phone=\u00bb14px\u00bb body_font_size_last_edited=\u00bbon|phone\u00bb]<\/p>\n<p>Our wines have all the good things about Rueda in our Segovian estates, with higher altitudes and colder climates, with the unmistakable personality of Mart\u00fae.<\/p>\n<p>&nbsp;<\/p>\n<p>[\/et_pb_blurb][et_pb_button button_url=\u00bbhttps:\/\/www.martue.com\/tienda\u00bb button_text=\u00bbSaber m\u00e1s\u00bb button_alignment=\u00bbcenter\u00bb _builder_version=\u00bb3.19.9&#8243; custom_button=\u00bbon\u00bb button_text_color=\u00bb#ffffff\u00bb button_bg_color=\u00bb#be0216&#8243; button_font=\u00bb||||||||\u00bb][\/et_pb_button][\/et_pb_column][\/et_pb_row][\/et_pb_section]<\/p>","protected":false},"excerpt":{"rendered":"<p>&nbsp;&nbsp;&nbsp;&nbsp;&nbsp;&nbsp; La ubicaci\u00f3n del vi\u00f1edo en la comarca de Nieva se remonta al siglo XII cuando comenz\u00f3 la comercializaci\u00f3n de sus vinos con el auge del monasterio de los Cartujos, llegando al m\u00e1ximo de producci\u00f3n de uva en el siglo XIX. Nuestros vinos se enmarcan en la gama alta de los caldos de Denominaci\u00f3n de [&hellip;]<\/p>","protected":false},"author":2,"featured_media":0,"parent":0,"menu_order":0,"comment_status":"closed","ping_status":"closed","template":"","meta":{"_et_pb_use_builder":"on","_et_pb_old_content":"<!-- wp:divi\/placeholder \/-->","_et_gb_content_width":"","om_disable_all_campaigns":false,"_joinchat":[],"footnotes":""},"class_list":["post-265","page","type-page","status-publish","hentry"],"yoast_head":"<!-- This site is optimized with the Yoast SEO plugin v24.1 - https:\/\/yoast.com\/wordpress\/plugins\/seo\/ -->\n<title>Nieva - Bodegas Mart\u00fae - Pago Campo de la Guardia<\/title>\n<meta name=\"robots\" content=\"index, follow, max-snippet:-1, max-image-preview:large, max-video-preview:-1\" \/>\n<link rel=\"canonical\" href=\"https:\/\/martue.com\/en\/nieva\/\" \/>\n<meta property=\"og:locale\" content=\"en_GB\" \/>\n<meta property=\"og:type\" content=\"article\" \/>\n<meta property=\"og:title\" content=\"Nieva - Bodegas Mart\u00fae - Pago Campo de la Guardia\" \/>\n<meta property=\"og:description\" content=\"&nbsp;&nbsp;&nbsp;&nbsp;&nbsp;&nbsp; La ubicaci\u00f3n del vi\u00f1edo en la comarca de Nieva se remonta al siglo XII cuando comenz\u00f3 la comercializaci\u00f3n de sus vinos con el auge del monasterio de los Cartujos, llegando al m\u00e1ximo de producci\u00f3n de uva en el siglo XIX. Nuestros vinos se enmarcan en la gama alta de los caldos de Denominaci\u00f3n de [&hellip;]\" \/>\n<meta property=\"og:url\" content=\"https:\/\/martue.com\/en\/nieva\/\" \/>\n<meta property=\"og:site_name\" content=\"Bodegas Mart\u00fae - Pago Campo de la Guardia\" \/>\n<meta property=\"article:modified_time\" content=\"2022-03-16T18:27:59+00:00\" \/>\n<meta name=\"twitter:card\" content=\"summary_large_image\" \/>\n<meta name=\"twitter:label1\" content=\"Estimated reading time\" \/>\n\t<meta name=\"twitter:data1\" content=\"9 minutes\" \/>\n<script type=\"application\/ld+json\" class=\"yoast-schema-graph\">{\"@context\":\"https:\/\/schema.org\",\"@graph\":[{\"@type\":\"WebPage\",\"@id\":\"https:\/\/martue.com\/nieva\/\",\"url\":\"https:\/\/martue.com\/nieva\/\",\"name\":\"Nieva - Bodegas Mart\u00fae - Pago Campo de la Guardia\",\"isPartOf\":{\"@id\":\"https:\/\/martue.com\/#website\"},\"datePublished\":\"2019-02-06T16:22:50+00:00\",\"dateModified\":\"2022-03-16T18:27:59+00:00\",\"breadcrumb\":{\"@id\":\"https:\/\/martue.com\/nieva\/#breadcrumb\"},\"inLanguage\":\"en-GB\",\"potentialAction\":[{\"@type\":\"ReadAction\",\"target\":[\"https:\/\/martue.com\/nieva\/\"]}]},{\"@type\":\"BreadcrumbList\",\"@id\":\"https:\/\/martue.com\/nieva\/#breadcrumb\",\"itemListElement\":[{\"@type\":\"ListItem\",\"position\":1,\"name\":\"Portada\",\"item\":\"https:\/\/martue.com\/\"},{\"@type\":\"ListItem\",\"position\":2,\"name\":\"Nieva\"}]},{\"@type\":\"WebSite\",\"@id\":\"https:\/\/martue.com\/#website\",\"url\":\"https:\/\/martue.com\/\",\"name\":\"Bodegas Mart\u00fae - Pago Campo de la Guardia\",\"description\":\"VINO DE PAGO CAMPO DE LA GUARDIA Es la m\u00e1xima calificaci\u00f3n que contempla la legislaci\u00f3n espa\u00f1ola en materia vitivin\u00edcola, por encima de la Denominaci\u00f3n de Origen.\",\"potentialAction\":[{\"@type\":\"SearchAction\",\"target\":{\"@type\":\"EntryPoint\",\"urlTemplate\":\"https:\/\/martue.com\/?s={search_term_string}\"},\"query-input\":{\"@type\":\"PropertyValueSpecification\",\"valueRequired\":true,\"valueName\":\"search_term_string\"}}],\"inLanguage\":\"en-GB\"}]}<\/script>\n<!-- \/ Yoast SEO plugin. -->","yoast_head_json":{"title":"Nieva - Bodegas Mart\u00fae - Pago Campo de la Guardia","robots":{"index":"index","follow":"follow","max-snippet":"max-snippet:-1","max-image-preview":"max-image-preview:large","max-video-preview":"max-video-preview:-1"},"canonical":"https:\/\/martue.com\/en\/nieva\/","og_locale":"en_GB","og_type":"article","og_title":"Nieva - Bodegas Mart\u00fae - Pago Campo de la Guardia","og_description":"&nbsp;&nbsp;&nbsp;&nbsp;&nbsp;&nbsp; La ubicaci\u00f3n del vi\u00f1edo en la comarca de Nieva se remonta al siglo XII cuando comenz\u00f3 la comercializaci\u00f3n de sus vinos con el auge del monasterio de los Cartujos, llegando al m\u00e1ximo de producci\u00f3n de uva en el siglo XIX. Nuestros vinos se enmarcan en la gama alta de los caldos de Denominaci\u00f3n de [&hellip;]","og_url":"https:\/\/martue.com\/en\/nieva\/","og_site_name":"Bodegas Mart\u00fae - Pago Campo de la Guardia","article_modified_time":"2022-03-16T18:27:59+00:00","twitter_card":"summary_large_image","twitter_misc":{"Estimated reading time":"9 minutes"},"schema":{"@context":"https:\/\/schema.org","@graph":[{"@type":"WebPage","@id":"https:\/\/martue.com\/nieva\/","url":"https:\/\/martue.com\/nieva\/","name":"Nieva - Bodegas Mart\u00fae - Pago Campo de la Guardia","isPartOf":{"@id":"https:\/\/martue.com\/#website"},"datePublished":"2019-02-06T16:22:50+00:00","dateModified":"2022-03-16T18:27:59+00:00","breadcrumb":{"@id":"https:\/\/martue.com\/nieva\/#breadcrumb"},"inLanguage":"en-GB","potentialAction":[{"@type":"ReadAction","target":["https:\/\/martue.com\/nieva\/"]}]},{"@type":"BreadcrumbList","@id":"https:\/\/martue.com\/nieva\/#breadcrumb","itemListElement":[{"@type":"ListItem","position":1,"name":"Portada","item":"https:\/\/martue.com\/"},{"@type":"ListItem","position":2,"name":"Nieva"}]},{"@type":"WebSite","@id":"https:\/\/martue.com\/#website","url":"https:\/\/martue.com\/","name":"Bodegas Mart\u00fae - Pago Campo de la Guardia","description":"VINO DE PAGO CAMPO DE LA GUARDIA Es la m\u00e1xima calificaci\u00f3n que contempla la legislaci\u00f3n espa\u00f1ola en materia vitivin\u00edcola, por encima de la Denominaci\u00f3n de Origen.","potentialAction":[{"@type":"SearchAction","target":{"@type":"EntryPoint","urlTemplate":"https:\/\/martue.com\/?s={search_term_string}"},"query-input":{"@type":"PropertyValueSpecification","valueRequired":true,"valueName":"search_term_string"}}],"inLanguage":"en-GB"}]}},"_links":{"self":[{"href":"https:\/\/martue.com\/en\/wp-json\/wp\/v2\/pages\/265","targetHints":{"allow":["GET"]}}],"collection":[{"href":"https:\/\/martue.com\/en\/wp-json\/wp\/v2\/pages"}],"about":[{"href":"https:\/\/martue.com\/en\/wp-json\/wp\/v2\/types\/page"}],"author":[{"embeddable":true,"href":"https:\/\/martue.com\/en\/wp-json\/wp\/v2\/users\/2"}],"replies":[{"embeddable":true,"href":"https:\/\/martue.com\/en\/wp-json\/wp\/v2\/comments?post=265"}],"version-history":[{"count":0,"href":"https:\/\/martue.com\/en\/wp-json\/wp\/v2\/pages\/265\/revisions"}],"wp:attachment":[{"href":"https:\/\/martue.com\/en\/wp-json\/wp\/v2\/media?parent=265"}],"curies":[{"name":"wp","href":"https:\/\/api.w.org\/{rel}","templated":true}]}}