{"id":296,"date":"2019-02-06T17:38:42","date_gmt":"2019-02-06T16:38:42","guid":{"rendered":"http:\/\/s772331608.mialojamiento.es\/wordpress\/?page_id=296"},"modified":"2022-03-14T17:42:42","modified_gmt":"2022-03-14T16:42:42","slug":"la-finca-nieva","status":"publish","type":"page","link":"https:\/\/martue.com\/en\/la-finca-nieva\/","title":{"rendered":"Our vineyards"},"content":{"rendered":"<p>[et_pb_section fb_built=\u00bb1&#8243; _builder_version=\u00bb3.22&#8243; custom_margin=\u00bb-10%||0px\u00bb custom_padding=\u00bb12px||0px||false|false\u00bb][et_pb_row module_class=\u00bb et_pb_row_fullwidth\u00bb _builder_version=\u00bb3.25&#8243; background_size=\u00bbinitial\u00bb background_position=\u00bbtop_left\u00bb background_repeat=\u00bbrepeat\u00bb width_tablet=\u00bb100%\u00bb width_phone=\u00bb\u00bb width_last_edited=\u00bbon|desktop\u00bb max_width=\u00bb100%\u00bb max_width_tablet=\u00bb100%\u00bb max_width_phone=\u00bb\u00bb max_width_last_edited=\u00bbon|desktop\u00bb custom_padding=\u00bb||\u00bb make_fullwidth=\u00bbon\u00bb][et_pb_column type=\u00bb4_4&#8243; _builder_version=\u00bb3.25&#8243; custom_padding=\u00bb|||\u00bb custom_padding__hover=\u00bb|||\u00bb][et_pb_slider _builder_version=\u00bb4.5.8&#8243; body_font=\u00bb||||||||\u00bb height=\u00bbauto\u00bb height_tablet=\u00bb\u00bb height_phone=\u00bb450px\u00bb height_last_edited=\u00bbon|phone\u00bb custom_margin=\u00bb-45px||\u00bb custom_margin_tablet=\u00bb\u00bb custom_margin_phone=\u00bb-80px||||false|false\u00bb custom_margin_last_edited=\u00bbon|phone\u00bb custom_padding=\u00bb180px||||false|false\u00bb hover_enabled=\u00bb0&#8243;][et_pb_slide use_bg_overlay=\u00bboff\u00bb use_text_overlay=\u00bboff\u00bb _builder_version=\u00bb3.17.6&#8243; header_font=\u00bb||||||||\u00bb body_font=\u00bb||||||||\u00bb background_color=\u00bbrgba(126,190,197,0)\u00bb background_image=\u00bbhttps:\/\/www.martue.com\/wp-content\/uploads\/skin\/pages\/slider\/nieva\/lafinca\/nieva-slide-4.jpg\u00bb button_on_hover=\u00bbon\u00bb]<\/p>\n<p>&nbsp;<\/p>\n<p>&nbsp;<\/p>\n<p>&nbsp;<\/p>\n<p>&nbsp;<\/p>\n<p>&nbsp;<\/p>\n<p>&nbsp;<\/p>\n<p>[\/et_pb_slide][et_pb_slide use_bg_overlay=\u00bboff\u00bb use_text_overlay=\u00bboff\u00bb _builder_version=\u00bb3.17.6&#8243; background_image=\u00bbhttps:\/\/www.martue.com\/wp-content\/uploads\/skin\/pages\/slider\/nieva\/lafinca\/nieva-slide-10.jpg\u00bb button_on_hover=\u00bbon\u00bb][\/et_pb_slide][et_pb_slide use_bg_overlay=\u00bboff\u00bb use_text_overlay=\u00bboff\u00bb _builder_version=\u00bb3.17.6&#8243; background_image=\u00bbhttps:\/\/www.martue.com\/wp-content\/uploads\/skin\/pages\/slider\/nieva\/lafinca\/nieva-slide-11.jpg\u00bb button_on_hover=\u00bbon\u00bb][\/et_pb_slide][et_pb_slide use_bg_overlay=\u00bboff\u00bb use_text_overlay=\u00bboff\u00bb _builder_version=\u00bb3.17.6&#8243; background_image=\u00bbhttps:\/\/www.martue.com\/wp-content\/uploads\/skin\/pages\/slider\/nieva\/lafinca\/nieva-hoja.jpg\u00bb button_on_hover=\u00bbon\u00bb][\/et_pb_slide][\/et_pb_slider][et_pb_text content_tablet=\u00bb<\/p>\n<div class=\"%22col-md-12%22\" style=\"%22text-align:\" justify;%22>\n<div class=\"%22col-md-12%22\">\n<p class=\"%22martue-category-text%22\"><strong>Blanco Nieva owns 60 hectares of vineyards, 54 hectares of VERDEJO, of which 12 are Pie Franco with vines over 100 years old, and 6 hectares of SAUVIGNON BLANC. Its altitude, above 850 meters, and the characteristics of the sandy soil with an abundance of pebbles, make the Verdejo grape variety express its full potential in its wines. Its extreme climate, characterized by cold winters and hot summers during the day but cool at night, create optimal conditions for the production of top quality white grapes.<\/strong><\/p>\n<p class=\"%22martue-category-text%22\"><strong>Ancient vineyards with non grafted vines, some of them more than one hundred year old, they survive to Phylloxera plague thanks to the hardness of its terroir and the climate.\nThe grape that is used to elaborate this wine, comes from vineyards which have their origin in Verdejo variety. They have resisted to Phylloxera plague during the nineteenth century and they are non grafted vines, that is why they are called Pie Franco, because they preserve their original root. The age of the vines is more or less one hundred years. They produce a very high quality and exclusive wines. Just 30.000 bottles a year are produced of this wine.<\/strong><\/p>\n<p class=\"%22martue-category-text%22\"><strong>Bodegas y Vi\u00f1edos Nieva owns 12 hectares of Pie Franco and controls a large part of the scarce vineyard that exists in the area of \u200b\u200bthese vineyards in danger of extinction. As the vines are so old and dry, they produce very little grapes, only two clusters per plant, obtaining fresh but dense wines with great mineral and fruit complexity.<\/strong><\/p>\n<\/div>\n<\/div>\n<p>\u00bb content_phone=\u00bb<\/p>\n<div class=\"%22col-md-12%22\" style=\"%22text-align:\" justify;%22>\n<div class=\"%22col-md-12%22\">\n<p class=\"%22martue-category-text%22\"><strong>Blanco Nieva owns 60 hectares of vineyards, 54 hectares of VERDEJO, of which 12 are Pie Franco with vines over 100 years old, and 6 hectares of SAUVIGNON BLANC. Its altitude, above 850 meters, and the characteristics of the sandy soil with an abundance of pebbles, make the Verdejo grape variety express its full potential in its wines. Its extreme climate, characterized by cold winters and hot summers during the day but cool at night, create optimal conditions for the production of top quality white grapes.<\/strong><\/p>\n<p class=\"%22martue-category-text%22\"><strong>Ancient vineyards with non grafted vines, some of them more than one hundred year old, they survive to Phylloxera plague thanks to the hardness of its terroir and the climate.\nThe grape that is used to elaborate this wine, comes from vineyards which have their origin in Verdejo variety. They have resisted to Phylloxera plague during the nineteenth century and they are non grafted vines, that is why they are called Pie Franco, because they preserve their original root. The age of the vines is more or less one hundred years. They produce a very high quality and exclusive wines. Just 30.000 bottles a year are produced of this wine.<\/strong><\/p>\n<p class=\"%22martue-category-text%22\"><strong>Bodegas y Vi\u00f1edos Nieva owns 12 hectares of Pie Franco and controls a large part of the scarce vineyard that exists in the area of \u200b\u200bthese vineyards in danger of extinction. As the vines are so old and dry, they produce very little grapes, only two clusters per plant, obtaining fresh but dense wines with great mineral and fruit complexity.<\/strong><\/p>\n<\/div>\n<\/div>\n<p>\u00bb content_last_edited=\u00bbon|desktop\u00bb _builder_version=\u00bb4.5.8&#8243; text_font=\u00bb||||||||\u00bb text_font_size=\u00bb19px\u00bb custom_padding=\u00bb4%|10%|4%|10%|true|true\u00bb text_font_size_tablet=\u00bb\u00bb text_font_size_phone=\u00bb14px\u00bb text_font_size_last_edited=\u00bbon|phone\u00bb]<\/p>\n<div class=\"col-md-12\" style=\"text-align: justify;\">\n<div class=\"col-md-12\">\n<p class=\"martue-category-text\">Blanco Nieva owns 60 hectares of vineyards, 54 hectares of VERDEJO, of which 12 are Pie Franco with vines over 100 years old, and 6 hectares of SAUVIGNON BLANC. Its altitude, above 850 meters, and the characteristics of the sandy soil with an abundance of pebbles, make the Verdejo grape variety express its full potential in its wines. Its extreme climate, characterized by cold winters and hot summers during the day but cool at night, create optimal conditions for the production of top quality white grapes.<\/p>\n<p class=\"martue-category-text\">Ancient vineyards with non grafted vines, some of them more than one hundred year old, they survive to Phylloxera plague thanks to the hardness of its terroir and the climate.\nThe grape that is used to elaborate this wine, comes from vineyards which have their origin in Verdejo variety. They have resisted to Phylloxera plague during the nineteenth century and they are non grafted vines, that is why they are called Pie Franco, because they preserve their original root. The age of the vines is more or less one hundred years. They produce a very high quality and exclusive wines. Just 30.000 bottles a year are produced of this wine.<\/p>\n<p class=\"martue-category-text\">Bodegas y Vi\u00f1edos Nieva owns 12 hectares of Pie Franco and controls a large part of the scarce vineyard that exists in the area of \u200b\u200bthese vineyards in danger of extinction. As the vines are so old and dry, they produce very little grapes, only two clusters per plant, obtaining fresh but dense wines with great mineral and fruit complexity.<\/p>\n<\/div>\n<\/div>\n<p>[\/et_pb_text][et_pb_text _builder_version=\u00bb3.27.4&#8243; text_font=\u00bb||||||||\u00bb header_font=\u00bb||||||||\u00bb text_orientation=\u00bbcenter\u00bb]<\/p>\n<div class=\"ma-upsellslider-title\">\n<h2>You may also be interested<\/h2>\n<\/div>\n<p>[\/et_pb_text][\/et_pb_column][\/et_pb_row][et_pb_row column_structure=\u00bb1_3,1_3,1_3&#8243; make_equal=\u00bbon\u00bb module_class=\u00bb et_pb_row_fullwidth\u00bb _builder_version=\u00bb3.25&#8243; background_color=\u00bb#ffffff\u00bb width=\u00bb89%\u00bb width_tablet=\u00bb80%\u00bb width_phone=\u00bb\u00bb width_last_edited=\u00bbon|desktop\u00bb max_width=\u00bb89%\u00bb max_width_tablet=\u00bb80%\u00bb max_width_phone=\u00bb\u00bb max_width_last_edited=\u00bbon|desktop\u00bb custom_padding=\u00bb0|0px|27px|0px|false|false\u00bb make_fullwidth=\u00bbon\u00bb][et_pb_column type=\u00bb1_3&#8243; _builder_version=\u00bb3.25&#8243; custom_padding=\u00bb|||\u00bb custom_padding__hover=\u00bb|||\u00bb][et_pb_blurb title=\u00bbHistoria de Blanco Nieva\u00bb image=\u00bbhttps:\/\/www.martue.com\/wp-content\/uploads\/skin\/pages\/grid\/nieva\/lafinca\/nieva-la-familia.jpg\u00bb content_max_width=\u00bb444px\u00bb content_tablet=\u00bb<\/p>\n<p style=\"%22text-align:\" justify;%22><strong>The location of the vineyards in Nieva belongs to the 12th century, when the commercialization of the wines started with the peak of Los Cartujos monastery. The maximum production of grapes took place in 19th century.<\/strong><\/p>\n<p style=\"%22text-align:\" justify;%22><strong><\/strong><\/p>\n<p>\u00bb content_phone=\u00bb<\/p>\n<p style=\"%22text-align:\" center;%22><strong>The location of the vineyards in Nieva belongs to the 12th century, when the commercialization of the wines started with the peak of Los Cartujos monastery. The maximum production of grapes took place in 19th century.<\/strong><\/p>\n<p>\u00bb content_last_edited=\u00bbon|phone\u00bb _builder_version=\u00bb4.5.8&#8243; header_font=\u00bb|700||on|||||\u00bb header_text_align=\u00bbcenter\u00bb body_font=\u00bb||||||||\u00bb body_text_align=\u00bbcenter\u00bb custom_margin=\u00bb||10px||false|false\u00bb custom_padding=\u00bb||0px||false|false\u00bb body_font_size_tablet=\u00bb\u00bb body_font_size_phone=\u00bb14px\u00bb body_font_size_last_edited=\u00bbon|phone\u00bb]<\/p>\n<p style=\"text-align: center;\">The location of the vineyards in Nieva belongs to the 12th century, when the commercialization of the wines started with the peak of Los Cartujos monastery. The maximum production of grapes took place in 19th century.<\/p>\n<p style=\"text-align: center;\">[\/et_pb_blurb][et_pb_button button_url=\u00bbhttps:\/\/martue.com\/nieva\/\u00bb button_text=\u00bbSaber m\u00e1s\u00bb button_alignment=\u00bbcenter\u00bb _builder_version=\u00bb4.5.8&#8243; custom_button=\u00bbon\u00bb button_text_color=\u00bb#ffffff\u00bb button_bg_color=\u00bb#be0216&#8243; button_font=\u00bb||||||||\u00bb custom_margin=\u00bb||10px||false|false\u00bb]<\/p>\n<p>[\/et_pb_button][\/et_pb_column][et_pb_column type=\u00bb1_3&#8243; _builder_version=\u00bb3.25&#8243; custom_padding=\u00bb|||\u00bb custom_padding__hover=\u00bb|||\u00bb][et_pb_blurb title=\u00bbLa bodega\u00bb image=\u00bbhttps:\/\/martue.com\/wp-content\/uploads\/2022\/03\/bodnieva.jpg\u00bb content_max_width=\u00bb450px\u00bb content_tablet=\u00bb<\/p>\n<p><strong>La bodega reci\u00e9n remodelada est\u00e1 concebida para obtener la mayor expresion de nuestro terru\u00f1o en busca de la m\u00e1xima calidad de nuestras uvasVerdejo y Sauvignon  Blanc.<\/strong><\/p>\n<p><strong> <\/strong><\/p>\n<p>\u00bb content_phone=\u00bb<\/p>\n<p><strong>La bodega reci\u00e9n remodelada est\u00e1 concebida para obtener la mayor expresi\u00f3n de nuestro terru\u00f1o en busca de la m\u00e1xima calidad de nuestras uvas Verdejo y Sauvignon  Blanc.<\/strong><\/p>\n<p><strong><\/strong><\/p>\n<p>\u00bb content_last_edited=\u00bbon|desktop\u00bb _builder_version=\u00bb4.5.8&#8243; header_font=\u00bb|700||on|||||\u00bb header_text_align=\u00bbcenter\u00bb body_font=\u00bb||||||||\u00bb body_text_align=\u00bbcenter\u00bb custom_margin=\u00bb||10px||false|false\u00bb body_font_size_tablet=\u00bb\u00bb body_font_size_phone=\u00bb14px\u00bb body_font_size_last_edited=\u00bbon|phone\u00bb]<\/p>\n<p>The winery has been recently remodeled and designed in order to obtain the greatest expression of our terroir, searching the highest quality of our Verdejo and Sauvignon Blanc grapes.<\/p>\n<p>&nbsp;<\/p>\n<p>[\/et_pb_blurb][et_pb_button button_url=\u00bbhttps:\/\/martue.com\/la-bodega-nieva\/\u00bb button_text=\u00bbSaber m\u00e1s\u00bb button_alignment=\u00bbcenter\u00bb _builder_version=\u00bb4.5.8&#8243; custom_button=\u00bbon\u00bb button_text_color=\u00bb#ffffff\u00bb button_bg_color=\u00bb#be0216&#8243; button_font=\u00bb||||||||\u00bb custom_margin=\u00bb||10px||false|false\u00bb]<\/p>\n<p>[\/et_pb_button][\/et_pb_column][et_pb_column type=\u00bb1_3&#8243; _builder_version=\u00bb3.25&#8243; custom_padding=\u00bb|||\u00bb custom_padding__hover=\u00bb|||\u00bb][et_pb_blurb title=\u00bbLos vinos\u00bb image=\u00bbhttps:\/\/martue.com\/wp-content\/uploads\/2022\/03\/NIEVA4VINOS-4.jpg\u00bb content_max_width=\u00bb438px\u00bb content_tablet=\u00bb<\/p>\n<p><strong>Our wines have all the good things about Rueda in our Segovian estates, with higher altitudes and colder climates, with the unmistakable personality of Mart\u00fae.<\/strong><\/p>\n<\/p>\n<p>\u00bb content_phone=\u00bb<\/p>\n<p><strong>Our wines have all the good things about Rueda in our Segovian estates, with higher altitudes and colder climates, with the unmistakable personality of Mart\u00fae.<\/strong><\/p>\n<\/p>\n<p>\u00bb content_last_edited=\u00bbon|desktop\u00bb _builder_version=\u00bb4.5.8&#8243; header_font=\u00bb|700||on|||||\u00bb header_text_align=\u00bbcenter\u00bb body_font=\u00bb||||||||\u00bb body_text_align=\u00bbcenter\u00bb custom_margin=\u00bb||10px||false|false\u00bb body_font_size_tablet=\u00bb\u00bb body_font_size_phone=\u00bb14px\u00bb body_font_size_last_edited=\u00bbon|phone\u00bb]<\/p>\n<p>Our wines have all the good things about Rueda in our Segovian estates, with higher altitudes and colder climates, with the unmistakable personality of Mart\u00fae.<\/p>\n<p>&nbsp;<\/p>\n<p>[\/et_pb_blurb][et_pb_button button_url=\u00bbhttps:\/\/martue.com\/vinos\/\u00bb button_text=\u00bbSaber m\u00e1s\u00bb button_alignment=\u00bbcenter\u00bb _builder_version=\u00bb3.19.9&#8243; custom_button=\u00bbon\u00bb button_text_color=\u00bb#ffffff\u00bb button_bg_color=\u00bb#be0216&#8243; button_font=\u00bb||||||||\u00bb]<\/p>\n<p>[\/et_pb_button][\/et_pb_column][\/et_pb_row][\/et_pb_section]<\/p>","protected":false},"excerpt":{"rendered":"<p>&nbsp;&nbsp;&nbsp;&nbsp;&nbsp;&nbsp; Blanco Nieva tiene en propiedad 60 hect\u00e1reas de vi\u00f1edo, 54 has de VERDEJO de las cuales 12 ellas de Pie Franco con cepas de mas de 100 a\u00f1os, y 6 has de SAUVIGNON BLANC. Su altitud, por encima de 850 mts, y las caracter\u00edsticas del suelo arenoso y con abundancia de cantos, hace que [&hellip;]<\/p>","protected":false},"author":2,"featured_media":0,"parent":0,"menu_order":0,"comment_status":"closed","ping_status":"closed","template":"","meta":{"_et_pb_use_builder":"on","_et_pb_old_content":"<!-- wp:divi\/placeholder \/-->","_et_gb_content_width":"","om_disable_all_campaigns":false,"_joinchat":[],"footnotes":""},"class_list":["post-296","page","type-page","status-publish","hentry"],"yoast_head":"<!-- This site is optimized with the Yoast SEO plugin v24.1 - https:\/\/yoast.com\/wordpress\/plugins\/seo\/ -->\n<title>Nuestros vi\u00f1edos - Bodegas Mart\u00fae - Pago Campo de la Guardia<\/title>\n<meta name=\"robots\" content=\"index, follow, max-snippet:-1, max-image-preview:large, max-video-preview:-1\" \/>\n<link rel=\"canonical\" href=\"https:\/\/martue.com\/en\/la-finca-nieva\/\" \/>\n<meta property=\"og:locale\" content=\"en_GB\" \/>\n<meta property=\"og:type\" content=\"article\" \/>\n<meta property=\"og:title\" content=\"Nuestros vi\u00f1edos - Bodegas Mart\u00fae - Pago Campo de la Guardia\" \/>\n<meta property=\"og:description\" content=\"&nbsp;&nbsp;&nbsp;&nbsp;&nbsp;&nbsp; Blanco Nieva tiene en propiedad 60 hect\u00e1reas de vi\u00f1edo, 54 has de VERDEJO de las cuales 12 ellas de Pie Franco con cepas de mas de 100 a\u00f1os, y 6 has de SAUVIGNON BLANC. Su altitud, por encima de 850 mts, y las caracter\u00edsticas del suelo arenoso y con abundancia de cantos, hace que [&hellip;]\" \/>\n<meta property=\"og:url\" content=\"https:\/\/martue.com\/en\/la-finca-nieva\/\" \/>\n<meta property=\"og:site_name\" content=\"Bodegas Mart\u00fae - Pago Campo de la Guardia\" \/>\n<meta property=\"article:modified_time\" content=\"2022-03-14T16:42:42+00:00\" \/>\n<meta name=\"twitter:card\" content=\"summary_large_image\" \/>\n<meta name=\"twitter:label1\" content=\"Estimated reading time\" \/>\n\t<meta name=\"twitter:data1\" content=\"10 minutes\" \/>\n<script type=\"application\/ld+json\" class=\"yoast-schema-graph\">{\"@context\":\"https:\/\/schema.org\",\"@graph\":[{\"@type\":\"WebPage\",\"@id\":\"https:\/\/martue.com\/la-finca-nieva\/\",\"url\":\"https:\/\/martue.com\/la-finca-nieva\/\",\"name\":\"Nuestros vi\u00f1edos - Bodegas Mart\u00fae - Pago Campo de la Guardia\",\"isPartOf\":{\"@id\":\"https:\/\/martue.com\/#website\"},\"datePublished\":\"2019-02-06T16:38:42+00:00\",\"dateModified\":\"2022-03-14T16:42:42+00:00\",\"breadcrumb\":{\"@id\":\"https:\/\/martue.com\/la-finca-nieva\/#breadcrumb\"},\"inLanguage\":\"en-GB\",\"potentialAction\":[{\"@type\":\"ReadAction\",\"target\":[\"https:\/\/martue.com\/la-finca-nieva\/\"]}]},{\"@type\":\"BreadcrumbList\",\"@id\":\"https:\/\/martue.com\/la-finca-nieva\/#breadcrumb\",\"itemListElement\":[{\"@type\":\"ListItem\",\"position\":1,\"name\":\"Portada\",\"item\":\"https:\/\/martue.com\/\"},{\"@type\":\"ListItem\",\"position\":2,\"name\":\"Nuestros vi\u00f1edos\"}]},{\"@type\":\"WebSite\",\"@id\":\"https:\/\/martue.com\/#website\",\"url\":\"https:\/\/martue.com\/\",\"name\":\"Bodegas Mart\u00fae - Pago Campo de la Guardia\",\"description\":\"VINO DE PAGO CAMPO DE LA GUARDIA Es la m\u00e1xima calificaci\u00f3n que contempla la legislaci\u00f3n espa\u00f1ola en materia vitivin\u00edcola, por encima de la Denominaci\u00f3n de Origen.\",\"potentialAction\":[{\"@type\":\"SearchAction\",\"target\":{\"@type\":\"EntryPoint\",\"urlTemplate\":\"https:\/\/martue.com\/?s={search_term_string}\"},\"query-input\":{\"@type\":\"PropertyValueSpecification\",\"valueRequired\":true,\"valueName\":\"search_term_string\"}}],\"inLanguage\":\"en-GB\"}]}<\/script>\n<!-- \/ Yoast SEO plugin. -->","yoast_head_json":{"title":"Nuestros vi\u00f1edos - Bodegas Mart\u00fae - Pago Campo de la Guardia","robots":{"index":"index","follow":"follow","max-snippet":"max-snippet:-1","max-image-preview":"max-image-preview:large","max-video-preview":"max-video-preview:-1"},"canonical":"https:\/\/martue.com\/en\/la-finca-nieva\/","og_locale":"en_GB","og_type":"article","og_title":"Nuestros vi\u00f1edos - Bodegas Mart\u00fae - Pago Campo de la Guardia","og_description":"&nbsp;&nbsp;&nbsp;&nbsp;&nbsp;&nbsp; Blanco Nieva tiene en propiedad 60 hect\u00e1reas de vi\u00f1edo, 54 has de VERDEJO de las cuales 12 ellas de Pie Franco con cepas de mas de 100 a\u00f1os, y 6 has de SAUVIGNON BLANC. Su altitud, por encima de 850 mts, y las caracter\u00edsticas del suelo arenoso y con abundancia de cantos, hace que [&hellip;]","og_url":"https:\/\/martue.com\/en\/la-finca-nieva\/","og_site_name":"Bodegas Mart\u00fae - Pago Campo de la Guardia","article_modified_time":"2022-03-14T16:42:42+00:00","twitter_card":"summary_large_image","twitter_misc":{"Estimated reading time":"10 minutes"},"schema":{"@context":"https:\/\/schema.org","@graph":[{"@type":"WebPage","@id":"https:\/\/martue.com\/la-finca-nieva\/","url":"https:\/\/martue.com\/la-finca-nieva\/","name":"Nuestros vi\u00f1edos - Bodegas Mart\u00fae - Pago Campo de la Guardia","isPartOf":{"@id":"https:\/\/martue.com\/#website"},"datePublished":"2019-02-06T16:38:42+00:00","dateModified":"2022-03-14T16:42:42+00:00","breadcrumb":{"@id":"https:\/\/martue.com\/la-finca-nieva\/#breadcrumb"},"inLanguage":"en-GB","potentialAction":[{"@type":"ReadAction","target":["https:\/\/martue.com\/la-finca-nieva\/"]}]},{"@type":"BreadcrumbList","@id":"https:\/\/martue.com\/la-finca-nieva\/#breadcrumb","itemListElement":[{"@type":"ListItem","position":1,"name":"Portada","item":"https:\/\/martue.com\/"},{"@type":"ListItem","position":2,"name":"Nuestros vi\u00f1edos"}]},{"@type":"WebSite","@id":"https:\/\/martue.com\/#website","url":"https:\/\/martue.com\/","name":"Bodegas Mart\u00fae - Pago Campo de la Guardia","description":"VINO DE PAGO CAMPO DE LA GUARDIA Es la m\u00e1xima calificaci\u00f3n que contempla la legislaci\u00f3n espa\u00f1ola en materia vitivin\u00edcola, por encima de la Denominaci\u00f3n de Origen.","potentialAction":[{"@type":"SearchAction","target":{"@type":"EntryPoint","urlTemplate":"https:\/\/martue.com\/?s={search_term_string}"},"query-input":{"@type":"PropertyValueSpecification","valueRequired":true,"valueName":"search_term_string"}}],"inLanguage":"en-GB"}]}},"_links":{"self":[{"href":"https:\/\/martue.com\/en\/wp-json\/wp\/v2\/pages\/296","targetHints":{"allow":["GET"]}}],"collection":[{"href":"https:\/\/martue.com\/en\/wp-json\/wp\/v2\/pages"}],"about":[{"href":"https:\/\/martue.com\/en\/wp-json\/wp\/v2\/types\/page"}],"author":[{"embeddable":true,"href":"https:\/\/martue.com\/en\/wp-json\/wp\/v2\/users\/2"}],"replies":[{"embeddable":true,"href":"https:\/\/martue.com\/en\/wp-json\/wp\/v2\/comments?post=296"}],"version-history":[{"count":0,"href":"https:\/\/martue.com\/en\/wp-json\/wp\/v2\/pages\/296\/revisions"}],"wp:attachment":[{"href":"https:\/\/martue.com\/en\/wp-json\/wp\/v2\/media?parent=296"}],"curies":[{"name":"wp","href":"https:\/\/api.w.org\/{rel}","templated":true}]}}