{"id":11408,"date":"2020-11-18T16:29:42","date_gmt":"2020-11-18T15:29:42","guid":{"rendered":"https:\/\/martue.com\/?post_type=product&#038;p=11408"},"modified":"2023-10-14T05:24:41","modified_gmt":"2023-10-14T03:24:41","slug":"martue-chardonnay-2019","status":"publish","type":"product","link":"https:\/\/martue.com\/en\/product\/martue-chardonnay-2019\/","title":{"rendered":"Mart\u00fae Chardonnay 2019"},"content":{"rendered":"<p>[et_pb_section fb_built=\u00bb1&#8243; disabled_on=\u00bboff|off|off\u00bb _builder_version=\u00bb4.5.8&#8243; _module_preset=\u00bbddbfc32c-55d7-4575-aa61-47b672c78814&#8243;][et_pb_row _builder_version=\u00bb3.25&#8243; background_size=\u00bbinitial\u00bb background_position=\u00bbtop_left\u00bb background_repeat=\u00bbrepeat\u00bb custom_padding=\u00bb0px||0px||false|false\u00bb][et_pb_column type=\u00bb4_4&#8243; _builder_version=\u00bb3.25&#8243; custom_padding=\u00bb|||\u00bb custom_padding__hover=\u00bb|||\u00bb][et_pb_wc_cart_notice admin_label=\u00bbAviso del carro de Woo\u00bb _builder_version=\u00bb3.0.47&#8243;][\/et_pb_wc_cart_notice][\/et_pb_column][\/et_pb_row][et_pb_row column_structure=\u00bb1_2,1_2&#8243; _builder_version=\u00bb3.25&#8243; background_size=\u00bbinitial\u00bb background_position=\u00bbtop_left\u00bb background_repeat=\u00bbrepeat\u00bb custom_padding=\u00bb0px||||false|false\u00bb][et_pb_column type=\u00bb1_2&#8243; _builder_version=\u00bb3.25&#8243; custom_padding=\u00bb|||\u00bb custom_padding__hover=\u00bb|||\u00bb][et_pb_wc_images show_product_image=\u00bbon\u00bb show_product_gallery=\u00bboff\u00bb show_sale_badge=\u00bboff\u00bb _builder_version=\u00bb4.5.8&#8243; _module_preset=\u00bb00b56dd3-9dc3-4416-9d22-4e8d3fb82be4&#8243; custom_padding=\u00bb||0px||false|false\u00bb][\/et_pb_wc_images][\/et_pb_column][et_pb_column type=\u00bb1_2&#8243; _builder_version=\u00bb3.25&#8243; custom_padding=\u00bb|||\u00bb custom_padding__hover=\u00bb|||\u00bb][et_pb_wc_title _builder_version=\u00bb3.0.47&#8243;][\/et_pb_wc_title][et_pb_wc_rating _builder_version=\u00bb3.0.47&#8243;][\/et_pb_wc_rating][et_pb_wc_price _builder_version=\u00bb4.5.8&#8243; custom_padding=\u00bb20px||||false|false\u00bb][\/et_pb_wc_price][et_pb_wc_description _builder_version=\u00bb4.5.8&#8243; body_font=\u00bbABeeZee||||||||\u00bb body_letter_spacing=\u00bb1px\u00bb body_line_height=\u00bb1.8em\u00bb text_orientation=\u00bbjustified\u00bb body_font_size_tablet=\u00bb\u00bb body_font_size_phone=\u00bb17px\u00bb body_font_size_last_edited=\u00bbon|phone\u00bb][\/et_pb_wc_description][et_pb_wc_add_to_cart _builder_version=\u00bb4.5.8&#8243; body_font=\u00bbABeeZee||||||||\u00bb body_letter_spacing=\u00bb1px\u00bb body_line_height=\u00bb1.5em\u00bb dropdown_menus_font=\u00bbABeeZee|||on|||||\u00bb dropdown_menus_font_size=\u00bb14px\u00bb dropdown_menus_letter_spacing=\u00bb4px\u00bb][\/et_pb_wc_add_to_cart][et_pb_wc_images _builder_version=\u00bb4.5.8&#8243; _module_preset=\u00bb00b56dd3-9dc3-4416-9d22-4e8d3fb82be4&#8243; custom_padding=\u00bb30px||||false|false\u00bb][\/et_pb_wc_images][\/et_pb_column][\/et_pb_row][et_pb_row _builder_version=\u00bb3.25&#8243; background_size=\u00bbinitial\u00bb background_position=\u00bbtop_left\u00bb background_repeat=\u00bbrepeat\u00bb][et_pb_column type=\u00bb4_4&#8243; _builder_version=\u00bb3.25&#8243; custom_padding=\u00bb|||\u00bb custom_padding__hover=\u00bb|||\u00bb][et_pb_wc_tabs _builder_version=\u00bb4.5.8&#8243; body_text_align=\u00bbjustify\u00bb body_font_size_tablet=\u00bb\u00bb body_font_size_phone=\u00bb17px\u00bb body_font_size_last_edited=\u00bbon|phone\u00bb]\t\t\t\t\t[\/et_pb_wc_tabs][et_pb_wc_upsells _builder_version=\u00bb3.0.47&#8243;][\/et_pb_wc_upsells][et_pb_wc_related_products _builder_version=\u00bb4.4.1&#8243; price_text_color=\u00bbrgba(0,0,0,0)\u00bb text_orientation=\u00bbcenter\u00bb][\/et_pb_wc_related_products][\/et_pb_column][\/et_pb_row][\/et_pb_section]<\/p>","protected":false},"excerpt":{"rendered":"<p>&nbsp;<\/p>\n<p>Mart\u00fae Chardonnay es un vino elaborado exclusivamente con uva Chardonnay procedente de la finca El Casar de La Guardia.<\/p>\n<p>Fermentado en un 89% en dep\u00f3sito de acero inoxidable a baja temperatura, mientras que el 11% restante ferment\u00f3 en barricas nuevas de roble franc\u00e9s en las cuales el vino ha permanecido sobre sus l\u00edas durante dos meses y medios, realiz\u00e1ndose un batonage diario de cada barrica. Despu\u00e9s se procede al ensamblaje \u00f3ptimo entre ambos vinos.<\/p>\n<p><strong><a href=\"https:\/\/martue.com\/wp-content\/uploads\/2020\/12\/ES-MARTUE-CHARDONNAY-2019.pdf\" target=\"_blank\" rel=\"noopener noreferrer\">Ficha de Cata<\/a><\/strong><\/p>\n<p>&nbsp;<\/p>","protected":false},"featured_media":11565,"comment_status":"open","ping_status":"closed","template":"","meta":{"_et_pb_use_builder":"on","_et_pb_old_content":"Elaborado exclusivamente con uva Chardonnay procedente de la finca El Casar de La Guardia.\r\n\r\nFermentado en un 89% en dep\u00f3sito de acero inoxidable a baja temperatura, mientras que el 11% restante ferment\u00f3 en barricas nuevas de roble franc\u00e9s en las cuales el vino ha permanecido sobre sus l\u00edas durante dos meses y medios, realiz\u00e1ndose un batonage diario de cada barrica. Despu\u00e9s se procede al ensamblaje \u00f3ptimo entre ambos vinos.\r\n\r\nColor amarillo dorado limpio y brillante. Aroma de gran intensidad a fruta madura (pi\u00f1a, mel\u00f3n) flores blancas y fondo de pasteler\u00eda. La gran baza llega en boca. Desde que entra inunda todo con su amable sabor. Primero fresco, luego goloso, despu\u00e9s se hace grande. Su paso es muy untuoso y lento. En el final de boca, se hace presente su medida crianza en barrica, dejando un recuerdo de panader\u00eda fina.\r\n<h3>Producci\u00f3n<\/h3>\r\nDe la vendimia 2019 se han embotellado 11.520 botellas borgo\u00f1a.\r\n<h3>Conservaci\u00f3n<\/h3>\r\nSe recomienda conservar con la botella tumbada, en un lugar a oscuras, sin vibraciones y temperatura estable entre 15-20\u00baC.\r\n<h3>Maridaje y Consumo<\/h3>\r\nIdeal para combinar con una gran variedad de platos, desde pescados y carnes hasta pastas y quesos.\r\n\r\nSe recomienda servirlo entre 5-6\u00baC.\r\n\r\nEn caso de no estar fr\u00edo se recomienda introducir en una hielera con hielo para un mejor enfriamiento.","_et_gb_content_width":"","om_disable_all_campaigns":false,"_joinchat":[]},"product_brand":[],"product_cat":[25,16],"product_tag":[],"class_list":{"0":"post-11408","1":"product","2":"type-product","3":"status-publish","4":"has-post-thumbnail","6":"product_cat-blancos","7":"product_cat-vinos-martue","9":"first","10":"outofstock","11":"featured","12":"taxable","13":"shipping-taxable","14":"product-type-variable"},"yoast_head":"<!-- This site is optimized with the Yoast SEO plugin v24.1 - https:\/\/yoast.com\/wordpress\/plugins\/seo\/ -->\n<title>Mart\u00fae Chardonnay 2019<\/title>\n<meta name=\"description\" content=\"Mart\u00fae Chardonnay presenta a la vista un limpio y brillante color amarillo. Franco y punzante en nariz, emite un intenso olor de flores blancas entremezclado con toques de pasteler\u00eda. Con el tiempo en la copa, los primeros aromas florales\" \/>\n<meta name=\"robots\" content=\"index, follow, max-snippet:-1, max-image-preview:large, max-video-preview:-1\" \/>\n<link rel=\"canonical\" href=\"https:\/\/martue.com\/en\/product\/martue-chardonnay-2019\/\" \/>\n<meta property=\"og:locale\" content=\"en_GB\" \/>\n<meta property=\"og:type\" content=\"article\" \/>\n<meta property=\"og:title\" content=\"Mart\u00fae Chardonnay 2019\" \/>\n<meta property=\"og:description\" content=\"Mart\u00fae Chardonnay presenta a la vista un limpio y brillante color amarillo. Franco y punzante en nariz, emite un intenso olor de flores blancas entremezclado con toques de pasteler\u00eda. Con el tiempo en la copa, los primeros aromas florales\" \/>\n<meta property=\"og:url\" content=\"https:\/\/martue.com\/en\/product\/martue-chardonnay-2019\/\" \/>\n<meta property=\"og:site_name\" content=\"Bodegas Mart\u00fae - Pago Campo de la Guardia\" \/>\n<meta property=\"article:modified_time\" content=\"2023-10-14T03:24:41+00:00\" \/>\n<meta property=\"og:image\" content=\"https:\/\/martue.com\/wp-content\/uploads\/2020\/11\/chardonnay19-1.png\" \/>\n\t<meta property=\"og:image:width\" content=\"445\" \/>\n\t<meta property=\"og:image:height\" content=\"976\" \/>\n\t<meta property=\"og:image:type\" content=\"image\/png\" \/>\n<meta name=\"twitter:card\" content=\"summary_large_image\" \/>\n<meta name=\"twitter:label1\" content=\"Estimated reading time\" \/>\n\t<meta name=\"twitter:data1\" content=\"2 minutes\" \/>\n<script type=\"application\/ld+json\" class=\"yoast-schema-graph\">{\"@context\":\"https:\/\/schema.org\",\"@graph\":[{\"@type\":\"WebPage\",\"@id\":\"https:\/\/martue.com\/producto\/martue-chardonnay-2019\/\",\"url\":\"https:\/\/martue.com\/producto\/martue-chardonnay-2019\/\",\"name\":\"Mart\u00fae Chardonnay 2019\",\"isPartOf\":{\"@id\":\"https:\/\/martue.com\/#website\"},\"primaryImageOfPage\":{\"@id\":\"https:\/\/martue.com\/producto\/martue-chardonnay-2019\/#primaryimage\"},\"image\":{\"@id\":\"https:\/\/martue.com\/producto\/martue-chardonnay-2019\/#primaryimage\"},\"thumbnailUrl\":\"https:\/\/martue.com\/wp-content\/uploads\/2020\/11\/chardonnay19-1.png\",\"datePublished\":\"2020-11-18T15:29:42+00:00\",\"dateModified\":\"2023-10-14T03:24:41+00:00\",\"description\":\"Mart\u00fae Chardonnay presenta a la vista un limpio y brillante color amarillo. Franco y punzante en nariz, emite un intenso olor de flores blancas entremezclado con toques de pasteler\u00eda. Con el tiempo en la copa, los primeros aromas florales\",\"breadcrumb\":{\"@id\":\"https:\/\/martue.com\/producto\/martue-chardonnay-2019\/#breadcrumb\"},\"inLanguage\":\"en-GB\",\"potentialAction\":[{\"@type\":\"ReadAction\",\"target\":[\"https:\/\/martue.com\/producto\/martue-chardonnay-2019\/\"]}]},{\"@type\":\"ImageObject\",\"inLanguage\":\"en-GB\",\"@id\":\"https:\/\/martue.com\/producto\/martue-chardonnay-2019\/#primaryimage\",\"url\":\"https:\/\/martue.com\/wp-content\/uploads\/2020\/11\/chardonnay19-1.png\",\"contentUrl\":\"https:\/\/martue.com\/wp-content\/uploads\/2020\/11\/chardonnay19-1.png\",\"width\":445,\"height\":976},{\"@type\":\"BreadcrumbList\",\"@id\":\"https:\/\/martue.com\/producto\/martue-chardonnay-2019\/#breadcrumb\",\"itemListElement\":[{\"@type\":\"ListItem\",\"position\":1,\"name\":\"Portada\",\"item\":\"https:\/\/martue.com\/\"},{\"@type\":\"ListItem\",\"position\":2,\"name\":\"Vinos\",\"item\":\"https:\/\/martue.com\/vinos\/\"},{\"@type\":\"ListItem\",\"position\":3,\"name\":\"Mart\u00fae Chardonnay 2019\"}]},{\"@type\":\"WebSite\",\"@id\":\"https:\/\/martue.com\/#website\",\"url\":\"https:\/\/martue.com\/\",\"name\":\"Bodegas Mart\u00fae - Pago Campo de la Guardia\",\"description\":\"VINO DE PAGO CAMPO DE LA GUARDIA Es la m\u00e1xima calificaci\u00f3n que contempla la legislaci\u00f3n espa\u00f1ola en materia vitivin\u00edcola, por encima de la Denominaci\u00f3n de Origen.\",\"potentialAction\":[{\"@type\":\"SearchAction\",\"target\":{\"@type\":\"EntryPoint\",\"urlTemplate\":\"https:\/\/martue.com\/?s={search_term_string}\"},\"query-input\":{\"@type\":\"PropertyValueSpecification\",\"valueRequired\":true,\"valueName\":\"search_term_string\"}}],\"inLanguage\":\"en-GB\"}]}<\/script>\n<!-- \/ Yoast SEO plugin. -->","yoast_head_json":{"title":"Mart\u00fae Chardonnay 2019","description":"Mart\u00fae Chardonnay presenta a la vista un limpio y brillante color amarillo. Franco y punzante en nariz, emite un intenso olor de flores blancas entremezclado con toques de pasteler\u00eda. Con el tiempo en la copa, los primeros aromas florales","robots":{"index":"index","follow":"follow","max-snippet":"max-snippet:-1","max-image-preview":"max-image-preview:large","max-video-preview":"max-video-preview:-1"},"canonical":"https:\/\/martue.com\/en\/product\/martue-chardonnay-2019\/","og_locale":"en_GB","og_type":"article","og_title":"Mart\u00fae Chardonnay 2019","og_description":"Mart\u00fae Chardonnay presenta a la vista un limpio y brillante color amarillo. Franco y punzante en nariz, emite un intenso olor de flores blancas entremezclado con toques de pasteler\u00eda. Con el tiempo en la copa, los primeros aromas florales","og_url":"https:\/\/martue.com\/en\/product\/martue-chardonnay-2019\/","og_site_name":"Bodegas Mart\u00fae - Pago Campo de la Guardia","article_modified_time":"2023-10-14T03:24:41+00:00","og_image":[{"width":445,"height":976,"url":"https:\/\/martue.com\/wp-content\/uploads\/2020\/11\/chardonnay19-1.png","type":"image\/png"}],"twitter_card":"summary_large_image","twitter_misc":{"Estimated reading time":"2 minutes"},"schema":{"@context":"https:\/\/schema.org","@graph":[{"@type":"WebPage","@id":"https:\/\/martue.com\/producto\/martue-chardonnay-2019\/","url":"https:\/\/martue.com\/producto\/martue-chardonnay-2019\/","name":"Mart\u00fae Chardonnay 2019","isPartOf":{"@id":"https:\/\/martue.com\/#website"},"primaryImageOfPage":{"@id":"https:\/\/martue.com\/producto\/martue-chardonnay-2019\/#primaryimage"},"image":{"@id":"https:\/\/martue.com\/producto\/martue-chardonnay-2019\/#primaryimage"},"thumbnailUrl":"https:\/\/martue.com\/wp-content\/uploads\/2020\/11\/chardonnay19-1.png","datePublished":"2020-11-18T15:29:42+00:00","dateModified":"2023-10-14T03:24:41+00:00","description":"Mart\u00fae Chardonnay presenta a la vista un limpio y brillante color amarillo. Franco y punzante en nariz, emite un intenso olor de flores blancas entremezclado con toques de pasteler\u00eda. Con el tiempo en la copa, los primeros aromas florales","breadcrumb":{"@id":"https:\/\/martue.com\/producto\/martue-chardonnay-2019\/#breadcrumb"},"inLanguage":"en-GB","potentialAction":[{"@type":"ReadAction","target":["https:\/\/martue.com\/producto\/martue-chardonnay-2019\/"]}]},{"@type":"ImageObject","inLanguage":"en-GB","@id":"https:\/\/martue.com\/producto\/martue-chardonnay-2019\/#primaryimage","url":"https:\/\/martue.com\/wp-content\/uploads\/2020\/11\/chardonnay19-1.png","contentUrl":"https:\/\/martue.com\/wp-content\/uploads\/2020\/11\/chardonnay19-1.png","width":445,"height":976},{"@type":"BreadcrumbList","@id":"https:\/\/martue.com\/producto\/martue-chardonnay-2019\/#breadcrumb","itemListElement":[{"@type":"ListItem","position":1,"name":"Portada","item":"https:\/\/martue.com\/"},{"@type":"ListItem","position":2,"name":"Vinos","item":"https:\/\/martue.com\/vinos\/"},{"@type":"ListItem","position":3,"name":"Mart\u00fae Chardonnay 2019"}]},{"@type":"WebSite","@id":"https:\/\/martue.com\/#website","url":"https:\/\/martue.com\/","name":"Bodegas Mart\u00fae - Pago Campo de la Guardia","description":"VINO DE PAGO CAMPO DE LA GUARDIA Es la m\u00e1xima calificaci\u00f3n que contempla la legislaci\u00f3n espa\u00f1ola en materia vitivin\u00edcola, por encima de la Denominaci\u00f3n de Origen.","potentialAction":[{"@type":"SearchAction","target":{"@type":"EntryPoint","urlTemplate":"https:\/\/martue.com\/?s={search_term_string}"},"query-input":{"@type":"PropertyValueSpecification","valueRequired":true,"valueName":"search_term_string"}}],"inLanguage":"en-GB"}]}},"_links":{"self":[{"href":"https:\/\/martue.com\/en\/wp-json\/wp\/v2\/product\/11408","targetHints":{"allow":["GET"]}}],"collection":[{"href":"https:\/\/martue.com\/en\/wp-json\/wp\/v2\/product"}],"about":[{"href":"https:\/\/martue.com\/en\/wp-json\/wp\/v2\/types\/product"}],"replies":[{"embeddable":true,"href":"https:\/\/martue.com\/en\/wp-json\/wp\/v2\/comments?post=11408"}],"wp:featuredmedia":[{"embeddable":true,"href":"https:\/\/martue.com\/en\/wp-json\/wp\/v2\/media\/11565"}],"wp:attachment":[{"href":"https:\/\/martue.com\/en\/wp-json\/wp\/v2\/media?parent=11408"}],"wp:term":[{"taxonomy":"product_brand","embeddable":true,"href":"https:\/\/martue.com\/en\/wp-json\/wp\/v2\/product_brand?post=11408"},{"taxonomy":"product_cat","embeddable":true,"href":"https:\/\/martue.com\/en\/wp-json\/wp\/v2\/product_cat?post=11408"},{"taxonomy":"product_tag","embeddable":true,"href":"https:\/\/martue.com\/en\/wp-json\/wp\/v2\/product_tag?post=11408"}],"curies":[{"name":"wp","href":"https:\/\/api.w.org\/{rel}","templated":true}]}}