{"id":12352,"date":"2021-02-26T01:02:06","date_gmt":"2021-02-26T00:02:06","guid":{"rendered":"https:\/\/martue.com\/?post_type=product&#038;p=12352"},"modified":"2024-10-28T17:48:38","modified_gmt":"2024-10-28T16:48:38","slug":"martue-evolution-blanco-verdejo","status":"publish","type":"product","link":"https:\/\/martue.com\/en\/product\/martue-evolution-blanco-verdejo\/","title":{"rendered":"Mart\u00fae Evolution Verdejo 2020 &#8211; 3 Litros"},"content":{"rendered":"<p>[et_pb_section fb_built=\u00bb1&#8243; _builder_version=\u00bb4.16&#8243; width=\u00bb100%\u00bb custom_padding=\u00bb0px||||false|false\u00bb collapsed=\u00bbon\u00bb global_colors_info=\u00bb{}\u00bb][et_pb_row _builder_version=\u00bb4.16&#8243; background_size=\u00bbinitial\u00bb background_position=\u00bbtop_left\u00bb background_repeat=\u00bbrepeat\u00bb custom_padding=\u00bb0px||0px||false|false\u00bb global_colors_info=\u00bb{}\u00bb][et_pb_column type=\u00bb4_4&#8243; _builder_version=\u00bb4.16&#8243; custom_padding=\u00bb|||\u00bb global_colors_info=\u00bb{}\u00bb custom_padding__hover=\u00bb|||\u00bb][et_pb_wc_cart_notice _builder_version=\u00bb4.16&#8243; global_colors_info=\u00bb{}\u00bb][\/et_pb_wc_cart_notice][\/et_pb_column][\/et_pb_row][et_pb_row column_structure=\u00bb1_3,1_3,1_3&#8243; _builder_version=\u00bb4.16&#8243; background_size=\u00bbinitial\u00bb background_position=\u00bbtop_left\u00bb background_repeat=\u00bbrepeat\u00bb global_colors_info=\u00bb{}\u00bb][et_pb_column type=\u00bb1_3&#8243; _builder_version=\u00bb4.16&#8243; custom_padding=\u00bb|||\u00bb global_colors_info=\u00bb{}\u00bb custom_padding__hover=\u00bb|||\u00bb][et_pb_wc_images show_product_image=\u00bbon\u00bb show_product_gallery=\u00bboff\u00bb show_sale_badge=\u00bboff\u00bb _builder_version=\u00bb4.16&#8243; min_height=\u00bb850px\u00bb custom_margin=\u00bb||0px||false|false\u00bb custom_padding=\u00bb|130px|0px|130px|false|false\u00bb custom_padding_tablet=\u00bb|130px||130px|false|false\u00bb custom_padding_phone=\u00bb|0px||0px|false|false\u00bb custom_padding_last_edited=\u00bbon|tablet\u00bb global_colors_info=\u00bb{}\u00bb][\/et_pb_wc_images][\/et_pb_column][et_pb_column type=\u00bb1_3&#8243; _builder_version=\u00bb4.16&#8243; custom_padding=\u00bb|||\u00bb global_colors_info=\u00bb{}\u00bb custom_padding__hover=\u00bb|||\u00bb][et_pb_wc_title _builder_version=\u00bb4.16&#8243; header_font=\u00bb|700|||||||\u00bb header_font_size=\u00bb31px\u00bb custom_padding=\u00bb25px||||false|false\u00bb custom_padding_tablet=\u00bb|||15px|false|false\u00bb custom_padding_phone=\u00bb|||15px|false|false\u00bb custom_padding_last_edited=\u00bbon|tablet\u00bb global_colors_info=\u00bb{}\u00bb][\/et_pb_wc_title][et_pb_wc_rating _builder_version=\u00bb4.16&#8243; custom_padding_tablet=\u00bb|||15px|false|false\u00bb custom_padding_phone=\u00bb|||15px|false|false\u00bb custom_padding_last_edited=\u00bbon|tablet\u00bb global_colors_info=\u00bb{}\u00bb][\/et_pb_wc_rating][et_pb_wc_price _builder_version=\u00bb4.16&#8243; custom_margin=\u00bb||||false|false\u00bb custom_padding=\u00bb20px||||false|false\u00bb custom_padding_tablet=\u00bb|||15px|false|false\u00bb custom_padding_phone=\u00bb20px|||15px|false|false\u00bb custom_padding_last_edited=\u00bbon|tablet\u00bb global_colors_info=\u00bb{}\u00bb][\/et_pb_wc_price][et_pb_wc_description _builder_version=\u00bb4.16&#8243; header_text_align=\u00bbjustify\u00bb text_orientation=\u00bbjustified\u00bb custom_padding=\u00bb20px||20px||false|false\u00bb custom_padding_tablet=\u00bb|15px||15px|false|false\u00bb custom_padding_phone=\u00bb|15px||15px|false|false\u00bb custom_padding_last_edited=\u00bbon|tablet\u00bb body_font_tablet=\u00bb\u00bb body_font_phone=\u00bb|700|||||||\u00bb body_font_last_edited=\u00bbon|phone\u00bb global_colors_info=\u00bb{}\u00bb][\/et_pb_wc_description][et_pb_wc_add_to_cart show_stock=\u00bboff\u00bb _builder_version=\u00bb4.16&#8243; dropdown_menus_custom_margin=\u00bb0px|0px|16px|-94px|false|false\u00bb dropdown_menus_custom_margin_tablet=\u00bb\u00bb dropdown_menus_custom_margin_phone=\u00bb0px|0px|16px|-70px|false|false\u00bb dropdown_menus_custom_margin_last_edited=\u00bbon|phone\u00bb field_label_text_color=\u00bb#545454&#8243; field_label_font_size=\u00bb17px\u00bb field_label_letter_spacing=\u00bb2px\u00bb field_label_line_height=\u00bb1.6em\u00bb fields_text_align=\u00bbcenter\u00bb dropdown_menus_font=\u00bbAldrich||||||||\u00bb dropdown_menus_font_size=\u00bb14px\u00bb custom_padding=\u00bb|||15px|false|false\u00bb field_label_font_phone=\u00bbDefault|800|||||||\u00bb field_label_font_last_edited=\u00bbon|phone\u00bb border_width_all_fields=\u00bb1px\u00bb border_radii_dropdown_menus=\u00bbon||||\u00bb border_width_all_dropdown_menus=\u00bb1px\u00bb body_font_last_edited=\u00bbon|phone\u00bb body_font_tablet=\u00bb\u00bb body_font_phone=\u00bbDefault|800|||||||\u00bb body_text_color=\u00bb#545454&#8243; body_font_size=\u00bb17px\u00bb body_letter_spacing=\u00bb2px\u00bb body_line_height=\u00bb1.6em\u00bb global_colors_info=\u00bb{}\u00bb][\/et_pb_wc_add_to_cart][\/et_pb_column][et_pb_column type=\u00bb1_3&#8243; _builder_version=\u00bb4.16&#8243; custom_padding=\u00bb|||\u00bb global_colors_info=\u00bb{}\u00bb custom_padding__hover=\u00bb|||\u00bb][et_pb_wc_images _builder_version=\u00bb4.18.0&#8243; _module_preset=\u00bbdefault\u00bb custom_padding=\u00bb20px|20px||20px|false|false\u00bb hover_enabled=\u00bb0&#8243; global_colors_info=\u00bb{}\u00bb border_width_all_image=\u00bb5px\u00bb border_color_all_image=\u00bb#FFFFFF\u00bb sticky_enabled=\u00bb0&#8243;][\/et_pb_wc_images][\/et_pb_column][\/et_pb_row][et_pb_row _builder_version=\u00bb4.16&#8243; background_size=\u00bbinitial\u00bb background_position=\u00bbtop_left\u00bb background_repeat=\u00bbrepeat\u00bb global_colors_info=\u00bb{}\u00bb][et_pb_column type=\u00bb4_4&#8243; _builder_version=\u00bb4.16&#8243; custom_padding=\u00bb|||\u00bb global_colors_info=\u00bb{}\u00bb custom_padding__hover=\u00bb|||\u00bb][et_pb_wc_tabs _builder_version=\u00bb4.16&#8243; body_text_align=\u00bbjustify\u00bb custom_margin=\u00bb|30px||30px|false|false\u00bb body_font_tablet=\u00bb\u00bb body_font_phone=\u00bb|700|||||||\u00bb body_font_last_edited=\u00bbon|phone\u00bb global_colors_info=\u00bb{}\u00bb]\t\t\t\t\t[\/et_pb_wc_tabs][et_pb_wc_upsells _builder_version=\u00bb4.16&#8243; global_colors_info=\u00bb{}\u00bb][\/et_pb_wc_upsells][et_pb_wc_related_products _builder_version=\u00bb4.16&#8243; price_text_color=\u00bbrgba(0,0,0,0)\u00bb text_orientation=\u00bbcenter\u00bb global_colors_info=\u00bb{}\u00bb][\/et_pb_wc_related_products][\/et_pb_column][\/et_pb_row][\/et_pb_section]<\/p>","protected":false},"excerpt":{"rendered":"<div id=\"martue-row-0\" class=\"row\">\n<p><strong>MARTUE BLANCO EVOLUTION<\/strong> es el verdejo de siempre que elaboramos en nuestra bodega de NIEVA, pero en un formato diferente, m\u00e1s c\u00f3modo y practico. Este formato de envase permite que el vino no se oxide durante todo el periodo de consumo por lo que es ideal para consumo diario.<\/p>\n<p>Comenzamos con la cosecha 2020, un a\u00f1o lluvioso, que trajo una abundante cosecha, sana, con completa maduraci\u00f3n y excelente calidad.<\/p>\n<p><strong><a href=\"https:\/\/martue.com\/wp-content\/uploads\/2021\/02\/ES-MARTUE-EVOLUTION-VERDEJO-2020.pdf\" target=\"_blank\" rel=\"noopener noreferrer\">Ficha de Cata<\/a><\/strong><\/p>\n<\/div>","protected":false},"featured_media":12502,"comment_status":"open","ping_status":"closed","template":"","meta":{"_et_pb_use_builder":"on","_et_pb_old_content":"MART\u00daE NIEVA se abastece b\u00e1sicamente de uvas de vi\u00f1edo propio en la zona m\u00e1s alta y singular de toda la Denominaci\u00f3n de Origen, en la provincia de Segovia. Sus 850 metros de altitud, que implican una gran diferencia de temperatura d\u00eda\/noche, y sus profundos suelos arenosos, son la causa de que aqu\u00ed se produzcan vinos de alt\u00edsima calidad y con personalidad diferenciada del resto de la regi\u00f3n.\r\n\r\nEl tener el control de todos los vi\u00f1edos nos permite vendimiar siempre en el momento \u00f3ptimo, realiz\u00e1ndola por la noche, manteniendo as\u00ed las mejores condiciones por la bajada de temperatura.\r\n\r\nLa fermentaci\u00f3n se realiza a baja temperatura, para preservar todos sus aromas varietales. Evitamos movimientos excesivos y tratamientos agresivos, para mantener el car\u00e1cter de nuestro terru\u00f1o en los vinos.\r\n\r\nEl resultado es un vino fresco, frutal, untuoso en boca y de largo recuerdo, que en este TUBO le va a permitir disfrutar cada d\u00eda de forma m\u00e1s c\u00f3moda.\r\n<h3>Conservaci\u00f3n<\/h3>\r\nSe recomienda conservar en un lugar a oscuras, sin vibraciones y temperatura estable entre 15-20\u00baC.\r\n<h3>Maridaje y Consumo<\/h3>\r\nRecomendado para acompa\u00f1ar cualquier tipo de pescado, ideal para compartir una barbacoa con amigos. Se recomienda servirlo entre 4-6\u00baC. Se puede conservar en la nevera durante meses.\r\n\r\nEste formato de envase permite que el vino no se oxide durante todo el periodo de consumo por lo que es ideal para consumo diario. \u00a0Consumo \u00f3ptimo hasta final de 2022.\r\n\r\n&nbsp;","_et_gb_content_width":"","om_disable_all_campaigns":false,"_joinchat":[]},"product_brand":[],"product_cat":[46,16],"product_tag":[],"class_list":{"0":"post-12352","1":"product","2":"type-product","3":"status-publish","4":"has-post-thumbnail","6":"product_cat-bit","7":"product_cat-vinos-martue","9":"first","10":"outofstock","11":"featured","12":"taxable","13":"shipping-taxable","14":"product-type-simple"},"yoast_head":"<!-- This site is optimized with the Yoast SEO plugin v24.1 - https:\/\/yoast.com\/wordpress\/plugins\/seo\/ -->\n<title>Mart\u00fae Evolution Blanco<\/title>\n<meta name=\"description\" content=\"MARTUE BLANCO EVOLUTION es el verdejo de siempre que elaboramos en nuestra bodega de NIEVA, pero en un formato diferente, m\u00e1s c\u00f3modo y practico.Comenzamos con la cosecha 2020, un a\u00f1o lluvioso, que trajo una abundante cosecha, sana, con completa maduraci\u00f3n y excelente calidad.\" \/>\n<meta name=\"robots\" content=\"index, follow, max-snippet:-1, max-image-preview:large, max-video-preview:-1\" \/>\n<link rel=\"canonical\" href=\"https:\/\/martue.com\/en\/product\/martue-evolution-blanco-verdejo\/\" \/>\n<meta property=\"og:locale\" content=\"en_GB\" \/>\n<meta property=\"og:type\" content=\"article\" \/>\n<meta property=\"og:title\" content=\"Mart\u00fae Evolution Blanco\" \/>\n<meta property=\"og:description\" content=\"MARTUE BLANCO EVOLUTION es el verdejo de siempre que elaboramos en nuestra bodega de NIEVA, pero en un formato diferente, m\u00e1s c\u00f3modo y practico.Comenzamos con la cosecha 2020, un a\u00f1o lluvioso, que trajo una abundante cosecha, sana, con completa maduraci\u00f3n y excelente calidad.\" \/>\n<meta property=\"og:url\" content=\"https:\/\/martue.com\/en\/product\/martue-evolution-blanco-verdejo\/\" \/>\n<meta property=\"og:site_name\" content=\"Bodegas Mart\u00fae - Pago Campo de la Guardia\" \/>\n<meta property=\"article:modified_time\" content=\"2024-10-28T16:48:38+00:00\" \/>\n<meta property=\"og:image\" content=\"https:\/\/martue.com\/wp-content\/uploads\/2021\/02\/webbitblanco-1.png\" \/>\n\t<meta property=\"og:image:width\" content=\"445\" \/>\n\t<meta property=\"og:image:height\" content=\"976\" \/>\n\t<meta property=\"og:image:type\" content=\"image\/png\" \/>\n<meta name=\"twitter:card\" content=\"summary_large_image\" \/>\n<meta name=\"twitter:label1\" content=\"Estimated reading time\" \/>\n\t<meta name=\"twitter:data1\" content=\"3 minutes\" \/>\n<script type=\"application\/ld+json\" class=\"yoast-schema-graph\">{\"@context\":\"https:\/\/schema.org\",\"@graph\":[{\"@type\":\"WebPage\",\"@id\":\"https:\/\/martue.com\/producto\/martue-evolution-blanco-verdejo\/\",\"url\":\"https:\/\/martue.com\/producto\/martue-evolution-blanco-verdejo\/\",\"name\":\"Mart\u00fae Evolution Blanco\",\"isPartOf\":{\"@id\":\"https:\/\/martue.com\/#website\"},\"primaryImageOfPage\":{\"@id\":\"https:\/\/martue.com\/producto\/martue-evolution-blanco-verdejo\/#primaryimage\"},\"image\":{\"@id\":\"https:\/\/martue.com\/producto\/martue-evolution-blanco-verdejo\/#primaryimage\"},\"thumbnailUrl\":\"https:\/\/martue.com\/wp-content\/uploads\/2021\/02\/webbitblanco-1.png\",\"datePublished\":\"2021-02-26T00:02:06+00:00\",\"dateModified\":\"2024-10-28T16:48:38+00:00\",\"description\":\"MARTUE BLANCO EVOLUTION es el verdejo de siempre que elaboramos en nuestra bodega de NIEVA, pero en un formato diferente, m\u00e1s c\u00f3modo y practico.Comenzamos con la cosecha 2020, un a\u00f1o lluvioso, que trajo una abundante cosecha, sana, con completa maduraci\u00f3n y excelente calidad.\",\"breadcrumb\":{\"@id\":\"https:\/\/martue.com\/producto\/martue-evolution-blanco-verdejo\/#breadcrumb\"},\"inLanguage\":\"en-GB\",\"potentialAction\":[{\"@type\":\"ReadAction\",\"target\":[\"https:\/\/martue.com\/producto\/martue-evolution-blanco-verdejo\/\"]}]},{\"@type\":\"ImageObject\",\"inLanguage\":\"en-GB\",\"@id\":\"https:\/\/martue.com\/producto\/martue-evolution-blanco-verdejo\/#primaryimage\",\"url\":\"https:\/\/martue.com\/wp-content\/uploads\/2021\/02\/webbitblanco-1.png\",\"contentUrl\":\"https:\/\/martue.com\/wp-content\/uploads\/2021\/02\/webbitblanco-1.png\",\"width\":445,\"height\":976},{\"@type\":\"BreadcrumbList\",\"@id\":\"https:\/\/martue.com\/producto\/martue-evolution-blanco-verdejo\/#breadcrumb\",\"itemListElement\":[{\"@type\":\"ListItem\",\"position\":1,\"name\":\"Portada\",\"item\":\"https:\/\/martue.com\/\"},{\"@type\":\"ListItem\",\"position\":2,\"name\":\"Vinos\",\"item\":\"https:\/\/martue.com\/vinos\/\"},{\"@type\":\"ListItem\",\"position\":3,\"name\":\"Mart\u00fae Evolution Verdejo 2020 &#8211; 3 Litros\"}]},{\"@type\":\"WebSite\",\"@id\":\"https:\/\/martue.com\/#website\",\"url\":\"https:\/\/martue.com\/\",\"name\":\"Bodegas Mart\u00fae - Pago Campo de la Guardia\",\"description\":\"VINO DE PAGO CAMPO DE LA GUARDIA Es la m\u00e1xima calificaci\u00f3n que contempla la legislaci\u00f3n espa\u00f1ola en materia vitivin\u00edcola, por encima de la Denominaci\u00f3n de Origen.\",\"potentialAction\":[{\"@type\":\"SearchAction\",\"target\":{\"@type\":\"EntryPoint\",\"urlTemplate\":\"https:\/\/martue.com\/?s={search_term_string}\"},\"query-input\":{\"@type\":\"PropertyValueSpecification\",\"valueRequired\":true,\"valueName\":\"search_term_string\"}}],\"inLanguage\":\"en-GB\"}]}<\/script>\n<!-- \/ Yoast SEO plugin. -->","yoast_head_json":{"title":"Mart\u00fae Evolution Blanco","description":"MARTUE BLANCO EVOLUTION es el verdejo de siempre que elaboramos en nuestra bodega de NIEVA, pero en un formato diferente, m\u00e1s c\u00f3modo y practico.Comenzamos con la cosecha 2020, un a\u00f1o lluvioso, que trajo una abundante cosecha, sana, con completa maduraci\u00f3n y excelente calidad.","robots":{"index":"index","follow":"follow","max-snippet":"max-snippet:-1","max-image-preview":"max-image-preview:large","max-video-preview":"max-video-preview:-1"},"canonical":"https:\/\/martue.com\/en\/product\/martue-evolution-blanco-verdejo\/","og_locale":"en_GB","og_type":"article","og_title":"Mart\u00fae Evolution Blanco","og_description":"MARTUE BLANCO EVOLUTION es el verdejo de siempre que elaboramos en nuestra bodega de NIEVA, pero en un formato diferente, m\u00e1s c\u00f3modo y practico.Comenzamos con la cosecha 2020, un a\u00f1o lluvioso, que trajo una abundante cosecha, sana, con completa maduraci\u00f3n y excelente calidad.","og_url":"https:\/\/martue.com\/en\/product\/martue-evolution-blanco-verdejo\/","og_site_name":"Bodegas Mart\u00fae - Pago Campo de la Guardia","article_modified_time":"2024-10-28T16:48:38+00:00","og_image":[{"width":445,"height":976,"url":"https:\/\/martue.com\/wp-content\/uploads\/2021\/02\/webbitblanco-1.png","type":"image\/png"}],"twitter_card":"summary_large_image","twitter_misc":{"Estimated reading time":"3 minutes"},"schema":{"@context":"https:\/\/schema.org","@graph":[{"@type":"WebPage","@id":"https:\/\/martue.com\/producto\/martue-evolution-blanco-verdejo\/","url":"https:\/\/martue.com\/producto\/martue-evolution-blanco-verdejo\/","name":"Mart\u00fae Evolution Blanco","isPartOf":{"@id":"https:\/\/martue.com\/#website"},"primaryImageOfPage":{"@id":"https:\/\/martue.com\/producto\/martue-evolution-blanco-verdejo\/#primaryimage"},"image":{"@id":"https:\/\/martue.com\/producto\/martue-evolution-blanco-verdejo\/#primaryimage"},"thumbnailUrl":"https:\/\/martue.com\/wp-content\/uploads\/2021\/02\/webbitblanco-1.png","datePublished":"2021-02-26T00:02:06+00:00","dateModified":"2024-10-28T16:48:38+00:00","description":"MARTUE BLANCO EVOLUTION es el verdejo de siempre que elaboramos en nuestra bodega de NIEVA, pero en un formato diferente, m\u00e1s c\u00f3modo y practico.Comenzamos con la cosecha 2020, un a\u00f1o lluvioso, que trajo una abundante cosecha, sana, con completa maduraci\u00f3n y excelente calidad.","breadcrumb":{"@id":"https:\/\/martue.com\/producto\/martue-evolution-blanco-verdejo\/#breadcrumb"},"inLanguage":"en-GB","potentialAction":[{"@type":"ReadAction","target":["https:\/\/martue.com\/producto\/martue-evolution-blanco-verdejo\/"]}]},{"@type":"ImageObject","inLanguage":"en-GB","@id":"https:\/\/martue.com\/producto\/martue-evolution-blanco-verdejo\/#primaryimage","url":"https:\/\/martue.com\/wp-content\/uploads\/2021\/02\/webbitblanco-1.png","contentUrl":"https:\/\/martue.com\/wp-content\/uploads\/2021\/02\/webbitblanco-1.png","width":445,"height":976},{"@type":"BreadcrumbList","@id":"https:\/\/martue.com\/producto\/martue-evolution-blanco-verdejo\/#breadcrumb","itemListElement":[{"@type":"ListItem","position":1,"name":"Portada","item":"https:\/\/martue.com\/"},{"@type":"ListItem","position":2,"name":"Vinos","item":"https:\/\/martue.com\/vinos\/"},{"@type":"ListItem","position":3,"name":"Mart\u00fae Evolution Verdejo 2020 &#8211; 3 Litros"}]},{"@type":"WebSite","@id":"https:\/\/martue.com\/#website","url":"https:\/\/martue.com\/","name":"Bodegas Mart\u00fae - Pago Campo de la Guardia","description":"VINO DE PAGO CAMPO DE LA GUARDIA Es la m\u00e1xima calificaci\u00f3n que contempla la legislaci\u00f3n espa\u00f1ola en materia vitivin\u00edcola, por encima de la Denominaci\u00f3n de Origen.","potentialAction":[{"@type":"SearchAction","target":{"@type":"EntryPoint","urlTemplate":"https:\/\/martue.com\/?s={search_term_string}"},"query-input":{"@type":"PropertyValueSpecification","valueRequired":true,"valueName":"search_term_string"}}],"inLanguage":"en-GB"}]}},"_links":{"self":[{"href":"https:\/\/martue.com\/en\/wp-json\/wp\/v2\/product\/12352","targetHints":{"allow":["GET"]}}],"collection":[{"href":"https:\/\/martue.com\/en\/wp-json\/wp\/v2\/product"}],"about":[{"href":"https:\/\/martue.com\/en\/wp-json\/wp\/v2\/types\/product"}],"replies":[{"embeddable":true,"href":"https:\/\/martue.com\/en\/wp-json\/wp\/v2\/comments?post=12352"}],"wp:featuredmedia":[{"embeddable":true,"href":"https:\/\/martue.com\/en\/wp-json\/wp\/v2\/media\/12502"}],"wp:attachment":[{"href":"https:\/\/martue.com\/en\/wp-json\/wp\/v2\/media?parent=12352"}],"wp:term":[{"taxonomy":"product_brand","embeddable":true,"href":"https:\/\/martue.com\/en\/wp-json\/wp\/v2\/product_brand?post=12352"},{"taxonomy":"product_cat","embeddable":true,"href":"https:\/\/martue.com\/en\/wp-json\/wp\/v2\/product_cat?post=12352"},{"taxonomy":"product_tag","embeddable":true,"href":"https:\/\/martue.com\/en\/wp-json\/wp\/v2\/product_tag?post=12352"}],"curies":[{"name":"wp","href":"https:\/\/api.w.org\/{rel}","templated":true}]}}