{"id":13572,"date":"2022-03-03T17:16:06","date_gmt":"2022-03-03T16:16:06","guid":{"rendered":"https:\/\/martue.com\/?post_type=product&#038;p=13572"},"modified":"2023-03-24T09:58:27","modified_gmt":"2023-03-24T08:58:27","slug":"blanco-nieva-sauvignon-blanc-2021","status":"publish","type":"product","link":"https:\/\/martue.com\/en\/product\/blanco-nieva-sauvignon-blanc-2021\/","title":{"rendered":"Blanco Nieva Sauvignon Blanc 2021"},"content":{"rendered":"<p>[et_pb_section fb_built=\u00bb1&#8243; _builder_version=\u00bb4.16&#8243; width=\u00bb100%\u00bb custom_padding=\u00bb0px||||false|false\u00bb collapsed=\u00bboff\u00bb global_colors_info=\u00bb{}\u00bb][et_pb_row _builder_version=\u00bb4.16&#8243; background_size=\u00bbinitial\u00bb background_position=\u00bbtop_left\u00bb background_repeat=\u00bbrepeat\u00bb custom_padding=\u00bb0px||0px||false|false\u00bb global_colors_info=\u00bb{}\u00bb][et_pb_column type=\u00bb4_4&#8243; _builder_version=\u00bb4.16&#8243; custom_padding=\u00bb|||\u00bb global_colors_info=\u00bb{}\u00bb custom_padding__hover=\u00bb|||\u00bb][et_pb_wc_cart_notice _builder_version=\u00bb4.16&#8243; global_colors_info=\u00bb{}\u00bb][\/et_pb_wc_cart_notice][\/et_pb_column][\/et_pb_row][et_pb_row column_structure=\u00bb1_3,1_3,1_3&#8243; _builder_version=\u00bb4.16&#8243; background_size=\u00bbinitial\u00bb background_position=\u00bbtop_left\u00bb background_repeat=\u00bbrepeat\u00bb global_colors_info=\u00bb{}\u00bb][et_pb_column type=\u00bb1_3&#8243; _builder_version=\u00bb4.16&#8243; custom_padding=\u00bb|||\u00bb global_colors_info=\u00bb{}\u00bb custom_padding__hover=\u00bb|||\u00bb][et_pb_wc_title disabled_on=\u00bboff|off|on\u00bb _builder_version=\u00bb4.16&#8243; header_font=\u00bb|700|||||||\u00bb header_font_size=\u00bb31px\u00bb custom_padding=\u00bb25px||||false|false\u00bb custom_padding_tablet=\u00bb|||15px|false|false\u00bb custom_padding_phone=\u00bb|||15px|false|false\u00bb custom_padding_last_edited=\u00bbon|tablet\u00bb header_font_tablet=\u00bb\u00bb header_font_phone=\u00bb\u00bb header_font_last_edited=\u00bbon|phone\u00bb header_text_align_tablet=\u00bbcenter\u00bb header_text_align_phone=\u00bbcenter\u00bb header_text_align_last_edited=\u00bbon|desktop\u00bb header_font_size_tablet=\u00bb35px\u00bb header_font_size_phone=\u00bb22px\u00bb header_font_size_last_edited=\u00bbon|phone\u00bb global_colors_info=\u00bb{}\u00bb][\/et_pb_wc_title][et_pb_wc_rating disabled_on=\u00bboff|off|on\u00bb _builder_version=\u00bb4.16&#8243; custom_padding_tablet=\u00bb|||15px|false|false\u00bb custom_padding_phone=\u00bb|||15px|false|false\u00bb custom_padding_last_edited=\u00bbon|tablet\u00bb global_colors_info=\u00bb{}\u00bb][\/et_pb_wc_rating][et_pb_wc_price disabled_on=\u00bbon|on|on\u00bb _builder_version=\u00bb4.16&#8243; custom_margin=\u00bb||||false|false\u00bb custom_padding=\u00bb20px||||false|false\u00bb custom_padding_tablet=\u00bb|||15px|false|false\u00bb custom_padding_phone=\u00bb20px|||15px|false|false\u00bb custom_padding_last_edited=\u00bbon|tablet\u00bb body_font_tablet=\u00bb|700|||||||\u00bb body_font_phone=\u00bb\u00bb body_font_last_edited=\u00bbon|phone\u00bb body_font_size_tablet=\u00bb20px\u00bb body_font_size_phone=\u00bb20px\u00bb body_font_size_last_edited=\u00bbon|tablet\u00bb disabled=\u00bbon\u00bb global_colors_info=\u00bb{}\u00bb][\/et_pb_wc_price][et_pb_wc_images show_product_image=\u00bbon\u00bb show_product_gallery=\u00bboff\u00bb show_sale_badge=\u00bboff\u00bb _builder_version=\u00bb4.18.0&#8243; min_height=\u00bb850px\u00bb custom_margin=\u00bb-35px||0px||false|false\u00bb custom_padding=\u00bb|100px|0px|100px|false|false\u00bb custom_padding_tablet=\u00bb|130px||130px|false|false\u00bb custom_padding_phone=\u00bb|0px||0px|false|false\u00bb custom_padding_last_edited=\u00bbon|tablet\u00bb global_colors_info=\u00bb{}\u00bb][\/et_pb_wc_images][\/et_pb_column][et_pb_column type=\u00bb1_3&#8243; _builder_version=\u00bb4.16&#8243; custom_padding=\u00bb|||\u00bb global_colors_info=\u00bb{}\u00bb custom_padding__hover=\u00bb|||\u00bb][et_pb_wc_title disabled_on=\u00bbon|on|off\u00bb _builder_version=\u00bb4.16&#8243; header_font=\u00bb|700|||||||\u00bb header_font_size=\u00bb31px\u00bb custom_padding=\u00bb25px||||false|false\u00bb custom_padding_tablet=\u00bb|||15px|false|false\u00bb custom_padding_phone=\u00bb|||15px|false|false\u00bb custom_padding_last_edited=\u00bbon|tablet\u00bb global_colors_info=\u00bb{}\u00bb][\/et_pb_wc_title][et_pb_wc_rating disabled_on=\u00bbon|on|off\u00bb _builder_version=\u00bb4.16&#8243; custom_padding_tablet=\u00bb|||15px|false|false\u00bb custom_padding_phone=\u00bb|||15px|false|false\u00bb custom_padding_last_edited=\u00bbon|tablet\u00bb global_colors_info=\u00bb{}\u00bb][\/et_pb_wc_rating][et_pb_wc_price disabled_on=\u00bbon|on|on\u00bb _builder_version=\u00bb4.16&#8243; custom_margin=\u00bb||||false|false\u00bb custom_padding=\u00bb20px||||false|false\u00bb custom_padding_tablet=\u00bb|||15px|false|false\u00bb custom_padding_phone=\u00bb20px|||15px|false|false\u00bb custom_padding_last_edited=\u00bbon|tablet\u00bb disabled=\u00bbon\u00bb global_colors_info=\u00bb{}\u00bb][\/et_pb_wc_price][et_pb_wc_description _builder_version=\u00bb4.16&#8243; header_text_align=\u00bbjustify\u00bb text_orientation=\u00bbjustified\u00bb custom_padding=\u00bb20px||20px||false|false\u00bb custom_padding_tablet=\u00bb|15px||15px|false|false\u00bb custom_padding_phone=\u00bb|15px||15px|false|false\u00bb custom_padding_last_edited=\u00bbon|tablet\u00bb body_font_tablet=\u00bb|700|||||||\u00bb body_font_phone=\u00bb|700|||||||\u00bb body_font_last_edited=\u00bbon|phone\u00bb global_colors_info=\u00bb{}\u00bb][\/et_pb_wc_description][et_pb_wc_add_to_cart show_stock=\u00bboff\u00bb _builder_version=\u00bb4.16&#8243; dropdown_menus_custom_margin=\u00bb0px|0px|16px|-94px|false|false\u00bb dropdown_menus_custom_margin_tablet=\u00bb\u00bb dropdown_menus_custom_margin_phone=\u00bb0px|0px|16px|-70px|false|false\u00bb dropdown_menus_custom_margin_last_edited=\u00bbon|phone\u00bb field_label_text_color=\u00bb#545454&#8243; field_label_font_size=\u00bb17px\u00bb field_label_letter_spacing=\u00bb2px\u00bb field_label_line_height=\u00bb1.6em\u00bb fields_text_align=\u00bbcenter\u00bb dropdown_menus_font=\u00bbAldrich||||||||\u00bb dropdown_menus_font_size=\u00bb14px\u00bb custom_padding=\u00bb|||15px|false|false\u00bb field_label_font_tablet=\u00bb\u00bb field_label_font_phone=\u00bbDefault|800|||||||\u00bb field_label_font_last_edited=\u00bbon|phone\u00bb border_width_all_fields=\u00bb1px\u00bb border_radii_dropdown_menus=\u00bbon||||\u00bb border_width_all_dropdown_menus=\u00bb1px\u00bb body_font_last_edited=\u00bbon|phone\u00bb body_font_tablet=\u00bb\u00bb body_font_phone=\u00bbDefault|800|||||||\u00bb body_text_color=\u00bb#545454&#8243; body_font_size=\u00bb17px\u00bb body_letter_spacing=\u00bb2px\u00bb body_line_height=\u00bb1.6em\u00bb global_colors_info=\u00bb{}\u00bb][\/et_pb_wc_add_to_cart][\/et_pb_column][et_pb_column type=\u00bb1_3&#8243; _builder_version=\u00bb4.16&#8243; custom_padding=\u00bb|||\u00bb global_colors_info=\u00bb{}\u00bb custom_padding__hover=\u00bb|||\u00bb][et_pb_wc_images _builder_version=\u00bb4.18.0&#8243; _module_preset=\u00bbdefault\u00bb custom_padding=\u00bb20px|20px||20px|false|false\u00bb hover_enabled=\u00bb0&#8243; border_width_all_image=\u00bb5px\u00bb border_color_all_image=\u00bb#FFFFFF\u00bb global_colors_info=\u00bb{}\u00bb sale_badge_color=\u00bb#930514&#8243; border_width_all_sale_badge=\u00bb2px\u00bb border_color_all_sale_badge=\u00bb#FFFFFF\u00bb sticky_enabled=\u00bb0&#8243;][\/et_pb_wc_images][\/et_pb_column][\/et_pb_row][et_pb_row _builder_version=\u00bb4.16&#8243; background_size=\u00bbinitial\u00bb background_position=\u00bbtop_left\u00bb background_repeat=\u00bbrepeat\u00bb global_colors_info=\u00bb{}\u00bb][et_pb_column type=\u00bb4_4&#8243; _builder_version=\u00bb4.16&#8243; custom_padding=\u00bb|||\u00bb global_colors_info=\u00bb{}\u00bb custom_padding__hover=\u00bb|||\u00bb][et_pb_wc_tabs _builder_version=\u00bb4.16&#8243; body_text_align=\u00bbjustify\u00bb custom_margin=\u00bb|30px||30px|false|false\u00bb body_font_tablet=\u00bb\u00bb body_font_phone=\u00bb|700|||||||\u00bb body_font_last_edited=\u00bbon|phone\u00bb global_colors_info=\u00bb{}\u00bb]\t\t\t\t\t[\/et_pb_wc_tabs][et_pb_wc_upsells _builder_version=\u00bb4.16&#8243; global_colors_info=\u00bb{}\u00bb][\/et_pb_wc_upsells][et_pb_wc_related_products product=\u00bblatest\u00bb include_categories=\u00bb16,17&#8243; offset_number=\u00bb1&#8243; _builder_version=\u00bb4.18.0&#8243; title_line_height=\u00bb2.5em\u00bb product_title_font_size=\u00bb20px\u00bb price_text_color=\u00bbrgba(0,0,0,0)\u00bb text_orientation=\u00bbcenter\u00bb max_width=\u00bb70%\u00bb module_alignment=\u00bbcenter\u00bb custom_margin=\u00bb||||false|false\u00bb custom_padding=\u00bb||||false|false\u00bb global_module=\u00bb14893&#8243; global_colors_info=\u00bb{}\u00bb][\/et_pb_wc_related_products][\/et_pb_column][\/et_pb_row][\/et_pb_section]<\/p>","protected":false},"excerpt":{"rendered":"<p>Nuestro varietal 100% Sauvignon Blanc perfectamente adaptado a los suelos arenosos de cantos rodados segovianos.<\/p>\n<p>Un vino potente, muy varietal y frutal con gran frescura. Uno de los mejores Sauvignon Blanc de Rueda.<\/p>\n<p><span style=\"color: #630303;\"><strong><a style=\"color: #630303;\" href=\"https:\/\/martue.com\/wp-content\/uploads\/2022\/03\/ES-BN-SAUVIGNON-BLANC-2021.pdf\" target=\"_blank\" rel=\"noopener\">Ficha de Cata<\/a><\/strong><\/span><\/p>","protected":false},"featured_media":13595,"comment_status":"open","ping_status":"closed","template":"","meta":{"_et_pb_use_builder":"on","_et_pb_old_content":"<strong>La a\u00f1ada<\/strong>: La a\u00f1ada 2021 ha sido la campa\u00f1a m\u00e1s lluviosa de los \u00faltimos a\u00f1os, lo que provoc\u00f3 mucho control del vi\u00f1edo para evitar enfermedades, con desojados continuos y despunte de los vi\u00f1edos para airear los racimos. Pero lejos de suponer un problema, estas circunstancias han dado lugar a unos vinos con un car\u00e1cter y una complejidad superior a campa\u00f1as anteriores.\r\n\r\n<strong>Elaboraci\u00f3n<\/strong>: Vendimia nocturna a baja temperatura, maceraci\u00f3n en frio durante el prensado en atmosfera inerte para mantener todos los aromas, una fermentaci\u00f3n alcoh\u00f3lica prolongada y a baja temperatura con el objetivo de conservar y potenciar las caracter\u00edsticas propias de la variedad.\r\n\r\nSutil color amarillo p\u00e1lido. Intensidad arom\u00e1tica potente, una mezcla fina de aromas herb\u00e1ceos, flores y frutas con notas tropicales. F\u00e1cil en su entrada en boca, van apareciendo sutilmente los recuerdos de frutas y flores de la nariz. De elegante sedosidad, frescura envolvente y final alargado.\r\n<h3>Producci\u00f3n<\/h3>\r\n21.328 botellas bordelesas. Disponible en formato 0.75 L.\r\n<h3>Conservaci\u00f3n<\/h3>\r\nSe recomienda conservar con la botella tumbada, en un lugar a oscuras, sin vibraciones y temperatura estable entre 15-20\u00baC.\r\n<h3>Maridaje y Consumo<\/h3>\r\nSe recomienda servirlo entre 6-8\u00baC.\r\n\r\nConsumo \u00f3ptimo a\u00f1o 2022 y hasta final 2024.","_et_gb_content_width":"","om_disable_all_campaigns":false,"_joinchat":[]},"product_brand":[],"product_cat":[25,17],"product_tag":[],"class_list":{"0":"post-13572","1":"product","2":"type-product","3":"status-publish","4":"has-post-thumbnail","6":"product_cat-blancos","7":"product_cat-vinos-blanco-nieva","9":"first","10":"outofstock","11":"taxable","12":"shipping-taxable","13":"product-type-variable","14":"has-default-attributes"},"yoast_head":"<!-- This site is optimized with the Yoast SEO plugin v24.1 - https:\/\/yoast.com\/wordpress\/plugins\/seo\/ -->\n<title>Blanco Nieva Sauvignon Blanc 2021<\/title>\n<meta name=\"description\" content=\"Nuestro varietal 100% Sauvignon Blanc perfectamente adaptado a los suelos arenosos de cantos rodados segovianos.\" \/>\n<meta name=\"robots\" content=\"index, follow, max-snippet:-1, max-image-preview:large, max-video-preview:-1\" \/>\n<link rel=\"canonical\" href=\"https:\/\/martue.com\/en\/product\/blanco-nieva-sauvignon-blanc-2021\/\" \/>\n<meta property=\"og:locale\" content=\"en_GB\" \/>\n<meta property=\"og:type\" content=\"article\" \/>\n<meta property=\"og:title\" content=\"Blanco Nieva Sauvignon Blanc 2021\" \/>\n<meta property=\"og:description\" content=\"Nuestro varietal 100% Sauvignon Blanc perfectamente adaptado a los suelos arenosos de cantos rodados segovianos.\" \/>\n<meta property=\"og:url\" content=\"https:\/\/martue.com\/en\/product\/blanco-nieva-sauvignon-blanc-2021\/\" \/>\n<meta property=\"og:site_name\" content=\"Bodegas Mart\u00fae - Pago Campo de la Guardia\" \/>\n<meta property=\"article:modified_time\" content=\"2023-03-24T08:58:27+00:00\" \/>\n<meta property=\"og:image\" content=\"https:\/\/martue.com\/wp-content\/uploads\/2022\/03\/BNievaSB202-1.png\" \/>\n\t<meta property=\"og:image:width\" content=\"890\" \/>\n\t<meta property=\"og:image:height\" content=\"1952\" \/>\n\t<meta property=\"og:image:type\" content=\"image\/png\" \/>\n<meta name=\"twitter:card\" content=\"summary_large_image\" \/>\n<meta name=\"twitter:label1\" content=\"Estimated reading time\" \/>\n\t<meta name=\"twitter:data1\" content=\"1 minute\" \/>\n<script type=\"application\/ld+json\" class=\"yoast-schema-graph\">{\"@context\":\"https:\/\/schema.org\",\"@graph\":[{\"@type\":\"WebPage\",\"@id\":\"https:\/\/martue.com\/producto\/blanco-nieva-sauvignon-blanc-2021\/\",\"url\":\"https:\/\/martue.com\/producto\/blanco-nieva-sauvignon-blanc-2021\/\",\"name\":\"Blanco Nieva Sauvignon Blanc 2021\",\"isPartOf\":{\"@id\":\"https:\/\/martue.com\/#website\"},\"primaryImageOfPage\":{\"@id\":\"https:\/\/martue.com\/producto\/blanco-nieva-sauvignon-blanc-2021\/#primaryimage\"},\"image\":{\"@id\":\"https:\/\/martue.com\/producto\/blanco-nieva-sauvignon-blanc-2021\/#primaryimage\"},\"thumbnailUrl\":\"https:\/\/martue.com\/wp-content\/uploads\/2022\/03\/BNievaSB202-1.png\",\"datePublished\":\"2022-03-03T16:16:06+00:00\",\"dateModified\":\"2023-03-24T08:58:27+00:00\",\"description\":\"Nuestro varietal 100% Sauvignon Blanc perfectamente adaptado a los suelos arenosos de cantos rodados segovianos.\",\"breadcrumb\":{\"@id\":\"https:\/\/martue.com\/producto\/blanco-nieva-sauvignon-blanc-2021\/#breadcrumb\"},\"inLanguage\":\"en-GB\",\"potentialAction\":[{\"@type\":\"ReadAction\",\"target\":[\"https:\/\/martue.com\/producto\/blanco-nieva-sauvignon-blanc-2021\/\"]}]},{\"@type\":\"ImageObject\",\"inLanguage\":\"en-GB\",\"@id\":\"https:\/\/martue.com\/producto\/blanco-nieva-sauvignon-blanc-2021\/#primaryimage\",\"url\":\"https:\/\/martue.com\/wp-content\/uploads\/2022\/03\/BNievaSB202-1.png\",\"contentUrl\":\"https:\/\/martue.com\/wp-content\/uploads\/2022\/03\/BNievaSB202-1.png\",\"width\":890,\"height\":1952},{\"@type\":\"BreadcrumbList\",\"@id\":\"https:\/\/martue.com\/producto\/blanco-nieva-sauvignon-blanc-2021\/#breadcrumb\",\"itemListElement\":[{\"@type\":\"ListItem\",\"position\":1,\"name\":\"Portada\",\"item\":\"https:\/\/martue.com\/\"},{\"@type\":\"ListItem\",\"position\":2,\"name\":\"Vinos\",\"item\":\"https:\/\/martue.com\/vinos\/\"},{\"@type\":\"ListItem\",\"position\":3,\"name\":\"Blanco Nieva Sauvignon Blanc 2021\"}]},{\"@type\":\"WebSite\",\"@id\":\"https:\/\/martue.com\/#website\",\"url\":\"https:\/\/martue.com\/\",\"name\":\"Bodegas Mart\u00fae - Pago Campo de la Guardia\",\"description\":\"VINO DE PAGO CAMPO DE LA GUARDIA Es la m\u00e1xima calificaci\u00f3n que contempla la legislaci\u00f3n espa\u00f1ola en materia vitivin\u00edcola, por encima de la Denominaci\u00f3n de Origen.\",\"potentialAction\":[{\"@type\":\"SearchAction\",\"target\":{\"@type\":\"EntryPoint\",\"urlTemplate\":\"https:\/\/martue.com\/?s={search_term_string}\"},\"query-input\":{\"@type\":\"PropertyValueSpecification\",\"valueRequired\":true,\"valueName\":\"search_term_string\"}}],\"inLanguage\":\"en-GB\"}]}<\/script>\n<!-- \/ Yoast SEO plugin. -->","yoast_head_json":{"title":"Blanco Nieva Sauvignon Blanc 2021","description":"Nuestro varietal 100% Sauvignon Blanc perfectamente adaptado a los suelos arenosos de cantos rodados segovianos.","robots":{"index":"index","follow":"follow","max-snippet":"max-snippet:-1","max-image-preview":"max-image-preview:large","max-video-preview":"max-video-preview:-1"},"canonical":"https:\/\/martue.com\/en\/product\/blanco-nieva-sauvignon-blanc-2021\/","og_locale":"en_GB","og_type":"article","og_title":"Blanco Nieva Sauvignon Blanc 2021","og_description":"Nuestro varietal 100% Sauvignon Blanc perfectamente adaptado a los suelos arenosos de cantos rodados segovianos.","og_url":"https:\/\/martue.com\/en\/product\/blanco-nieva-sauvignon-blanc-2021\/","og_site_name":"Bodegas Mart\u00fae - Pago Campo de la Guardia","article_modified_time":"2023-03-24T08:58:27+00:00","og_image":[{"width":890,"height":1952,"url":"https:\/\/martue.com\/wp-content\/uploads\/2022\/03\/BNievaSB202-1.png","type":"image\/png"}],"twitter_card":"summary_large_image","twitter_misc":{"Estimated reading time":"1 minute"},"schema":{"@context":"https:\/\/schema.org","@graph":[{"@type":"WebPage","@id":"https:\/\/martue.com\/producto\/blanco-nieva-sauvignon-blanc-2021\/","url":"https:\/\/martue.com\/producto\/blanco-nieva-sauvignon-blanc-2021\/","name":"Blanco Nieva Sauvignon Blanc 2021","isPartOf":{"@id":"https:\/\/martue.com\/#website"},"primaryImageOfPage":{"@id":"https:\/\/martue.com\/producto\/blanco-nieva-sauvignon-blanc-2021\/#primaryimage"},"image":{"@id":"https:\/\/martue.com\/producto\/blanco-nieva-sauvignon-blanc-2021\/#primaryimage"},"thumbnailUrl":"https:\/\/martue.com\/wp-content\/uploads\/2022\/03\/BNievaSB202-1.png","datePublished":"2022-03-03T16:16:06+00:00","dateModified":"2023-03-24T08:58:27+00:00","description":"Nuestro varietal 100% Sauvignon Blanc perfectamente adaptado a los suelos arenosos de cantos rodados segovianos.","breadcrumb":{"@id":"https:\/\/martue.com\/producto\/blanco-nieva-sauvignon-blanc-2021\/#breadcrumb"},"inLanguage":"en-GB","potentialAction":[{"@type":"ReadAction","target":["https:\/\/martue.com\/producto\/blanco-nieva-sauvignon-blanc-2021\/"]}]},{"@type":"ImageObject","inLanguage":"en-GB","@id":"https:\/\/martue.com\/producto\/blanco-nieva-sauvignon-blanc-2021\/#primaryimage","url":"https:\/\/martue.com\/wp-content\/uploads\/2022\/03\/BNievaSB202-1.png","contentUrl":"https:\/\/martue.com\/wp-content\/uploads\/2022\/03\/BNievaSB202-1.png","width":890,"height":1952},{"@type":"BreadcrumbList","@id":"https:\/\/martue.com\/producto\/blanco-nieva-sauvignon-blanc-2021\/#breadcrumb","itemListElement":[{"@type":"ListItem","position":1,"name":"Portada","item":"https:\/\/martue.com\/"},{"@type":"ListItem","position":2,"name":"Vinos","item":"https:\/\/martue.com\/vinos\/"},{"@type":"ListItem","position":3,"name":"Blanco Nieva Sauvignon Blanc 2021"}]},{"@type":"WebSite","@id":"https:\/\/martue.com\/#website","url":"https:\/\/martue.com\/","name":"Bodegas Mart\u00fae - Pago Campo de la Guardia","description":"VINO DE PAGO CAMPO DE LA GUARDIA Es la m\u00e1xima calificaci\u00f3n que contempla la legislaci\u00f3n espa\u00f1ola en materia vitivin\u00edcola, por encima de la Denominaci\u00f3n de Origen.","potentialAction":[{"@type":"SearchAction","target":{"@type":"EntryPoint","urlTemplate":"https:\/\/martue.com\/?s={search_term_string}"},"query-input":{"@type":"PropertyValueSpecification","valueRequired":true,"valueName":"search_term_string"}}],"inLanguage":"en-GB"}]}},"_links":{"self":[{"href":"https:\/\/martue.com\/en\/wp-json\/wp\/v2\/product\/13572","targetHints":{"allow":["GET"]}}],"collection":[{"href":"https:\/\/martue.com\/en\/wp-json\/wp\/v2\/product"}],"about":[{"href":"https:\/\/martue.com\/en\/wp-json\/wp\/v2\/types\/product"}],"replies":[{"embeddable":true,"href":"https:\/\/martue.com\/en\/wp-json\/wp\/v2\/comments?post=13572"}],"wp:featuredmedia":[{"embeddable":true,"href":"https:\/\/martue.com\/en\/wp-json\/wp\/v2\/media\/13595"}],"wp:attachment":[{"href":"https:\/\/martue.com\/en\/wp-json\/wp\/v2\/media?parent=13572"}],"wp:term":[{"taxonomy":"product_brand","embeddable":true,"href":"https:\/\/martue.com\/en\/wp-json\/wp\/v2\/product_brand?post=13572"},{"taxonomy":"product_cat","embeddable":true,"href":"https:\/\/martue.com\/en\/wp-json\/wp\/v2\/product_cat?post=13572"},{"taxonomy":"product_tag","embeddable":true,"href":"https:\/\/martue.com\/en\/wp-json\/wp\/v2\/product_tag?post=13572"}],"curies":[{"name":"wp","href":"https:\/\/api.w.org\/{rel}","templated":true}]}}