{"id":1374,"date":"2019-02-19T15:24:51","date_gmt":"2019-02-19T14:24:51","guid":{"rendered":"https:\/\/martue.com\/?post_type=product&#038;p=1374"},"modified":"2022-06-09T10:44:01","modified_gmt":"2022-06-09T08:44:01","slug":"martue-chardonnay-2017","status":"publish","type":"product","link":"https:\/\/martue.com\/en\/product\/martue-chardonnay-2017\/","title":{"rendered":"Mart\u00fae Chardonnay 2017"},"content":{"rendered":"<p>[et_pb_section bb_built=\u00bb1&#8243; admin_label=\u00bbsection\u00bb _builder_version=\u00bb3.0.47&#8243;][et_pb_row admin_label=\u00bbrow\u00bb _builder_version=\u00bb3.0.48&#8243; background_size=\u00bbinitial\u00bb background_position=\u00bbtop_left\u00bb background_repeat=\u00bbrepeat\u00bb][et_pb_column type=\u00bb4_4&#8243;][et_pb_text admin_label=\u00bbText\u00bb _builder_version=\u00bb3.0.74&#8243; background_size=\u00bbinitial\u00bb background_position=\u00bbtop_left\u00bb background_repeat=\u00bbrepeat\u00bb]<\/p>\n<p>Mart\u00fae Chardonnay es un vino elaborado exclusivamente con uva Chardonnay procedente de la finca El Casar  de La Guardia.<\/p>\n<p>Fermentado en un 80% en dep\u00f3sito de acero inoxidable a baja temperatura, mientras que el 20% restante ferment\u00f3 en barricas  nuevas de roble franc\u00e9s en las cuales el vino ha permanecido sobre sus l\u00edas durante dos meses y medios, realiz\u00e1ndose un batonage diario de cada barrica. Despu\u00e9s se procede al ensamblaje \u00f3ptimo entre ambos vinos.  <\/p>\n<p>Color amarillo dorado limpio y brillante. Aroma de gran intensidad a fruta madura (pi\u00f1a, mel\u00f3n) flores blancas y fondo de pasteler\u00eda. La gran baza llega en boca. Desde que entra inunda todo con su amable sabor. Primero fresco, luego goloso, despu\u00e9s se hace grande. Su paso es muy untuoso y lento. En el final de boca, se hace presente su medida crianza en barrica, dejando un recuerdo de panader\u00eda fina.<\/p>\n<h3>Producci\u00f3n<\/h3>\n<p>De la vendimia 2017 se han embotellado 10.800 botellas borgo\u00f1a.<\/p>\n<h3>Conservaci\u00f3n<\/h3>\n<p>Se recomienda conservar con la botella tumbada, en un lugar a oscuras, sin vibraciones y temperatura estable entre 15-20\u00baC.<\/p>\n<h3>Maridaje y Consumo<\/h3>\n<p>Ideal para combinar con una gran variedad de platos, desde pescados y carnes hasta pastas y quesos.<\/p>\n<p>Se recomienda servirlo entre 5-6\u00baC.<\/p>\n<p>En caso de no estar frio se recomienda introducir en una hielera con hielo para un mejor enfriamiento.<\/p>\n<p>[\/et_pb_text][\/et_pb_column][\/et_pb_row][\/et_pb_section]<\/p>","protected":false},"excerpt":{"rendered":"<p>&nbsp;<\/p>\n<p style=\"text-align: justify;\">Fermentado en un 80% en dep\u00f3sito de acero inoxidable a baja temperatura, mientras que el 20% restante ferment\u00f3 en barricas nuevas de roble franc\u00e9s en las cuales el vino ha permanecido sobre sus l\u00edas durante dos meses y medios, realiz\u00e1ndose un batonage diario de cada barrica. Despu\u00e9s se procede al ensamblaje \u00f3ptimo entre ambos vinos.<\/p>\n<p>&nbsp;<\/p>\n<div class=\"ficha\"><a class=\"downloadsheet\" href=\"https:\/\/martue.com\/wp-content\/uploads\/2019\/02\/ES-MARTUE-CHARDONNAY-2017.pdf\" target=\"_blank\" rel=\"noopener\"><i class=\"fas fa-cloud-download-alt\"><\/i> Ficha de cata<\/a><\/div>","protected":false},"featured_media":0,"comment_status":"open","ping_status":"closed","template":"","meta":{"_et_pb_use_builder":"on","_et_pb_old_content":"Mart\u00fae Chardonnay es un vino elaborado exclusivamente con uva Chardonnay procedente de la finca El Casar  de La Guardia.\r\n\r\nFermentado en un 80% en dep\u00f3sito de acero inoxidable a baja temperatura, mientras que el 20% restante ferment\u00f3 en barricas  nuevas de roble franc\u00e9s en las cuales el vino ha permanecido sobre sus l\u00edas durante dos meses y medios, realiz\u00e1ndose un batonage diario de cada barrica. Despu\u00e9s se procede al ensamblaje \u00f3ptimo entre ambos vinos.  \r\n\r\nColor amarillo dorado limpio y brillante. Aroma de gran intensidad a fruta madura (pi\u00f1a, mel\u00f3n) flores blancas y fondo de pasteler\u00eda. La gran baza llega en boca. Desde que entra inunda todo con su amable sabor. Primero fresco, luego goloso, despu\u00e9s se hace grande. Su paso es muy untuoso y lento. En el final de boca, se hace presente su medida crianza en barrica, dejando un recuerdo de panader\u00eda fina.\r\n<h3>Producci\u00f3n<\/h3>\r\nDe la vendimia 2017 se han embotellado 10.800 botellas borgo\u00f1a.\r\n<h3>Conservaci\u00f3n<\/h3>\r\nSe recomienda conservar con la botella tumbada, en un lugar a oscuras, sin vibraciones y temperatura estable entre 15-20\u00baC.\r\n<h3>Maridaje y Consumo<\/h3>\r\nIdeal para combinar con una gran variedad de platos, desde pescados y carnes hasta pastas y quesos.\r\n\r\nSe recomienda servirlo entre 5-6\u00baC.\r\n\r\nEn caso de no estar frio se recomienda introducir en una hielera con hielo para un mejor enfriamiento.","_et_gb_content_width":"","om_disable_all_campaigns":false,"_joinchat":[]},"product_brand":[],"product_cat":[25,16],"product_tag":[],"class_list":{"0":"post-1374","1":"product","2":"type-product","3":"status-publish","5":"product_cat-blancos","6":"product_cat-vinos-martue","8":"first","9":"outofstock","10":"taxable","11":"shipping-taxable","12":"product-type-variable"},"yoast_head":"<!-- This site is optimized with the Yoast SEO plugin v24.1 - https:\/\/yoast.com\/wordpress\/plugins\/seo\/ -->\n<title>Mart\u00fae Chardonnay 2016<\/title>\n<meta name=\"description\" content=\"Mart\u00fae Chardonnay presenta a la vista un limpio y brillante color amarillo. Franco y punzante en nariz, emite un intenso olor de flores blancas entremezclado con toques de pasteler\u00eda. Con el tiempo en la copa, los primeros aromas florales\" \/>\n<meta name=\"robots\" content=\"index, follow, max-snippet:-1, max-image-preview:large, max-video-preview:-1\" \/>\n<link rel=\"canonical\" href=\"https:\/\/martue.com\/en\/product\/martue-chardonnay-2017\/\" \/>\n<meta property=\"og:locale\" content=\"en_GB\" \/>\n<meta property=\"og:type\" content=\"article\" \/>\n<meta property=\"og:title\" content=\"Mart\u00fae Chardonnay 2016\" \/>\n<meta property=\"og:description\" content=\"Mart\u00fae Chardonnay presenta a la vista un limpio y brillante color amarillo. Franco y punzante en nariz, emite un intenso olor de flores blancas entremezclado con toques de pasteler\u00eda. Con el tiempo en la copa, los primeros aromas florales\" \/>\n<meta property=\"og:url\" content=\"https:\/\/martue.com\/en\/product\/martue-chardonnay-2017\/\" \/>\n<meta property=\"og:site_name\" content=\"Bodegas Mart\u00fae - Pago Campo de la Guardia\" \/>\n<meta property=\"article:modified_time\" content=\"2022-06-09T08:44:01+00:00\" \/>\n<meta name=\"twitter:card\" content=\"summary_large_image\" \/>\n<meta name=\"twitter:label1\" content=\"Estimated reading time\" \/>\n\t<meta name=\"twitter:data1\" content=\"1 minute\" \/>\n<script type=\"application\/ld+json\" class=\"yoast-schema-graph\">{\"@context\":\"https:\/\/schema.org\",\"@graph\":[{\"@type\":\"WebPage\",\"@id\":\"https:\/\/martue.com\/en\/product\/martue-chardonnay-2017\/\",\"url\":\"https:\/\/martue.com\/en\/product\/martue-chardonnay-2017\/\",\"name\":\"Mart\u00fae Chardonnay 2016\",\"isPartOf\":{\"@id\":\"https:\/\/martue.com\/#website\"},\"datePublished\":\"2019-02-19T14:24:51+00:00\",\"dateModified\":\"2022-06-09T08:44:01+00:00\",\"description\":\"Mart\u00fae Chardonnay presenta a la vista un limpio y brillante color amarillo. Franco y punzante en nariz, emite un intenso olor de flores blancas entremezclado con toques de pasteler\u00eda. Con el tiempo en la copa, los primeros aromas florales\",\"breadcrumb\":{\"@id\":\"https:\/\/martue.com\/en\/product\/martue-chardonnay-2017\/#breadcrumb\"},\"inLanguage\":\"en-GB\",\"potentialAction\":[{\"@type\":\"ReadAction\",\"target\":[\"https:\/\/martue.com\/en\/product\/martue-chardonnay-2017\/\"]}]},{\"@type\":\"BreadcrumbList\",\"@id\":\"https:\/\/martue.com\/en\/product\/martue-chardonnay-2017\/#breadcrumb\",\"itemListElement\":[{\"@type\":\"ListItem\",\"position\":1,\"name\":\"Portada\",\"item\":\"https:\/\/martue.com\/\"},{\"@type\":\"ListItem\",\"position\":2,\"name\":\"Vinos\",\"item\":\"https:\/\/martue.com\/vinos\/\"},{\"@type\":\"ListItem\",\"position\":3,\"name\":\"Mart\u00fae Chardonnay 2017\"}]},{\"@type\":\"WebSite\",\"@id\":\"https:\/\/martue.com\/#website\",\"url\":\"https:\/\/martue.com\/\",\"name\":\"Bodegas Mart\u00fae - Pago Campo de la Guardia\",\"description\":\"VINO DE PAGO CAMPO DE LA GUARDIA Es la m\u00e1xima calificaci\u00f3n que contempla la legislaci\u00f3n espa\u00f1ola en materia vitivin\u00edcola, por encima de la Denominaci\u00f3n de Origen.\",\"potentialAction\":[{\"@type\":\"SearchAction\",\"target\":{\"@type\":\"EntryPoint\",\"urlTemplate\":\"https:\/\/martue.com\/?s={search_term_string}\"},\"query-input\":{\"@type\":\"PropertyValueSpecification\",\"valueRequired\":true,\"valueName\":\"search_term_string\"}}],\"inLanguage\":\"en-GB\"}]}<\/script>\n<!-- \/ Yoast SEO plugin. -->","yoast_head_json":{"title":"Mart\u00fae Chardonnay 2016","description":"Mart\u00fae Chardonnay presenta a la vista un limpio y brillante color amarillo. Franco y punzante en nariz, emite un intenso olor de flores blancas entremezclado con toques de pasteler\u00eda. Con el tiempo en la copa, los primeros aromas florales","robots":{"index":"index","follow":"follow","max-snippet":"max-snippet:-1","max-image-preview":"max-image-preview:large","max-video-preview":"max-video-preview:-1"},"canonical":"https:\/\/martue.com\/en\/product\/martue-chardonnay-2017\/","og_locale":"en_GB","og_type":"article","og_title":"Mart\u00fae Chardonnay 2016","og_description":"Mart\u00fae Chardonnay presenta a la vista un limpio y brillante color amarillo. Franco y punzante en nariz, emite un intenso olor de flores blancas entremezclado con toques de pasteler\u00eda. Con el tiempo en la copa, los primeros aromas florales","og_url":"https:\/\/martue.com\/en\/product\/martue-chardonnay-2017\/","og_site_name":"Bodegas Mart\u00fae - Pago Campo de la Guardia","article_modified_time":"2022-06-09T08:44:01+00:00","twitter_card":"summary_large_image","twitter_misc":{"Estimated reading time":"1 minute"},"schema":{"@context":"https:\/\/schema.org","@graph":[{"@type":"WebPage","@id":"https:\/\/martue.com\/en\/product\/martue-chardonnay-2017\/","url":"https:\/\/martue.com\/en\/product\/martue-chardonnay-2017\/","name":"Mart\u00fae Chardonnay 2016","isPartOf":{"@id":"https:\/\/martue.com\/#website"},"datePublished":"2019-02-19T14:24:51+00:00","dateModified":"2022-06-09T08:44:01+00:00","description":"Mart\u00fae Chardonnay presenta a la vista un limpio y brillante color amarillo. Franco y punzante en nariz, emite un intenso olor de flores blancas entremezclado con toques de pasteler\u00eda. Con el tiempo en la copa, los primeros aromas florales","breadcrumb":{"@id":"https:\/\/martue.com\/en\/product\/martue-chardonnay-2017\/#breadcrumb"},"inLanguage":"en-GB","potentialAction":[{"@type":"ReadAction","target":["https:\/\/martue.com\/en\/product\/martue-chardonnay-2017\/"]}]},{"@type":"BreadcrumbList","@id":"https:\/\/martue.com\/en\/product\/martue-chardonnay-2017\/#breadcrumb","itemListElement":[{"@type":"ListItem","position":1,"name":"Portada","item":"https:\/\/martue.com\/"},{"@type":"ListItem","position":2,"name":"Vinos","item":"https:\/\/martue.com\/vinos\/"},{"@type":"ListItem","position":3,"name":"Mart\u00fae Chardonnay 2017"}]},{"@type":"WebSite","@id":"https:\/\/martue.com\/#website","url":"https:\/\/martue.com\/","name":"Bodegas Mart\u00fae - Pago Campo de la Guardia","description":"VINO DE PAGO CAMPO DE LA GUARDIA Es la m\u00e1xima calificaci\u00f3n que contempla la legislaci\u00f3n espa\u00f1ola en materia vitivin\u00edcola, por encima de la Denominaci\u00f3n de Origen.","potentialAction":[{"@type":"SearchAction","target":{"@type":"EntryPoint","urlTemplate":"https:\/\/martue.com\/?s={search_term_string}"},"query-input":{"@type":"PropertyValueSpecification","valueRequired":true,"valueName":"search_term_string"}}],"inLanguage":"en-GB"}]}},"_links":{"self":[{"href":"https:\/\/martue.com\/en\/wp-json\/wp\/v2\/product\/1374","targetHints":{"allow":["GET"]}}],"collection":[{"href":"https:\/\/martue.com\/en\/wp-json\/wp\/v2\/product"}],"about":[{"href":"https:\/\/martue.com\/en\/wp-json\/wp\/v2\/types\/product"}],"replies":[{"embeddable":true,"href":"https:\/\/martue.com\/en\/wp-json\/wp\/v2\/comments?post=1374"}],"wp:attachment":[{"href":"https:\/\/martue.com\/en\/wp-json\/wp\/v2\/media?parent=1374"}],"wp:term":[{"taxonomy":"product_brand","embeddable":true,"href":"https:\/\/martue.com\/en\/wp-json\/wp\/v2\/product_brand?post=1374"},{"taxonomy":"product_cat","embeddable":true,"href":"https:\/\/martue.com\/en\/wp-json\/wp\/v2\/product_cat?post=1374"},{"taxonomy":"product_tag","embeddable":true,"href":"https:\/\/martue.com\/en\/wp-json\/wp\/v2\/product_tag?post=1374"}],"curies":[{"name":"wp","href":"https:\/\/api.w.org\/{rel}","templated":true}]}}