{"id":14556,"date":"2022-11-22T16:33:13","date_gmt":"2022-11-22T15:33:13","guid":{"rendered":"https:\/\/martue.com\/?post_type=product&#038;p=14556"},"modified":"2025-02-27T13:00:45","modified_gmt":"2025-02-27T12:00:45","slug":"martue-especial-2017-mg","status":"publish","type":"product","link":"https:\/\/martue.com\/en\/product\/martue-especial-2017-mg\/","title":{"rendered":"Mart\u00fae Especial 2017 Magnum"},"content":{"rendered":"<p>[et_pb_section fb_built=\u00bb1&#8243; _builder_version=\u00bb4.16&#8243; custom_padding=\u00bb0px||||false|false\u00bb collapsed=\u00bbon\u00bb global_colors_info=\u00bb{}\u00bb][et_pb_row _builder_version=\u00bb4.16&#8243; global_colors_info=\u00bb{}\u00bb][et_pb_column type=\u00bb4_4&#8243; _builder_version=\u00bb4.16&#8243; custom_padding=\u00bb|||\u00bb global_colors_info=\u00bb{}\u00bb custom_padding__hover=\u00bb|||\u00bb][et_pb_wc_cart_notice _builder_version=\u00bb4.16&#8243; global_colors_info=\u00bb{}\u00bb][\/et_pb_wc_cart_notice][\/et_pb_column][\/et_pb_row][et_pb_row column_structure=\u00bb1_3,1_3,1_3&#8243; _builder_version=\u00bb4.16&#8243; global_colors_info=\u00bb{}\u00bb][et_pb_column type=\u00bb1_3&#8243; _builder_version=\u00bb4.16&#8243; custom_padding=\u00bb|||\u00bb global_colors_info=\u00bb{}\u00bb custom_padding__hover=\u00bb|||\u00bb][et_pb_wc_images show_product_image=\u00bbon\u00bb show_product_gallery=\u00bboff\u00bb show_sale_badge=\u00bboff\u00bb _builder_version=\u00bb4.18.0&#8243; min_height=\u00bb850px\u00bb custom_margin=\u00bb||0px||false|false\u00bb custom_padding=\u00bb|100px|0px|100px|false|false\u00bb custom_padding_tablet=\u00bb|130px||130px|false|false\u00bb custom_padding_phone=\u00bb|0px||0px|false|false\u00bb custom_padding_last_edited=\u00bbon|tablet\u00bb hover_enabled=\u00bb0&#8243; global_colors_info=\u00bb{}\u00bb sticky_enabled=\u00bb0&#8243;][\/et_pb_wc_images][\/et_pb_column][et_pb_column type=\u00bb1_3&#8243; _builder_version=\u00bb4.16&#8243; custom_padding=\u00bb|||\u00bb global_colors_info=\u00bb{}\u00bb custom_padding__hover=\u00bb|||\u00bb][et_pb_wc_title _builder_version=\u00bb4.16&#8243; header_font=\u00bb|700|||||||\u00bb header_font_size=\u00bb31px\u00bb custom_padding=\u00bb25px||||false|false\u00bb custom_padding_tablet=\u00bb|||15px|false|false\u00bb custom_padding_phone=\u00bb|||15px|false|false\u00bb custom_padding_last_edited=\u00bbon|tablet\u00bb global_colors_info=\u00bb{}\u00bb][\/et_pb_wc_title][et_pb_wc_rating _builder_version=\u00bb4.16&#8243; custom_padding_tablet=\u00bb|||15px|false|false\u00bb custom_padding_phone=\u00bb|||15px|false|false\u00bb custom_padding_last_edited=\u00bbon|tablet\u00bb global_colors_info=\u00bb{}\u00bb][\/et_pb_wc_rating][et_pb_wc_price _builder_version=\u00bb4.18.0&#8243; body_text_color=\u00bb#FFFFFF\u00bb custom_margin=\u00bb||||false|false\u00bb custom_padding=\u00bb20px||||false|false\u00bb custom_padding_tablet=\u00bb|||15px|false|false\u00bb custom_padding_phone=\u00bb20px|||15px|false|false\u00bb custom_padding_last_edited=\u00bbon|tablet\u00bb global_colors_info=\u00bb{}\u00bb][\/et_pb_wc_price][et_pb_wc_description _builder_version=\u00bb4.16&#8243; header_text_align=\u00bbjustify\u00bb text_orientation=\u00bbjustified\u00bb custom_padding=\u00bb20px||20px||false|false\u00bb custom_padding_tablet=\u00bb|15px||15px|false|false\u00bb custom_padding_phone=\u00bb|15px||15px|false|false\u00bb custom_padding_last_edited=\u00bbon|tablet\u00bb body_font_tablet=\u00bb\u00bb body_font_phone=\u00bb|700|||||||\u00bb body_font_last_edited=\u00bbon|phone\u00bb global_colors_info=\u00bb{}\u00bb][\/et_pb_wc_description][et_pb_wc_add_to_cart show_stock=\u00bboff\u00bb _builder_version=\u00bb4.16&#8243; dropdown_menus_custom_margin=\u00bb0px|0px|16px|-94px|false|false\u00bb dropdown_menus_custom_margin_tablet=\u00bb\u00bb dropdown_menus_custom_margin_phone=\u00bb0px|0px|16px|-70px|false|false\u00bb dropdown_menus_custom_margin_last_edited=\u00bbon|phone\u00bb field_label_text_color=\u00bb#545454&#8243; field_label_font_size=\u00bb17px\u00bb field_label_letter_spacing=\u00bb2px\u00bb field_label_line_height=\u00bb1.6em\u00bb fields_text_align=\u00bbcenter\u00bb dropdown_menus_font=\u00bbAldrich||||||||\u00bb dropdown_menus_font_size=\u00bb14px\u00bb custom_padding=\u00bb|||15px|false|false\u00bb field_label_font_tablet=\u00bb\u00bb field_label_font_phone=\u00bbDefault|800|||||||\u00bb field_label_font_last_edited=\u00bbon|phone\u00bb border_width_all_fields=\u00bb1px\u00bb border_radii_dropdown_menus=\u00bbon||||\u00bb border_width_all_dropdown_menus=\u00bb1px\u00bb body_font_last_edited=\u00bbon|phone\u00bb body_font_tablet=\u00bb\u00bb body_font_phone=\u00bbDefault|800|||||||\u00bb body_text_color=\u00bb#545454&#8243; body_font_size=\u00bb17px\u00bb body_letter_spacing=\u00bb2px\u00bb body_line_height=\u00bb1.6em\u00bb global_colors_info=\u00bb{}\u00bb][\/et_pb_wc_add_to_cart][\/et_pb_column][et_pb_column type=\u00bb1_3&#8243; _builder_version=\u00bb4.16&#8243; custom_padding=\u00bb|||\u00bb global_colors_info=\u00bb{}\u00bb custom_padding__hover=\u00bb|||\u00bb][et_pb_wc_images _builder_version=\u00bb4.18.0&#8243; _module_preset=\u00bbdefault\u00bb custom_padding=\u00bb20px|20px||20px|false|false\u00bb border_width_all_image=\u00bb5px\u00bb border_color_all_image=\u00bb#FFFFFF\u00bb global_colors_info=\u00bb{}\u00bb][\/et_pb_wc_images][\/et_pb_column][\/et_pb_row][et_pb_row _builder_version=\u00bb4.16&#8243; global_colors_info=\u00bb{}\u00bb][et_pb_column type=\u00bb4_4&#8243; _builder_version=\u00bb4.16&#8243; custom_padding=\u00bb|||\u00bb global_colors_info=\u00bb{}\u00bb custom_padding__hover=\u00bb|||\u00bb][et_pb_wc_tabs _builder_version=\u00bb4.16&#8243; body_text_align=\u00bbjustify\u00bb custom_margin=\u00bb|30px||30px|false|false\u00bb body_font_tablet=\u00bb\u00bb body_font_phone=\u00bb|700|||||||\u00bb body_font_last_edited=\u00bbon|phone\u00bb global_colors_info=\u00bb{}\u00bb] [\/et_pb_wc_tabs][et_pb_wc_upsells _builder_version=\u00bb4.16&#8243; global_colors_info=\u00bb{}\u00bb][\/et_pb_wc_upsells][et_pb_wc_related_products product=\u00bblatest\u00bb include_categories=\u00bb16,17&#8243; offset_number=\u00bb1&#8243; _builder_version=\u00bb4.18.0&#8243; title_line_height=\u00bb2.5em\u00bb product_title_font_size=\u00bb20px\u00bb price_text_color=\u00bbrgba(0,0,0,0)\u00bb text_orientation=\u00bbcenter\u00bb max_width=\u00bb70%\u00bb module_alignment=\u00bbcenter\u00bb custom_margin=\u00bb||||false|false\u00bb custom_padding=\u00bb||||false|false\u00bb global_module=\u00bb14893&#8243; global_colors_info=\u00bb{}\u00bb][\/et_pb_wc_related_products][\/et_pb_column][\/et_pb_row][\/et_pb_section]<\/p>","protected":false},"excerpt":{"rendered":"<p style=\"text-align: justify;\">Minucioso\u00a0<strong>coupage<\/strong> de las variedades Petit Verdot, Syrah y Merlot<strong>,<\/strong>\u00a0procedentes de las cepas m\u00e1s antiguas de las fincas\u00a0<strong>Campo Martuela<\/strong>\u00a0y\u00a0<strong>El Casar de La Guardia<\/strong>.<\/p>\n<p style=\"text-align: justify;\">Cada una de las variedades ha sido fermentada por separado con largas maceraciones y, despu\u00e9s, el vino ha\u00a0<strong>permanecido durante 14 meses en barricas de roble franc\u00e9s<\/strong>.<\/p>\n<p><strong><a href=\"https:\/\/martue.com\/wp-content\/uploads\/2022\/03\/MARTUE-ESPECIAL-2017.pdf\" target=\"_blank\" rel=\"noopener\">Ficha de Cata<\/a><\/strong><\/p>","protected":false},"featured_media":14560,"comment_status":"open","ping_status":"closed","template":"","meta":{"_et_pb_use_builder":"on","_et_pb_old_content":"<strong>Procedente de las cepas m\u00e1s antiguas de las fincas Campo Martuela y El Casar de La Guardia, <\/strong>este vino es un minucioso coupage elaborado con Petit Verdot, Syrah y Merlot<strong>. <\/strong>Cada una de las variedades ha sido fermentada por separado con largas maceraciones y, despu\u00e9s, el vino ha permanecido durante 14 meses en barricas de roble franc\u00e9s.\r\n\r\nBonito color rojo picota intenso de alta capa. Complejo e intenso aroma, muy bien conjugado, donde hay muchos matices, pero formando un conjunto arm\u00f3nico: frutos negros, heno, trufa, cacao, madera seca, tierra, mineralidad. Entra con nervio en boca, llena todo, sabroso, carnoso. Mas frutal en la boca, cierta frescura alegra el paso. Bien pulido, combina a la perfecci\u00f3n la dif\u00edcil ecuaci\u00f3n de potencia y elegancia. Es grande, y lo ser\u00e1 por mucho tiempo.\r\n\r\nUna <strong>edici\u00f3n \u00fanica<\/strong> y <strong>limitada<\/strong> del tinto <strong>Mart\u00fae<\/strong> que s\u00f3lo se elabora <strong>cuando la a\u00f1ada es excepcional<\/strong> y a partir de las mejores y m\u00e1s antiguas cepas de sus pagos.","_et_gb_content_width":"","om_disable_all_campaigns":false,"_joinchat":[]},"product_brand":[],"product_cat":[16],"product_tag":[],"class_list":{"0":"post-14556","1":"product","2":"type-product","3":"status-publish","4":"has-post-thumbnail","6":"product_cat-vinos-martue","8":"first","9":"outofstock","10":"taxable","11":"shipping-taxable","12":"product-type-variable","13":"has-default-attributes"},"yoast_head":"<!-- This site is optimized with the Yoast SEO plugin v24.1 - https:\/\/yoast.com\/wordpress\/plugins\/seo\/ -->\n<title>Mart\u00fae Especial 2018<\/title>\n<meta name=\"description\" content=\"De la vendimia de 2018 se han embotellado 18.520 botellas bordelesas. Procedente de las cepas m\u00e1s antiguas de las fincas Campo Martuela y El Casar de La Guardia, este vino es un minucioso coupage elaborado con un Petit Verdot, Syrah y Merlot. Cada una de las variedades ha sido fermentada por separado con largas maceraciones y, despu\u00e9s, el vino ha permanecido durante 14 meses en barricas de roble franc\u00e9s.\u00a0\" \/>\n<meta name=\"robots\" content=\"index, follow, max-snippet:-1, max-image-preview:large, max-video-preview:-1\" \/>\n<link rel=\"canonical\" href=\"https:\/\/martue.com\/en\/product\/martue-especial-2017-mg\/\" \/>\n<meta property=\"og:locale\" content=\"en_GB\" \/>\n<meta property=\"og:type\" content=\"article\" \/>\n<meta property=\"og:title\" content=\"Mart\u00fae Especial 2018\" \/>\n<meta property=\"og:description\" content=\"De la vendimia de 2018 se han embotellado 18.520 botellas bordelesas. Procedente de las cepas m\u00e1s antiguas de las fincas Campo Martuela y El Casar de La Guardia, este vino es un minucioso coupage elaborado con un Petit Verdot, Syrah y Merlot. Cada una de las variedades ha sido fermentada por separado con largas maceraciones y, despu\u00e9s, el vino ha permanecido durante 14 meses en barricas de roble franc\u00e9s.\u00a0\" \/>\n<meta property=\"og:url\" content=\"https:\/\/martue.com\/en\/product\/martue-especial-2017-mg\/\" \/>\n<meta property=\"og:site_name\" content=\"Bodegas Mart\u00fae - Pago Campo de la Guardia\" \/>\n<meta property=\"article:modified_time\" content=\"2025-02-27T12:00:45+00:00\" \/>\n<meta property=\"og:image\" content=\"https:\/\/martue.com\/wp-content\/uploads\/2022\/11\/MESPECIAL17MG.png\" \/>\n\t<meta property=\"og:image:width\" content=\"890\" \/>\n\t<meta property=\"og:image:height\" content=\"1952\" \/>\n\t<meta property=\"og:image:type\" content=\"image\/png\" \/>\n<meta name=\"twitter:card\" content=\"summary_large_image\" \/>\n<meta name=\"twitter:label1\" content=\"Estimated reading time\" \/>\n\t<meta name=\"twitter:data1\" content=\"1 minute\" \/>\n<script type=\"application\/ld+json\" class=\"yoast-schema-graph\">{\"@context\":\"https:\/\/schema.org\",\"@graph\":[{\"@type\":\"WebPage\",\"@id\":\"https:\/\/martue.com\/producto\/martue-especial-2017-mg\/\",\"url\":\"https:\/\/martue.com\/producto\/martue-especial-2017-mg\/\",\"name\":\"Mart\u00fae Especial 2018\",\"isPartOf\":{\"@id\":\"https:\/\/martue.com\/#website\"},\"primaryImageOfPage\":{\"@id\":\"https:\/\/martue.com\/producto\/martue-especial-2017-mg\/#primaryimage\"},\"image\":{\"@id\":\"https:\/\/martue.com\/producto\/martue-especial-2017-mg\/#primaryimage\"},\"thumbnailUrl\":\"https:\/\/martue.com\/wp-content\/uploads\/2022\/11\/MESPECIAL17MG.png\",\"datePublished\":\"2022-11-22T15:33:13+00:00\",\"dateModified\":\"2025-02-27T12:00:45+00:00\",\"description\":\"De la vendimia de 2018 se han embotellado 18.520 botellas bordelesas. Procedente de las cepas m\u00e1s antiguas de las fincas Campo Martuela y El Casar de La Guardia, este vino es un minucioso coupage elaborado con un Petit Verdot, Syrah y Merlot. Cada una de las variedades ha sido fermentada por separado con largas maceraciones y, despu\u00e9s, el vino ha permanecido durante 14 meses en barricas de roble franc\u00e9s.\u00a0\",\"breadcrumb\":{\"@id\":\"https:\/\/martue.com\/producto\/martue-especial-2017-mg\/#breadcrumb\"},\"inLanguage\":\"en-GB\",\"potentialAction\":[{\"@type\":\"ReadAction\",\"target\":[\"https:\/\/martue.com\/producto\/martue-especial-2017-mg\/\"]}]},{\"@type\":\"ImageObject\",\"inLanguage\":\"en-GB\",\"@id\":\"https:\/\/martue.com\/producto\/martue-especial-2017-mg\/#primaryimage\",\"url\":\"https:\/\/martue.com\/wp-content\/uploads\/2022\/11\/MESPECIAL17MG.png\",\"contentUrl\":\"https:\/\/martue.com\/wp-content\/uploads\/2022\/11\/MESPECIAL17MG.png\",\"width\":890,\"height\":1952},{\"@type\":\"BreadcrumbList\",\"@id\":\"https:\/\/martue.com\/producto\/martue-especial-2017-mg\/#breadcrumb\",\"itemListElement\":[{\"@type\":\"ListItem\",\"position\":1,\"name\":\"Portada\",\"item\":\"https:\/\/martue.com\/\"},{\"@type\":\"ListItem\",\"position\":2,\"name\":\"Vinos\",\"item\":\"https:\/\/martue.com\/vinos\/\"},{\"@type\":\"ListItem\",\"position\":3,\"name\":\"Mart\u00fae Especial 2017 Magnum\"}]},{\"@type\":\"WebSite\",\"@id\":\"https:\/\/martue.com\/#website\",\"url\":\"https:\/\/martue.com\/\",\"name\":\"Bodegas Mart\u00fae - Pago Campo de la Guardia\",\"description\":\"VINO DE PAGO CAMPO DE LA GUARDIA Es la m\u00e1xima calificaci\u00f3n que contempla la legislaci\u00f3n espa\u00f1ola en materia vitivin\u00edcola, por encima de la Denominaci\u00f3n de Origen.\",\"potentialAction\":[{\"@type\":\"SearchAction\",\"target\":{\"@type\":\"EntryPoint\",\"urlTemplate\":\"https:\/\/martue.com\/?s={search_term_string}\"},\"query-input\":{\"@type\":\"PropertyValueSpecification\",\"valueRequired\":true,\"valueName\":\"search_term_string\"}}],\"inLanguage\":\"en-GB\"}]}<\/script>\n<!-- \/ Yoast SEO plugin. -->","yoast_head_json":{"title":"Mart\u00fae Especial 2018","description":"De la vendimia de 2018 se han embotellado 18.520 botellas bordelesas. Procedente de las cepas m\u00e1s antiguas de las fincas Campo Martuela y El Casar de La Guardia, este vino es un minucioso coupage elaborado con un Petit Verdot, Syrah y Merlot. Cada una de las variedades ha sido fermentada por separado con largas maceraciones y, despu\u00e9s, el vino ha permanecido durante 14 meses en barricas de roble franc\u00e9s.\u00a0","robots":{"index":"index","follow":"follow","max-snippet":"max-snippet:-1","max-image-preview":"max-image-preview:large","max-video-preview":"max-video-preview:-1"},"canonical":"https:\/\/martue.com\/en\/product\/martue-especial-2017-mg\/","og_locale":"en_GB","og_type":"article","og_title":"Mart\u00fae Especial 2018","og_description":"De la vendimia de 2018 se han embotellado 18.520 botellas bordelesas. Procedente de las cepas m\u00e1s antiguas de las fincas Campo Martuela y El Casar de La Guardia, este vino es un minucioso coupage elaborado con un Petit Verdot, Syrah y Merlot. Cada una de las variedades ha sido fermentada por separado con largas maceraciones y, despu\u00e9s, el vino ha permanecido durante 14 meses en barricas de roble franc\u00e9s.\u00a0","og_url":"https:\/\/martue.com\/en\/product\/martue-especial-2017-mg\/","og_site_name":"Bodegas Mart\u00fae - Pago Campo de la Guardia","article_modified_time":"2025-02-27T12:00:45+00:00","og_image":[{"width":890,"height":1952,"url":"https:\/\/martue.com\/wp-content\/uploads\/2022\/11\/MESPECIAL17MG.png","type":"image\/png"}],"twitter_card":"summary_large_image","twitter_misc":{"Estimated reading time":"1 minute"},"schema":{"@context":"https:\/\/schema.org","@graph":[{"@type":"WebPage","@id":"https:\/\/martue.com\/producto\/martue-especial-2017-mg\/","url":"https:\/\/martue.com\/producto\/martue-especial-2017-mg\/","name":"Mart\u00fae Especial 2018","isPartOf":{"@id":"https:\/\/martue.com\/#website"},"primaryImageOfPage":{"@id":"https:\/\/martue.com\/producto\/martue-especial-2017-mg\/#primaryimage"},"image":{"@id":"https:\/\/martue.com\/producto\/martue-especial-2017-mg\/#primaryimage"},"thumbnailUrl":"https:\/\/martue.com\/wp-content\/uploads\/2022\/11\/MESPECIAL17MG.png","datePublished":"2022-11-22T15:33:13+00:00","dateModified":"2025-02-27T12:00:45+00:00","description":"De la vendimia de 2018 se han embotellado 18.520 botellas bordelesas. Procedente de las cepas m\u00e1s antiguas de las fincas Campo Martuela y El Casar de La Guardia, este vino es un minucioso coupage elaborado con un Petit Verdot, Syrah y Merlot. Cada una de las variedades ha sido fermentada por separado con largas maceraciones y, despu\u00e9s, el vino ha permanecido durante 14 meses en barricas de roble franc\u00e9s.\u00a0","breadcrumb":{"@id":"https:\/\/martue.com\/producto\/martue-especial-2017-mg\/#breadcrumb"},"inLanguage":"en-GB","potentialAction":[{"@type":"ReadAction","target":["https:\/\/martue.com\/producto\/martue-especial-2017-mg\/"]}]},{"@type":"ImageObject","inLanguage":"en-GB","@id":"https:\/\/martue.com\/producto\/martue-especial-2017-mg\/#primaryimage","url":"https:\/\/martue.com\/wp-content\/uploads\/2022\/11\/MESPECIAL17MG.png","contentUrl":"https:\/\/martue.com\/wp-content\/uploads\/2022\/11\/MESPECIAL17MG.png","width":890,"height":1952},{"@type":"BreadcrumbList","@id":"https:\/\/martue.com\/producto\/martue-especial-2017-mg\/#breadcrumb","itemListElement":[{"@type":"ListItem","position":1,"name":"Portada","item":"https:\/\/martue.com\/"},{"@type":"ListItem","position":2,"name":"Vinos","item":"https:\/\/martue.com\/vinos\/"},{"@type":"ListItem","position":3,"name":"Mart\u00fae Especial 2017 Magnum"}]},{"@type":"WebSite","@id":"https:\/\/martue.com\/#website","url":"https:\/\/martue.com\/","name":"Bodegas Mart\u00fae - Pago Campo de la Guardia","description":"VINO DE PAGO CAMPO DE LA GUARDIA Es la m\u00e1xima calificaci\u00f3n que contempla la legislaci\u00f3n espa\u00f1ola en materia vitivin\u00edcola, por encima de la Denominaci\u00f3n de Origen.","potentialAction":[{"@type":"SearchAction","target":{"@type":"EntryPoint","urlTemplate":"https:\/\/martue.com\/?s={search_term_string}"},"query-input":{"@type":"PropertyValueSpecification","valueRequired":true,"valueName":"search_term_string"}}],"inLanguage":"en-GB"}]}},"_links":{"self":[{"href":"https:\/\/martue.com\/en\/wp-json\/wp\/v2\/product\/14556","targetHints":{"allow":["GET"]}}],"collection":[{"href":"https:\/\/martue.com\/en\/wp-json\/wp\/v2\/product"}],"about":[{"href":"https:\/\/martue.com\/en\/wp-json\/wp\/v2\/types\/product"}],"replies":[{"embeddable":true,"href":"https:\/\/martue.com\/en\/wp-json\/wp\/v2\/comments?post=14556"}],"wp:featuredmedia":[{"embeddable":true,"href":"https:\/\/martue.com\/en\/wp-json\/wp\/v2\/media\/14560"}],"wp:attachment":[{"href":"https:\/\/martue.com\/en\/wp-json\/wp\/v2\/media?parent=14556"}],"wp:term":[{"taxonomy":"product_brand","embeddable":true,"href":"https:\/\/martue.com\/en\/wp-json\/wp\/v2\/product_brand?post=14556"},{"taxonomy":"product_cat","embeddable":true,"href":"https:\/\/martue.com\/en\/wp-json\/wp\/v2\/product_cat?post=14556"},{"taxonomy":"product_tag","embeddable":true,"href":"https:\/\/martue.com\/en\/wp-json\/wp\/v2\/product_tag?post=14556"}],"curies":[{"name":"wp","href":"https:\/\/api.w.org\/{rel}","templated":true}]}}