{"id":15194,"date":"2023-05-29T17:18:43","date_gmt":"2023-05-29T15:18:43","guid":{"rendered":"https:\/\/martue.com\/?post_type=product&#038;p=15194"},"modified":"2025-02-18T13:23:22","modified_gmt":"2025-02-18T12:23:22","slug":"martue-evolution-roble-2021-3litros","status":"publish","type":"product","link":"https:\/\/martue.com\/en\/product\/martue-evolution-roble-2021-3litros\/","title":{"rendered":"Mart\u00fae Evolution Roble 2021 &#8211; 3Litros"},"content":{"rendered":"<p>[et_pb_section fb_built=\u00bb1&#8243; _builder_version=\u00bb4.16&#8243; width=\u00bb100%\u00bb custom_padding=\u00bb0px||||false|false\u00bb collapsed=\u00bbon\u00bb global_colors_info=\u00bb{}\u00bb][et_pb_row _builder_version=\u00bb4.16&#8243; background_size=\u00bbinitial\u00bb background_position=\u00bbtop_left\u00bb background_repeat=\u00bbrepeat\u00bb custom_padding=\u00bb0px||0px||false|false\u00bb global_colors_info=\u00bb{}\u00bb][et_pb_column type=\u00bb4_4&#8243; _builder_version=\u00bb4.16&#8243; custom_padding=\u00bb|||\u00bb global_colors_info=\u00bb{}\u00bb custom_padding__hover=\u00bb|||\u00bb][et_pb_wc_cart_notice _builder_version=\u00bb4.16&#8243; global_colors_info=\u00bb{}\u00bb][\/et_pb_wc_cart_notice][\/et_pb_column][\/et_pb_row][et_pb_row column_structure=\u00bb1_3,1_3,1_3&#8243; _builder_version=\u00bb4.16&#8243; background_size=\u00bbinitial\u00bb background_position=\u00bbtop_left\u00bb background_repeat=\u00bbrepeat\u00bb global_colors_info=\u00bb{}\u00bb][et_pb_column type=\u00bb1_3&#8243; _builder_version=\u00bb4.16&#8243; custom_padding=\u00bb|||\u00bb global_colors_info=\u00bb{}\u00bb custom_padding__hover=\u00bb|||\u00bb][et_pb_wc_images show_product_image=\u00bbon\u00bb show_product_gallery=\u00bboff\u00bb show_sale_badge=\u00bboff\u00bb _builder_version=\u00bb4.16&#8243; min_height=\u00bb850px\u00bb custom_margin=\u00bb||0px||false|false\u00bb custom_padding=\u00bb|130px|0px|130px|false|false\u00bb custom_padding_tablet=\u00bb|130px||130px|false|false\u00bb custom_padding_phone=\u00bb|0px||0px|false|false\u00bb custom_padding_last_edited=\u00bbon|tablet\u00bb global_colors_info=\u00bb{}\u00bb][\/et_pb_wc_images][\/et_pb_column][et_pb_column type=\u00bb1_3&#8243; _builder_version=\u00bb4.16&#8243; custom_padding=\u00bb|||\u00bb global_colors_info=\u00bb{}\u00bb custom_padding__hover=\u00bb|||\u00bb][et_pb_wc_title _builder_version=\u00bb4.16&#8243; header_font=\u00bb|700|||||||\u00bb header_font_size=\u00bb31px\u00bb custom_padding=\u00bb25px||||false|false\u00bb custom_padding_tablet=\u00bb|||15px|false|false\u00bb custom_padding_phone=\u00bb|||15px|false|false\u00bb custom_padding_last_edited=\u00bbon|tablet\u00bb global_colors_info=\u00bb{}\u00bb][\/et_pb_wc_title][et_pb_wc_rating _builder_version=\u00bb4.16&#8243; custom_padding_tablet=\u00bb|||15px|false|false\u00bb custom_padding_phone=\u00bb|||15px|false|false\u00bb custom_padding_last_edited=\u00bbon|tablet\u00bb global_colors_info=\u00bb{}\u00bb][\/et_pb_wc_rating][et_pb_wc_price _builder_version=\u00bb4.16&#8243; custom_margin=\u00bb||||false|false\u00bb custom_padding=\u00bb20px||||false|false\u00bb custom_padding_tablet=\u00bb|||15px|false|false\u00bb custom_padding_phone=\u00bb20px|||15px|false|false\u00bb custom_padding_last_edited=\u00bbon|tablet\u00bb global_colors_info=\u00bb{}\u00bb][\/et_pb_wc_price][et_pb_wc_description _builder_version=\u00bb4.16&#8243; header_text_align=\u00bbjustify\u00bb text_orientation=\u00bbjustified\u00bb custom_padding=\u00bb20px||20px||false|false\u00bb custom_padding_tablet=\u00bb|15px||15px|false|false\u00bb custom_padding_phone=\u00bb|15px||15px|false|false\u00bb custom_padding_last_edited=\u00bbon|tablet\u00bb body_font_tablet=\u00bb\u00bb body_font_phone=\u00bb|700|||||||\u00bb body_font_last_edited=\u00bbon|phone\u00bb global_colors_info=\u00bb{}\u00bb][\/et_pb_wc_description][et_pb_wc_add_to_cart show_stock=\u00bboff\u00bb _builder_version=\u00bb4.16&#8243; dropdown_menus_custom_margin=\u00bb0px|0px|16px|-94px|false|false\u00bb dropdown_menus_custom_margin_tablet=\u00bb\u00bb dropdown_menus_custom_margin_phone=\u00bb0px|0px|16px|-70px|false|false\u00bb dropdown_menus_custom_margin_last_edited=\u00bbon|phone\u00bb field_label_text_color=\u00bb#545454&#8243; field_label_font_size=\u00bb17px\u00bb field_label_letter_spacing=\u00bb2px\u00bb field_label_line_height=\u00bb1.6em\u00bb fields_text_align=\u00bbcenter\u00bb dropdown_menus_font=\u00bbAldrich||||||||\u00bb dropdown_menus_font_size=\u00bb14px\u00bb custom_padding=\u00bb|||15px|false|false\u00bb field_label_font_tablet=\u00bb\u00bb field_label_font_phone=\u00bbDefault|800|||||||\u00bb field_label_font_last_edited=\u00bbon|phone\u00bb border_width_all_fields=\u00bb1px\u00bb border_radii_dropdown_menus=\u00bbon||||\u00bb border_width_all_dropdown_menus=\u00bb1px\u00bb body_font_last_edited=\u00bbon|phone\u00bb body_font_tablet=\u00bb\u00bb body_font_phone=\u00bbDefault|800|||||||\u00bb body_text_color=\u00bb#545454&#8243; body_font_size=\u00bb17px\u00bb body_letter_spacing=\u00bb2px\u00bb body_line_height=\u00bb1.6em\u00bb global_colors_info=\u00bb{}\u00bb][\/et_pb_wc_add_to_cart][\/et_pb_column][et_pb_column type=\u00bb1_3&#8243; _builder_version=\u00bb4.16&#8243; custom_padding=\u00bb|||\u00bb global_colors_info=\u00bb{}\u00bb custom_padding__hover=\u00bb|||\u00bb][et_pb_wc_images _builder_version=\u00bb4.18.0&#8243; _module_preset=\u00bbdefault\u00bb custom_padding=\u00bb20px|20px||20px|false|false\u00bb border_width_all_image=\u00bb5px\u00bb border_color_all_image=\u00bb#FFFFFF\u00bb global_colors_info=\u00bb{}\u00bb][\/et_pb_wc_images][\/et_pb_column][\/et_pb_row][et_pb_row _builder_version=\u00bb4.16&#8243; background_size=\u00bbinitial\u00bb background_position=\u00bbtop_left\u00bb background_repeat=\u00bbrepeat\u00bb global_colors_info=\u00bb{}\u00bb][et_pb_column type=\u00bb4_4&#8243; _builder_version=\u00bb4.16&#8243; custom_padding=\u00bb|||\u00bb global_colors_info=\u00bb{}\u00bb custom_padding__hover=\u00bb|||\u00bb][et_pb_wc_tabs _builder_version=\u00bb4.16&#8243; body_text_align=\u00bbjustify\u00bb custom_margin=\u00bb|30px||30px|false|false\u00bb body_font_tablet=\u00bb\u00bb body_font_phone=\u00bb|700|||||||\u00bb body_font_last_edited=\u00bbon|phone\u00bb global_colors_info=\u00bb{}\u00bb]\t\t\t\t\t[\/et_pb_wc_tabs][et_pb_wc_upsells _builder_version=\u00bb4.16&#8243; global_colors_info=\u00bb{}\u00bb][\/et_pb_wc_upsells][et_pb_wc_related_products _builder_version=\u00bb4.16&#8243; price_text_color=\u00bbrgba(0,0,0,0)\u00bb text_orientation=\u00bbcenter\u00bb global_colors_info=\u00bb{}\u00bb][\/et_pb_wc_related_products][\/et_pb_column][\/et_pb_row][\/et_pb_section]<\/p>","protected":false},"excerpt":{"rendered":"<div id=\"martue-row-0\" class=\"row\">\n<p><strong>MART\u00daE EVOLUTION <\/strong>es<strong> MART\u00daE, <\/strong>pero en un formato diferente, m\u00e1s c\u00f3modo y practico. Este formato de envase permite que el vino no se oxide durante todo el periodo de consumo por lo que es ideal para consumo diario. Y lo hemos lanzado con la cosecha 2019, una a\u00f1ada excelente, que produjo uvas sanas, bien maduras y equilibradas.<\/p>\n<p>Como siempre, elaborado exclusivamente con uvas de nuestro propio vi\u00f1edo, vendimiadas de noche buscando las temperaturas m\u00e1s bajas y elaborado con largas maceraciones buscando sacar a las uvas toda la esencia de nuestra tierra.<\/p>\n<p><a href=\"https:\/\/martue.com\/wp-content\/uploads\/2021\/02\/ES-MARTUE-EVOLUTION-ROBLE-2019-1.pdf\" target=\"_blank\" rel=\"noopener noreferrer\"><strong>Ficha de Cata<\/strong><\/a><\/p>\n<\/div>","protected":false},"featured_media":12503,"comment_status":"open","ping_status":"closed","template":"","meta":{"_et_pb_use_builder":"on","_et_pb_old_content":"<blockquote>Tras la elaboraci\u00f3n y una corta crianza en barrica, hemos seleccionado las partidas m\u00e1s ricas y frutales, sin perder nunca el car\u00e1cter MARTUE, el que nos aportan nuestros suelos calizos, pobres en nutrientes y austeros, y el clima continental de la meseta toledana.<\/blockquote>\r\nMARTUE EVOLUTION 2021 es una equilibrada combinaci\u00f3n de un 50% de Tempranillo, y el resto a partes iguales de Merlot y Cabernet Sauvignon. La alegr\u00eda de la mejor de las uvas espa\u00f1olas, la elegancia del Merlot y la estructura y poder de envejecimiento del Cabernet, hace de este TUBO el mejor acompa\u00f1ante para disfrutar de un gran vino a diario.\r\n<h3>Conservaci\u00f3n<\/h3>\r\nSe recomienda conservar en un lugar a oscuras, sin vibraciones y temperatura estable entre 15-20\u00baC.\r\n<h3>Maridaje y Consumo<\/h3>\r\nRecomendado para acompa\u00f1ar cualquier tipo de carne, ideal para compartir una barbacoa con amigos. Se recomienda servirlo entre 12-15\u00baC.\r\n\r\nEste formato de envase permite que el vino no se oxide durante todo el periodo de consumo por lo que es ideal para consumo diario. \u00a0Consumo \u00f3ptimo hasta final de 2024.\r\n\r\n&nbsp;","_et_gb_content_width":"","om_disable_all_campaigns":false,"_joinchat":[]},"product_brand":[],"product_cat":[46,16],"product_tag":[],"class_list":{"0":"post-15194","1":"product","2":"type-product","3":"status-publish","4":"has-post-thumbnail","6":"product_cat-bit","7":"product_cat-vinos-martue","9":"first","10":"outofstock","11":"taxable","12":"shipping-taxable","13":"product-type-simple"},"yoast_head":"<!-- This site is optimized with the Yoast SEO plugin v24.1 - https:\/\/yoast.com\/wordpress\/plugins\/seo\/ -->\n<title>Mart\u00fae Evolution Tinto<\/title>\n<meta name=\"description\" content=\"MART\u00daE EVOLUTION es MART\u00daE, pero en un formato diferente, m\u00e1s c\u00f3modo y practico. Nuestro segundo BIT es de la cosecha 2021, una a\u00f1ada excelente, que produjo uvas sanas, bien maduras y equilibradas.\" \/>\n<meta name=\"robots\" content=\"index, follow, max-snippet:-1, max-image-preview:large, max-video-preview:-1\" \/>\n<link rel=\"canonical\" href=\"https:\/\/martue.com\/en\/product\/martue-evolution-roble-2021-3litros\/\" \/>\n<meta property=\"og:locale\" content=\"en_GB\" \/>\n<meta property=\"og:type\" content=\"article\" \/>\n<meta property=\"og:title\" content=\"Mart\u00fae Evolution Tinto\" \/>\n<meta property=\"og:description\" content=\"MART\u00daE EVOLUTION es MART\u00daE, pero en un formato diferente, m\u00e1s c\u00f3modo y practico. Nuestro segundo BIT es de la cosecha 2021, una a\u00f1ada excelente, que produjo uvas sanas, bien maduras y equilibradas.\" \/>\n<meta property=\"og:url\" content=\"https:\/\/martue.com\/en\/product\/martue-evolution-roble-2021-3litros\/\" \/>\n<meta property=\"og:site_name\" content=\"Bodegas Mart\u00fae - Pago Campo de la Guardia\" \/>\n<meta property=\"article:modified_time\" content=\"2025-02-18T12:23:22+00:00\" \/>\n<meta property=\"og:image\" content=\"https:\/\/martue.com\/wp-content\/uploads\/2021\/02\/webbittinto-2.png\" \/>\n\t<meta property=\"og:image:width\" content=\"445\" \/>\n\t<meta property=\"og:image:height\" content=\"976\" \/>\n\t<meta property=\"og:image:type\" content=\"image\/png\" \/>\n<meta name=\"twitter:card\" content=\"summary_large_image\" \/>\n<meta name=\"twitter:label1\" content=\"Estimated reading time\" \/>\n\t<meta name=\"twitter:data1\" content=\"1 minute\" \/>\n<script type=\"application\/ld+json\" class=\"yoast-schema-graph\">{\"@context\":\"https:\/\/schema.org\",\"@graph\":[{\"@type\":\"WebPage\",\"@id\":\"https:\/\/martue.com\/producto\/martue-evolution-roble-2021-3litros\/\",\"url\":\"https:\/\/martue.com\/producto\/martue-evolution-roble-2021-3litros\/\",\"name\":\"Mart\u00fae Evolution Tinto\",\"isPartOf\":{\"@id\":\"https:\/\/martue.com\/#website\"},\"primaryImageOfPage\":{\"@id\":\"https:\/\/martue.com\/producto\/martue-evolution-roble-2021-3litros\/#primaryimage\"},\"image\":{\"@id\":\"https:\/\/martue.com\/producto\/martue-evolution-roble-2021-3litros\/#primaryimage\"},\"thumbnailUrl\":\"https:\/\/martue.com\/wp-content\/uploads\/2021\/02\/webbittinto-2.png\",\"datePublished\":\"2023-05-29T15:18:43+00:00\",\"dateModified\":\"2025-02-18T12:23:22+00:00\",\"description\":\"MART\u00daE EVOLUTION es MART\u00daE, pero en un formato diferente, m\u00e1s c\u00f3modo y practico. Nuestro segundo BIT es de la cosecha 2021, una a\u00f1ada excelente, que produjo uvas sanas, bien maduras y equilibradas.\",\"breadcrumb\":{\"@id\":\"https:\/\/martue.com\/producto\/martue-evolution-roble-2021-3litros\/#breadcrumb\"},\"inLanguage\":\"en-GB\",\"potentialAction\":[{\"@type\":\"ReadAction\",\"target\":[\"https:\/\/martue.com\/producto\/martue-evolution-roble-2021-3litros\/\"]}]},{\"@type\":\"ImageObject\",\"inLanguage\":\"en-GB\",\"@id\":\"https:\/\/martue.com\/producto\/martue-evolution-roble-2021-3litros\/#primaryimage\",\"url\":\"https:\/\/martue.com\/wp-content\/uploads\/2021\/02\/webbittinto-2.png\",\"contentUrl\":\"https:\/\/martue.com\/wp-content\/uploads\/2021\/02\/webbittinto-2.png\",\"width\":445,\"height\":976,\"caption\":\"MART\u00daE EVOLUTION es MART\u00daE, pero en un formato diferente, m\u00e1s c\u00f3modo y practico. Perfecto para compartir! Ver vino\"},{\"@type\":\"BreadcrumbList\",\"@id\":\"https:\/\/martue.com\/producto\/martue-evolution-roble-2021-3litros\/#breadcrumb\",\"itemListElement\":[{\"@type\":\"ListItem\",\"position\":1,\"name\":\"Portada\",\"item\":\"https:\/\/martue.com\/\"},{\"@type\":\"ListItem\",\"position\":2,\"name\":\"Vinos\",\"item\":\"https:\/\/martue.com\/vinos\/\"},{\"@type\":\"ListItem\",\"position\":3,\"name\":\"Mart\u00fae Evolution Roble 2021 &#8211; 3Litros\"}]},{\"@type\":\"WebSite\",\"@id\":\"https:\/\/martue.com\/#website\",\"url\":\"https:\/\/martue.com\/\",\"name\":\"Bodegas Mart\u00fae - Pago Campo de la Guardia\",\"description\":\"VINO DE PAGO CAMPO DE LA GUARDIA Es la m\u00e1xima calificaci\u00f3n que contempla la legislaci\u00f3n espa\u00f1ola en materia vitivin\u00edcola, por encima de la Denominaci\u00f3n de Origen.\",\"potentialAction\":[{\"@type\":\"SearchAction\",\"target\":{\"@type\":\"EntryPoint\",\"urlTemplate\":\"https:\/\/martue.com\/?s={search_term_string}\"},\"query-input\":{\"@type\":\"PropertyValueSpecification\",\"valueRequired\":true,\"valueName\":\"search_term_string\"}}],\"inLanguage\":\"en-GB\"}]}<\/script>\n<!-- \/ Yoast SEO plugin. -->","yoast_head_json":{"title":"Mart\u00fae Evolution Tinto","description":"MART\u00daE EVOLUTION es MART\u00daE, pero en un formato diferente, m\u00e1s c\u00f3modo y practico. Nuestro segundo BIT es de la cosecha 2021, una a\u00f1ada excelente, que produjo uvas sanas, bien maduras y equilibradas.","robots":{"index":"index","follow":"follow","max-snippet":"max-snippet:-1","max-image-preview":"max-image-preview:large","max-video-preview":"max-video-preview:-1"},"canonical":"https:\/\/martue.com\/en\/product\/martue-evolution-roble-2021-3litros\/","og_locale":"en_GB","og_type":"article","og_title":"Mart\u00fae Evolution Tinto","og_description":"MART\u00daE EVOLUTION es MART\u00daE, pero en un formato diferente, m\u00e1s c\u00f3modo y practico. Nuestro segundo BIT es de la cosecha 2021, una a\u00f1ada excelente, que produjo uvas sanas, bien maduras y equilibradas.","og_url":"https:\/\/martue.com\/en\/product\/martue-evolution-roble-2021-3litros\/","og_site_name":"Bodegas Mart\u00fae - Pago Campo de la Guardia","article_modified_time":"2025-02-18T12:23:22+00:00","og_image":[{"width":445,"height":976,"url":"https:\/\/martue.com\/wp-content\/uploads\/2021\/02\/webbittinto-2.png","type":"image\/png"}],"twitter_card":"summary_large_image","twitter_misc":{"Estimated reading time":"1 minute"},"schema":{"@context":"https:\/\/schema.org","@graph":[{"@type":"WebPage","@id":"https:\/\/martue.com\/producto\/martue-evolution-roble-2021-3litros\/","url":"https:\/\/martue.com\/producto\/martue-evolution-roble-2021-3litros\/","name":"Mart\u00fae Evolution Tinto","isPartOf":{"@id":"https:\/\/martue.com\/#website"},"primaryImageOfPage":{"@id":"https:\/\/martue.com\/producto\/martue-evolution-roble-2021-3litros\/#primaryimage"},"image":{"@id":"https:\/\/martue.com\/producto\/martue-evolution-roble-2021-3litros\/#primaryimage"},"thumbnailUrl":"https:\/\/martue.com\/wp-content\/uploads\/2021\/02\/webbittinto-2.png","datePublished":"2023-05-29T15:18:43+00:00","dateModified":"2025-02-18T12:23:22+00:00","description":"MART\u00daE EVOLUTION es MART\u00daE, pero en un formato diferente, m\u00e1s c\u00f3modo y practico. Nuestro segundo BIT es de la cosecha 2021, una a\u00f1ada excelente, que produjo uvas sanas, bien maduras y equilibradas.","breadcrumb":{"@id":"https:\/\/martue.com\/producto\/martue-evolution-roble-2021-3litros\/#breadcrumb"},"inLanguage":"en-GB","potentialAction":[{"@type":"ReadAction","target":["https:\/\/martue.com\/producto\/martue-evolution-roble-2021-3litros\/"]}]},{"@type":"ImageObject","inLanguage":"en-GB","@id":"https:\/\/martue.com\/producto\/martue-evolution-roble-2021-3litros\/#primaryimage","url":"https:\/\/martue.com\/wp-content\/uploads\/2021\/02\/webbittinto-2.png","contentUrl":"https:\/\/martue.com\/wp-content\/uploads\/2021\/02\/webbittinto-2.png","width":445,"height":976,"caption":"MART\u00daE EVOLUTION es MART\u00daE, pero en un formato diferente, m\u00e1s c\u00f3modo y practico. Perfecto para compartir! Ver vino"},{"@type":"BreadcrumbList","@id":"https:\/\/martue.com\/producto\/martue-evolution-roble-2021-3litros\/#breadcrumb","itemListElement":[{"@type":"ListItem","position":1,"name":"Portada","item":"https:\/\/martue.com\/"},{"@type":"ListItem","position":2,"name":"Vinos","item":"https:\/\/martue.com\/vinos\/"},{"@type":"ListItem","position":3,"name":"Mart\u00fae Evolution Roble 2021 &#8211; 3Litros"}]},{"@type":"WebSite","@id":"https:\/\/martue.com\/#website","url":"https:\/\/martue.com\/","name":"Bodegas Mart\u00fae - Pago Campo de la Guardia","description":"VINO DE PAGO CAMPO DE LA GUARDIA Es la m\u00e1xima calificaci\u00f3n que contempla la legislaci\u00f3n espa\u00f1ola en materia vitivin\u00edcola, por encima de la Denominaci\u00f3n de Origen.","potentialAction":[{"@type":"SearchAction","target":{"@type":"EntryPoint","urlTemplate":"https:\/\/martue.com\/?s={search_term_string}"},"query-input":{"@type":"PropertyValueSpecification","valueRequired":true,"valueName":"search_term_string"}}],"inLanguage":"en-GB"}]}},"_links":{"self":[{"href":"https:\/\/martue.com\/en\/wp-json\/wp\/v2\/product\/15194","targetHints":{"allow":["GET"]}}],"collection":[{"href":"https:\/\/martue.com\/en\/wp-json\/wp\/v2\/product"}],"about":[{"href":"https:\/\/martue.com\/en\/wp-json\/wp\/v2\/types\/product"}],"replies":[{"embeddable":true,"href":"https:\/\/martue.com\/en\/wp-json\/wp\/v2\/comments?post=15194"}],"wp:featuredmedia":[{"embeddable":true,"href":"https:\/\/martue.com\/en\/wp-json\/wp\/v2\/media\/12503"}],"wp:attachment":[{"href":"https:\/\/martue.com\/en\/wp-json\/wp\/v2\/media?parent=15194"}],"wp:term":[{"taxonomy":"product_brand","embeddable":true,"href":"https:\/\/martue.com\/en\/wp-json\/wp\/v2\/product_brand?post=15194"},{"taxonomy":"product_cat","embeddable":true,"href":"https:\/\/martue.com\/en\/wp-json\/wp\/v2\/product_cat?post=15194"},{"taxonomy":"product_tag","embeddable":true,"href":"https:\/\/martue.com\/en\/wp-json\/wp\/v2\/product_tag?post=15194"}],"curies":[{"name":"wp","href":"https:\/\/api.w.org\/{rel}","templated":true}]}}