{"id":15898,"date":"2024-03-14T12:48:17","date_gmt":"2024-03-14T11:48:17","guid":{"rendered":"https:\/\/martue.com\/?post_type=product&#038;p=15898"},"modified":"2024-03-15T16:59:37","modified_gmt":"2024-03-15T15:59:37","slug":"reserva-enoturismo-nieva-sabados","status":"publish","type":"product","link":"https:\/\/martue.com\/en\/product\/reserva-enoturismo-nieva-sabados\/","title":{"rendered":"Reserva Enoturismo Nieva S\u00e1bados"},"content":{"rendered":"<p>[et_pb_section fb_built=\u00bb1&#8243; _builder_version=\u00bb4.16&#8243; custom_padding=\u00bb0px||||false|false\u00bb collapsed=\u00bboff\u00bb global_colors_info=\u00bb{}\u00bb][et_pb_row _builder_version=\u00bb4.16&#8243; global_colors_info=\u00bb{}\u00bb][et_pb_column type=\u00bb4_4&#8243; _builder_version=\u00bb4.16&#8243; custom_padding=\u00bb|||\u00bb global_colors_info=\u00bb{}\u00bb custom_padding__hover=\u00bb|||\u00bb][et_pb_wc_cart_notice _builder_version=\u00bb4.16&#8243; global_colors_info=\u00bb{}\u00bb][\/et_pb_wc_cart_notice][\/et_pb_column][\/et_pb_row][et_pb_row column_structure=\u00bb1_3,1_3,1_3&#8243; _builder_version=\u00bb4.16&#8243; global_colors_info=\u00bb{}\u00bb][et_pb_column type=\u00bb1_3&#8243; _builder_version=\u00bb4.16&#8243; custom_padding=\u00bb|||\u00bb global_colors_info=\u00bb{}\u00bb custom_padding__hover=\u00bb|||\u00bb][et_pb_wc_title disabled_on=\u00bboff|off|on\u00bb _builder_version=\u00bb4.16&#8243; header_font=\u00bb|700|||||||\u00bb header_font_size=\u00bb31px\u00bb custom_padding=\u00bb25px||||false|false\u00bb custom_padding_tablet=\u00bb||15px|15px|false|false\u00bb custom_padding_phone=\u00bb|||15px|false|false\u00bb custom_padding_last_edited=\u00bbon|tablet\u00bb header_font_tablet=\u00bb\u00bb header_font_phone=\u00bb\u00bb header_font_last_edited=\u00bbon|phone\u00bb header_text_align_tablet=\u00bbcenter\u00bb header_text_align_phone=\u00bbcenter\u00bb header_text_align_last_edited=\u00bbon|desktop\u00bb header_font_size_tablet=\u00bb35px\u00bb header_font_size_phone=\u00bb22px\u00bb header_font_size_last_edited=\u00bbon|phone\u00bb global_colors_info=\u00bb{}\u00bb][\/et_pb_wc_title][et_pb_wc_rating disabled_on=\u00bboff|off|on\u00bb _builder_version=\u00bb4.16&#8243; custom_padding_tablet=\u00bb|||15px|false|false\u00bb custom_padding_phone=\u00bb|||15px|false|false\u00bb custom_padding_last_edited=\u00bbon|tablet\u00bb global_colors_info=\u00bb{}\u00bb][\/et_pb_wc_rating][et_pb_wc_price disabled_on=\u00bbon|on|on\u00bb _builder_version=\u00bb4.16&#8243; custom_margin=\u00bb||||false|false\u00bb custom_padding=\u00bb20px||||false|false\u00bb custom_padding_tablet=\u00bb|||15px|false|false\u00bb custom_padding_phone=\u00bb20px|||15px|false|false\u00bb custom_padding_last_edited=\u00bbon|tablet\u00bb body_font_tablet=\u00bb|700|||||||\u00bb body_font_phone=\u00bb\u00bb body_font_last_edited=\u00bbon|phone\u00bb body_font_size_tablet=\u00bb20px\u00bb body_font_size_phone=\u00bb20px\u00bb body_font_size_last_edited=\u00bbon|tablet\u00bb disabled=\u00bbon\u00bb global_colors_info=\u00bb{}\u00bb][\/et_pb_wc_price][et_pb_wc_images show_product_image=\u00bbon\u00bb show_product_gallery=\u00bboff\u00bb show_sale_badge=\u00bboff\u00bb _builder_version=\u00bb4.16&#8243; min_height=\u00bb850px\u00bb custom_margin=\u00bb||0px||false|false\u00bb custom_padding=\u00bb|130px|0px|130px|false|false\u00bb custom_padding_tablet=\u00bb|130px||130px|false|false\u00bb custom_padding_phone=\u00bb|0px||0px|false|false\u00bb custom_padding_last_edited=\u00bbon|tablet\u00bb global_colors_info=\u00bb{}\u00bb][\/et_pb_wc_images][\/et_pb_column][et_pb_column type=\u00bb1_3&#8243; _builder_version=\u00bb4.16&#8243; custom_padding=\u00bb|||\u00bb global_colors_info=\u00bb{}\u00bb custom_padding__hover=\u00bb|||\u00bb][et_pb_wc_title disabled_on=\u00bbon|on|off\u00bb _builder_version=\u00bb4.16&#8243; header_font=\u00bb|700|||||||\u00bb header_font_size=\u00bb31px\u00bb custom_padding=\u00bb25px||||false|false\u00bb custom_padding_tablet=\u00bb|||15px|false|false\u00bb custom_padding_phone=\u00bb|||15px|false|false\u00bb custom_padding_last_edited=\u00bbon|tablet\u00bb global_colors_info=\u00bb{}\u00bb][\/et_pb_wc_title][et_pb_wc_rating disabled_on=\u00bbon|on|off\u00bb _builder_version=\u00bb4.16&#8243; custom_padding_tablet=\u00bb|||15px|false|false\u00bb custom_padding_phone=\u00bb|||15px|false|false\u00bb custom_padding_last_edited=\u00bbon|tablet\u00bb global_colors_info=\u00bb{}\u00bb][\/et_pb_wc_rating][et_pb_wc_price disabled_on=\u00bboff|off|off\u00bb _builder_version=\u00bb4.16&#8243; custom_margin=\u00bb||||false|false\u00bb custom_padding=\u00bb20px||||false|false\u00bb custom_padding_tablet=\u00bb|||15px|false|false\u00bb custom_padding_phone=\u00bb20px|||15px|false|false\u00bb custom_padding_last_edited=\u00bbon|tablet\u00bb global_colors_info=\u00bb{}\u00bb][\/et_pb_wc_price][et_pb_wc_description _builder_version=\u00bb4.16&#8243; header_text_align=\u00bbjustify\u00bb text_orientation=\u00bbjustified\u00bb custom_padding=\u00bb20px||20px||false|false\u00bb custom_padding_tablet=\u00bb|15px||15px|false|false\u00bb custom_padding_phone=\u00bb|15px||15px|false|false\u00bb custom_padding_last_edited=\u00bbon|tablet\u00bb body_font_tablet=\u00bb|700|||||||\u00bb body_font_phone=\u00bb|700|||||||\u00bb body_font_last_edited=\u00bbon|phone\u00bb global_colors_info=\u00bb{}\u00bb][\/et_pb_wc_description][et_pb_wc_add_to_cart product=\u00bb15898&#8243; field_label_position=\u00bbstacked\u00bb _builder_version=\u00bb4.18.0&#8243; dropdown_menus_custom_margin=\u00bb0px|0px|16px|-94px|false|false\u00bb dropdown_menus_custom_margin_tablet=\u00bb\u00bb dropdown_menus_custom_margin_phone=\u00bb0px|0px|16px|-70px|false|false\u00bb dropdown_menus_custom_margin_last_edited=\u00bbon|phone\u00bb field_label_text_color=\u00bb#545454&#8243; field_label_font_size=\u00bb17px\u00bb field_label_letter_spacing=\u00bb2px\u00bb field_label_line_height=\u00bb1.6em\u00bb fields_text_align=\u00bbcenter\u00bb dropdown_menus_font=\u00bbAldrich||||||||\u00bb dropdown_menus_font_size=\u00bb14px\u00bb custom_margin=\u00bb||5px||false|false\u00bb custom_padding=\u00bb||5px|6px|false|false\u00bb field_label_font_tablet=\u00bb\u00bb field_label_font_phone=\u00bbDefault|800|||||||\u00bb field_label_font_last_edited=\u00bbon|desktop\u00bb border_width_all_fields=\u00bb1px\u00bb border_radii_dropdown_menus=\u00bbon||||\u00bb border_width_all_dropdown_menus=\u00bb1px\u00bb body_font_last_edited=\u00bbon|phone\u00bb body_font_tablet=\u00bb\u00bb body_font_phone=\u00bbDefault|800|||||||\u00bb body_text_color=\u00bb#545454&#8243; body_font_size=\u00bb17px\u00bb body_letter_spacing=\u00bb2px\u00bb body_line_height=\u00bb1.6em\u00bb global_colors_info=\u00bb{}\u00bb][\/et_pb_wc_add_to_cart][\/et_pb_column][et_pb_column type=\u00bb1_3&#8243; _builder_version=\u00bb4.16&#8243; custom_padding=\u00bb|||\u00bb global_colors_info=\u00bb{}\u00bb custom_padding__hover=\u00bb|||\u00bb][et_pb_wc_images _builder_version=\u00bb4.18.0&#8243; _module_preset=\u00bbdefault\u00bb custom_padding=\u00bb20px|20px||20px|false|false\u00bb border_width_all_image=\u00bb6px\u00bb border_color_all_image=\u00bb#FFFFFF\u00bb global_colors_info=\u00bb{}\u00bb][\/et_pb_wc_images][\/et_pb_column][\/et_pb_row][et_pb_row _builder_version=\u00bb4.16&#8243; global_colors_info=\u00bb{}\u00bb][et_pb_column type=\u00bb4_4&#8243; _builder_version=\u00bb4.16&#8243; custom_padding=\u00bb|||\u00bb global_colors_info=\u00bb{}\u00bb custom_padding__hover=\u00bb|||\u00bb][et_pb_wc_tabs _builder_version=\u00bb4.16&#8243; body_text_align=\u00bbjustify\u00bb custom_margin=\u00bb|30px||30px|false|false\u00bb body_font_tablet=\u00bb\u00bb body_font_phone=\u00bb|700|||||||\u00bb body_font_last_edited=\u00bbon|phone\u00bb global_colors_info=\u00bb{}\u00bb]\t\t\t\t\t[\/et_pb_wc_tabs][et_pb_wc_upsells _builder_version=\u00bb4.16&#8243; global_colors_info=\u00bb{}\u00bb][\/et_pb_wc_upsells][et_pb_wc_related_products _builder_version=\u00bb4.16&#8243; price_text_color=\u00bbrgba(0,0,0,0)\u00bb text_orientation=\u00bbcenter\u00bb global_colors_info=\u00bb{}\u00bb][\/et_pb_wc_related_products][\/et_pb_column][\/et_pb_row][\/et_pb_section]<\/p>","protected":false},"excerpt":{"rendered":"<p>visitas<\/p>","protected":false},"featured_media":13679,"comment_status":"open","ping_status":"closed","template":"","meta":{"_et_pb_use_builder":"on","_et_pb_old_content":"Presenta un atractivo color rojo picota, vivo y luminoso. Aroma de alta intensidad, muy bien formado y definido. Primero aparece fruta negra, hinojo y regaliz, luego recuerdos de mantecado y madera quemada. Se hace grande en boca. Fresco y muy frutal. Se mueve despacio por la boca, marcando sabor, dando placer. Sensaci\u00f3n rugosa al final, que lo hace largo y augura una gran botella.\r\n<h3>Conservaci\u00f3n<\/h3>\r\nSe recomienda conservar con la botella tumbada, en un lugar a oscuras, sin vibraciones y temperatura estable entre 15-20\u00baC.\r\n<h3>Maridaje y Consumo<\/h3>\r\nIdeal con todo tipo de carnes, incluso caza y con quesos fuertes como el manchego. Se recomienda servirlo entre 16-18\u00baC.\r\nPara apreciar todas sus cualidades se recomienda decantar 20 minutos antes de su consumo. Consumo \u00f3ptimo hasta 2026.","_et_gb_content_width":"","om_disable_all_campaigns":false,"_joinchat":[]},"product_brand":[],"product_cat":[22],"product_tag":[],"class_list":{"0":"post-15898","1":"product","2":"type-product","3":"status-publish","4":"has-post-thumbnail","6":"product_cat-enoturismo-nieva","8":"first","9":"instock","10":"taxable","11":"shipping-taxable","12":"product-type-variable"},"yoast_head":"<!-- This site is optimized with the Yoast SEO plugin v24.1 - https:\/\/yoast.com\/wordpress\/plugins\/seo\/ -->\n<title>Reserva Enoturismo Nieva S\u00e1bados - Bodegas Mart\u00fae - Pago Campo de la Guardia<\/title>\n<meta name=\"description\" content=\"Mart\u00fae es el vino estrella de la bodega, un exhaustivo coupage de un 33% Syrah, 21% Cabernet Sauvignon, 20% Petit Verdot y 19% Malbec y 7% Merlot. Es un vino rico, fresco, y con buena capacidad para envejecer, redondo y con un tanino fino. La a\u00f1ada 2017 fue extremadamente seca y de fuertes vientos en \u00e9poca de floraci\u00f3n. Esto dio como resultado una menor competencia entre el racimo y la cepa, por lo que los racimos se presentaron sueltos y espaciados. Estos vientos propiciaron una ausencia total de enfermedades. La cuaja fue inferior a la normal con una menor producci\u00f3n en el vi\u00f1edo lo que se tradujo en much\u00edsima calidad en las uvas.\" \/>\n<meta name=\"robots\" content=\"index, follow, max-snippet:-1, max-image-preview:large, max-video-preview:-1\" \/>\n<link rel=\"canonical\" href=\"https:\/\/martue.com\/en\/product\/reserva-enoturismo-nieva-sabados\/\" \/>\n<meta property=\"og:locale\" content=\"en_GB\" \/>\n<meta property=\"og:type\" content=\"article\" \/>\n<meta property=\"og:title\" content=\"Reserva Enoturismo Nieva S\u00e1bados - Bodegas Mart\u00fae - Pago Campo de la Guardia\" \/>\n<meta property=\"og:description\" content=\"Mart\u00fae es el vino estrella de la bodega, un exhaustivo coupage de un 33% Syrah, 21% Cabernet Sauvignon, 20% Petit Verdot y 19% Malbec y 7% Merlot. Es un vino rico, fresco, y con buena capacidad para envejecer, redondo y con un tanino fino. La a\u00f1ada 2017 fue extremadamente seca y de fuertes vientos en \u00e9poca de floraci\u00f3n. Esto dio como resultado una menor competencia entre el racimo y la cepa, por lo que los racimos se presentaron sueltos y espaciados. Estos vientos propiciaron una ausencia total de enfermedades. La cuaja fue inferior a la normal con una menor producci\u00f3n en el vi\u00f1edo lo que se tradujo en much\u00edsima calidad en las uvas.\" \/>\n<meta property=\"og:url\" content=\"https:\/\/martue.com\/en\/product\/reserva-enoturismo-nieva-sabados\/\" \/>\n<meta property=\"og:site_name\" content=\"Bodegas Mart\u00fae - Pago Campo de la Guardia\" \/>\n<meta property=\"article:modified_time\" content=\"2024-03-15T15:59:37+00:00\" \/>\n<meta property=\"og:image\" content=\"https:\/\/martue.com\/wp-content\/uploads\/2022\/03\/nieva-la-finca.jpg\" \/>\n\t<meta property=\"og:image:width\" content=\"375\" \/>\n\t<meta property=\"og:image:height\" content=\"283\" \/>\n\t<meta property=\"og:image:type\" content=\"image\/jpeg\" \/>\n<meta name=\"twitter:card\" content=\"summary_large_image\" \/>\n<meta name=\"twitter:label1\" content=\"Estimated reading time\" \/>\n\t<meta name=\"twitter:data1\" content=\"1 minute\" \/>\n<script type=\"application\/ld+json\" class=\"yoast-schema-graph\">{\"@context\":\"https:\/\/schema.org\",\"@graph\":[{\"@type\":\"WebPage\",\"@id\":\"https:\/\/martue.com\/producto\/reserva-enoturismo-nieva-sabados\/\",\"url\":\"https:\/\/martue.com\/producto\/reserva-enoturismo-nieva-sabados\/\",\"name\":\"Reserva Enoturismo Nieva S\u00e1bados - Bodegas Mart\u00fae - Pago Campo de la Guardia\",\"isPartOf\":{\"@id\":\"https:\/\/martue.com\/#website\"},\"primaryImageOfPage\":{\"@id\":\"https:\/\/martue.com\/producto\/reserva-enoturismo-nieva-sabados\/#primaryimage\"},\"image\":{\"@id\":\"https:\/\/martue.com\/producto\/reserva-enoturismo-nieva-sabados\/#primaryimage\"},\"thumbnailUrl\":\"https:\/\/martue.com\/wp-content\/uploads\/2022\/03\/nieva-la-finca.jpg\",\"datePublished\":\"2024-03-14T11:48:17+00:00\",\"dateModified\":\"2024-03-15T15:59:37+00:00\",\"description\":\"Mart\u00fae es el vino estrella de la bodega, un exhaustivo coupage de un 33% Syrah, 21% Cabernet Sauvignon, 20% Petit Verdot y 19% Malbec y 7% Merlot. Es un vino rico, fresco, y con buena capacidad para envejecer, redondo y con un tanino fino. La a\u00f1ada 2017 fue extremadamente seca y de fuertes vientos en \u00e9poca de floraci\u00f3n. Esto dio como resultado una menor competencia entre el racimo y la cepa, por lo que los racimos se presentaron sueltos y espaciados. Estos vientos propiciaron una ausencia total de enfermedades. La cuaja fue inferior a la normal con una menor producci\u00f3n en el vi\u00f1edo lo que se tradujo en much\u00edsima calidad en las uvas.\",\"breadcrumb\":{\"@id\":\"https:\/\/martue.com\/producto\/reserva-enoturismo-nieva-sabados\/#breadcrumb\"},\"inLanguage\":\"en-GB\",\"potentialAction\":[{\"@type\":\"ReadAction\",\"target\":[\"https:\/\/martue.com\/producto\/reserva-enoturismo-nieva-sabados\/\"]}]},{\"@type\":\"ImageObject\",\"inLanguage\":\"en-GB\",\"@id\":\"https:\/\/martue.com\/producto\/reserva-enoturismo-nieva-sabados\/#primaryimage\",\"url\":\"https:\/\/martue.com\/wp-content\/uploads\/2022\/03\/nieva-la-finca.jpg\",\"contentUrl\":\"https:\/\/martue.com\/wp-content\/uploads\/2022\/03\/nieva-la-finca.jpg\",\"width\":375,\"height\":283},{\"@type\":\"BreadcrumbList\",\"@id\":\"https:\/\/martue.com\/producto\/reserva-enoturismo-nieva-sabados\/#breadcrumb\",\"itemListElement\":[{\"@type\":\"ListItem\",\"position\":1,\"name\":\"Portada\",\"item\":\"https:\/\/martue.com\/\"},{\"@type\":\"ListItem\",\"position\":2,\"name\":\"Vinos\",\"item\":\"https:\/\/martue.com\/vinos\/\"},{\"@type\":\"ListItem\",\"position\":3,\"name\":\"Reserva Enoturismo Nieva S\u00e1bados\"}]},{\"@type\":\"WebSite\",\"@id\":\"https:\/\/martue.com\/#website\",\"url\":\"https:\/\/martue.com\/\",\"name\":\"Bodegas Mart\u00fae - Pago Campo de la Guardia\",\"description\":\"VINO DE PAGO CAMPO DE LA GUARDIA Es la m\u00e1xima calificaci\u00f3n que contempla la legislaci\u00f3n espa\u00f1ola en materia vitivin\u00edcola, por encima de la Denominaci\u00f3n de Origen.\",\"potentialAction\":[{\"@type\":\"SearchAction\",\"target\":{\"@type\":\"EntryPoint\",\"urlTemplate\":\"https:\/\/martue.com\/?s={search_term_string}\"},\"query-input\":{\"@type\":\"PropertyValueSpecification\",\"valueRequired\":true,\"valueName\":\"search_term_string\"}}],\"inLanguage\":\"en-GB\"}]}<\/script>\n<!-- \/ Yoast SEO plugin. -->","yoast_head_json":{"title":"Reserva Enoturismo Nieva S\u00e1bados - Bodegas Mart\u00fae - Pago Campo de la Guardia","description":"Mart\u00fae es el vino estrella de la bodega, un exhaustivo coupage de un 33% Syrah, 21% Cabernet Sauvignon, 20% Petit Verdot y 19% Malbec y 7% Merlot. Es un vino rico, fresco, y con buena capacidad para envejecer, redondo y con un tanino fino. La a\u00f1ada 2017 fue extremadamente seca y de fuertes vientos en \u00e9poca de floraci\u00f3n. Esto dio como resultado una menor competencia entre el racimo y la cepa, por lo que los racimos se presentaron sueltos y espaciados. Estos vientos propiciaron una ausencia total de enfermedades. La cuaja fue inferior a la normal con una menor producci\u00f3n en el vi\u00f1edo lo que se tradujo en much\u00edsima calidad en las uvas.","robots":{"index":"index","follow":"follow","max-snippet":"max-snippet:-1","max-image-preview":"max-image-preview:large","max-video-preview":"max-video-preview:-1"},"canonical":"https:\/\/martue.com\/en\/product\/reserva-enoturismo-nieva-sabados\/","og_locale":"en_GB","og_type":"article","og_title":"Reserva Enoturismo Nieva S\u00e1bados - Bodegas Mart\u00fae - Pago Campo de la Guardia","og_description":"Mart\u00fae es el vino estrella de la bodega, un exhaustivo coupage de un 33% Syrah, 21% Cabernet Sauvignon, 20% Petit Verdot y 19% Malbec y 7% Merlot. Es un vino rico, fresco, y con buena capacidad para envejecer, redondo y con un tanino fino. La a\u00f1ada 2017 fue extremadamente seca y de fuertes vientos en \u00e9poca de floraci\u00f3n. Esto dio como resultado una menor competencia entre el racimo y la cepa, por lo que los racimos se presentaron sueltos y espaciados. Estos vientos propiciaron una ausencia total de enfermedades. La cuaja fue inferior a la normal con una menor producci\u00f3n en el vi\u00f1edo lo que se tradujo en much\u00edsima calidad en las uvas.","og_url":"https:\/\/martue.com\/en\/product\/reserva-enoturismo-nieva-sabados\/","og_site_name":"Bodegas Mart\u00fae - Pago Campo de la Guardia","article_modified_time":"2024-03-15T15:59:37+00:00","og_image":[{"width":375,"height":283,"url":"https:\/\/martue.com\/wp-content\/uploads\/2022\/03\/nieva-la-finca.jpg","type":"image\/jpeg"}],"twitter_card":"summary_large_image","twitter_misc":{"Estimated reading time":"1 minute"},"schema":{"@context":"https:\/\/schema.org","@graph":[{"@type":"WebPage","@id":"https:\/\/martue.com\/producto\/reserva-enoturismo-nieva-sabados\/","url":"https:\/\/martue.com\/producto\/reserva-enoturismo-nieva-sabados\/","name":"Reserva Enoturismo Nieva S\u00e1bados - Bodegas Mart\u00fae - Pago Campo de la Guardia","isPartOf":{"@id":"https:\/\/martue.com\/#website"},"primaryImageOfPage":{"@id":"https:\/\/martue.com\/producto\/reserva-enoturismo-nieva-sabados\/#primaryimage"},"image":{"@id":"https:\/\/martue.com\/producto\/reserva-enoturismo-nieva-sabados\/#primaryimage"},"thumbnailUrl":"https:\/\/martue.com\/wp-content\/uploads\/2022\/03\/nieva-la-finca.jpg","datePublished":"2024-03-14T11:48:17+00:00","dateModified":"2024-03-15T15:59:37+00:00","description":"Mart\u00fae es el vino estrella de la bodega, un exhaustivo coupage de un 33% Syrah, 21% Cabernet Sauvignon, 20% Petit Verdot y 19% Malbec y 7% Merlot. Es un vino rico, fresco, y con buena capacidad para envejecer, redondo y con un tanino fino. La a\u00f1ada 2017 fue extremadamente seca y de fuertes vientos en \u00e9poca de floraci\u00f3n. Esto dio como resultado una menor competencia entre el racimo y la cepa, por lo que los racimos se presentaron sueltos y espaciados. Estos vientos propiciaron una ausencia total de enfermedades. La cuaja fue inferior a la normal con una menor producci\u00f3n en el vi\u00f1edo lo que se tradujo en much\u00edsima calidad en las uvas.","breadcrumb":{"@id":"https:\/\/martue.com\/producto\/reserva-enoturismo-nieva-sabados\/#breadcrumb"},"inLanguage":"en-GB","potentialAction":[{"@type":"ReadAction","target":["https:\/\/martue.com\/producto\/reserva-enoturismo-nieva-sabados\/"]}]},{"@type":"ImageObject","inLanguage":"en-GB","@id":"https:\/\/martue.com\/producto\/reserva-enoturismo-nieva-sabados\/#primaryimage","url":"https:\/\/martue.com\/wp-content\/uploads\/2022\/03\/nieva-la-finca.jpg","contentUrl":"https:\/\/martue.com\/wp-content\/uploads\/2022\/03\/nieva-la-finca.jpg","width":375,"height":283},{"@type":"BreadcrumbList","@id":"https:\/\/martue.com\/producto\/reserva-enoturismo-nieva-sabados\/#breadcrumb","itemListElement":[{"@type":"ListItem","position":1,"name":"Portada","item":"https:\/\/martue.com\/"},{"@type":"ListItem","position":2,"name":"Vinos","item":"https:\/\/martue.com\/vinos\/"},{"@type":"ListItem","position":3,"name":"Reserva Enoturismo Nieva S\u00e1bados"}]},{"@type":"WebSite","@id":"https:\/\/martue.com\/#website","url":"https:\/\/martue.com\/","name":"Bodegas Mart\u00fae - Pago Campo de la Guardia","description":"VINO DE PAGO CAMPO DE LA GUARDIA Es la m\u00e1xima calificaci\u00f3n que contempla la legislaci\u00f3n espa\u00f1ola en materia vitivin\u00edcola, por encima de la Denominaci\u00f3n de Origen.","potentialAction":[{"@type":"SearchAction","target":{"@type":"EntryPoint","urlTemplate":"https:\/\/martue.com\/?s={search_term_string}"},"query-input":{"@type":"PropertyValueSpecification","valueRequired":true,"valueName":"search_term_string"}}],"inLanguage":"en-GB"}]}},"_links":{"self":[{"href":"https:\/\/martue.com\/en\/wp-json\/wp\/v2\/product\/15898","targetHints":{"allow":["GET"]}}],"collection":[{"href":"https:\/\/martue.com\/en\/wp-json\/wp\/v2\/product"}],"about":[{"href":"https:\/\/martue.com\/en\/wp-json\/wp\/v2\/types\/product"}],"replies":[{"embeddable":true,"href":"https:\/\/martue.com\/en\/wp-json\/wp\/v2\/comments?post=15898"}],"wp:featuredmedia":[{"embeddable":true,"href":"https:\/\/martue.com\/en\/wp-json\/wp\/v2\/media\/13679"}],"wp:attachment":[{"href":"https:\/\/martue.com\/en\/wp-json\/wp\/v2\/media?parent=15898"}],"wp:term":[{"taxonomy":"product_brand","embeddable":true,"href":"https:\/\/martue.com\/en\/wp-json\/wp\/v2\/product_brand?post=15898"},{"taxonomy":"product_cat","embeddable":true,"href":"https:\/\/martue.com\/en\/wp-json\/wp\/v2\/product_cat?post=15898"},{"taxonomy":"product_tag","embeddable":true,"href":"https:\/\/martue.com\/en\/wp-json\/wp\/v2\/product_tag?post=15898"}],"curies":[{"name":"wp","href":"https:\/\/api.w.org\/{rel}","templated":true}]}}