{"id":16907,"date":"2025-05-07T12:04:21","date_gmt":"2025-05-07T10:04:21","guid":{"rendered":"https:\/\/martue.com\/?post_type=product&#038;p=16907"},"modified":"2025-05-07T12:32:04","modified_gmt":"2025-05-07T10:32:04","slug":"blanco-nieva-sauvignon-blanc-2024","status":"publish","type":"product","link":"https:\/\/martue.com\/en\/product\/blanco-nieva-sauvignon-blanc-2024\/","title":{"rendered":"Blanco Nieva Sauvignon Blanc 2024"},"content":{"rendered":"<p>[et_pb_section fb_built=\u00bb1&#8243; _builder_version=\u00bb4.16&#8243; custom_padding=\u00bb0px||||false|false\u00bb collapsed=\u00bboff\u00bb global_colors_info=\u00bb{}\u00bb][et_pb_row _builder_version=\u00bb4.16&#8243; global_colors_info=\u00bb{}\u00bb][et_pb_column type=\u00bb4_4&#8243; _builder_version=\u00bb4.16&#8243; custom_padding=\u00bb|||\u00bb global_colors_info=\u00bb{}\u00bb custom_padding__hover=\u00bb|||\u00bb][et_pb_wc_cart_notice _builder_version=\u00bb4.16&#8243; global_colors_info=\u00bb{}\u00bb][\/et_pb_wc_cart_notice][\/et_pb_column][\/et_pb_row][et_pb_row column_structure=\u00bb1_3,1_3,1_3&#8243; _builder_version=\u00bb4.16&#8243; global_colors_info=\u00bb{}\u00bb][et_pb_column type=\u00bb1_3&#8243; _builder_version=\u00bb4.16&#8243; custom_padding=\u00bb|||\u00bb global_colors_info=\u00bb{}\u00bb custom_padding__hover=\u00bb|||\u00bb][et_pb_wc_title disabled_on=\u00bboff|off|on\u00bb _builder_version=\u00bb4.16&#8243; header_font=\u00bb|700|||||||\u00bb header_font_size=\u00bb31px\u00bb custom_padding=\u00bb25px||||false|false\u00bb custom_padding_tablet=\u00bb|||15px|false|false\u00bb custom_padding_phone=\u00bb|||15px|false|false\u00bb custom_padding_last_edited=\u00bbon|tablet\u00bb header_font_tablet=\u00bb\u00bb header_font_phone=\u00bb\u00bb header_font_last_edited=\u00bbon|phone\u00bb header_text_align_tablet=\u00bbcenter\u00bb header_text_align_phone=\u00bbcenter\u00bb header_text_align_last_edited=\u00bbon|desktop\u00bb header_font_size_tablet=\u00bb35px\u00bb header_font_size_phone=\u00bb22px\u00bb header_font_size_last_edited=\u00bbon|phone\u00bb global_colors_info=\u00bb{}\u00bb][\/et_pb_wc_title][et_pb_wc_rating disabled_on=\u00bboff|off|on\u00bb _builder_version=\u00bb4.16&#8243; custom_padding_tablet=\u00bb|||15px|false|false\u00bb custom_padding_phone=\u00bb|||15px|false|false\u00bb custom_padding_last_edited=\u00bbon|tablet\u00bb global_colors_info=\u00bb{}\u00bb][\/et_pb_wc_rating][et_pb_wc_price disabled_on=\u00bbon|on|on\u00bb _builder_version=\u00bb4.16&#8243; custom_margin=\u00bb||||false|false\u00bb custom_padding=\u00bb20px||||false|false\u00bb custom_padding_tablet=\u00bb|||15px|false|false\u00bb custom_padding_phone=\u00bb20px|||15px|false|false\u00bb custom_padding_last_edited=\u00bbon|tablet\u00bb body_font_tablet=\u00bb|700|||||||\u00bb body_font_phone=\u00bb\u00bb body_font_last_edited=\u00bbon|phone\u00bb body_font_size_tablet=\u00bb20px\u00bb body_font_size_phone=\u00bb20px\u00bb body_font_size_last_edited=\u00bbon|tablet\u00bb disabled=\u00bbon\u00bb global_colors_info=\u00bb{}\u00bb][\/et_pb_wc_price][et_pb_wc_images show_product_image=\u00bbon\u00bb show_product_gallery=\u00bboff\u00bb show_sale_badge=\u00bboff\u00bb _builder_version=\u00bb4.18.0&#8243; min_height=\u00bb850px\u00bb custom_margin=\u00bb||0px||false|false\u00bb custom_padding=\u00bb|100px|0px|100px|false|false\u00bb custom_padding_tablet=\u00bb|130px||130px|false|false\u00bb custom_padding_phone=\u00bb|0px||0px|false|false\u00bb custom_padding_last_edited=\u00bbon|tablet\u00bb global_colors_info=\u00bb{}\u00bb][\/et_pb_wc_images][\/et_pb_column][et_pb_column type=\u00bb1_3&#8243; _builder_version=\u00bb4.16&#8243; custom_padding=\u00bb|||\u00bb global_colors_info=\u00bb{}\u00bb custom_padding__hover=\u00bb|||\u00bb][et_pb_wc_title disabled_on=\u00bbon|on|off\u00bb _builder_version=\u00bb4.16&#8243; header_font=\u00bb|700|||||||\u00bb header_font_size=\u00bb31px\u00bb custom_padding=\u00bb25px||||false|false\u00bb custom_padding_tablet=\u00bb|||15px|false|false\u00bb custom_padding_phone=\u00bb|||15px|false|false\u00bb custom_padding_last_edited=\u00bbon|tablet\u00bb global_colors_info=\u00bb{}\u00bb][\/et_pb_wc_title][et_pb_wc_rating disabled_on=\u00bbon|on|off\u00bb _builder_version=\u00bb4.16&#8243; custom_padding_tablet=\u00bb|||15px|false|false\u00bb custom_padding_phone=\u00bb|||15px|false|false\u00bb custom_padding_last_edited=\u00bbon|tablet\u00bb global_colors_info=\u00bb{}\u00bb][\/et_pb_wc_rating][et_pb_wc_price disabled_on=\u00bbon|on|on\u00bb _builder_version=\u00bb4.16&#8243; custom_margin=\u00bb||||false|false\u00bb custom_padding=\u00bb20px||||false|false\u00bb custom_padding_tablet=\u00bb|||15px|false|false\u00bb custom_padding_phone=\u00bb20px|||15px|false|false\u00bb custom_padding_last_edited=\u00bbon|tablet\u00bb disabled=\u00bbon\u00bb global_colors_info=\u00bb{}\u00bb][\/et_pb_wc_price][et_pb_wc_description _builder_version=\u00bb4.16&#8243; header_text_align=\u00bbjustify\u00bb text_orientation=\u00bbjustified\u00bb custom_padding=\u00bb20px||20px||false|false\u00bb custom_padding_tablet=\u00bb|15px||15px|false|false\u00bb custom_padding_phone=\u00bb|15px||15px|false|false\u00bb custom_padding_last_edited=\u00bbon|tablet\u00bb body_font_tablet=\u00bb|700|||||||\u00bb body_font_phone=\u00bb|700|||||||\u00bb body_font_last_edited=\u00bbon|phone\u00bb global_colors_info=\u00bb{}\u00bb][\/et_pb_wc_description][et_pb_wc_add_to_cart show_stock=\u00bboff\u00bb _builder_version=\u00bb4.16&#8243; dropdown_menus_custom_margin=\u00bb0px|0px|16px|-94px|false|false\u00bb dropdown_menus_custom_margin_tablet=\u00bb\u00bb dropdown_menus_custom_margin_phone=\u00bb0px|0px|16px|-70px|false|false\u00bb dropdown_menus_custom_margin_last_edited=\u00bbon|phone\u00bb field_label_text_color=\u00bb#545454&#8243; field_label_font_size=\u00bb17px\u00bb field_label_letter_spacing=\u00bb2px\u00bb field_label_line_height=\u00bb1.6em\u00bb fields_text_align=\u00bbcenter\u00bb dropdown_menus_font=\u00bbAldrich||||||||\u00bb dropdown_menus_font_size=\u00bb14px\u00bb custom_padding=\u00bb|||15px|false|false\u00bb field_label_font_tablet=\u00bb\u00bb field_label_font_phone=\u00bbDefault|800|||||||\u00bb field_label_font_last_edited=\u00bbon|phone\u00bb border_width_all_fields=\u00bb1px\u00bb border_radii_dropdown_menus=\u00bbon||||\u00bb border_width_all_dropdown_menus=\u00bb1px\u00bb body_font_last_edited=\u00bbon|phone\u00bb body_font_tablet=\u00bb\u00bb body_font_phone=\u00bbDefault|800|||||||\u00bb body_text_color=\u00bb#545454&#8243; body_font_size=\u00bb17px\u00bb body_letter_spacing=\u00bb2px\u00bb body_line_height=\u00bb1.6em\u00bb global_colors_info=\u00bb{}\u00bb][\/et_pb_wc_add_to_cart][\/et_pb_column][et_pb_column type=\u00bb1_3&#8243; _builder_version=\u00bb4.16&#8243; custom_padding=\u00bb|||\u00bb global_colors_info=\u00bb{}\u00bb custom_padding__hover=\u00bb|||\u00bb][et_pb_wc_images sale_badge_color=\u00bb#930514&#8243; _builder_version=\u00bb4.18.0&#8243; _module_preset=\u00bbdefault\u00bb custom_padding=\u00bb20px|20px||20px|false|false\u00bb border_width_all_image=\u00bb5px\u00bb border_color_all_image=\u00bb#FFFFFF\u00bb border_width_all_sale_badge=\u00bb2px\u00bb border_color_all_sale_badge=\u00bb#FFFFFF\u00bb global_colors_info=\u00bb{}\u00bb][\/et_pb_wc_images][\/et_pb_column][\/et_pb_row][et_pb_row _builder_version=\u00bb4.16&#8243; global_colors_info=\u00bb{}\u00bb][et_pb_column type=\u00bb4_4&#8243; _builder_version=\u00bb4.16&#8243; custom_padding=\u00bb|||\u00bb global_colors_info=\u00bb{}\u00bb custom_padding__hover=\u00bb|||\u00bb][et_pb_wc_tabs _builder_version=\u00bb4.16&#8243; body_text_align=\u00bbjustify\u00bb custom_margin=\u00bb|30px||30px|false|false\u00bb body_font_tablet=\u00bb\u00bb body_font_phone=\u00bb|700|||||||\u00bb body_font_last_edited=\u00bbon|phone\u00bb global_colors_info=\u00bb{}\u00bb]\t\t\t\t\t[\/et_pb_wc_tabs][et_pb_wc_upsells _builder_version=\u00bb4.16&#8243; global_colors_info=\u00bb{}\u00bb][\/et_pb_wc_upsells][et_pb_wc_related_products product=\u00bblatest\u00bb include_categories=\u00bb16,17&#8243; offset_number=\u00bb1&#8243; _builder_version=\u00bb4.18.0&#8243; title_line_height=\u00bb2.5em\u00bb product_title_font_size=\u00bb20px\u00bb price_text_color=\u00bbrgba(0,0,0,0)\u00bb text_orientation=\u00bbcenter\u00bb max_width=\u00bb70%\u00bb module_alignment=\u00bbcenter\u00bb custom_margin=\u00bb||||false|false\u00bb custom_padding=\u00bb||||false|false\u00bb global_module=\u00bb14893&#8243; global_colors_info=\u00bb{}\u00bb][\/et_pb_wc_related_products][\/et_pb_column][\/et_pb_row][\/et_pb_section]<\/p>","protected":false},"excerpt":{"rendered":"<p>Nuestro varietal 100% Sauvignon Blanc perfectamente adaptado a los suelos arenosos de cantos rodados segovianos.<\/p>\n<p>Un vino potente, muy varietal y frutal con gran frescura. Uno de los mejores Sauvignon Blanc de Rueda.<\/p>\n<p><span style=\"color: #630303;\"><strong><a style=\"color: #630303;\" href=\"https:\/\/martue.com\/wp-content\/uploads\/2023\/04\/ES-BN-SAUVIGNON-BLANC-2022.pdf\" target=\"_blank\" rel=\"noopener\">Ficha de Cata<\/a><\/strong><\/span><\/p>","protected":false},"featured_media":16922,"comment_status":"open","ping_status":"closed","template":"","meta":{"_et_pb_use_builder":"on","_et_pb_old_content":"<strong>La a\u00f1ada:<\/strong> La a\u00f1ada 2024 ha sido una campa\u00f1a muy seca durante todo el ciclo vegetativo de la planta pero unas ligeras lluvias a final de agosto ayudaron a terminar la maduraci\u00f3n de las uvas obteniendo una menor producci\u00f3n, pero con mucha calidad y aromas de gran complejidad.\r\n\r\n<strong>Elaboraci\u00f3n<\/strong>: Vendimia nocturna a baja temperatura, maceraci\u00f3n en frio durante el prensado en atmosfera inerte para mantener todos los aromas, una fermentaci\u00f3n alcoh\u00f3lica prolongada y a baja temperatura con el objetivo de conservar y potenciar las caracter\u00edsticas propias de la variedad.\r\n\r\nColor amarillo pajizo limpio y brillante. Atractivo aroma de alta intensidad que atrapa, con muchos registros entre frutas, flores y hierbas. Fruta de la pasi\u00f3n y pera de agua, rosa blanca y violetas, c\u00e9sped y an\u00eds. Ligero en boca, agradable, goloso. Entra discreto y se hace grande en el centro de boca para salir con discreci\u00f3n.\r\n<h3>Producci\u00f3n<\/h3>\r\n25.342 botellas bordelesas. Disponible en formato 0.75 L.\r\n<h3>Conservaci\u00f3n<\/h3>\r\nSe recomienda conservar con la botella tumbada, en un lugar a oscuras, sin vibraciones y temperatura estable entre 15-20\u00baC.\r\n<h3>Maridaje y Consumo<\/h3>\r\nSe recomienda servirlo entre 6-8\u00baC.\r\n\r\nConsumo \u00f3ptimo a\u00f1o 2024 y hasta final 2026.","_et_gb_content_width":"","om_disable_all_campaigns":false,"_joinchat":[]},"product_brand":[],"product_cat":[25,17],"product_tag":[],"class_list":{"0":"post-16907","1":"product","2":"type-product","3":"status-publish","4":"has-post-thumbnail","6":"product_cat-blancos","7":"product_cat-vinos-blanco-nieva","9":"first","10":"instock","11":"taxable","12":"shipping-taxable","13":"product-type-variable","14":"has-default-attributes"},"yoast_head":"<!-- This site is optimized with the Yoast SEO plugin v24.1 - https:\/\/yoast.com\/wordpress\/plugins\/seo\/ -->\n<title>Blanco Nieva Sauvignon Blanc 2024<\/title>\n<meta name=\"description\" content=\"100% Sauvignon Blanc suelos arenosos de cantos rodados segovianos Atractivo aroma de alta intensidad con muchos registros entre frutas flores y hierbas Fruta de la pasi\u00f3n y pera\" \/>\n<meta name=\"robots\" content=\"index, follow, max-snippet:-1, max-image-preview:large, max-video-preview:-1\" \/>\n<link rel=\"canonical\" href=\"https:\/\/martue.com\/en\/product\/blanco-nieva-sauvignon-blanc-2024\/\" \/>\n<meta property=\"og:locale\" content=\"en_GB\" \/>\n<meta property=\"og:type\" content=\"article\" \/>\n<meta property=\"og:title\" content=\"Blanco Nieva Sauvignon Blanc 2024\" \/>\n<meta property=\"og:description\" content=\"100% Sauvignon Blanc suelos arenosos de cantos rodados segovianos Atractivo aroma de alta intensidad con muchos registros entre frutas flores y hierbas Fruta de la pasi\u00f3n y pera\" \/>\n<meta property=\"og:url\" content=\"https:\/\/martue.com\/en\/product\/blanco-nieva-sauvignon-blanc-2024\/\" \/>\n<meta property=\"og:site_name\" content=\"Bodegas Mart\u00fae - Pago Campo de la Guardia\" \/>\n<meta property=\"article:modified_time\" content=\"2025-05-07T10:32:04+00:00\" \/>\n<meta property=\"og:image\" content=\"https:\/\/martue.com\/wp-content\/uploads\/2025\/05\/BLANCO-NIEVA-SAUVIGNON-BLANC-2024.png\" \/>\n\t<meta property=\"og:image:width\" content=\"890\" \/>\n\t<meta property=\"og:image:height\" content=\"1952\" \/>\n\t<meta property=\"og:image:type\" content=\"image\/png\" \/>\n<meta name=\"twitter:card\" content=\"summary_large_image\" \/>\n<meta name=\"twitter:label1\" content=\"Estimated reading time\" \/>\n\t<meta name=\"twitter:data1\" content=\"5 minutes\" \/>\n<script type=\"application\/ld+json\" class=\"yoast-schema-graph\">{\"@context\":\"https:\/\/schema.org\",\"@graph\":[{\"@type\":\"WebPage\",\"@id\":\"https:\/\/martue.com\/producto\/blanco-nieva-sauvignon-blanc-2024\/\",\"url\":\"https:\/\/martue.com\/producto\/blanco-nieva-sauvignon-blanc-2024\/\",\"name\":\"Blanco Nieva Sauvignon Blanc 2024\",\"isPartOf\":{\"@id\":\"https:\/\/martue.com\/#website\"},\"primaryImageOfPage\":{\"@id\":\"https:\/\/martue.com\/producto\/blanco-nieva-sauvignon-blanc-2024\/#primaryimage\"},\"image\":{\"@id\":\"https:\/\/martue.com\/producto\/blanco-nieva-sauvignon-blanc-2024\/#primaryimage\"},\"thumbnailUrl\":\"https:\/\/martue.com\/wp-content\/uploads\/2025\/05\/BLANCO-NIEVA-SAUVIGNON-BLANC-2024.png\",\"datePublished\":\"2025-05-07T10:04:21+00:00\",\"dateModified\":\"2025-05-07T10:32:04+00:00\",\"description\":\"100% Sauvignon Blanc suelos arenosos de cantos rodados segovianos Atractivo aroma de alta intensidad con muchos registros entre frutas flores y hierbas Fruta de la pasi\u00f3n y pera\",\"breadcrumb\":{\"@id\":\"https:\/\/martue.com\/producto\/blanco-nieva-sauvignon-blanc-2024\/#breadcrumb\"},\"inLanguage\":\"en-GB\",\"potentialAction\":[{\"@type\":\"ReadAction\",\"target\":[\"https:\/\/martue.com\/producto\/blanco-nieva-sauvignon-blanc-2024\/\"]}]},{\"@type\":\"ImageObject\",\"inLanguage\":\"en-GB\",\"@id\":\"https:\/\/martue.com\/producto\/blanco-nieva-sauvignon-blanc-2024\/#primaryimage\",\"url\":\"https:\/\/martue.com\/wp-content\/uploads\/2025\/05\/BLANCO-NIEVA-SAUVIGNON-BLANC-2024.png\",\"contentUrl\":\"https:\/\/martue.com\/wp-content\/uploads\/2025\/05\/BLANCO-NIEVA-SAUVIGNON-BLANC-2024.png\",\"width\":890,\"height\":1952},{\"@type\":\"BreadcrumbList\",\"@id\":\"https:\/\/martue.com\/producto\/blanco-nieva-sauvignon-blanc-2024\/#breadcrumb\",\"itemListElement\":[{\"@type\":\"ListItem\",\"position\":1,\"name\":\"Portada\",\"item\":\"https:\/\/martue.com\/\"},{\"@type\":\"ListItem\",\"position\":2,\"name\":\"Vinos\",\"item\":\"https:\/\/martue.com\/vinos\/\"},{\"@type\":\"ListItem\",\"position\":3,\"name\":\"Blanco Nieva Sauvignon Blanc 2024\"}]},{\"@type\":\"WebSite\",\"@id\":\"https:\/\/martue.com\/#website\",\"url\":\"https:\/\/martue.com\/\",\"name\":\"Bodegas Mart\u00fae - Pago Campo de la Guardia\",\"description\":\"VINO DE PAGO CAMPO DE LA GUARDIA Es la m\u00e1xima calificaci\u00f3n que contempla la legislaci\u00f3n espa\u00f1ola en materia vitivin\u00edcola, por encima de la Denominaci\u00f3n de Origen.\",\"potentialAction\":[{\"@type\":\"SearchAction\",\"target\":{\"@type\":\"EntryPoint\",\"urlTemplate\":\"https:\/\/martue.com\/?s={search_term_string}\"},\"query-input\":{\"@type\":\"PropertyValueSpecification\",\"valueRequired\":true,\"valueName\":\"search_term_string\"}}],\"inLanguage\":\"en-GB\"}]}<\/script>\n<!-- \/ Yoast SEO plugin. -->","yoast_head_json":{"title":"Blanco Nieva Sauvignon Blanc 2024","description":"100% Sauvignon Blanc suelos arenosos de cantos rodados segovianos Atractivo aroma de alta intensidad con muchos registros entre frutas flores y hierbas Fruta de la pasi\u00f3n y pera","robots":{"index":"index","follow":"follow","max-snippet":"max-snippet:-1","max-image-preview":"max-image-preview:large","max-video-preview":"max-video-preview:-1"},"canonical":"https:\/\/martue.com\/en\/product\/blanco-nieva-sauvignon-blanc-2024\/","og_locale":"en_GB","og_type":"article","og_title":"Blanco Nieva Sauvignon Blanc 2024","og_description":"100% Sauvignon Blanc suelos arenosos de cantos rodados segovianos Atractivo aroma de alta intensidad con muchos registros entre frutas flores y hierbas Fruta de la pasi\u00f3n y pera","og_url":"https:\/\/martue.com\/en\/product\/blanco-nieva-sauvignon-blanc-2024\/","og_site_name":"Bodegas Mart\u00fae - Pago Campo de la Guardia","article_modified_time":"2025-05-07T10:32:04+00:00","og_image":[{"width":890,"height":1952,"url":"https:\/\/martue.com\/wp-content\/uploads\/2025\/05\/BLANCO-NIEVA-SAUVIGNON-BLANC-2024.png","type":"image\/png"}],"twitter_card":"summary_large_image","twitter_misc":{"Estimated reading time":"5 minutes"},"schema":{"@context":"https:\/\/schema.org","@graph":[{"@type":"WebPage","@id":"https:\/\/martue.com\/producto\/blanco-nieva-sauvignon-blanc-2024\/","url":"https:\/\/martue.com\/producto\/blanco-nieva-sauvignon-blanc-2024\/","name":"Blanco Nieva Sauvignon Blanc 2024","isPartOf":{"@id":"https:\/\/martue.com\/#website"},"primaryImageOfPage":{"@id":"https:\/\/martue.com\/producto\/blanco-nieva-sauvignon-blanc-2024\/#primaryimage"},"image":{"@id":"https:\/\/martue.com\/producto\/blanco-nieva-sauvignon-blanc-2024\/#primaryimage"},"thumbnailUrl":"https:\/\/martue.com\/wp-content\/uploads\/2025\/05\/BLANCO-NIEVA-SAUVIGNON-BLANC-2024.png","datePublished":"2025-05-07T10:04:21+00:00","dateModified":"2025-05-07T10:32:04+00:00","description":"100% Sauvignon Blanc suelos arenosos de cantos rodados segovianos Atractivo aroma de alta intensidad con muchos registros entre frutas flores y hierbas Fruta de la pasi\u00f3n y pera","breadcrumb":{"@id":"https:\/\/martue.com\/producto\/blanco-nieva-sauvignon-blanc-2024\/#breadcrumb"},"inLanguage":"en-GB","potentialAction":[{"@type":"ReadAction","target":["https:\/\/martue.com\/producto\/blanco-nieva-sauvignon-blanc-2024\/"]}]},{"@type":"ImageObject","inLanguage":"en-GB","@id":"https:\/\/martue.com\/producto\/blanco-nieva-sauvignon-blanc-2024\/#primaryimage","url":"https:\/\/martue.com\/wp-content\/uploads\/2025\/05\/BLANCO-NIEVA-SAUVIGNON-BLANC-2024.png","contentUrl":"https:\/\/martue.com\/wp-content\/uploads\/2025\/05\/BLANCO-NIEVA-SAUVIGNON-BLANC-2024.png","width":890,"height":1952},{"@type":"BreadcrumbList","@id":"https:\/\/martue.com\/producto\/blanco-nieva-sauvignon-blanc-2024\/#breadcrumb","itemListElement":[{"@type":"ListItem","position":1,"name":"Portada","item":"https:\/\/martue.com\/"},{"@type":"ListItem","position":2,"name":"Vinos","item":"https:\/\/martue.com\/vinos\/"},{"@type":"ListItem","position":3,"name":"Blanco Nieva Sauvignon Blanc 2024"}]},{"@type":"WebSite","@id":"https:\/\/martue.com\/#website","url":"https:\/\/martue.com\/","name":"Bodegas Mart\u00fae - Pago Campo de la Guardia","description":"VINO DE PAGO CAMPO DE LA GUARDIA Es la m\u00e1xima calificaci\u00f3n que contempla la legislaci\u00f3n espa\u00f1ola en materia vitivin\u00edcola, por encima de la Denominaci\u00f3n de Origen.","potentialAction":[{"@type":"SearchAction","target":{"@type":"EntryPoint","urlTemplate":"https:\/\/martue.com\/?s={search_term_string}"},"query-input":{"@type":"PropertyValueSpecification","valueRequired":true,"valueName":"search_term_string"}}],"inLanguage":"en-GB"}]}},"_links":{"self":[{"href":"https:\/\/martue.com\/en\/wp-json\/wp\/v2\/product\/16907","targetHints":{"allow":["GET"]}}],"collection":[{"href":"https:\/\/martue.com\/en\/wp-json\/wp\/v2\/product"}],"about":[{"href":"https:\/\/martue.com\/en\/wp-json\/wp\/v2\/types\/product"}],"replies":[{"embeddable":true,"href":"https:\/\/martue.com\/en\/wp-json\/wp\/v2\/comments?post=16907"}],"wp:featuredmedia":[{"embeddable":true,"href":"https:\/\/martue.com\/en\/wp-json\/wp\/v2\/media\/16922"}],"wp:attachment":[{"href":"https:\/\/martue.com\/en\/wp-json\/wp\/v2\/media?parent=16907"}],"wp:term":[{"taxonomy":"product_brand","embeddable":true,"href":"https:\/\/martue.com\/en\/wp-json\/wp\/v2\/product_brand?post=16907"},{"taxonomy":"product_cat","embeddable":true,"href":"https:\/\/martue.com\/en\/wp-json\/wp\/v2\/product_cat?post=16907"},{"taxonomy":"product_tag","embeddable":true,"href":"https:\/\/martue.com\/en\/wp-json\/wp\/v2\/product_tag?post=16907"}],"curies":[{"name":"wp","href":"https:\/\/api.w.org\/{rel}","templated":true}]}}