{"id":16916,"date":"2026-03-07T12:15:12","date_gmt":"2026-03-07T11:15:12","guid":{"rendered":"https:\/\/martue.com\/?post_type=product&#038;p=16916"},"modified":"2026-03-06T12:49:56","modified_gmt":"2026-03-06T11:49:56","slug":"pie-franco-2025","status":"publish","type":"product","link":"https:\/\/martue.com\/en\/product\/pie-franco-2025\/","title":{"rendered":"Pie Franco 2025"},"content":{"rendered":"<p>Color amarillo pajizo brillante. Intenso aroma limpio y fresco. Notas herb\u00e1ceas, hinojo, tomillo, menta, mineral. Alegre en su entrada en boca, untuoso, sabroso, rotundo en sabores. Se mueve despacio, con frescura y deja largo y agradable recuerdo. La entrada es muy sedosa fruto de la crianza sobre l\u00eda fina, llena la boca donde de nuevo encontramos la presencia de aromas bals\u00e1micos y buena acidez en el retrogusto.<\/p>\n<h3>Producci\u00f3n<\/h3>\n<p>18.900 botellas bordelesas. Disponible en formato 0.75 L.<\/p>\n<h3>Conservaci\u00f3n y Consumo<\/h3>\n<p>Se recomienda conservar con la botella tumbada, en un lugar a oscuras, sin vibraciones y temperatura estable entre 15-20\u00baC. Se recomienda servirlo entre 6 y 8\u00baC. Consumo \u00f3ptimo a\u00f1o 2026 y hasta final 2027.<\/p>","protected":false},"excerpt":{"rendered":"<p style=\"text-align: justify;\">La joya de la casa. Elaborado en su totalidad con uva Verdejo de vi\u00f1as prefiloxericas\u00a0 en pie franco, con vendimia manual y edades cercanas a los 100 a\u00f1os. Se trata de un vino de producci\u00f3n limitada por resultar de un vi\u00f1edo escaso.<\/p>\n<p style=\"text-align: justify;\">Tras su recolecci\u00f3n manual, el mosto fermenta a baja temperatura para mantener toda su potencia frutal y mineral.<\/p>\n<p><span style=\"color: #993300;\"><strong><a style=\"color: #993300;\" href=\"https:\/\/martue.com\/wp-content\/uploads\/2025\/06\/ESP-BN-PIE-FRANCO-2024.pdf\" target=\"_blank\" rel=\"noopener\">Ficha de Cata<\/a><\/strong><\/span><\/p>","protected":false},"featured_media":16926,"comment_status":"open","ping_status":"closed","template":"","meta":{"_et_pb_use_builder":"off","_et_pb_old_content":"Color amarillo pajizo brillante. Intenso aroma limpio y fresco. Notas herb\u00e1ceas, hinojo, tomillo, menta, mineral. Alegre en su entrada en boca, untuoso, sabroso, rotundo en sabores. Se mueve despacio, con frescura y deja largo y agradable recuerdo.\r\n\r\nLa entrada es muy sedosa fruto de la crianza sobre l\u00eda fina, llena la boca donde de nuevo encontramos la presencia de aromas bals\u00e1micos y buena acidez en el retrogusto.\r\n<h3>Producci\u00f3n<\/h3>\r\n18.900 botellas bordelesas. Disponible en formato 0.75 L.\r\n<h3>Conservaci\u00f3n y Consumo<\/h3>\r\nSe recomienda conservar con la botella tumbada, en un lugar a oscuras, sin vibraciones y temperatura estable entre 15-20\u00baC.\r\n\r\nSe recomienda servirlo entre 6 y 8\u00baC. Consumo \u00f3ptimo a\u00f1o 2026 y hasta final 2027.","_et_gb_content_width":"","om_disable_all_campaigns":false,"_joinchat":[]},"product_brand":[],"product_cat":[17],"product_tag":[],"class_list":{"0":"post-16916","1":"product","2":"type-product","3":"status-publish","4":"has-post-thumbnail","6":"product_cat-vinos-blanco-nieva","8":"first","9":"instock","10":"featured","11":"taxable","12":"shipping-taxable","13":"product-type-variable","14":"has-default-attributes"},"yoast_head":"<!-- This site is optimized with the Yoast SEO plugin v24.1 - https:\/\/yoast.com\/wordpress\/plugins\/seo\/ -->\n<title>Mart\u00fae Pie Franco 2025<\/title>\n<meta name=\"description\" content=\"La joya de la casa. Elaborado en su totalidad con uva Verdejo de vi\u00f1as prefiloxericas\u00a0 en pie franco, con vendimia manual y edades cercanas a los 100 a\u00f1os. Se trata de un vino de producci\u00f3n limitada por resultar de un vi\u00f1edo escaso. Tras su recolecci\u00f3n manual, el mosto fermenta a baja temperatura para mantener toda su potencia frutal y mineral.\" \/>\n<meta name=\"robots\" content=\"index, follow, max-snippet:-1, max-image-preview:large, max-video-preview:-1\" \/>\n<link rel=\"canonical\" href=\"https:\/\/martue.com\/en\/product\/pie-franco-2025\/\" \/>\n<meta property=\"og:locale\" content=\"en_GB\" \/>\n<meta property=\"og:type\" content=\"article\" \/>\n<meta property=\"og:title\" content=\"Mart\u00fae Pie Franco 2025\" \/>\n<meta property=\"og:description\" content=\"La joya de la casa. Elaborado en su totalidad con uva Verdejo de vi\u00f1as prefiloxericas\u00a0 en pie franco, con vendimia manual y edades cercanas a los 100 a\u00f1os. Se trata de un vino de producci\u00f3n limitada por resultar de un vi\u00f1edo escaso. Tras su recolecci\u00f3n manual, el mosto fermenta a baja temperatura para mantener toda su potencia frutal y mineral.\" \/>\n<meta property=\"og:url\" content=\"https:\/\/martue.com\/en\/product\/pie-franco-2025\/\" \/>\n<meta property=\"og:site_name\" content=\"Bodegas Mart\u00fae - Pago Campo de la Guardia\" \/>\n<meta property=\"article:modified_time\" content=\"2026-03-06T11:49:56+00:00\" \/>\n<meta property=\"og:image\" content=\"https:\/\/martue.com\/wp-content\/uploads\/2025\/05\/PIE-FRANCO-2024.png\" \/>\n\t<meta property=\"og:image:width\" content=\"890\" \/>\n\t<meta property=\"og:image:height\" content=\"1952\" \/>\n\t<meta property=\"og:image:type\" content=\"image\/png\" \/>\n<meta name=\"twitter:card\" content=\"summary_large_image\" \/>\n<meta name=\"twitter:label1\" content=\"Estimated reading time\" \/>\n\t<meta name=\"twitter:data1\" content=\"3 minutes\" \/>\n<script type=\"application\/ld+json\" class=\"yoast-schema-graph\">{\"@context\":\"https:\/\/schema.org\",\"@graph\":[{\"@type\":\"WebPage\",\"@id\":\"https:\/\/martue.com\/producto\/pie-franco-2025\/\",\"url\":\"https:\/\/martue.com\/producto\/pie-franco-2025\/\",\"name\":\"Mart\u00fae Pie Franco 2025\",\"isPartOf\":{\"@id\":\"https:\/\/martue.com\/#website\"},\"primaryImageOfPage\":{\"@id\":\"https:\/\/martue.com\/producto\/pie-franco-2025\/#primaryimage\"},\"image\":{\"@id\":\"https:\/\/martue.com\/producto\/pie-franco-2025\/#primaryimage\"},\"thumbnailUrl\":\"https:\/\/martue.com\/wp-content\/uploads\/2025\/05\/PIE-FRANCO-2024.png\",\"datePublished\":\"2026-03-07T11:15:12+00:00\",\"dateModified\":\"2026-03-06T11:49:56+00:00\",\"description\":\"La joya de la casa. Elaborado en su totalidad con uva Verdejo de vi\u00f1as prefiloxericas\u00a0 en pie franco, con vendimia manual y edades cercanas a los 100 a\u00f1os. Se trata de un vino de producci\u00f3n limitada por resultar de un vi\u00f1edo escaso. Tras su recolecci\u00f3n manual, el mosto fermenta a baja temperatura para mantener toda su potencia frutal y mineral.\",\"breadcrumb\":{\"@id\":\"https:\/\/martue.com\/producto\/pie-franco-2025\/#breadcrumb\"},\"inLanguage\":\"en-GB\",\"potentialAction\":[{\"@type\":\"ReadAction\",\"target\":[\"https:\/\/martue.com\/producto\/pie-franco-2025\/\"]}]},{\"@type\":\"ImageObject\",\"inLanguage\":\"en-GB\",\"@id\":\"https:\/\/martue.com\/producto\/pie-franco-2025\/#primaryimage\",\"url\":\"https:\/\/martue.com\/wp-content\/uploads\/2025\/05\/PIE-FRANCO-2024.png\",\"contentUrl\":\"https:\/\/martue.com\/wp-content\/uploads\/2025\/05\/PIE-FRANCO-2024.png\",\"width\":890,\"height\":1952,\"caption\":\"Elaborado en su totalidad con uva Verdejo de vi\u00f1as plantadas en pie franco con edades cercanas a los 100 a\u00f1os procedente de los majuelos de Nieva. Un capricho que sorprender\u00e1 al probarlo. Ver vino\"},{\"@type\":\"BreadcrumbList\",\"@id\":\"https:\/\/martue.com\/producto\/pie-franco-2025\/#breadcrumb\",\"itemListElement\":[{\"@type\":\"ListItem\",\"position\":1,\"name\":\"Portada\",\"item\":\"https:\/\/martue.com\/\"},{\"@type\":\"ListItem\",\"position\":2,\"name\":\"Vinos\",\"item\":\"https:\/\/martue.com\/vinos\/\"},{\"@type\":\"ListItem\",\"position\":3,\"name\":\"Pie Franco 2025\"}]},{\"@type\":\"WebSite\",\"@id\":\"https:\/\/martue.com\/#website\",\"url\":\"https:\/\/martue.com\/\",\"name\":\"Bodegas Mart\u00fae - Pago Campo de la Guardia\",\"description\":\"VINO DE PAGO CAMPO DE LA GUARDIA Es la m\u00e1xima calificaci\u00f3n que contempla la legislaci\u00f3n espa\u00f1ola en materia vitivin\u00edcola, por encima de la Denominaci\u00f3n de Origen.\",\"potentialAction\":[{\"@type\":\"SearchAction\",\"target\":{\"@type\":\"EntryPoint\",\"urlTemplate\":\"https:\/\/martue.com\/?s={search_term_string}\"},\"query-input\":{\"@type\":\"PropertyValueSpecification\",\"valueRequired\":true,\"valueName\":\"search_term_string\"}}],\"inLanguage\":\"en-GB\"}]}<\/script>\n<!-- \/ Yoast SEO plugin. -->","yoast_head_json":{"title":"Mart\u00fae Pie Franco 2025","description":"La joya de la casa. Elaborado en su totalidad con uva Verdejo de vi\u00f1as prefiloxericas\u00a0 en pie franco, con vendimia manual y edades cercanas a los 100 a\u00f1os. Se trata de un vino de producci\u00f3n limitada por resultar de un vi\u00f1edo escaso. Tras su recolecci\u00f3n manual, el mosto fermenta a baja temperatura para mantener toda su potencia frutal y mineral.","robots":{"index":"index","follow":"follow","max-snippet":"max-snippet:-1","max-image-preview":"max-image-preview:large","max-video-preview":"max-video-preview:-1"},"canonical":"https:\/\/martue.com\/en\/product\/pie-franco-2025\/","og_locale":"en_GB","og_type":"article","og_title":"Mart\u00fae Pie Franco 2025","og_description":"La joya de la casa. Elaborado en su totalidad con uva Verdejo de vi\u00f1as prefiloxericas\u00a0 en pie franco, con vendimia manual y edades cercanas a los 100 a\u00f1os. Se trata de un vino de producci\u00f3n limitada por resultar de un vi\u00f1edo escaso. Tras su recolecci\u00f3n manual, el mosto fermenta a baja temperatura para mantener toda su potencia frutal y mineral.","og_url":"https:\/\/martue.com\/en\/product\/pie-franco-2025\/","og_site_name":"Bodegas Mart\u00fae - Pago Campo de la Guardia","article_modified_time":"2026-03-06T11:49:56+00:00","og_image":[{"width":890,"height":1952,"url":"https:\/\/martue.com\/wp-content\/uploads\/2025\/05\/PIE-FRANCO-2024.png","type":"image\/png"}],"twitter_card":"summary_large_image","twitter_misc":{"Estimated reading time":"3 minutes"},"schema":{"@context":"https:\/\/schema.org","@graph":[{"@type":"WebPage","@id":"https:\/\/martue.com\/producto\/pie-franco-2025\/","url":"https:\/\/martue.com\/producto\/pie-franco-2025\/","name":"Mart\u00fae Pie Franco 2025","isPartOf":{"@id":"https:\/\/martue.com\/#website"},"primaryImageOfPage":{"@id":"https:\/\/martue.com\/producto\/pie-franco-2025\/#primaryimage"},"image":{"@id":"https:\/\/martue.com\/producto\/pie-franco-2025\/#primaryimage"},"thumbnailUrl":"https:\/\/martue.com\/wp-content\/uploads\/2025\/05\/PIE-FRANCO-2024.png","datePublished":"2026-03-07T11:15:12+00:00","dateModified":"2026-03-06T11:49:56+00:00","description":"La joya de la casa. Elaborado en su totalidad con uva Verdejo de vi\u00f1as prefiloxericas\u00a0 en pie franco, con vendimia manual y edades cercanas a los 100 a\u00f1os. Se trata de un vino de producci\u00f3n limitada por resultar de un vi\u00f1edo escaso. Tras su recolecci\u00f3n manual, el mosto fermenta a baja temperatura para mantener toda su potencia frutal y mineral.","breadcrumb":{"@id":"https:\/\/martue.com\/producto\/pie-franco-2025\/#breadcrumb"},"inLanguage":"en-GB","potentialAction":[{"@type":"ReadAction","target":["https:\/\/martue.com\/producto\/pie-franco-2025\/"]}]},{"@type":"ImageObject","inLanguage":"en-GB","@id":"https:\/\/martue.com\/producto\/pie-franco-2025\/#primaryimage","url":"https:\/\/martue.com\/wp-content\/uploads\/2025\/05\/PIE-FRANCO-2024.png","contentUrl":"https:\/\/martue.com\/wp-content\/uploads\/2025\/05\/PIE-FRANCO-2024.png","width":890,"height":1952,"caption":"Elaborado en su totalidad con uva Verdejo de vi\u00f1as plantadas en pie franco con edades cercanas a los 100 a\u00f1os procedente de los majuelos de Nieva. Un capricho que sorprender\u00e1 al probarlo. Ver vino"},{"@type":"BreadcrumbList","@id":"https:\/\/martue.com\/producto\/pie-franco-2025\/#breadcrumb","itemListElement":[{"@type":"ListItem","position":1,"name":"Portada","item":"https:\/\/martue.com\/"},{"@type":"ListItem","position":2,"name":"Vinos","item":"https:\/\/martue.com\/vinos\/"},{"@type":"ListItem","position":3,"name":"Pie Franco 2025"}]},{"@type":"WebSite","@id":"https:\/\/martue.com\/#website","url":"https:\/\/martue.com\/","name":"Bodegas Mart\u00fae - Pago Campo de la Guardia","description":"VINO DE PAGO CAMPO DE LA GUARDIA Es la m\u00e1xima calificaci\u00f3n que contempla la legislaci\u00f3n espa\u00f1ola en materia vitivin\u00edcola, por encima de la Denominaci\u00f3n de Origen.","potentialAction":[{"@type":"SearchAction","target":{"@type":"EntryPoint","urlTemplate":"https:\/\/martue.com\/?s={search_term_string}"},"query-input":{"@type":"PropertyValueSpecification","valueRequired":true,"valueName":"search_term_string"}}],"inLanguage":"en-GB"}]}},"_links":{"self":[{"href":"https:\/\/martue.com\/en\/wp-json\/wp\/v2\/product\/16916","targetHints":{"allow":["GET"]}}],"collection":[{"href":"https:\/\/martue.com\/en\/wp-json\/wp\/v2\/product"}],"about":[{"href":"https:\/\/martue.com\/en\/wp-json\/wp\/v2\/types\/product"}],"replies":[{"embeddable":true,"href":"https:\/\/martue.com\/en\/wp-json\/wp\/v2\/comments?post=16916"}],"wp:featuredmedia":[{"embeddable":true,"href":"https:\/\/martue.com\/en\/wp-json\/wp\/v2\/media\/16926"}],"wp:attachment":[{"href":"https:\/\/martue.com\/en\/wp-json\/wp\/v2\/media?parent=16916"}],"wp:term":[{"taxonomy":"product_brand","embeddable":true,"href":"https:\/\/martue.com\/en\/wp-json\/wp\/v2\/product_brand?post=16916"},{"taxonomy":"product_cat","embeddable":true,"href":"https:\/\/martue.com\/en\/wp-json\/wp\/v2\/product_cat?post=16916"},{"taxonomy":"product_tag","embeddable":true,"href":"https:\/\/martue.com\/en\/wp-json\/wp\/v2\/product_tag?post=16916"}],"curies":[{"name":"wp","href":"https:\/\/api.w.org\/{rel}","templated":true}]}}