{"id":16987,"date":"2025-06-17T13:16:19","date_gmt":"2025-06-17T11:16:19","guid":{"rendered":"https:\/\/martue.com\/?post_type=product&#038;p=16987"},"modified":"2025-06-19T15:01:56","modified_gmt":"2025-06-19T13:01:56","slug":"martue-chardonnay-2024","status":"publish","type":"product","link":"https:\/\/martue.com\/en\/product\/martue-chardonnay-2024\/","title":{"rendered":"Mart\u00fae Chardonnay 2024"},"content":{"rendered":"<p>[et_pb_section fb_built=\u00bb1&#8243; _builder_version=\u00bb4.16&#8243; collapsed=\u00bboff\u00bb global_colors_info=\u00bb{}\u00bb][et_pb_row _builder_version=\u00bb4.16&#8243; global_colors_info=\u00bb{}\u00bb][et_pb_column type=\u00bb4_4&#8243; _builder_version=\u00bb4.16&#8243; custom_padding=\u00bb|||\u00bb global_colors_info=\u00bb{}\u00bb custom_padding__hover=\u00bb|||\u00bb][et_pb_wc_cart_notice _builder_version=\u00bb4.16&#8243; global_colors_info=\u00bb{}\u00bb][\/et_pb_wc_cart_notice][\/et_pb_column][\/et_pb_row][et_pb_row column_structure=\u00bb1_3,1_3,1_3&#8243; _builder_version=\u00bb4.16&#8243; global_colors_info=\u00bb{}\u00bb][et_pb_column type=\u00bb1_3&#8243; _builder_version=\u00bb4.16&#8243; custom_padding=\u00bb|||\u00bb global_colors_info=\u00bb{}\u00bb custom_padding__hover=\u00bb|||\u00bb][et_pb_wc_title disabled_on=\u00bboff|off|on\u00bb _builder_version=\u00bb4.18.0&#8243; header_font=\u00bb|700|||||||\u00bb header_text_align=\u00bbcenter\u00bb header_font_size=\u00bb31px\u00bb custom_padding=\u00bb25px||||false|false\u00bb custom_padding_tablet=\u00bb|||15px|false|false\u00bb custom_padding_phone=\u00bb|||15px|false|false\u00bb custom_padding_last_edited=\u00bbon|tablet\u00bb global_colors_info=\u00bb{}\u00bb][\/et_pb_wc_title][et_pb_wc_images show_product_image=\u00bbon\u00bb show_product_gallery=\u00bboff\u00bb show_sale_badge=\u00bboff\u00bb _builder_version=\u00bb4.18.0&#8243; min_height=\u00bb850px\u00bb custom_margin=\u00bb-35px||0px||false|false\u00bb custom_padding=\u00bb|100px|0px|100px|false|false\u00bb custom_padding_tablet=\u00bb|130px||130px|false|false\u00bb custom_padding_phone=\u00bb|0px||0px|false|false\u00bb custom_padding_last_edited=\u00bbon|tablet\u00bb global_colors_info=\u00bb{}\u00bb][\/et_pb_wc_images][\/et_pb_column][et_pb_column type=\u00bb1_3&#8243; _builder_version=\u00bb4.16&#8243; custom_padding=\u00bb|||\u00bb global_colors_info=\u00bb{}\u00bb custom_padding__hover=\u00bb|||\u00bb][et_pb_wc_title product=\u00bb16987&#8243; disabled_on=\u00bbon|on|off\u00bb _builder_version=\u00bb4.18.0&#8243; header_font=\u00bb|700|||||||\u00bb header_text_align=\u00bbleft\u00bb header_font_size=\u00bb40px\u00bb custom_padding=\u00bb25px||||false|false\u00bb custom_padding_tablet=\u00bb|||15px|false|false\u00bb custom_padding_phone=\u00bb|||15px|false|false\u00bb custom_padding_last_edited=\u00bbon|tablet\u00bb locked=\u00bboff\u00bb global_colors_info=\u00bb{}\u00bb][\/et_pb_wc_title][et_pb_wc_rating _builder_version=\u00bb4.16&#8243; custom_padding_tablet=\u00bb|||15px|false|false\u00bb custom_padding_phone=\u00bb|||15px|false|false\u00bb custom_padding_last_edited=\u00bbon|tablet\u00bb global_colors_info=\u00bb{}\u00bb][\/et_pb_wc_rating][et_pb_wc_price _builder_version=\u00bb4.18.0&#8243; custom_margin=\u00bb||||false|false\u00bb custom_padding=\u00bb||||false|false\u00bb custom_padding_tablet=\u00bb|||15px|false|false\u00bb custom_padding_phone=\u00bb20px|||15px|false|false\u00bb custom_padding_last_edited=\u00bbon|tablet\u00bb global_colors_info=\u00bb{}\u00bb][\/et_pb_wc_price][et_pb_wc_description _builder_version=\u00bb4.16&#8243; header_text_align=\u00bbjustify\u00bb text_orientation=\u00bbjustified\u00bb custom_padding=\u00bb20px||20px||false|false\u00bb custom_padding_tablet=\u00bb|15px||15px|false|false\u00bb custom_padding_phone=\u00bb|15px||15px|false|false\u00bb custom_padding_last_edited=\u00bbon|tablet\u00bb body_font_tablet=\u00bb\u00bb body_font_phone=\u00bb|700|||||||\u00bb body_font_last_edited=\u00bbon|phone\u00bb global_colors_info=\u00bb{}\u00bb][\/et_pb_wc_description][et_pb_wc_add_to_cart show_stock=\u00bboff\u00bb _builder_version=\u00bb4.18.0&#8243; dropdown_menus_custom_margin=\u00bb0px|0px|16px|-94px|false|false\u00bb dropdown_menus_custom_margin_tablet=\u00bb\u00bb dropdown_menus_custom_margin_phone=\u00bb0px|0px|16px|-70px|false|false\u00bb dropdown_menus_custom_margin_last_edited=\u00bbon|phone\u00bb field_label_text_color=\u00bb#545454&#8243; field_label_font_size=\u00bb17px\u00bb field_label_letter_spacing=\u00bb2px\u00bb field_label_line_height=\u00bb1.6em\u00bb fields_text_align=\u00bbcenter\u00bb dropdown_menus_font=\u00bbAldrich||||||||\u00bb dropdown_menus_font_size=\u00bb14px\u00bb custom_margin=\u00bb||15px||false|false\u00bb custom_padding=\u00bb|||15px|false|false\u00bb field_label_font_tablet=\u00bb\u00bb field_label_font_phone=\u00bbDefault|800|||||||\u00bb field_label_font_last_edited=\u00bbon|phone\u00bb border_width_all_fields=\u00bb1px\u00bb border_radii_dropdown_menus=\u00bbon||||\u00bb border_width_all_dropdown_menus=\u00bb1px\u00bb body_font_last_edited=\u00bbon|phone\u00bb body_font_tablet=\u00bb\u00bb body_font_phone=\u00bbDefault|800|||||||\u00bb body_text_color=\u00bb#545454&#8243; body_font_size=\u00bb17px\u00bb body_letter_spacing=\u00bb2px\u00bb body_line_height=\u00bb1.6em\u00bb global_colors_info=\u00bb{}\u00bb][\/et_pb_wc_add_to_cart][\/et_pb_column][et_pb_column type=\u00bb1_3&#8243; _builder_version=\u00bb4.16&#8243; custom_padding=\u00bb|||\u00bb global_colors_info=\u00bb{}\u00bb custom_padding__hover=\u00bb|||\u00bb][et_pb_wc_images _builder_version=\u00bb4.18.0&#8243; _module_preset=\u00bbdefault\u00bb custom_padding=\u00bb20px|20px||20px|false|false\u00bb hover_enabled=\u00bb0&#8243; border_width_all_image=\u00bb5px\u00bb border_color_all_image=\u00bb#FFFFFF\u00bb global_colors_info=\u00bb{}\u00bb sticky_enabled=\u00bb0&#8243;][\/et_pb_wc_images][\/et_pb_column][\/et_pb_row][et_pb_row _builder_version=\u00bb4.16&#8243; global_colors_info=\u00bb{}\u00bb][et_pb_column type=\u00bb4_4&#8243; _builder_version=\u00bb4.16&#8243; custom_padding=\u00bb|||\u00bb global_colors_info=\u00bb{}\u00bb custom_padding__hover=\u00bb|||\u00bb][et_pb_wc_tabs _builder_version=\u00bb4.16&#8243; body_text_align=\u00bbjustify\u00bb custom_margin=\u00bb|30px||30px|false|false\u00bb body_font_tablet=\u00bb\u00bb body_font_phone=\u00bb|700|||||||\u00bb body_font_last_edited=\u00bbon|phone\u00bb global_colors_info=\u00bb{}\u00bb] [\/et_pb_wc_tabs][et_pb_wc_upsells _builder_version=\u00bb4.16&#8243; global_colors_info=\u00bb{}\u00bb][\/et_pb_wc_upsells][et_pb_wc_related_products include_categories=\u00bb16&#8243; _builder_version=\u00bb4.18.0&#8243; title_line_height=\u00bb2.5em\u00bb price_text_color=\u00bbrgba(0,0,0,0)\u00bb text_orientation=\u00bbcenter\u00bb max_width=\u00bb70%\u00bb module_alignment=\u00bbcenter\u00bb custom_margin=\u00bb||||false|false\u00bb custom_padding=\u00bb||||false|false\u00bb global_colors_info=\u00bb{}\u00bb][\/et_pb_wc_related_products][\/et_pb_column][\/et_pb_row][\/et_pb_section]<\/p>","protected":false},"excerpt":{"rendered":"<p>Mart\u00fae Chardonnay es un vino elaborado exclusivamente con uvas de vi\u00f1edos en vaso nuestra finca El Casar de La Guardia.<\/p>\n<p>Fermentado en un 88% en dep\u00f3sito de acero inoxidable a baja temperatura, mientras que el 12% restante ferment\u00f3 en barricas nuevas de roble franc\u00e9s de Inmersi\u00f3n, en las cuales el vino ha permanecido sobre sus l\u00edas durante dos meses y medios, realiz\u00e1ndose un battonage diario de cada barrica. Despu\u00e9s se procede al ensamblaje \u00f3ptimo entre ambos vinos.<\/p>\n<p><strong><a href=\"https:\/\/martue.com\/wp-content\/uploads\/2025\/06\/ESP-MARTUE-CARDONNAY-2024.pdf\" target=\"_blank\" rel=\"noopener noreferrer\">Ficha de Cata<\/a><\/strong><\/p>\n<p>&nbsp;<\/p>","protected":false},"featured_media":16981,"comment_status":"open","ping_status":"closed","template":"","meta":{"_et_pb_use_builder":"on","_et_pb_old_content":"Color amarillo pajizo luminoso y brillante. En nariz presenta un intenso aroma limpio y atractivo. Fruta de la pasi\u00f3n madura, hierba fresca, recuerdos de tomillo, crema y pasteler\u00eda. Entra en boca con poder\u00edo, inundando con su sabor. Aqu\u00ed mandan los efectos de su paso por barrica bien integrados con fruta madura. Sabroso, amplio y equilibrado. Largo final con gran futuro en botella en los pr\u00f3ximos a\u00f1os.\r\n\r\n<strong>La a\u00f1ada<\/strong> 2024 ha venido marcada por una pluviometr\u00eda alta que se reparti\u00f3 entre oto\u00f1o, primavera y verano favoreciendo que la vid se desarrollara de forma adecuada y compensando, en parte, las heladas invernales. Las temperaturas del fin de ciclo, agosto y septiembre, fueron m\u00e1s suaves de lo normal. Esto ha permitido una acidez alta en la uva y una maduraci\u00f3n lenta que incrementa la complejidad arom\u00e1tica de los vinos por encima de lo habitual.\r\n\r\n<strong>Producci\u00f3n <\/strong>\r\n\r\nDe la Cosecha 2024 se han producido 6.405 botellas borgo\u00f1a.\r\n\r\n<strong>\u00a0<\/strong><strong>Conservaci\u00f3n y Consumo<\/strong>\r\n\r\nSe recomienda conservar con la botella tumbada, en un lugar a oscuras, sin vibraciones y temperatura estable entre 15-20\u00baC.\r\n\r\nSe recomienda servirlo entre 6-8. En caso de no estar fr\u00edo se recomienda introducir en una hielera con hielo para un mejor enfriamiento. Consumo \u00f3ptimo a\u00f1o 2025 y hasta final 2026.","_et_gb_content_width":"","om_disable_all_campaigns":false,"_joinchat":[]},"product_brand":[],"product_cat":[16],"product_tag":[],"class_list":{"0":"post-16987","1":"product","2":"type-product","3":"status-publish","4":"has-post-thumbnail","6":"product_cat-vinos-martue","8":"first","9":"instock","10":"taxable","11":"shipping-taxable","12":"product-type-variable","13":"has-default-attributes"},"yoast_head":"<!-- This site is optimized with the Yoast SEO plugin v24.1 - https:\/\/yoast.com\/wordpress\/plugins\/seo\/ -->\n<title>Mart\u00fae Chardonnay 2024<\/title>\n<meta name=\"description\" content=\"Mart\u00fae Chardonnay es un vino elaborado exclusivamente con uvas de vi\u00f1edos en vaso nuestra finca El Casar de La Guardia. Fermentado en un 88% en dep\u00f3sito de acero inoxidable a baja temperatura, mientras que el 12% restante ferment\u00f3 en barricas nuevas de roble franc\u00e9s de Inmersi\u00f3n, en las cuales el vino ha permanecido sobre sus l\u00edas durante dos meses y medios, realiz\u00e1ndose un battonage diario de cada barrica. Despu\u00e9s se procede al ensamblaje \u00f3ptimo entre ambos vinos.\" \/>\n<meta name=\"robots\" content=\"index, follow, max-snippet:-1, max-image-preview:large, max-video-preview:-1\" \/>\n<link rel=\"canonical\" href=\"https:\/\/martue.com\/en\/product\/martue-chardonnay-2024\/\" \/>\n<meta property=\"og:locale\" content=\"en_GB\" \/>\n<meta property=\"og:type\" content=\"article\" \/>\n<meta property=\"og:title\" content=\"Mart\u00fae Chardonnay 2024\" \/>\n<meta property=\"og:description\" content=\"Mart\u00fae Chardonnay es un vino elaborado exclusivamente con uvas de vi\u00f1edos en vaso nuestra finca El Casar de La Guardia. Fermentado en un 88% en dep\u00f3sito de acero inoxidable a baja temperatura, mientras que el 12% restante ferment\u00f3 en barricas nuevas de roble franc\u00e9s de Inmersi\u00f3n, en las cuales el vino ha permanecido sobre sus l\u00edas durante dos meses y medios, realiz\u00e1ndose un battonage diario de cada barrica. Despu\u00e9s se procede al ensamblaje \u00f3ptimo entre ambos vinos.\" \/>\n<meta property=\"og:url\" content=\"https:\/\/martue.com\/en\/product\/martue-chardonnay-2024\/\" \/>\n<meta property=\"og:site_name\" content=\"Bodegas Mart\u00fae - Pago Campo de la Guardia\" \/>\n<meta property=\"article:modified_time\" content=\"2025-06-19T13:01:56+00:00\" \/>\n<meta property=\"og:image\" content=\"https:\/\/martue.com\/wp-content\/uploads\/2025\/06\/MChardonnay24.png\" \/>\n\t<meta property=\"og:image:width\" content=\"890\" \/>\n\t<meta property=\"og:image:height\" content=\"1952\" \/>\n\t<meta property=\"og:image:type\" content=\"image\/png\" \/>\n<meta name=\"twitter:card\" content=\"summary_large_image\" \/>\n<meta name=\"twitter:label1\" content=\"Estimated reading time\" \/>\n\t<meta name=\"twitter:data1\" content=\"2 minutes\" \/>\n<script type=\"application\/ld+json\" class=\"yoast-schema-graph\">{\"@context\":\"https:\/\/schema.org\",\"@graph\":[{\"@type\":\"WebPage\",\"@id\":\"https:\/\/martue.com\/producto\/martue-chardonnay-2024\/\",\"url\":\"https:\/\/martue.com\/producto\/martue-chardonnay-2024\/\",\"name\":\"Mart\u00fae Chardonnay 2024\",\"isPartOf\":{\"@id\":\"https:\/\/martue.com\/#website\"},\"primaryImageOfPage\":{\"@id\":\"https:\/\/martue.com\/producto\/martue-chardonnay-2024\/#primaryimage\"},\"image\":{\"@id\":\"https:\/\/martue.com\/producto\/martue-chardonnay-2024\/#primaryimage\"},\"thumbnailUrl\":\"https:\/\/martue.com\/wp-content\/uploads\/2025\/06\/MChardonnay24.png\",\"datePublished\":\"2025-06-17T11:16:19+00:00\",\"dateModified\":\"2025-06-19T13:01:56+00:00\",\"description\":\"Mart\u00fae Chardonnay es un vino elaborado exclusivamente con uvas de vi\u00f1edos en vaso nuestra finca El Casar de La Guardia. Fermentado en un 88% en dep\u00f3sito de acero inoxidable a baja temperatura, mientras que el 12% restante ferment\u00f3 en barricas nuevas de roble franc\u00e9s de Inmersi\u00f3n, en las cuales el vino ha permanecido sobre sus l\u00edas durante dos meses y medios, realiz\u00e1ndose un battonage diario de cada barrica. Despu\u00e9s se procede al ensamblaje \u00f3ptimo entre ambos vinos.\",\"breadcrumb\":{\"@id\":\"https:\/\/martue.com\/producto\/martue-chardonnay-2024\/#breadcrumb\"},\"inLanguage\":\"en-GB\",\"potentialAction\":[{\"@type\":\"ReadAction\",\"target\":[\"https:\/\/martue.com\/producto\/martue-chardonnay-2024\/\"]}]},{\"@type\":\"ImageObject\",\"inLanguage\":\"en-GB\",\"@id\":\"https:\/\/martue.com\/producto\/martue-chardonnay-2024\/#primaryimage\",\"url\":\"https:\/\/martue.com\/wp-content\/uploads\/2025\/06\/MChardonnay24.png\",\"contentUrl\":\"https:\/\/martue.com\/wp-content\/uploads\/2025\/06\/MChardonnay24.png\",\"width\":890,\"height\":1952},{\"@type\":\"BreadcrumbList\",\"@id\":\"https:\/\/martue.com\/producto\/martue-chardonnay-2024\/#breadcrumb\",\"itemListElement\":[{\"@type\":\"ListItem\",\"position\":1,\"name\":\"Portada\",\"item\":\"https:\/\/martue.com\/\"},{\"@type\":\"ListItem\",\"position\":2,\"name\":\"Vinos\",\"item\":\"https:\/\/martue.com\/vinos\/\"},{\"@type\":\"ListItem\",\"position\":3,\"name\":\"Mart\u00fae Chardonnay 2024\"}]},{\"@type\":\"WebSite\",\"@id\":\"https:\/\/martue.com\/#website\",\"url\":\"https:\/\/martue.com\/\",\"name\":\"Bodegas Mart\u00fae - Pago Campo de la Guardia\",\"description\":\"VINO DE PAGO CAMPO DE LA GUARDIA Es la m\u00e1xima calificaci\u00f3n que contempla la legislaci\u00f3n espa\u00f1ola en materia vitivin\u00edcola, por encima de la Denominaci\u00f3n de Origen.\",\"potentialAction\":[{\"@type\":\"SearchAction\",\"target\":{\"@type\":\"EntryPoint\",\"urlTemplate\":\"https:\/\/martue.com\/?s={search_term_string}\"},\"query-input\":{\"@type\":\"PropertyValueSpecification\",\"valueRequired\":true,\"valueName\":\"search_term_string\"}}],\"inLanguage\":\"en-GB\"}]}<\/script>\n<!-- \/ Yoast SEO plugin. -->","yoast_head_json":{"title":"Mart\u00fae Chardonnay 2024","description":"Mart\u00fae Chardonnay es un vino elaborado exclusivamente con uvas de vi\u00f1edos en vaso nuestra finca El Casar de La Guardia. Fermentado en un 88% en dep\u00f3sito de acero inoxidable a baja temperatura, mientras que el 12% restante ferment\u00f3 en barricas nuevas de roble franc\u00e9s de Inmersi\u00f3n, en las cuales el vino ha permanecido sobre sus l\u00edas durante dos meses y medios, realiz\u00e1ndose un battonage diario de cada barrica. Despu\u00e9s se procede al ensamblaje \u00f3ptimo entre ambos vinos.","robots":{"index":"index","follow":"follow","max-snippet":"max-snippet:-1","max-image-preview":"max-image-preview:large","max-video-preview":"max-video-preview:-1"},"canonical":"https:\/\/martue.com\/en\/product\/martue-chardonnay-2024\/","og_locale":"en_GB","og_type":"article","og_title":"Mart\u00fae Chardonnay 2024","og_description":"Mart\u00fae Chardonnay es un vino elaborado exclusivamente con uvas de vi\u00f1edos en vaso nuestra finca El Casar de La Guardia. Fermentado en un 88% en dep\u00f3sito de acero inoxidable a baja temperatura, mientras que el 12% restante ferment\u00f3 en barricas nuevas de roble franc\u00e9s de Inmersi\u00f3n, en las cuales el vino ha permanecido sobre sus l\u00edas durante dos meses y medios, realiz\u00e1ndose un battonage diario de cada barrica. Despu\u00e9s se procede al ensamblaje \u00f3ptimo entre ambos vinos.","og_url":"https:\/\/martue.com\/en\/product\/martue-chardonnay-2024\/","og_site_name":"Bodegas Mart\u00fae - Pago Campo de la Guardia","article_modified_time":"2025-06-19T13:01:56+00:00","og_image":[{"width":890,"height":1952,"url":"https:\/\/martue.com\/wp-content\/uploads\/2025\/06\/MChardonnay24.png","type":"image\/png"}],"twitter_card":"summary_large_image","twitter_misc":{"Estimated reading time":"2 minutes"},"schema":{"@context":"https:\/\/schema.org","@graph":[{"@type":"WebPage","@id":"https:\/\/martue.com\/producto\/martue-chardonnay-2024\/","url":"https:\/\/martue.com\/producto\/martue-chardonnay-2024\/","name":"Mart\u00fae Chardonnay 2024","isPartOf":{"@id":"https:\/\/martue.com\/#website"},"primaryImageOfPage":{"@id":"https:\/\/martue.com\/producto\/martue-chardonnay-2024\/#primaryimage"},"image":{"@id":"https:\/\/martue.com\/producto\/martue-chardonnay-2024\/#primaryimage"},"thumbnailUrl":"https:\/\/martue.com\/wp-content\/uploads\/2025\/06\/MChardonnay24.png","datePublished":"2025-06-17T11:16:19+00:00","dateModified":"2025-06-19T13:01:56+00:00","description":"Mart\u00fae Chardonnay es un vino elaborado exclusivamente con uvas de vi\u00f1edos en vaso nuestra finca El Casar de La Guardia. Fermentado en un 88% en dep\u00f3sito de acero inoxidable a baja temperatura, mientras que el 12% restante ferment\u00f3 en barricas nuevas de roble franc\u00e9s de Inmersi\u00f3n, en las cuales el vino ha permanecido sobre sus l\u00edas durante dos meses y medios, realiz\u00e1ndose un battonage diario de cada barrica. Despu\u00e9s se procede al ensamblaje \u00f3ptimo entre ambos vinos.","breadcrumb":{"@id":"https:\/\/martue.com\/producto\/martue-chardonnay-2024\/#breadcrumb"},"inLanguage":"en-GB","potentialAction":[{"@type":"ReadAction","target":["https:\/\/martue.com\/producto\/martue-chardonnay-2024\/"]}]},{"@type":"ImageObject","inLanguage":"en-GB","@id":"https:\/\/martue.com\/producto\/martue-chardonnay-2024\/#primaryimage","url":"https:\/\/martue.com\/wp-content\/uploads\/2025\/06\/MChardonnay24.png","contentUrl":"https:\/\/martue.com\/wp-content\/uploads\/2025\/06\/MChardonnay24.png","width":890,"height":1952},{"@type":"BreadcrumbList","@id":"https:\/\/martue.com\/producto\/martue-chardonnay-2024\/#breadcrumb","itemListElement":[{"@type":"ListItem","position":1,"name":"Portada","item":"https:\/\/martue.com\/"},{"@type":"ListItem","position":2,"name":"Vinos","item":"https:\/\/martue.com\/vinos\/"},{"@type":"ListItem","position":3,"name":"Mart\u00fae Chardonnay 2024"}]},{"@type":"WebSite","@id":"https:\/\/martue.com\/#website","url":"https:\/\/martue.com\/","name":"Bodegas Mart\u00fae - Pago Campo de la Guardia","description":"VINO DE PAGO CAMPO DE LA GUARDIA Es la m\u00e1xima calificaci\u00f3n que contempla la legislaci\u00f3n espa\u00f1ola en materia vitivin\u00edcola, por encima de la Denominaci\u00f3n de Origen.","potentialAction":[{"@type":"SearchAction","target":{"@type":"EntryPoint","urlTemplate":"https:\/\/martue.com\/?s={search_term_string}"},"query-input":{"@type":"PropertyValueSpecification","valueRequired":true,"valueName":"search_term_string"}}],"inLanguage":"en-GB"}]}},"_links":{"self":[{"href":"https:\/\/martue.com\/en\/wp-json\/wp\/v2\/product\/16987","targetHints":{"allow":["GET"]}}],"collection":[{"href":"https:\/\/martue.com\/en\/wp-json\/wp\/v2\/product"}],"about":[{"href":"https:\/\/martue.com\/en\/wp-json\/wp\/v2\/types\/product"}],"replies":[{"embeddable":true,"href":"https:\/\/martue.com\/en\/wp-json\/wp\/v2\/comments?post=16987"}],"wp:featuredmedia":[{"embeddable":true,"href":"https:\/\/martue.com\/en\/wp-json\/wp\/v2\/media\/16981"}],"wp:attachment":[{"href":"https:\/\/martue.com\/en\/wp-json\/wp\/v2\/media?parent=16987"}],"wp:term":[{"taxonomy":"product_brand","embeddable":true,"href":"https:\/\/martue.com\/en\/wp-json\/wp\/v2\/product_brand?post=16987"},{"taxonomy":"product_cat","embeddable":true,"href":"https:\/\/martue.com\/en\/wp-json\/wp\/v2\/product_cat?post=16987"},{"taxonomy":"product_tag","embeddable":true,"href":"https:\/\/martue.com\/en\/wp-json\/wp\/v2\/product_tag?post=16987"}],"curies":[{"name":"wp","href":"https:\/\/api.w.org\/{rel}","templated":true}]}}