{"id":2460,"date":"2019-12-19T13:54:14","date_gmt":"2019-12-19T12:54:14","guid":{"rendered":"https:\/\/martue.com\/?post_type=product&#038;p=2460"},"modified":"2020-03-25T22:48:28","modified_gmt":"2020-03-25T21:48:28","slug":"pie-franco-2018-copia","status":"publish","type":"product","link":"https:\/\/martue.com\/en\/product\/pie-franco-2018-copia\/","title":{"rendered":"Pie Franco 2018 1 botella"},"content":{"rendered":"<p>Se presenta con intensidad arom\u00e1tica contenida pero de gran complejidad, caracterizado por la mineralidad propia del terreno, notas de pizarra, acompa\u00f1ada de fruta blanca, fresca muy bien integrada. Del mismo modo encontramos bals\u00e1micos y notas de hierbas arom\u00e1ticas propias de la variedad.<\/p>\n<p>La entrada es muy sedosa fruto de la crianza sobre l\u00eda fina, llena la boca donde de nuevo encontramos la presencia de aromas bals\u00e1micos y buena acidez en el retrogusto.<\/p>\n<p>El resultado es un vino fresco, elegante y de complejidad arom\u00e1tica, con gran amplitud en boca que lo hace persistente. Enorme.<\/p>\n<p>Vino de producci\u00f3n limitada. Un capricho que sorprender\u00e1 al probarlo.<\/p>\n<h3>Producci\u00f3n<\/h3>\n<p>25.518 botellas bordelesas. Disponible en formato 0.75 L.<\/p>\n<h3>Conservaci\u00f3n<\/h3>\n<p>Se recomienda conservar con la botella tumbada, en un lugar a oscuras, sin vibraciones y temperatura estable entre 15-20\u00baC.<\/p>\n<h3>Maridaje y Consumo<\/h3>\n<p>Recomendado para platos fr\u00edos, entrantes, mariscos y pescados poco elaborados y carnes blancas.<br \/>\nSe recomienda servirlo entre 8-10\u00baC.<br \/>\nEn caso de no estar fr\u00edo se recomienda introducir en una hielera con hielo para un mejor enfriamiento.<br \/>\nConsumo \u00f3ptimo a\u00f1o 2018 y hasta final 2019.<\/p>","protected":false},"excerpt":{"rendered":"<p>&nbsp;<\/p>\n<p style=\"text-align: justify;\">La joya de la casa. Elaborado en su totalidad con uva Verdejo de vi\u00f1as en pie franco, con vendimia manual y edades cercanas a los 100 a\u00f1os. Se trata de un vino de producci\u00f3n limitada por resultar de un vi\u00f1edo escaso.<\/p>\n<p style=\"text-align: justify;\">Tras su recolecci\u00f3n manual, el mosto fermenta a baja temperatura para mantener toda su potencia frutal y mineral.<\/p>","protected":false},"featured_media":0,"comment_status":"open","ping_status":"closed","template":"","meta":{"_et_pb_use_builder":"","_et_pb_old_content":"","_et_gb_content_width":"","om_disable_all_campaigns":false,"_joinchat":[]},"product_brand":[],"product_cat":[25,37,17],"product_tag":[],"class_list":{"0":"post-2460","1":"product","2":"type-product","3":"status-publish","5":"product_cat-blancos","6":"product_cat-estuche","7":"product_cat-vinos-blanco-nieva","9":"first","10":"outofstock","11":"taxable","12":"shipping-taxable","13":"product-type-simple"},"yoast_head":"<!-- This site is optimized with the Yoast SEO plugin v24.1 - https:\/\/yoast.com\/wordpress\/plugins\/seo\/ -->\n<title>Mart\u00fae Especial 2014<\/title>\n<meta name=\"description\" content=\"De la vendimia de 2014 se han embotellado 15.120 botellas bordelesas. Para mantener al m\u00e1ximo todas sus cualidades, este vino no ha sido sometido a duros tratamientos de estabilizaci\u00f3n y filtrado.\" \/>\n<meta name=\"robots\" content=\"index, follow, max-snippet:-1, max-image-preview:large, max-video-preview:-1\" \/>\n<link rel=\"canonical\" href=\"https:\/\/martue.com\/en\/product\/pie-franco-2018-copia\/\" \/>\n<meta property=\"og:locale\" content=\"en_GB\" \/>\n<meta property=\"og:type\" content=\"article\" \/>\n<meta property=\"og:title\" content=\"Mart\u00fae Especial 2014\" \/>\n<meta property=\"og:description\" content=\"De la vendimia de 2014 se han embotellado 15.120 botellas bordelesas. Para mantener al m\u00e1ximo todas sus cualidades, este vino no ha sido sometido a duros tratamientos de estabilizaci\u00f3n y filtrado.\" \/>\n<meta property=\"og:url\" content=\"https:\/\/martue.com\/en\/product\/pie-franco-2018-copia\/\" \/>\n<meta property=\"og:site_name\" content=\"Bodegas Mart\u00fae - Pago Campo de la Guardia\" \/>\n<meta property=\"article:modified_time\" content=\"2020-03-25T21:48:28+00:00\" \/>\n<meta name=\"twitter:card\" content=\"summary_large_image\" \/>\n<meta name=\"twitter:label1\" content=\"Estimated reading time\" \/>\n\t<meta name=\"twitter:data1\" content=\"1 minute\" \/>\n<script type=\"application\/ld+json\" class=\"yoast-schema-graph\">{\"@context\":\"https:\/\/schema.org\",\"@graph\":[{\"@type\":\"WebPage\",\"@id\":\"https:\/\/martue.com\/en\/product\/pie-franco-2018-copia\/\",\"url\":\"https:\/\/martue.com\/en\/product\/pie-franco-2018-copia\/\",\"name\":\"Mart\u00fae Especial 2014\",\"isPartOf\":{\"@id\":\"https:\/\/martue.com\/#website\"},\"datePublished\":\"2019-12-19T12:54:14+00:00\",\"dateModified\":\"2020-03-25T21:48:28+00:00\",\"description\":\"De la vendimia de 2014 se han embotellado 15.120 botellas bordelesas. Para mantener al m\u00e1ximo todas sus cualidades, este vino no ha sido sometido a duros tratamientos de estabilizaci\u00f3n y filtrado.\",\"breadcrumb\":{\"@id\":\"https:\/\/martue.com\/en\/product\/pie-franco-2018-copia\/#breadcrumb\"},\"inLanguage\":\"en-GB\",\"potentialAction\":[{\"@type\":\"ReadAction\",\"target\":[\"https:\/\/martue.com\/en\/product\/pie-franco-2018-copia\/\"]}]},{\"@type\":\"BreadcrumbList\",\"@id\":\"https:\/\/martue.com\/en\/product\/pie-franco-2018-copia\/#breadcrumb\",\"itemListElement\":[{\"@type\":\"ListItem\",\"position\":1,\"name\":\"Portada\",\"item\":\"https:\/\/martue.com\/\"},{\"@type\":\"ListItem\",\"position\":2,\"name\":\"Vinos\",\"item\":\"https:\/\/martue.com\/vinos\/\"},{\"@type\":\"ListItem\",\"position\":3,\"name\":\"Pie Franco 2018 1 botella\"}]},{\"@type\":\"WebSite\",\"@id\":\"https:\/\/martue.com\/#website\",\"url\":\"https:\/\/martue.com\/\",\"name\":\"Bodegas Mart\u00fae - Pago Campo de la Guardia\",\"description\":\"VINO DE PAGO CAMPO DE LA GUARDIA Es la m\u00e1xima calificaci\u00f3n que contempla la legislaci\u00f3n espa\u00f1ola en materia vitivin\u00edcola, por encima de la Denominaci\u00f3n de Origen.\",\"potentialAction\":[{\"@type\":\"SearchAction\",\"target\":{\"@type\":\"EntryPoint\",\"urlTemplate\":\"https:\/\/martue.com\/?s={search_term_string}\"},\"query-input\":{\"@type\":\"PropertyValueSpecification\",\"valueRequired\":true,\"valueName\":\"search_term_string\"}}],\"inLanguage\":\"en-GB\"}]}<\/script>\n<!-- \/ Yoast SEO plugin. -->","yoast_head_json":{"title":"Mart\u00fae Especial 2014","description":"De la vendimia de 2014 se han embotellado 15.120 botellas bordelesas. Para mantener al m\u00e1ximo todas sus cualidades, este vino no ha sido sometido a duros tratamientos de estabilizaci\u00f3n y filtrado.","robots":{"index":"index","follow":"follow","max-snippet":"max-snippet:-1","max-image-preview":"max-image-preview:large","max-video-preview":"max-video-preview:-1"},"canonical":"https:\/\/martue.com\/en\/product\/pie-franco-2018-copia\/","og_locale":"en_GB","og_type":"article","og_title":"Mart\u00fae Especial 2014","og_description":"De la vendimia de 2014 se han embotellado 15.120 botellas bordelesas. Para mantener al m\u00e1ximo todas sus cualidades, este vino no ha sido sometido a duros tratamientos de estabilizaci\u00f3n y filtrado.","og_url":"https:\/\/martue.com\/en\/product\/pie-franco-2018-copia\/","og_site_name":"Bodegas Mart\u00fae - Pago Campo de la Guardia","article_modified_time":"2020-03-25T21:48:28+00:00","twitter_card":"summary_large_image","twitter_misc":{"Estimated reading time":"1 minute"},"schema":{"@context":"https:\/\/schema.org","@graph":[{"@type":"WebPage","@id":"https:\/\/martue.com\/en\/product\/pie-franco-2018-copia\/","url":"https:\/\/martue.com\/en\/product\/pie-franco-2018-copia\/","name":"Mart\u00fae Especial 2014","isPartOf":{"@id":"https:\/\/martue.com\/#website"},"datePublished":"2019-12-19T12:54:14+00:00","dateModified":"2020-03-25T21:48:28+00:00","description":"De la vendimia de 2014 se han embotellado 15.120 botellas bordelesas. Para mantener al m\u00e1ximo todas sus cualidades, este vino no ha sido sometido a duros tratamientos de estabilizaci\u00f3n y filtrado.","breadcrumb":{"@id":"https:\/\/martue.com\/en\/product\/pie-franco-2018-copia\/#breadcrumb"},"inLanguage":"en-GB","potentialAction":[{"@type":"ReadAction","target":["https:\/\/martue.com\/en\/product\/pie-franco-2018-copia\/"]}]},{"@type":"BreadcrumbList","@id":"https:\/\/martue.com\/en\/product\/pie-franco-2018-copia\/#breadcrumb","itemListElement":[{"@type":"ListItem","position":1,"name":"Portada","item":"https:\/\/martue.com\/"},{"@type":"ListItem","position":2,"name":"Vinos","item":"https:\/\/martue.com\/vinos\/"},{"@type":"ListItem","position":3,"name":"Pie Franco 2018 1 botella"}]},{"@type":"WebSite","@id":"https:\/\/martue.com\/#website","url":"https:\/\/martue.com\/","name":"Bodegas Mart\u00fae - Pago Campo de la Guardia","description":"VINO DE PAGO CAMPO DE LA GUARDIA Es la m\u00e1xima calificaci\u00f3n que contempla la legislaci\u00f3n espa\u00f1ola en materia vitivin\u00edcola, por encima de la Denominaci\u00f3n de Origen.","potentialAction":[{"@type":"SearchAction","target":{"@type":"EntryPoint","urlTemplate":"https:\/\/martue.com\/?s={search_term_string}"},"query-input":{"@type":"PropertyValueSpecification","valueRequired":true,"valueName":"search_term_string"}}],"inLanguage":"en-GB"}]}},"_links":{"self":[{"href":"https:\/\/martue.com\/en\/wp-json\/wp\/v2\/product\/2460","targetHints":{"allow":["GET"]}}],"collection":[{"href":"https:\/\/martue.com\/en\/wp-json\/wp\/v2\/product"}],"about":[{"href":"https:\/\/martue.com\/en\/wp-json\/wp\/v2\/types\/product"}],"replies":[{"embeddable":true,"href":"https:\/\/martue.com\/en\/wp-json\/wp\/v2\/comments?post=2460"}],"wp:attachment":[{"href":"https:\/\/martue.com\/en\/wp-json\/wp\/v2\/media?parent=2460"}],"wp:term":[{"taxonomy":"product_brand","embeddable":true,"href":"https:\/\/martue.com\/en\/wp-json\/wp\/v2\/product_brand?post=2460"},{"taxonomy":"product_cat","embeddable":true,"href":"https:\/\/martue.com\/en\/wp-json\/wp\/v2\/product_cat?post=2460"},{"taxonomy":"product_tag","embeddable":true,"href":"https:\/\/martue.com\/en\/wp-json\/wp\/v2\/product_tag?post=2460"}],"curies":[{"name":"wp","href":"https:\/\/api.w.org\/{rel}","templated":true}]}}