{"id":2472,"date":"2019-12-19T13:57:13","date_gmt":"2019-12-19T12:57:13","guid":{"rendered":"https:\/\/martue.com\/?post_type=product&#038;p=2472"},"modified":"2024-10-26T10:33:59","modified_gmt":"2024-10-26T08:33:59","slug":"martue-1313-1-botella","status":"publish","type":"product","link":"https:\/\/martue.com\/en\/product\/martue-1313-1-botella\/","title":{"rendered":"Mart\u00fae 1313 1 botella"},"content":{"rendered":"<p>Minucioso coupage de las variedades Syrah (50%) y Malbec (50%), procedentes de las cepas de las fincas Campo Martuela y El Casar. Cada una de las variedades ha sido fermentada por separado con largas maceraciones y, despu\u00e9s, el vino ha permanecido durante 20 meses en barricas de roble franc\u00e9s (100%).<\/p>\n<p>Bonito color a\u00fan rojo picota con capa alta cubierta. Atractivo aroma de alta intensidad, donde van apareciendo distintos registros: primero cacao y cedro, luego moras, frambuesas y ciruela negra y algo de madera seca. A cada vuelta de copa, nuevos aromas se despliegan. Entra a la boca llenando todo el espacio. Carnoso, sabroso, goloso, complejo pero muy entendible. La fruta y las notas de crianza aqu\u00ed aparecen perfectamente fundidas. Llena el final de boca dejando un recuerdo largo y amable. Un gran vino.<\/p>\n<h3>Producci\u00f3n<\/h3>\n<p>De la Cosecha 2013 se han producido 3.113 botellas bordelesas y 313 botellas M\u00e1gnum. Para mantener al m\u00e1ximo todas sus cualidades, este vino no ha sido sometido a duros tratamientos de estabilizaci\u00f3n y filtrado, por lo que con el tiempo puede aparecer un peque\u00f1o sedimento natural.<\/p>\n<h3>Conservaci\u00f3n<\/h3>\n<p>Se recomienda conservar con la botella tumbada, en un lugar a oscuras, sin vibraciones y temperatura estable entre 15-20\u00baC.<\/p>\n<h3>Maridaje y Consumo<\/h3>\n<p>Ideal con todo tipo de carnes, incluso caza y con quesos fuertes como el manchego.<br \/>\nSe recomienda servirlo entre 16-18\u00baC.<br \/>\nPara apreciar todas sus cualidades se recomienda decantar 20 minutos antes de su consumo.<\/p>","protected":false},"excerpt":{"rendered":"<p>&nbsp;<\/p>\n<p style=\"text-align: justify;\">La 2013 es la decimotercera cosecha que producimos en Mart\u00fae, y como aqu\u00e9lla primera, se ha elaborado con las uvas que 13 a\u00f1os antes hab\u00edamos plantado en nuestro Pago Campo de La Guardia. Para conmemorarlo, hemos elegido las 13 mejores barricas como homenaje a todos los que han hecho posible que lleguemos hasta aqu\u00ed. Una edici\u00f3n exclusiva y limitada.<\/p>\n<p>&nbsp;<\/p>\n<div class=\"ficha\"><a class=\"downloadsheet\" href=\"https:\/\/martue.com\/wp-content\/uploads\/2019\/02\/ES-MARTUE-1313.pdf\" target=\"_blank\" rel=\"noopener noreferrer\"><i class=\"fas fa-cloud-download-alt\"><\/i> Ficha de cata<\/a><\/div>","protected":false},"featured_media":0,"comment_status":"open","ping_status":"closed","template":"","meta":{"_et_pb_use_builder":"","_et_pb_old_content":"","_et_gb_content_width":"","om_disable_all_campaigns":false,"_joinchat":[]},"product_brand":[],"product_cat":[37,16],"product_tag":[],"class_list":{"0":"post-2472","1":"product","2":"type-product","3":"status-publish","5":"product_cat-estuche","6":"product_cat-vinos-martue","8":"first","9":"outofstock","10":"taxable","11":"shipping-taxable","12":"product-type-simple"},"yoast_head":"<!-- This site is optimized with the Yoast SEO plugin v24.1 - https:\/\/yoast.com\/wordpress\/plugins\/seo\/ -->\n<title>Mart\u00fae 1313<\/title>\n<meta name=\"description\" content=\"Excepcional a\u00f1ada para el vino estrella de la bodega, resultado de un exhaustivo coupage de nuestros vi\u00f1edos de Cabernet Sauvignon (20%), Merlot (21%), Tempranillo (18%), Petit Verdot (19%) y Syrah (22%).\" \/>\n<meta name=\"robots\" content=\"index, follow, max-snippet:-1, max-image-preview:large, max-video-preview:-1\" \/>\n<link rel=\"canonical\" href=\"https:\/\/martue.com\/en\/product\/martue-1313-1-botella\/\" \/>\n<meta property=\"og:locale\" content=\"en_GB\" \/>\n<meta property=\"og:type\" content=\"article\" \/>\n<meta property=\"og:title\" content=\"Mart\u00fae 1313\" \/>\n<meta property=\"og:description\" content=\"Excepcional a\u00f1ada para el vino estrella de la bodega, resultado de un exhaustivo coupage de nuestros vi\u00f1edos de Cabernet Sauvignon (20%), Merlot (21%), Tempranillo (18%), Petit Verdot (19%) y Syrah (22%).\" \/>\n<meta property=\"og:url\" content=\"https:\/\/martue.com\/en\/product\/martue-1313-1-botella\/\" \/>\n<meta property=\"og:site_name\" content=\"Bodegas Mart\u00fae - Pago Campo de la Guardia\" \/>\n<meta property=\"article:modified_time\" content=\"2024-10-26T08:33:59+00:00\" \/>\n<meta name=\"twitter:card\" content=\"summary_large_image\" \/>\n<meta name=\"twitter:label1\" content=\"Estimated reading time\" \/>\n\t<meta name=\"twitter:data1\" content=\"1 minute\" \/>\n<script type=\"application\/ld+json\" class=\"yoast-schema-graph\">{\"@context\":\"https:\/\/schema.org\",\"@graph\":[{\"@type\":\"WebPage\",\"@id\":\"https:\/\/martue.com\/en\/product\/martue-1313-1-botella\/\",\"url\":\"https:\/\/martue.com\/en\/product\/martue-1313-1-botella\/\",\"name\":\"Mart\u00fae 1313\",\"isPartOf\":{\"@id\":\"https:\/\/martue.com\/#website\"},\"datePublished\":\"2019-12-19T12:57:13+00:00\",\"dateModified\":\"2024-10-26T08:33:59+00:00\",\"description\":\"Excepcional a\u00f1ada para el vino estrella de la bodega, resultado de un exhaustivo coupage de nuestros vi\u00f1edos de Cabernet Sauvignon (20%), Merlot (21%), Tempranillo (18%), Petit Verdot (19%) y Syrah (22%).\",\"breadcrumb\":{\"@id\":\"https:\/\/martue.com\/en\/product\/martue-1313-1-botella\/#breadcrumb\"},\"inLanguage\":\"en-GB\",\"potentialAction\":[{\"@type\":\"ReadAction\",\"target\":[\"https:\/\/martue.com\/en\/product\/martue-1313-1-botella\/\"]}]},{\"@type\":\"BreadcrumbList\",\"@id\":\"https:\/\/martue.com\/en\/product\/martue-1313-1-botella\/#breadcrumb\",\"itemListElement\":[{\"@type\":\"ListItem\",\"position\":1,\"name\":\"Portada\",\"item\":\"https:\/\/martue.com\/\"},{\"@type\":\"ListItem\",\"position\":2,\"name\":\"Vinos\",\"item\":\"https:\/\/martue.com\/vinos\/\"},{\"@type\":\"ListItem\",\"position\":3,\"name\":\"Mart\u00fae 1313 1 botella\"}]},{\"@type\":\"WebSite\",\"@id\":\"https:\/\/martue.com\/#website\",\"url\":\"https:\/\/martue.com\/\",\"name\":\"Bodegas Mart\u00fae - Pago Campo de la Guardia\",\"description\":\"VINO DE PAGO CAMPO DE LA GUARDIA Es la m\u00e1xima calificaci\u00f3n que contempla la legislaci\u00f3n espa\u00f1ola en materia vitivin\u00edcola, por encima de la Denominaci\u00f3n de Origen.\",\"potentialAction\":[{\"@type\":\"SearchAction\",\"target\":{\"@type\":\"EntryPoint\",\"urlTemplate\":\"https:\/\/martue.com\/?s={search_term_string}\"},\"query-input\":{\"@type\":\"PropertyValueSpecification\",\"valueRequired\":true,\"valueName\":\"search_term_string\"}}],\"inLanguage\":\"en-GB\"}]}<\/script>\n<!-- \/ Yoast SEO plugin. -->","yoast_head_json":{"title":"Mart\u00fae 1313","description":"Excepcional a\u00f1ada para el vino estrella de la bodega, resultado de un exhaustivo coupage de nuestros vi\u00f1edos de Cabernet Sauvignon (20%), Merlot (21%), Tempranillo (18%), Petit Verdot (19%) y Syrah (22%).","robots":{"index":"index","follow":"follow","max-snippet":"max-snippet:-1","max-image-preview":"max-image-preview:large","max-video-preview":"max-video-preview:-1"},"canonical":"https:\/\/martue.com\/en\/product\/martue-1313-1-botella\/","og_locale":"en_GB","og_type":"article","og_title":"Mart\u00fae 1313","og_description":"Excepcional a\u00f1ada para el vino estrella de la bodega, resultado de un exhaustivo coupage de nuestros vi\u00f1edos de Cabernet Sauvignon (20%), Merlot (21%), Tempranillo (18%), Petit Verdot (19%) y Syrah (22%).","og_url":"https:\/\/martue.com\/en\/product\/martue-1313-1-botella\/","og_site_name":"Bodegas Mart\u00fae - Pago Campo de la Guardia","article_modified_time":"2024-10-26T08:33:59+00:00","twitter_card":"summary_large_image","twitter_misc":{"Estimated reading time":"1 minute"},"schema":{"@context":"https:\/\/schema.org","@graph":[{"@type":"WebPage","@id":"https:\/\/martue.com\/en\/product\/martue-1313-1-botella\/","url":"https:\/\/martue.com\/en\/product\/martue-1313-1-botella\/","name":"Mart\u00fae 1313","isPartOf":{"@id":"https:\/\/martue.com\/#website"},"datePublished":"2019-12-19T12:57:13+00:00","dateModified":"2024-10-26T08:33:59+00:00","description":"Excepcional a\u00f1ada para el vino estrella de la bodega, resultado de un exhaustivo coupage de nuestros vi\u00f1edos de Cabernet Sauvignon (20%), Merlot (21%), Tempranillo (18%), Petit Verdot (19%) y Syrah (22%).","breadcrumb":{"@id":"https:\/\/martue.com\/en\/product\/martue-1313-1-botella\/#breadcrumb"},"inLanguage":"en-GB","potentialAction":[{"@type":"ReadAction","target":["https:\/\/martue.com\/en\/product\/martue-1313-1-botella\/"]}]},{"@type":"BreadcrumbList","@id":"https:\/\/martue.com\/en\/product\/martue-1313-1-botella\/#breadcrumb","itemListElement":[{"@type":"ListItem","position":1,"name":"Portada","item":"https:\/\/martue.com\/"},{"@type":"ListItem","position":2,"name":"Vinos","item":"https:\/\/martue.com\/vinos\/"},{"@type":"ListItem","position":3,"name":"Mart\u00fae 1313 1 botella"}]},{"@type":"WebSite","@id":"https:\/\/martue.com\/#website","url":"https:\/\/martue.com\/","name":"Bodegas Mart\u00fae - Pago Campo de la Guardia","description":"VINO DE PAGO CAMPO DE LA GUARDIA Es la m\u00e1xima calificaci\u00f3n que contempla la legislaci\u00f3n espa\u00f1ola en materia vitivin\u00edcola, por encima de la Denominaci\u00f3n de Origen.","potentialAction":[{"@type":"SearchAction","target":{"@type":"EntryPoint","urlTemplate":"https:\/\/martue.com\/?s={search_term_string}"},"query-input":{"@type":"PropertyValueSpecification","valueRequired":true,"valueName":"search_term_string"}}],"inLanguage":"en-GB"}]}},"_links":{"self":[{"href":"https:\/\/martue.com\/en\/wp-json\/wp\/v2\/product\/2472","targetHints":{"allow":["GET"]}}],"collection":[{"href":"https:\/\/martue.com\/en\/wp-json\/wp\/v2\/product"}],"about":[{"href":"https:\/\/martue.com\/en\/wp-json\/wp\/v2\/types\/product"}],"replies":[{"embeddable":true,"href":"https:\/\/martue.com\/en\/wp-json\/wp\/v2\/comments?post=2472"}],"wp:attachment":[{"href":"https:\/\/martue.com\/en\/wp-json\/wp\/v2\/media?parent=2472"}],"wp:term":[{"taxonomy":"product_brand","embeddable":true,"href":"https:\/\/martue.com\/en\/wp-json\/wp\/v2\/product_brand?post=2472"},{"taxonomy":"product_cat","embeddable":true,"href":"https:\/\/martue.com\/en\/wp-json\/wp\/v2\/product_cat?post=2472"},{"taxonomy":"product_tag","embeddable":true,"href":"https:\/\/martue.com\/en\/wp-json\/wp\/v2\/product_tag?post=2472"}],"curies":[{"name":"wp","href":"https:\/\/api.w.org\/{rel}","templated":true}]}}