{"id":2615,"date":"2020-03-18T00:36:19","date_gmt":"2020-03-17T23:36:19","guid":{"rendered":"https:\/\/martue.com\/?post_type=product&#038;p=2615"},"modified":"2025-12-20T22:51:28","modified_gmt":"2025-12-20T21:51:28","slug":"blanco-nieva-verdejo-2019","status":"publish","type":"product","link":"https:\/\/martue.com\/en\/product\/blanco-nieva-verdejo-2019\/","title":{"rendered":"Blanco Nieva Verdejo 2019"},"content":{"rendered":"<p>[et_pb_section fb_built=\u00bb1&#8243; _builder_version=\u00bb3.22&#8243; custom_padding=\u00bb0px||||false|false\u00bb][et_pb_row _builder_version=\u00bb3.25&#8243; background_size=\u00bbinitial\u00bb background_position=\u00bbtop_left\u00bb background_repeat=\u00bbrepeat\u00bb custom_padding=\u00bb0px||0px||false|false\u00bb][et_pb_column type=\u00bb4_4&#8243; _builder_version=\u00bb3.25&#8243; custom_padding=\u00bb|||\u00bb custom_padding__hover=\u00bb|||\u00bb][et_pb_wc_cart_notice _builder_version=\u00bb3.0.47&#8243;][\/et_pb_wc_cart_notice][\/et_pb_column][\/et_pb_row][et_pb_row column_structure=\u00bb1_2,1_2&#8243; _builder_version=\u00bb3.25&#8243; background_size=\u00bbinitial\u00bb background_position=\u00bbtop_left\u00bb background_repeat=\u00bbrepeat\u00bb custom_padding=\u00bb0px||||false|false\u00bb][et_pb_column type=\u00bb1_2&#8243; _builder_version=\u00bb3.25&#8243; custom_padding=\u00bb|||\u00bb custom_padding__hover=\u00bb|||\u00bb][et_pb_wc_images _builder_version=\u00bb4.5.8&#8243; hover_enabled=\u00bb0&#8243; show_product_image=\u00bbon\u00bb show_product_gallery=\u00bboff\u00bb show_sale_badge=\u00bboff\u00bb][\/et_pb_wc_images][\/et_pb_column][et_pb_column type=\u00bb1_2&#8243; _builder_version=\u00bb3.25&#8243; custom_padding=\u00bb|||\u00bb custom_padding__hover=\u00bb|||\u00bb][et_pb_wc_title _builder_version=\u00bb3.0.47&#8243;][\/et_pb_wc_title][et_pb_wc_rating _builder_version=\u00bb3.0.47&#8243;][\/et_pb_wc_rating][et_pb_wc_price _builder_version=\u00bb3.0.47&#8243;][\/et_pb_wc_price][et_pb_wc_description _builder_version=\u00bb3.0.47&#8243;][\/et_pb_wc_description][et_pb_wc_add_to_cart _builder_version=\u00bb3.0.47&#8243;][\/et_pb_wc_add_to_cart][et_pb_wc_images _builder_version=\u00bb4.5.8&#8243; _module_preset=\u00bbdefault\u00bb custom_padding=\u00bb20px||||false|false\u00bb hover_enabled=\u00bb0&#8243;][\/et_pb_wc_images][\/et_pb_column][\/et_pb_row][et_pb_row _builder_version=\u00bb3.25&#8243; background_size=\u00bbinitial\u00bb background_position=\u00bbtop_left\u00bb background_repeat=\u00bbrepeat\u00bb][et_pb_column type=\u00bb4_4&#8243; _builder_version=\u00bb3.25&#8243; custom_padding=\u00bb|||\u00bb custom_padding__hover=\u00bb|||\u00bb][et_pb_wc_tabs _builder_version=\u00bb3.0.47&#8243;]\t\t\t\t\t[\/et_pb_wc_tabs][et_pb_wc_upsells _builder_version=\u00bb3.0.47&#8243;][\/et_pb_wc_upsells][et_pb_wc_related_products _builder_version=\u00bb4.4.1&#8243; price_text_color=\u00bbrgba(0,0,0,0)\u00bb text_orientation=\u00bbcenter\u00bb][\/et_pb_wc_related_products][\/et_pb_column][\/et_pb_row][\/et_pb_section]<\/p>","protected":false},"excerpt":{"rendered":"<p>&nbsp;<\/p>\n<p style=\"text-align: justify;\">Selecci\u00f3n del mosto yema, el m\u00e1s fino y elegante. Elaborado con 100% uva Verdejo procedente de vi\u00f1as viejas en vaso (20%) y vi\u00f1edos en espaldera de m\u00e1s de 25 a\u00f1os de edad (80%).<\/p>\n<p style=\"text-align: justify;\">Maceraci\u00f3n en fr\u00edo del 30% de la uva, desfangado est\u00e1tico, fermentaci\u00f3n a 15\u00baC en dep\u00f3sito de acero inoxidable durante 23 d\u00edas, reposo sobre l\u00edas, clarificado, estabilizado a -4\u00baC y filtrado.<\/p>\n<p>&nbsp;<\/p>","protected":false},"featured_media":2593,"comment_status":"open","ping_status":"closed","template":"","meta":{"_et_pb_use_builder":"on","_et_pb_old_content":"Selecci\u00f3n del mosto yema, el m\u00e1s fino y elegante. Elaborado con 100% uva Verdejo procedente de vi\u00f1as viejas en vaso (20%) y vi\u00f1edos en espaldera de m\u00e1s de 25 a\u00f1os de edad (80%).\r\n\r\nMaceraci\u00f3n en fr\u00edo del 30% de la uva, desfangado est\u00e1tico, fermentaci\u00f3n a 15\u00baC en dep\u00f3sito de acero inoxidable durante 23 d\u00edas, reposo sobre l\u00edas, clarificado, estabilizado a -4\u00baC y filtrado.\r\n\r\nColor amarillo p\u00e1lido pajizo. Aroma limpio de alt\u00edsima intensidad, donde destacan primero los de fruta blanca y flores, abri\u00e9ndose luego con recuerdos de piel de hierba y heno. En boca es fresco pero con mucho volumen. Vuelve la fruta fresca, el hinojo y las mineralidad. Paso denso, largo, con final goloso y placentero que invita a seguir bebiendo.\r\n\r\nUn vino elegante, muy frutal y de gran frescura. El buque insignia de la bodega.\r\n<h3>Conservaci\u00f3n<\/h3>\r\nSe recomienda conservar con la botella tumbada, en un lugar a oscuras, sin vibraciones y temperatura estable entre 15-20\u00baC.\r\n<h3>Maridaje y Consumo<\/h3>\r\nIdeal para el aperitivo, por supuesto para \u00a0acompa\u00f1ar pescados como rodaballo o besugo,\u00a0 y mariscos de concha, ostras, almejas, o gambas o langostinos, as\u00ed mismo marida con todo tipo de queso. Se recomienda servirlo entre 5 - 8\u00baC. Consumo \u00f3ptimo hasta 2021.","_et_gb_content_width":"","om_disable_all_campaigns":false,"_joinchat":[]},"product_brand":[],"product_cat":[17],"product_tag":[],"class_list":{"0":"post-2615","1":"product","2":"type-product","3":"status-publish","4":"has-post-thumbnail","6":"product_cat-vinos-blanco-nieva","8":"first","9":"outofstock","10":"taxable","11":"shipping-taxable","12":"product-type-variable","13":"has-default-attributes"},"yoast_head":"<!-- This site is optimized with the Yoast SEO plugin v24.1 - https:\/\/yoast.com\/wordpress\/plugins\/seo\/ -->\n<title>Blanco Nieva Verdejo 2019 - Bodegas Mart\u00fae - Pago Campo de la Guardia<\/title>\n<meta name=\"description\" content=\"Selecci\u00f3n del mosto yema, el m\u00e1s fino y elegante. Elaborado con 100% uva Verdejo procedente de vi\u00f1as viejas en vaso (20%) y vi\u00f1edos en espaldera de m\u00e1s de 25 a\u00f1os de edad (80%).Maceraci\u00f3n en fr\u00edo del 30% de la uva, desfangado est\u00e1tico, fermentaci\u00f3n a 15\u00baC en dep\u00f3sito de acero inoxidable durante 23 d\u00edas, reposo sobre l\u00edas, clarificado, estabilizado a -4\u00baC y filtrado. Rueda Segoviano.\" \/>\n<meta name=\"robots\" content=\"index, follow, max-snippet:-1, max-image-preview:large, max-video-preview:-1\" \/>\n<link rel=\"canonical\" href=\"https:\/\/martue.com\/en\/product\/blanco-nieva-verdejo-2019\/\" \/>\n<meta property=\"og:locale\" content=\"en_GB\" \/>\n<meta property=\"og:type\" content=\"article\" \/>\n<meta property=\"og:title\" content=\"Blanco Nieva Verdejo 2019 - Bodegas Mart\u00fae - Pago Campo de la Guardia\" \/>\n<meta property=\"og:description\" content=\"Selecci\u00f3n del mosto yema, el m\u00e1s fino y elegante. Elaborado con 100% uva Verdejo procedente de vi\u00f1as viejas en vaso (20%) y vi\u00f1edos en espaldera de m\u00e1s de 25 a\u00f1os de edad (80%).Maceraci\u00f3n en fr\u00edo del 30% de la uva, desfangado est\u00e1tico, fermentaci\u00f3n a 15\u00baC en dep\u00f3sito de acero inoxidable durante 23 d\u00edas, reposo sobre l\u00edas, clarificado, estabilizado a -4\u00baC y filtrado. Rueda Segoviano.\" \/>\n<meta property=\"og:url\" content=\"https:\/\/martue.com\/en\/product\/blanco-nieva-verdejo-2019\/\" \/>\n<meta property=\"og:site_name\" content=\"Bodegas Mart\u00fae - Pago Campo de la Guardia\" \/>\n<meta property=\"article:modified_time\" content=\"2025-12-20T21:51:28+00:00\" \/>\n<meta property=\"og:image\" content=\"https:\/\/martue.com\/wp-content\/uploads\/2020\/03\/BNieva2019-3.png\" \/>\n\t<meta property=\"og:image:width\" content=\"890\" \/>\n\t<meta property=\"og:image:height\" content=\"1952\" \/>\n\t<meta property=\"og:image:type\" content=\"image\/png\" \/>\n<meta name=\"twitter:card\" content=\"summary_large_image\" \/>\n<meta name=\"twitter:label1\" content=\"Estimated reading time\" \/>\n\t<meta name=\"twitter:data1\" content=\"1 minute\" \/>\n<script type=\"application\/ld+json\" class=\"yoast-schema-graph\">{\"@context\":\"https:\/\/schema.org\",\"@graph\":[{\"@type\":\"WebPage\",\"@id\":\"https:\/\/martue.com\/producto\/blanco-nieva-verdejo-2019\/\",\"url\":\"https:\/\/martue.com\/producto\/blanco-nieva-verdejo-2019\/\",\"name\":\"Blanco Nieva Verdejo 2019 - Bodegas Mart\u00fae - Pago Campo de la Guardia\",\"isPartOf\":{\"@id\":\"https:\/\/martue.com\/#website\"},\"primaryImageOfPage\":{\"@id\":\"https:\/\/martue.com\/producto\/blanco-nieva-verdejo-2019\/#primaryimage\"},\"image\":{\"@id\":\"https:\/\/martue.com\/producto\/blanco-nieva-verdejo-2019\/#primaryimage\"},\"thumbnailUrl\":\"https:\/\/martue.com\/wp-content\/uploads\/2020\/03\/BNieva2019-3.png\",\"datePublished\":\"2020-03-17T23:36:19+00:00\",\"dateModified\":\"2025-12-20T21:51:28+00:00\",\"description\":\"Selecci\u00f3n del mosto yema, el m\u00e1s fino y elegante. Elaborado con 100% uva Verdejo procedente de vi\u00f1as viejas en vaso (20%) y vi\u00f1edos en espaldera de m\u00e1s de 25 a\u00f1os de edad (80%).Maceraci\u00f3n en fr\u00edo del 30% de la uva, desfangado est\u00e1tico, fermentaci\u00f3n a 15\u00baC en dep\u00f3sito de acero inoxidable durante 23 d\u00edas, reposo sobre l\u00edas, clarificado, estabilizado a -4\u00baC y filtrado. Rueda Segoviano.\",\"breadcrumb\":{\"@id\":\"https:\/\/martue.com\/producto\/blanco-nieva-verdejo-2019\/#breadcrumb\"},\"inLanguage\":\"en-GB\",\"potentialAction\":[{\"@type\":\"ReadAction\",\"target\":[\"https:\/\/martue.com\/producto\/blanco-nieva-verdejo-2019\/\"]}]},{\"@type\":\"ImageObject\",\"inLanguage\":\"en-GB\",\"@id\":\"https:\/\/martue.com\/producto\/blanco-nieva-verdejo-2019\/#primaryimage\",\"url\":\"https:\/\/martue.com\/wp-content\/uploads\/2020\/03\/BNieva2019-3.png\",\"contentUrl\":\"https:\/\/martue.com\/wp-content\/uploads\/2020\/03\/BNieva2019-3.png\",\"width\":890,\"height\":1952,\"caption\":\"Elaborado 100% con uva Verdejo con un 20% de vi\u00f1edo en Pie Franco. Fresco y Elegante. Ver vino\"},{\"@type\":\"BreadcrumbList\",\"@id\":\"https:\/\/martue.com\/producto\/blanco-nieva-verdejo-2019\/#breadcrumb\",\"itemListElement\":[{\"@type\":\"ListItem\",\"position\":1,\"name\":\"Portada\",\"item\":\"https:\/\/martue.com\/\"},{\"@type\":\"ListItem\",\"position\":2,\"name\":\"Vinos\",\"item\":\"https:\/\/martue.com\/vinos\/\"},{\"@type\":\"ListItem\",\"position\":3,\"name\":\"Blanco Nieva Verdejo 2019\"}]},{\"@type\":\"WebSite\",\"@id\":\"https:\/\/martue.com\/#website\",\"url\":\"https:\/\/martue.com\/\",\"name\":\"Bodegas Mart\u00fae - Pago Campo de la Guardia\",\"description\":\"VINO DE PAGO CAMPO DE LA GUARDIA Es la m\u00e1xima calificaci\u00f3n que contempla la legislaci\u00f3n espa\u00f1ola en materia vitivin\u00edcola, por encima de la Denominaci\u00f3n de Origen.\",\"potentialAction\":[{\"@type\":\"SearchAction\",\"target\":{\"@type\":\"EntryPoint\",\"urlTemplate\":\"https:\/\/martue.com\/?s={search_term_string}\"},\"query-input\":{\"@type\":\"PropertyValueSpecification\",\"valueRequired\":true,\"valueName\":\"search_term_string\"}}],\"inLanguage\":\"en-GB\"}]}<\/script>\n<!-- \/ Yoast SEO plugin. -->","yoast_head_json":{"title":"Blanco Nieva Verdejo 2019 - Bodegas Mart\u00fae - Pago Campo de la Guardia","description":"Selecci\u00f3n del mosto yema, el m\u00e1s fino y elegante. Elaborado con 100% uva Verdejo procedente de vi\u00f1as viejas en vaso (20%) y vi\u00f1edos en espaldera de m\u00e1s de 25 a\u00f1os de edad (80%).Maceraci\u00f3n en fr\u00edo del 30% de la uva, desfangado est\u00e1tico, fermentaci\u00f3n a 15\u00baC en dep\u00f3sito de acero inoxidable durante 23 d\u00edas, reposo sobre l\u00edas, clarificado, estabilizado a -4\u00baC y filtrado. Rueda Segoviano.","robots":{"index":"index","follow":"follow","max-snippet":"max-snippet:-1","max-image-preview":"max-image-preview:large","max-video-preview":"max-video-preview:-1"},"canonical":"https:\/\/martue.com\/en\/product\/blanco-nieva-verdejo-2019\/","og_locale":"en_GB","og_type":"article","og_title":"Blanco Nieva Verdejo 2019 - Bodegas Mart\u00fae - Pago Campo de la Guardia","og_description":"Selecci\u00f3n del mosto yema, el m\u00e1s fino y elegante. Elaborado con 100% uva Verdejo procedente de vi\u00f1as viejas en vaso (20%) y vi\u00f1edos en espaldera de m\u00e1s de 25 a\u00f1os de edad (80%).Maceraci\u00f3n en fr\u00edo del 30% de la uva, desfangado est\u00e1tico, fermentaci\u00f3n a 15\u00baC en dep\u00f3sito de acero inoxidable durante 23 d\u00edas, reposo sobre l\u00edas, clarificado, estabilizado a -4\u00baC y filtrado. Rueda Segoviano.","og_url":"https:\/\/martue.com\/en\/product\/blanco-nieva-verdejo-2019\/","og_site_name":"Bodegas Mart\u00fae - Pago Campo de la Guardia","article_modified_time":"2025-12-20T21:51:28+00:00","og_image":[{"width":890,"height":1952,"url":"https:\/\/martue.com\/wp-content\/uploads\/2020\/03\/BNieva2019-3.png","type":"image\/png"}],"twitter_card":"summary_large_image","twitter_misc":{"Estimated reading time":"1 minute"},"schema":{"@context":"https:\/\/schema.org","@graph":[{"@type":"WebPage","@id":"https:\/\/martue.com\/producto\/blanco-nieva-verdejo-2019\/","url":"https:\/\/martue.com\/producto\/blanco-nieva-verdejo-2019\/","name":"Blanco Nieva Verdejo 2019 - Bodegas Mart\u00fae - Pago Campo de la Guardia","isPartOf":{"@id":"https:\/\/martue.com\/#website"},"primaryImageOfPage":{"@id":"https:\/\/martue.com\/producto\/blanco-nieva-verdejo-2019\/#primaryimage"},"image":{"@id":"https:\/\/martue.com\/producto\/blanco-nieva-verdejo-2019\/#primaryimage"},"thumbnailUrl":"https:\/\/martue.com\/wp-content\/uploads\/2020\/03\/BNieva2019-3.png","datePublished":"2020-03-17T23:36:19+00:00","dateModified":"2025-12-20T21:51:28+00:00","description":"Selecci\u00f3n del mosto yema, el m\u00e1s fino y elegante. Elaborado con 100% uva Verdejo procedente de vi\u00f1as viejas en vaso (20%) y vi\u00f1edos en espaldera de m\u00e1s de 25 a\u00f1os de edad (80%).Maceraci\u00f3n en fr\u00edo del 30% de la uva, desfangado est\u00e1tico, fermentaci\u00f3n a 15\u00baC en dep\u00f3sito de acero inoxidable durante 23 d\u00edas, reposo sobre l\u00edas, clarificado, estabilizado a -4\u00baC y filtrado. Rueda Segoviano.","breadcrumb":{"@id":"https:\/\/martue.com\/producto\/blanco-nieva-verdejo-2019\/#breadcrumb"},"inLanguage":"en-GB","potentialAction":[{"@type":"ReadAction","target":["https:\/\/martue.com\/producto\/blanco-nieva-verdejo-2019\/"]}]},{"@type":"ImageObject","inLanguage":"en-GB","@id":"https:\/\/martue.com\/producto\/blanco-nieva-verdejo-2019\/#primaryimage","url":"https:\/\/martue.com\/wp-content\/uploads\/2020\/03\/BNieva2019-3.png","contentUrl":"https:\/\/martue.com\/wp-content\/uploads\/2020\/03\/BNieva2019-3.png","width":890,"height":1952,"caption":"Elaborado 100% con uva Verdejo con un 20% de vi\u00f1edo en Pie Franco. Fresco y Elegante. Ver vino"},{"@type":"BreadcrumbList","@id":"https:\/\/martue.com\/producto\/blanco-nieva-verdejo-2019\/#breadcrumb","itemListElement":[{"@type":"ListItem","position":1,"name":"Portada","item":"https:\/\/martue.com\/"},{"@type":"ListItem","position":2,"name":"Vinos","item":"https:\/\/martue.com\/vinos\/"},{"@type":"ListItem","position":3,"name":"Blanco Nieva Verdejo 2019"}]},{"@type":"WebSite","@id":"https:\/\/martue.com\/#website","url":"https:\/\/martue.com\/","name":"Bodegas Mart\u00fae - Pago Campo de la Guardia","description":"VINO DE PAGO CAMPO DE LA GUARDIA Es la m\u00e1xima calificaci\u00f3n que contempla la legislaci\u00f3n espa\u00f1ola en materia vitivin\u00edcola, por encima de la Denominaci\u00f3n de Origen.","potentialAction":[{"@type":"SearchAction","target":{"@type":"EntryPoint","urlTemplate":"https:\/\/martue.com\/?s={search_term_string}"},"query-input":{"@type":"PropertyValueSpecification","valueRequired":true,"valueName":"search_term_string"}}],"inLanguage":"en-GB"}]}},"_links":{"self":[{"href":"https:\/\/martue.com\/en\/wp-json\/wp\/v2\/product\/2615","targetHints":{"allow":["GET"]}}],"collection":[{"href":"https:\/\/martue.com\/en\/wp-json\/wp\/v2\/product"}],"about":[{"href":"https:\/\/martue.com\/en\/wp-json\/wp\/v2\/types\/product"}],"replies":[{"embeddable":true,"href":"https:\/\/martue.com\/en\/wp-json\/wp\/v2\/comments?post=2615"}],"wp:featuredmedia":[{"embeddable":true,"href":"https:\/\/martue.com\/en\/wp-json\/wp\/v2\/media\/2593"}],"wp:attachment":[{"href":"https:\/\/martue.com\/en\/wp-json\/wp\/v2\/media?parent=2615"}],"wp:term":[{"taxonomy":"product_brand","embeddable":true,"href":"https:\/\/martue.com\/en\/wp-json\/wp\/v2\/product_brand?post=2615"},{"taxonomy":"product_cat","embeddable":true,"href":"https:\/\/martue.com\/en\/wp-json\/wp\/v2\/product_cat?post=2615"},{"taxonomy":"product_tag","embeddable":true,"href":"https:\/\/martue.com\/en\/wp-json\/wp\/v2\/product_tag?post=2615"}],"curies":[{"name":"wp","href":"https:\/\/api.w.org\/{rel}","templated":true}]}}