{"id":3429,"date":"2020-04-29T15:02:34","date_gmt":"2020-04-29T13:02:34","guid":{"rendered":"https:\/\/martue.com\/?post_type=product&#038;p=3429"},"modified":"2020-10-13T10:54:52","modified_gmt":"2020-10-13T08:54:52","slug":"martue-1313-magnum","status":"publish","type":"product","link":"https:\/\/martue.com\/en\/product\/martue-1313-magnum\/","title":{"rendered":"Mart\u00fae 1313 Magnum"},"content":{"rendered":"<p>[et_pb_section fb_built=\u00bb1&#8243; _builder_version=\u00bb3.22&#8243; custom_padding=\u00bb0px||||false|false\u00bb][et_pb_row _builder_version=\u00bb3.25&#8243; background_size=\u00bbinitial\u00bb background_position=\u00bbtop_left\u00bb background_repeat=\u00bbrepeat\u00bb custom_padding=\u00bb0px||0px||false|false\u00bb][et_pb_column type=\u00bb4_4&#8243; _builder_version=\u00bb3.25&#8243; custom_padding=\u00bb|||\u00bb custom_padding__hover=\u00bb|||\u00bb][et_pb_wc_cart_notice _builder_version=\u00bb3.0.47&#8243;][\/et_pb_wc_cart_notice][\/et_pb_column][\/et_pb_row][et_pb_row column_structure=\u00bb1_2,1_2&#8243; _builder_version=\u00bb3.25&#8243; background_size=\u00bbinitial\u00bb background_position=\u00bbtop_left\u00bb background_repeat=\u00bbrepeat\u00bb custom_padding=\u00bb0px||||false|false\u00bb][et_pb_column type=\u00bb1_2&#8243; _builder_version=\u00bb3.25&#8243; custom_padding=\u00bb|||\u00bb custom_padding__hover=\u00bb|||\u00bb][et_pb_wc_images sale_badge_color=\u00bb#be0216&#8243; _builder_version=\u00bb4.4.1&#8243; sale_badge_text_shadow_style=\u00bbpreset1&#8243;][\/et_pb_wc_images][\/et_pb_column][et_pb_column type=\u00bb1_2&#8243; _builder_version=\u00bb3.25&#8243; custom_padding=\u00bb|||\u00bb custom_padding__hover=\u00bb|||\u00bb][et_pb_wc_title _builder_version=\u00bb3.0.47&#8243;][\/et_pb_wc_title][et_pb_wc_rating _builder_version=\u00bb3.0.47&#8243;][\/et_pb_wc_rating][et_pb_wc_price _builder_version=\u00bb3.0.47&#8243;][\/et_pb_wc_price][et_pb_wc_description _builder_version=\u00bb3.0.47&#8243; min_height=\u00bb296px\u00bb][\/et_pb_wc_description][et_pb_wc_add_to_cart _builder_version=\u00bb3.0.47&#8243;][\/et_pb_wc_add_to_cart][\/et_pb_column][\/et_pb_row][et_pb_row _builder_version=\u00bb3.25&#8243; background_size=\u00bbinitial\u00bb background_position=\u00bbtop_left\u00bb background_repeat=\u00bbrepeat\u00bb][et_pb_column type=\u00bb4_4&#8243; _builder_version=\u00bb3.25&#8243; custom_padding=\u00bb|||\u00bb custom_padding__hover=\u00bb|||\u00bb][et_pb_wc_tabs _builder_version=\u00bb3.0.47&#8243;]\t\t\t\t\t[\/et_pb_wc_tabs][et_pb_wc_upsells _builder_version=\u00bb3.0.47&#8243;][\/et_pb_wc_upsells][\/et_pb_column][\/et_pb_row][\/et_pb_section]<\/p>","protected":false},"excerpt":{"rendered":"<p>&nbsp;<\/p>\n<p style=\"text-align: justify;\">La 2013 es la decimotercera cosecha que producimos en Mart\u00fae, y como aqu\u00e9lla primera, se ha elaborado con las uvas que 13 a\u00f1os antes hab\u00edamos plantado en nuestro Pago Campo de La Guardia. Para conmemorarlo, hemos elegido las 13 mejores barricas como homenaje a todos los que han hecho posible que lleguemos hasta aqu\u00ed. Una edici\u00f3n exclusiva y limitada.<\/p>\n<p style=\"text-align: justify;\">Edici\u00f3n especial Magnum de gran formato en caja de madera.<\/p>\n<div class=\"ficha\"><\/div>","protected":false},"featured_media":3436,"comment_status":"open","ping_status":"closed","template":"","meta":{"_et_pb_use_builder":"on","_et_pb_old_content":"Minucioso coupage de las variedades Syrah (50%) y Malbec (50%), procedentes de las cepas de las fincas Campo Martuela y El Casar. Cada una de las variedades ha sido fermentada por separado con largas maceraciones y, despu\u00e9s, el vino ha permanecido durante 20 meses en barricas de roble franc\u00e9s (100%).\r\n\r\nBonito color a\u00fan rojo picota con capa alta cubierta. Atractivo aroma de alta intensidad, donde van apareciendo distintos registros: primero cacao y cedro, luego moras, frambuesas y ciruela negra y algo de madera seca. A cada vuelta de copa, nuevos aromas se despliegan. Entra a la boca llenando todo el espacio. Carnoso, sabroso, goloso, complejo pero muy entendible. La fruta y las notas de crianza aqu\u00ed aparecen perfectamente fundidas. Llena el final de boca dejando un recuerdo largo y amable. Un gran vino.\r\n<h3>Producci\u00f3n<\/h3>\r\nDe la Cosecha 2013 se han producido 3.113 botellas bordelesas y 313 botellas M\u00e1gnum. Para mantener al m\u00e1ximo todas sus cualidades, este vino no ha sido sometido a duros tratamientos de estabilizaci\u00f3n y filtrado, por lo que con el tiempo puede aparecer un peque\u00f1o sedimento natural.\r\n<h3>Conservaci\u00f3n<\/h3>\r\nSe recomienda conservar con la botella tumbada, en un lugar a oscuras, sin vibraciones y temperatura estable entre 15-20\u00baC.\r\n<h3>Maridaje y Consumo<\/h3>\r\nIdeal con todo tipo de carnes, incluso caza y con quesos fuertes como el manchego.\r\nSe recomienda servirlo entre 16-18\u00baC.\r\nPara apreciar todas sus cualidades se recomienda decantar 20 minutos antes de su consumo.","_et_gb_content_width":"","om_disable_all_campaigns":false,"_joinchat":[]},"product_brand":[],"product_cat":[16],"product_tag":[],"class_list":{"0":"post-3429","1":"product","2":"type-product","3":"status-publish","4":"has-post-thumbnail","6":"product_cat-vinos-martue","8":"first","9":"outofstock","10":"sale","11":"taxable","12":"shipping-taxable","13":"product-type-simple"},"yoast_head":"<!-- This site is optimized with the Yoast SEO plugin v24.1 - https:\/\/yoast.com\/wordpress\/plugins\/seo\/ -->\n<title>Mart\u00fae 1313<\/title>\n<meta name=\"description\" content=\"Una edici\u00f3n exclusiva y limitada, coupage de las variedades Syrah (50%) y Malbec (50%), procedentes de las cepas de las fincas Campo Martuela y El Casar. Produccion super limitada hemos elegido las 13 mejores barricas como homenaje a todos los que han hecho posible que lleguemos hasta aqu\u00ed.\" \/>\n<meta name=\"robots\" content=\"index, follow, max-snippet:-1, max-image-preview:large, max-video-preview:-1\" \/>\n<link rel=\"canonical\" href=\"https:\/\/martue.com\/en\/product\/martue-1313-magnum\/\" \/>\n<meta property=\"og:locale\" content=\"en_GB\" \/>\n<meta property=\"og:type\" content=\"article\" \/>\n<meta property=\"og:title\" content=\"Mart\u00fae 1313\" \/>\n<meta property=\"og:description\" content=\"Una edici\u00f3n exclusiva y limitada, coupage de las variedades Syrah (50%) y Malbec (50%), procedentes de las cepas de las fincas Campo Martuela y El Casar. Produccion super limitada hemos elegido las 13 mejores barricas como homenaje a todos los que han hecho posible que lleguemos hasta aqu\u00ed.\" \/>\n<meta property=\"og:url\" content=\"https:\/\/martue.com\/en\/product\/martue-1313-magnum\/\" \/>\n<meta property=\"og:site_name\" content=\"Bodegas Mart\u00fae - Pago Campo de la Guardia\" \/>\n<meta property=\"article:modified_time\" content=\"2020-10-13T08:54:52+00:00\" \/>\n<meta property=\"og:image\" content=\"https:\/\/martue.com\/wp-content\/uploads\/2020\/04\/1313magnum-1.png\" \/>\n\t<meta property=\"og:image:width\" content=\"600\" \/>\n\t<meta property=\"og:image:height\" content=\"1316\" \/>\n\t<meta property=\"og:image:type\" content=\"image\/png\" \/>\n<meta name=\"twitter:card\" content=\"summary_large_image\" \/>\n<meta name=\"twitter:label1\" content=\"Estimated reading time\" \/>\n\t<meta name=\"twitter:data1\" content=\"1 minute\" \/>\n<script type=\"application\/ld+json\" class=\"yoast-schema-graph\">{\"@context\":\"https:\/\/schema.org\",\"@graph\":[{\"@type\":\"WebPage\",\"@id\":\"https:\/\/martue.com\/producto\/martue-1313-magnum\/\",\"url\":\"https:\/\/martue.com\/producto\/martue-1313-magnum\/\",\"name\":\"Mart\u00fae 1313\",\"isPartOf\":{\"@id\":\"https:\/\/martue.com\/#website\"},\"primaryImageOfPage\":{\"@id\":\"https:\/\/martue.com\/producto\/martue-1313-magnum\/#primaryimage\"},\"image\":{\"@id\":\"https:\/\/martue.com\/producto\/martue-1313-magnum\/#primaryimage\"},\"thumbnailUrl\":\"https:\/\/martue.com\/wp-content\/uploads\/2020\/04\/1313magnum-1.png\",\"datePublished\":\"2020-04-29T13:02:34+00:00\",\"dateModified\":\"2020-10-13T08:54:52+00:00\",\"description\":\"Una edici\u00f3n exclusiva y limitada, coupage de las variedades Syrah (50%) y Malbec (50%), procedentes de las cepas de las fincas Campo Martuela y El Casar. Produccion super limitada hemos elegido las 13 mejores barricas como homenaje a todos los que han hecho posible que lleguemos hasta aqu\u00ed.\",\"breadcrumb\":{\"@id\":\"https:\/\/martue.com\/producto\/martue-1313-magnum\/#breadcrumb\"},\"inLanguage\":\"en-GB\",\"potentialAction\":[{\"@type\":\"ReadAction\",\"target\":[\"https:\/\/martue.com\/producto\/martue-1313-magnum\/\"]}]},{\"@type\":\"ImageObject\",\"inLanguage\":\"en-GB\",\"@id\":\"https:\/\/martue.com\/producto\/martue-1313-magnum\/#primaryimage\",\"url\":\"https:\/\/martue.com\/wp-content\/uploads\/2020\/04\/1313magnum-1.png\",\"contentUrl\":\"https:\/\/martue.com\/wp-content\/uploads\/2020\/04\/1313magnum-1.png\",\"width\":600,\"height\":1316},{\"@type\":\"BreadcrumbList\",\"@id\":\"https:\/\/martue.com\/producto\/martue-1313-magnum\/#breadcrumb\",\"itemListElement\":[{\"@type\":\"ListItem\",\"position\":1,\"name\":\"Portada\",\"item\":\"https:\/\/martue.com\/\"},{\"@type\":\"ListItem\",\"position\":2,\"name\":\"Vinos\",\"item\":\"https:\/\/martue.com\/vinos\/\"},{\"@type\":\"ListItem\",\"position\":3,\"name\":\"Mart\u00fae 1313 Magnum\"}]},{\"@type\":\"WebSite\",\"@id\":\"https:\/\/martue.com\/#website\",\"url\":\"https:\/\/martue.com\/\",\"name\":\"Bodegas Mart\u00fae - Pago Campo de la Guardia\",\"description\":\"VINO DE PAGO CAMPO DE LA GUARDIA Es la m\u00e1xima calificaci\u00f3n que contempla la legislaci\u00f3n espa\u00f1ola en materia vitivin\u00edcola, por encima de la Denominaci\u00f3n de Origen.\",\"potentialAction\":[{\"@type\":\"SearchAction\",\"target\":{\"@type\":\"EntryPoint\",\"urlTemplate\":\"https:\/\/martue.com\/?s={search_term_string}\"},\"query-input\":{\"@type\":\"PropertyValueSpecification\",\"valueRequired\":true,\"valueName\":\"search_term_string\"}}],\"inLanguage\":\"en-GB\"}]}<\/script>\n<!-- \/ Yoast SEO plugin. -->","yoast_head_json":{"title":"Mart\u00fae 1313","description":"Una edici\u00f3n exclusiva y limitada, coupage de las variedades Syrah (50%) y Malbec (50%), procedentes de las cepas de las fincas Campo Martuela y El Casar. Produccion super limitada hemos elegido las 13 mejores barricas como homenaje a todos los que han hecho posible que lleguemos hasta aqu\u00ed.","robots":{"index":"index","follow":"follow","max-snippet":"max-snippet:-1","max-image-preview":"max-image-preview:large","max-video-preview":"max-video-preview:-1"},"canonical":"https:\/\/martue.com\/en\/product\/martue-1313-magnum\/","og_locale":"en_GB","og_type":"article","og_title":"Mart\u00fae 1313","og_description":"Una edici\u00f3n exclusiva y limitada, coupage de las variedades Syrah (50%) y Malbec (50%), procedentes de las cepas de las fincas Campo Martuela y El Casar. Produccion super limitada hemos elegido las 13 mejores barricas como homenaje a todos los que han hecho posible que lleguemos hasta aqu\u00ed.","og_url":"https:\/\/martue.com\/en\/product\/martue-1313-magnum\/","og_site_name":"Bodegas Mart\u00fae - Pago Campo de la Guardia","article_modified_time":"2020-10-13T08:54:52+00:00","og_image":[{"width":600,"height":1316,"url":"https:\/\/martue.com\/wp-content\/uploads\/2020\/04\/1313magnum-1.png","type":"image\/png"}],"twitter_card":"summary_large_image","twitter_misc":{"Estimated reading time":"1 minute"},"schema":{"@context":"https:\/\/schema.org","@graph":[{"@type":"WebPage","@id":"https:\/\/martue.com\/producto\/martue-1313-magnum\/","url":"https:\/\/martue.com\/producto\/martue-1313-magnum\/","name":"Mart\u00fae 1313","isPartOf":{"@id":"https:\/\/martue.com\/#website"},"primaryImageOfPage":{"@id":"https:\/\/martue.com\/producto\/martue-1313-magnum\/#primaryimage"},"image":{"@id":"https:\/\/martue.com\/producto\/martue-1313-magnum\/#primaryimage"},"thumbnailUrl":"https:\/\/martue.com\/wp-content\/uploads\/2020\/04\/1313magnum-1.png","datePublished":"2020-04-29T13:02:34+00:00","dateModified":"2020-10-13T08:54:52+00:00","description":"Una edici\u00f3n exclusiva y limitada, coupage de las variedades Syrah (50%) y Malbec (50%), procedentes de las cepas de las fincas Campo Martuela y El Casar. Produccion super limitada hemos elegido las 13 mejores barricas como homenaje a todos los que han hecho posible que lleguemos hasta aqu\u00ed.","breadcrumb":{"@id":"https:\/\/martue.com\/producto\/martue-1313-magnum\/#breadcrumb"},"inLanguage":"en-GB","potentialAction":[{"@type":"ReadAction","target":["https:\/\/martue.com\/producto\/martue-1313-magnum\/"]}]},{"@type":"ImageObject","inLanguage":"en-GB","@id":"https:\/\/martue.com\/producto\/martue-1313-magnum\/#primaryimage","url":"https:\/\/martue.com\/wp-content\/uploads\/2020\/04\/1313magnum-1.png","contentUrl":"https:\/\/martue.com\/wp-content\/uploads\/2020\/04\/1313magnum-1.png","width":600,"height":1316},{"@type":"BreadcrumbList","@id":"https:\/\/martue.com\/producto\/martue-1313-magnum\/#breadcrumb","itemListElement":[{"@type":"ListItem","position":1,"name":"Portada","item":"https:\/\/martue.com\/"},{"@type":"ListItem","position":2,"name":"Vinos","item":"https:\/\/martue.com\/vinos\/"},{"@type":"ListItem","position":3,"name":"Mart\u00fae 1313 Magnum"}]},{"@type":"WebSite","@id":"https:\/\/martue.com\/#website","url":"https:\/\/martue.com\/","name":"Bodegas Mart\u00fae - Pago Campo de la Guardia","description":"VINO DE PAGO CAMPO DE LA GUARDIA Es la m\u00e1xima calificaci\u00f3n que contempla la legislaci\u00f3n espa\u00f1ola en materia vitivin\u00edcola, por encima de la Denominaci\u00f3n de Origen.","potentialAction":[{"@type":"SearchAction","target":{"@type":"EntryPoint","urlTemplate":"https:\/\/martue.com\/?s={search_term_string}"},"query-input":{"@type":"PropertyValueSpecification","valueRequired":true,"valueName":"search_term_string"}}],"inLanguage":"en-GB"}]}},"_links":{"self":[{"href":"https:\/\/martue.com\/en\/wp-json\/wp\/v2\/product\/3429","targetHints":{"allow":["GET"]}}],"collection":[{"href":"https:\/\/martue.com\/en\/wp-json\/wp\/v2\/product"}],"about":[{"href":"https:\/\/martue.com\/en\/wp-json\/wp\/v2\/types\/product"}],"replies":[{"embeddable":true,"href":"https:\/\/martue.com\/en\/wp-json\/wp\/v2\/comments?post=3429"}],"wp:featuredmedia":[{"embeddable":true,"href":"https:\/\/martue.com\/en\/wp-json\/wp\/v2\/media\/3436"}],"wp:attachment":[{"href":"https:\/\/martue.com\/en\/wp-json\/wp\/v2\/media?parent=3429"}],"wp:term":[{"taxonomy":"product_brand","embeddable":true,"href":"https:\/\/martue.com\/en\/wp-json\/wp\/v2\/product_brand?post=3429"},{"taxonomy":"product_cat","embeddable":true,"href":"https:\/\/martue.com\/en\/wp-json\/wp\/v2\/product_cat?post=3429"},{"taxonomy":"product_tag","embeddable":true,"href":"https:\/\/martue.com\/en\/wp-json\/wp\/v2\/product_tag?post=3429"}],"curies":[{"name":"wp","href":"https:\/\/api.w.org\/{rel}","templated":true}]}}