{"id":442,"date":"2019-02-06T22:26:28","date_gmt":"2019-02-06T21:26:28","guid":{"rendered":"http:\/\/s772331608.mialojamiento.es\/wordpress\/producto\/import-placeholder-for-229\/"},"modified":"2024-10-17T19:52:10","modified_gmt":"2024-10-17T17:52:10","slug":"lote-degustacion-vinos-blancos-de-nieva-3-botellas","status":"publish","type":"product","link":"https:\/\/martue.com\/en\/product\/lote-degustacion-vinos-blancos-de-nieva-3-botellas\/","title":{"rendered":"Lote degustaci\u00f3n vinos blancos de Nieva &#8211; 3 botellas"},"content":{"rendered":"<p>Excepcional a&ntilde;ada para el vino estrella de la bodega, resultado de un exhaustivo coupage de nuestros vi&ntilde;edos de Cabernet Sauvignon (20%), Merlot (21%), Tempranillo (18%), Petit Verdot (19%) y Syrah (22%).<\/p>\n<p>Cada variedad se ha fermentado por separado y posteriormente se ha procedido a su ensamblaje. Ha permanecido durante 10 meses en barricas de roble franc&eacute;s (70%) y americano (30%).<\/p>\n<p>Presenta un color rojo cereza con notas rub&iacute; en el menisco y alta capa. Aroma complejo, de &ldquo;vino importante&rdquo;, con todas sus notas ya formadas, incluso el bouquet de su tiempo en botella. Es fresco por sus notas de frutillos rojos &ndash;guinda y fresita silvestre-,punzante por el recuerdo de monte bajo &ndash;tomillo seco y romero- y serio por su mineralidad &ndash;grafito y tiza-. En boca, como siempre, es b&aacute;sicamente rico. Entra con alegr&iacute;a, inunda la boca de sabor agradable y lleno de matices, y sale redondo y gustoso, pero sin molestar.<\/p>\n<p>Parece que esta a&ntilde;ada quiere celebrar la 10&ordf; cosecha de la marca con la perfecci&oacute;n en su estilo.<\/p>","protected":false},"excerpt":{"rendered":"<p>Excepcional a&ntilde;ada para el vino estrella de la bodega, resultado de un exhaustivo coupage de nuestros vi&ntilde;edos de Cabernet Sauvignon (20%), Merlot (21%), Tempranillo (18%), Petit Verdot (19%) y Syrah (22%).<\/p>","protected":false},"featured_media":0,"comment_status":"open","ping_status":"closed","template":"","meta":{"_et_pb_use_builder":"","_et_pb_old_content":"","_et_gb_content_width":"","om_disable_all_campaigns":false,"_joinchat":[]},"product_brand":[],"product_cat":[17],"product_tag":[],"class_list":{"0":"post-442","1":"product","2":"type-product","3":"status-publish","5":"product_cat-vinos-blanco-nieva","7":"first","8":"outofstock","9":"taxable","10":"shipping-taxable","11":"product-type-simple"},"yoast_head":"<!-- This site is optimized with the Yoast SEO plugin v24.1 - https:\/\/yoast.com\/wordpress\/plugins\/seo\/ -->\n<title>Lote degustaci\u00f3n vinos blancos de Nieva - 3 botellas - Bodegas Mart\u00fae - Pago Campo de la Guardia<\/title>\n<meta name=\"robots\" content=\"index, follow, max-snippet:-1, max-image-preview:large, max-video-preview:-1\" \/>\n<link rel=\"canonical\" href=\"https:\/\/martue.com\/en\/product\/lote-degustacion-vinos-blancos-de-nieva-3-botellas\/\" \/>\n<meta property=\"og:locale\" content=\"en_GB\" \/>\n<meta property=\"og:type\" content=\"article\" \/>\n<meta property=\"og:title\" content=\"Lote degustaci\u00f3n vinos blancos de Nieva - 3 botellas - Bodegas Mart\u00fae - Pago Campo de la Guardia\" \/>\n<meta property=\"og:description\" content=\"Excepcional a&ntilde;ada para el vino estrella de la bodega, resultado de un exhaustivo coupage de nuestros vi&ntilde;edos de Cabernet Sauvignon (20%), Merlot (21%), Tempranillo (18%), Petit Verdot (19%) y Syrah (22%).\" \/>\n<meta property=\"og:url\" content=\"https:\/\/martue.com\/en\/product\/lote-degustacion-vinos-blancos-de-nieva-3-botellas\/\" \/>\n<meta property=\"og:site_name\" content=\"Bodegas Mart\u00fae - Pago Campo de la Guardia\" \/>\n<meta property=\"article:modified_time\" content=\"2024-10-17T17:52:10+00:00\" \/>\n<meta name=\"twitter:card\" content=\"summary_large_image\" \/>\n<meta name=\"twitter:label1\" content=\"Estimated reading time\" \/>\n\t<meta name=\"twitter:data1\" content=\"1 minute\" \/>\n<script type=\"application\/ld+json\" class=\"yoast-schema-graph\">{\"@context\":\"https:\/\/schema.org\",\"@graph\":[{\"@type\":\"WebPage\",\"@id\":\"https:\/\/martue.com\/producto\/lote-degustacion-vinos-blancos-de-nieva-3-botellas\/\",\"url\":\"https:\/\/martue.com\/producto\/lote-degustacion-vinos-blancos-de-nieva-3-botellas\/\",\"name\":\"Lote degustaci\u00f3n vinos blancos de Nieva - 3 botellas - Bodegas Mart\u00fae - Pago Campo de la Guardia\",\"isPartOf\":{\"@id\":\"https:\/\/martue.com\/#website\"},\"datePublished\":\"2019-02-06T21:26:28+00:00\",\"dateModified\":\"2024-10-17T17:52:10+00:00\",\"breadcrumb\":{\"@id\":\"https:\/\/martue.com\/producto\/lote-degustacion-vinos-blancos-de-nieva-3-botellas\/#breadcrumb\"},\"inLanguage\":\"en-GB\",\"potentialAction\":[{\"@type\":\"ReadAction\",\"target\":[\"https:\/\/martue.com\/producto\/lote-degustacion-vinos-blancos-de-nieva-3-botellas\/\"]}]},{\"@type\":\"BreadcrumbList\",\"@id\":\"https:\/\/martue.com\/producto\/lote-degustacion-vinos-blancos-de-nieva-3-botellas\/#breadcrumb\",\"itemListElement\":[{\"@type\":\"ListItem\",\"position\":1,\"name\":\"Portada\",\"item\":\"https:\/\/martue.com\/\"},{\"@type\":\"ListItem\",\"position\":2,\"name\":\"Vinos\",\"item\":\"https:\/\/martue.com\/vinos\/\"},{\"@type\":\"ListItem\",\"position\":3,\"name\":\"Lote degustaci\u00f3n vinos blancos de Nieva &#8211; 3 botellas\"}]},{\"@type\":\"WebSite\",\"@id\":\"https:\/\/martue.com\/#website\",\"url\":\"https:\/\/martue.com\/\",\"name\":\"Bodegas Mart\u00fae - Pago Campo de la Guardia\",\"description\":\"VINO DE PAGO CAMPO DE LA GUARDIA Es la m\u00e1xima calificaci\u00f3n que contempla la legislaci\u00f3n espa\u00f1ola en materia vitivin\u00edcola, por encima de la Denominaci\u00f3n de Origen.\",\"potentialAction\":[{\"@type\":\"SearchAction\",\"target\":{\"@type\":\"EntryPoint\",\"urlTemplate\":\"https:\/\/martue.com\/?s={search_term_string}\"},\"query-input\":{\"@type\":\"PropertyValueSpecification\",\"valueRequired\":true,\"valueName\":\"search_term_string\"}}],\"inLanguage\":\"en-GB\"}]}<\/script>\n<!-- \/ Yoast SEO plugin. -->","yoast_head_json":{"title":"Lote degustaci\u00f3n vinos blancos de Nieva - 3 botellas - Bodegas Mart\u00fae - Pago Campo de la Guardia","robots":{"index":"index","follow":"follow","max-snippet":"max-snippet:-1","max-image-preview":"max-image-preview:large","max-video-preview":"max-video-preview:-1"},"canonical":"https:\/\/martue.com\/en\/product\/lote-degustacion-vinos-blancos-de-nieva-3-botellas\/","og_locale":"en_GB","og_type":"article","og_title":"Lote degustaci\u00f3n vinos blancos de Nieva - 3 botellas - Bodegas Mart\u00fae - Pago Campo de la Guardia","og_description":"Excepcional a&ntilde;ada para el vino estrella de la bodega, resultado de un exhaustivo coupage de nuestros vi&ntilde;edos de Cabernet Sauvignon (20%), Merlot (21%), Tempranillo (18%), Petit Verdot (19%) y Syrah (22%).","og_url":"https:\/\/martue.com\/en\/product\/lote-degustacion-vinos-blancos-de-nieva-3-botellas\/","og_site_name":"Bodegas Mart\u00fae - Pago Campo de la Guardia","article_modified_time":"2024-10-17T17:52:10+00:00","twitter_card":"summary_large_image","twitter_misc":{"Estimated reading time":"1 minute"},"schema":{"@context":"https:\/\/schema.org","@graph":[{"@type":"WebPage","@id":"https:\/\/martue.com\/producto\/lote-degustacion-vinos-blancos-de-nieva-3-botellas\/","url":"https:\/\/martue.com\/producto\/lote-degustacion-vinos-blancos-de-nieva-3-botellas\/","name":"Lote degustaci\u00f3n vinos blancos de Nieva - 3 botellas - Bodegas Mart\u00fae - Pago Campo de la Guardia","isPartOf":{"@id":"https:\/\/martue.com\/#website"},"datePublished":"2019-02-06T21:26:28+00:00","dateModified":"2024-10-17T17:52:10+00:00","breadcrumb":{"@id":"https:\/\/martue.com\/producto\/lote-degustacion-vinos-blancos-de-nieva-3-botellas\/#breadcrumb"},"inLanguage":"en-GB","potentialAction":[{"@type":"ReadAction","target":["https:\/\/martue.com\/producto\/lote-degustacion-vinos-blancos-de-nieva-3-botellas\/"]}]},{"@type":"BreadcrumbList","@id":"https:\/\/martue.com\/producto\/lote-degustacion-vinos-blancos-de-nieva-3-botellas\/#breadcrumb","itemListElement":[{"@type":"ListItem","position":1,"name":"Portada","item":"https:\/\/martue.com\/"},{"@type":"ListItem","position":2,"name":"Vinos","item":"https:\/\/martue.com\/vinos\/"},{"@type":"ListItem","position":3,"name":"Lote degustaci\u00f3n vinos blancos de Nieva &#8211; 3 botellas"}]},{"@type":"WebSite","@id":"https:\/\/martue.com\/#website","url":"https:\/\/martue.com\/","name":"Bodegas Mart\u00fae - Pago Campo de la Guardia","description":"VINO DE PAGO CAMPO DE LA GUARDIA Es la m\u00e1xima calificaci\u00f3n que contempla la legislaci\u00f3n espa\u00f1ola en materia vitivin\u00edcola, por encima de la Denominaci\u00f3n de Origen.","potentialAction":[{"@type":"SearchAction","target":{"@type":"EntryPoint","urlTemplate":"https:\/\/martue.com\/?s={search_term_string}"},"query-input":{"@type":"PropertyValueSpecification","valueRequired":true,"valueName":"search_term_string"}}],"inLanguage":"en-GB"}]}},"_links":{"self":[{"href":"https:\/\/martue.com\/en\/wp-json\/wp\/v2\/product\/442","targetHints":{"allow":["GET"]}}],"collection":[{"href":"https:\/\/martue.com\/en\/wp-json\/wp\/v2\/product"}],"about":[{"href":"https:\/\/martue.com\/en\/wp-json\/wp\/v2\/types\/product"}],"replies":[{"embeddable":true,"href":"https:\/\/martue.com\/en\/wp-json\/wp\/v2\/comments?post=442"}],"wp:attachment":[{"href":"https:\/\/martue.com\/en\/wp-json\/wp\/v2\/media?parent=442"}],"wp:term":[{"taxonomy":"product_brand","embeddable":true,"href":"https:\/\/martue.com\/en\/wp-json\/wp\/v2\/product_brand?post=442"},{"taxonomy":"product_cat","embeddable":true,"href":"https:\/\/martue.com\/en\/wp-json\/wp\/v2\/product_cat?post=442"},{"taxonomy":"product_tag","embeddable":true,"href":"https:\/\/martue.com\/en\/wp-json\/wp\/v2\/product_tag?post=442"}],"curies":[{"name":"wp","href":"https:\/\/api.w.org\/{rel}","templated":true}]}}