{"id":465,"date":"2019-02-06T22:26:38","date_gmt":"2019-02-06T21:26:38","guid":{"rendered":"http:\/\/s772331608.mialojamiento.es\/wordpress\/producto\/import-placeholder-for-1161\/"},"modified":"2022-03-05T02:08:52","modified_gmt":"2022-03-05T01:08:52","slug":"blanco-nieva-verdejo-2018","status":"publish","type":"product","link":"https:\/\/martue.com\/en\/product\/blanco-nieva-verdejo-2018\/","title":{"rendered":"Blanco Nieva Verdejo 2018"},"content":{"rendered":"<p>Selecci\u00f3n del mosto yema, el m\u00e1s fino y elegante. Elaborado con 100% uva Verdejo procedente de vi\u00f1as viejas en vaso (20%) y vi\u00f1edos en espaldera de m\u00e1s de 25 a\u00f1os de edad (80%).<\/p>\n<p>Maceraci\u00f3n en fr\u00edo del 30% de la uva, desfangado est\u00e1tico, fermentaci\u00f3n a 15\u00baC en dep\u00f3sito de acero inoxidable durante 23 d\u00edas, reposo sobre l\u00edas, clarificado, estabilizado a -4\u00baC y filtrado.<\/p>\n<p>Color amarillo p\u00e1lido pajizo. Aroma limpio de alt\u00edsima intensidad, donde destacan primero los de fruta blanca y flores, abri\u00e9ndose luego con recuerdos de piel de hierba y heno. En boca es fresco pero con mucho volumen. Vuelve la fruta fresca, el hinojo y las mineralidad. Paso denso, largo, con final goloso y placentero que invita a seguir bebiendo.<\/p>\n<p>Un vino elegante, muy frutal y de gran frescura. El buque insignia de la bodega.<\/p>\n<h3>Conservaci\u00f3n<\/h3>\n<p>Se recomienda conservar con la botella tumbada, en un lugar a oscuras, sin vibraciones y temperatura estable entre 15-20\u00baC.<\/p>\n<h3>Maridaje y Consumo<\/h3>\n<p>Ideal para el aperitivo, por supuesto para \u00a0acompa\u00f1ar pescados como rodaballo o besugo,\u00a0 y mariscos de concha, ostras, almejas, o gambas o langostinos, as\u00ed mismo marida con todo tipo de queso. Se recomienda servirlo entre 5 &#8211; 8\u00baC. Consumo \u00f3ptimo hasta 2021.<\/p>","protected":false},"excerpt":{"rendered":"<p>&nbsp;<\/p>\n<p style=\"text-align: justify\">Selecci\u00f3n del mosto yema, el m\u00e1s fino y elegante. Elaborado con 100% uva Verdejo procedente de vi\u00f1as viejas en vaso (20%) y vi\u00f1edos en espaldera de m\u00e1s de 25 a\u00f1os de edad (80%).<\/p>\n<p style=\"text-align: justify\">Maceraci\u00f3n en fr\u00edo del 30% de la uva, desfangado est\u00e1tico, fermentaci\u00f3n a 15\u00baC en dep\u00f3sito de acero inoxidable durante 23 d\u00edas, reposo sobre l\u00edas, clarificado, estabilizado a -4\u00baC y filtrado.<\/p>","protected":false},"featured_media":0,"comment_status":"open","ping_status":"closed","template":"","meta":{"_et_pb_use_builder":"on","_et_pb_old_content":"Selecci\u00f3n del mosto yema, el m\u00e1s fino y elegante. Elaborado con 100% uva Verdejo procedente de vi\u00f1as viejas en vaso (20%) y vi\u00f1edos en espaldera de m\u00e1s de 25 a\u00f1os de edad (80%).\r\n\r\nMaceraci\u00f3n en fr\u00edo del 30% de la uva, desfangado est\u00e1tico, fermentaci\u00f3n a 15\u00baC en dep\u00f3sito de acero inoxidable durante 23 d\u00edas, reposo sobre l\u00edas, clarificado, estabilizado a -4\u00baC y filtrado.\r\n\r\nColor amarillo p\u00e1lido pajizo. Aroma limpio de alt\u00edsima intensidad, donde destacan primero los de fruta blanca y flores, abri\u00e9ndose luego con recuerdos de piel de hierba y heno. En boca es fresco pero con mucho volumen. Vuelve la fruta fresca, el hinojo y las mineralidad. Paso denso, largo, con final goloso y placentero que invita a seguir bebiendo.\r\n\r\nUn vino elegante, muy frutal y de gran frescura. El buque insignia de la bodega.\r\n<h3>Conservaci\u00f3n<\/h3>\r\nSe recomienda conservar con la botella tumbada, en un lugar a oscuras, sin vibraciones y temperatura estable entre 15-20\u00baC.\r\n<h3>Maridaje y Consumo<\/h3>\r\nIdeal para el aperitivo, por supuesto para \u00a0acompa\u00f1ar pescados como rodaballo o besugo,\u00a0 y mariscos de concha, ostras, almejas, o gambas o langostinos, as\u00ed mismo marida con todo tipo de queso. Se recomienda servirlo entre 5 - 8\u00baC. Consumo \u00f3ptimo hasta 2021.","_et_gb_content_width":"","om_disable_all_campaigns":false,"_joinchat":[]},"product_brand":[],"product_cat":[25,17],"product_tag":[],"class_list":{"0":"post-465","1":"product","2":"type-product","3":"status-publish","5":"product_cat-blancos","6":"product_cat-vinos-blanco-nieva","8":"first","9":"outofstock","10":"taxable","11":"shipping-taxable","12":"product-type-variable","13":"has-default-attributes"},"yoast_head":"<!-- This site is optimized with the Yoast SEO plugin v24.1 - https:\/\/yoast.com\/wordpress\/plugins\/seo\/ -->\n<title>Blanco Nieva Verdejo 2018 - Bodegas Mart\u00fae - Pago Campo de la Guardia<\/title>\n<meta name=\"robots\" content=\"index, follow, max-snippet:-1, max-image-preview:large, max-video-preview:-1\" \/>\n<link rel=\"canonical\" href=\"https:\/\/martue.com\/en\/product\/blanco-nieva-verdejo-2018\/\" \/>\n<meta property=\"og:locale\" content=\"en_GB\" \/>\n<meta property=\"og:type\" content=\"article\" \/>\n<meta property=\"og:title\" content=\"Blanco Nieva Verdejo 2018 - Bodegas Mart\u00fae - Pago Campo de la Guardia\" \/>\n<meta property=\"og:description\" content=\"&nbsp; Selecci\u00f3n del mosto yema, el m\u00e1s fino y elegante. Elaborado con 100% uva Verdejo procedente de vi\u00f1as viejas en vaso (20%) y vi\u00f1edos en espaldera de m\u00e1s de 25 a\u00f1os de edad (80%). Maceraci\u00f3n en fr\u00edo del 30% de la uva, desfangado est\u00e1tico, fermentaci\u00f3n a 15\u00baC en dep\u00f3sito de acero inoxidable durante 23 d\u00edas, reposo sobre l\u00edas, clarificado, estabilizado a -4\u00baC y filtrado.\" \/>\n<meta property=\"og:url\" content=\"https:\/\/martue.com\/en\/product\/blanco-nieva-verdejo-2018\/\" \/>\n<meta property=\"og:site_name\" content=\"Bodegas Mart\u00fae - Pago Campo de la Guardia\" \/>\n<meta property=\"article:modified_time\" content=\"2022-03-05T01:08:52+00:00\" \/>\n<meta name=\"twitter:card\" content=\"summary_large_image\" \/>\n<meta name=\"twitter:label1\" content=\"Estimated reading time\" \/>\n\t<meta name=\"twitter:data1\" content=\"1 minute\" \/>\n<script type=\"application\/ld+json\" class=\"yoast-schema-graph\">{\"@context\":\"https:\/\/schema.org\",\"@graph\":[{\"@type\":\"WebPage\",\"@id\":\"https:\/\/martue.com\/producto\/blanco-nieva-verdejo-2018\/\",\"url\":\"https:\/\/martue.com\/producto\/blanco-nieva-verdejo-2018\/\",\"name\":\"Blanco Nieva Verdejo 2018 - Bodegas Mart\u00fae - Pago Campo de la Guardia\",\"isPartOf\":{\"@id\":\"https:\/\/martue.com\/#website\"},\"datePublished\":\"2019-02-06T21:26:38+00:00\",\"dateModified\":\"2022-03-05T01:08:52+00:00\",\"breadcrumb\":{\"@id\":\"https:\/\/martue.com\/producto\/blanco-nieva-verdejo-2018\/#breadcrumb\"},\"inLanguage\":\"en-GB\",\"potentialAction\":[{\"@type\":\"ReadAction\",\"target\":[\"https:\/\/martue.com\/producto\/blanco-nieva-verdejo-2018\/\"]}]},{\"@type\":\"BreadcrumbList\",\"@id\":\"https:\/\/martue.com\/producto\/blanco-nieva-verdejo-2018\/#breadcrumb\",\"itemListElement\":[{\"@type\":\"ListItem\",\"position\":1,\"name\":\"Portada\",\"item\":\"https:\/\/martue.com\/\"},{\"@type\":\"ListItem\",\"position\":2,\"name\":\"Vinos\",\"item\":\"https:\/\/martue.com\/vinos\/\"},{\"@type\":\"ListItem\",\"position\":3,\"name\":\"Blanco Nieva Verdejo 2018\"}]},{\"@type\":\"WebSite\",\"@id\":\"https:\/\/martue.com\/#website\",\"url\":\"https:\/\/martue.com\/\",\"name\":\"Bodegas Mart\u00fae - Pago Campo de la Guardia\",\"description\":\"VINO DE PAGO CAMPO DE LA GUARDIA Es la m\u00e1xima calificaci\u00f3n que contempla la legislaci\u00f3n espa\u00f1ola en materia vitivin\u00edcola, por encima de la Denominaci\u00f3n de Origen.\",\"potentialAction\":[{\"@type\":\"SearchAction\",\"target\":{\"@type\":\"EntryPoint\",\"urlTemplate\":\"https:\/\/martue.com\/?s={search_term_string}\"},\"query-input\":{\"@type\":\"PropertyValueSpecification\",\"valueRequired\":true,\"valueName\":\"search_term_string\"}}],\"inLanguage\":\"en-GB\"}]}<\/script>\n<!-- \/ Yoast SEO plugin. -->","yoast_head_json":{"title":"Blanco Nieva Verdejo 2018 - Bodegas Mart\u00fae - Pago Campo de la Guardia","robots":{"index":"index","follow":"follow","max-snippet":"max-snippet:-1","max-image-preview":"max-image-preview:large","max-video-preview":"max-video-preview:-1"},"canonical":"https:\/\/martue.com\/en\/product\/blanco-nieva-verdejo-2018\/","og_locale":"en_GB","og_type":"article","og_title":"Blanco Nieva Verdejo 2018 - Bodegas Mart\u00fae - Pago Campo de la Guardia","og_description":"&nbsp; Selecci\u00f3n del mosto yema, el m\u00e1s fino y elegante. Elaborado con 100% uva Verdejo procedente de vi\u00f1as viejas en vaso (20%) y vi\u00f1edos en espaldera de m\u00e1s de 25 a\u00f1os de edad (80%). Maceraci\u00f3n en fr\u00edo del 30% de la uva, desfangado est\u00e1tico, fermentaci\u00f3n a 15\u00baC en dep\u00f3sito de acero inoxidable durante 23 d\u00edas, reposo sobre l\u00edas, clarificado, estabilizado a -4\u00baC y filtrado.","og_url":"https:\/\/martue.com\/en\/product\/blanco-nieva-verdejo-2018\/","og_site_name":"Bodegas Mart\u00fae - Pago Campo de la Guardia","article_modified_time":"2022-03-05T01:08:52+00:00","twitter_card":"summary_large_image","twitter_misc":{"Estimated reading time":"1 minute"},"schema":{"@context":"https:\/\/schema.org","@graph":[{"@type":"WebPage","@id":"https:\/\/martue.com\/producto\/blanco-nieva-verdejo-2018\/","url":"https:\/\/martue.com\/producto\/blanco-nieva-verdejo-2018\/","name":"Blanco Nieva Verdejo 2018 - Bodegas Mart\u00fae - Pago Campo de la Guardia","isPartOf":{"@id":"https:\/\/martue.com\/#website"},"datePublished":"2019-02-06T21:26:38+00:00","dateModified":"2022-03-05T01:08:52+00:00","breadcrumb":{"@id":"https:\/\/martue.com\/producto\/blanco-nieva-verdejo-2018\/#breadcrumb"},"inLanguage":"en-GB","potentialAction":[{"@type":"ReadAction","target":["https:\/\/martue.com\/producto\/blanco-nieva-verdejo-2018\/"]}]},{"@type":"BreadcrumbList","@id":"https:\/\/martue.com\/producto\/blanco-nieva-verdejo-2018\/#breadcrumb","itemListElement":[{"@type":"ListItem","position":1,"name":"Portada","item":"https:\/\/martue.com\/"},{"@type":"ListItem","position":2,"name":"Vinos","item":"https:\/\/martue.com\/vinos\/"},{"@type":"ListItem","position":3,"name":"Blanco Nieva Verdejo 2018"}]},{"@type":"WebSite","@id":"https:\/\/martue.com\/#website","url":"https:\/\/martue.com\/","name":"Bodegas Mart\u00fae - Pago Campo de la Guardia","description":"VINO DE PAGO CAMPO DE LA GUARDIA Es la m\u00e1xima calificaci\u00f3n que contempla la legislaci\u00f3n espa\u00f1ola en materia vitivin\u00edcola, por encima de la Denominaci\u00f3n de Origen.","potentialAction":[{"@type":"SearchAction","target":{"@type":"EntryPoint","urlTemplate":"https:\/\/martue.com\/?s={search_term_string}"},"query-input":{"@type":"PropertyValueSpecification","valueRequired":true,"valueName":"search_term_string"}}],"inLanguage":"en-GB"}]}},"_links":{"self":[{"href":"https:\/\/martue.com\/en\/wp-json\/wp\/v2\/product\/465","targetHints":{"allow":["GET"]}}],"collection":[{"href":"https:\/\/martue.com\/en\/wp-json\/wp\/v2\/product"}],"about":[{"href":"https:\/\/martue.com\/en\/wp-json\/wp\/v2\/types\/product"}],"replies":[{"embeddable":true,"href":"https:\/\/martue.com\/en\/wp-json\/wp\/v2\/comments?post=465"}],"wp:attachment":[{"href":"https:\/\/martue.com\/en\/wp-json\/wp\/v2\/media?parent=465"}],"wp:term":[{"taxonomy":"product_brand","embeddable":true,"href":"https:\/\/martue.com\/en\/wp-json\/wp\/v2\/product_brand?post=465"},{"taxonomy":"product_cat","embeddable":true,"href":"https:\/\/martue.com\/en\/wp-json\/wp\/v2\/product_cat?post=465"},{"taxonomy":"product_tag","embeddable":true,"href":"https:\/\/martue.com\/en\/wp-json\/wp\/v2\/product_tag?post=465"}],"curies":[{"name":"wp","href":"https:\/\/api.w.org\/{rel}","templated":true}]}}