{"id":1531,"date":"2019-02-25T10:45:18","date_gmt":"2019-02-25T09:45:18","guid":{"rendered":"https:\/\/martue.com\/?page_id=1531"},"modified":"2021-09-23T01:19:02","modified_gmt":"2021-09-22T23:19:02","slug":"blog-bodegas","status":"publish","type":"page","link":"https:\/\/martue.com\/fr\/blog-bodegas\/","title":{"rendered":"Blog Bodegas"},"content":{"rendered":"<p>[et_pb_section fb_built=\u00bb1&#8243; _builder_version=\u00bb3.22&#8243;][et_pb_row _builder_version=\u00bb3.26.6&#8243; gutter_width=\u00bb3&#8243; width=\u00bb75%\u00bb custom_margin=\u00bb3%||||false|false\u00bb][et_pb_column type=\u00bb4_4&#8243; _builder_version=\u00bb3.25&#8243; custom_padding=\u00bb|||\u00bb custom_padding__hover=\u00bb|||\u00bb][et_pb_blog fullwidth=\u00bboff\u00bb show_more=\u00bbon\u00bb show_author=\u00bboff\u00bb masonry_tile_background_color=\u00bbrgba(102,102,102,0.06)\u00bb _builder_version=\u00bb3.26.6&#8243; header_font=\u00bbVarela|700|||||||\u00bb header_line_height=\u00bb1.3em\u00bb meta_font=\u00bb|300|||||||\u00bb meta_font_size=\u00bb12px\u00bb border_width_all=\u00bb0px\u00bb child_filter_saturate=\u00bb120%\u00bb][\/et_pb_blog][\/et_pb_column][\/et_pb_row][\/et_pb_section]<\/p>","protected":false},"excerpt":{"rendered":"","protected":false},"author":2,"featured_media":0,"parent":0,"menu_order":0,"comment_status":"closed","ping_status":"closed","template":"","meta":{"_et_pb_use_builder":"on","_et_pb_old_content":"","_et_gb_content_width":"","om_disable_all_campaigns":false,"_joinchat":[],"footnotes":""},"class_list":["post-1531","page","type-page","status-publish","hentry"],"yoast_head":"<!-- This site is optimized with the Yoast SEO plugin v24.1 - https:\/\/yoast.com\/wordpress\/plugins\/seo\/ -->\n<title>Blog Bodegas - Bodegas Mart\u00fae - Pago Campo de la Guardia<\/title>\n<meta name=\"robots\" content=\"index, follow, max-snippet:-1, max-image-preview:large, max-video-preview:-1\" \/>\n<link rel=\"canonical\" href=\"https:\/\/martue.com\/fr\/blog-bodegas\/\" \/>\n<meta property=\"og:locale\" content=\"fr_FR\" \/>\n<meta property=\"og:type\" content=\"article\" \/>\n<meta property=\"og:title\" content=\"Blog Bodegas - Bodegas Mart\u00fae - Pago Campo de la Guardia\" \/>\n<meta property=\"og:url\" content=\"https:\/\/martue.com\/fr\/blog-bodegas\/\" \/>\n<meta property=\"og:site_name\" content=\"Bodegas Mart\u00fae - Pago Campo de la Guardia\" \/>\n<meta property=\"article:modified_time\" content=\"2021-09-22T23:19:02+00:00\" \/>\n<meta name=\"twitter:card\" content=\"summary_large_image\" \/>\n<script type=\"application\/ld+json\" class=\"yoast-schema-graph\">{\"@context\":\"https:\/\/schema.org\",\"@graph\":[{\"@type\":\"WebPage\",\"@id\":\"https:\/\/martue.com\/en\/blog-bodegas\/\",\"url\":\"https:\/\/martue.com\/en\/blog-bodegas\/\",\"name\":\"Blog Bodegas - Bodegas Mart\u00fae - Pago Campo de la Guardia\",\"isPartOf\":{\"@id\":\"https:\/\/martue.com\/#website\"},\"datePublished\":\"2019-02-25T09:45:18+00:00\",\"dateModified\":\"2021-09-22T23:19:02+00:00\",\"breadcrumb\":{\"@id\":\"https:\/\/martue.com\/en\/blog-bodegas\/#breadcrumb\"},\"inLanguage\":\"fr-FR\",\"potentialAction\":[{\"@type\":\"ReadAction\",\"target\":[\"https:\/\/martue.com\/en\/blog-bodegas\/\"]}]},{\"@type\":\"BreadcrumbList\",\"@id\":\"https:\/\/martue.com\/en\/blog-bodegas\/#breadcrumb\",\"itemListElement\":[{\"@type\":\"ListItem\",\"position\":1,\"name\":\"Portada\",\"item\":\"https:\/\/martue.com\/\"},{\"@type\":\"ListItem\",\"position\":2,\"name\":\"Blog Bodegas\"}]},{\"@type\":\"WebSite\",\"@id\":\"https:\/\/martue.com\/#website\",\"url\":\"https:\/\/martue.com\/\",\"name\":\"Bodegas Mart\u00fae - Pago Campo de la Guardia\",\"description\":\"VINO DE PAGO CAMPO DE LA GUARDIA Es la m\u00e1xima calificaci\u00f3n que contempla la legislaci\u00f3n espa\u00f1ola en materia vitivin\u00edcola, por encima de la Denominaci\u00f3n de Origen.\",\"potentialAction\":[{\"@type\":\"SearchAction\",\"target\":{\"@type\":\"EntryPoint\",\"urlTemplate\":\"https:\/\/martue.com\/?s={search_term_string}\"},\"query-input\":{\"@type\":\"PropertyValueSpecification\",\"valueRequired\":true,\"valueName\":\"search_term_string\"}}],\"inLanguage\":\"fr-FR\"}]}<\/script>\n<!-- \/ Yoast SEO plugin. -->","yoast_head_json":{"title":"Blog Bodegas - Bodegas Mart\u00fae - Pago Campo de la Guardia","robots":{"index":"index","follow":"follow","max-snippet":"max-snippet:-1","max-image-preview":"max-image-preview:large","max-video-preview":"max-video-preview:-1"},"canonical":"https:\/\/martue.com\/fr\/blog-bodegas\/","og_locale":"fr_FR","og_type":"article","og_title":"Blog Bodegas - Bodegas Mart\u00fae - Pago Campo de la Guardia","og_url":"https:\/\/martue.com\/fr\/blog-bodegas\/","og_site_name":"Bodegas Mart\u00fae - Pago Campo de la Guardia","article_modified_time":"2021-09-22T23:19:02+00:00","twitter_card":"summary_large_image","schema":{"@context":"https:\/\/schema.org","@graph":[{"@type":"WebPage","@id":"https:\/\/martue.com\/en\/blog-bodegas\/","url":"https:\/\/martue.com\/en\/blog-bodegas\/","name":"Blog Bodegas - Bodegas Mart\u00fae - Pago Campo de la Guardia","isPartOf":{"@id":"https:\/\/martue.com\/#website"},"datePublished":"2019-02-25T09:45:18+00:00","dateModified":"2021-09-22T23:19:02+00:00","breadcrumb":{"@id":"https:\/\/martue.com\/en\/blog-bodegas\/#breadcrumb"},"inLanguage":"fr-FR","potentialAction":[{"@type":"ReadAction","target":["https:\/\/martue.com\/en\/blog-bodegas\/"]}]},{"@type":"BreadcrumbList","@id":"https:\/\/martue.com\/en\/blog-bodegas\/#breadcrumb","itemListElement":[{"@type":"ListItem","position":1,"name":"Portada","item":"https:\/\/martue.com\/"},{"@type":"ListItem","position":2,"name":"Blog Bodegas"}]},{"@type":"WebSite","@id":"https:\/\/martue.com\/#website","url":"https:\/\/martue.com\/","name":"Bodegas Mart\u00fae - Pago Campo de la Guardia","description":"VINO DE PAGO CAMPO DE LA GUARDIA Es la m\u00e1xima calificaci\u00f3n que contempla la legislaci\u00f3n espa\u00f1ola en materia vitivin\u00edcola, por encima de la Denominaci\u00f3n de Origen.","potentialAction":[{"@type":"SearchAction","target":{"@type":"EntryPoint","urlTemplate":"https:\/\/martue.com\/?s={search_term_string}"},"query-input":{"@type":"PropertyValueSpecification","valueRequired":true,"valueName":"search_term_string"}}],"inLanguage":"fr-FR"}]}},"_links":{"self":[{"href":"https:\/\/martue.com\/fr\/wp-json\/wp\/v2\/pages\/1531","targetHints":{"allow":["GET"]}}],"collection":[{"href":"https:\/\/martue.com\/fr\/wp-json\/wp\/v2\/pages"}],"about":[{"href":"https:\/\/martue.com\/fr\/wp-json\/wp\/v2\/types\/page"}],"author":[{"embeddable":true,"href":"https:\/\/martue.com\/fr\/wp-json\/wp\/v2\/users\/2"}],"replies":[{"embeddable":true,"href":"https:\/\/martue.com\/fr\/wp-json\/wp\/v2\/comments?post=1531"}],"version-history":[{"count":0,"href":"https:\/\/martue.com\/fr\/wp-json\/wp\/v2\/pages\/1531\/revisions"}],"wp:attachment":[{"href":"https:\/\/martue.com\/fr\/wp-json\/wp\/v2\/media?parent=1531"}],"curies":[{"name":"wp","href":"https:\/\/api.w.org\/{rel}","templated":true}]}}