{"id":2546,"date":"2020-02-25T10:47:25","date_gmt":"2020-02-25T09:47:25","guid":{"rendered":"https:\/\/martue.com\/?page_id=2546"},"modified":"2025-05-07T11:59:57","modified_gmt":"2025-05-07T09:59:57","slug":"condiciones-de-compra","status":"publish","type":"page","link":"https:\/\/martue.com\/fr\/condiciones-de-compra\/","title":{"rendered":"Condiciones de compra"},"content":{"rendered":"<p>[et_pb_section fb_built=\u00bb1&#8243; _builder_version=\u00bb4.16&#8243; custom_padding=\u00bb50px|100px|50px|100px|true|true\u00bb global_colors_info=\u00bb{}\u00bb][et_pb_row _builder_version=\u00bb4.16&#8243; global_colors_info=\u00bb{}\u00bb][et_pb_column type=\u00bb4_4&#8243; _builder_version=\u00bb4.16&#8243; custom_padding=\u00bb|||\u00bb global_colors_info=\u00bb{}\u00bb custom_padding__hover=\u00bb|||\u00bb][et_pb_text _builder_version=\u00bb4.18.0&#8243; header_font_size=\u00bb26px\u00bb background_size=\u00bbinitial\u00bb background_position=\u00bbtop_left\u00bb background_repeat=\u00bbrepeat\u00bb text_orientation=\u00bbjustified\u00bb hover_enabled=\u00bb0&#8243; global_colors_info=\u00bb{}\u00bb sticky_enabled=\u00bb0&#8243;]<\/p>\n<h1>POL\u00cdTICA DE GASTOS DE ENV\u00cdO<\/h1>\n<p>El env\u00edo ser\u00e1 gratuito a partir de un importe de compra superior a los 40\u20ac.<br \/>Los plazos de entrega de los productos pueden variar entre 48\/72 h. (dias laborables)<\/p>\n<p>Al estar sometido el vino a control aduanero, solo se enviaran pedidos a la peninsula iberica y Baleares, no se realizan env\u00edos fuera de la Peninsula y Baleares.<\/p>\n<p>&nbsp;<\/p>\n<h1>POL\u00cdTICA DE DEVOLUCIONES<\/h1>\n<p>Las devoluciones de productos no est\u00e1n admitidas salvo por deficiencias en la entrega de los mismos. Para certificar estas incidencias se realizar\u00e1 un informe con la compa\u00f1\u00eda de env\u00edos que refrendar\u00e1 el estado de los productos en el momento de la entrega al cliente.<\/p>\n<p>Si la mercanc\u00eda llegase en mal estado: podr\u00e1 emitirse un nuevo env\u00edo de mercanc\u00eda en un plazo de hasta 7 d\u00edas. Tambi\u00e9n se podr\u00e1 cancelar el env\u00edo de productos de remplazo y proceder a un reembolso del importe de los productos en un m\u00e1ximo de 10 d\u00edas desde el momento de la cancelaci\u00f3n.<\/p>\n<p>Si el producto no ha sido enviado, se podr\u00e1 cancelar el pedido previo aviso telef\u00f3nico.<\/p>\n<p>&nbsp;<\/p>\n<h1>USO DE SUS DATOS AL REALIZAR UNA COMPRA<\/h1>\n<p>Al realizar una compra, est\u00e1 aceptando recibir en su correo electr\u00f3nico o tel\u00e9fono m\u00f3vil informaci\u00f3n que consideremos relevante de Bodegas Mart\u00fae y Blanco Nieva. No cederemos los datos a otras empresas.<\/p>\n<p>[\/et_pb_text][\/et_pb_column][\/et_pb_row][\/et_pb_section]<\/p>","protected":false},"excerpt":{"rendered":"<p>POL\u00cdTICA DE GASTOS DE ENV\u00cdO El env\u00edo ser\u00e1 gratuito a partir de un importe de compra superior a los 40\u20ac.Los plazos de entrega de los productos pueden variar entre 48\/72 h. (dias laborables) Al estar sometido el vino a control aduanero, solo se enviaran pedidos a la peninsula iberica y Baleares, no se realizan env\u00edos [&hellip;]<\/p>","protected":false},"author":2,"featured_media":0,"parent":0,"menu_order":0,"comment_status":"closed","ping_status":"closed","template":"","meta":{"_et_pb_use_builder":"on","_et_pb_old_content":"<h1>POL\u00cdTICA DE GASTOS DE ENV\u00cdO<\/h1>\r\nEl env\u00edo ser\u00e1 gratuito a partir de un importe de compra superior a los 40\u20ac.\r\nLos plazos de entrega de los productos pueden variar entre 48\/72 h.\r\nNo se realizan env\u00edos fuera de Espa\u00f1a.\r\n<h1>POL\u00cdTICA DE DEVOLUCIONES<\/h1>\r\n<p classLas devoluciones de productos no est\u00e1n admitidas salvo por deficiencias en la entrega de los mismos. Para certificar estas incidencias se realizar\u00e1 un informe con la compa\u00f1\u00eda de env\u00edos que refrendar\u00e1 el estado de los productos en el momento de la entrega al cliente.\r\nSi la mercanc\u00eda llegase en mal estado: podr\u00e1 emitirse un nuevo env\u00edo de mercanc\u00eda en un plazo de hasta 7 d\u00edas. Tambi\u00e9n se podr\u00e1 cancelar el env\u00edo de productos de remplazo y proceder a un reembolso del importe de los productos en un m\u00e1ximo de 10 d\u00edas desde el momento de la cancelaci\u00f3n.\r\nSi el producto no ha sido enviado, se podr\u00e1 cancelar el pedido previo aviso telef\u00f3nico.","_et_gb_content_width":"","om_disable_all_campaigns":false,"_joinchat":[],"footnotes":""},"class_list":["post-2546","page","type-page","status-publish","hentry"],"yoast_head":"<!-- This site is optimized with the Yoast SEO plugin v24.1 - https:\/\/yoast.com\/wordpress\/plugins\/seo\/ -->\n<title>Condiciones de compra - Bodegas Mart\u00fae - Pago Campo de la Guardia<\/title>\n<meta name=\"robots\" content=\"index, follow, max-snippet:-1, max-image-preview:large, max-video-preview:-1\" \/>\n<link rel=\"canonical\" href=\"https:\/\/martue.com\/fr\/condiciones-de-compra\/\" \/>\n<meta property=\"og:locale\" content=\"fr_FR\" \/>\n<meta property=\"og:type\" content=\"article\" \/>\n<meta property=\"og:title\" content=\"Condiciones de compra - Bodegas Mart\u00fae - Pago Campo de la Guardia\" \/>\n<meta property=\"og:description\" content=\"POL\u00cdTICA DE GASTOS DE ENV\u00cdO El env\u00edo ser\u00e1 gratuito a partir de un importe de compra superior a los 40\u20ac.Los plazos de entrega de los productos pueden variar entre 48\/72 h. (dias laborables) Al estar sometido el vino a control aduanero, solo se enviaran pedidos a la peninsula iberica y Baleares, no se realizan env\u00edos [&hellip;]\" \/>\n<meta property=\"og:url\" content=\"https:\/\/martue.com\/fr\/condiciones-de-compra\/\" \/>\n<meta property=\"og:site_name\" content=\"Bodegas Mart\u00fae - Pago Campo de la Guardia\" \/>\n<meta property=\"article:modified_time\" content=\"2025-05-07T09:59:57+00:00\" \/>\n<meta name=\"twitter:card\" content=\"summary_large_image\" \/>\n<meta name=\"twitter:label1\" content=\"Dur\u00e9e de lecture estim\u00e9e\" \/>\n\t<meta name=\"twitter:data1\" content=\"2 minutes\" \/>\n<script type=\"application\/ld+json\" class=\"yoast-schema-graph\">{\"@context\":\"https:\/\/schema.org\",\"@graph\":[{\"@type\":\"WebPage\",\"@id\":\"https:\/\/martue.com\/condiciones-de-compra\/\",\"url\":\"https:\/\/martue.com\/condiciones-de-compra\/\",\"name\":\"Condiciones de compra - Bodegas Mart\u00fae - Pago Campo de la Guardia\",\"isPartOf\":{\"@id\":\"https:\/\/martue.com\/#website\"},\"datePublished\":\"2020-02-25T09:47:25+00:00\",\"dateModified\":\"2025-05-07T09:59:57+00:00\",\"breadcrumb\":{\"@id\":\"https:\/\/martue.com\/condiciones-de-compra\/#breadcrumb\"},\"inLanguage\":\"fr-FR\",\"potentialAction\":[{\"@type\":\"ReadAction\",\"target\":[\"https:\/\/martue.com\/condiciones-de-compra\/\"]}]},{\"@type\":\"BreadcrumbList\",\"@id\":\"https:\/\/martue.com\/condiciones-de-compra\/#breadcrumb\",\"itemListElement\":[{\"@type\":\"ListItem\",\"position\":1,\"name\":\"Portada\",\"item\":\"https:\/\/martue.com\/\"},{\"@type\":\"ListItem\",\"position\":2,\"name\":\"Condiciones de compra\"}]},{\"@type\":\"WebSite\",\"@id\":\"https:\/\/martue.com\/#website\",\"url\":\"https:\/\/martue.com\/\",\"name\":\"Bodegas Mart\u00fae - Pago Campo de la Guardia\",\"description\":\"VINO DE PAGO CAMPO DE LA GUARDIA Es la m\u00e1xima calificaci\u00f3n que contempla la legislaci\u00f3n espa\u00f1ola en materia vitivin\u00edcola, por encima de la Denominaci\u00f3n de Origen.\",\"potentialAction\":[{\"@type\":\"SearchAction\",\"target\":{\"@type\":\"EntryPoint\",\"urlTemplate\":\"https:\/\/martue.com\/?s={search_term_string}\"},\"query-input\":{\"@type\":\"PropertyValueSpecification\",\"valueRequired\":true,\"valueName\":\"search_term_string\"}}],\"inLanguage\":\"fr-FR\"}]}<\/script>\n<!-- \/ Yoast SEO plugin. -->","yoast_head_json":{"title":"Condiciones de compra - Bodegas Mart\u00fae - Pago Campo de la Guardia","robots":{"index":"index","follow":"follow","max-snippet":"max-snippet:-1","max-image-preview":"max-image-preview:large","max-video-preview":"max-video-preview:-1"},"canonical":"https:\/\/martue.com\/fr\/condiciones-de-compra\/","og_locale":"fr_FR","og_type":"article","og_title":"Condiciones de compra - Bodegas Mart\u00fae - Pago Campo de la Guardia","og_description":"POL\u00cdTICA DE GASTOS DE ENV\u00cdO El env\u00edo ser\u00e1 gratuito a partir de un importe de compra superior a los 40\u20ac.Los plazos de entrega de los productos pueden variar entre 48\/72 h. (dias laborables) Al estar sometido el vino a control aduanero, solo se enviaran pedidos a la peninsula iberica y Baleares, no se realizan env\u00edos [&hellip;]","og_url":"https:\/\/martue.com\/fr\/condiciones-de-compra\/","og_site_name":"Bodegas Mart\u00fae - Pago Campo de la Guardia","article_modified_time":"2025-05-07T09:59:57+00:00","twitter_card":"summary_large_image","twitter_misc":{"Dur\u00e9e de lecture estim\u00e9e":"2 minutes"},"schema":{"@context":"https:\/\/schema.org","@graph":[{"@type":"WebPage","@id":"https:\/\/martue.com\/condiciones-de-compra\/","url":"https:\/\/martue.com\/condiciones-de-compra\/","name":"Condiciones de compra - Bodegas Mart\u00fae - Pago Campo de la Guardia","isPartOf":{"@id":"https:\/\/martue.com\/#website"},"datePublished":"2020-02-25T09:47:25+00:00","dateModified":"2025-05-07T09:59:57+00:00","breadcrumb":{"@id":"https:\/\/martue.com\/condiciones-de-compra\/#breadcrumb"},"inLanguage":"fr-FR","potentialAction":[{"@type":"ReadAction","target":["https:\/\/martue.com\/condiciones-de-compra\/"]}]},{"@type":"BreadcrumbList","@id":"https:\/\/martue.com\/condiciones-de-compra\/#breadcrumb","itemListElement":[{"@type":"ListItem","position":1,"name":"Portada","item":"https:\/\/martue.com\/"},{"@type":"ListItem","position":2,"name":"Condiciones de compra"}]},{"@type":"WebSite","@id":"https:\/\/martue.com\/#website","url":"https:\/\/martue.com\/","name":"Bodegas Mart\u00fae - Pago Campo de la Guardia","description":"VINO DE PAGO CAMPO DE LA GUARDIA Es la m\u00e1xima calificaci\u00f3n que contempla la legislaci\u00f3n espa\u00f1ola en materia vitivin\u00edcola, por encima de la Denominaci\u00f3n de Origen.","potentialAction":[{"@type":"SearchAction","target":{"@type":"EntryPoint","urlTemplate":"https:\/\/martue.com\/?s={search_term_string}"},"query-input":{"@type":"PropertyValueSpecification","valueRequired":true,"valueName":"search_term_string"}}],"inLanguage":"fr-FR"}]}},"_links":{"self":[{"href":"https:\/\/martue.com\/fr\/wp-json\/wp\/v2\/pages\/2546","targetHints":{"allow":["GET"]}}],"collection":[{"href":"https:\/\/martue.com\/fr\/wp-json\/wp\/v2\/pages"}],"about":[{"href":"https:\/\/martue.com\/fr\/wp-json\/wp\/v2\/types\/page"}],"author":[{"embeddable":true,"href":"https:\/\/martue.com\/fr\/wp-json\/wp\/v2\/users\/2"}],"replies":[{"embeddable":true,"href":"https:\/\/martue.com\/fr\/wp-json\/wp\/v2\/comments?post=2546"}],"version-history":[{"count":1,"href":"https:\/\/martue.com\/fr\/wp-json\/wp\/v2\/pages\/2546\/revisions"}],"predecessor-version":[{"id":16906,"href":"https:\/\/martue.com\/fr\/wp-json\/wp\/v2\/pages\/2546\/revisions\/16906"}],"wp:attachment":[{"href":"https:\/\/martue.com\/fr\/wp-json\/wp\/v2\/media?parent=2546"}],"curies":[{"name":"wp","href":"https:\/\/api.w.org\/{rel}","templated":true}]}}