{"id":255,"date":"2019-02-06T17:20:22","date_gmt":"2019-02-06T16:20:22","guid":{"rendered":"http:\/\/s772331608.mialojamiento.es\/wordpress\/?page_id=255"},"modified":"2025-05-08T21:11:49","modified_gmt":"2025-05-08T19:11:49","slug":"enoturismo","status":"publish","type":"page","link":"https:\/\/martue.com\/fr\/enoturismo\/","title":{"rendered":"Oenotourisme"},"content":{"rendered":"<p>[et_pb_section fb_built=\u00bb1&#8243; _builder_version=\u00bb4.18.0&#8243; background_image=\u00bbhttps:\/\/martue.com\/wp-content\/uploads\/2022\/03\/MARTUE-FOTO-20-scaled.jpg\u00bb background_position=\u00bbtop_center\u00bb custom_margin=\u00bb0px|||\u00bb custom_padding=\u00bb30%||15%|\u00bb global_colors_info=\u00bb{}\u00bb][\/et_pb_section][et_pb_section fb_built=\u00bb1&#8243; _builder_version=\u00bb4.16&#8243; max_width=\u00bb90%\u00bb module_alignment=\u00bbcenter\u00bb global_colors_info=\u00bb{}\u00bb][et_pb_row _builder_version=\u00bb4.16&#8243; custom_margin=\u00bb-13px||||false|false\u00bb custom_margin_tablet=\u00bb-50px||||false|false\u00bb custom_margin_phone=\u00bb-20px||||false|false\u00bb custom_margin_last_edited=\u00bbon|phone\u00bb global_colors_info=\u00bb{}\u00bb][et_pb_column type=\u00bb4_4&#8243; _builder_version=\u00bb4.16&#8243; custom_padding=\u00bb|||\u00bb global_colors_info=\u00bb{}\u00bb custom_padding__hover=\u00bb|||\u00bb][et_pb_text content_tablet=\u00bb<\/p>\n<h3><strong>Oenotourisme<\/strong><\/h3>\n<p>\u00bb content_phone=\u00bb<\/p>\n<h2><strong>Oenotourisme<\/strong><\/h2>\n<p>\u00bb content_last_edited=\u00bbon|desktop\u00bb disabled_on=\u00bbon|off|off\u00bb _builder_version=\u00bb4.16&#8243; header_font=\u00bb|700|||||||\u00bb text_font_size_tablet=\u00bb\u00bb text_font_size_phone=\u00bb25px\u00bb text_font_size_last_edited=\u00bbon|phone\u00bb header_font_size_tablet=\u00bb\u00bb header_font_size_phone=\u00bb40px\u00bb header_font_size_last_edited=\u00bbon|desktop\u00bb global_colors_info=\u00bb{}\u00bb]<\/p>\n<h1><strong>Oenotourisme<\/strong><\/h1>\n<p>[\/et_pb_text][et_pb_text content_tablet=\u00bb<\/p>\n<h3><strong>Oenotourisme<\/strong><\/h3>\n<p>\u00bb content_phone=\u00bb<\/p>\n<p><strong>Oenotourisme<\/strong><\/p>\n<p>\u00bb content_last_edited=\u00bbon|desktop\u00bb disabled_on=\u00bboff|on|on\u00bb _builder_version=\u00bb4.16&#8243; header_font=\u00bb|700|||||||\u00bb text_font_size_tablet=\u00bb\u00bb text_font_size_phone=\u00bb25px\u00bb text_font_size_last_edited=\u00bbon|phone\u00bb header_font_size_tablet=\u00bb\u00bb header_font_size_phone=\u00bb40px\u00bb header_font_size_last_edited=\u00bbon|desktop\u00bb global_colors_info=\u00bb{}\u00bb]<\/p>\n<h1><strong>Oenotourisme<\/strong><\/h1>\n<p>[\/et_pb_text][et_pb_text _builder_version=\u00bb4.16&#8243; text_orientation=\u00bbjustify\u00bb custom_margin=\u00bb10px||||false|false\u00bb custom_margin_tablet=\u00bb\u00bb custom_margin_phone=\u00bb17px||||false|false\u00bb custom_margin_last_edited=\u00bbon|tablet\u00bb text_font_size_tablet=\u00bb\u00bb text_font_size_phone=\u00bb14px\u00bb text_font_size_last_edited=\u00bbon|phone\u00bb text_text_align=\u00bbjustify\u00bb global_colors_info=\u00bb{}\u00bb]<\/p>\n<p>Mart\u00fae Pago Campo de La Guardia, situ\u00e9 \u00e0 La Guardia (Tol\u00e8de) \u00e0 seulement 60 km de ladite ville et \u00e0 80 km de Madrid, est un endroit id\u00e9al o\u00f9 vous pourrez lib\u00e9rer vos sens pour entrer dans le monde du vin. Une multitude de plaisirs qui rendront votre s\u00e9jour inoubliable dans un environnement dont vous finirez par faire partie. \u00c0 Mart\u00fae, vous pourrez, en plus de visiter les installations, d\u00e9guster les vins des trois caves du groupe, chacune avec une personnalit\u00e9 tr\u00e8s d\u00e9finie mais le m\u00eame esprit. Comme point culminant de votre s\u00e9jour, nous vous offrons la possibilit\u00e9 de savourer \u00e0 la fois un ap\u00e9ritif et un repas dans une cave qui, lorsque vous la connaissez, devient peu \u00e0 peu comme chez vous.<\/p>\n<p>La cave Nieva est situ\u00e9e dans la commune de S\u00e9govie du m\u00eame nom, \u00e0 seulement 30 km de S\u00e9govie, dans la petite partie de cette province qui appartient \u00e0 l'Appellation d'Origine Rueda. Le visiteur pourra faire une visite du vignoble et d\u00e9couvrir nos vignes centenaires et les fabuleux sols qui les ont aid\u00e9es \u00e0 r\u00e9sister au Phyllox\u00e9ra, le fl\u00e9au qui a d\u00e9vast\u00e9 le vignoble europ\u00e9en au 19\u00e8me si\u00e8cle. Dans notre cave vous comprendrez, dans un cadre privil\u00e9gi\u00e9, le processus d'\u00e9laboration du vin blanc. Vous d\u00e9gusterez nos vins dans de magnifiques salles, en accord avec notre philosophie d'une ambiance familiale et accueillante.<\/p>\n<p>Au sein de notre \u00abmonde Mart\u00fae\u00bb, il y a un d\u00e9partement d'activit\u00e9s qui est \u00e0 votre disposition pour organiser une journ\u00e9e inoubliable dans l'une de nos caves, depuis la d\u00e9gustation priv\u00e9e \u00e0 l'aveugle jusqu'\u00e0 la pr\u00e9paration d'un repas, en passant par la recherche d'un h\u00e9bergement dans des h\u00f4tels aux alentours appropri\u00e9s \u00e0 l'activit\u00e9 que vous allez exercer, comme organiser des transferts entre les caves ou votre lieu d'origine vers l'une d'elles. Vous pouvez \u00e9tudier la possibilit\u00e9 d'un forfait ferm\u00e9 pour passer une journ\u00e9e ou un week-end inoubliable dans le monde du vin.<\/p>\n<p>&nbsp;<\/p>\n<p>[\/et_pb_text][\/et_pb_column][\/et_pb_row][et_pb_row column_structure=\u00bb1_3,1_3,1_3&#8243; _builder_version=\u00bb4.18.0&#8243; _module_preset=\u00bbdefault\u00bb global_colors_info=\u00bb{}\u00bb][et_pb_column type=\u00bb1_3&#8243; _builder_version=\u00bb4.18.0&#8243; _module_preset=\u00bbdefault\u00bb custom_padding=\u00bb|5px||5px|false|false\u00bb global_colors_info=\u00bb{}\u00bb][et_pb_image src=\u00bbhttps:\/\/martue.com\/wp-content\/uploads\/2025\/04\/cata.jpg\u00bb title_text=\u00bbcata\u00bb _builder_version=\u00bb4.18.0&#8243; _module_preset=\u00bbdefault\u00bb hover_enabled=\u00bb0&#8243; global_colors_info=\u00bb{}\u00bb url=\u00bbhttps:\/\/martue.com\/producto\/chequeregaloeno\/\u00bb sticky_enabled=\u00bb0&#8243;][\/et_pb_image][et_pb_text _builder_version=\u00bb4.18.0&#8243; _module_preset=\u00bbdefault\u00bb custom_padding=\u00bb40px|30px||30px|false|false\u00bb hover_enabled=\u00bb0&#8243; global_colors_info=\u00bb{}\u00bb sticky_enabled=\u00bb0&#8243;]<\/p>\n<p style=\"text-align: center;\"><strong><span>VISITAS EN GRUPO<\/span><\/strong><\/p>\n<p style=\"text-align: center;\">Los viernes y s\u00e1bados a las 11:30h. (siempre y cuando se forme un grupo de un m\u00ednimo de 10 personas)<\/p>\n<p style=\"text-align: center;\"><span>Imprescindible reserva previa.<\/span><\/p>\n<p style=\"text-align: center;\">La duraci\u00f3n aproximada es de 2 horas.<\/p>\n<p style=\"text-align: center;\">El tour incluye una visita empezando en nuestros vi\u00f1edos, explicando todo el proceso del vino, terminado en la casa de la bodega con una cata de tres vinos con aperitivos.<\/p>\n<p style=\"text-align: center;\"><strong>Precio: <\/strong>30\u20ac PAX<\/p>\n<p style=\"text-align: center;\"><span style=\"text-decoration: underline;\"><a href=\"https:\/\/martue.com\/fr\/produit\/chequeregaloeno\/\" title=\"COMPRAR CHEQUE REGALO\">COMPRAR CHEQUE REGALO<\/a><\/span><\/p>\n<p style=\"text-align: center;\"><strong>enoturismo@martue.com<\/strong><\/p>\n<p>[\/et_pb_text][\/et_pb_column][et_pb_column type=\u00bb1_3&#8243; _builder_version=\u00bb4.18.0&#8243; _module_preset=\u00bbdefault\u00bb custom_padding=\u00bb|5px||5px|false|false\u00bb global_colors_info=\u00bb{}\u00bb][et_pb_image src=\u00bbhttps:\/\/martue.com\/wp-content\/uploads\/2025\/04\/wine.jpg\u00bb title_text=\u00bbwine\u00bb _builder_version=\u00bb4.18.0&#8243; _module_preset=\u00bbdefault\u00bb global_colors_info=\u00bb{}\u00bb][\/et_pb_image][et_pb_text _builder_version=\u00bb4.18.0&#8243; _module_preset=\u00bbdefault\u00bb custom_padding=\u00bb40px|30px||30px|false|false\u00bb global_colors_info=\u00bb{}\u00bb]<\/p>\n<p style=\"text-align: center;\"><strong>EVENTOS PRIVADOS Y EMPRESAS<\/strong><\/p>\n<p style=\"text-align: center;\">Es posible reservar nuestras instalaciones para eventos, celebraciones familiares, bodas, eventos de networking, reuniones de empresa, etc.<\/p>\n<p style=\"text-align: center;\"><span>Cons\u00faltanos<\/span><\/p>\n<p style=\"text-align: center;\"><span>enoturismo@martue.com<\/span><\/p>\n<p>[\/et_pb_text][\/et_pb_column][et_pb_column type=\u00bb1_3&#8243; _builder_version=\u00bb4.18.0&#8243; _module_preset=\u00bbdefault\u00bb custom_padding=\u00bb|5px||5px|false|false\u00bb global_colors_info=\u00bb{}\u00bb][et_pb_image src=\u00bbhttps:\/\/martue.com\/wp-content\/uploads\/2025\/04\/mantel.jpg\u00bb title_text=\u00bbmantel\u00bb _builder_version=\u00bb4.18.0&#8243; _module_preset=\u00bbdefault\u00bb global_colors_info=\u00bb{}\u00bb][\/et_pb_image][et_pb_text _builder_version=\u00bb4.18.0&#8243; _module_preset=\u00bbdefault\u00bb custom_padding=\u00bb40px|30px||30px|false|false\u00bb global_colors_info=\u00bb{}\u00bb]<\/p>\n<p style=\"text-align: center;\"><strong>GRUPOS PRIVADOS<\/strong><\/p>\n<p style=\"text-align: center;\">Visitas para grupos privados\u00a0que incluye la visita, cata y comida.<\/p>\n<p style=\"text-align: center;\">La experiencia comienza realizando una visita guiada por nuestra bodega y vi\u00f1edos, continuando con una cata y aperitivo, finalizando con un men\u00fa a elegir entre varias opciones.<\/p>\n<p style=\"text-align: center;\"><strong>Duracion:<\/strong> 4 horas<\/p>\n<p style=\"text-align: center;\"><strong>Precio:<\/strong> Consultar<\/p>\n<p style=\"text-align: center;\">enoturismo@martue.com<\/p>\n<p>[\/et_pb_text][\/et_pb_column][\/et_pb_row][et_pb_row column_structure=\u00bb1_2,1_2&#8243; _builder_version=\u00bb4.18.0&#8243; _module_preset=\u00bbdefault\u00bb global_colors_info=\u00bb{}\u00bb][et_pb_column type=\u00bb1_2&#8243; _builder_version=\u00bb4.18.0&#8243; _module_preset=\u00bbdefault\u00bb global_colors_info=\u00bb{}\u00bb][et_pb_button button_url=\u00bbmailto:enoturismo@martue.com\u00bb url_new_window=\u00bbon\u00bb button_text=\u00bbMAIL ENOTURISMO BODEGAS MART\u00daE\u00bb disabled_on=\u00bbon|on|on\u00bb _builder_version=\u00bb4.18.0&#8243; _module_preset=\u00bbdefault\u00bb custom_margin=\u00bb20px||||false|false\u00bb custom_padding=\u00bb||||false|false\u00bb disabled=\u00bbon\u00bb global_colors_info=\u00bb{}\u00bb][\/et_pb_button][\/et_pb_column][et_pb_column type=\u00bb1_2&#8243; _builder_version=\u00bb4.18.0&#8243; _module_preset=\u00bbdefault\u00bb global_colors_info=\u00bb{}\u00bb][et_pb_button button_url=\u00bbmailto:enoturismo@vinedosdenieva.com\u00bb url_new_window=\u00bbon\u00bb button_text=\u00bbMAIL ENOTURISMO BLANCO NIEVA\u00bb disabled_on=\u00bbon|on|on\u00bb _builder_version=\u00bb4.18.0&#8243; _module_preset=\u00bbdefault\u00bb custom_margin=\u00bb20px||||false|false\u00bb disabled=\u00bbon\u00bb global_colors_info=\u00bb{}\u00bb][\/et_pb_button][\/et_pb_column][\/et_pb_row][et_pb_row column_structure=\u00bb1_2,1_2&#8243; _builder_version=\u00bb4.16&#8243; _module_preset=\u00bbdefault\u00bb global_colors_info=\u00bb{}\u00bb][et_pb_column type=\u00bb1_2&#8243; _builder_version=\u00bb4.16&#8243; _module_preset=\u00bbdefault\u00bb global_colors_info=\u00bb{}\u00bb][et_pb_blurb title=\u00bbMEN\u00daS MART\u00daE\u00bb url=\u00bbhttps:\/\/martue.com\/wp-content\/uploads\/2022\/10\/Martue-Menus-2022.pdf\u00bb url_new_window=\u00bbon\u00bb image=\u00bbhttps:\/\/martue.com\/wp-content\/uploads\/2022\/10\/cocido-2.jpg\u00bb content_max_width=\u00bb450px\u00bb content_tablet=\u00bb<\/p>\n<p><b>La bodega Mart\u00fae ofrece a sus visitantes diferentes actividades gastron\u00f3micas para disfrutar del vino como si estuvieras en tu casa.<\/b><\/p>\n<p><b> <\/b><\/p>\n<p><b> <\/b><\/p>\n<p><b> <\/b><\/p>\n<p>\u00bb content_phone=\u00bb<\/p>\n<p><strong>La bodega Mart\u00fae ofrece a sus visitantes diferentes actividades gastron\u00f3micas para disfrutar del vino como si estuvieras en tu casa.<\/strong><\/p>\n<\/p>\n<\/p>\n<p>\u00bb content_last_edited=\u00bboff|desktop\u00bb disabled_on=\u00bbon|on|on\u00bb _builder_version=\u00bb4.16&#8243; header_level=\u00bbh3&#8243; header_font=\u00bb|700||on|||||\u00bb header_text_align=\u00bbcenter\u00bb header_font_size=\u00bb20px\u00bb text_orientation=\u00bbcenter\u00bb custom_margin=\u00bb||||false|false\u00bb link_option_url=\u00bbhttps:\/\/martue.com\/wp-content\/uploads\/2022\/10\/Martue-Menus-2022.pdf\u00bb link_option_url_new_window=\u00bbon\u00bb body_font_size_tablet=\u00bb\u00bb body_font_size_phone=\u00bb14px\u00bb body_font_size_last_edited=\u00bbon|phone\u00bb disabled=\u00bbon\u00bb locked=\u00bboff\u00bb global_colors_info=\u00bb{}\u00bb]<\/p>\n<p><span style=\"color: #2b2b2b;\">La bodega Mart\u00fae ofrece a sus visitantes diferentes actividades gastron\u00f3micas para disfrutar del vino como si estuvieras en tu casa.<\/span><\/p>\n<p style=\"text-align: center;\"><span style=\"color: #2b2b2b;\"><span style=\"text-decoration: underline;\">Ver precios y opciones<\/span><\/span><\/p>\n<p>&nbsp;<\/p>\n<p>&nbsp;<\/p>\n<p>[\/et_pb_blurb][\/et_pb_column][et_pb_column type=\u00bb1_2&#8243; _builder_version=\u00bb4.16&#8243; _module_preset=\u00bbdefault\u00bb global_colors_info=\u00bb{}\u00bb][et_pb_blurb title=\u00bbMEN\u00daS NIEVA\u00bb url=\u00bbhttps:\/\/martue.com\/wp-content\/uploads\/2022\/10\/Nieva-Menus-2022.pdf\u00bb url_new_window=\u00bbon\u00bb image=\u00bbhttps:\/\/martue.com\/wp-content\/uploads\/2022\/10\/nieva-app1.jpg\u00bb content_max_width=\u00bb450px\u00bb content_tablet=\u00bb<\/p>\n<p><b>En nuestra bodega segoviana se pueden degustar todos nuestros vinos blancos acompa\u00f1ados de los men\u00fas t\u00edpicos de la zona. <\/b><\/p>\n<p>\u00bb content_phone=\u00bb<\/p>\n<p><span style=\"%22color:\" #000000;%22><b>En nuestra bodega segoviana se pueden degustar todos nuestros vinos blancos acompa\u00f1ados de los men\u00fas t\u00edpicos de la zona. <\/b><\/span><\/p>\n<p>\u00bb content_last_edited=\u00bboff|desktop\u00bb disabled_on=\u00bbon|on|on\u00bb _builder_version=\u00bb4.16&#8243; header_level=\u00bbh3&#8243; header_font=\u00bb|700||on|||||\u00bb header_text_align=\u00bbcenter\u00bb header_font_size=\u00bb20px\u00bb text_orientation=\u00bbcenter\u00bb custom_margin=\u00bb||||false|false\u00bb link_option_url=\u00bbhttps:\/\/martue.com\/wp-content\/uploads\/2022\/10\/Nieva-Menus-2022.pdf\u00bb link_option_url_new_window=\u00bbon\u00bb body_font_size_tablet=\u00bb\u00bb body_font_size_phone=\u00bb14px\u00bb body_font_size_last_edited=\u00bbon|phone\u00bb disabled=\u00bbon\u00bb locked=\u00bboff\u00bb global_colors_info=\u00bb{}\u00bb]<\/p>\n<p><span style=\"color: #2b2b2b;\">En nuestra bodega segoviana se pueden degustar todos nuestros vinos blancos acompa\u00f1ados de los men\u00fas t\u00edpicos de la zona.\u00a0<\/span><\/p>\n<p style=\"text-align: center;\"><span style=\"text-decoration: underline;\"><span style=\"color: #2b2b2b;\">Ver precios y opciones<\/span><\/span><\/p>\n<p>&nbsp;<\/p>\n<p>[\/et_pb_blurb][\/et_pb_column][\/et_pb_row][et_pb_row _builder_version=\u00bb4.16&#8243; _module_preset=\u00bbdefault\u00bb global_colors_info=\u00bb{}\u00bb][et_pb_column type=\u00bb4_4&#8243; _builder_version=\u00bb4.16&#8243; _module_preset=\u00bbdefault\u00bb global_colors_info=\u00bb{}\u00bb][et_pb_text disabled_on=\u00bbon|on|on\u00bb _builder_version=\u00bb4.16&#8243; _module_preset=\u00bbdefault\u00bb text_font=\u00bb|800|||||||\u00bb text_font_size=\u00bb25px\u00bb text_orientation=\u00bbcenter\u00bb disabled=\u00bbon\u00bb global_colors_info=\u00bb{}\u00bb]<\/p>\n<p>HAZ TU RESERVA<\/p>\n<p>&nbsp;<\/p>\n<p>[\/et_pb_text][\/et_pb_column][\/et_pb_row][et_pb_row _builder_version=\u00bb4.16&#8243; _module_preset=\u00bbdefault\u00bb global_colors_info=\u00bb{}\u00bb][et_pb_column type=\u00bb4_4&#8243; _builder_version=\u00bb4.16&#8243; _module_preset=\u00bbdefault\u00bb global_colors_info=\u00bb{}\u00bb][et_pb_code disabled_on=\u00bbon|on|on\u00bb _builder_version=\u00bb4.16&#8243; _module_preset=\u00bbdefault\u00bb disabled=\u00bbon\u00bb global_colors_info=\u00bb{}\u00bb][ea_bootstrap][\/et_pb_code][\/et_pb_column][\/et_pb_row][et_pb_row column_structure=\u00bb1_5,3_5,1_5&#8243; disabled_on=\u00bbon|on|on\u00bb _builder_version=\u00bb4.16&#8243; _module_preset=\u00bbdefault\u00bb min_height=\u00bb73px\u00bb disabled=\u00bbon\u00bb global_colors_info=\u00bb{}\u00bb][et_pb_column type=\u00bb1_5&#8243; _builder_version=\u00bb4.16&#8243; _module_preset=\u00bbdefault\u00bb global_colors_info=\u00bb{}\u00bb][\/et_pb_column][et_pb_column type=\u00bb3_5&#8243; _builder_version=\u00bb4.16&#8243; _module_preset=\u00bbdefault\u00bb global_colors_info=\u00bb{}\u00bb][et_pb_code _builder_version=\u00bb4.16&#8243; _module_preset=\u00bbdefault\u00bb text_orientation=\u00bbcenter\u00bb width=\u00bb75%\u00bb module_alignment=\u00bbcenter\u00bb locked=\u00bboff\u00bb global_colors_info=\u00bb{}\u00bb][booking][\/et_pb_code][\/et_pb_column][et_pb_column type=\u00bb1_5&#8243; _builder_version=\u00bb4.16&#8243; _module_preset=\u00bbdefault\u00bb global_colors_info=\u00bb{}\u00bb][\/et_pb_column][\/et_pb_row][\/et_pb_section]<\/p>","protected":false},"excerpt":{"rendered":"<p>EnoturismoEnoturismoMart\u00fae Pago Campo de La Guardia, ubicada en La Guardia (Toledo) a escasos 60 Km de dicha ciudad y a 80 Km de Madrid, es un lugar id\u00f3neo donde puedes liberar tus sentidos para adentrarte en el mundo del vino. Todo un c\u00famulo de placeres que har\u00e1n una estancia inolvidable dentro de un entorno en [&hellip;]<\/p>","protected":false},"author":398,"featured_media":0,"parent":0,"menu_order":0,"comment_status":"closed","ping_status":"closed","template":"","meta":{"_et_pb_use_builder":"on","_et_pb_old_content":"","_et_gb_content_width":"","om_disable_all_campaigns":false,"_joinchat":[],"footnotes":""},"class_list":["post-255","page","type-page","status-publish","hentry"],"yoast_head":"<!-- This site is optimized with the Yoast SEO plugin v24.1 - https:\/\/yoast.com\/wordpress\/plugins\/seo\/ -->\n<title>Enoturismo - Bodegas Mart\u00fae - Pago Campo de la Guardia<\/title>\n<meta name=\"description\" content=\"Dentro de nuestro mundo Mart\u00fae existe un Departamento de Actividades que esta a t\u00fa disposici\u00f3n para organizarte un d\u00eda inolvidable en cualquiera de nuestras bodegas, desde la celebraci\u00f3n de una cata privada a ciegas como preparar una comida, as\u00ed como localizarte alojamiento en hoteles de los alrededores adecuados a la actividad que vayas a desarrollar, como organizaci\u00f3n de traslados entre las bodegas o tu lugar de origen hasta cualquiera de las mismas. Se puede estudiar la posibilidad de un pack cerrado para hacer un d\u00eda o un fin de semana inolvidable en el mundo del vino.\" \/>\n<meta name=\"robots\" content=\"index, follow, max-snippet:-1, max-image-preview:large, max-video-preview:-1\" \/>\n<link rel=\"canonical\" href=\"https:\/\/martue.com\/fr\/enoturismo\/\" \/>\n<meta property=\"og:locale\" content=\"fr_FR\" \/>\n<meta property=\"og:type\" content=\"article\" \/>\n<meta property=\"og:title\" content=\"Enoturismo - Bodegas Mart\u00fae - Pago Campo de la Guardia\" \/>\n<meta property=\"og:description\" content=\"Dentro de nuestro mundo Mart\u00fae existe un Departamento de Actividades que esta a t\u00fa disposici\u00f3n para organizarte un d\u00eda inolvidable en cualquiera de nuestras bodegas, desde la celebraci\u00f3n de una cata privada a ciegas como preparar una comida, as\u00ed como localizarte alojamiento en hoteles de los alrededores adecuados a la actividad que vayas a desarrollar, como organizaci\u00f3n de traslados entre las bodegas o tu lugar de origen hasta cualquiera de las mismas. Se puede estudiar la posibilidad de un pack cerrado para hacer un d\u00eda o un fin de semana inolvidable en el mundo del vino.\" \/>\n<meta property=\"og:url\" content=\"https:\/\/martue.com\/fr\/enoturismo\/\" \/>\n<meta property=\"og:site_name\" content=\"Bodegas Mart\u00fae - Pago Campo de la Guardia\" \/>\n<meta property=\"article:modified_time\" content=\"2025-05-08T19:11:49+00:00\" \/>\n<meta name=\"twitter:card\" content=\"summary_large_image\" \/>\n<meta name=\"twitter:label1\" content=\"Dur\u00e9e de lecture estim\u00e9e\" \/>\n\t<meta name=\"twitter:data1\" content=\"3 minutes\" \/>\n<script type=\"application\/ld+json\" class=\"yoast-schema-graph\">{\"@context\":\"https:\/\/schema.org\",\"@graph\":[{\"@type\":\"WebPage\",\"@id\":\"https:\/\/martue.com\/enoturismo\/\",\"url\":\"https:\/\/martue.com\/enoturismo\/\",\"name\":\"Enoturismo - Bodegas Mart\u00fae - Pago Campo de la Guardia\",\"isPartOf\":{\"@id\":\"https:\/\/martue.com\/#website\"},\"datePublished\":\"2019-02-06T16:20:22+00:00\",\"dateModified\":\"2025-05-08T19:11:49+00:00\",\"description\":\"Dentro de nuestro mundo Mart\u00fae existe un Departamento de Actividades que esta a t\u00fa disposici\u00f3n para organizarte un d\u00eda inolvidable en cualquiera de nuestras bodegas, desde la celebraci\u00f3n de una cata privada a ciegas como preparar una comida, as\u00ed como localizarte alojamiento en hoteles de los alrededores adecuados a la actividad que vayas a desarrollar, como organizaci\u00f3n de traslados entre las bodegas o tu lugar de origen hasta cualquiera de las mismas. Se puede estudiar la posibilidad de un pack cerrado para hacer un d\u00eda o un fin de semana inolvidable en el mundo del vino.\",\"breadcrumb\":{\"@id\":\"https:\/\/martue.com\/enoturismo\/#breadcrumb\"},\"inLanguage\":\"fr-FR\",\"potentialAction\":[{\"@type\":\"ReadAction\",\"target\":[\"https:\/\/martue.com\/enoturismo\/\"]}]},{\"@type\":\"BreadcrumbList\",\"@id\":\"https:\/\/martue.com\/enoturismo\/#breadcrumb\",\"itemListElement\":[{\"@type\":\"ListItem\",\"position\":1,\"name\":\"Portada\",\"item\":\"https:\/\/martue.com\/\"},{\"@type\":\"ListItem\",\"position\":2,\"name\":\"Enoturismo\"}]},{\"@type\":\"WebSite\",\"@id\":\"https:\/\/martue.com\/#website\",\"url\":\"https:\/\/martue.com\/\",\"name\":\"Bodegas Mart\u00fae - Pago Campo de la Guardia\",\"description\":\"VINO DE PAGO CAMPO DE LA GUARDIA Es la m\u00e1xima calificaci\u00f3n que contempla la legislaci\u00f3n espa\u00f1ola en materia vitivin\u00edcola, por encima de la Denominaci\u00f3n de Origen.\",\"potentialAction\":[{\"@type\":\"SearchAction\",\"target\":{\"@type\":\"EntryPoint\",\"urlTemplate\":\"https:\/\/martue.com\/?s={search_term_string}\"},\"query-input\":{\"@type\":\"PropertyValueSpecification\",\"valueRequired\":true,\"valueName\":\"search_term_string\"}}],\"inLanguage\":\"fr-FR\"}]}<\/script>\n<!-- \/ Yoast SEO plugin. -->","yoast_head_json":{"title":"Enoturismo - Bodegas Mart\u00fae - Pago Campo de la Guardia","description":"Dentro de nuestro mundo Mart\u00fae existe un Departamento de Actividades que esta a t\u00fa disposici\u00f3n para organizarte un d\u00eda inolvidable en cualquiera de nuestras bodegas, desde la celebraci\u00f3n de una cata privada a ciegas como preparar una comida, as\u00ed como localizarte alojamiento en hoteles de los alrededores adecuados a la actividad que vayas a desarrollar, como organizaci\u00f3n de traslados entre las bodegas o tu lugar de origen hasta cualquiera de las mismas. Se puede estudiar la posibilidad de un pack cerrado para hacer un d\u00eda o un fin de semana inolvidable en el mundo del vino.","robots":{"index":"index","follow":"follow","max-snippet":"max-snippet:-1","max-image-preview":"max-image-preview:large","max-video-preview":"max-video-preview:-1"},"canonical":"https:\/\/martue.com\/fr\/enoturismo\/","og_locale":"fr_FR","og_type":"article","og_title":"Enoturismo - Bodegas Mart\u00fae - Pago Campo de la Guardia","og_description":"Dentro de nuestro mundo Mart\u00fae existe un Departamento de Actividades que esta a t\u00fa disposici\u00f3n para organizarte un d\u00eda inolvidable en cualquiera de nuestras bodegas, desde la celebraci\u00f3n de una cata privada a ciegas como preparar una comida, as\u00ed como localizarte alojamiento en hoteles de los alrededores adecuados a la actividad que vayas a desarrollar, como organizaci\u00f3n de traslados entre las bodegas o tu lugar de origen hasta cualquiera de las mismas. Se puede estudiar la posibilidad de un pack cerrado para hacer un d\u00eda o un fin de semana inolvidable en el mundo del vino.","og_url":"https:\/\/martue.com\/fr\/enoturismo\/","og_site_name":"Bodegas Mart\u00fae - Pago Campo de la Guardia","article_modified_time":"2025-05-08T19:11:49+00:00","twitter_card":"summary_large_image","twitter_misc":{"Dur\u00e9e de lecture estim\u00e9e":"3 minutes"},"schema":{"@context":"https:\/\/schema.org","@graph":[{"@type":"WebPage","@id":"https:\/\/martue.com\/enoturismo\/","url":"https:\/\/martue.com\/enoturismo\/","name":"Enoturismo - Bodegas Mart\u00fae - Pago Campo de la Guardia","isPartOf":{"@id":"https:\/\/martue.com\/#website"},"datePublished":"2019-02-06T16:20:22+00:00","dateModified":"2025-05-08T19:11:49+00:00","description":"Dentro de nuestro mundo Mart\u00fae existe un Departamento de Actividades que esta a t\u00fa disposici\u00f3n para organizarte un d\u00eda inolvidable en cualquiera de nuestras bodegas, desde la celebraci\u00f3n de una cata privada a ciegas como preparar una comida, as\u00ed como localizarte alojamiento en hoteles de los alrededores adecuados a la actividad que vayas a desarrollar, como organizaci\u00f3n de traslados entre las bodegas o tu lugar de origen hasta cualquiera de las mismas. Se puede estudiar la posibilidad de un pack cerrado para hacer un d\u00eda o un fin de semana inolvidable en el mundo del vino.","breadcrumb":{"@id":"https:\/\/martue.com\/enoturismo\/#breadcrumb"},"inLanguage":"fr-FR","potentialAction":[{"@type":"ReadAction","target":["https:\/\/martue.com\/enoturismo\/"]}]},{"@type":"BreadcrumbList","@id":"https:\/\/martue.com\/enoturismo\/#breadcrumb","itemListElement":[{"@type":"ListItem","position":1,"name":"Portada","item":"https:\/\/martue.com\/"},{"@type":"ListItem","position":2,"name":"Enoturismo"}]},{"@type":"WebSite","@id":"https:\/\/martue.com\/#website","url":"https:\/\/martue.com\/","name":"Bodegas Mart\u00fae - Pago Campo de la Guardia","description":"VINO DE PAGO CAMPO DE LA GUARDIA Es la m\u00e1xima calificaci\u00f3n que contempla la legislaci\u00f3n espa\u00f1ola en materia vitivin\u00edcola, por encima de la Denominaci\u00f3n de Origen.","potentialAction":[{"@type":"SearchAction","target":{"@type":"EntryPoint","urlTemplate":"https:\/\/martue.com\/?s={search_term_string}"},"query-input":{"@type":"PropertyValueSpecification","valueRequired":true,"valueName":"search_term_string"}}],"inLanguage":"fr-FR"}]}},"_links":{"self":[{"href":"https:\/\/martue.com\/fr\/wp-json\/wp\/v2\/pages\/255","targetHints":{"allow":["GET"]}}],"collection":[{"href":"https:\/\/martue.com\/fr\/wp-json\/wp\/v2\/pages"}],"about":[{"href":"https:\/\/martue.com\/fr\/wp-json\/wp\/v2\/types\/page"}],"author":[{"embeddable":true,"href":"https:\/\/martue.com\/fr\/wp-json\/wp\/v2\/users\/398"}],"replies":[{"embeddable":true,"href":"https:\/\/martue.com\/fr\/wp-json\/wp\/v2\/comments?post=255"}],"version-history":[{"count":26,"href":"https:\/\/martue.com\/fr\/wp-json\/wp\/v2\/pages\/255\/revisions"}],"predecessor-version":[{"id":16933,"href":"https:\/\/martue.com\/fr\/wp-json\/wp\/v2\/pages\/255\/revisions\/16933"}],"wp:attachment":[{"href":"https:\/\/martue.com\/fr\/wp-json\/wp\/v2\/media?parent=255"}],"curies":[{"name":"wp","href":"https:\/\/api.w.org\/{rel}","templated":true}]}}