{"id":278,"date":"2019-02-06T17:28:52","date_gmt":"2019-02-06T16:28:52","guid":{"rendered":"http:\/\/s772331608.mialojamiento.es\/wordpress\/?page_id=278"},"modified":"2026-03-06T13:09:41","modified_gmt":"2026-03-06T12:09:41","slug":"vinos","status":"publish","type":"page","link":"https:\/\/martue.com\/fr\/vinos\/","title":{"rendered":"Vinos"},"content":{"rendered":"<p>[et_pb_section fb_built=\u00bb1&#8243; _builder_version=\u00bb4.16&#8243; global_colors_info=\u00bb{}\u00bb][et_pb_row make_equal=\u00bbon\u00bb custom_padding_last_edited=\u00bbon|phone\u00bb disabled_on=\u00bboff|off|off\u00bb module_class=\u00bb et_pb_row_fullwidth\u00bb _builder_version=\u00bb4.16&#8243; width=\u00bb90%\u00bb width_tablet=\u00bb80%\u00bb width_phone=\u00bb95%\u00bb width_last_edited=\u00bbon|desktop\u00bb max_width=\u00bb89%\u00bb max_width_tablet=\u00bb80%\u00bb max_width_phone=\u00bb95%\u00bb max_width_last_edited=\u00bbon|desktop\u00bb custom_margin=\u00bb0px||||false|false\u00bb custom_padding_tablet=\u00bb\u00bb custom_padding_phone=\u00bb0px||||false|false\u00bb make_fullwidth=\u00bbon\u00bb global_colors_info=\u00bb{}\u00bb][et_pb_column type=\u00bb4_4&#8243; _builder_version=\u00bb4.16&#8243; custom_padding=\u00bb|||\u00bb global_colors_info=\u00bb{}\u00bb custom_padding__hover=\u00bb|||\u00bb][et_pb_button button_url=\u00bbhttps:\/\/martue.com\/mi-cuenta\/\u00bb button_text=\u00bbMi cuenta\u00bb disabled_on=\u00bbon|on|on\u00bb _builder_version=\u00bb4.18.0&#8243; custom_margin=\u00bb||||false|false\u00bb custom_margin_tablet=\u00bb||0%||false|false\u00bb custom_margin_phone=\u00bb\u00bb custom_margin_last_edited=\u00bbon|tablet\u00bb custom_padding=\u00bb||||false|false\u00bb disabled=\u00bbon\u00bb global_colors_info=\u00bb{}\u00bb][\/et_pb_button][et_pb_shop posts_number=\u00bb16&#8243; columns_number=\u00bb4&#8243; orderby=\u00bbmenu_order\u00bb sale_badge_color=\u00bb#930514&#8243; hover_icon=\u00bb&#xe033;||divi||400&#8243; disabled_on=\u00bboff|off|off\u00bb admin_label=\u00bbTienda\u00bb _builder_version=\u00bb4.18.0&#8243; title_font=\u00bbABeeZee|||on|||||\u00bb title_font_size=\u00bb18px\u00bb title_line_height=\u00bb1.1em\u00bb price_font=\u00bbABeeZee||||||||\u00bb price_text_color=\u00bb#000000&#8243; price_font_size=\u00bb16px\u00bb sale_badge_font=\u00bb||||||||\u00bb positioning=\u00bbrelative\u00bb position_origin_f=\u00bbbottom_center\u00bb horizontal_offset=\u00bb0px\u00bb text_orientation=\u00bbcenter\u00bb width=\u00bb100%\u00bb min_height=\u00bb1100px\u00bb custom_margin=\u00bb0px||||false|false\u00bb custom_padding=\u00bb20px||0px||false|false\u00bb title_font_size_tablet=\u00bb\u00bb title_font_size_phone=\u00bb13px\u00bb title_font_size_last_edited=\u00bbon|phone\u00bb price_font_size_tablet=\u00bb\u00bb price_font_size_phone=\u00bb10px\u00bb price_font_size_last_edited=\u00bbon|phone\u00bb price_line_height_tablet=\u00bb\u00bb price_line_height_phone=\u00bb5px\u00bb price_line_height_last_edited=\u00bbon|phone\u00bb custom_css_image=\u00bbds-vertical-align\u00bb sale_badge_text_shadow_style=\u00bbpreset1&#8243; sale_badge_text_shadow_color=\u00bb#222222&#8243; border_width_all_sale_badge=\u00bb3px\u00bb border_color_all_sale_badge=\u00bb#222222&#8243; locked=\u00bboff\u00bb global_colors_info=\u00bb{}\u00bb price_text_color__hover_enabled=\u00bboff|desktop\u00bb]<br \/>\n[\/et_pb_shop][\/et_pb_column][\/et_pb_row][\/et_pb_section]<\/p>","protected":false},"excerpt":{"rendered":"","protected":false},"author":398,"featured_media":0,"parent":0,"menu_order":0,"comment_status":"closed","ping_status":"closed","template":"","meta":{"_et_pb_use_builder":"on","_et_pb_old_content":"","_et_gb_content_width":"","om_disable_all_campaigns":false,"_joinchat":[],"footnotes":""},"class_list":["post-278","page","type-page","status-publish","hentry"],"yoast_head":"<!-- This site is optimized with the Yoast SEO plugin v24.1 - https:\/\/yoast.com\/wordpress\/plugins\/seo\/ -->\n<title>Vinos - Bodegas Mart\u00fae - Pago Campo de la Guardia<\/title>\n<meta name=\"robots\" content=\"index, follow, max-snippet:-1, max-image-preview:large, max-video-preview:-1\" \/>\n<link rel=\"canonical\" href=\"https:\/\/martue.com\/fr\/vinos\/\" \/>\n<meta property=\"og:locale\" content=\"fr_FR\" \/>\n<meta property=\"og:type\" content=\"article\" \/>\n<meta property=\"og:title\" content=\"Vinos - Bodegas Mart\u00fae - Pago Campo de la Guardia\" \/>\n<meta property=\"og:url\" content=\"https:\/\/martue.com\/fr\/vinos\/\" \/>\n<meta property=\"og:site_name\" content=\"Bodegas Mart\u00fae - Pago Campo de la Guardia\" \/>\n<meta property=\"article:modified_time\" content=\"2026-03-06T12:09:41+00:00\" \/>\n<meta name=\"twitter:card\" content=\"summary_large_image\" \/>\n<meta name=\"twitter:label1\" content=\"Dur\u00e9e de lecture estim\u00e9e\" \/>\n\t<meta name=\"twitter:data1\" content=\"2 minutes\" \/>\n<script type=\"application\/ld+json\" class=\"yoast-schema-graph\">{\"@context\":\"https:\/\/schema.org\",\"@graph\":[{\"@type\":\"WebPage\",\"@id\":\"https:\/\/martue.com\/vinos\/\",\"url\":\"https:\/\/martue.com\/vinos\/\",\"name\":\"Vinos - Bodegas Mart\u00fae - Pago Campo de la Guardia\",\"isPartOf\":{\"@id\":\"https:\/\/martue.com\/#website\"},\"datePublished\":\"2019-02-06T16:28:52+00:00\",\"dateModified\":\"2026-03-06T12:09:41+00:00\",\"breadcrumb\":{\"@id\":\"https:\/\/martue.com\/vinos\/#breadcrumb\"},\"inLanguage\":\"fr-FR\",\"potentialAction\":[{\"@type\":\"ReadAction\",\"target\":[\"https:\/\/martue.com\/vinos\/\"]}]},{\"@type\":\"BreadcrumbList\",\"@id\":\"https:\/\/martue.com\/vinos\/#breadcrumb\",\"itemListElement\":[{\"@type\":\"ListItem\",\"position\":1,\"name\":\"Portada\",\"item\":\"https:\/\/martue.com\/\"},{\"@type\":\"ListItem\",\"position\":2,\"name\":\"Vinos\"}]},{\"@type\":\"WebSite\",\"@id\":\"https:\/\/martue.com\/#website\",\"url\":\"https:\/\/martue.com\/\",\"name\":\"Bodegas Mart\u00fae - Pago Campo de la Guardia\",\"description\":\"VINO DE PAGO CAMPO DE LA GUARDIA Es la m\u00e1xima calificaci\u00f3n que contempla la legislaci\u00f3n espa\u00f1ola en materia vitivin\u00edcola, por encima de la Denominaci\u00f3n de Origen.\",\"potentialAction\":[{\"@type\":\"SearchAction\",\"target\":{\"@type\":\"EntryPoint\",\"urlTemplate\":\"https:\/\/martue.com\/?s={search_term_string}\"},\"query-input\":{\"@type\":\"PropertyValueSpecification\",\"valueRequired\":true,\"valueName\":\"search_term_string\"}}],\"inLanguage\":\"fr-FR\"}]}<\/script>\n<!-- \/ Yoast SEO plugin. -->","yoast_head_json":{"title":"Vinos - Bodegas Mart\u00fae - Pago Campo de la Guardia","robots":{"index":"index","follow":"follow","max-snippet":"max-snippet:-1","max-image-preview":"max-image-preview:large","max-video-preview":"max-video-preview:-1"},"canonical":"https:\/\/martue.com\/fr\/vinos\/","og_locale":"fr_FR","og_type":"article","og_title":"Vinos - Bodegas Mart\u00fae - Pago Campo de la Guardia","og_url":"https:\/\/martue.com\/fr\/vinos\/","og_site_name":"Bodegas Mart\u00fae - Pago Campo de la Guardia","article_modified_time":"2026-03-06T12:09:41+00:00","twitter_card":"summary_large_image","twitter_misc":{"Dur\u00e9e de lecture estim\u00e9e":"2 minutes"},"schema":{"@context":"https:\/\/schema.org","@graph":[{"@type":"WebPage","@id":"https:\/\/martue.com\/vinos\/","url":"https:\/\/martue.com\/vinos\/","name":"Vinos - Bodegas Mart\u00fae - Pago Campo de la Guardia","isPartOf":{"@id":"https:\/\/martue.com\/#website"},"datePublished":"2019-02-06T16:28:52+00:00","dateModified":"2026-03-06T12:09:41+00:00","breadcrumb":{"@id":"https:\/\/martue.com\/vinos\/#breadcrumb"},"inLanguage":"fr-FR","potentialAction":[{"@type":"ReadAction","target":["https:\/\/martue.com\/vinos\/"]}]},{"@type":"BreadcrumbList","@id":"https:\/\/martue.com\/vinos\/#breadcrumb","itemListElement":[{"@type":"ListItem","position":1,"name":"Portada","item":"https:\/\/martue.com\/"},{"@type":"ListItem","position":2,"name":"Vinos"}]},{"@type":"WebSite","@id":"https:\/\/martue.com\/#website","url":"https:\/\/martue.com\/","name":"Bodegas Mart\u00fae - Pago Campo de la Guardia","description":"VINO DE PAGO CAMPO DE LA GUARDIA Es la m\u00e1xima calificaci\u00f3n que contempla la legislaci\u00f3n espa\u00f1ola en materia vitivin\u00edcola, por encima de la Denominaci\u00f3n de Origen.","potentialAction":[{"@type":"SearchAction","target":{"@type":"EntryPoint","urlTemplate":"https:\/\/martue.com\/?s={search_term_string}"},"query-input":{"@type":"PropertyValueSpecification","valueRequired":true,"valueName":"search_term_string"}}],"inLanguage":"fr-FR"}]}},"_links":{"self":[{"href":"https:\/\/martue.com\/fr\/wp-json\/wp\/v2\/pages\/278","targetHints":{"allow":["GET"]}}],"collection":[{"href":"https:\/\/martue.com\/fr\/wp-json\/wp\/v2\/pages"}],"about":[{"href":"https:\/\/martue.com\/fr\/wp-json\/wp\/v2\/types\/page"}],"author":[{"embeddable":true,"href":"https:\/\/martue.com\/fr\/wp-json\/wp\/v2\/users\/398"}],"replies":[{"embeddable":true,"href":"https:\/\/martue.com\/fr\/wp-json\/wp\/v2\/comments?post=278"}],"version-history":[{"count":22,"href":"https:\/\/martue.com\/fr\/wp-json\/wp\/v2\/pages\/278\/revisions"}],"predecessor-version":[{"id":17425,"href":"https:\/\/martue.com\/fr\/wp-json\/wp\/v2\/pages\/278\/revisions\/17425"}],"wp:attachment":[{"href":"https:\/\/martue.com\/fr\/wp-json\/wp\/v2\/media?parent=278"}],"curies":[{"name":"wp","href":"https:\/\/api.w.org\/{rel}","templated":true}]}}