{"id":288,"date":"2019-02-06T17:37:19","date_gmt":"2019-02-06T16:37:19","guid":{"rendered":"http:\/\/s772331608.mialojamiento.es\/wordpress\/?page_id=288"},"modified":"2022-03-14T17:47:07","modified_gmt":"2022-03-14T16:47:07","slug":"la-finca-martue","status":"publish","type":"page","link":"https:\/\/martue.com\/fr\/la-finca-martue\/","title":{"rendered":"Le Pago"},"content":{"rendered":"<p>[et_pb_section fb_built=\u00bb1&#8243; _builder_version=\u00bb3.22&#8243; custom_margin=\u00bb-10%||0px\u00bb custom_padding=\u00bb12px||0px\u00bb][et_pb_row module_class=\u00bb et_pb_row_fullwidth\u00bb _builder_version=\u00bb3.25&#8243; background_size=\u00bbinitial\u00bb background_position=\u00bbtop_left\u00bb background_repeat=\u00bbrepeat\u00bb width_tablet=\u00bb100%\u00bb width_phone=\u00bb\u00bb width_last_edited=\u00bbon|desktop\u00bb max_width=\u00bb100%\u00bb max_width_tablet=\u00bb100%\u00bb max_width_phone=\u00bb\u00bb max_width_last_edited=\u00bbon|desktop\u00bb make_fullwidth=\u00bbon\u00bb][et_pb_column type=\u00bb4_4&#8243; _builder_version=\u00bb3.25&#8243; custom_padding=\u00bb|||\u00bb custom_padding__hover=\u00bb|||\u00bb][et_pb_slider _builder_version=\u00bb4.5.8&#8243; height=\u00bbauto\u00bb height_tablet=\u00bb\u00bb height_phone=\u00bb450px\u00bb height_last_edited=\u00bbon|phone\u00bb custom_margin=\u00bb-45px||\u00bb custom_margin_tablet=\u00bb\u00bb custom_margin_phone=\u00bb-80px||||false|false\u00bb custom_margin_last_edited=\u00bbon|phone\u00bb custom_padding=\u00bb180px||\u00bb hover_enabled=\u00bb0&#8243;][et_pb_slide use_bg_overlay=\u00bboff\u00bb _builder_version=\u00bb4.5.8&#8243; body_font=\u00bb||||||||\u00bb background_color=\u00bbrgba(126,190,197,0)\u00bb background_image=\u00bbhttps:\/\/martue.com\/wp-content\/uploads\/2021\/01\/A042_C005_20180526_R00346-scaled.jpg\u00bb background_enable_image=\u00bbon\u00bb custom_padding=\u00bb||\u00bb]<\/p>\n<p>&nbsp;<\/p>\n<p>&nbsp;<\/p>\n<p>&nbsp;<\/p>\n<p>&nbsp;<\/p>\n<p>&nbsp;<\/p>\n<p>&nbsp;<\/p>\n<p>[\/et_pb_slide][et_pb_slide _builder_version=\u00bb3.17.6&#8243; background_color=\u00bbrgba(126,190,197,0)\u00bb background_image=\u00bbhttps:\/\/www.martue.com\/wp-content\/uploads\/2018\/11\/finca-martue-5.jpg\u00bb][\/et_pb_slide][et_pb_slide _builder_version=\u00bb3.17.6&#8243; background_color=\u00bbrgba(126,190,197,0)\u00bb background_image=\u00bbhttps:\/\/www.martue.com\/wp-content\/uploads\/skin\/pages\/slider\/martue\/finca\/finca-martue-4.jpg\u00bb][\/et_pb_slide][\/et_pb_slider][et_pb_text content_tablet=\u00bb<\/p>\n<div class=\"%22col-md-12%22\" style=\"%22text-align:\" justify;%22>\n<p class=\"%22martue-category-text%22\"><strong>Le vignoble Mart\u00fae est situ\u00e9 \u00e0 La Guardia de Toledo, une zone offrant d'excellentes conditions environnementales pour la production de vins de haute qualit\u00e9.\nDomaine Campo Martuela : 30 hectares. C'est la premi\u00e8re parcelle plant\u00e9e en 1990. Tempranillo, Cabernet Sauvignon, Petit Verdot, Merlot et Syrah ont \u00e9t\u00e9 choisis.<\/strong><\/p>\n<p><strong>Finca El Casar : D'une superficie de 51 hectares, elle a suivi en 2000 la pr\u00e9c\u00e9dente en plantant les m\u00eames c\u00e9pages rouges (Cabernet Sauvignon, Merlot, Syrah, Tempranillo et Petit Verdot), en plus du nouveau Malbec et du Chardonnay blanc raisin.<\/strong><\/p>\n<p><strong>VINO DE PAGO est la plus haute qualification pr\u00e9vue par la l\u00e9gislation espagnole en mati\u00e8re de vin, au-dessus de l'Appellation d'Origine. Le concept de Pago appliqu\u00e9 au vin fait r\u00e9f\u00e9rence \u00e0 un vignoble situ\u00e9 dans une enclave particuli\u00e8re, avec des sols uniques et un climat privil\u00e9gi\u00e9 qui conf\u00e8re au vin des qualit\u00e9s uniques. Seules quinze caves en Espagne poss\u00e8dent cette distinction.<span style=\"%22font-size:\" 14px;%22> <\/span><\/strong><\/p>\n<\/div>\n<p>\u00bb content_phone=\u00bb<\/p>\n<div class=\"%22col-md-12%22\" style=\"%22text-align:\" justify;%22>\n<p class=\"%22martue-category-text%22\"><strong>Le vignoble Mart\u00fae est situ\u00e9 \u00e0 La Guardia de Toledo, une zone offrant d'excellentes conditions environnementales pour la production de vins de haute qualit\u00e9.\nDomaine Campo Martuela : 30 hectares. C'est la premi\u00e8re parcelle plant\u00e9e en 1990. Tempranillo, Cabernet Sauvignon, Petit Verdot, Merlot et Syrah ont \u00e9t\u00e9 choisis.<\/strong><\/p>\n<p><strong>Finca El Casar : D'une superficie de 51 hectares, elle a suivi en 2000 la pr\u00e9c\u00e9dente en plantant les m\u00eames c\u00e9pages rouges (Cabernet Sauvignon, Merlot, Syrah, Tempranillo et Petit Verdot), en plus du nouveau Malbec et du Chardonnay blanc raisin.<\/strong><\/p>\n<p><strong>VINO DE PAGO est la plus haute qualification pr\u00e9vue par la l\u00e9gislation espagnole en mati\u00e8re de vin, au-dessus de l'Appellation d'Origine. Le concept de Pago appliqu\u00e9 au vin fait r\u00e9f\u00e9rence \u00e0 un vignoble situ\u00e9 dans une enclave particuli\u00e8re, avec des sols uniques et un climat privil\u00e9gi\u00e9 qui conf\u00e8re au vin des qualit\u00e9s uniques. Seules quinze caves en Espagne poss\u00e8dent cette distinction.<span style=\"%22font-size:\" 14px;%22> <\/span><\/strong><\/p>\n<\/div>\n<p>\u00bb content_last_edited=\u00bbon|tablet\u00bb _builder_version=\u00bb4.5.8&#8243; text_font=\u00bb||||||||\u00bb text_font_size=\u00bb19px\u00bb header_font=\u00bb||||||||\u00bb custom_padding=\u00bb3%|8%|3%|8%|true|true\u00bb text_font_size_tablet=\u00bb\u00bb text_font_size_phone=\u00bb14px\u00bb text_font_size_last_edited=\u00bbon|phone\u00bb]<\/p>\n<div class=\"col-md-12\" style=\"text-align: justify;\">\n<p class=\"martue-category-text\">Le vignoble Mart\u00fae est situ\u00e9 \u00e0 La Guardia de Toledo, une zone offrant d'excellentes conditions environnementales pour la production de vins de haute qualit\u00e9.\nDomaine Campo Martuela : 30 hectares. C'est la premi\u00e8re parcelle plant\u00e9e en 1990. Tempranillo, Cabernet Sauvignon, Petit Verdot, Merlot et Syrah ont \u00e9t\u00e9 choisis.<\/p>\n<p>Finca El Casar : D'une superficie de 51 hectares, elle a suivi en 2000 la pr\u00e9c\u00e9dente en plantant les m\u00eames c\u00e9pages rouges (Cabernet Sauvignon, Merlot, Syrah, Tempranillo et Petit Verdot), en plus du nouveau Malbec et du Chardonnay blanc raisin.<\/p>\n<p>VINO DE PAGO est la plus haute qualification pr\u00e9vue par la l\u00e9gislation espagnole en mati\u00e8re de vin, au-dessus de l'Appellation d'Origine. Le concept de Pago appliqu\u00e9 au vin fait r\u00e9f\u00e9rence \u00e0 un vignoble situ\u00e9 dans une enclave particuli\u00e8re, avec des sols uniques et un climat privil\u00e9gi\u00e9 qui conf\u00e8re au vin des qualit\u00e9s uniques. Seules quinze caves en Espagne poss\u00e8dent cette distinction.<span style=\"font-size: 14px;\">\u00a0<\/span><\/p>\n<\/div>\n<p>[\/et_pb_text][et_pb_text _builder_version=\u00bb4.5.8&#8243; text_font=\u00bb||||||||\u00bb header_font=\u00bb||||||||\u00bb text_orientation=\u00bbcenter\u00bb]<\/p>\n<div class=\"ma-upsellslider-title\">\n<h2><strong>Tu pourrais aussi aimer<\/strong><\/h2>\n<\/div>\n<p>[\/et_pb_text][\/et_pb_column][\/et_pb_row][et_pb_row column_structure=\u00bb1_3,1_3,1_3&#8243; make_equal=\u00bbon\u00bb module_class=\u00bb et_pb_row_fullwidth\u00bb _builder_version=\u00bb4.5.8&#8243; background_color=\u00bb#ffffff\u00bb width=\u00bb89%\u00bb width_tablet=\u00bb80%\u00bb width_phone=\u00bb\u00bb width_last_edited=\u00bbon|desktop\u00bb max_width=\u00bb89%\u00bb max_width_tablet=\u00bb80%\u00bb max_width_phone=\u00bb\u00bb max_width_last_edited=\u00bbon|desktop\u00bb custom_margin=\u00bb|auto||auto|false|false\u00bb make_fullwidth=\u00bbon\u00bb][et_pb_column type=\u00bb1_3&#8243; _builder_version=\u00bb3.25&#8243; custom_padding=\u00bb|||\u00bb custom_padding__hover=\u00bb|||\u00bb][et_pb_blurb title=\u00bbHistoria de Mart\u00fae\u00bb image=\u00bbhttps:\/\/www.martue.com\/wp-content\/uploads\/skin\/pages\/grid\/martue\/finca\/martue-la-familia.jpg\u00bb content_max_width=\u00bb405px\u00bb content_tablet=\u00bb<\/p>\n<p><strong><span style=\"%22color:\" #2b2b2b;%22>L'histoire est n\u00e9e d'un homme avec un r\u00eave et une capacit\u00e9 : unir les r\u00eaves et rassembler un groupe de personnes capables de bouleverser une r\u00e9gion, Castilla La Mancha. Les vignobles Mart\u00fae sont situ\u00e9s \u00e0 La Guardia de Toledo.<\/span><\/strong><\/p>\n<\/p>\n<p>\u00bb content_phone=\u00bb<\/p>\n<p><strong><span style=\"%22color:\" #2b2b2b;%22>L'histoire est n\u00e9e d'un homme avec un r\u00eave et une capacit\u00e9 : unir les r\u00eaves et rassembler un groupe de personnes capables de bouleverser une r\u00e9gion, Castilla La Mancha. Les vignobles Mart\u00fae sont situ\u00e9s \u00e0 La Guardia de Toledo.<\/span><\/strong><\/p>\n<\/p>\n<p>\u00bb content_last_edited=\u00bbon|tablet\u00bb _builder_version=\u00bb4.5.8&#8243; header_font=\u00bb|700||on|||||\u00bb header_text_align=\u00bbcenter\u00bb body_font=\u00bb||||||||\u00bb body_text_align=\u00bbcenter\u00bb custom_margin=\u00bb||10px||false|false\u00bb body_font_size_tablet=\u00bb\u00bb body_font_size_phone=\u00bb14px\u00bb body_font_size_last_edited=\u00bbon|phone\u00bb]<\/p>\n<p><span style=\"color: #2b2b2b;\">L'histoire est n\u00e9e d'un homme avec un r\u00eave et une capacit\u00e9 : unir les r\u00eaves et rassembler un groupe de personnes capables de bouleverser une r\u00e9gion, Castilla La Mancha. Les vignobles Mart\u00fae sont situ\u00e9s \u00e0 La Guardia de Toledo.<\/span><\/p>\n<p>&nbsp;<\/p>\n<p>[\/et_pb_blurb][et_pb_button button_url=\u00bbhttps:\/\/www.martue.com\/martue\/\u00bb button_text=\u00bbSaber m\u00e1s\u00bb button_alignment=\u00bbcenter\u00bb _builder_version=\u00bb4.5.8&#8243; custom_button=\u00bbon\u00bb button_text_color=\u00bb#ffffff\u00bb button_bg_color=\u00bb#be0216&#8243; button_font=\u00bb||||||||\u00bb custom_margin=\u00bb||10px||false|false\u00bb][\/et_pb_button][\/et_pb_column][et_pb_column type=\u00bb1_3&#8243; _builder_version=\u00bb3.25&#8243; custom_padding=\u00bb|||\u00bb custom_padding__hover=\u00bb|||\u00bb][et_pb_blurb title=\u00bbLa bodega\u00bb image=\u00bbhttps:\/\/www.martue.com\/wp-content\/uploads\/skin\/pages\/grid\/martue\/finca\/martue-la-idea.jpg\u00bb content_max_width=\u00bb459px\u00bb content_tablet=\u00bb<\/p>\n<p><strong><span style=\"%22color:\" #2b2b2b;%22>La bodega cuenta con los m\u00e1s modernos avances t\u00e9cnicos, instalaci\u00f3n de selecci\u00f3n y clasificaci\u00f3n de la uva, dep\u00f3sitos de 15.000 y 20.000 litros equipados con control de temperatura, bombas perist\u00e1lticas de trasiego de la uva para evitar el aplastamiento, etiquetadora y embotelladora propias.<\/span><\/strong><\/p>\n<\/p>\n<p>\u00bb content_phone=\u00bb<\/p>\n<p><strong><span style=\"%22color:\" #2b2b2b;%22>La bodega cuenta con los m\u00e1s modernos avances t\u00e9cnicos, instalaci\u00f3n de selecci\u00f3n y clasificaci\u00f3n de la uva, dep\u00f3sitos de 15.000 y 20.000 litros equipados con control de temperatura, bombas perist\u00e1lticas de trasiego de la uva para evitar el aplastamiento, etiquetadora y embotelladora propias.<\/span><\/strong><\/p>\n<\/p>\n<p>\u00bb content_last_edited=\u00bbon|phone\u00bb _builder_version=\u00bb4.5.8&#8243; header_font=\u00bb|700||on|||||\u00bb header_text_align=\u00bbcenter\u00bb body_font=\u00bb||||||||\u00bb body_text_align=\u00bbcenter\u00bb custom_margin=\u00bb||10px||false|false\u00bb body_font_size_tablet=\u00bb\u00bb body_font_size_phone=\u00bb14px\u00bb body_font_size_last_edited=\u00bbon|desktop\u00bb]<\/p>\n<p><span style=\"color: #2b2b2b;\">La bodega cuenta con los m\u00e1s modernos avances t\u00e9cnicos, instalaci\u00f3n de selecci\u00f3n y clasificaci\u00f3n de la uva, dep\u00f3sitos de 15.000 y 20.000 litros equipados con control de temperatura, bombas perist\u00e1lticas de trasiego de la uva para evitar el aplastamiento, etiquetadora y embotelladora propias.<\/span><\/p>\n<p>&nbsp;<\/p>\n<p>[\/et_pb_blurb][et_pb_button button_url=\u00bbhttps:\/\/martue.com\/la-bodega-martue\/\u00bb button_text=\u00bbSaber m\u00e1s\u00bb button_alignment=\u00bbcenter\u00bb _builder_version=\u00bb4.5.8&#8243; custom_button=\u00bbon\u00bb button_text_color=\u00bb#ffffff\u00bb button_bg_color=\u00bb#be0216&#8243; button_font=\u00bb||||||||\u00bb custom_margin=\u00bb||10px||false|false\u00bb][\/et_pb_button][\/et_pb_column][et_pb_column type=\u00bb1_3&#8243; _builder_version=\u00bb3.25&#8243; custom_padding=\u00bb|||\u00bb custom_padding__hover=\u00bb|||\u00bb][et_pb_blurb title=\u00bbLos vinos\u00bb image=\u00bbhttps:\/\/martue.com\/wp-content\/uploads\/2022\/03\/martue-3.jpg\u00bb content_max_width=\u00bb450px\u00bb content_tablet=\u00bb<\/p>\n<p><strong><span style=\"%22color:\" #2b2b2b;%22>Mart\u00fae es la estrella de nuestro Pago, con una calidad y precio imbatibles, Mart\u00fae Especial un vino sublime producido con las uvas de m\u00e1s alta calidad seleccionadas en cada cosecha, produccion limitada, nuestro Mart\u00fae Syrah, que transmite todas las cualidades de la uva Syrah en estado puro.<\/span><\/strong><\/p>\n<p><span style=\"%22color:\" #2b2b2b;%22><\/span><\/p>\n<p>\u00bb content_phone=\u00bb<\/p>\n<p><strong><span style=\"%22color:\" #2b2b2b;%22>Mart\u00fae es la estrella de nuestro Pago, con una calidad y precio imbatibles, Mart\u00fae Especial un vino sublime producido con las uvas de m\u00e1s alta calidad seleccionadas en cada cosecha, produccion limitada, nuestro Mart\u00fae Syrah, que transmite todas las cualidades de la uva Syrah en estado puro.<\/span><\/strong><\/p>\n<p><span style=\"%22color:\" #2b2b2b;%22><\/span><\/p>\n<p>\u00bb content_last_edited=\u00bbon|tablet\u00bb _builder_version=\u00bb4.5.8&#8243; header_font=\u00bb|600||on|||||\u00bb header_text_align=\u00bbcenter\u00bb body_font=\u00bb||||||||\u00bb body_text_align=\u00bbcenter\u00bb custom_margin=\u00bb||10px||false|false\u00bb body_font_size_tablet=\u00bb\u00bb body_font_size_phone=\u00bb14px\u00bb body_font_size_last_edited=\u00bbon|phone\u00bb]<\/p>\n<p><span style=\"color: #2b2b2b;\">Mart\u00fae es la estrella de nuestro Pago, con una calidad y precio imbatibles, Mart\u00fae Especial un vino sublime producido con las uvas de m\u00e1s alta calidad seleccionadas en cada cosecha, produccion limitada, nuestro Mart\u00fae Syrah, que transmite todas las cualidades de la uva Syrah en estado puro.<\/span><\/p>\n<p><span style=\"color: #2b2b2b;\"><\/span><\/p>\n<p>[\/et_pb_blurb][et_pb_button button_url=\u00bbhttps:\/\/martue.com\/vinos\/\u00bb button_text=\u00bbSaber m\u00e1s\u00bb button_alignment=\u00bbcenter\u00bb _builder_version=\u00bb3.19.9&#8243; custom_button=\u00bbon\u00bb button_text_color=\u00bb#ffffff\u00bb button_bg_color=\u00bb#be0216&#8243; button_font=\u00bb||||||||\u00bb][\/et_pb_button][\/et_pb_column][\/et_pb_row][\/et_pb_section]<\/p>","protected":false},"excerpt":{"rendered":"<p>&nbsp;&nbsp;&nbsp;&nbsp;&nbsp;&nbsp; Los vi\u00f1edos de Mart\u00fae est\u00e1n localizados en La Guardia, Toledo, zona de condiciones ambientales excelentes para la elaboraci\u00f3n de vinos de calidad. Finca Campo Martuela: Con extensi\u00f3n de 30 hect\u00e1reas, fue el primer terreno que comenz\u00f3 a plantarse en 1990. Las variedades elegidas: Tempranillo, Cabernet Sauvignon, Petit Verdot, Merlot, Syrah. Finca El Casar: Con [&hellip;]<\/p>","protected":false},"author":2,"featured_media":0,"parent":0,"menu_order":0,"comment_status":"closed","ping_status":"closed","template":"","meta":{"_et_pb_use_builder":"on","_et_pb_old_content":"<!-- wp:divi\/placeholder \/-->","_et_gb_content_width":"","om_disable_all_campaigns":false,"_joinchat":[],"footnotes":""},"class_list":["post-288","page","type-page","status-publish","hentry"],"yoast_head":"<!-- This site is optimized with the Yoast SEO plugin v24.1 - https:\/\/yoast.com\/wordpress\/plugins\/seo\/ -->\n<title>El Pago - Bodegas Mart\u00fae - Pago Campo de la Guardia<\/title>\n<meta name=\"robots\" content=\"index, follow, max-snippet:-1, max-image-preview:large, max-video-preview:-1\" \/>\n<link rel=\"canonical\" href=\"https:\/\/martue.com\/fr\/la-finca-martue\/\" \/>\n<meta property=\"og:locale\" content=\"fr_FR\" \/>\n<meta property=\"og:type\" content=\"article\" \/>\n<meta property=\"og:title\" content=\"El Pago - Bodegas Mart\u00fae - Pago Campo de la Guardia\" \/>\n<meta property=\"og:description\" content=\"&nbsp;&nbsp;&nbsp;&nbsp;&nbsp;&nbsp; Los vi\u00f1edos de Mart\u00fae est\u00e1n localizados en La Guardia, Toledo, zona de condiciones ambientales excelentes para la elaboraci\u00f3n de vinos de calidad. Finca Campo Martuela: Con extensi\u00f3n de 30 hect\u00e1reas, fue el primer terreno que comenz\u00f3 a plantarse en 1990. Las variedades elegidas: Tempranillo, Cabernet Sauvignon, Petit Verdot, Merlot, Syrah. Finca El Casar: Con [&hellip;]\" \/>\n<meta property=\"og:url\" content=\"https:\/\/martue.com\/fr\/la-finca-martue\/\" \/>\n<meta property=\"og:site_name\" content=\"Bodegas Mart\u00fae - Pago Campo de la Guardia\" \/>\n<meta property=\"article:modified_time\" content=\"2022-03-14T16:47:07+00:00\" \/>\n<meta name=\"twitter:card\" content=\"summary_large_image\" \/>\n<meta name=\"twitter:label1\" content=\"Dur\u00e9e de lecture estim\u00e9e\" \/>\n\t<meta name=\"twitter:data1\" content=\"8 minutes\" \/>\n<script type=\"application\/ld+json\" class=\"yoast-schema-graph\">{\"@context\":\"https:\/\/schema.org\",\"@graph\":[{\"@type\":\"WebPage\",\"@id\":\"https:\/\/martue.com\/la-finca-martue\/\",\"url\":\"https:\/\/martue.com\/la-finca-martue\/\",\"name\":\"El Pago - Bodegas Mart\u00fae - Pago Campo de la Guardia\",\"isPartOf\":{\"@id\":\"https:\/\/martue.com\/#website\"},\"datePublished\":\"2019-02-06T16:37:19+00:00\",\"dateModified\":\"2022-03-14T16:47:07+00:00\",\"breadcrumb\":{\"@id\":\"https:\/\/martue.com\/la-finca-martue\/#breadcrumb\"},\"inLanguage\":\"fr-FR\",\"potentialAction\":[{\"@type\":\"ReadAction\",\"target\":[\"https:\/\/martue.com\/la-finca-martue\/\"]}]},{\"@type\":\"BreadcrumbList\",\"@id\":\"https:\/\/martue.com\/la-finca-martue\/#breadcrumb\",\"itemListElement\":[{\"@type\":\"ListItem\",\"position\":1,\"name\":\"Portada\",\"item\":\"https:\/\/martue.com\/\"},{\"@type\":\"ListItem\",\"position\":2,\"name\":\"El Pago\"}]},{\"@type\":\"WebSite\",\"@id\":\"https:\/\/martue.com\/#website\",\"url\":\"https:\/\/martue.com\/\",\"name\":\"Bodegas Mart\u00fae - Pago Campo de la Guardia\",\"description\":\"VINO DE PAGO CAMPO DE LA GUARDIA Es la m\u00e1xima calificaci\u00f3n que contempla la legislaci\u00f3n espa\u00f1ola en materia vitivin\u00edcola, por encima de la Denominaci\u00f3n de Origen.\",\"potentialAction\":[{\"@type\":\"SearchAction\",\"target\":{\"@type\":\"EntryPoint\",\"urlTemplate\":\"https:\/\/martue.com\/?s={search_term_string}\"},\"query-input\":{\"@type\":\"PropertyValueSpecification\",\"valueRequired\":true,\"valueName\":\"search_term_string\"}}],\"inLanguage\":\"fr-FR\"}]}<\/script>\n<!-- \/ Yoast SEO plugin. -->","yoast_head_json":{"title":"El Pago - Bodegas Mart\u00fae - Pago Campo de la Guardia","robots":{"index":"index","follow":"follow","max-snippet":"max-snippet:-1","max-image-preview":"max-image-preview:large","max-video-preview":"max-video-preview:-1"},"canonical":"https:\/\/martue.com\/fr\/la-finca-martue\/","og_locale":"fr_FR","og_type":"article","og_title":"El Pago - Bodegas Mart\u00fae - Pago Campo de la Guardia","og_description":"&nbsp;&nbsp;&nbsp;&nbsp;&nbsp;&nbsp; Los vi\u00f1edos de Mart\u00fae est\u00e1n localizados en La Guardia, Toledo, zona de condiciones ambientales excelentes para la elaboraci\u00f3n de vinos de calidad. Finca Campo Martuela: Con extensi\u00f3n de 30 hect\u00e1reas, fue el primer terreno que comenz\u00f3 a plantarse en 1990. Las variedades elegidas: Tempranillo, Cabernet Sauvignon, Petit Verdot, Merlot, Syrah. Finca El Casar: Con [&hellip;]","og_url":"https:\/\/martue.com\/fr\/la-finca-martue\/","og_site_name":"Bodegas Mart\u00fae - Pago Campo de la Guardia","article_modified_time":"2022-03-14T16:47:07+00:00","twitter_card":"summary_large_image","twitter_misc":{"Dur\u00e9e de lecture estim\u00e9e":"8 minutes"},"schema":{"@context":"https:\/\/schema.org","@graph":[{"@type":"WebPage","@id":"https:\/\/martue.com\/la-finca-martue\/","url":"https:\/\/martue.com\/la-finca-martue\/","name":"El Pago - Bodegas Mart\u00fae - Pago Campo de la Guardia","isPartOf":{"@id":"https:\/\/martue.com\/#website"},"datePublished":"2019-02-06T16:37:19+00:00","dateModified":"2022-03-14T16:47:07+00:00","breadcrumb":{"@id":"https:\/\/martue.com\/la-finca-martue\/#breadcrumb"},"inLanguage":"fr-FR","potentialAction":[{"@type":"ReadAction","target":["https:\/\/martue.com\/la-finca-martue\/"]}]},{"@type":"BreadcrumbList","@id":"https:\/\/martue.com\/la-finca-martue\/#breadcrumb","itemListElement":[{"@type":"ListItem","position":1,"name":"Portada","item":"https:\/\/martue.com\/"},{"@type":"ListItem","position":2,"name":"El Pago"}]},{"@type":"WebSite","@id":"https:\/\/martue.com\/#website","url":"https:\/\/martue.com\/","name":"Bodegas Mart\u00fae - Pago Campo de la Guardia","description":"VINO DE PAGO CAMPO DE LA GUARDIA Es la m\u00e1xima calificaci\u00f3n que contempla la legislaci\u00f3n espa\u00f1ola en materia vitivin\u00edcola, por encima de la Denominaci\u00f3n de Origen.","potentialAction":[{"@type":"SearchAction","target":{"@type":"EntryPoint","urlTemplate":"https:\/\/martue.com\/?s={search_term_string}"},"query-input":{"@type":"PropertyValueSpecification","valueRequired":true,"valueName":"search_term_string"}}],"inLanguage":"fr-FR"}]}},"_links":{"self":[{"href":"https:\/\/martue.com\/fr\/wp-json\/wp\/v2\/pages\/288","targetHints":{"allow":["GET"]}}],"collection":[{"href":"https:\/\/martue.com\/fr\/wp-json\/wp\/v2\/pages"}],"about":[{"href":"https:\/\/martue.com\/fr\/wp-json\/wp\/v2\/types\/page"}],"author":[{"embeddable":true,"href":"https:\/\/martue.com\/fr\/wp-json\/wp\/v2\/users\/2"}],"replies":[{"embeddable":true,"href":"https:\/\/martue.com\/fr\/wp-json\/wp\/v2\/comments?post=288"}],"version-history":[{"count":0,"href":"https:\/\/martue.com\/fr\/wp-json\/wp\/v2\/pages\/288\/revisions"}],"wp:attachment":[{"href":"https:\/\/martue.com\/fr\/wp-json\/wp\/v2\/media?parent=288"}],"curies":[{"name":"wp","href":"https:\/\/api.w.org\/{rel}","templated":true}]}}