{"id":290,"date":"2019-02-06T17:37:41","date_gmt":"2019-02-06T16:37:41","guid":{"rendered":"http:\/\/s772331608.mialojamiento.es\/wordpress\/?page_id=290"},"modified":"2022-03-16T19:23:45","modified_gmt":"2022-03-16T18:23:45","slug":"la-bodega-martue","status":"publish","type":"page","link":"https:\/\/martue.com\/fr\/la-bodega-martue\/","title":{"rendered":"La cave Mart\u00fae"},"content":{"rendered":"<p>[et_pb_section fb_built=\u00bb1&#8243; _builder_version=\u00bb3.22&#8243; custom_margin=\u00bb-10%||0px\u00bb custom_padding=\u00bb12px||0px\u00bb][et_pb_row module_class=\u00bb et_pb_row_fullwidth\u00bb _builder_version=\u00bb3.25&#8243; background_size=\u00bbinitial\u00bb background_position=\u00bbtop_left\u00bb background_repeat=\u00bbrepeat\u00bb width_tablet=\u00bb100%\u00bb width_phone=\u00bb\u00bb width_last_edited=\u00bbon|desktop\u00bb max_width=\u00bb100%\u00bb max_width_tablet=\u00bb100%\u00bb max_width_phone=\u00bb\u00bb max_width_last_edited=\u00bbon|desktop\u00bb custom_margin=\u00bb||\u00bb custom_padding=\u00bb||\u00bb make_fullwidth=\u00bbon\u00bb][et_pb_column type=\u00bb4_4&#8243; _builder_version=\u00bb3.25&#8243; custom_padding=\u00bb|||\u00bb custom_padding__hover=\u00bb|||\u00bb][et_pb_slider _builder_version=\u00bb4.5.8&#8243; height=\u00bbauto\u00bb height_tablet=\u00bb\u00bb height_phone=\u00bb450px\u00bb height_last_edited=\u00bbon|phone\u00bb custom_margin=\u00bb-45px||||false|false\u00bb custom_margin_tablet=\u00bb-45px||\u00bb custom_margin_phone=\u00bb-80px||||false|false\u00bb custom_margin_last_edited=\u00bbon|desktop\u00bb custom_padding=\u00bb180px||\u00bb][et_pb_slide _builder_version=\u00bb3.17.6&#8243; background_color=\u00bbrgba(126,190,197,0)\u00bb background_image=\u00bbhttps:\/\/www.martue.com\/wp-content\/uploads\/2018\/11\/bodega-martue-3.jpg\u00bb custom_padding=\u00bb||\u00bb]<\/p>\n<p>&nbsp;<\/p>\n<p>&nbsp;<\/p>\n<p>&nbsp;<\/p>\n<p>&nbsp;<\/p>\n<p>&nbsp;<\/p>\n<p>&nbsp;<\/p>\n<p>[\/et_pb_slide][et_pb_slide _builder_version=\u00bb3.17.6&#8243; background_color=\u00bbrgba(126,190,197,0)\u00bb background_image=\u00bbhttps:\/\/www.martue.com\/wp-content\/uploads\/2018\/11\/botellas-vinos-martue.especial.jpg\u00bb][\/et_pb_slide][et_pb_slide _builder_version=\u00bb3.17.6&#8243; background_color=\u00bbrgba(126,190,197,0)\u00bb background_image=\u00bbhttps:\/\/www.martue.com\/wp-content\/uploads\/2018\/11\/bodega-martue-2.jpg\u00bb][\/et_pb_slide][et_pb_slide _builder_version=\u00bb3.17.6&#8243; background_image=\u00bbhttps:\/\/www.martue.com\/wp-content\/uploads\/2018\/11\/botellas-vinos-martue-5.jpg\u00bb][\/et_pb_slide][\/et_pb_slider][et_pb_text content_tablet=\u00bb<\/p>\n<div class=\"%22col-md-12%22\">\n<div class=\"%22col-md-12%22\">\n<p style=\"%22text-align:\" justify;%22><strong>La cave est dot\u00e9e des avanc\u00e9es techniques les plus modernes pour la production de vins de qualit\u00e9, objectif premier de Mart\u00fae. Les vinifications sont r\u00e9alis\u00e9es dans des cuves inox \u00e9quip\u00e9es d'un contr\u00f4le des temp\u00e9ratures de fermentation. Mart\u00fae dispose d'une zone de vieillissement des vins situ\u00e9e \u00e0 7 m\u00e8tres de profondeur sous l'entrep\u00f4t d'embouteillage et l'entrep\u00f4t de produits, o\u00f9 des conditions id\u00e9ales d'humidit\u00e9 et de temp\u00e9rature sont maintenues tout au long de l'ann\u00e9e. Pour l'\u00e9levage en barriques, il dispose de 1 000 f\u00fbts neufs et semi-neufs de ch\u00eane fran\u00e7ais et am\u00e9ricain.<\/strong><\/p>\n<\/div>\n<\/div>\n<p>\u00bb content_phone=\u00bb<\/p>\n<div class=\"%22col-md-12%22\">\n<div class=\"%22col-md-12%22\">\n<p style=\"%22text-align:\" justify;%22><strong>La cave est dot\u00e9e des avanc\u00e9es techniques les plus modernes pour la production de vins de qualit\u00e9, objectif premier de Mart\u00fae. Les vinifications sont r\u00e9alis\u00e9es dans des cuves inox \u00e9quip\u00e9es d'un contr\u00f4le des temp\u00e9ratures de fermentation. Mart\u00fae dispose d'une zone de vieillissement des vins situ\u00e9e \u00e0 7 m\u00e8tres de profondeur sous l'entrep\u00f4t d'embouteillage et l'entrep\u00f4t de produits, o\u00f9 des conditions id\u00e9ales d'humidit\u00e9 et de temp\u00e9rature sont maintenues tout au long de l'ann\u00e9e. Pour l'\u00e9levage en barriques, il dispose de 1 000 f\u00fbts neufs et semi-neufs de ch\u00eane fran\u00e7ais et am\u00e9ricain.<\/strong><\/p>\n<\/div>\n<\/div>\n<p>\u00bb content_last_edited=\u00bbon|phone\u00bb _builder_version=\u00bb4.5.8&#8243; text_font_size=\u00bb19px\u00bb custom_padding=\u00bb3%|8%|3%|8%|true|true\u00bb text_font_size_tablet=\u00bb\u00bb text_font_size_phone=\u00bb14px\u00bb text_font_size_last_edited=\u00bbon|phone\u00bb]<\/p>\n<div class=\"col-md-12\">\n<div class=\"col-md-12\">\n<p style=\"text-align: justify;\">La cave est dot\u00e9e des avanc\u00e9es techniques les plus modernes pour la production de vins de qualit\u00e9, objectif premier de Mart\u00fae. Les vinifications sont r\u00e9alis\u00e9es dans des cuves inox \u00e9quip\u00e9es d'un contr\u00f4le des temp\u00e9ratures de fermentation. Mart\u00fae dispose d'une zone de vieillissement des vins situ\u00e9e \u00e0 7 m\u00e8tres de profondeur sous l'entrep\u00f4t d'embouteillage et l'entrep\u00f4t de produits, o\u00f9 des conditions id\u00e9ales d'humidit\u00e9 et de temp\u00e9rature sont maintenues tout au long de l'ann\u00e9e. Pour l'\u00e9levage en barriques, il dispose de 1 000 f\u00fbts neufs et semi-neufs de ch\u00eane fran\u00e7ais et am\u00e9ricain.<\/p>\n<\/div>\n<\/div>\n<p>[\/et_pb_text][et_pb_text _builder_version=\u00bb4.5.8&#8243; text_font=\u00bb||||||||\u00bb header_font=\u00bb||||||||\u00bb text_orientation=\u00bbcenter\u00bb]<\/p>\n<div class=\"ma-upsellslider-title\">\n<h2><strong>Tu pourrais aussi aimer<\/strong><\/h2>\n<\/div>\n<p>[\/et_pb_text][\/et_pb_column][\/et_pb_row][et_pb_row column_structure=\u00bb1_3,1_3,1_3&#8243; make_equal=\u00bbon\u00bb module_class=\u00bb et_pb_row_fullwidth\u00bb _builder_version=\u00bb4.5.8&#8243; background_color=\u00bb#ffffff\u00bb width=\u00bb89%\u00bb width_tablet=\u00bb80%\u00bb width_phone=\u00bb\u00bb width_last_edited=\u00bbon|desktop\u00bb max_width=\u00bb89%\u00bb max_width_tablet=\u00bb80%\u00bb max_width_phone=\u00bb\u00bb max_width_last_edited=\u00bbon|desktop\u00bb custom_margin=\u00bb-15px||||false|false\u00bb make_fullwidth=\u00bbon\u00bb][et_pb_column type=\u00bb1_3&#8243; _builder_version=\u00bb3.25&#8243; custom_padding=\u00bb|||\u00bb custom_padding__hover=\u00bb|||\u00bb][et_pb_blurb title=\u00bbHistoria de Mart\u00fae\u00bb image=\u00bbhttps:\/\/martue.com\/wp-content\/uploads\/2022\/03\/martue-la-familia.jpg\u00bb content_max_width=\u00bb448px\u00bb content_tablet=\u00bb<\/p>\n<p><strong>L'histoire est n\u00e9e d'un homme avec un r\u00eave et une capacit\u00e9 : unir les r\u00eaves et rassembler un groupe de personnes capables de bouleverser une r\u00e9gion, Castilla La Mancha. Les vignobles Mart\u00fae sont situ\u00e9s \u00e0 La Guardia de Toledo.<\/strong><\/p>\n<p>\u00bb content_phone=\u00bb<\/p>\n<p><strong>L'histoire est n\u00e9e d'un homme avec un r\u00eave et une capacit\u00e9 : unir les r\u00eaves et rassembler un groupe de personnes capables de bouleverser une r\u00e9gion, Castilla La Mancha. Les vignobles Mart\u00fae sont situ\u00e9s \u00e0 La Guardia de Toledo.<\/strong><\/p>\n<p>\u00bb content_last_edited=\u00bbon|tablet\u00bb _builder_version=\u00bb4.5.8&#8243; header_font=\u00bb|700||on|||||\u00bb header_text_align=\u00bbcenter\u00bb body_font=\u00bb||||||||\u00bb body_text_align=\u00bbcenter\u00bb custom_margin=\u00bb||10px||false|false\u00bb custom_padding=\u00bb||0px|||\u00bb hover_enabled=\u00bb0&#8243; body_font_size_tablet=\u00bb\u00bb body_font_size_phone=\u00bb14px\u00bb body_font_size_last_edited=\u00bbon|phone\u00bb]<\/p>\n<p><span style=\"color: #2b2b2b;\">L'histoire est n\u00e9e d'un homme avec un r\u00eave et une capacit\u00e9 : unir les r\u00eaves et rassembler un groupe de personnes capables de bouleverser une r\u00e9gion, Castilla La Mancha. Les vignobles Mart\u00fae sont situ\u00e9s \u00e0 La Guardia de Toledo.<\/span><\/p>\n<p><span style=\"color: #2b2b2b;\"><\/span><\/p>\n<p>[\/et_pb_blurb][et_pb_text admin_label=\u00bbText\u00bb _builder_version=\u00bb3.27.4&#8243; background_size=\u00bbinitial\u00bb background_position=\u00bbtop_left\u00bb background_repeat=\u00bbrepeat\u00bb locked=\u00bboff\u00bb]<div class=\"woocommerce\"><\/div>[\/et_pb_text][et_pb_button button_url=\u00bbhttps:\/\/www.martue.com\/martue\/\u00bb button_text=\u00bbSaber m\u00e1s\u00bb button_alignment=\u00bbcenter\u00bb _builder_version=\u00bb4.5.8&#8243; custom_button=\u00bbon\u00bb button_text_color=\u00bb#ffffff\u00bb button_bg_color=\u00bb#be0216&#8243; button_font=\u00bb||||||||\u00bb custom_margin=\u00bb||10px||false|false\u00bb][\/et_pb_button][\/et_pb_column][et_pb_column type=\u00bb1_3&#8243; _builder_version=\u00bb3.25&#8243; custom_padding=\u00bb|||\u00bb custom_padding__hover=\u00bb|||\u00bb][et_pb_blurb title=\u00bbLa finca\u00bb image=\u00bbhttps:\/\/martue.com\/wp-content\/uploads\/2022\/03\/martue-2.jpg\u00bb content_max_width=\u00bb453px\u00bb content_tablet=\u00bb<\/p>\n<p><strong><span style=\"%22color:\" #2b2b2b;%22>El concepto de Pago aplicado al vino se refiere a un vi\u00f1edo situado en un enclave especial, con suelos singulares y un clima privilegiado que imprime al vino unas cualidades \u00fanicas. Solo quince bodegas en Espa\u00f1a tienen este reconocimiento y Martue tiene 81 hectareas  que lo merecen.<\/span><\/strong><\/p>\n<p><strong> <\/strong><\/p>\n<p>\u00bb content_phone=\u00bb<\/p>\n<p><strong><span style=\"%22color:\" #2b2b2b;%22>El concepto de Pago aplicado al vino se refiere a un vi\u00f1edo situado en un enclave especial, con suelos singulares y un clima privilegiado que imprime al vino unas cualidades \u00fanicas. Solo quince bodegas en Espa\u00f1a tienen este reconocimiento y Martue tiene 81 hectareas  que lo merecen.<\/span><\/strong><\/p>\n<p><strong> <\/strong><\/p>\n<p>\u00bb content_last_edited=\u00bbon|tablet\u00bb _builder_version=\u00bb4.5.8&#8243; header_font=\u00bb|700||on|||||\u00bb header_text_align=\u00bbcenter\u00bb body_font=\u00bb||||||||\u00bb body_text_align=\u00bbcenter\u00bb custom_margin=\u00bb||10px||false|false\u00bb body_font_size_tablet=\u00bb\u00bb body_font_size_phone=\u00bb14px\u00bb body_font_size_last_edited=\u00bbon|phone\u00bb]<\/p>\n<p><span style=\"color: #2b2b2b;\">Le concept de Pago appliqu\u00e9 au vin fait r\u00e9f\u00e9rence \u00e0 un vignoble situ\u00e9 dans une enclave particuli\u00e8re, avec des sols uniques et un climat privil\u00e9gi\u00e9 qui conf\u00e8re au vin des qualit\u00e9s uniques. Seules quinze caves en Espagne poss\u00e8dent cette reconnaissance et Martue poss\u00e8de 81 hectares qui la m\u00e9ritent.<\/span><\/p>\n<p>&nbsp;<\/p>\n<p>[\/et_pb_blurb][et_pb_button button_url=\u00bbhttps:\/\/www.martue.com\/la-finca\/\u00bb button_text=\u00bbSaber m\u00e1s\u00bb button_alignment=\u00bbcenter\u00bb _builder_version=\u00bb4.5.8&#8243; custom_button=\u00bbon\u00bb button_text_color=\u00bb#ffffff\u00bb button_bg_color=\u00bb#be0216&#8243; button_font=\u00bb||||||||\u00bb custom_margin=\u00bb||10px||false|false\u00bb][\/et_pb_button][\/et_pb_column][et_pb_column type=\u00bb1_3&#8243; _builder_version=\u00bb3.25&#8243; custom_padding=\u00bb|||\u00bb custom_padding__hover=\u00bb|||\u00bb][et_pb_blurb title=\u00bbLos vinos\u00bb image=\u00bbhttps:\/\/martue.com\/wp-content\/uploads\/2022\/03\/martue-3.jpg\u00bb content_max_width=\u00bb450px\u00bb title_tablet=\u00bb\u00bb title_phone=\u00bb\u00bb title_last_edited=\u00bbon|desktop\u00bb content_tablet=\u00bb<\/p>\n<p><strong><span style=\"%22color:\" #2b2b2b;%22>Mart\u00fae est la star de notre Pago, avec une qualit\u00e9 et un prix imbattables, Mart\u00fae Especial un vin sublime produit avec des raisins de la plus haute qualit\u00e9 s\u00e9lectionn\u00e9s \u00e0 chaque r\u00e9colte, notre Mart\u00fae Syrah, qui transmet toutes les qualit\u00e9s du raisin Syrah dans sa forme la plus pure.<\/span><\/strong><\/p>\n<p><span style=\"%22color:\" #2b2b2b;%22><\/span><\/p>\n<p>\u00bb content_phone=\u00bb<\/p>\n<p><strong><span style=\"%22color:\" #2b2b2b;%22>Mart\u00fae est la star de notre Pago, avec une qualit\u00e9 et un prix imbattables, Mart\u00fae Especial un vin sublime produit avec des raisins de la plus haute qualit\u00e9 s\u00e9lectionn\u00e9s \u00e0 chaque r\u00e9colte, notre Mart\u00fae Syrah, qui transmet toutes les qualit\u00e9s du raisin Syrah dans sa forme la plus pure.<\/span><\/strong><\/p>\n<p><span style=\"%22color:\" #2b2b2b;%22><\/span><\/p>\n<p>\u00bb content_last_edited=\u00bbon|phone\u00bb _builder_version=\u00bb4.5.8&#8243; header_font=\u00bb|600||on|||||\u00bb header_text_align=\u00bbcenter\u00bb body_font=\u00bb||||||||\u00bb body_text_align=\u00bbcenter\u00bb custom_margin=\u00bb||10px||false|false\u00bb custom_padding=\u00bb||0px|||\u00bb body_font_size_tablet=\u00bb\u00bb body_font_size_phone=\u00bb14px\u00bb body_font_size_last_edited=\u00bbon|phone\u00bb]<\/p>\n<p><span style=\"color: #2b2b2b;\">Mart\u00fae est la star de notre Pago, avec une qualit\u00e9 et un prix imbattables, Mart\u00fae Especial un vin sublime produit avec des raisins de la plus haute qualit\u00e9 s\u00e9lectionn\u00e9s \u00e0 chaque r\u00e9colte, notre Mart\u00fae Syrah, qui transmet toutes les qualit\u00e9s du raisin Syrah dans sa forme la plus pure.<\/span><\/p>\n<p><span style=\"color: #2b2b2b;\"><\/span><\/p>\n<p>[\/et_pb_blurb][et_pb_button button_url=\u00bbhttps:\/\/www.martue.com\/vinos\u00bb button_text=\u00bbSaber m\u00e1s\u00bb button_alignment=\u00bbcenter\u00bb _builder_version=\u00bb3.19.9&#8243; custom_button=\u00bbon\u00bb button_text_color=\u00bb#ffffff\u00bb button_bg_color=\u00bb#be0216&#8243; button_font=\u00bb||||||||\u00bb][\/et_pb_button][\/et_pb_column][\/et_pb_row][\/et_pb_section]<\/p>","protected":false},"excerpt":{"rendered":"<p>&nbsp;&nbsp;&nbsp;&nbsp;&nbsp;&nbsp; La bodega est\u00e1 equipada con los m\u00e1s modernos avances t\u00e9cnicos para la elaboraci\u00f3n de vinos de calidad, objetivo primordial de Mart\u00fae. Las vinificaciones se realizan en dep\u00f3sitos de acero inoxidable dotados con control de la temperatura de fermentaci\u00f3n. Mart\u00fae dispone de un \u00e1rea para la crianza de los vinos emplazada a 7 metros de [&hellip;]<\/p>","protected":false},"author":2,"featured_media":0,"parent":0,"menu_order":0,"comment_status":"closed","ping_status":"closed","template":"","meta":{"_et_pb_use_builder":"on","_et_pb_old_content":"<!-- wp:divi\/placeholder \/-->","_et_gb_content_width":"","om_disable_all_campaigns":false,"_joinchat":[],"footnotes":""},"class_list":["post-290","page","type-page","status-publish","hentry"],"yoast_head":"<!-- This site is optimized with the Yoast SEO plugin v24.1 - https:\/\/yoast.com\/wordpress\/plugins\/seo\/ -->\n<title>La bodega Mart\u00fae - Bodegas Mart\u00fae - Pago Campo de la Guardia<\/title>\n<meta name=\"robots\" content=\"index, follow, max-snippet:-1, max-image-preview:large, max-video-preview:-1\" \/>\n<link rel=\"canonical\" href=\"https:\/\/martue.com\/fr\/la-bodega-martue\/\" \/>\n<meta property=\"og:locale\" content=\"fr_FR\" \/>\n<meta property=\"og:type\" content=\"article\" \/>\n<meta property=\"og:title\" content=\"La bodega Mart\u00fae - Bodegas Mart\u00fae - Pago Campo de la Guardia\" \/>\n<meta property=\"og:description\" content=\"&nbsp;&nbsp;&nbsp;&nbsp;&nbsp;&nbsp; La bodega est\u00e1 equipada con los m\u00e1s modernos avances t\u00e9cnicos para la elaboraci\u00f3n de vinos de calidad, objetivo primordial de Mart\u00fae. Las vinificaciones se realizan en dep\u00f3sitos de acero inoxidable dotados con control de la temperatura de fermentaci\u00f3n. Mart\u00fae dispone de un \u00e1rea para la crianza de los vinos emplazada a 7 metros de [&hellip;]\" \/>\n<meta property=\"og:url\" content=\"https:\/\/martue.com\/fr\/la-bodega-martue\/\" \/>\n<meta property=\"og:site_name\" content=\"Bodegas Mart\u00fae - Pago Campo de la Guardia\" \/>\n<meta property=\"article:modified_time\" content=\"2022-03-16T18:23:45+00:00\" \/>\n<meta name=\"twitter:card\" content=\"summary_large_image\" \/>\n<meta name=\"twitter:label1\" content=\"Dur\u00e9e de lecture estim\u00e9e\" \/>\n\t<meta name=\"twitter:data1\" content=\"7 minutes\" \/>\n<script type=\"application\/ld+json\" class=\"yoast-schema-graph\">{\"@context\":\"https:\/\/schema.org\",\"@graph\":[{\"@type\":\"WebPage\",\"@id\":\"https:\/\/martue.com\/la-bodega-martue\/\",\"url\":\"https:\/\/martue.com\/la-bodega-martue\/\",\"name\":\"La bodega Mart\u00fae - Bodegas Mart\u00fae - Pago Campo de la Guardia\",\"isPartOf\":{\"@id\":\"https:\/\/martue.com\/#website\"},\"datePublished\":\"2019-02-06T16:37:41+00:00\",\"dateModified\":\"2022-03-16T18:23:45+00:00\",\"breadcrumb\":{\"@id\":\"https:\/\/martue.com\/la-bodega-martue\/#breadcrumb\"},\"inLanguage\":\"fr-FR\",\"potentialAction\":[{\"@type\":\"ReadAction\",\"target\":[\"https:\/\/martue.com\/la-bodega-martue\/\"]}]},{\"@type\":\"BreadcrumbList\",\"@id\":\"https:\/\/martue.com\/la-bodega-martue\/#breadcrumb\",\"itemListElement\":[{\"@type\":\"ListItem\",\"position\":1,\"name\":\"Portada\",\"item\":\"https:\/\/martue.com\/\"},{\"@type\":\"ListItem\",\"position\":2,\"name\":\"La bodega Mart\u00fae\"}]},{\"@type\":\"WebSite\",\"@id\":\"https:\/\/martue.com\/#website\",\"url\":\"https:\/\/martue.com\/\",\"name\":\"Bodegas Mart\u00fae - Pago Campo de la Guardia\",\"description\":\"VINO DE PAGO CAMPO DE LA GUARDIA Es la m\u00e1xima calificaci\u00f3n que contempla la legislaci\u00f3n espa\u00f1ola en materia vitivin\u00edcola, por encima de la Denominaci\u00f3n de Origen.\",\"potentialAction\":[{\"@type\":\"SearchAction\",\"target\":{\"@type\":\"EntryPoint\",\"urlTemplate\":\"https:\/\/martue.com\/?s={search_term_string}\"},\"query-input\":{\"@type\":\"PropertyValueSpecification\",\"valueRequired\":true,\"valueName\":\"search_term_string\"}}],\"inLanguage\":\"fr-FR\"}]}<\/script>\n<!-- \/ Yoast SEO plugin. -->","yoast_head_json":{"title":"La bodega Mart\u00fae - Bodegas Mart\u00fae - Pago Campo de la Guardia","robots":{"index":"index","follow":"follow","max-snippet":"max-snippet:-1","max-image-preview":"max-image-preview:large","max-video-preview":"max-video-preview:-1"},"canonical":"https:\/\/martue.com\/fr\/la-bodega-martue\/","og_locale":"fr_FR","og_type":"article","og_title":"La bodega Mart\u00fae - Bodegas Mart\u00fae - Pago Campo de la Guardia","og_description":"&nbsp;&nbsp;&nbsp;&nbsp;&nbsp;&nbsp; La bodega est\u00e1 equipada con los m\u00e1s modernos avances t\u00e9cnicos para la elaboraci\u00f3n de vinos de calidad, objetivo primordial de Mart\u00fae. Las vinificaciones se realizan en dep\u00f3sitos de acero inoxidable dotados con control de la temperatura de fermentaci\u00f3n. Mart\u00fae dispone de un \u00e1rea para la crianza de los vinos emplazada a 7 metros de [&hellip;]","og_url":"https:\/\/martue.com\/fr\/la-bodega-martue\/","og_site_name":"Bodegas Mart\u00fae - Pago Campo de la Guardia","article_modified_time":"2022-03-16T18:23:45+00:00","twitter_card":"summary_large_image","twitter_misc":{"Dur\u00e9e de lecture estim\u00e9e":"7 minutes"},"schema":{"@context":"https:\/\/schema.org","@graph":[{"@type":"WebPage","@id":"https:\/\/martue.com\/la-bodega-martue\/","url":"https:\/\/martue.com\/la-bodega-martue\/","name":"La bodega Mart\u00fae - Bodegas Mart\u00fae - Pago Campo de la Guardia","isPartOf":{"@id":"https:\/\/martue.com\/#website"},"datePublished":"2019-02-06T16:37:41+00:00","dateModified":"2022-03-16T18:23:45+00:00","breadcrumb":{"@id":"https:\/\/martue.com\/la-bodega-martue\/#breadcrumb"},"inLanguage":"fr-FR","potentialAction":[{"@type":"ReadAction","target":["https:\/\/martue.com\/la-bodega-martue\/"]}]},{"@type":"BreadcrumbList","@id":"https:\/\/martue.com\/la-bodega-martue\/#breadcrumb","itemListElement":[{"@type":"ListItem","position":1,"name":"Portada","item":"https:\/\/martue.com\/"},{"@type":"ListItem","position":2,"name":"La bodega Mart\u00fae"}]},{"@type":"WebSite","@id":"https:\/\/martue.com\/#website","url":"https:\/\/martue.com\/","name":"Bodegas Mart\u00fae - Pago Campo de la Guardia","description":"VINO DE PAGO CAMPO DE LA GUARDIA Es la m\u00e1xima calificaci\u00f3n que contempla la legislaci\u00f3n espa\u00f1ola en materia vitivin\u00edcola, por encima de la Denominaci\u00f3n de Origen.","potentialAction":[{"@type":"SearchAction","target":{"@type":"EntryPoint","urlTemplate":"https:\/\/martue.com\/?s={search_term_string}"},"query-input":{"@type":"PropertyValueSpecification","valueRequired":true,"valueName":"search_term_string"}}],"inLanguage":"fr-FR"}]}},"_links":{"self":[{"href":"https:\/\/martue.com\/fr\/wp-json\/wp\/v2\/pages\/290","targetHints":{"allow":["GET"]}}],"collection":[{"href":"https:\/\/martue.com\/fr\/wp-json\/wp\/v2\/pages"}],"about":[{"href":"https:\/\/martue.com\/fr\/wp-json\/wp\/v2\/types\/page"}],"author":[{"embeddable":true,"href":"https:\/\/martue.com\/fr\/wp-json\/wp\/v2\/users\/2"}],"replies":[{"embeddable":true,"href":"https:\/\/martue.com\/fr\/wp-json\/wp\/v2\/comments?post=290"}],"version-history":[{"count":0,"href":"https:\/\/martue.com\/fr\/wp-json\/wp\/v2\/pages\/290\/revisions"}],"wp:attachment":[{"href":"https:\/\/martue.com\/fr\/wp-json\/wp\/v2\/media?parent=290"}],"curies":[{"name":"wp","href":"https:\/\/api.w.org\/{rel}","templated":true}]}}