{"id":292,"date":"2019-02-06T17:38:05","date_gmt":"2019-02-06T16:38:05","guid":{"rendered":"http:\/\/s772331608.mialojamiento.es\/wordpress\/?page_id=292"},"modified":"2021-09-23T01:17:54","modified_gmt":"2021-09-22T23:17:54","slug":"politica-de-calidad-martuela","status":"publish","type":"page","link":"https:\/\/martue.com\/fr\/politica-de-calidad-martuela\/","title":{"rendered":"Pol\u00edtica de Calidad Martuela"},"content":{"rendered":"<p>[et_pb_section fb_built=\u00bb1&#8243; admin_label=\u00bbsection\u00bb _builder_version=\u00bb3.22&#8243; background_color=\u00bb#000000&#8243; custom_margin=\u00bb1px||1px|\u00bb custom_padding=\u00bb||16px|10%|false|false\u00bb][et_pb_row module_class=\u00bb et_pb_row_fullwidth\u00bb _builder_version=\u00bb3.25&#8243; width=\u00bb89%\u00bb width_tablet=\u00bb80%\u00bb width_phone=\u00bb\u00bb width_last_edited=\u00bbon|desktop\u00bb max_width=\u00bb89%\u00bb max_width_tablet=\u00bb80%\u00bb max_width_phone=\u00bb\u00bb max_width_last_edited=\u00bbon|desktop\u00bb module_alignment=\u00bbleft\u00bb custom_margin=\u00bb0%||0%|0px\u00bb custom_padding=\u00bb25px|0px|0px|14px|false|false\u00bb make_fullwidth=\u00bbon\u00bb][et_pb_column type=\u00bb4_4&#8243; _builder_version=\u00bb3.25&#8243; custom_padding=\u00bb|||\u00bb custom_padding__hover=\u00bb|||\u00bb][et_pb_text _builder_version=\u00bb4.5.8&#8243; header_text_color=\u00bb#ffffff\u00bb header_font_size=\u00bb45px\u00bb hover_enabled=\u00bb0&#8243; text_font_size_last_edited=\u00bbon|phone\u00bb text_font_size_phone=\u00bb14px\u00bb header_font_size_last_edited=\u00bbon|phone\u00bb header_font_size_phone=\u00bb25px\u00bb]<\/p>\n<h1>Pol\u00edtica de Calidad Mart\u00fae<\/h1>\n<p>[\/et_pb_text][\/et_pb_column][\/et_pb_row][\/et_pb_section][et_pb_section fb_built=\u00bb1&#8243; admin_label=\u00bbsection\u00bb _builder_version=\u00bb4.5.8&#8243; custom_margin=\u00bb|140px||140px|false|false\u00bb custom_padding=\u00bb|0px||0px|false|false\u00bb hover_enabled=\u00bb0&#8243; custom_margin_last_edited=\u00bbon|phone\u00bb custom_margin_tablet=\u00bb|40px||40px|false|false\u00bb][et_pb_row admin_label=\u00bbrow\u00bb _builder_version=\u00bb3.25&#8243; background_size=\u00bbinitial\u00bb background_position=\u00bbtop_left\u00bb background_repeat=\u00bbrepeat\u00bb hover_enabled=\u00bb0&#8243;][et_pb_column type=\u00bb4_4&#8243; _builder_version=\u00bb3.25&#8243; custom_padding=\u00bb|||\u00bb custom_padding__hover=\u00bb|||\u00bb][et_pb_text admin_label=\u00bbText\u00bb _builder_version=\u00bb4.5.8&#8243; background_size=\u00bbinitial\u00bb background_position=\u00bbtop_left\u00bb background_repeat=\u00bbrepeat\u00bb hover_enabled=\u00bb0&#8243; custom_margin=\u00bb||||false|false\u00bb text_font_size_last_edited=\u00bbon|phone\u00bb text_font_size_phone=\u00bb14px\u00bb header_font_size_last_edited=\u00bbon|phone\u00bb header_font_size_phone=\u00bb40px\u00bb content_last_edited=\u00bbon|phone\u00bb content_phone=\u00bb<\/p>\n<p><span style=\"%22font-size:\" 14px;%22>\u00a0<\/span><strong style=\"%22font-size:\" 14px;%22>BODEGAS MART\u00daE<\/strong><span style=\"%22font-size:\" 14px;%22> <\/span><span style=\"%22font-size:\" 14px;%22>es una empresa certificada conforme a la norma ISO 9001:2015.<\/span><\/p>\n<p><a href=\"%22https:\/\/www.martue.com\/wp-content\/uploads\/skin\/pages\/calidad\/martuela\/certificado-iso-martuela.jpg%22\" data-et-target-link=\"%22_blank%22\" rel=\"%22noopener\" noreferrer%22 style=\"%22font-size:\" 14px; background-color: #ffffff;%22><img class=\"%22small-img\" aligncenter wp-image-789%22 src=\"%22https:\/\/martue.com\/wp-content\/uploads\/2019\/02\/certificado-iso-martuela-212x300.jpg%22\" alt=\"%22%22\" width=\"%22247%22\" height=\"%22349%22\" style=\"%22font-size:\" 14px;%22 \/><\/a><\/p>\n<p>&nbsp;<\/p>\n<p>La Direcci\u00f3n de<strong> BODEGAS MART\u00daE<\/strong> es consciente de la importancia de la obtenci\u00f3n de vinos de <strong>Alta Calidad<\/strong> y que sean <strong>saludables<\/strong> para el consumidor mediante el empleo de t\u00e9cnicas de cultivo y de elaboraci\u00f3n de vino que transmitan fidedignamente las caracter\u00edsticas del <strong>Pago<\/strong> del que procede y que <strong>respeten al m\u00e1ximo el Medio Ambiente<\/strong>.<\/p>\n<p>&nbsp;<\/p>\n<p>Por ello ponemos a su disposici\u00f3n nuestra <a href=\"%22https:\/\/www.martue.com\/wp-content\/uploads\/skin\/pages\/calidad\/martuela\/pdf\/politica-de-calidad-martuela.pdf%22\" data-et-target-link=\"%22_blank%22\" rel=\"%22noopener\" noreferrer%22 data-toggle=\"%22lightbox%22\">POLITICA DE CALIDAD<\/a> donde quedan bien detalladas nuestras exigencias en la elaboraci\u00f3n de nuestros productos.<\/p>\n<p>&nbsp;<\/p>\n<p><strong>BODEGAS MART\u00daE <\/strong>entiende que la calidad es una prioridad de su actuaci\u00f3n que exige un esfuerzo constante para su mantenimiento y progreso.<\/p>\n<p>&nbsp;<\/p>\n<p>\u00ab]<\/p>\n<p>\u00a0<strong style=\"font-size: 20px;\">BODEGAS MART\u00daE <\/strong><span style=\"font-size: 20px;\">es una empresa certificada conforme a la norma ISO 9001:2015.<\/span><\/p>\n<p><a href=\"https:\/\/www.martue.com\/wp-content\/uploads\/skin\/pages\/calidad\/martuela\/certificado-iso-martuela.jpg\" target=\"_blank\" rel=\"noopener noreferrer\"><img loading=\"lazy\" decoding=\"async\" class=\"small-img aligncenter wp-image-789\" src=\"https:\/\/martue.com\/wp-content\/uploads\/2019\/02\/certificado-iso-martuela-212x300.jpg\" alt=\"\" width=\"247\" height=\"349\" \/><\/a><\/p>\n<p>&nbsp;<\/p>\n<p>La Direcci\u00f3n de<strong> BODEGAS MART\u00daE<\/strong> es consciente de la importancia de la obtenci\u00f3n de vinos de <strong>Alta Calidad<\/strong> y que sean <strong>saludables<\/strong> para el consumidor mediante el empleo de t\u00e9cnicas de cultivo y de elaboraci\u00f3n de vino que transmitan fidedignamente las caracter\u00edsticas del <strong>Pago<\/strong> del que procede y que <strong>respeten al m\u00e1ximo el Medio Ambiente<\/strong>.<\/p>\n<p>Por ello ponemos a su disposici\u00f3n nuestra <a href=\"https:\/\/www.martue.com\/wp-content\/uploads\/skin\/pages\/calidad\/martuela\/pdf\/politica-de-calidad-martuela.pdf\" target=\"_blank\" rel=\"noopener noreferrer\" data-toggle=\"lightbox\">POLITICA DE CALIDAD<\/a> donde quedan bien detalladas nuestras exigencias en la elaboraci\u00f3n de nuestros productos.<\/p>\n<p><strong>BODEGAS MART\u00daE <\/strong>entiende que la calidad es una prioridad de su actuaci\u00f3n que exige un esfuerzo constante para su mantenimiento y progreso.<\/p>\n<p>[\/et_pb_text][\/et_pb_column][\/et_pb_row][\/et_pb_section]<\/p>","protected":false},"excerpt":{"rendered":"<p>Pol\u00edtica de Calidad Mart\u00fae \u00a0BODEGAS MART\u00daE es una empresa certificada conforme a la norma ISO 9001:2015. &nbsp; La Direcci\u00f3n de BODEGAS MART\u00daE es consciente de la importancia de la obtenci\u00f3n de vinos de Alta Calidad y que sean saludables para el consumidor mediante el empleo de t\u00e9cnicas de cultivo y de elaboraci\u00f3n de vino que [&hellip;]<\/p>","protected":false},"author":2,"featured_media":0,"parent":0,"menu_order":0,"comment_status":"closed","ping_status":"closed","template":"","meta":{"_et_pb_use_builder":"on","_et_pb_old_content":"<!-- wp:divi\/placeholder \/-->","_et_gb_content_width":"","om_disable_all_campaigns":false,"_joinchat":[],"footnotes":""},"class_list":["post-292","page","type-page","status-publish","hentry"],"yoast_head":"<!-- This site is optimized with the Yoast SEO plugin v24.1 - https:\/\/yoast.com\/wordpress\/plugins\/seo\/ -->\n<title>Pol\u00edtica de Calidad Martuela - Bodegas Mart\u00fae - Pago Campo de la Guardia<\/title>\n<meta name=\"robots\" content=\"index, follow, max-snippet:-1, max-image-preview:large, max-video-preview:-1\" \/>\n<link rel=\"canonical\" href=\"https:\/\/martue.com\/fr\/politica-de-calidad-martuela\/\" \/>\n<meta property=\"og:locale\" content=\"fr_FR\" \/>\n<meta property=\"og:type\" content=\"article\" \/>\n<meta property=\"og:title\" content=\"Pol\u00edtica de Calidad Martuela - Bodegas Mart\u00fae - Pago Campo de la Guardia\" \/>\n<meta property=\"og:description\" content=\"Pol\u00edtica de Calidad Mart\u00fae \u00a0BODEGAS MART\u00daE es una empresa certificada conforme a la norma ISO 9001:2015. &nbsp; La Direcci\u00f3n de BODEGAS MART\u00daE es consciente de la importancia de la obtenci\u00f3n de vinos de Alta Calidad y que sean saludables para el consumidor mediante el empleo de t\u00e9cnicas de cultivo y de elaboraci\u00f3n de vino que [&hellip;]\" \/>\n<meta property=\"og:url\" content=\"https:\/\/martue.com\/fr\/politica-de-calidad-martuela\/\" \/>\n<meta property=\"og:site_name\" content=\"Bodegas Mart\u00fae - Pago Campo de la Guardia\" \/>\n<meta property=\"article:modified_time\" content=\"2021-09-22T23:17:54+00:00\" \/>\n<meta property=\"og:image\" content=\"https:\/\/martue.com\/wp-content\/uploads\/2019\/02\/certificado-iso-martuela-212x300.jpg\" \/>\n<meta name=\"twitter:card\" content=\"summary_large_image\" \/>\n<meta name=\"twitter:label1\" content=\"Dur\u00e9e de lecture estim\u00e9e\" \/>\n\t<meta name=\"twitter:data1\" content=\"3 minutes\" \/>\n<script type=\"application\/ld+json\" class=\"yoast-schema-graph\">{\"@context\":\"https:\/\/schema.org\",\"@graph\":[{\"@type\":\"WebPage\",\"@id\":\"https:\/\/martue.com\/politica-de-calidad-martuela\/\",\"url\":\"https:\/\/martue.com\/politica-de-calidad-martuela\/\",\"name\":\"Pol\u00edtica de Calidad Martuela - Bodegas Mart\u00fae - Pago Campo de la Guardia\",\"isPartOf\":{\"@id\":\"https:\/\/martue.com\/#website\"},\"primaryImageOfPage\":{\"@id\":\"https:\/\/martue.com\/politica-de-calidad-martuela\/#primaryimage\"},\"image\":{\"@id\":\"https:\/\/martue.com\/politica-de-calidad-martuela\/#primaryimage\"},\"thumbnailUrl\":\"https:\/\/martue.com\/wp-content\/uploads\/2019\/02\/certificado-iso-martuela-212x300.jpg\",\"datePublished\":\"2019-02-06T16:38:05+00:00\",\"dateModified\":\"2021-09-22T23:17:54+00:00\",\"breadcrumb\":{\"@id\":\"https:\/\/martue.com\/politica-de-calidad-martuela\/#breadcrumb\"},\"inLanguage\":\"fr-FR\",\"potentialAction\":[{\"@type\":\"ReadAction\",\"target\":[\"https:\/\/martue.com\/politica-de-calidad-martuela\/\"]}]},{\"@type\":\"ImageObject\",\"inLanguage\":\"fr-FR\",\"@id\":\"https:\/\/martue.com\/politica-de-calidad-martuela\/#primaryimage\",\"url\":\"https:\/\/martue.com\/wp-content\/uploads\/2019\/02\/certificado-iso-martuela-212x300.jpg\",\"contentUrl\":\"https:\/\/martue.com\/wp-content\/uploads\/2019\/02\/certificado-iso-martuela-212x300.jpg\"},{\"@type\":\"BreadcrumbList\",\"@id\":\"https:\/\/martue.com\/politica-de-calidad-martuela\/#breadcrumb\",\"itemListElement\":[{\"@type\":\"ListItem\",\"position\":1,\"name\":\"Portada\",\"item\":\"https:\/\/martue.com\/\"},{\"@type\":\"ListItem\",\"position\":2,\"name\":\"Pol\u00edtica de Calidad Martuela\"}]},{\"@type\":\"WebSite\",\"@id\":\"https:\/\/martue.com\/#website\",\"url\":\"https:\/\/martue.com\/\",\"name\":\"Bodegas Mart\u00fae - Pago Campo de la Guardia\",\"description\":\"VINO DE PAGO CAMPO DE LA GUARDIA Es la m\u00e1xima calificaci\u00f3n que contempla la legislaci\u00f3n espa\u00f1ola en materia vitivin\u00edcola, por encima de la Denominaci\u00f3n de Origen.\",\"potentialAction\":[{\"@type\":\"SearchAction\",\"target\":{\"@type\":\"EntryPoint\",\"urlTemplate\":\"https:\/\/martue.com\/?s={search_term_string}\"},\"query-input\":{\"@type\":\"PropertyValueSpecification\",\"valueRequired\":true,\"valueName\":\"search_term_string\"}}],\"inLanguage\":\"fr-FR\"}]}<\/script>\n<!-- \/ Yoast SEO plugin. -->","yoast_head_json":{"title":"Pol\u00edtica de Calidad Martuela - Bodegas Mart\u00fae - Pago Campo de la Guardia","robots":{"index":"index","follow":"follow","max-snippet":"max-snippet:-1","max-image-preview":"max-image-preview:large","max-video-preview":"max-video-preview:-1"},"canonical":"https:\/\/martue.com\/fr\/politica-de-calidad-martuela\/","og_locale":"fr_FR","og_type":"article","og_title":"Pol\u00edtica de Calidad Martuela - Bodegas Mart\u00fae - Pago Campo de la Guardia","og_description":"Pol\u00edtica de Calidad Mart\u00fae \u00a0BODEGAS MART\u00daE es una empresa certificada conforme a la norma ISO 9001:2015. &nbsp; La Direcci\u00f3n de BODEGAS MART\u00daE es consciente de la importancia de la obtenci\u00f3n de vinos de Alta Calidad y que sean saludables para el consumidor mediante el empleo de t\u00e9cnicas de cultivo y de elaboraci\u00f3n de vino que [&hellip;]","og_url":"https:\/\/martue.com\/fr\/politica-de-calidad-martuela\/","og_site_name":"Bodegas Mart\u00fae - Pago Campo de la Guardia","article_modified_time":"2021-09-22T23:17:54+00:00","og_image":[{"url":"https:\/\/martue.com\/wp-content\/uploads\/2019\/02\/certificado-iso-martuela-212x300.jpg","type":"","width":"","height":""}],"twitter_card":"summary_large_image","twitter_misc":{"Dur\u00e9e de lecture estim\u00e9e":"3 minutes"},"schema":{"@context":"https:\/\/schema.org","@graph":[{"@type":"WebPage","@id":"https:\/\/martue.com\/politica-de-calidad-martuela\/","url":"https:\/\/martue.com\/politica-de-calidad-martuela\/","name":"Pol\u00edtica de Calidad Martuela - Bodegas Mart\u00fae - Pago Campo de la Guardia","isPartOf":{"@id":"https:\/\/martue.com\/#website"},"primaryImageOfPage":{"@id":"https:\/\/martue.com\/politica-de-calidad-martuela\/#primaryimage"},"image":{"@id":"https:\/\/martue.com\/politica-de-calidad-martuela\/#primaryimage"},"thumbnailUrl":"https:\/\/martue.com\/wp-content\/uploads\/2019\/02\/certificado-iso-martuela-212x300.jpg","datePublished":"2019-02-06T16:38:05+00:00","dateModified":"2021-09-22T23:17:54+00:00","breadcrumb":{"@id":"https:\/\/martue.com\/politica-de-calidad-martuela\/#breadcrumb"},"inLanguage":"fr-FR","potentialAction":[{"@type":"ReadAction","target":["https:\/\/martue.com\/politica-de-calidad-martuela\/"]}]},{"@type":"ImageObject","inLanguage":"fr-FR","@id":"https:\/\/martue.com\/politica-de-calidad-martuela\/#primaryimage","url":"https:\/\/martue.com\/wp-content\/uploads\/2019\/02\/certificado-iso-martuela-212x300.jpg","contentUrl":"https:\/\/martue.com\/wp-content\/uploads\/2019\/02\/certificado-iso-martuela-212x300.jpg"},{"@type":"BreadcrumbList","@id":"https:\/\/martue.com\/politica-de-calidad-martuela\/#breadcrumb","itemListElement":[{"@type":"ListItem","position":1,"name":"Portada","item":"https:\/\/martue.com\/"},{"@type":"ListItem","position":2,"name":"Pol\u00edtica de Calidad Martuela"}]},{"@type":"WebSite","@id":"https:\/\/martue.com\/#website","url":"https:\/\/martue.com\/","name":"Bodegas Mart\u00fae - Pago Campo de la Guardia","description":"VINO DE PAGO CAMPO DE LA GUARDIA Es la m\u00e1xima calificaci\u00f3n que contempla la legislaci\u00f3n espa\u00f1ola en materia vitivin\u00edcola, por encima de la Denominaci\u00f3n de Origen.","potentialAction":[{"@type":"SearchAction","target":{"@type":"EntryPoint","urlTemplate":"https:\/\/martue.com\/?s={search_term_string}"},"query-input":{"@type":"PropertyValueSpecification","valueRequired":true,"valueName":"search_term_string"}}],"inLanguage":"fr-FR"}]}},"_links":{"self":[{"href":"https:\/\/martue.com\/fr\/wp-json\/wp\/v2\/pages\/292","targetHints":{"allow":["GET"]}}],"collection":[{"href":"https:\/\/martue.com\/fr\/wp-json\/wp\/v2\/pages"}],"about":[{"href":"https:\/\/martue.com\/fr\/wp-json\/wp\/v2\/types\/page"}],"author":[{"embeddable":true,"href":"https:\/\/martue.com\/fr\/wp-json\/wp\/v2\/users\/2"}],"replies":[{"embeddable":true,"href":"https:\/\/martue.com\/fr\/wp-json\/wp\/v2\/comments?post=292"}],"version-history":[{"count":0,"href":"https:\/\/martue.com\/fr\/wp-json\/wp\/v2\/pages\/292\/revisions"}],"wp:attachment":[{"href":"https:\/\/martue.com\/fr\/wp-json\/wp\/v2\/media?parent=292"}],"curies":[{"name":"wp","href":"https:\/\/api.w.org\/{rel}","templated":true}]}}