{"id":294,"date":"2019-02-06T17:38:21","date_gmt":"2019-02-06T16:38:21","guid":{"rendered":"http:\/\/s772331608.mialojamiento.es\/wordpress\/?page_id=294"},"modified":"2022-03-16T19:30:33","modified_gmt":"2022-03-16T18:30:33","slug":"la-bodega-nieva","status":"publish","type":"page","link":"https:\/\/martue.com\/fr\/la-bodega-nieva\/","title":{"rendered":"Le domaine viticole Nieva"},"content":{"rendered":"<p>[et_pb_section fb_built=\u00bb1&#8243; _builder_version=\u00bb3.22&#8243; custom_margin=\u00bb-10%||\u00bb custom_padding=\u00bb0px|0px|0px|0px|false|false\u00bb][et_pb_row module_class=\u00bb et_pb_row_fullwidth\u00bb _builder_version=\u00bb3.25&#8243; background_size=\u00bbinitial\u00bb background_position=\u00bbtop_left\u00bb background_repeat=\u00bbrepeat\u00bb width_tablet=\u00bb100%\u00bb width_phone=\u00bb\u00bb width_last_edited=\u00bbon|desktop\u00bb max_width=\u00bb100%\u00bb max_width_tablet=\u00bb100%\u00bb max_width_phone=\u00bb\u00bb max_width_last_edited=\u00bbon|desktop\u00bb make_fullwidth=\u00bbon\u00bb][et_pb_column type=\u00bb4_4&#8243; _builder_version=\u00bb3.25&#8243; custom_padding=\u00bb|||\u00bb custom_padding__hover=\u00bb|||\u00bb][et_pb_slider _builder_version=\u00bb4.5.8&#8243; height=\u00bbauto\u00bb height_tablet=\u00bb\u00bb height_phone=\u00bb450px\u00bb height_last_edited=\u00bbon|tablet\u00bb custom_margin=\u00bb0px||\u00bb custom_margin_tablet=\u00bb-33px||\u00bb custom_margin_phone=\u00bb-80px||||false|false\u00bb custom_margin_last_edited=\u00bbon|desktop\u00bb custom_padding=\u00bb180px||\u00bb custom_padding_tablet=\u00bb\u00bb custom_padding_phone=\u00bb\u00bb custom_padding_last_edited=\u00bbon|phone\u00bb][et_pb_slide use_bg_overlay=\u00bboff\u00bb use_text_overlay=\u00bboff\u00bb _builder_version=\u00bb4.5.8&#8243; background_color=\u00bbrgba(126,190,197,0)\u00bb background_image=\u00bbhttps:\/\/martue.com\/wp-content\/uploads\/2021\/01\/NIeva-2012-0354-scaled.jpg\u00bb background_enable_image=\u00bbon\u00bb button_on_hover=\u00bbon\u00bb]<\/p>\n<p>&nbsp;<\/p>\n<p>&nbsp;<\/p>\n<p>&nbsp;<\/p>\n<p>&nbsp;<\/p>\n<p>&nbsp;<\/p>\n<p>[\/et_pb_slide][et_pb_slide use_bg_overlay=\u00bboff\u00bb use_text_overlay=\u00bboff\u00bb _builder_version=\u00bb4.5.8&#8243; background_image=\u00bbhttps:\/\/martue.com\/wp-content\/uploads\/2021\/01\/pecera.jpg\u00bb background_enable_image=\u00bbon\u00bb button_on_hover=\u00bbon\u00bb][\/et_pb_slide][et_pb_slide use_bg_overlay=\u00bboff\u00bb use_text_overlay=\u00bboff\u00bb _builder_version=\u00bb3.17.6&#8243; background_image=\u00bbhttps:\/\/www.martue.com\/wp-content\/uploads\/skin\/pages\/slider\/nieva\/bodega\/nieva-slide-5.jpg\u00bb button_on_hover=\u00bbon\u00bb][\/et_pb_slide][et_pb_slide use_bg_overlay=\u00bboff\u00bb use_text_overlay=\u00bboff\u00bb _builder_version=\u00bb3.17.6&#8243; background_image=\u00bbhttps:\/\/www.martue.com\/wp-content\/uploads\/skin\/pages\/slider\/nieva\/bodega\/nieva-slide-1.jpg\u00bb button_on_hover=\u00bbon\u00bb][\/et_pb_slide][\/et_pb_slider][et_pb_text content_tablet=\u00bb<\/p>\n<div class=\"%22col-md-12%22\">\n<div class=\"%22col-md-12%22\">\n<div class=\"%22col-md-12%22\">\n<div class=\"%22col-md-12%22\">\n<p class=\"%22martue-category-text%22\" style=\"%22text-align:\" justify;%22><strong>La cave, r\u00e9cemment r\u00e9nov\u00e9e, est con\u00e7ue pour l'utilisation de notre c\u00e9page Verdejo, si appr\u00e9ci\u00e9 sur le march\u00e9 national et international. Poursuivant les traditions et apportant les nouvelles tendances viticoles, la plus haute technologie est utilis\u00e9e pour donner aux vins les soins dont ils ont besoin. Conform\u00e9ment \u00e0 notre philosophie, la production de vins blancs chez Bodegas y Vi\u00f1edos Nieva est traditionnelle.<\/strong><\/p>\n<p class=\"%22martue-category-text%22\" style=\"%22text-align:\" justify;%22><strong>Les raisins issus des vignes paliss\u00e9es sont r\u00e9colt\u00e9s la nuit afin de ne pas les exposer aux temp\u00e9ratures \u00e9lev\u00e9es de la journ\u00e9e, arrivant ainsi \u00e0 la cave dans des conditions parfaites. En revanche, les raisins de nos vieilles vignes sont r\u00e9colt\u00e9s de jour en raison de la difficult\u00e9 et du soin que ce processus implique dans ces vieilles vignes.<\/strong><\/p>\n<p class=\"%22martue-category-text%22\" style=\"%22text-align:\" justify;%22><strong>En combinant l'utilisation de raisins de vieilles vignes dans des verres grillag\u00e9s de plus de 20 ans, les produits de la gamme \u00ab BLANCO NIEVA \u00bb sont obtenus avec la volont\u00e9 d'offrir la plus haute qualit\u00e9 au consommateur.<\/strong><\/p>\n<\/div>\n<\/div>\n<\/div>\n<\/div>\n<p>\u00bb content_phone=\u00bb<\/p>\n<p class=\"%22martue-category-text%22\"><strong>La cave, r\u00e9cemment r\u00e9nov\u00e9e, est con\u00e7ue pour l'utilisation de notre c\u00e9page Verdejo, si appr\u00e9ci\u00e9 sur le march\u00e9 national et international. Poursuivant les traditions et apportant les nouvelles tendances viticoles, la plus haute technologie est utilis\u00e9e pour donner aux vins les soins dont ils ont besoin. Conform\u00e9ment \u00e0 notre philosophie, la production de vins blancs chez Bodegas y Vi\u00f1edos Nieva est traditionnelle.<\/strong><\/p>\n<p class=\"%22martue-category-text%22\"><strong>Les raisins issus des vignes paliss\u00e9es sont r\u00e9colt\u00e9s la nuit afin de ne pas les exposer aux temp\u00e9ratures \u00e9lev\u00e9es de la journ\u00e9e, arrivant ainsi \u00e0 la cave dans des conditions parfaites. En revanche, les raisins de nos vieilles vignes sont r\u00e9colt\u00e9s de jour en raison de la difficult\u00e9 et du soin que ce processus implique dans ces vieilles vignes.<\/strong><\/p>\n<p class=\"%22martue-category-text%22\"><strong>En combinant l'utilisation de raisins de vieilles vignes dans des verres grillag\u00e9s de plus de 20 ans, les produits de la gamme \u00ab BLANCO NIEVA \u00bb sont obtenus avec la volont\u00e9 d'offrir la plus haute qualit\u00e9 au consommateur.<\/strong><\/p>\n<p>\u00bb content_last_edited=\u00bbon|phone\u00bb _builder_version=\u00bb4.5.8&#8243; custom_padding=\u00bb3%|8%|3%|8%|true|true\u00bb text_font_size_tablet=\u00bb\u00bb text_font_size_phone=\u00bb14px\u00bb text_font_size_last_edited=\u00bbon|phone\u00bb]<\/p>\n<div class=\"col-md-12\">\n<div class=\"col-md-12\">\n<div class=\"col-md-12\">\n<div class=\"col-md-12\">\n<p class=\"martue-category-text\" style=\"text-align: justify;\">La cave, r\u00e9cemment r\u00e9nov\u00e9e, est con\u00e7ue pour l'utilisation de notre c\u00e9page Verdejo, si appr\u00e9ci\u00e9 sur le march\u00e9 national et international. Poursuivant les traditions et apportant les nouvelles tendances viticoles, la plus haute technologie est utilis\u00e9e pour donner aux vins les soins dont ils ont besoin. Conform\u00e9ment \u00e0 notre philosophie, la production de vins blancs chez Bodegas y Vi\u00f1edos Nieva est traditionnelle.<\/p>\n<p class=\"martue-category-text\" style=\"text-align: justify;\">Les raisins issus des vignes paliss\u00e9es sont r\u00e9colt\u00e9s la nuit afin de ne pas les exposer aux temp\u00e9ratures \u00e9lev\u00e9es de la journ\u00e9e, arrivant ainsi \u00e0 la cave dans des conditions parfaites. En revanche, les raisins de nos vieilles vignes sont r\u00e9colt\u00e9s de jour en raison de la difficult\u00e9 et du soin que ce processus implique dans ces vieilles vignes.<\/p>\n<p class=\"martue-category-text\" style=\"text-align: justify;\">En combinant l'utilisation de raisins de vieilles vignes dans des verres grillag\u00e9s de plus de 20 ans, les produits de la gamme \u00ab BLANCO NIEVA \u00bb sont obtenus avec la volont\u00e9 d'offrir la plus haute qualit\u00e9 au consommateur.<\/p>\n<\/div>\n<\/div>\n<\/div>\n<\/div>\n<p>[\/et_pb_text][et_pb_text _builder_version=\u00bb4.5.8&#8243; text_font=\u00bb||||||||\u00bb text_orientation=\u00bbcenter\u00bb]<\/p>\n<div class=\"ma-upsellslider-title\">\n<h2>Tu pourrais aussi aimer<\/h2>\n<\/p><\/div>\n<p>[\/et_pb_text][\/et_pb_column][\/et_pb_row][et_pb_row column_structure=\u00bb1_3,1_3,1_3&#8243; make_equal=\u00bbon\u00bb module_class=\u00bb et_pb_row_fullwidth\u00bb _builder_version=\u00bb3.25&#8243; background_color=\u00bb#ffffff\u00bb width=\u00bb89%\u00bb width_tablet=\u00bb80%\u00bb width_phone=\u00bb\u00bb width_last_edited=\u00bbon|desktop\u00bb max_width=\u00bb89%\u00bb max_width_tablet=\u00bb80%\u00bb max_width_phone=\u00bb\u00bb max_width_last_edited=\u00bbon|desktop\u00bb custom_padding=\u00bb0|0px|27px|0px|false|false\u00bb make_fullwidth=\u00bbon\u00bb][et_pb_column type=\u00bb1_3&#8243; _builder_version=\u00bb3.25&#8243; custom_padding=\u00bb|||\u00bb custom_padding__hover=\u00bb|||\u00bb][et_pb_blurb title=\u00bbHistoria de Blanco Nieva\u00bb image=\u00bbhttps:\/\/www.martue.com\/wp-content\/uploads\/skin\/pages\/grid\/nieva\/lafinca\/nieva-la-familia.jpg\u00bb content_max_width=\u00bb443px\u00bb title_tablet=\u00bb\u00bb title_phone=\u00bb\u00bb title_last_edited=\u00bbon|desktop\u00bb content_tablet=\u00bb<\/p>\n<p><strong>La localisation du vignoble dans la r\u00e9gion de Nieva remonte au XIIe si\u00e8cle lorsque la commercialisation de ses vins commen\u00e7a avec l'essor de la Chartreuse, atteignant sa production maximale de raisin au XIXe si\u00e8cle.<\/strong><\/p>\n<\/p>\n<p>\u00bb content_phone=\u00bb<\/p>\n<p><strong>La localisation du vignoble dans la r\u00e9gion de Nieva remonte au XIIe si\u00e8cle lorsque la commercialisation de ses vins commen\u00e7a avec l'essor de la Chartreuse, atteignant sa production maximale de raisin au XIXe si\u00e8cle.<\/strong><\/p>\n<\/p>\n<p>\u00bb content_last_edited=\u00bbon|desktop\u00bb _builder_version=\u00bb4.5.8&#8243; header_font=\u00bb|700||on|||||\u00bb header_text_align=\u00bbcenter\u00bb body_font=\u00bb||||||||\u00bb body_text_align=\u00bbcenter\u00bb custom_margin=\u00bb||10px||false|false\u00bb body_font_size_tablet=\u00bb\u00bb body_font_size_phone=\u00bb14px\u00bb body_font_size_last_edited=\u00bbon|phone\u00bb]<\/p>\n<p>La localisation du vignoble dans la r\u00e9gion de Nieva remonte au XIIe si\u00e8cle lorsque la commercialisation de ses vins commen\u00e7a avec l'essor de la Chartreuse, atteignant sa production maximale de raisin au XIXe si\u00e8cle.<\/p>\n<p>&nbsp;<\/p>\n<p>[\/et_pb_blurb][et_pb_button button_url=\u00bbhttps:\/\/martue.com\/nieva\/\u00bb button_text=\u00bbSaber m\u00e1s\u00bb button_alignment=\u00bbcenter\u00bb _builder_version=\u00bb4.5.8&#8243; custom_button=\u00bbon\u00bb button_text_color=\u00bb#ffffff\u00bb button_bg_color=\u00bb#be0216&#8243; button_font=\u00bb||||||||\u00bb custom_margin=\u00bb||10px||false|false\u00bb][\/et_pb_button][\/et_pb_column][et_pb_column type=\u00bb1_3&#8243; _builder_version=\u00bb3.25&#8243; custom_padding=\u00bb|||\u00bb custom_padding__hover=\u00bb|||\u00bb][et_pb_blurb title=\u00bbLa finca\u00bb image=\u00bbhttps:\/\/martue.com\/wp-content\/uploads\/2022\/03\/nieva-la-finca.jpg\u00bb content_max_width=\u00bb450px\u00bb content_tablet=\u00bb<\/p>\n<p><strong>Blanco Nieva poss\u00e8de 60 hectares de vignes, 54 hectares de Verdejo, dont 12 de Pie Franco issus de vignes de plus de 100 ans, et 6 hectares de Sauvignon Blanc.<\/strong><\/p>\n<p>&nbsp;<\/p>\n<p>\u00bb content_phone=\u00bb<\/p>\n<p><strong>Blanco Nieva poss\u00e8de 60 hectares de vignes, 54 hectares de Verdejo, dont 12 de Pie Franco issus de vignes de plus de 100 ans, et 6 hectares de Sauvignon Blanc.<\/strong><\/p>\n<p><strong><\/strong><\/p>\n<p>\u00bb content_last_edited=\u00bbon|phone\u00bb _builder_version=\u00bb4.5.8&#8243; header_font=\u00bb|700||on|||||\u00bb header_text_align=\u00bbcenter\u00bb body_font=\u00bb||||||||\u00bb body_text_align=\u00bbcenter\u00bb custom_margin=\u00bb||10px||false|false\u00bb hover_enabled=\u00bb0&#8243; body_font_size_tablet=\u00bb\u00bb body_font_size_phone=\u00bb14px\u00bb body_font_size_last_edited=\u00bbon|phone\u00bb]<\/p>\n<p>Blanco Nieva poss\u00e8de 60 hectares de vignes, 54 hectares de Verdejo, dont 12 de Pie Franco issus de vignes de plus de 100 ans, et 6 hectares de Sauvignon Blanc.<\/p>\n<p>&nbsp;<\/p>\n<p>[\/et_pb_blurb][et_pb_button button_url=\u00bbhttps:\/\/martue.com\/la-finca-nieva\/\u00bb button_text=\u00bbSaber m\u00e1s\u00bb button_alignment=\u00bbcenter\u00bb _builder_version=\u00bb4.5.8&#8243; custom_button=\u00bbon\u00bb button_text_color=\u00bb#ffffff\u00bb button_bg_color=\u00bb#be0216&#8243; button_font=\u00bb||||||||\u00bb custom_margin=\u00bb||10px||false|false\u00bb][\/et_pb_button][\/et_pb_column][et_pb_column type=\u00bb1_3&#8243; _builder_version=\u00bb3.25&#8243; custom_padding=\u00bb|||\u00bb custom_padding__hover=\u00bb|||\u00bb][et_pb_blurb title=\u00bbLos vinos\u00bb image=\u00bbhttps:\/\/martue.com\/wp-content\/uploads\/2022\/03\/NIEVA4VINOS-4.jpg\u00bb content_max_width=\u00bb443px\u00bb content_tablet=\u00bb<\/p>\n<p><strong>Nos vins ont tous les bons c\u00f4t\u00e9s de Rueda dans nos domaines de S\u00e9govie, avec des altitudes plus \u00e9lev\u00e9es et des climats plus froids, avec la personnalit\u00e9 incomparable de Mart\u00fae.<\/strong><\/p>\n<\/p>\n<p>\u00bb content_phone=\u00bb<\/p>\n<p><strong>Nos vins ont tous les bons c\u00f4t\u00e9s de Rueda dans nos domaines de S\u00e9govie, avec des altitudes plus \u00e9lev\u00e9es et des climats plus froids, avec la personnalit\u00e9 incomparable de Mart\u00fae.<\/strong><\/p>\n<\/p>\n<p>\u00bb content_last_edited=\u00bbon|desktop\u00bb _builder_version=\u00bb4.5.8&#8243; header_font=\u00bb|700||on|||||\u00bb header_text_align=\u00bbcenter\u00bb body_font=\u00bb||||||||\u00bb body_text_align=\u00bbcenter\u00bb custom_margin=\u00bb||10px||false|false\u00bb body_font_size_tablet=\u00bb\u00bb body_font_size_phone=\u00bb14px\u00bb body_font_size_last_edited=\u00bbon|phone\u00bb]<\/p>\n<p>Nos vins ont tous les bons c\u00f4t\u00e9s de Rueda dans nos domaines de S\u00e9govie, avec des altitudes plus \u00e9lev\u00e9es et des climats plus froids, avec la personnalit\u00e9 incomparable de Mart\u00fae.<\/p>\n<p>&nbsp;<\/p>\n<p>[\/et_pb_blurb][et_pb_button button_url=\u00bbhttps:\/\/martue.com\/vinos\/\u00bb button_text=\u00bbSaber m\u00e1s\u00bb button_alignment=\u00bbcenter\u00bb _builder_version=\u00bb3.19.9&#8243; custom_button=\u00bbon\u00bb button_text_color=\u00bb#ffffff\u00bb button_bg_color=\u00bb#be0216&#8243; button_font=\u00bb||||||||\u00bb][\/et_pb_button][\/et_pb_column][\/et_pb_row][\/et_pb_section]<\/p>","protected":false},"excerpt":{"rendered":"<p>&nbsp; &nbsp; &nbsp; &nbsp; &nbsp; La bodega, reci\u00e9n remodelada, est\u00e1 concebida para el aprovechamiento de nuestra uva Verdejo, tan apreciada en el mercado nacional e internacional. Siguiendo con las tradiciones y aportando las nuevas tendencias de viticultura, se utiliza la m\u00e1s alta tecnolog\u00eda para dar a los vinos el cuidado que requieren. En sinton\u00eda con [&hellip;]<\/p>","protected":false},"author":2,"featured_media":0,"parent":0,"menu_order":0,"comment_status":"closed","ping_status":"closed","template":"","meta":{"_et_pb_use_builder":"on","_et_pb_old_content":"<!-- wp:divi\/placeholder \/-->","_et_gb_content_width":"","om_disable_all_campaigns":false,"_joinchat":[],"footnotes":""},"class_list":["post-294","page","type-page","status-publish","hentry"],"yoast_head":"<!-- This site is optimized with the Yoast SEO plugin v24.1 - https:\/\/yoast.com\/wordpress\/plugins\/seo\/ -->\n<title>La bodega Nieva - Bodegas Mart\u00fae - Pago Campo de la Guardia<\/title>\n<meta name=\"robots\" content=\"index, follow, max-snippet:-1, max-image-preview:large, max-video-preview:-1\" \/>\n<link rel=\"canonical\" href=\"https:\/\/martue.com\/fr\/la-bodega-nieva\/\" \/>\n<meta property=\"og:locale\" content=\"fr_FR\" \/>\n<meta property=\"og:type\" content=\"article\" \/>\n<meta property=\"og:title\" content=\"La bodega Nieva - Bodegas Mart\u00fae - Pago Campo de la Guardia\" \/>\n<meta property=\"og:description\" content=\"&nbsp; &nbsp; &nbsp; &nbsp; &nbsp; La bodega, reci\u00e9n remodelada, est\u00e1 concebida para el aprovechamiento de nuestra uva Verdejo, tan apreciada en el mercado nacional e internacional. Siguiendo con las tradiciones y aportando las nuevas tendencias de viticultura, se utiliza la m\u00e1s alta tecnolog\u00eda para dar a los vinos el cuidado que requieren. En sinton\u00eda con [&hellip;]\" \/>\n<meta property=\"og:url\" content=\"https:\/\/martue.com\/fr\/la-bodega-nieva\/\" \/>\n<meta property=\"og:site_name\" content=\"Bodegas Mart\u00fae - Pago Campo de la Guardia\" \/>\n<meta property=\"article:modified_time\" content=\"2022-03-16T18:30:33+00:00\" \/>\n<meta name=\"twitter:card\" content=\"summary_large_image\" \/>\n<meta name=\"twitter:label1\" content=\"Dur\u00e9e de lecture estim\u00e9e\" \/>\n\t<meta name=\"twitter:data1\" content=\"8 minutes\" \/>\n<script type=\"application\/ld+json\" class=\"yoast-schema-graph\">{\"@context\":\"https:\/\/schema.org\",\"@graph\":[{\"@type\":\"WebPage\",\"@id\":\"https:\/\/martue.com\/la-bodega-nieva\/\",\"url\":\"https:\/\/martue.com\/la-bodega-nieva\/\",\"name\":\"La bodega Nieva - Bodegas Mart\u00fae - Pago Campo de la Guardia\",\"isPartOf\":{\"@id\":\"https:\/\/martue.com\/#website\"},\"datePublished\":\"2019-02-06T16:38:21+00:00\",\"dateModified\":\"2022-03-16T18:30:33+00:00\",\"breadcrumb\":{\"@id\":\"https:\/\/martue.com\/la-bodega-nieva\/#breadcrumb\"},\"inLanguage\":\"fr-FR\",\"potentialAction\":[{\"@type\":\"ReadAction\",\"target\":[\"https:\/\/martue.com\/la-bodega-nieva\/\"]}]},{\"@type\":\"BreadcrumbList\",\"@id\":\"https:\/\/martue.com\/la-bodega-nieva\/#breadcrumb\",\"itemListElement\":[{\"@type\":\"ListItem\",\"position\":1,\"name\":\"Portada\",\"item\":\"https:\/\/martue.com\/\"},{\"@type\":\"ListItem\",\"position\":2,\"name\":\"La bodega Nieva\"}]},{\"@type\":\"WebSite\",\"@id\":\"https:\/\/martue.com\/#website\",\"url\":\"https:\/\/martue.com\/\",\"name\":\"Bodegas Mart\u00fae - Pago Campo de la Guardia\",\"description\":\"VINO DE PAGO CAMPO DE LA GUARDIA Es la m\u00e1xima calificaci\u00f3n que contempla la legislaci\u00f3n espa\u00f1ola en materia vitivin\u00edcola, por encima de la Denominaci\u00f3n de Origen.\",\"potentialAction\":[{\"@type\":\"SearchAction\",\"target\":{\"@type\":\"EntryPoint\",\"urlTemplate\":\"https:\/\/martue.com\/?s={search_term_string}\"},\"query-input\":{\"@type\":\"PropertyValueSpecification\",\"valueRequired\":true,\"valueName\":\"search_term_string\"}}],\"inLanguage\":\"fr-FR\"}]}<\/script>\n<!-- \/ Yoast SEO plugin. -->","yoast_head_json":{"title":"La bodega Nieva - Bodegas Mart\u00fae - Pago Campo de la Guardia","robots":{"index":"index","follow":"follow","max-snippet":"max-snippet:-1","max-image-preview":"max-image-preview:large","max-video-preview":"max-video-preview:-1"},"canonical":"https:\/\/martue.com\/fr\/la-bodega-nieva\/","og_locale":"fr_FR","og_type":"article","og_title":"La bodega Nieva - Bodegas Mart\u00fae - Pago Campo de la Guardia","og_description":"&nbsp; &nbsp; &nbsp; &nbsp; &nbsp; La bodega, reci\u00e9n remodelada, est\u00e1 concebida para el aprovechamiento de nuestra uva Verdejo, tan apreciada en el mercado nacional e internacional. Siguiendo con las tradiciones y aportando las nuevas tendencias de viticultura, se utiliza la m\u00e1s alta tecnolog\u00eda para dar a los vinos el cuidado que requieren. En sinton\u00eda con [&hellip;]","og_url":"https:\/\/martue.com\/fr\/la-bodega-nieva\/","og_site_name":"Bodegas Mart\u00fae - Pago Campo de la Guardia","article_modified_time":"2022-03-16T18:30:33+00:00","twitter_card":"summary_large_image","twitter_misc":{"Dur\u00e9e de lecture estim\u00e9e":"8 minutes"},"schema":{"@context":"https:\/\/schema.org","@graph":[{"@type":"WebPage","@id":"https:\/\/martue.com\/la-bodega-nieva\/","url":"https:\/\/martue.com\/la-bodega-nieva\/","name":"La bodega Nieva - Bodegas Mart\u00fae - Pago Campo de la Guardia","isPartOf":{"@id":"https:\/\/martue.com\/#website"},"datePublished":"2019-02-06T16:38:21+00:00","dateModified":"2022-03-16T18:30:33+00:00","breadcrumb":{"@id":"https:\/\/martue.com\/la-bodega-nieva\/#breadcrumb"},"inLanguage":"fr-FR","potentialAction":[{"@type":"ReadAction","target":["https:\/\/martue.com\/la-bodega-nieva\/"]}]},{"@type":"BreadcrumbList","@id":"https:\/\/martue.com\/la-bodega-nieva\/#breadcrumb","itemListElement":[{"@type":"ListItem","position":1,"name":"Portada","item":"https:\/\/martue.com\/"},{"@type":"ListItem","position":2,"name":"La bodega Nieva"}]},{"@type":"WebSite","@id":"https:\/\/martue.com\/#website","url":"https:\/\/martue.com\/","name":"Bodegas Mart\u00fae - Pago Campo de la Guardia","description":"VINO DE PAGO CAMPO DE LA GUARDIA Es la m\u00e1xima calificaci\u00f3n que contempla la legislaci\u00f3n espa\u00f1ola en materia vitivin\u00edcola, por encima de la Denominaci\u00f3n de Origen.","potentialAction":[{"@type":"SearchAction","target":{"@type":"EntryPoint","urlTemplate":"https:\/\/martue.com\/?s={search_term_string}"},"query-input":{"@type":"PropertyValueSpecification","valueRequired":true,"valueName":"search_term_string"}}],"inLanguage":"fr-FR"}]}},"_links":{"self":[{"href":"https:\/\/martue.com\/fr\/wp-json\/wp\/v2\/pages\/294","targetHints":{"allow":["GET"]}}],"collection":[{"href":"https:\/\/martue.com\/fr\/wp-json\/wp\/v2\/pages"}],"about":[{"href":"https:\/\/martue.com\/fr\/wp-json\/wp\/v2\/types\/page"}],"author":[{"embeddable":true,"href":"https:\/\/martue.com\/fr\/wp-json\/wp\/v2\/users\/2"}],"replies":[{"embeddable":true,"href":"https:\/\/martue.com\/fr\/wp-json\/wp\/v2\/comments?post=294"}],"version-history":[{"count":0,"href":"https:\/\/martue.com\/fr\/wp-json\/wp\/v2\/pages\/294\/revisions"}],"wp:attachment":[{"href":"https:\/\/martue.com\/fr\/wp-json\/wp\/v2\/media?parent=294"}],"curies":[{"name":"wp","href":"https:\/\/api.w.org\/{rel}","templated":true}]}}