{"id":11634,"date":"2020-12-18T00:07:57","date_gmt":"2020-12-17T23:07:57","guid":{"rendered":"https:\/\/martue.com\/?post_type=product&#038;p=11634"},"modified":"2024-07-11T08:08:45","modified_gmt":"2024-07-11T06:08:45","slug":"martue-syrah-2017","status":"publish","type":"product","link":"https:\/\/martue.com\/fr\/produit\/martue-syrah-2017\/","title":{"rendered":"Mart\u00fae Syrah 2017"},"content":{"rendered":"<p>[et_pb_section fb_built=\u00bb1&#8243; _builder_version=\u00bb4.5.8&#8243; _module_preset=\u00bbdefault\u00bb][et_pb_row _builder_version=\u00bb3.25&#8243; background_size=\u00bbinitial\u00bb background_position=\u00bbtop_left\u00bb background_repeat=\u00bbrepeat\u00bb custom_padding=\u00bb0px||0px||false|false\u00bb][et_pb_column type=\u00bb4_4&#8243; _builder_version=\u00bb3.25&#8243; custom_padding=\u00bb|||\u00bb custom_padding__hover=\u00bb|||\u00bb][et_pb_wc_cart_notice admin_label=\u00bbAviso del carro de Woo\u00bb _builder_version=\u00bb3.0.47&#8243;][\/et_pb_wc_cart_notice][\/et_pb_column][\/et_pb_row][et_pb_row column_structure=\u00bb1_2,1_2&#8243; _builder_version=\u00bb3.25&#8243; background_size=\u00bbinitial\u00bb background_position=\u00bbtop_left\u00bb background_repeat=\u00bbrepeat\u00bb custom_padding=\u00bb0px||||false|false\u00bb][et_pb_column type=\u00bb1_2&#8243; _builder_version=\u00bb3.25&#8243; custom_padding=\u00bb|||\u00bb custom_padding__hover=\u00bb|||\u00bb][et_pb_wc_images show_product_image=\u00bbon\u00bb show_product_gallery=\u00bboff\u00bb show_sale_badge=\u00bboff\u00bb _builder_version=\u00bb4.5.8&#8243; _module_preset=\u00bb00b56dd3-9dc3-4416-9d22-4e8d3fb82be4&#8243; custom_padding=\u00bb||||false|false\u00bb][\/et_pb_wc_images][\/et_pb_column][et_pb_column type=\u00bb1_2&#8243; _builder_version=\u00bb3.25&#8243; custom_padding=\u00bb|||\u00bb custom_padding__hover=\u00bb|||\u00bb][et_pb_wc_title _builder_version=\u00bb3.0.47&#8243;][\/et_pb_wc_title][et_pb_wc_rating _builder_version=\u00bb3.0.47&#8243;][\/et_pb_wc_rating][et_pb_wc_price _builder_version=\u00bb4.5.8&#8243; custom_padding=\u00bb20px||||false|false\u00bb][\/et_pb_wc_price][et_pb_wc_description _builder_version=\u00bb4.5.8&#8243; body_font=\u00bbABeeZee||||||||\u00bb body_letter_spacing=\u00bb1px\u00bb body_line_height=\u00bb1.8em\u00bb text_orientation=\u00bbjustified\u00bb body_font_size_tablet=\u00bb\u00bb body_font_size_phone=\u00bb17px\u00bb body_font_size_last_edited=\u00bbon|phone\u00bb][\/et_pb_wc_description][et_pb_wc_add_to_cart _builder_version=\u00bb4.5.8&#8243; body_font=\u00bbABeeZee||||||||\u00bb body_letter_spacing=\u00bb1px\u00bb body_line_height=\u00bb1.5em\u00bb dropdown_menus_font=\u00bbABeeZee|||on|||||\u00bb dropdown_menus_font_size=\u00bb14px\u00bb dropdown_menus_letter_spacing=\u00bb4px\u00bb][\/et_pb_wc_add_to_cart][et_pb_wc_images _builder_version=\u00bb4.5.8&#8243; _module_preset=\u00bb00b56dd3-9dc3-4416-9d22-4e8d3fb82be4&#8243; custom_padding=\u00bb30px||||false|false\u00bb][\/et_pb_wc_images][\/et_pb_column][\/et_pb_row][et_pb_row _builder_version=\u00bb3.25&#8243; background_size=\u00bbinitial\u00bb background_position=\u00bbtop_left\u00bb background_repeat=\u00bbrepeat\u00bb][et_pb_column type=\u00bb4_4&#8243; _builder_version=\u00bb3.25&#8243; custom_padding=\u00bb|||\u00bb custom_padding__hover=\u00bb|||\u00bb][et_pb_wc_tabs _builder_version=\u00bb4.5.8&#8243; body_text_align=\u00bbjustify\u00bb body_font_size_tablet=\u00bb\u00bb body_font_size_phone=\u00bb17px\u00bb body_font_size_last_edited=\u00bbon|phone\u00bb]\t\t\t\t\t[\/et_pb_wc_tabs][et_pb_wc_upsells _builder_version=\u00bb3.0.47&#8243;][\/et_pb_wc_upsells][et_pb_wc_related_products _builder_version=\u00bb4.4.1&#8243; price_text_color=\u00bbrgba(0,0,0,0)\u00bb text_orientation=\u00bbcenter\u00bb][\/et_pb_wc_related_products][\/et_pb_column][\/et_pb_row][\/et_pb_section]<\/p>","protected":false},"excerpt":{"rendered":"<div id=\"martue-row-0\" class=\"row\">\n<p>&nbsp;<\/p>\n<p style=\"text-align: justify;\">Elaborado <strong>100%\u00a0<\/strong>con uva <strong>Syrah<\/strong> procedente de nuestras finchas\u00a0<strong>Campo Martuela <\/strong>y\u00a0<strong>El Casar<\/strong>\u00a0<strong>de La Guardia.<\/strong><\/p>\n<p style=\"text-align: justify;\">Fermentaci\u00f3n tradicional con remontados diarios. Despu\u00e9s,\u00a0<strong>20 d\u00edas de maceraci\u00f3n\u00a0<\/strong>en dep\u00f3sito con los hollejos. El vino fermenta y permanece durante\u00a0<strong>15 meses <\/strong>barricas de <strong>roble franc\u00e9s (80%)<\/strong>\u00a0y <strong>americano (20%).<\/strong><\/p>\n<p><strong><a href=\"https:\/\/martue.com\/wp-content\/uploads\/2020\/12\/ES-MARTUE-SYRAH-2017.pdf\" target=\"_blank\" rel=\"noopener noreferrer\">Ficha de Cata<\/a><\/strong><\/p>\n<p>&nbsp;<\/p>\n<\/div>\n<div class=\"ficha\"><\/div>","protected":false},"featured_media":11644,"comment_status":"open","ping_status":"closed","template":"","meta":{"_et_pb_use_builder":"on","_et_pb_old_content":"Elaborado\u00a0 100%\u00a0 con\u00a0 uva\u00a0 Syrah\u00a0 procedente\u00a0 de\u00a0 nuestras\u00a0 fincas Campo Martuela y El Casar de La Guardia. Fermentaci\u00f3n\u00a0 tradicional\u00a0 con\u00a0 remontados\u00a0 diarios.\u00a0 Despu\u00e9s,\u00a0 20 d\u00edas de maceraci\u00f3n\u00a0\u00a0 en dep\u00f3sito con los hollejos. El vino fermenta y permanece durante 15 meses en barricas de roble franc\u00e9s (80%) y americano (20%). Color rojo picota intenso, muy cubierto y bien conservado.\r\n\r\nAroma especiado,\u00a0 con\u00a0 recuerdos\u00a0 de\u00a0 mantecado,\u00a0 hierbas\u00a0 arom\u00e1ticas (cantueso) y boller\u00eda.\u00a0 Al airearse van saliendo los frutillos negros bien maduros y bien conjuntados con guinda en licor y notas de cedro.\u00a0 La\u00a0 explosi\u00f3n\u00a0 llega\u00a0 en\u00a0 fase\u00a0 de\u00a0 boca,\u00a0 donde\u00a0 no\u00a0 se\u00a0 pueden tener\u00a0 m\u00e1s\u00a0 sensaciones\u00a0 a\u00a0 la\u00a0 vez:\u00a0 goloso,\u00a0 carnoso,\u00a0 frutal,\u00a0 fresco, complejo...\u00a0 hay\u00a0 una\u00a0 dif\u00edcil\u00a0 conjugaci\u00f3n\u00a0 de\u00a0 potencia\u00a0 y\u00a0 a\u00a0 la\u00a0 vez suavidad\u00a0 y\u00a0 elegancia.\u00a0 Inmenso\u00a0 postgusto,\u00a0 donde\u00a0 se\u00a0 resumen todos los sabores de la cata. El\u00a0 resultado\u00a0 es\u00a0 un\u00a0 vino\u00a0 elegante,\u00a0 de\u00a0 marcada\u00a0 personalidad\u00a0 e intensidad arom\u00e1tica.\r\n<h3>Producci\u00f3n<\/h3>\r\n6.650 botellas borgo\u00f1a. Para mantener al m\u00e1ximo todas sus cualidades, este vino no ha sido sometido a duros tratamientos de estabilizaci\u00f3n y filtrado, por lo que con el tiempo puede aparecer un peque\u00f1o sedimento natural..\r\n<h3>Conservaci\u00f3n<\/h3>\r\nSe recomienda conservar con la botella tumbada, en un lugar a oscuras, sin vibraciones y temperatura estable entre 15-20\u00baC.\r\n<h3>Maridaje y Consumo<\/h3>\r\nRecomendado para acompa\u00f1ar carnes rojas, comidas especiadas, pastas con salsas rojas. Se recomienda servirlo entre 15-17\u00baC. Para apreciar todas sus cualidades se recomienda decantar 20 minutos antes de su consumo.","_et_gb_content_width":"","om_disable_all_campaigns":false,"_joinchat":[]},"product_brand":[],"product_cat":[16],"product_tag":[],"class_list":{"0":"post-11634","1":"product","2":"type-product","3":"status-publish","4":"has-post-thumbnail","6":"product_cat-vinos-martue","8":"first","9":"outofstock","10":"featured","11":"taxable","12":"shipping-taxable","13":"product-type-variable"},"yoast_head":"<!-- This site is optimized with the Yoast SEO plugin v24.1 - https:\/\/yoast.com\/wordpress\/plugins\/seo\/ -->\n<title>Mart\u00fae Syrah 2017<\/title>\n<meta name=\"description\" content=\"Elaborado 100% con uva Syrah procedente de nuestras fincas Campo Martuela y El Casar de La Guardia. Fermentaci\u00f3n tradicional con remontados diarios. Despu\u00e9s, 20 d\u00edas de maceraci\u00f3n en dep\u00f3sito con los hollejos.\" \/>\n<meta name=\"robots\" content=\"index, follow, max-snippet:-1, max-image-preview:large, max-video-preview:-1\" \/>\n<link rel=\"canonical\" href=\"https:\/\/martue.com\/fr\/produit\/martue-syrah-2017\/\" \/>\n<meta property=\"og:locale\" content=\"fr_FR\" \/>\n<meta property=\"og:type\" content=\"article\" \/>\n<meta property=\"og:title\" content=\"Mart\u00fae Syrah 2017\" \/>\n<meta property=\"og:description\" content=\"Elaborado 100% con uva Syrah procedente de nuestras fincas Campo Martuela y El Casar de La Guardia. Fermentaci\u00f3n tradicional con remontados diarios. Despu\u00e9s, 20 d\u00edas de maceraci\u00f3n en dep\u00f3sito con los hollejos.\" \/>\n<meta property=\"og:url\" content=\"https:\/\/martue.com\/fr\/produit\/martue-syrah-2017\/\" \/>\n<meta property=\"og:site_name\" content=\"Bodegas Mart\u00fae - Pago Campo de la Guardia\" \/>\n<meta property=\"article:modified_time\" content=\"2024-07-11T06:08:45+00:00\" \/>\n<meta property=\"og:image\" content=\"https:\/\/martue.com\/wp-content\/uploads\/2020\/12\/websyrah2017-1.png\" \/>\n\t<meta property=\"og:image:width\" content=\"445\" \/>\n\t<meta property=\"og:image:height\" content=\"976\" \/>\n\t<meta property=\"og:image:type\" content=\"image\/png\" \/>\n<meta name=\"twitter:card\" content=\"summary_large_image\" \/>\n<meta name=\"twitter:label1\" content=\"Dur\u00e9e de lecture estim\u00e9e\" \/>\n\t<meta name=\"twitter:data1\" content=\"2 minutes\" \/>\n<script type=\"application\/ld+json\" class=\"yoast-schema-graph\">{\"@context\":\"https:\/\/schema.org\",\"@graph\":[{\"@type\":\"WebPage\",\"@id\":\"https:\/\/martue.com\/producto\/martue-syrah-2017\/\",\"url\":\"https:\/\/martue.com\/producto\/martue-syrah-2017\/\",\"name\":\"Mart\u00fae Syrah 2017\",\"isPartOf\":{\"@id\":\"https:\/\/martue.com\/#website\"},\"primaryImageOfPage\":{\"@id\":\"https:\/\/martue.com\/producto\/martue-syrah-2017\/#primaryimage\"},\"image\":{\"@id\":\"https:\/\/martue.com\/producto\/martue-syrah-2017\/#primaryimage\"},\"thumbnailUrl\":\"https:\/\/martue.com\/wp-content\/uploads\/2020\/12\/websyrah2017-1.png\",\"datePublished\":\"2020-12-17T23:07:57+00:00\",\"dateModified\":\"2024-07-11T06:08:45+00:00\",\"description\":\"Elaborado 100% con uva Syrah procedente de nuestras fincas Campo Martuela y El Casar de La Guardia. Fermentaci\u00f3n tradicional con remontados diarios. Despu\u00e9s, 20 d\u00edas de maceraci\u00f3n en dep\u00f3sito con los hollejos.\",\"breadcrumb\":{\"@id\":\"https:\/\/martue.com\/producto\/martue-syrah-2017\/#breadcrumb\"},\"inLanguage\":\"fr-FR\",\"potentialAction\":[{\"@type\":\"ReadAction\",\"target\":[\"https:\/\/martue.com\/producto\/martue-syrah-2017\/\"]}]},{\"@type\":\"ImageObject\",\"inLanguage\":\"fr-FR\",\"@id\":\"https:\/\/martue.com\/producto\/martue-syrah-2017\/#primaryimage\",\"url\":\"https:\/\/martue.com\/wp-content\/uploads\/2020\/12\/websyrah2017-1.png\",\"contentUrl\":\"https:\/\/martue.com\/wp-content\/uploads\/2020\/12\/websyrah2017-1.png\",\"width\":445,\"height\":976,\"caption\":\"Elaborado 100% con uva Syrah procedente de nuestras finchas Campo Martuela y El Casar de La Guardia. Crianza durante 15 meses en barricas de roble franc\u00e9s. Ver vino\"},{\"@type\":\"BreadcrumbList\",\"@id\":\"https:\/\/martue.com\/producto\/martue-syrah-2017\/#breadcrumb\",\"itemListElement\":[{\"@type\":\"ListItem\",\"position\":1,\"name\":\"Portada\",\"item\":\"https:\/\/martue.com\/\"},{\"@type\":\"ListItem\",\"position\":2,\"name\":\"Vinos\",\"item\":\"https:\/\/martue.com\/vinos\/\"},{\"@type\":\"ListItem\",\"position\":3,\"name\":\"Mart\u00fae Syrah 2017\"}]},{\"@type\":\"WebSite\",\"@id\":\"https:\/\/martue.com\/#website\",\"url\":\"https:\/\/martue.com\/\",\"name\":\"Bodegas Mart\u00fae - Pago Campo de la Guardia\",\"description\":\"VINO DE PAGO CAMPO DE LA GUARDIA Es la m\u00e1xima calificaci\u00f3n que contempla la legislaci\u00f3n espa\u00f1ola en materia vitivin\u00edcola, por encima de la Denominaci\u00f3n de Origen.\",\"potentialAction\":[{\"@type\":\"SearchAction\",\"target\":{\"@type\":\"EntryPoint\",\"urlTemplate\":\"https:\/\/martue.com\/?s={search_term_string}\"},\"query-input\":{\"@type\":\"PropertyValueSpecification\",\"valueRequired\":true,\"valueName\":\"search_term_string\"}}],\"inLanguage\":\"fr-FR\"}]}<\/script>\n<!-- \/ Yoast SEO plugin. -->","yoast_head_json":{"title":"Mart\u00fae Syrah 2017","description":"Elaborado 100% con uva Syrah procedente de nuestras fincas Campo Martuela y El Casar de La Guardia. Fermentaci\u00f3n tradicional con remontados diarios. Despu\u00e9s, 20 d\u00edas de maceraci\u00f3n en dep\u00f3sito con los hollejos.","robots":{"index":"index","follow":"follow","max-snippet":"max-snippet:-1","max-image-preview":"max-image-preview:large","max-video-preview":"max-video-preview:-1"},"canonical":"https:\/\/martue.com\/fr\/produit\/martue-syrah-2017\/","og_locale":"fr_FR","og_type":"article","og_title":"Mart\u00fae Syrah 2017","og_description":"Elaborado 100% con uva Syrah procedente de nuestras fincas Campo Martuela y El Casar de La Guardia. Fermentaci\u00f3n tradicional con remontados diarios. Despu\u00e9s, 20 d\u00edas de maceraci\u00f3n en dep\u00f3sito con los hollejos.","og_url":"https:\/\/martue.com\/fr\/produit\/martue-syrah-2017\/","og_site_name":"Bodegas Mart\u00fae - Pago Campo de la Guardia","article_modified_time":"2024-07-11T06:08:45+00:00","og_image":[{"width":445,"height":976,"url":"https:\/\/martue.com\/wp-content\/uploads\/2020\/12\/websyrah2017-1.png","type":"image\/png"}],"twitter_card":"summary_large_image","twitter_misc":{"Dur\u00e9e de lecture estim\u00e9e":"2 minutes"},"schema":{"@context":"https:\/\/schema.org","@graph":[{"@type":"WebPage","@id":"https:\/\/martue.com\/producto\/martue-syrah-2017\/","url":"https:\/\/martue.com\/producto\/martue-syrah-2017\/","name":"Mart\u00fae Syrah 2017","isPartOf":{"@id":"https:\/\/martue.com\/#website"},"primaryImageOfPage":{"@id":"https:\/\/martue.com\/producto\/martue-syrah-2017\/#primaryimage"},"image":{"@id":"https:\/\/martue.com\/producto\/martue-syrah-2017\/#primaryimage"},"thumbnailUrl":"https:\/\/martue.com\/wp-content\/uploads\/2020\/12\/websyrah2017-1.png","datePublished":"2020-12-17T23:07:57+00:00","dateModified":"2024-07-11T06:08:45+00:00","description":"Elaborado 100% con uva Syrah procedente de nuestras fincas Campo Martuela y El Casar de La Guardia. Fermentaci\u00f3n tradicional con remontados diarios. Despu\u00e9s, 20 d\u00edas de maceraci\u00f3n en dep\u00f3sito con los hollejos.","breadcrumb":{"@id":"https:\/\/martue.com\/producto\/martue-syrah-2017\/#breadcrumb"},"inLanguage":"fr-FR","potentialAction":[{"@type":"ReadAction","target":["https:\/\/martue.com\/producto\/martue-syrah-2017\/"]}]},{"@type":"ImageObject","inLanguage":"fr-FR","@id":"https:\/\/martue.com\/producto\/martue-syrah-2017\/#primaryimage","url":"https:\/\/martue.com\/wp-content\/uploads\/2020\/12\/websyrah2017-1.png","contentUrl":"https:\/\/martue.com\/wp-content\/uploads\/2020\/12\/websyrah2017-1.png","width":445,"height":976,"caption":"Elaborado 100% con uva Syrah procedente de nuestras finchas Campo Martuela y El Casar de La Guardia. Crianza durante 15 meses en barricas de roble franc\u00e9s. Ver vino"},{"@type":"BreadcrumbList","@id":"https:\/\/martue.com\/producto\/martue-syrah-2017\/#breadcrumb","itemListElement":[{"@type":"ListItem","position":1,"name":"Portada","item":"https:\/\/martue.com\/"},{"@type":"ListItem","position":2,"name":"Vinos","item":"https:\/\/martue.com\/vinos\/"},{"@type":"ListItem","position":3,"name":"Mart\u00fae Syrah 2017"}]},{"@type":"WebSite","@id":"https:\/\/martue.com\/#website","url":"https:\/\/martue.com\/","name":"Bodegas Mart\u00fae - Pago Campo de la Guardia","description":"VINO DE PAGO CAMPO DE LA GUARDIA Es la m\u00e1xima calificaci\u00f3n que contempla la legislaci\u00f3n espa\u00f1ola en materia vitivin\u00edcola, por encima de la Denominaci\u00f3n de Origen.","potentialAction":[{"@type":"SearchAction","target":{"@type":"EntryPoint","urlTemplate":"https:\/\/martue.com\/?s={search_term_string}"},"query-input":{"@type":"PropertyValueSpecification","valueRequired":true,"valueName":"search_term_string"}}],"inLanguage":"fr-FR"}]}},"_links":{"self":[{"href":"https:\/\/martue.com\/fr\/wp-json\/wp\/v2\/product\/11634","targetHints":{"allow":["GET"]}}],"collection":[{"href":"https:\/\/martue.com\/fr\/wp-json\/wp\/v2\/product"}],"about":[{"href":"https:\/\/martue.com\/fr\/wp-json\/wp\/v2\/types\/product"}],"replies":[{"embeddable":true,"href":"https:\/\/martue.com\/fr\/wp-json\/wp\/v2\/comments?post=11634"}],"wp:featuredmedia":[{"embeddable":true,"href":"https:\/\/martue.com\/fr\/wp-json\/wp\/v2\/media\/11644"}],"wp:attachment":[{"href":"https:\/\/martue.com\/fr\/wp-json\/wp\/v2\/media?parent=11634"}],"wp:term":[{"taxonomy":"product_brand","embeddable":true,"href":"https:\/\/martue.com\/fr\/wp-json\/wp\/v2\/product_brand?post=11634"},{"taxonomy":"product_cat","embeddable":true,"href":"https:\/\/martue.com\/fr\/wp-json\/wp\/v2\/product_cat?post=11634"},{"taxonomy":"product_tag","embeddable":true,"href":"https:\/\/martue.com\/fr\/wp-json\/wp\/v2\/product_tag?post=11634"}],"curies":[{"name":"wp","href":"https:\/\/api.w.org\/{rel}","templated":true}]}}