{"id":13472,"date":"2022-02-04T11:44:58","date_gmt":"2022-02-04T10:44:58","guid":{"rendered":"https:\/\/martue.com\/?post_type=product&#038;p=13472"},"modified":"2023-01-20T17:23:32","modified_gmt":"2023-01-20T16:23:32","slug":"blanco-nieva-verdejo-e2021","status":"publish","type":"product","link":"https:\/\/martue.com\/fr\/produit\/blanco-nieva-verdejo-e2021\/","title":{"rendered":"Blanco Nieva Verdejo 2021"},"content":{"rendered":"<p>[et_pb_section fb_built=\u00bb1&#8243; _builder_version=\u00bb3.22&#8243; custom_padding=\u00bb0px||||false|false\u00bb][et_pb_row _builder_version=\u00bb3.25&#8243; background_size=\u00bbinitial\u00bb background_position=\u00bbtop_left\u00bb background_repeat=\u00bbrepeat\u00bb custom_padding=\u00bb0px||0px||false|false\u00bb][et_pb_column type=\u00bb4_4&#8243; _builder_version=\u00bb3.25&#8243; custom_padding=\u00bb|||\u00bb custom_padding__hover=\u00bb|||\u00bb][et_pb_wc_cart_notice _builder_version=\u00bb3.0.47&#8243;][\/et_pb_wc_cart_notice][\/et_pb_column][\/et_pb_row][et_pb_row column_structure=\u00bb1_2,1_2&#8243; _builder_version=\u00bb3.25&#8243; background_size=\u00bbinitial\u00bb background_position=\u00bbtop_left\u00bb background_repeat=\u00bbrepeat\u00bb custom_padding=\u00bb0px||||false|false\u00bb][et_pb_column type=\u00bb1_2&#8243; _builder_version=\u00bb3.25&#8243; custom_padding=\u00bb|||\u00bb custom_padding__hover=\u00bb|||\u00bb][et_pb_wc_images _builder_version=\u00bb3.0.47&#8243;][\/et_pb_wc_images][\/et_pb_column][et_pb_column type=\u00bb1_2&#8243; _builder_version=\u00bb3.25&#8243; custom_padding=\u00bb|||\u00bb custom_padding__hover=\u00bb|||\u00bb][et_pb_wc_title _builder_version=\u00bb3.0.47&#8243;][\/et_pb_wc_title][et_pb_wc_rating _builder_version=\u00bb3.0.47&#8243;][\/et_pb_wc_rating][et_pb_wc_price _builder_version=\u00bb3.0.47&#8243;][\/et_pb_wc_price][et_pb_wc_description _builder_version=\u00bb3.0.47&#8243;][\/et_pb_wc_description][et_pb_wc_add_to_cart _builder_version=\u00bb3.0.47&#8243;][\/et_pb_wc_add_to_cart][et_pb_wc_meta _builder_version=\u00bb3.0.47&#8243;][\/et_pb_wc_meta][\/et_pb_column][\/et_pb_row][et_pb_row _builder_version=\u00bb3.25&#8243; background_size=\u00bbinitial\u00bb background_position=\u00bbtop_left\u00bb background_repeat=\u00bbrepeat\u00bb][et_pb_column type=\u00bb4_4&#8243; _builder_version=\u00bb3.25&#8243; custom_padding=\u00bb|||\u00bb custom_padding__hover=\u00bb|||\u00bb][et_pb_wc_tabs _builder_version=\u00bb3.0.47&#8243;] [\/et_pb_wc_tabs][et_pb_wc_upsells _builder_version=\u00bb3.0.47&#8243;][\/et_pb_wc_upsells][et_pb_wc_related_products _builder_version=\u00bb3.0.47&#8243;][\/et_pb_wc_related_products][\/et_pb_column][\/et_pb_row][\/et_pb_section]<\/p>","protected":false},"excerpt":{"rendered":"<p>&nbsp;<\/p>\n<p style=\"text-align: justify\">Selecci\u00f3n del mosto yema, el m\u00e1s fino y elegante. Elaborado con 100% uva Verdejo procedente de vi\u00f1as viejas en vaso (20%) y vi\u00f1edos en espaldera de m\u00e1s de 25 a\u00f1os de edad (80%).<\/p>\n<p style=\"text-align: justify\">Maceraci\u00f3n en fr\u00edo del 30% de la uva, desfangado est\u00e1tico, fermentaci\u00f3n a 15\u00baC en dep\u00f3sito de acero inoxidable durante 23 d\u00edas, reposo sobre l\u00edas, clarificado, estabilizado a -4\u00baC y filtrado.<\/p>","protected":false},"featured_media":12530,"comment_status":"open","ping_status":"closed","template":"","meta":{"_et_pb_use_builder":"on","_et_pb_old_content":"Selecci\u00f3n del mosto yema, el m\u00e1s fino y elegante. Elaborado con 100% uva Verdejo procedente de vi\u00f1as viejas en vaso (20%) y vi\u00f1edos en espaldera de m\u00e1s de 25 a\u00f1os de edad (80%).\r\n\r\nMaceraci\u00f3n en fr\u00edo del 30% de la uva, desfangado est\u00e1tico, fermentaci\u00f3n a 15\u00baC en dep\u00f3sito de acero inoxidable durante 23 d\u00edas, reposo sobre l\u00edas, clarificado, estabilizado a -4\u00baC y filtrado.\r\n\r\nColor amarillo p\u00e1lido pajizo. Aroma limpio de alt\u00edsima intensidad, donde destacan primero los de fruta blanca y flores, abri\u00e9ndose luego con recuerdos de piel de hierba y heno. En boca es fresco pero con mucho volumen. Vuelve la fruta fresca, el hinojo y las mineralidad. Paso denso, largo, con final goloso y placentero que invita a seguir bebiendo.\r\n\r\nUn vino elegante, muy frutal y de gran frescura. El buque insignia de la bodega.\r\n<h3>Conservaci\u00f3n<\/h3>\r\nSe recomienda conservar con la botella tumbada, en un lugar a oscuras, sin vibraciones y temperatura estable entre 15-20\u00baC.\r\n<h3>Maridaje y Consumo<\/h3>\r\nIdeal para el aperitivo, por supuesto para \u00a0acompa\u00f1ar pescados como rodaballo o besugo,\u00a0 y mariscos de concha, ostras, almejas, o gambas o langostinos, as\u00ed mismo marida con todo tipo de queso. Se recomienda servirlo entre 5 - 8\u00baC. Consumo \u00f3ptimo hasta 2021.","_et_gb_content_width":"","om_disable_all_campaigns":false,"_joinchat":[]},"product_brand":[],"product_cat":[25,37,17],"product_tag":[38],"class_list":{"0":"post-13472","1":"product","2":"type-product","3":"status-publish","4":"has-post-thumbnail","6":"product_cat-blancos","7":"product_cat-estuche","8":"product_cat-vinos-blanco-nieva","9":"product_tag-estuche","11":"first","12":"outofstock","13":"taxable","14":"shipping-taxable","15":"product-type-simple"},"yoast_head":"<!-- This site is optimized with the Yoast SEO plugin v24.1 - https:\/\/yoast.com\/wordpress\/plugins\/seo\/ -->\n<title>Blanco Nieva Verdejo 2021 - Bodegas Mart\u00fae - Pago Campo de la Guardia<\/title>\n<meta name=\"description\" content=\"BLANCO RUEDA NIEVA vino elegante, muy frutal y de gran frescura. El buque insignia de la bodega. UN VERDEJO PRECIO CALIDAD IMBATIBLE.\" \/>\n<meta name=\"robots\" content=\"index, follow, max-snippet:-1, max-image-preview:large, max-video-preview:-1\" \/>\n<link rel=\"canonical\" href=\"https:\/\/martue.com\/fr\/produit\/blanco-nieva-verdejo-e2021\/\" \/>\n<meta property=\"og:locale\" content=\"fr_FR\" \/>\n<meta property=\"og:type\" content=\"article\" \/>\n<meta property=\"og:title\" content=\"Blanco Nieva Verdejo 2021 - Bodegas Mart\u00fae - Pago Campo de la Guardia\" \/>\n<meta property=\"og:description\" content=\"BLANCO RUEDA NIEVA vino elegante, muy frutal y de gran frescura. El buque insignia de la bodega. UN VERDEJO PRECIO CALIDAD IMBATIBLE.\" \/>\n<meta property=\"og:url\" content=\"https:\/\/martue.com\/fr\/produit\/blanco-nieva-verdejo-e2021\/\" \/>\n<meta property=\"og:site_name\" content=\"Bodegas Mart\u00fae - Pago Campo de la Guardia\" \/>\n<meta property=\"article:modified_time\" content=\"2023-01-20T16:23:32+00:00\" \/>\n<meta property=\"og:image\" content=\"https:\/\/martue.com\/wp-content\/uploads\/2021\/03\/BNieva2020N-1.png\" \/>\n\t<meta property=\"og:image:width\" content=\"600\" \/>\n\t<meta property=\"og:image:height\" content=\"1316\" \/>\n\t<meta property=\"og:image:type\" content=\"image\/png\" \/>\n<meta name=\"twitter:card\" content=\"summary_large_image\" \/>\n<meta name=\"twitter:label1\" content=\"Dur\u00e9e de lecture estim\u00e9e\" \/>\n\t<meta name=\"twitter:data1\" content=\"1 minute\" \/>\n<script type=\"application\/ld+json\" class=\"yoast-schema-graph\">{\"@context\":\"https:\/\/schema.org\",\"@graph\":[{\"@type\":\"WebPage\",\"@id\":\"https:\/\/martue.com\/producto\/blanco-nieva-verdejo-e2021\/\",\"url\":\"https:\/\/martue.com\/producto\/blanco-nieva-verdejo-e2021\/\",\"name\":\"Blanco Nieva Verdejo 2021 - Bodegas Mart\u00fae - Pago Campo de la Guardia\",\"isPartOf\":{\"@id\":\"https:\/\/martue.com\/#website\"},\"primaryImageOfPage\":{\"@id\":\"https:\/\/martue.com\/producto\/blanco-nieva-verdejo-e2021\/#primaryimage\"},\"image\":{\"@id\":\"https:\/\/martue.com\/producto\/blanco-nieva-verdejo-e2021\/#primaryimage\"},\"thumbnailUrl\":\"https:\/\/martue.com\/wp-content\/uploads\/2021\/03\/BNieva2020N-1.png\",\"datePublished\":\"2022-02-04T10:44:58+00:00\",\"dateModified\":\"2023-01-20T16:23:32+00:00\",\"description\":\"BLANCO RUEDA NIEVA vino elegante, muy frutal y de gran frescura. El buque insignia de la bodega. UN VERDEJO PRECIO CALIDAD IMBATIBLE.\",\"breadcrumb\":{\"@id\":\"https:\/\/martue.com\/producto\/blanco-nieva-verdejo-e2021\/#breadcrumb\"},\"inLanguage\":\"fr-FR\",\"potentialAction\":[{\"@type\":\"ReadAction\",\"target\":[\"https:\/\/martue.com\/producto\/blanco-nieva-verdejo-e2021\/\"]}]},{\"@type\":\"ImageObject\",\"inLanguage\":\"fr-FR\",\"@id\":\"https:\/\/martue.com\/producto\/blanco-nieva-verdejo-e2021\/#primaryimage\",\"url\":\"https:\/\/martue.com\/wp-content\/uploads\/2021\/03\/BNieva2020N-1.png\",\"contentUrl\":\"https:\/\/martue.com\/wp-content\/uploads\/2021\/03\/BNieva2020N-1.png\",\"width\":600,\"height\":1316,\"caption\":\"Elaborado 100% con uva Verdejo con un 20% de vi\u00f1edo en Pie Franco. Fresco y Elegante. Ver vino\"},{\"@type\":\"BreadcrumbList\",\"@id\":\"https:\/\/martue.com\/producto\/blanco-nieva-verdejo-e2021\/#breadcrumb\",\"itemListElement\":[{\"@type\":\"ListItem\",\"position\":1,\"name\":\"Portada\",\"item\":\"https:\/\/martue.com\/\"},{\"@type\":\"ListItem\",\"position\":2,\"name\":\"Vinos\",\"item\":\"https:\/\/martue.com\/vinos\/\"},{\"@type\":\"ListItem\",\"position\":3,\"name\":\"Blanco Nieva Verdejo 2021\"}]},{\"@type\":\"WebSite\",\"@id\":\"https:\/\/martue.com\/#website\",\"url\":\"https:\/\/martue.com\/\",\"name\":\"Bodegas Mart\u00fae - Pago Campo de la Guardia\",\"description\":\"VINO DE PAGO CAMPO DE LA GUARDIA Es la m\u00e1xima calificaci\u00f3n que contempla la legislaci\u00f3n espa\u00f1ola en materia vitivin\u00edcola, por encima de la Denominaci\u00f3n de Origen.\",\"potentialAction\":[{\"@type\":\"SearchAction\",\"target\":{\"@type\":\"EntryPoint\",\"urlTemplate\":\"https:\/\/martue.com\/?s={search_term_string}\"},\"query-input\":{\"@type\":\"PropertyValueSpecification\",\"valueRequired\":true,\"valueName\":\"search_term_string\"}}],\"inLanguage\":\"fr-FR\"}]}<\/script>\n<!-- \/ Yoast SEO plugin. -->","yoast_head_json":{"title":"Blanco Nieva Verdejo 2021 - Bodegas Mart\u00fae - Pago Campo de la Guardia","description":"BLANCO RUEDA NIEVA vino elegante, muy frutal y de gran frescura. El buque insignia de la bodega. UN VERDEJO PRECIO CALIDAD IMBATIBLE.","robots":{"index":"index","follow":"follow","max-snippet":"max-snippet:-1","max-image-preview":"max-image-preview:large","max-video-preview":"max-video-preview:-1"},"canonical":"https:\/\/martue.com\/fr\/produit\/blanco-nieva-verdejo-e2021\/","og_locale":"fr_FR","og_type":"article","og_title":"Blanco Nieva Verdejo 2021 - Bodegas Mart\u00fae - Pago Campo de la Guardia","og_description":"BLANCO RUEDA NIEVA vino elegante, muy frutal y de gran frescura. El buque insignia de la bodega. UN VERDEJO PRECIO CALIDAD IMBATIBLE.","og_url":"https:\/\/martue.com\/fr\/produit\/blanco-nieva-verdejo-e2021\/","og_site_name":"Bodegas Mart\u00fae - Pago Campo de la Guardia","article_modified_time":"2023-01-20T16:23:32+00:00","og_image":[{"width":600,"height":1316,"url":"https:\/\/martue.com\/wp-content\/uploads\/2021\/03\/BNieva2020N-1.png","type":"image\/png"}],"twitter_card":"summary_large_image","twitter_misc":{"Dur\u00e9e de lecture estim\u00e9e":"1 minute"},"schema":{"@context":"https:\/\/schema.org","@graph":[{"@type":"WebPage","@id":"https:\/\/martue.com\/producto\/blanco-nieva-verdejo-e2021\/","url":"https:\/\/martue.com\/producto\/blanco-nieva-verdejo-e2021\/","name":"Blanco Nieva Verdejo 2021 - Bodegas Mart\u00fae - Pago Campo de la Guardia","isPartOf":{"@id":"https:\/\/martue.com\/#website"},"primaryImageOfPage":{"@id":"https:\/\/martue.com\/producto\/blanco-nieva-verdejo-e2021\/#primaryimage"},"image":{"@id":"https:\/\/martue.com\/producto\/blanco-nieva-verdejo-e2021\/#primaryimage"},"thumbnailUrl":"https:\/\/martue.com\/wp-content\/uploads\/2021\/03\/BNieva2020N-1.png","datePublished":"2022-02-04T10:44:58+00:00","dateModified":"2023-01-20T16:23:32+00:00","description":"BLANCO RUEDA NIEVA vino elegante, muy frutal y de gran frescura. El buque insignia de la bodega. UN VERDEJO PRECIO CALIDAD IMBATIBLE.","breadcrumb":{"@id":"https:\/\/martue.com\/producto\/blanco-nieva-verdejo-e2021\/#breadcrumb"},"inLanguage":"fr-FR","potentialAction":[{"@type":"ReadAction","target":["https:\/\/martue.com\/producto\/blanco-nieva-verdejo-e2021\/"]}]},{"@type":"ImageObject","inLanguage":"fr-FR","@id":"https:\/\/martue.com\/producto\/blanco-nieva-verdejo-e2021\/#primaryimage","url":"https:\/\/martue.com\/wp-content\/uploads\/2021\/03\/BNieva2020N-1.png","contentUrl":"https:\/\/martue.com\/wp-content\/uploads\/2021\/03\/BNieva2020N-1.png","width":600,"height":1316,"caption":"Elaborado 100% con uva Verdejo con un 20% de vi\u00f1edo en Pie Franco. Fresco y Elegante. Ver vino"},{"@type":"BreadcrumbList","@id":"https:\/\/martue.com\/producto\/blanco-nieva-verdejo-e2021\/#breadcrumb","itemListElement":[{"@type":"ListItem","position":1,"name":"Portada","item":"https:\/\/martue.com\/"},{"@type":"ListItem","position":2,"name":"Vinos","item":"https:\/\/martue.com\/vinos\/"},{"@type":"ListItem","position":3,"name":"Blanco Nieva Verdejo 2021"}]},{"@type":"WebSite","@id":"https:\/\/martue.com\/#website","url":"https:\/\/martue.com\/","name":"Bodegas Mart\u00fae - Pago Campo de la Guardia","description":"VINO DE PAGO CAMPO DE LA GUARDIA Es la m\u00e1xima calificaci\u00f3n que contempla la legislaci\u00f3n espa\u00f1ola en materia vitivin\u00edcola, por encima de la Denominaci\u00f3n de Origen.","potentialAction":[{"@type":"SearchAction","target":{"@type":"EntryPoint","urlTemplate":"https:\/\/martue.com\/?s={search_term_string}"},"query-input":{"@type":"PropertyValueSpecification","valueRequired":true,"valueName":"search_term_string"}}],"inLanguage":"fr-FR"}]}},"_links":{"self":[{"href":"https:\/\/martue.com\/fr\/wp-json\/wp\/v2\/product\/13472","targetHints":{"allow":["GET"]}}],"collection":[{"href":"https:\/\/martue.com\/fr\/wp-json\/wp\/v2\/product"}],"about":[{"href":"https:\/\/martue.com\/fr\/wp-json\/wp\/v2\/types\/product"}],"replies":[{"embeddable":true,"href":"https:\/\/martue.com\/fr\/wp-json\/wp\/v2\/comments?post=13472"}],"wp:featuredmedia":[{"embeddable":true,"href":"https:\/\/martue.com\/fr\/wp-json\/wp\/v2\/media\/12530"}],"wp:attachment":[{"href":"https:\/\/martue.com\/fr\/wp-json\/wp\/v2\/media?parent=13472"}],"wp:term":[{"taxonomy":"product_brand","embeddable":true,"href":"https:\/\/martue.com\/fr\/wp-json\/wp\/v2\/product_brand?post=13472"},{"taxonomy":"product_cat","embeddable":true,"href":"https:\/\/martue.com\/fr\/wp-json\/wp\/v2\/product_cat?post=13472"},{"taxonomy":"product_tag","embeddable":true,"href":"https:\/\/martue.com\/fr\/wp-json\/wp\/v2\/product_tag?post=13472"}],"curies":[{"name":"wp","href":"https:\/\/api.w.org\/{rel}","templated":true}]}}