{"id":1379,"date":"2019-02-19T15:31:25","date_gmt":"2019-02-19T14:31:25","guid":{"rendered":"https:\/\/martue.com\/?post_type=product&#038;p=1379"},"modified":"2024-01-02T23:56:19","modified_gmt":"2024-01-02T22:56:19","slug":"martue-especial-2014","status":"publish","type":"product","link":"https:\/\/martue.com\/fr\/produit\/martue-especial-2014\/","title":{"rendered":"Mart\u00fae Especial 2014"},"content":{"rendered":"<p>Impresionante <strong>color rojo granate oscuro<\/strong>, <strong>de alta capa<\/strong>, <strong>vivo y brillante<\/strong>. Si en la vista ya manifiesta ser \u201cespecial\u201d, en la nariz lo es m\u00e1s.<\/p>\n<p>Primero, <strong>fruta negra<\/strong> y <strong>bayas concentradas<\/strong> con un atractivo <strong>punto bals\u00e1mico<\/strong>. Seg\u00fan lo movemos aromas complejos con notas de <strong>trufa<\/strong>, <strong>chocolate negro<\/strong>, <strong>pimienta<\/strong>, y <strong>maderaMinucioso coupage de las variedades Syrah (46%), Cabernet Sauvignon (37%) y Malbec (17%), procedentes de las cepas m\u00e1s antiguas de las fincas Campo Martuela y El Casar de La Guardia.<\/strong><\/p>\n<p>Cada una de las variedades ha sido fermentada por separado con largas maceraciones y, despu\u00e9s, el vino ha permanecido durante 14 meses en barricas de roble franc\u00e9s. tostada.<\/p>\n<p>Tambi\u00e9n es \u201c<strong>especial<\/strong>\u201d en boca, destacando m\u00e1s claramente su car\u00e1cter frutal, apareciendo en segundo plano los recuerdos especiados y de barrica. Es <strong>carnoso<\/strong> y <strong>untuoso<\/strong>, pero se mueve con gracia. Enorme y <strong>sorprendentemente fresco<\/strong> en su final.<\/p>\n<p>Una <strong>edici\u00f3n \u00fanica<\/strong> y <strong>limitada<\/strong> del tinto <strong>Mart\u00fae<\/strong> que s\u00f3lo se elabora <strong>cuando la a\u00f1ada es excepcional<\/strong> y a partir de las mejores y m\u00e1s antiguas cepas de sus pagos.<\/p>","protected":false},"excerpt":{"rendered":"<p>&nbsp;<\/p>\n<p style=\"text-align: justify;\">Minucioso\u00a0<strong>coupage<\/strong>\u00a0de las variedades\u00a0<strong>Syrah (46%),<\/strong>\u00a0<strong>Cabernet Sauvignon (37%)<\/strong>\u00a0y\u00a0<strong>Malbec (17%)<\/strong>, procedentes de las cepas m\u00e1s antiguas de las fincas\u00a0<strong>Campo Martuela<\/strong>\u00a0y\u00a0<strong>El Casar de La Guardia<\/strong>.<\/p>\n<p style=\"text-align: justify;\">Cada una de las variedades ha sido fermentada por separado con largas maceraciones y, despu\u00e9s, el vino ha\u00a0<strong>permanecido durante 14 meses en barricas de roble franc\u00e9s<\/strong>.<\/p>\n<p>&nbsp;<\/p>\n<div class=\"ficha\"><a class=\"downloadsheet\" href=\"https:\/\/martue.com\/wp-content\/uploads\/2019\/02\/ES-MARTUE-ESPECIAL-2014.pdf\"><i class=\"fas fa-cloud-download-alt\"><\/i> Ficha de cata<\/a><\/div>","protected":false},"featured_media":0,"comment_status":"open","ping_status":"closed","template":"","meta":{"_et_pb_use_builder":"","_et_pb_old_content":"","_et_gb_content_width":"","om_disable_all_campaigns":false,"_joinchat":[]},"product_brand":[],"product_cat":[16],"product_tag":[],"class_list":{"0":"post-1379","1":"product","2":"type-product","3":"status-publish","5":"product_cat-vinos-martue","7":"first","8":"outofstock","9":"taxable","10":"shipping-taxable","11":"product-type-variable"},"yoast_head":"<!-- This site is optimized with the Yoast SEO plugin v24.1 - https:\/\/yoast.com\/wordpress\/plugins\/seo\/ -->\n<title>Mart\u00fae Especial 2014<\/title>\n<meta name=\"description\" content=\"De la vendimia de 2014 se han embotellado 15.120 botellas bordelesas. Para mantener al m\u00e1ximo todas sus cualidades, este vino no ha sido sometido a duros tratamientos de estabilizaci\u00f3n y filtrado.\" \/>\n<meta name=\"robots\" content=\"index, follow, max-snippet:-1, max-image-preview:large, max-video-preview:-1\" \/>\n<link rel=\"canonical\" href=\"https:\/\/martue.com\/fr\/produit\/martue-especial-2014\/\" \/>\n<meta property=\"og:locale\" content=\"fr_FR\" \/>\n<meta property=\"og:type\" content=\"article\" \/>\n<meta property=\"og:title\" content=\"Mart\u00fae Especial 2014\" \/>\n<meta property=\"og:description\" content=\"De la vendimia de 2014 se han embotellado 15.120 botellas bordelesas. Para mantener al m\u00e1ximo todas sus cualidades, este vino no ha sido sometido a duros tratamientos de estabilizaci\u00f3n y filtrado.\" \/>\n<meta property=\"og:url\" content=\"https:\/\/martue.com\/fr\/produit\/martue-especial-2014\/\" \/>\n<meta property=\"og:site_name\" content=\"Bodegas Mart\u00fae - Pago Campo de la Guardia\" \/>\n<meta property=\"article:modified_time\" content=\"2024-01-02T22:56:19+00:00\" \/>\n<meta name=\"twitter:card\" content=\"summary_large_image\" \/>\n<meta name=\"twitter:label1\" content=\"Dur\u00e9e de lecture estim\u00e9e\" \/>\n\t<meta name=\"twitter:data1\" content=\"1 minute\" \/>\n<script type=\"application\/ld+json\" class=\"yoast-schema-graph\">{\"@context\":\"https:\/\/schema.org\",\"@graph\":[{\"@type\":\"WebPage\",\"@id\":\"https:\/\/martue.com\/producto\/martue-especial-2014\/\",\"url\":\"https:\/\/martue.com\/producto\/martue-especial-2014\/\",\"name\":\"Mart\u00fae Especial 2014\",\"isPartOf\":{\"@id\":\"https:\/\/martue.com\/#website\"},\"datePublished\":\"2019-02-19T14:31:25+00:00\",\"dateModified\":\"2024-01-02T22:56:19+00:00\",\"description\":\"De la vendimia de 2014 se han embotellado 15.120 botellas bordelesas. Para mantener al m\u00e1ximo todas sus cualidades, este vino no ha sido sometido a duros tratamientos de estabilizaci\u00f3n y filtrado.\",\"breadcrumb\":{\"@id\":\"https:\/\/martue.com\/producto\/martue-especial-2014\/#breadcrumb\"},\"inLanguage\":\"fr-FR\",\"potentialAction\":[{\"@type\":\"ReadAction\",\"target\":[\"https:\/\/martue.com\/producto\/martue-especial-2014\/\"]}]},{\"@type\":\"BreadcrumbList\",\"@id\":\"https:\/\/martue.com\/producto\/martue-especial-2014\/#breadcrumb\",\"itemListElement\":[{\"@type\":\"ListItem\",\"position\":1,\"name\":\"Portada\",\"item\":\"https:\/\/martue.com\/\"},{\"@type\":\"ListItem\",\"position\":2,\"name\":\"Vinos\",\"item\":\"https:\/\/martue.com\/vinos\/\"},{\"@type\":\"ListItem\",\"position\":3,\"name\":\"Mart\u00fae Especial 2014\"}]},{\"@type\":\"WebSite\",\"@id\":\"https:\/\/martue.com\/#website\",\"url\":\"https:\/\/martue.com\/\",\"name\":\"Bodegas Mart\u00fae - Pago Campo de la Guardia\",\"description\":\"VINO DE PAGO CAMPO DE LA GUARDIA Es la m\u00e1xima calificaci\u00f3n que contempla la legislaci\u00f3n espa\u00f1ola en materia vitivin\u00edcola, por encima de la Denominaci\u00f3n de Origen.\",\"potentialAction\":[{\"@type\":\"SearchAction\",\"target\":{\"@type\":\"EntryPoint\",\"urlTemplate\":\"https:\/\/martue.com\/?s={search_term_string}\"},\"query-input\":{\"@type\":\"PropertyValueSpecification\",\"valueRequired\":true,\"valueName\":\"search_term_string\"}}],\"inLanguage\":\"fr-FR\"}]}<\/script>\n<!-- \/ Yoast SEO plugin. -->","yoast_head_json":{"title":"Mart\u00fae Especial 2014","description":"De la vendimia de 2014 se han embotellado 15.120 botellas bordelesas. Para mantener al m\u00e1ximo todas sus cualidades, este vino no ha sido sometido a duros tratamientos de estabilizaci\u00f3n y filtrado.","robots":{"index":"index","follow":"follow","max-snippet":"max-snippet:-1","max-image-preview":"max-image-preview:large","max-video-preview":"max-video-preview:-1"},"canonical":"https:\/\/martue.com\/fr\/produit\/martue-especial-2014\/","og_locale":"fr_FR","og_type":"article","og_title":"Mart\u00fae Especial 2014","og_description":"De la vendimia de 2014 se han embotellado 15.120 botellas bordelesas. Para mantener al m\u00e1ximo todas sus cualidades, este vino no ha sido sometido a duros tratamientos de estabilizaci\u00f3n y filtrado.","og_url":"https:\/\/martue.com\/fr\/produit\/martue-especial-2014\/","og_site_name":"Bodegas Mart\u00fae - Pago Campo de la Guardia","article_modified_time":"2024-01-02T22:56:19+00:00","twitter_card":"summary_large_image","twitter_misc":{"Dur\u00e9e de lecture estim\u00e9e":"1 minute"},"schema":{"@context":"https:\/\/schema.org","@graph":[{"@type":"WebPage","@id":"https:\/\/martue.com\/producto\/martue-especial-2014\/","url":"https:\/\/martue.com\/producto\/martue-especial-2014\/","name":"Mart\u00fae Especial 2014","isPartOf":{"@id":"https:\/\/martue.com\/#website"},"datePublished":"2019-02-19T14:31:25+00:00","dateModified":"2024-01-02T22:56:19+00:00","description":"De la vendimia de 2014 se han embotellado 15.120 botellas bordelesas. Para mantener al m\u00e1ximo todas sus cualidades, este vino no ha sido sometido a duros tratamientos de estabilizaci\u00f3n y filtrado.","breadcrumb":{"@id":"https:\/\/martue.com\/producto\/martue-especial-2014\/#breadcrumb"},"inLanguage":"fr-FR","potentialAction":[{"@type":"ReadAction","target":["https:\/\/martue.com\/producto\/martue-especial-2014\/"]}]},{"@type":"BreadcrumbList","@id":"https:\/\/martue.com\/producto\/martue-especial-2014\/#breadcrumb","itemListElement":[{"@type":"ListItem","position":1,"name":"Portada","item":"https:\/\/martue.com\/"},{"@type":"ListItem","position":2,"name":"Vinos","item":"https:\/\/martue.com\/vinos\/"},{"@type":"ListItem","position":3,"name":"Mart\u00fae Especial 2014"}]},{"@type":"WebSite","@id":"https:\/\/martue.com\/#website","url":"https:\/\/martue.com\/","name":"Bodegas Mart\u00fae - Pago Campo de la Guardia","description":"VINO DE PAGO CAMPO DE LA GUARDIA Es la m\u00e1xima calificaci\u00f3n que contempla la legislaci\u00f3n espa\u00f1ola en materia vitivin\u00edcola, por encima de la Denominaci\u00f3n de Origen.","potentialAction":[{"@type":"SearchAction","target":{"@type":"EntryPoint","urlTemplate":"https:\/\/martue.com\/?s={search_term_string}"},"query-input":{"@type":"PropertyValueSpecification","valueRequired":true,"valueName":"search_term_string"}}],"inLanguage":"fr-FR"}]}},"_links":{"self":[{"href":"https:\/\/martue.com\/fr\/wp-json\/wp\/v2\/product\/1379","targetHints":{"allow":["GET"]}}],"collection":[{"href":"https:\/\/martue.com\/fr\/wp-json\/wp\/v2\/product"}],"about":[{"href":"https:\/\/martue.com\/fr\/wp-json\/wp\/v2\/types\/product"}],"replies":[{"embeddable":true,"href":"https:\/\/martue.com\/fr\/wp-json\/wp\/v2\/comments?post=1379"}],"wp:attachment":[{"href":"https:\/\/martue.com\/fr\/wp-json\/wp\/v2\/media?parent=1379"}],"wp:term":[{"taxonomy":"product_brand","embeddable":true,"href":"https:\/\/martue.com\/fr\/wp-json\/wp\/v2\/product_brand?post=1379"},{"taxonomy":"product_cat","embeddable":true,"href":"https:\/\/martue.com\/fr\/wp-json\/wp\/v2\/product_cat?post=1379"},{"taxonomy":"product_tag","embeddable":true,"href":"https:\/\/martue.com\/fr\/wp-json\/wp\/v2\/product_tag?post=1379"}],"curies":[{"name":"wp","href":"https:\/\/api.w.org\/{rel}","templated":true}]}}