{"id":1383,"date":"2019-02-19T15:40:51","date_gmt":"2019-02-19T14:40:51","guid":{"rendered":"https:\/\/martue.com\/?post_type=product&#038;p=1383"},"modified":"2024-10-25T21:27:57","modified_gmt":"2024-10-25T19:27:57","slug":"martue-syrah-2012","status":"publish","type":"product","link":"https:\/\/martue.com\/fr\/produit\/martue-syrah-2012\/","title":{"rendered":"Mart\u00fae Syrah 2012"},"content":{"rendered":"<p>Elaborado\u00a0 100%\u00a0 con\u00a0 uva\u00a0 Syrah\u00a0 procedente\u00a0 de\u00a0 nuestras\u00a0 fincas Campo Martuela y El Casar de La Guardia.<\/p>\n<p>Fermentaci\u00f3n\u00a0 tradicional\u00a0 con\u00a0 remontados\u00a0 diarios.\u00a0 Despu\u00e9s,\u00a0 20 d\u00edas de maceraci\u00f3n\u00a0\u00a0 en dep\u00f3sito con los hollejos. El vino fermenta y permanece durante 15 meses en barricas de roble franc\u00e9s (80%) y americano (20%).<\/p>\n<p>Color rojo picota intenso, muy cubierto y bien conservado. Aroma especiado,\u00a0 con\u00a0 recuerdos\u00a0 de\u00a0 mantecado,\u00a0 hierbas\u00a0 arom\u00e1ticas (cantueso) y boller\u00eda.\u00a0 Al airearse van saliendo los frutillos negros bien maduros y bien conjuntados con guinda en licor y notas de cedro.\u00a0 La\u00a0 explosi\u00f3n\u00a0 llega\u00a0 en\u00a0 fase\u00a0 de\u00a0 boca,\u00a0 donde\u00a0 no\u00a0 se\u00a0 pueden tener\u00a0 m\u00e1s\u00a0 sensaciones\u00a0 a\u00a0 la\u00a0 vez:\u00a0 goloso,\u00a0 carnoso,\u00a0 frutal,\u00a0 fresco, complejo&#8230;\u00a0 hay\u00a0 una\u00a0 dif\u00edcil\u00a0 conjugaci\u00f3n\u00a0 de\u00a0 potencia\u00a0 y\u00a0 a\u00a0 la\u00a0 vez suavidad\u00a0 y\u00a0 elegancia.\u00a0 Inmenso\u00a0 postgusto,\u00a0 donde\u00a0 se\u00a0 resumen todos los sabores de la cata.<\/p>\n<p>El\u00a0 resultado\u00a0 es\u00a0 un\u00a0 vino\u00a0 elegante,\u00a0 de\u00a0 marcada\u00a0 personalidad\u00a0 e intensidad arom\u00e1tica.<\/p>\n<h3>Producci\u00f3n<\/h3>\n<p>11.571 botellas bordelesas. Para mantener al m\u00e1ximo todas sus cualidades, este vino no ha sido sometido a duros tratamientos de estabilizaci\u00f3n y filtrado, por lo que con el tiempo puede aparecer un peque\u00f1o sedimento natural..<\/p>\n<h3>Conservaci\u00f3n<\/h3>\n<p>Se recomienda conservar con la botella tumbada, en un lugar a oscuras, sin vibraciones y temperatura estable entre 15-20\u00baC.<\/p>\n<h3>Maridaje y Consumo<\/h3>\n<p>Recomendado para acompa\u00f1ar carnes rojas, comidas especiadas, pastas con salsas rojas.<br \/>\nSe recomienda servirlo entre 15-17\u00baC.<br \/>\nPara apreciar todas sus cualidades se recomienda decantar 20 minutos antes de su consumo.<br \/>\nGrado Alcoh\u00f3lico:<strong> 15% Vol.<\/strong><\/p>","protected":false},"excerpt":{"rendered":"<div id=\"martue-row-0\" class=\"row\">\n<p>&nbsp;<\/p>\n<p style=\"text-align: justify\">Elaborado <strong>100%\u00a0<\/strong>con uva <strong>Syrah<\/strong> procedente de nuestras finchas\u00a0<strong>Campo Martuela <\/strong>y\u00a0<strong>El Casar<\/strong>\u00a0<strong>de La Guardia.<\/strong><\/p>\n<p style=\"text-align: justify\">Fermentaci\u00f3n tradicional con remontados diarios. Despu\u00e9s,\u00a0<strong>20 d\u00edas de maceraci\u00f3n\u00a0<\/strong>en dep\u00f3sito con los hollejos. El vino fermenta y permanece durante\u00a0<strong>15 meses <\/strong>barricas de <strong>roble franc\u00e9s (80%)<\/strong>\u00a0y <strong>americano (20%).<\/strong><\/p>\n<p>&nbsp;<\/p>\n<\/div>\n<div class=\"ficha\"><a class=\"downloadsheet\" href=\"https:\/\/martue.com\/wp-content\/uploads\/2019\/02\/ES-MARTUE-SYRAH-2012.pdf\"><i class=\"fas fa-cloud-download-alt\"><\/i> Ficha de cata<\/a><\/div>","protected":false},"featured_media":0,"comment_status":"open","ping_status":"closed","template":"","meta":{"_et_pb_use_builder":"","_et_pb_old_content":"","_et_gb_content_width":"","om_disable_all_campaigns":false,"_joinchat":[]},"product_brand":[],"product_cat":[16],"product_tag":[],"class_list":{"0":"post-1383","1":"product","2":"type-product","3":"status-publish","5":"product_cat-vinos-martue","7":"first","8":"outofstock","9":"taxable","10":"shipping-taxable","11":"product-type-variable"},"yoast_head":"<!-- This site is optimized with the Yoast SEO plugin v24.1 - https:\/\/yoast.com\/wordpress\/plugins\/seo\/ -->\n<title>Mart\u00fae Syrah 2012<\/title>\n<meta name=\"description\" content=\"Elaborado 100% con uva Syrah procedente de nuestras fincas Campo Martuela y El Casar de La Guardia. Fermentaci\u00f3n tradicional con remontados diarios. Despu\u00e9s, 20 d\u00edas de maceraci\u00f3n en dep\u00f3sito con los hollejos.\" \/>\n<meta name=\"robots\" content=\"index, follow, max-snippet:-1, max-image-preview:large, max-video-preview:-1\" \/>\n<link rel=\"canonical\" href=\"https:\/\/martue.com\/fr\/produit\/martue-syrah-2012\/\" \/>\n<meta property=\"og:locale\" content=\"fr_FR\" \/>\n<meta property=\"og:type\" content=\"article\" \/>\n<meta property=\"og:title\" content=\"Mart\u00fae Syrah 2012\" \/>\n<meta property=\"og:description\" content=\"Elaborado 100% con uva Syrah procedente de nuestras fincas Campo Martuela y El Casar de La Guardia. Fermentaci\u00f3n tradicional con remontados diarios. Despu\u00e9s, 20 d\u00edas de maceraci\u00f3n en dep\u00f3sito con los hollejos.\" \/>\n<meta property=\"og:url\" content=\"https:\/\/martue.com\/fr\/produit\/martue-syrah-2012\/\" \/>\n<meta property=\"og:site_name\" content=\"Bodegas Mart\u00fae - Pago Campo de la Guardia\" \/>\n<meta property=\"article:modified_time\" content=\"2024-10-25T19:27:57+00:00\" \/>\n<meta name=\"twitter:card\" content=\"summary_large_image\" \/>\n<meta name=\"twitter:label1\" content=\"Dur\u00e9e de lecture estim\u00e9e\" \/>\n\t<meta name=\"twitter:data1\" content=\"1 minute\" \/>\n<script type=\"application\/ld+json\" class=\"yoast-schema-graph\">{\"@context\":\"https:\/\/schema.org\",\"@graph\":[{\"@type\":\"WebPage\",\"@id\":\"https:\/\/martue.com\/producto\/martue-syrah-2012\/\",\"url\":\"https:\/\/martue.com\/producto\/martue-syrah-2012\/\",\"name\":\"Mart\u00fae Syrah 2012\",\"isPartOf\":{\"@id\":\"https:\/\/martue.com\/#website\"},\"datePublished\":\"2019-02-19T14:40:51+00:00\",\"dateModified\":\"2024-10-25T19:27:57+00:00\",\"description\":\"Elaborado 100% con uva Syrah procedente de nuestras fincas Campo Martuela y El Casar de La Guardia. Fermentaci\u00f3n tradicional con remontados diarios. Despu\u00e9s, 20 d\u00edas de maceraci\u00f3n en dep\u00f3sito con los hollejos.\",\"breadcrumb\":{\"@id\":\"https:\/\/martue.com\/producto\/martue-syrah-2012\/#breadcrumb\"},\"inLanguage\":\"fr-FR\",\"potentialAction\":[{\"@type\":\"ReadAction\",\"target\":[\"https:\/\/martue.com\/producto\/martue-syrah-2012\/\"]}]},{\"@type\":\"BreadcrumbList\",\"@id\":\"https:\/\/martue.com\/producto\/martue-syrah-2012\/#breadcrumb\",\"itemListElement\":[{\"@type\":\"ListItem\",\"position\":1,\"name\":\"Portada\",\"item\":\"https:\/\/martue.com\/\"},{\"@type\":\"ListItem\",\"position\":2,\"name\":\"Vinos\",\"item\":\"https:\/\/martue.com\/vinos\/\"},{\"@type\":\"ListItem\",\"position\":3,\"name\":\"Mart\u00fae Syrah 2012\"}]},{\"@type\":\"WebSite\",\"@id\":\"https:\/\/martue.com\/#website\",\"url\":\"https:\/\/martue.com\/\",\"name\":\"Bodegas Mart\u00fae - Pago Campo de la Guardia\",\"description\":\"VINO DE PAGO CAMPO DE LA GUARDIA Es la m\u00e1xima calificaci\u00f3n que contempla la legislaci\u00f3n espa\u00f1ola en materia vitivin\u00edcola, por encima de la Denominaci\u00f3n de Origen.\",\"potentialAction\":[{\"@type\":\"SearchAction\",\"target\":{\"@type\":\"EntryPoint\",\"urlTemplate\":\"https:\/\/martue.com\/?s={search_term_string}\"},\"query-input\":{\"@type\":\"PropertyValueSpecification\",\"valueRequired\":true,\"valueName\":\"search_term_string\"}}],\"inLanguage\":\"fr-FR\"}]}<\/script>\n<!-- \/ Yoast SEO plugin. -->","yoast_head_json":{"title":"Mart\u00fae Syrah 2012","description":"Elaborado 100% con uva Syrah procedente de nuestras fincas Campo Martuela y El Casar de La Guardia. Fermentaci\u00f3n tradicional con remontados diarios. Despu\u00e9s, 20 d\u00edas de maceraci\u00f3n en dep\u00f3sito con los hollejos.","robots":{"index":"index","follow":"follow","max-snippet":"max-snippet:-1","max-image-preview":"max-image-preview:large","max-video-preview":"max-video-preview:-1"},"canonical":"https:\/\/martue.com\/fr\/produit\/martue-syrah-2012\/","og_locale":"fr_FR","og_type":"article","og_title":"Mart\u00fae Syrah 2012","og_description":"Elaborado 100% con uva Syrah procedente de nuestras fincas Campo Martuela y El Casar de La Guardia. Fermentaci\u00f3n tradicional con remontados diarios. Despu\u00e9s, 20 d\u00edas de maceraci\u00f3n en dep\u00f3sito con los hollejos.","og_url":"https:\/\/martue.com\/fr\/produit\/martue-syrah-2012\/","og_site_name":"Bodegas Mart\u00fae - Pago Campo de la Guardia","article_modified_time":"2024-10-25T19:27:57+00:00","twitter_card":"summary_large_image","twitter_misc":{"Dur\u00e9e de lecture estim\u00e9e":"1 minute"},"schema":{"@context":"https:\/\/schema.org","@graph":[{"@type":"WebPage","@id":"https:\/\/martue.com\/producto\/martue-syrah-2012\/","url":"https:\/\/martue.com\/producto\/martue-syrah-2012\/","name":"Mart\u00fae Syrah 2012","isPartOf":{"@id":"https:\/\/martue.com\/#website"},"datePublished":"2019-02-19T14:40:51+00:00","dateModified":"2024-10-25T19:27:57+00:00","description":"Elaborado 100% con uva Syrah procedente de nuestras fincas Campo Martuela y El Casar de La Guardia. Fermentaci\u00f3n tradicional con remontados diarios. Despu\u00e9s, 20 d\u00edas de maceraci\u00f3n en dep\u00f3sito con los hollejos.","breadcrumb":{"@id":"https:\/\/martue.com\/producto\/martue-syrah-2012\/#breadcrumb"},"inLanguage":"fr-FR","potentialAction":[{"@type":"ReadAction","target":["https:\/\/martue.com\/producto\/martue-syrah-2012\/"]}]},{"@type":"BreadcrumbList","@id":"https:\/\/martue.com\/producto\/martue-syrah-2012\/#breadcrumb","itemListElement":[{"@type":"ListItem","position":1,"name":"Portada","item":"https:\/\/martue.com\/"},{"@type":"ListItem","position":2,"name":"Vinos","item":"https:\/\/martue.com\/vinos\/"},{"@type":"ListItem","position":3,"name":"Mart\u00fae Syrah 2012"}]},{"@type":"WebSite","@id":"https:\/\/martue.com\/#website","url":"https:\/\/martue.com\/","name":"Bodegas Mart\u00fae - Pago Campo de la Guardia","description":"VINO DE PAGO CAMPO DE LA GUARDIA Es la m\u00e1xima calificaci\u00f3n que contempla la legislaci\u00f3n espa\u00f1ola en materia vitivin\u00edcola, por encima de la Denominaci\u00f3n de Origen.","potentialAction":[{"@type":"SearchAction","target":{"@type":"EntryPoint","urlTemplate":"https:\/\/martue.com\/?s={search_term_string}"},"query-input":{"@type":"PropertyValueSpecification","valueRequired":true,"valueName":"search_term_string"}}],"inLanguage":"fr-FR"}]}},"_links":{"self":[{"href":"https:\/\/martue.com\/fr\/wp-json\/wp\/v2\/product\/1383","targetHints":{"allow":["GET"]}}],"collection":[{"href":"https:\/\/martue.com\/fr\/wp-json\/wp\/v2\/product"}],"about":[{"href":"https:\/\/martue.com\/fr\/wp-json\/wp\/v2\/types\/product"}],"replies":[{"embeddable":true,"href":"https:\/\/martue.com\/fr\/wp-json\/wp\/v2\/comments?post=1383"}],"wp:attachment":[{"href":"https:\/\/martue.com\/fr\/wp-json\/wp\/v2\/media?parent=1383"}],"wp:term":[{"taxonomy":"product_brand","embeddable":true,"href":"https:\/\/martue.com\/fr\/wp-json\/wp\/v2\/product_brand?post=1383"},{"taxonomy":"product_cat","embeddable":true,"href":"https:\/\/martue.com\/fr\/wp-json\/wp\/v2\/product_cat?post=1383"},{"taxonomy":"product_tag","embeddable":true,"href":"https:\/\/martue.com\/fr\/wp-json\/wp\/v2\/product_tag?post=1383"}],"curies":[{"name":"wp","href":"https:\/\/api.w.org\/{rel}","templated":true}]}}