{"id":14512,"date":"2022-11-12T23:32:37","date_gmt":"2022-11-12T22:32:37","guid":{"rendered":"https:\/\/martue.com\/?post_type=product&#038;p=14512"},"modified":"2024-11-26T12:13:34","modified_gmt":"2024-11-26T11:13:34","slug":"martue-especial-2018-2","status":"publish","type":"product","link":"https:\/\/martue.com\/fr\/produit\/martue-especial-2018-2\/","title":{"rendered":"Mart\u00fae Especial 2018"},"content":{"rendered":"<p><strong>Procedente de las cepas m\u00e1s antiguas de las fincas Campo Martuela y El Casar de La Guardia, <\/strong>este vino es un minucioso coupage elaborado con un <strong>40% Syrah, 19% Cabernet Sauvignon, 18% Petit Verdot y 17% Malbec y 6% Merlot. <\/strong>Cada una de las variedades ha sido fermentada por separado con largas maceraciones y, despu\u00e9s, el vino ha permanecido durante 14 meses en barricas de roble franc\u00e9s.<\/p>\n<p>Bonito color rojo picota intenso de alta capa. Complejo e intenso aroma, muy bien conjugado, donde hay muchos matices, pero formando un conjunto arm\u00f3nico: frutos negros, heno, trufa, cacao, madera seca, tierra, mineralidad. Entra con nervio en boca, llena todo, sabroso, carnoso. Mas frutal en la boca, cierta frescura alegra el paso. Bien pulido, combina a la perfecci\u00f3n la dif\u00edcil ecuaci\u00f3n de potencia y elegancia. Es grande, y lo ser\u00e1 por mucho tiempo.<\/p>\n<p>(Ignacio de Miguel, Sept2020)<\/p>\n<p>Una <strong>edici\u00f3n \u00fanica<\/strong> y <strong>limitada<\/strong> del tinto <strong>Mart\u00fae<\/strong> que s\u00f3lo se elabora <strong>cuando la a\u00f1ada es excepcional<\/strong> y a partir de las mejores y m\u00e1s antiguas cepas de sus pagos.<\/p>","protected":false},"excerpt":{"rendered":"<p>&nbsp;<\/p>\n<p style=\"text-align: justify;\">Minucioso\u00a0<strong>coupage<\/strong> de las variedades <strong>40% Syrah, 19% Cabernet Sauvignon, 18% Petit Verdot y 17% Malbec y 6% Merlot,<\/strong>\u00a0procedentes de las cepas m\u00e1s antiguas de las fincas\u00a0<strong>Campo Martuela<\/strong>\u00a0y\u00a0<strong>El Casar de La Guardia<\/strong>.<\/p>\n<p style=\"text-align: justify;\">Cada una de las variedades ha sido fermentada por separado con largas maceraciones y, despu\u00e9s, el vino ha\u00a0<strong>permanecido durante 14 meses en barricas de roble franc\u00e9s<\/strong>.<\/p>\n<div class=\"ficha\"><\/div>","protected":false},"featured_media":12965,"comment_status":"open","ping_status":"closed","template":"","meta":{"_et_pb_use_builder":"","_et_pb_old_content":"","_et_gb_content_width":"","om_disable_all_campaigns":false,"_joinchat":[]},"product_brand":[],"product_cat":[37,16],"product_tag":[],"class_list":{"0":"post-14512","1":"product","2":"type-product","3":"status-publish","4":"has-post-thumbnail","6":"product_cat-estuche","7":"product_cat-vinos-martue","9":"first","10":"outofstock","11":"taxable","12":"shipping-taxable","13":"product-type-simple"},"yoast_head":"<!-- This site is optimized with the Yoast SEO plugin v24.1 - https:\/\/yoast.com\/wordpress\/plugins\/seo\/ -->\n<title>Mart\u00fae Especial 2018<\/title>\n<meta name=\"description\" content=\"De la vendimia de 2018 se han embotellado 18.520 botellas bordelesas. Procedente de las cepas m\u00e1s antiguas de las fincas Campo Martuela y El Casar de La Guardia, este vino es un minucioso coupage elaborado con un 40% Syrah, 19% Cabernet Sauvignon, 18% Petit Verdot y 17% Malbec y 6% Merlot. Cada una de las variedades ha sido fermentada por separado con largas maceraciones y, despu\u00e9s, el vino ha permanecido durante 14 meses en barricas de roble franc\u00e9s.\u00a0\" \/>\n<meta name=\"robots\" content=\"index, follow, max-snippet:-1, max-image-preview:large, max-video-preview:-1\" \/>\n<link rel=\"canonical\" href=\"https:\/\/martue.com\/fr\/produit\/martue-especial-2018-2\/\" \/>\n<meta property=\"og:locale\" content=\"fr_FR\" \/>\n<meta property=\"og:type\" content=\"article\" \/>\n<meta property=\"og:title\" content=\"Mart\u00fae Especial 2018\" \/>\n<meta property=\"og:description\" content=\"De la vendimia de 2018 se han embotellado 18.520 botellas bordelesas. Procedente de las cepas m\u00e1s antiguas de las fincas Campo Martuela y El Casar de La Guardia, este vino es un minucioso coupage elaborado con un 40% Syrah, 19% Cabernet Sauvignon, 18% Petit Verdot y 17% Malbec y 6% Merlot. Cada una de las variedades ha sido fermentada por separado con largas maceraciones y, despu\u00e9s, el vino ha permanecido durante 14 meses en barricas de roble franc\u00e9s.\u00a0\" \/>\n<meta property=\"og:url\" content=\"https:\/\/martue.com\/fr\/produit\/martue-especial-2018-2\/\" \/>\n<meta property=\"og:site_name\" content=\"Bodegas Mart\u00fae - Pago Campo de la Guardia\" \/>\n<meta property=\"article:modified_time\" content=\"2024-11-26T11:13:34+00:00\" \/>\n<meta property=\"og:image\" content=\"https:\/\/martue.com\/wp-content\/uploads\/2021\/07\/martueespecial18-1.png\" \/>\n\t<meta property=\"og:image:width\" content=\"445\" \/>\n\t<meta property=\"og:image:height\" content=\"976\" \/>\n\t<meta property=\"og:image:type\" content=\"image\/png\" \/>\n<meta name=\"twitter:card\" content=\"summary_large_image\" \/>\n<meta name=\"twitter:label1\" content=\"Dur\u00e9e de lecture estim\u00e9e\" \/>\n\t<meta name=\"twitter:data1\" content=\"1 minute\" \/>\n<script type=\"application\/ld+json\" class=\"yoast-schema-graph\">{\"@context\":\"https:\/\/schema.org\",\"@graph\":[{\"@type\":\"WebPage\",\"@id\":\"https:\/\/martue.com\/producto\/martue-especial-2018-2\/\",\"url\":\"https:\/\/martue.com\/producto\/martue-especial-2018-2\/\",\"name\":\"Mart\u00fae Especial 2018\",\"isPartOf\":{\"@id\":\"https:\/\/martue.com\/#website\"},\"primaryImageOfPage\":{\"@id\":\"https:\/\/martue.com\/producto\/martue-especial-2018-2\/#primaryimage\"},\"image\":{\"@id\":\"https:\/\/martue.com\/producto\/martue-especial-2018-2\/#primaryimage\"},\"thumbnailUrl\":\"https:\/\/martue.com\/wp-content\/uploads\/2021\/07\/martueespecial18-1.png\",\"datePublished\":\"2022-11-12T22:32:37+00:00\",\"dateModified\":\"2024-11-26T11:13:34+00:00\",\"description\":\"De la vendimia de 2018 se han embotellado 18.520 botellas bordelesas. Procedente de las cepas m\u00e1s antiguas de las fincas Campo Martuela y El Casar de La Guardia, este vino es un minucioso coupage elaborado con un 40% Syrah, 19% Cabernet Sauvignon, 18% Petit Verdot y 17% Malbec y 6% Merlot. Cada una de las variedades ha sido fermentada por separado con largas maceraciones y, despu\u00e9s, el vino ha permanecido durante 14 meses en barricas de roble franc\u00e9s.\u00a0\",\"breadcrumb\":{\"@id\":\"https:\/\/martue.com\/producto\/martue-especial-2018-2\/#breadcrumb\"},\"inLanguage\":\"fr-FR\",\"potentialAction\":[{\"@type\":\"ReadAction\",\"target\":[\"https:\/\/martue.com\/producto\/martue-especial-2018-2\/\"]}]},{\"@type\":\"ImageObject\",\"inLanguage\":\"fr-FR\",\"@id\":\"https:\/\/martue.com\/producto\/martue-especial-2018-2\/#primaryimage\",\"url\":\"https:\/\/martue.com\/wp-content\/uploads\/2021\/07\/martueespecial18-1.png\",\"contentUrl\":\"https:\/\/martue.com\/wp-content\/uploads\/2021\/07\/martueespecial18-1.png\",\"width\":445,\"height\":976,\"caption\":\"!!NUEVO!! Minucioso coupage de las variedades 40% Syrah, 19% Cabernet Sauvignon, 18% Petit Verdot y 17% Malbec y 6% Merlot, procedentes de nuestras cepas m\u00e1s viejas. Ver vino\"},{\"@type\":\"BreadcrumbList\",\"@id\":\"https:\/\/martue.com\/producto\/martue-especial-2018-2\/#breadcrumb\",\"itemListElement\":[{\"@type\":\"ListItem\",\"position\":1,\"name\":\"Portada\",\"item\":\"https:\/\/martue.com\/\"},{\"@type\":\"ListItem\",\"position\":2,\"name\":\"Vinos\",\"item\":\"https:\/\/martue.com\/vinos\/\"},{\"@type\":\"ListItem\",\"position\":3,\"name\":\"Mart\u00fae Especial 2018\"}]},{\"@type\":\"WebSite\",\"@id\":\"https:\/\/martue.com\/#website\",\"url\":\"https:\/\/martue.com\/\",\"name\":\"Bodegas Mart\u00fae - Pago Campo de la Guardia\",\"description\":\"VINO DE PAGO CAMPO DE LA GUARDIA Es la m\u00e1xima calificaci\u00f3n que contempla la legislaci\u00f3n espa\u00f1ola en materia vitivin\u00edcola, por encima de la Denominaci\u00f3n de Origen.\",\"potentialAction\":[{\"@type\":\"SearchAction\",\"target\":{\"@type\":\"EntryPoint\",\"urlTemplate\":\"https:\/\/martue.com\/?s={search_term_string}\"},\"query-input\":{\"@type\":\"PropertyValueSpecification\",\"valueRequired\":true,\"valueName\":\"search_term_string\"}}],\"inLanguage\":\"fr-FR\"}]}<\/script>\n<!-- \/ Yoast SEO plugin. -->","yoast_head_json":{"title":"Mart\u00fae Especial 2018","description":"De la vendimia de 2018 se han embotellado 18.520 botellas bordelesas. Procedente de las cepas m\u00e1s antiguas de las fincas Campo Martuela y El Casar de La Guardia, este vino es un minucioso coupage elaborado con un 40% Syrah, 19% Cabernet Sauvignon, 18% Petit Verdot y 17% Malbec y 6% Merlot. Cada una de las variedades ha sido fermentada por separado con largas maceraciones y, despu\u00e9s, el vino ha permanecido durante 14 meses en barricas de roble franc\u00e9s.\u00a0","robots":{"index":"index","follow":"follow","max-snippet":"max-snippet:-1","max-image-preview":"max-image-preview:large","max-video-preview":"max-video-preview:-1"},"canonical":"https:\/\/martue.com\/fr\/produit\/martue-especial-2018-2\/","og_locale":"fr_FR","og_type":"article","og_title":"Mart\u00fae Especial 2018","og_description":"De la vendimia de 2018 se han embotellado 18.520 botellas bordelesas. Procedente de las cepas m\u00e1s antiguas de las fincas Campo Martuela y El Casar de La Guardia, este vino es un minucioso coupage elaborado con un 40% Syrah, 19% Cabernet Sauvignon, 18% Petit Verdot y 17% Malbec y 6% Merlot. Cada una de las variedades ha sido fermentada por separado con largas maceraciones y, despu\u00e9s, el vino ha permanecido durante 14 meses en barricas de roble franc\u00e9s.\u00a0","og_url":"https:\/\/martue.com\/fr\/produit\/martue-especial-2018-2\/","og_site_name":"Bodegas Mart\u00fae - Pago Campo de la Guardia","article_modified_time":"2024-11-26T11:13:34+00:00","og_image":[{"width":445,"height":976,"url":"https:\/\/martue.com\/wp-content\/uploads\/2021\/07\/martueespecial18-1.png","type":"image\/png"}],"twitter_card":"summary_large_image","twitter_misc":{"Dur\u00e9e de lecture estim\u00e9e":"1 minute"},"schema":{"@context":"https:\/\/schema.org","@graph":[{"@type":"WebPage","@id":"https:\/\/martue.com\/producto\/martue-especial-2018-2\/","url":"https:\/\/martue.com\/producto\/martue-especial-2018-2\/","name":"Mart\u00fae Especial 2018","isPartOf":{"@id":"https:\/\/martue.com\/#website"},"primaryImageOfPage":{"@id":"https:\/\/martue.com\/producto\/martue-especial-2018-2\/#primaryimage"},"image":{"@id":"https:\/\/martue.com\/producto\/martue-especial-2018-2\/#primaryimage"},"thumbnailUrl":"https:\/\/martue.com\/wp-content\/uploads\/2021\/07\/martueespecial18-1.png","datePublished":"2022-11-12T22:32:37+00:00","dateModified":"2024-11-26T11:13:34+00:00","description":"De la vendimia de 2018 se han embotellado 18.520 botellas bordelesas. Procedente de las cepas m\u00e1s antiguas de las fincas Campo Martuela y El Casar de La Guardia, este vino es un minucioso coupage elaborado con un 40% Syrah, 19% Cabernet Sauvignon, 18% Petit Verdot y 17% Malbec y 6% Merlot. Cada una de las variedades ha sido fermentada por separado con largas maceraciones y, despu\u00e9s, el vino ha permanecido durante 14 meses en barricas de roble franc\u00e9s.\u00a0","breadcrumb":{"@id":"https:\/\/martue.com\/producto\/martue-especial-2018-2\/#breadcrumb"},"inLanguage":"fr-FR","potentialAction":[{"@type":"ReadAction","target":["https:\/\/martue.com\/producto\/martue-especial-2018-2\/"]}]},{"@type":"ImageObject","inLanguage":"fr-FR","@id":"https:\/\/martue.com\/producto\/martue-especial-2018-2\/#primaryimage","url":"https:\/\/martue.com\/wp-content\/uploads\/2021\/07\/martueespecial18-1.png","contentUrl":"https:\/\/martue.com\/wp-content\/uploads\/2021\/07\/martueespecial18-1.png","width":445,"height":976,"caption":"!!NUEVO!! Minucioso coupage de las variedades 40% Syrah, 19% Cabernet Sauvignon, 18% Petit Verdot y 17% Malbec y 6% Merlot, procedentes de nuestras cepas m\u00e1s viejas. Ver vino"},{"@type":"BreadcrumbList","@id":"https:\/\/martue.com\/producto\/martue-especial-2018-2\/#breadcrumb","itemListElement":[{"@type":"ListItem","position":1,"name":"Portada","item":"https:\/\/martue.com\/"},{"@type":"ListItem","position":2,"name":"Vinos","item":"https:\/\/martue.com\/vinos\/"},{"@type":"ListItem","position":3,"name":"Mart\u00fae Especial 2018"}]},{"@type":"WebSite","@id":"https:\/\/martue.com\/#website","url":"https:\/\/martue.com\/","name":"Bodegas Mart\u00fae - Pago Campo de la Guardia","description":"VINO DE PAGO CAMPO DE LA GUARDIA Es la m\u00e1xima calificaci\u00f3n que contempla la legislaci\u00f3n espa\u00f1ola en materia vitivin\u00edcola, por encima de la Denominaci\u00f3n de Origen.","potentialAction":[{"@type":"SearchAction","target":{"@type":"EntryPoint","urlTemplate":"https:\/\/martue.com\/?s={search_term_string}"},"query-input":{"@type":"PropertyValueSpecification","valueRequired":true,"valueName":"search_term_string"}}],"inLanguage":"fr-FR"}]}},"_links":{"self":[{"href":"https:\/\/martue.com\/fr\/wp-json\/wp\/v2\/product\/14512","targetHints":{"allow":["GET"]}}],"collection":[{"href":"https:\/\/martue.com\/fr\/wp-json\/wp\/v2\/product"}],"about":[{"href":"https:\/\/martue.com\/fr\/wp-json\/wp\/v2\/types\/product"}],"replies":[{"embeddable":true,"href":"https:\/\/martue.com\/fr\/wp-json\/wp\/v2\/comments?post=14512"}],"wp:featuredmedia":[{"embeddable":true,"href":"https:\/\/martue.com\/fr\/wp-json\/wp\/v2\/media\/12965"}],"wp:attachment":[{"href":"https:\/\/martue.com\/fr\/wp-json\/wp\/v2\/media?parent=14512"}],"wp:term":[{"taxonomy":"product_brand","embeddable":true,"href":"https:\/\/martue.com\/fr\/wp-json\/wp\/v2\/product_brand?post=14512"},{"taxonomy":"product_cat","embeddable":true,"href":"https:\/\/martue.com\/fr\/wp-json\/wp\/v2\/product_cat?post=14512"},{"taxonomy":"product_tag","embeddable":true,"href":"https:\/\/martue.com\/fr\/wp-json\/wp\/v2\/product_tag?post=14512"}],"curies":[{"name":"wp","href":"https:\/\/api.w.org\/{rel}","templated":true}]}}