{"id":15131,"date":"2023-05-05T11:08:52","date_gmt":"2023-05-05T09:08:52","guid":{"rendered":"https:\/\/martue.com\/?post_type=product&#038;p=15131"},"modified":"2026-04-04T13:22:28","modified_gmt":"2026-04-04T11:22:28","slug":"martue-syrah-2022","status":"publish","type":"product","link":"https:\/\/martue.com\/fr\/produit\/martue-syrah-2022\/","title":{"rendered":"Mart\u00fae Syrah 2022"},"content":{"rendered":"<p>[et_pb_section fb_built=\u00bb1&#8243; _builder_version=\u00bb4.16&#8243; locked=\u00bboff\u00bb collapsed=\u00bboff\u00bb global_colors_info=\u00bb{}\u00bb][et_pb_row _builder_version=\u00bb4.16&#8243; global_colors_info=\u00bb{}\u00bb][et_pb_column type=\u00bb4_4&#8243; _builder_version=\u00bb4.16&#8243; custom_padding=\u00bb|||\u00bb global_colors_info=\u00bb{}\u00bb custom_padding__hover=\u00bb|||\u00bb][et_pb_wc_cart_notice _builder_version=\u00bb4.16&#8243; global_colors_info=\u00bb{}\u00bb][\/et_pb_wc_cart_notice][\/et_pb_column][\/et_pb_row][et_pb_row column_structure=\u00bb1_3,1_3,1_3&#8243; _builder_version=\u00bb4.16&#8243; global_colors_info=\u00bb{}\u00bb][et_pb_column type=\u00bb1_3&#8243; _builder_version=\u00bb4.16&#8243; custom_padding=\u00bb|||\u00bb global_colors_info=\u00bb{}\u00bb custom_padding__hover=\u00bb|||\u00bb][et_pb_wc_title disabled_on=\u00bboff|off|on\u00bb _builder_version=\u00bb4.18.0&#8243; header_font=\u00bb|700|||||||\u00bb header_text_align=\u00bbcenter\u00bb header_font_size=\u00bb31px\u00bb custom_padding=\u00bb25px||||false|false\u00bb custom_padding_tablet=\u00bb|||15px|false|false\u00bb custom_padding_phone=\u00bb|||15px|false|false\u00bb custom_padding_last_edited=\u00bbon|tablet\u00bb global_colors_info=\u00bb{}\u00bb][\/et_pb_wc_title][et_pb_wc_images show_product_image=\u00bbon\u00bb show_product_gallery=\u00bboff\u00bb show_sale_badge=\u00bboff\u00bb _builder_version=\u00bb4.18.0&#8243; min_height=\u00bb850px\u00bb custom_margin=\u00bb-35px||0px||false|false\u00bb custom_padding=\u00bb|100px|0px|100px|false|false\u00bb custom_padding_tablet=\u00bb|130px||130px|false|false\u00bb custom_padding_phone=\u00bb|0px||0px|false|false\u00bb custom_padding_last_edited=\u00bbon|tablet\u00bb global_colors_info=\u00bb{}\u00bb][\/et_pb_wc_images][\/et_pb_column][et_pb_column type=\u00bb1_3&#8243; _builder_version=\u00bb4.16&#8243; custom_padding=\u00bb|||\u00bb global_colors_info=\u00bb{}\u00bb custom_padding__hover=\u00bb|||\u00bb][et_pb_wc_title disabled_on=\u00bbon|on|off\u00bb _builder_version=\u00bb4.18.0&#8243; header_font=\u00bb|700|||||||\u00bb header_text_align=\u00bbleft\u00bb header_font_size=\u00bb40px\u00bb custom_padding=\u00bb25px||||false|false\u00bb custom_padding_tablet=\u00bb|||15px|false|false\u00bb custom_padding_phone=\u00bb|||15px|false|false\u00bb custom_padding_last_edited=\u00bbon|tablet\u00bb locked=\u00bboff\u00bb global_colors_info=\u00bb{}\u00bb][\/et_pb_wc_title][et_pb_wc_rating _builder_version=\u00bb4.16&#8243; custom_padding_tablet=\u00bb|||15px|false|false\u00bb custom_padding_phone=\u00bb|||15px|false|false\u00bb custom_padding_last_edited=\u00bbon|tablet\u00bb global_colors_info=\u00bb{}\u00bb][\/et_pb_wc_rating][et_pb_wc_price _builder_version=\u00bb4.18.0&#8243; custom_margin=\u00bb||||false|false\u00bb custom_padding=\u00bb||||false|false\u00bb custom_padding_tablet=\u00bb|||15px|false|false\u00bb custom_padding_phone=\u00bb20px|||15px|false|false\u00bb custom_padding_last_edited=\u00bbon|tablet\u00bb global_colors_info=\u00bb{}\u00bb][\/et_pb_wc_price][et_pb_wc_description _builder_version=\u00bb4.16&#8243; header_text_align=\u00bbjustify\u00bb text_orientation=\u00bbjustified\u00bb custom_padding=\u00bb20px||20px||false|false\u00bb custom_padding_tablet=\u00bb|15px||15px|false|false\u00bb custom_padding_phone=\u00bb|15px||15px|false|false\u00bb custom_padding_last_edited=\u00bbon|tablet\u00bb body_font_tablet=\u00bb\u00bb body_font_phone=\u00bb|700|||||||\u00bb body_font_last_edited=\u00bbon|phone\u00bb global_colors_info=\u00bb{}\u00bb][\/et_pb_wc_description][et_pb_wc_add_to_cart show_stock=\u00bboff\u00bb _builder_version=\u00bb4.16&#8243; dropdown_menus_custom_margin=\u00bb0px|0px|16px|-94px|false|false\u00bb dropdown_menus_custom_margin_tablet=\u00bb\u00bb dropdown_menus_custom_margin_phone=\u00bb0px|0px|16px|-70px|false|false\u00bb dropdown_menus_custom_margin_last_edited=\u00bbon|phone\u00bb field_label_text_color=\u00bb#545454&#8243; field_label_font_size=\u00bb17px\u00bb field_label_letter_spacing=\u00bb2px\u00bb field_label_line_height=\u00bb1.6em\u00bb fields_text_align=\u00bbcenter\u00bb dropdown_menus_font=\u00bbAldrich||||||||\u00bb dropdown_menus_font_size=\u00bb14px\u00bb custom_padding=\u00bb|||15px|false|false\u00bb field_label_font_tablet=\u00bb\u00bb field_label_font_phone=\u00bbDefault|800|||||||\u00bb field_label_font_last_edited=\u00bbon|phone\u00bb border_width_all_fields=\u00bb1px\u00bb border_radii_dropdown_menus=\u00bbon||||\u00bb border_width_all_dropdown_menus=\u00bb1px\u00bb body_font_last_edited=\u00bbon|phone\u00bb body_font_tablet=\u00bb\u00bb body_font_phone=\u00bbDefault|800|||||||\u00bb body_text_color=\u00bb#545454&#8243; body_font_size=\u00bb17px\u00bb body_letter_spacing=\u00bb2px\u00bb body_line_height=\u00bb1.6em\u00bb global_colors_info=\u00bb{}\u00bb][\/et_pb_wc_add_to_cart][\/et_pb_column][et_pb_column type=\u00bb1_3&#8243; _builder_version=\u00bb4.16&#8243; custom_padding=\u00bb|||\u00bb global_colors_info=\u00bb{}\u00bb custom_padding__hover=\u00bb|||\u00bb][et_pb_wc_images _builder_version=\u00bb4.18.0&#8243; _module_preset=\u00bbdefault\u00bb custom_padding=\u00bb20px|20px||20px|false|false\u00bb border_width_all_image=\u00bb5px\u00bb border_color_all_image=\u00bb#FFFFFF\u00bb global_colors_info=\u00bb{}\u00bb][\/et_pb_wc_images][\/et_pb_column][\/et_pb_row][et_pb_row _builder_version=\u00bb4.16&#8243; global_colors_info=\u00bb{}\u00bb][et_pb_column type=\u00bb4_4&#8243; _builder_version=\u00bb4.16&#8243; custom_padding=\u00bb|||\u00bb global_colors_info=\u00bb{}\u00bb custom_padding__hover=\u00bb|||\u00bb][et_pb_wc_tabs _builder_version=\u00bb4.16&#8243; body_text_align=\u00bbjustify\u00bb custom_margin=\u00bb|30px||30px|false|false\u00bb body_font_tablet=\u00bb\u00bb body_font_phone=\u00bb|700|||||||\u00bb body_font_last_edited=\u00bbon|phone\u00bb global_colors_info=\u00bb{}\u00bb] [\/et_pb_wc_tabs][et_pb_wc_upsells _builder_version=\u00bb4.16&#8243; global_colors_info=\u00bb{}\u00bb][\/et_pb_wc_upsells][et_pb_wc_related_products product=\u00bblatest\u00bb include_categories=\u00bb16,17&#8243; offset_number=\u00bb1&#8243; _builder_version=\u00bb4.18.0&#8243; title_line_height=\u00bb2.5em\u00bb product_title_font_size=\u00bb20px\u00bb price_text_color=\u00bbrgba(0,0,0,0)\u00bb text_orientation=\u00bbcenter\u00bb max_width=\u00bb70%\u00bb module_alignment=\u00bbcenter\u00bb custom_margin=\u00bb||||false|false\u00bb custom_padding=\u00bb||||false|false\u00bb global_module=\u00bb14893&#8243; global_colors_info=\u00bb{}\u00bb][\/et_pb_wc_related_products][\/et_pb_column][\/et_pb_row][\/et_pb_section]<\/p>","protected":false},"excerpt":{"rendered":"<div id=\"martue-row-0\" class=\"row\">\n<p style=\"text-align: justify;\">Elaborado <strong>100%\u00a0<\/strong>con uva <strong>Syrah<\/strong> procedente de nuestras finchas\u00a0<strong>Campo Martuela <\/strong>y\u00a0<strong>El Casar<\/strong>\u00a0<strong>de La Guardia.<\/strong><\/p>\n<p style=\"text-align: justify;\">Fermentaci\u00f3n tradicional con remontados diarios. Despu\u00e9s,\u00a0<strong>20 d\u00edas de maceraci\u00f3n\u00a0<\/strong>en dep\u00f3sito con los hollejos. El vino fermenta y permanece durante\u00a0<strong>15 meses <\/strong>barricas de <strong>roble franc\u00e9s (80%)<\/strong>\u00a0y <strong>americano (20%).<\/strong><\/p>\n<p><span style=\"color: #800000;\"><strong><a style=\"color: #800000;\" href=\"https:\/\/martue.com\/wp-content\/uploads\/2024\/02\/ES-MARTUE-SYRAH-2020.pdf\" target=\"_blank\" rel=\"noopener noreferrer\">Ficha de Cata<\/a><\/strong><\/span><\/p>\n<\/div>\n<div class=\"ficha\"><\/div>","protected":false},"featured_media":15136,"comment_status":"open","ping_status":"closed","template":"","meta":{"_et_pb_use_builder":"on","_et_pb_old_content":"Elaborado\u00a0 100%\u00a0 con\u00a0 uva\u00a0 Syrah\u00a0 procedente\u00a0 de\u00a0 nuestras\u00a0 fincas Campo Martuela y El Casar de La Guardia. Fermentaci\u00f3n\u00a0 tradicional\u00a0 con\u00a0 remontados\u00a0 diarios.\u00a0 Despu\u00e9s,\u00a0 20 d\u00edas de maceraci\u00f3n\u00a0\u00a0 en dep\u00f3sito con los hollejos. El vino fermenta y permanece durante 15 meses en barricas de roble franc\u00e9s (80%) y americano (20%). Color rojo picota intenso, muy cubierto y bien conservado.\r\n\r\nAroma especiado,\u00a0 con\u00a0 recuerdos\u00a0 de\u00a0 mantecado,\u00a0 hierbas\u00a0 arom\u00e1ticas (cantueso) y boller\u00eda.\u00a0 Al airearse van saliendo los frutillos negros bien maduros y bien conjuntados con guinda en licor y notas de cedro.\u00a0 La\u00a0 explosi\u00f3n\u00a0 llega\u00a0 en\u00a0 fase\u00a0 de\u00a0 boca,\u00a0 donde\u00a0 no\u00a0 se\u00a0 pueden tener\u00a0 m\u00e1s\u00a0 sensaciones\u00a0 a\u00a0 la\u00a0 vez:\u00a0 goloso,\u00a0 carnoso,\u00a0 frutal,\u00a0 fresco, complejo...\u00a0 hay\u00a0 una\u00a0 dif\u00edcil\u00a0 conjugaci\u00f3n\u00a0 de\u00a0 potencia\u00a0 y\u00a0 a\u00a0 la\u00a0 vez suavidad\u00a0 y\u00a0 elegancia.\u00a0 Inmenso\u00a0 postgusto,\u00a0 donde\u00a0 se\u00a0 resumen todos los sabores de la cata. El\u00a0 resultado\u00a0 es\u00a0 un\u00a0 vino\u00a0 elegante,\u00a0 de\u00a0 marcada\u00a0 personalidad\u00a0 e intensidad arom\u00e1tica.\r\n<h3>Producci\u00f3n<\/h3>\r\n15.533 botellas borgo\u00f1a. Para mantener al m\u00e1ximo todas sus cualidades, este vino no ha sido sometido a duros tratamientos de estabilizaci\u00f3n y filtrado, por lo que con el tiempo puede aparecer un peque\u00f1o sedimento natural..\r\n<h3>Conservaci\u00f3n y Consumo<\/h3>\r\nSe recomienda conservar con la botella tumbada, en un lugar a oscuras, sin vibraciones y temperatura estable entre 15-20\u00baC. Para apreciar todas sus cualidades se recomienda decantar 20 minutos antes de su consumo.","_et_gb_content_width":"","om_disable_all_campaigns":false,"_joinchat":[]},"product_brand":[],"product_cat":[16],"product_tag":[],"class_list":{"0":"post-15131","1":"product","2":"type-product","3":"status-publish","4":"has-post-thumbnail","6":"product_cat-vinos-martue","8":"first","9":"instock","10":"featured","11":"taxable","12":"shipping-taxable","13":"product-type-variable","14":"has-default-attributes"},"yoast_head":"<!-- This site is optimized with the Yoast SEO plugin v24.1 - https:\/\/yoast.com\/wordpress\/plugins\/seo\/ -->\n<title>Mart\u00fae Syrah 2020<\/title>\n<meta name=\"description\" content=\"Elaborado 100% con uva Syrah procedente de nuestras fincas Campo Martuela y El Casar de La Guardia. Fermentaci\u00f3n tradicional con remontados diarios. Despu\u00e9s, 20 d\u00edas de maceraci\u00f3n en dep\u00f3sito con los hollejos.\" \/>\n<meta name=\"robots\" content=\"index, follow, max-snippet:-1, max-image-preview:large, max-video-preview:-1\" \/>\n<link rel=\"canonical\" href=\"https:\/\/martue.com\/fr\/produit\/martue-syrah-2022\/\" \/>\n<meta property=\"og:locale\" content=\"fr_FR\" \/>\n<meta property=\"og:type\" content=\"article\" \/>\n<meta property=\"og:title\" content=\"Mart\u00fae Syrah 2020\" \/>\n<meta property=\"og:description\" content=\"Elaborado 100% con uva Syrah procedente de nuestras fincas Campo Martuela y El Casar de La Guardia. Fermentaci\u00f3n tradicional con remontados diarios. Despu\u00e9s, 20 d\u00edas de maceraci\u00f3n en dep\u00f3sito con los hollejos.\" \/>\n<meta property=\"og:url\" content=\"https:\/\/martue.com\/fr\/produit\/martue-syrah-2022\/\" \/>\n<meta property=\"og:site_name\" content=\"Bodegas Mart\u00fae - Pago Campo de la Guardia\" \/>\n<meta property=\"article:modified_time\" content=\"2026-04-04T11:22:28+00:00\" \/>\n<meta property=\"og:image\" content=\"https:\/\/martue.com\/wp-content\/uploads\/2023\/05\/SYRAH-2020.png\" \/>\n\t<meta property=\"og:image:width\" content=\"600\" \/>\n\t<meta property=\"og:image:height\" content=\"1316\" \/>\n\t<meta property=\"og:image:type\" content=\"image\/png\" \/>\n<meta name=\"twitter:card\" content=\"summary_large_image\" \/>\n<meta name=\"twitter:label1\" content=\"Dur\u00e9e de lecture estim\u00e9e\" \/>\n\t<meta name=\"twitter:data1\" content=\"1 minute\" \/>\n<script type=\"application\/ld+json\" class=\"yoast-schema-graph\">{\"@context\":\"https:\/\/schema.org\",\"@graph\":[{\"@type\":\"WebPage\",\"@id\":\"https:\/\/martue.com\/producto\/martue-syrah-2022\/\",\"url\":\"https:\/\/martue.com\/producto\/martue-syrah-2022\/\",\"name\":\"Mart\u00fae Syrah 2020\",\"isPartOf\":{\"@id\":\"https:\/\/martue.com\/#website\"},\"primaryImageOfPage\":{\"@id\":\"https:\/\/martue.com\/producto\/martue-syrah-2022\/#primaryimage\"},\"image\":{\"@id\":\"https:\/\/martue.com\/producto\/martue-syrah-2022\/#primaryimage\"},\"thumbnailUrl\":\"https:\/\/martue.com\/wp-content\/uploads\/2023\/05\/SYRAH-2020.png\",\"datePublished\":\"2023-05-05T09:08:52+00:00\",\"dateModified\":\"2026-04-04T11:22:28+00:00\",\"description\":\"Elaborado 100% con uva Syrah procedente de nuestras fincas Campo Martuela y El Casar de La Guardia. Fermentaci\u00f3n tradicional con remontados diarios. Despu\u00e9s, 20 d\u00edas de maceraci\u00f3n en dep\u00f3sito con los hollejos.\",\"breadcrumb\":{\"@id\":\"https:\/\/martue.com\/producto\/martue-syrah-2022\/#breadcrumb\"},\"inLanguage\":\"fr-FR\",\"potentialAction\":[{\"@type\":\"ReadAction\",\"target\":[\"https:\/\/martue.com\/producto\/martue-syrah-2022\/\"]}]},{\"@type\":\"ImageObject\",\"inLanguage\":\"fr-FR\",\"@id\":\"https:\/\/martue.com\/producto\/martue-syrah-2022\/#primaryimage\",\"url\":\"https:\/\/martue.com\/wp-content\/uploads\/2023\/05\/SYRAH-2020.png\",\"contentUrl\":\"https:\/\/martue.com\/wp-content\/uploads\/2023\/05\/SYRAH-2020.png\",\"width\":600,\"height\":1316,\"caption\":\"Elaborado 100% con uva Syrah procedente de nuestras finchas Campo Martuela y El Casar de La Guardia. Crianza durante 15 meses en barricas de roble franc\u00e9s. Ver vino\"},{\"@type\":\"BreadcrumbList\",\"@id\":\"https:\/\/martue.com\/producto\/martue-syrah-2022\/#breadcrumb\",\"itemListElement\":[{\"@type\":\"ListItem\",\"position\":1,\"name\":\"Portada\",\"item\":\"https:\/\/martue.com\/\"},{\"@type\":\"ListItem\",\"position\":2,\"name\":\"Vinos\",\"item\":\"https:\/\/martue.com\/vinos\/\"},{\"@type\":\"ListItem\",\"position\":3,\"name\":\"Mart\u00fae Syrah 2022\"}]},{\"@type\":\"WebSite\",\"@id\":\"https:\/\/martue.com\/#website\",\"url\":\"https:\/\/martue.com\/\",\"name\":\"Bodegas Mart\u00fae - Pago Campo de la Guardia\",\"description\":\"VINO DE PAGO CAMPO DE LA GUARDIA Es la m\u00e1xima calificaci\u00f3n que contempla la legislaci\u00f3n espa\u00f1ola en materia vitivin\u00edcola, por encima de la Denominaci\u00f3n de Origen.\",\"potentialAction\":[{\"@type\":\"SearchAction\",\"target\":{\"@type\":\"EntryPoint\",\"urlTemplate\":\"https:\/\/martue.com\/?s={search_term_string}\"},\"query-input\":{\"@type\":\"PropertyValueSpecification\",\"valueRequired\":true,\"valueName\":\"search_term_string\"}}],\"inLanguage\":\"fr-FR\"}]}<\/script>\n<!-- \/ Yoast SEO plugin. -->","yoast_head_json":{"title":"Mart\u00fae Syrah 2020","description":"Elaborado 100% con uva Syrah procedente de nuestras fincas Campo Martuela y El Casar de La Guardia. Fermentaci\u00f3n tradicional con remontados diarios. Despu\u00e9s, 20 d\u00edas de maceraci\u00f3n en dep\u00f3sito con los hollejos.","robots":{"index":"index","follow":"follow","max-snippet":"max-snippet:-1","max-image-preview":"max-image-preview:large","max-video-preview":"max-video-preview:-1"},"canonical":"https:\/\/martue.com\/fr\/produit\/martue-syrah-2022\/","og_locale":"fr_FR","og_type":"article","og_title":"Mart\u00fae Syrah 2020","og_description":"Elaborado 100% con uva Syrah procedente de nuestras fincas Campo Martuela y El Casar de La Guardia. Fermentaci\u00f3n tradicional con remontados diarios. Despu\u00e9s, 20 d\u00edas de maceraci\u00f3n en dep\u00f3sito con los hollejos.","og_url":"https:\/\/martue.com\/fr\/produit\/martue-syrah-2022\/","og_site_name":"Bodegas Mart\u00fae - Pago Campo de la Guardia","article_modified_time":"2026-04-04T11:22:28+00:00","og_image":[{"width":600,"height":1316,"url":"https:\/\/martue.com\/wp-content\/uploads\/2023\/05\/SYRAH-2020.png","type":"image\/png"}],"twitter_card":"summary_large_image","twitter_misc":{"Dur\u00e9e de lecture estim\u00e9e":"1 minute"},"schema":{"@context":"https:\/\/schema.org","@graph":[{"@type":"WebPage","@id":"https:\/\/martue.com\/producto\/martue-syrah-2022\/","url":"https:\/\/martue.com\/producto\/martue-syrah-2022\/","name":"Mart\u00fae Syrah 2020","isPartOf":{"@id":"https:\/\/martue.com\/#website"},"primaryImageOfPage":{"@id":"https:\/\/martue.com\/producto\/martue-syrah-2022\/#primaryimage"},"image":{"@id":"https:\/\/martue.com\/producto\/martue-syrah-2022\/#primaryimage"},"thumbnailUrl":"https:\/\/martue.com\/wp-content\/uploads\/2023\/05\/SYRAH-2020.png","datePublished":"2023-05-05T09:08:52+00:00","dateModified":"2026-04-04T11:22:28+00:00","description":"Elaborado 100% con uva Syrah procedente de nuestras fincas Campo Martuela y El Casar de La Guardia. Fermentaci\u00f3n tradicional con remontados diarios. Despu\u00e9s, 20 d\u00edas de maceraci\u00f3n en dep\u00f3sito con los hollejos.","breadcrumb":{"@id":"https:\/\/martue.com\/producto\/martue-syrah-2022\/#breadcrumb"},"inLanguage":"fr-FR","potentialAction":[{"@type":"ReadAction","target":["https:\/\/martue.com\/producto\/martue-syrah-2022\/"]}]},{"@type":"ImageObject","inLanguage":"fr-FR","@id":"https:\/\/martue.com\/producto\/martue-syrah-2022\/#primaryimage","url":"https:\/\/martue.com\/wp-content\/uploads\/2023\/05\/SYRAH-2020.png","contentUrl":"https:\/\/martue.com\/wp-content\/uploads\/2023\/05\/SYRAH-2020.png","width":600,"height":1316,"caption":"Elaborado 100% con uva Syrah procedente de nuestras finchas Campo Martuela y El Casar de La Guardia. Crianza durante 15 meses en barricas de roble franc\u00e9s. Ver vino"},{"@type":"BreadcrumbList","@id":"https:\/\/martue.com\/producto\/martue-syrah-2022\/#breadcrumb","itemListElement":[{"@type":"ListItem","position":1,"name":"Portada","item":"https:\/\/martue.com\/"},{"@type":"ListItem","position":2,"name":"Vinos","item":"https:\/\/martue.com\/vinos\/"},{"@type":"ListItem","position":3,"name":"Mart\u00fae Syrah 2022"}]},{"@type":"WebSite","@id":"https:\/\/martue.com\/#website","url":"https:\/\/martue.com\/","name":"Bodegas Mart\u00fae - Pago Campo de la Guardia","description":"VINO DE PAGO CAMPO DE LA GUARDIA Es la m\u00e1xima calificaci\u00f3n que contempla la legislaci\u00f3n espa\u00f1ola en materia vitivin\u00edcola, por encima de la Denominaci\u00f3n de Origen.","potentialAction":[{"@type":"SearchAction","target":{"@type":"EntryPoint","urlTemplate":"https:\/\/martue.com\/?s={search_term_string}"},"query-input":{"@type":"PropertyValueSpecification","valueRequired":true,"valueName":"search_term_string"}}],"inLanguage":"fr-FR"}]}},"_links":{"self":[{"href":"https:\/\/martue.com\/fr\/wp-json\/wp\/v2\/product\/15131","targetHints":{"allow":["GET"]}}],"collection":[{"href":"https:\/\/martue.com\/fr\/wp-json\/wp\/v2\/product"}],"about":[{"href":"https:\/\/martue.com\/fr\/wp-json\/wp\/v2\/types\/product"}],"replies":[{"embeddable":true,"href":"https:\/\/martue.com\/fr\/wp-json\/wp\/v2\/comments?post=15131"}],"wp:featuredmedia":[{"embeddable":true,"href":"https:\/\/martue.com\/fr\/wp-json\/wp\/v2\/media\/15136"}],"wp:attachment":[{"href":"https:\/\/martue.com\/fr\/wp-json\/wp\/v2\/media?parent=15131"}],"wp:term":[{"taxonomy":"product_brand","embeddable":true,"href":"https:\/\/martue.com\/fr\/wp-json\/wp\/v2\/product_brand?post=15131"},{"taxonomy":"product_cat","embeddable":true,"href":"https:\/\/martue.com\/fr\/wp-json\/wp\/v2\/product_cat?post=15131"},{"taxonomy":"product_tag","embeddable":true,"href":"https:\/\/martue.com\/fr\/wp-json\/wp\/v2\/product_tag?post=15131"}],"curies":[{"name":"wp","href":"https:\/\/api.w.org\/{rel}","templated":true}]}}