{"id":16061,"date":"2024-04-08T14:03:12","date_gmt":"2024-04-08T12:03:12","guid":{"rendered":"https:\/\/martue.com\/?post_type=product&#038;p=16061"},"modified":"2025-07-25T13:28:59","modified_gmt":"2025-07-25T11:28:59","slug":"blanco-nieva-sauvignon-blanc-2023e","status":"publish","type":"product","link":"https:\/\/martue.com\/fr\/produit\/blanco-nieva-sauvignon-blanc-2023e\/","title":{"rendered":"Blanco Nieva Sauvignon Blanc 2023"},"content":{"rendered":"","protected":false},"excerpt":{"rendered":"<p>Nuestro varietal 100% Sauvignon Blanc perfectamente adaptado a los suelos arenosos de cantos rodados segovianos.<\/p>","protected":false},"featured_media":13595,"comment_status":"open","ping_status":"closed","template":"","meta":{"_et_pb_use_builder":"","_et_pb_old_content":"","_et_gb_content_width":"","om_disable_all_campaigns":false,"_joinchat":[]},"product_brand":[],"product_cat":[25,37,17],"product_tag":[38],"class_list":{"0":"post-16061","1":"product","2":"type-product","3":"status-publish","4":"has-post-thumbnail","6":"product_cat-blancos","7":"product_cat-estuche","8":"product_cat-vinos-blanco-nieva","9":"product_tag-estuche","11":"first","12":"outofstock","13":"taxable","14":"shipping-taxable","15":"product-type-simple"},"yoast_head":"<!-- This site is optimized with the Yoast SEO plugin v24.1 - https:\/\/yoast.com\/wordpress\/plugins\/seo\/ -->\n<title>Blanco Nieva Sauvignon Blanc 2023<\/title>\n<meta name=\"description\" content=\"Nuestro varietal 100% Sauvignon Blanc perfectamente adaptado a los suelos arenosos de cantos rodados segovianos.\" \/>\n<meta name=\"robots\" content=\"index, follow, max-snippet:-1, max-image-preview:large, max-video-preview:-1\" \/>\n<link rel=\"canonical\" href=\"https:\/\/martue.com\/fr\/produit\/blanco-nieva-sauvignon-blanc-2023e\/\" \/>\n<meta property=\"og:locale\" content=\"fr_FR\" \/>\n<meta property=\"og:type\" content=\"article\" \/>\n<meta property=\"og:title\" content=\"Blanco Nieva Sauvignon Blanc 2023\" \/>\n<meta property=\"og:description\" content=\"Nuestro varietal 100% Sauvignon Blanc perfectamente adaptado a los suelos arenosos de cantos rodados segovianos.\" \/>\n<meta property=\"og:url\" content=\"https:\/\/martue.com\/fr\/produit\/blanco-nieva-sauvignon-blanc-2023e\/\" \/>\n<meta property=\"og:site_name\" content=\"Bodegas Mart\u00fae - Pago Campo de la Guardia\" \/>\n<meta property=\"article:modified_time\" content=\"2025-07-25T11:28:59+00:00\" \/>\n<meta property=\"og:image\" content=\"https:\/\/martue.com\/wp-content\/uploads\/2022\/03\/BNievaSB202-1.png\" \/>\n\t<meta property=\"og:image:width\" content=\"890\" \/>\n\t<meta property=\"og:image:height\" content=\"1952\" \/>\n\t<meta property=\"og:image:type\" content=\"image\/png\" \/>\n<meta name=\"twitter:card\" content=\"summary_large_image\" \/>\n<script type=\"application\/ld+json\" class=\"yoast-schema-graph\">{\"@context\":\"https:\/\/schema.org\",\"@graph\":[{\"@type\":\"WebPage\",\"@id\":\"https:\/\/martue.com\/producto\/blanco-nieva-sauvignon-blanc-2023e\/\",\"url\":\"https:\/\/martue.com\/producto\/blanco-nieva-sauvignon-blanc-2023e\/\",\"name\":\"Blanco Nieva Sauvignon Blanc 2023\",\"isPartOf\":{\"@id\":\"https:\/\/martue.com\/#website\"},\"primaryImageOfPage\":{\"@id\":\"https:\/\/martue.com\/producto\/blanco-nieva-sauvignon-blanc-2023e\/#primaryimage\"},\"image\":{\"@id\":\"https:\/\/martue.com\/producto\/blanco-nieva-sauvignon-blanc-2023e\/#primaryimage\"},\"thumbnailUrl\":\"https:\/\/martue.com\/wp-content\/uploads\/2022\/03\/BNievaSB202-1.png\",\"datePublished\":\"2024-04-08T12:03:12+00:00\",\"dateModified\":\"2025-07-25T11:28:59+00:00\",\"description\":\"Nuestro varietal 100% Sauvignon Blanc perfectamente adaptado a los suelos arenosos de cantos rodados segovianos.\",\"breadcrumb\":{\"@id\":\"https:\/\/martue.com\/producto\/blanco-nieva-sauvignon-blanc-2023e\/#breadcrumb\"},\"inLanguage\":\"fr-FR\",\"potentialAction\":[{\"@type\":\"ReadAction\",\"target\":[\"https:\/\/martue.com\/producto\/blanco-nieva-sauvignon-blanc-2023e\/\"]}]},{\"@type\":\"ImageObject\",\"inLanguage\":\"fr-FR\",\"@id\":\"https:\/\/martue.com\/producto\/blanco-nieva-sauvignon-blanc-2023e\/#primaryimage\",\"url\":\"https:\/\/martue.com\/wp-content\/uploads\/2022\/03\/BNievaSB202-1.png\",\"contentUrl\":\"https:\/\/martue.com\/wp-content\/uploads\/2022\/03\/BNievaSB202-1.png\",\"width\":890,\"height\":1952},{\"@type\":\"BreadcrumbList\",\"@id\":\"https:\/\/martue.com\/producto\/blanco-nieva-sauvignon-blanc-2023e\/#breadcrumb\",\"itemListElement\":[{\"@type\":\"ListItem\",\"position\":1,\"name\":\"Portada\",\"item\":\"https:\/\/martue.com\/\"},{\"@type\":\"ListItem\",\"position\":2,\"name\":\"Vinos\",\"item\":\"https:\/\/martue.com\/vinos\/\"},{\"@type\":\"ListItem\",\"position\":3,\"name\":\"Blanco Nieva Sauvignon Blanc 2023\"}]},{\"@type\":\"WebSite\",\"@id\":\"https:\/\/martue.com\/#website\",\"url\":\"https:\/\/martue.com\/\",\"name\":\"Bodegas Mart\u00fae - Pago Campo de la Guardia\",\"description\":\"VINO DE PAGO CAMPO DE LA GUARDIA Es la m\u00e1xima calificaci\u00f3n que contempla la legislaci\u00f3n espa\u00f1ola en materia vitivin\u00edcola, por encima de la Denominaci\u00f3n de Origen.\",\"potentialAction\":[{\"@type\":\"SearchAction\",\"target\":{\"@type\":\"EntryPoint\",\"urlTemplate\":\"https:\/\/martue.com\/?s={search_term_string}\"},\"query-input\":{\"@type\":\"PropertyValueSpecification\",\"valueRequired\":true,\"valueName\":\"search_term_string\"}}],\"inLanguage\":\"fr-FR\"}]}<\/script>\n<!-- \/ Yoast SEO plugin. -->","yoast_head_json":{"title":"Blanco Nieva Sauvignon Blanc 2023","description":"Nuestro varietal 100% Sauvignon Blanc perfectamente adaptado a los suelos arenosos de cantos rodados segovianos.","robots":{"index":"index","follow":"follow","max-snippet":"max-snippet:-1","max-image-preview":"max-image-preview:large","max-video-preview":"max-video-preview:-1"},"canonical":"https:\/\/martue.com\/fr\/produit\/blanco-nieva-sauvignon-blanc-2023e\/","og_locale":"fr_FR","og_type":"article","og_title":"Blanco Nieva Sauvignon Blanc 2023","og_description":"Nuestro varietal 100% Sauvignon Blanc perfectamente adaptado a los suelos arenosos de cantos rodados segovianos.","og_url":"https:\/\/martue.com\/fr\/produit\/blanco-nieva-sauvignon-blanc-2023e\/","og_site_name":"Bodegas Mart\u00fae - Pago Campo de la Guardia","article_modified_time":"2025-07-25T11:28:59+00:00","og_image":[{"width":890,"height":1952,"url":"https:\/\/martue.com\/wp-content\/uploads\/2022\/03\/BNievaSB202-1.png","type":"image\/png"}],"twitter_card":"summary_large_image","schema":{"@context":"https:\/\/schema.org","@graph":[{"@type":"WebPage","@id":"https:\/\/martue.com\/producto\/blanco-nieva-sauvignon-blanc-2023e\/","url":"https:\/\/martue.com\/producto\/blanco-nieva-sauvignon-blanc-2023e\/","name":"Blanco Nieva Sauvignon Blanc 2023","isPartOf":{"@id":"https:\/\/martue.com\/#website"},"primaryImageOfPage":{"@id":"https:\/\/martue.com\/producto\/blanco-nieva-sauvignon-blanc-2023e\/#primaryimage"},"image":{"@id":"https:\/\/martue.com\/producto\/blanco-nieva-sauvignon-blanc-2023e\/#primaryimage"},"thumbnailUrl":"https:\/\/martue.com\/wp-content\/uploads\/2022\/03\/BNievaSB202-1.png","datePublished":"2024-04-08T12:03:12+00:00","dateModified":"2025-07-25T11:28:59+00:00","description":"Nuestro varietal 100% Sauvignon Blanc perfectamente adaptado a los suelos arenosos de cantos rodados segovianos.","breadcrumb":{"@id":"https:\/\/martue.com\/producto\/blanco-nieva-sauvignon-blanc-2023e\/#breadcrumb"},"inLanguage":"fr-FR","potentialAction":[{"@type":"ReadAction","target":["https:\/\/martue.com\/producto\/blanco-nieva-sauvignon-blanc-2023e\/"]}]},{"@type":"ImageObject","inLanguage":"fr-FR","@id":"https:\/\/martue.com\/producto\/blanco-nieva-sauvignon-blanc-2023e\/#primaryimage","url":"https:\/\/martue.com\/wp-content\/uploads\/2022\/03\/BNievaSB202-1.png","contentUrl":"https:\/\/martue.com\/wp-content\/uploads\/2022\/03\/BNievaSB202-1.png","width":890,"height":1952},{"@type":"BreadcrumbList","@id":"https:\/\/martue.com\/producto\/blanco-nieva-sauvignon-blanc-2023e\/#breadcrumb","itemListElement":[{"@type":"ListItem","position":1,"name":"Portada","item":"https:\/\/martue.com\/"},{"@type":"ListItem","position":2,"name":"Vinos","item":"https:\/\/martue.com\/vinos\/"},{"@type":"ListItem","position":3,"name":"Blanco Nieva Sauvignon Blanc 2023"}]},{"@type":"WebSite","@id":"https:\/\/martue.com\/#website","url":"https:\/\/martue.com\/","name":"Bodegas Mart\u00fae - Pago Campo de la Guardia","description":"VINO DE PAGO CAMPO DE LA GUARDIA Es la m\u00e1xima calificaci\u00f3n que contempla la legislaci\u00f3n espa\u00f1ola en materia vitivin\u00edcola, por encima de la Denominaci\u00f3n de Origen.","potentialAction":[{"@type":"SearchAction","target":{"@type":"EntryPoint","urlTemplate":"https:\/\/martue.com\/?s={search_term_string}"},"query-input":{"@type":"PropertyValueSpecification","valueRequired":true,"valueName":"search_term_string"}}],"inLanguage":"fr-FR"}]}},"_links":{"self":[{"href":"https:\/\/martue.com\/fr\/wp-json\/wp\/v2\/product\/16061","targetHints":{"allow":["GET"]}}],"collection":[{"href":"https:\/\/martue.com\/fr\/wp-json\/wp\/v2\/product"}],"about":[{"href":"https:\/\/martue.com\/fr\/wp-json\/wp\/v2\/types\/product"}],"replies":[{"embeddable":true,"href":"https:\/\/martue.com\/fr\/wp-json\/wp\/v2\/comments?post=16061"}],"wp:featuredmedia":[{"embeddable":true,"href":"https:\/\/martue.com\/fr\/wp-json\/wp\/v2\/media\/13595"}],"wp:attachment":[{"href":"https:\/\/martue.com\/fr\/wp-json\/wp\/v2\/media?parent=16061"}],"wp:term":[{"taxonomy":"product_brand","embeddable":true,"href":"https:\/\/martue.com\/fr\/wp-json\/wp\/v2\/product_brand?post=16061"},{"taxonomy":"product_cat","embeddable":true,"href":"https:\/\/martue.com\/fr\/wp-json\/wp\/v2\/product_cat?post=16061"},{"taxonomy":"product_tag","embeddable":true,"href":"https:\/\/martue.com\/fr\/wp-json\/wp\/v2\/product_tag?post=16061"}],"curies":[{"name":"wp","href":"https:\/\/api.w.org\/{rel}","templated":true}]}}