{"id":16254,"date":"2024-07-10T13:19:16","date_gmt":"2024-07-10T11:19:16","guid":{"rendered":"https:\/\/martue.com\/?post_type=product&#038;p=16254"},"modified":"2025-11-26T10:42:42","modified_gmt":"2025-11-26T09:42:42","slug":"martue-2023e","status":"publish","type":"product","link":"https:\/\/martue.com\/fr\/produit\/martue-2023e\/","title":{"rendered":"Mart\u00fae 2023"},"content":{"rendered":"<p>Presenta un atractivo color rojo picota, vivo y luminoso. Aroma de alta intensidad, muy bien formado y definido. Primero aparece fruta negra, hinojo y regaliz, luego recuerdos de mantecado y madera quemada. Se hace grande en boca. Fresco y muy frutal. Se mueve despacio por la boca, marcando sabor, dando placer. Sensaci\u00f3n rugosa al final, que lo hace largo y augura una gran botella.<\/p>\n<h3>Conservaci\u00f3n<\/h3>\n<p>Se recomienda conservar con la botella tumbada, en un lugar a oscuras, sin vibraciones y temperatura estable entre 15-20\u00baC.<\/p>\n<h3>Maridaje y Consumo<\/h3>\n<p>Ideal con todo tipo de carnes, incluso caza y con quesos fuertes como el manchego. Se recomienda servirlo entre 16-18\u00baC.<br \/>\nPara apreciar todas sus cualidades se recomienda decantar 20 minutos antes de su consumo. Consumo \u00f3ptimo hasta 2026.<\/p>","protected":false},"excerpt":{"rendered":"<p>&nbsp;<\/p>\n<p style=\"text-align: center;\"><em>Premiado con el Bacchus de Plata en el Concurso Internacional de Vinos Bacchus 2019, de la Uni\u00f3n Espa\u00f1ola de Catadores (UEC). <\/em><\/p>\n<p><img loading=\"lazy\" decoding=\"async\" class=\"aligncenter wp-image-1788\" src=\"https:\/\/martue.com\/wp-content\/uploads\/2019\/03\/Diploma-Mart\u00fae-Bacchus-300x212.jpg\" alt=\"\" width=\"205\" height=\"145\" \/><\/p>\n<p style=\"text-align: justify;\">La a\u00f1ada 2016 se caracteriz\u00f3 por un invierno seco y frio y una primavera lluviosa con temperaturas suaves que permiti\u00f3 a nuestras vi\u00f1as brotar con vigor y tener las reservas suficientes para soportar un c\u00e1lido verano sin apenas lluvias.<\/p>\n<p style=\"text-align: justify;\">La producci\u00f3n fue excelente tanto en producci\u00f3n como en calidad, un exhaustivo coupage de un 33% Syrah, 21% Cabernet Sauvignon, 20% Petit Verdot y 19% Malbec y 7% Merlot con 10 meses de crianza en barrica.<\/p>\n<p style=\"text-align: justify;\">El resultado es un vino mucho volumen, con buena capacidad para envejecer, redondez, y un tanino espectacular.<\/p>","protected":false},"featured_media":13475,"comment_status":"open","ping_status":"closed","template":"","meta":{"_et_pb_use_builder":"off","_et_pb_old_content":"<p>Presenta un atractivo color rojo picota, vivo y luminoso. Aroma de alta intensidad, muy bien formado y definido. Primero aparece fruta negra, hinojo y regaliz, luego recuerdos de mantecado y madera quemada. Se hace grande en boca. Fresco y muy frutal. Se mueve despacio por la boca, marcando sabor, dando placer. Sensaci\u00f3n rugosa al final, que lo hace largo y augura una gran botella.<\/p><h3>Conservaci\u00f3n<\/h3><p>Se recomienda conservar con la botella tumbada, en un lugar a oscuras, sin vibraciones y temperatura estable entre 15-20\u00baC.<\/p><h3>Maridaje y Consumo<\/h3><p>Ideal con todo tipo de carnes, incluso caza y con quesos fuertes como el manchego.<br \/>Se recomienda servirlo entre 16-18\u00baC.<br \/>Para apreciar todas sus cualidades se recomienda decantar 20 minutos antes de su consumo.<br \/>Grado Alcoh\u00f3lico:<strong> 14,5% Vol<\/strong>.<\/p>","_et_gb_content_width":"","om_disable_all_campaigns":false,"_joinchat":[]},"product_brand":[],"product_cat":[37,16],"product_tag":[38],"class_list":{"0":"post-16254","1":"product","2":"type-product","3":"status-publish","4":"has-post-thumbnail","6":"product_cat-estuche","7":"product_cat-vinos-martue","8":"product_tag-estuche","10":"first","11":"instock","12":"taxable","13":"shipping-taxable","14":"product-type-simple"},"yoast_head":"<!-- This site is optimized with the Yoast SEO plugin v24.1 - https:\/\/yoast.com\/wordpress\/plugins\/seo\/ -->\n<title>Mart\u00fae 2023 - Bodegas Mart\u00fae - Pago Campo de la Guardia<\/title>\n<meta name=\"robots\" content=\"index, follow, max-snippet:-1, max-image-preview:large, max-video-preview:-1\" \/>\n<link rel=\"canonical\" href=\"https:\/\/martue.com\/fr\/produit\/martue-2023e\/\" \/>\n<meta property=\"og:locale\" content=\"fr_FR\" \/>\n<meta property=\"og:type\" content=\"article\" \/>\n<meta property=\"og:title\" content=\"Mart\u00fae 2023 - Bodegas Mart\u00fae - Pago Campo de la Guardia\" \/>\n<meta property=\"og:description\" content=\"&nbsp; Premiado con el Bacchus de Plata en el Concurso Internacional de Vinos Bacchus 2019, de la Uni\u00f3n Espa\u00f1ola de Catadores (UEC).   La a\u00f1ada 2016 se caracteriz\u00f3 por un invierno seco y frio y una primavera lluviosa con temperaturas suaves que permiti\u00f3 a nuestras vi\u00f1as brotar con vigor y tener las reservas suficientes para soportar un c\u00e1lido verano sin apenas lluvias. La producci\u00f3n fue excelente tanto en producci\u00f3n como en calidad, un exhaustivo coupage de un 33% Syrah, 21% Cabernet Sauvignon, 20% Petit Verdot y 19% Malbec y 7% Merlot con 10 meses de crianza en barrica. El resultado es un vino mucho volumen, con buena capacidad para envejecer, redondez, y un tanino espectacular.\" \/>\n<meta property=\"og:url\" content=\"https:\/\/martue.com\/fr\/produit\/martue-2023e\/\" \/>\n<meta property=\"og:site_name\" content=\"Bodegas Mart\u00fae - Pago Campo de la Guardia\" \/>\n<meta property=\"article:modified_time\" content=\"2025-11-26T09:42:42+00:00\" \/>\n<meta property=\"og:image\" content=\"https:\/\/martue.com\/wp-content\/uploads\/2021\/06\/MARTUE18B.png\" \/>\n\t<meta property=\"og:image:width\" content=\"890\" \/>\n\t<meta property=\"og:image:height\" content=\"1952\" \/>\n\t<meta property=\"og:image:type\" content=\"image\/png\" \/>\n<meta name=\"twitter:card\" content=\"summary_large_image\" \/>\n<meta name=\"twitter:label1\" content=\"Dur\u00e9e de lecture estim\u00e9e\" \/>\n\t<meta name=\"twitter:data1\" content=\"1 minute\" \/>\n<script type=\"application\/ld+json\" class=\"yoast-schema-graph\">{\"@context\":\"https:\/\/schema.org\",\"@graph\":[{\"@type\":\"WebPage\",\"@id\":\"https:\/\/martue.com\/producto\/martue-2023e\/\",\"url\":\"https:\/\/martue.com\/producto\/martue-2023e\/\",\"name\":\"Mart\u00fae 2023 - Bodegas Mart\u00fae - Pago Campo de la Guardia\",\"isPartOf\":{\"@id\":\"https:\/\/martue.com\/#website\"},\"primaryImageOfPage\":{\"@id\":\"https:\/\/martue.com\/producto\/martue-2023e\/#primaryimage\"},\"image\":{\"@id\":\"https:\/\/martue.com\/producto\/martue-2023e\/#primaryimage\"},\"thumbnailUrl\":\"https:\/\/martue.com\/wp-content\/uploads\/2021\/06\/MARTUE18B.png\",\"datePublished\":\"2024-07-10T11:19:16+00:00\",\"dateModified\":\"2025-11-26T09:42:42+00:00\",\"breadcrumb\":{\"@id\":\"https:\/\/martue.com\/producto\/martue-2023e\/#breadcrumb\"},\"inLanguage\":\"fr-FR\",\"potentialAction\":[{\"@type\":\"ReadAction\",\"target\":[\"https:\/\/martue.com\/producto\/martue-2023e\/\"]}]},{\"@type\":\"ImageObject\",\"inLanguage\":\"fr-FR\",\"@id\":\"https:\/\/martue.com\/producto\/martue-2023e\/#primaryimage\",\"url\":\"https:\/\/martue.com\/wp-content\/uploads\/2021\/06\/MARTUE18B.png\",\"contentUrl\":\"https:\/\/martue.com\/wp-content\/uploads\/2021\/06\/MARTUE18B.png\",\"width\":890,\"height\":1952},{\"@type\":\"BreadcrumbList\",\"@id\":\"https:\/\/martue.com\/producto\/martue-2023e\/#breadcrumb\",\"itemListElement\":[{\"@type\":\"ListItem\",\"position\":1,\"name\":\"Portada\",\"item\":\"https:\/\/martue.com\/\"},{\"@type\":\"ListItem\",\"position\":2,\"name\":\"Vinos\",\"item\":\"https:\/\/martue.com\/vinos\/\"},{\"@type\":\"ListItem\",\"position\":3,\"name\":\"Mart\u00fae 2023\"}]},{\"@type\":\"WebSite\",\"@id\":\"https:\/\/martue.com\/#website\",\"url\":\"https:\/\/martue.com\/\",\"name\":\"Bodegas Mart\u00fae - Pago Campo de la Guardia\",\"description\":\"VINO DE PAGO CAMPO DE LA GUARDIA Es la m\u00e1xima calificaci\u00f3n que contempla la legislaci\u00f3n espa\u00f1ola en materia vitivin\u00edcola, por encima de la Denominaci\u00f3n de Origen.\",\"potentialAction\":[{\"@type\":\"SearchAction\",\"target\":{\"@type\":\"EntryPoint\",\"urlTemplate\":\"https:\/\/martue.com\/?s={search_term_string}\"},\"query-input\":{\"@type\":\"PropertyValueSpecification\",\"valueRequired\":true,\"valueName\":\"search_term_string\"}}],\"inLanguage\":\"fr-FR\"}]}<\/script>\n<!-- \/ Yoast SEO plugin. -->","yoast_head_json":{"title":"Mart\u00fae 2023 - Bodegas Mart\u00fae - Pago Campo de la Guardia","robots":{"index":"index","follow":"follow","max-snippet":"max-snippet:-1","max-image-preview":"max-image-preview:large","max-video-preview":"max-video-preview:-1"},"canonical":"https:\/\/martue.com\/fr\/produit\/martue-2023e\/","og_locale":"fr_FR","og_type":"article","og_title":"Mart\u00fae 2023 - Bodegas Mart\u00fae - Pago Campo de la Guardia","og_description":"&nbsp; Premiado con el Bacchus de Plata en el Concurso Internacional de Vinos Bacchus 2019, de la Uni\u00f3n Espa\u00f1ola de Catadores (UEC).   La a\u00f1ada 2016 se caracteriz\u00f3 por un invierno seco y frio y una primavera lluviosa con temperaturas suaves que permiti\u00f3 a nuestras vi\u00f1as brotar con vigor y tener las reservas suficientes para soportar un c\u00e1lido verano sin apenas lluvias. La producci\u00f3n fue excelente tanto en producci\u00f3n como en calidad, un exhaustivo coupage de un 33% Syrah, 21% Cabernet Sauvignon, 20% Petit Verdot y 19% Malbec y 7% Merlot con 10 meses de crianza en barrica. El resultado es un vino mucho volumen, con buena capacidad para envejecer, redondez, y un tanino espectacular.","og_url":"https:\/\/martue.com\/fr\/produit\/martue-2023e\/","og_site_name":"Bodegas Mart\u00fae - Pago Campo de la Guardia","article_modified_time":"2025-11-26T09:42:42+00:00","og_image":[{"width":890,"height":1952,"url":"https:\/\/martue.com\/wp-content\/uploads\/2021\/06\/MARTUE18B.png","type":"image\/png"}],"twitter_card":"summary_large_image","twitter_misc":{"Dur\u00e9e de lecture estim\u00e9e":"1 minute"},"schema":{"@context":"https:\/\/schema.org","@graph":[{"@type":"WebPage","@id":"https:\/\/martue.com\/producto\/martue-2023e\/","url":"https:\/\/martue.com\/producto\/martue-2023e\/","name":"Mart\u00fae 2023 - Bodegas Mart\u00fae - Pago Campo de la Guardia","isPartOf":{"@id":"https:\/\/martue.com\/#website"},"primaryImageOfPage":{"@id":"https:\/\/martue.com\/producto\/martue-2023e\/#primaryimage"},"image":{"@id":"https:\/\/martue.com\/producto\/martue-2023e\/#primaryimage"},"thumbnailUrl":"https:\/\/martue.com\/wp-content\/uploads\/2021\/06\/MARTUE18B.png","datePublished":"2024-07-10T11:19:16+00:00","dateModified":"2025-11-26T09:42:42+00:00","breadcrumb":{"@id":"https:\/\/martue.com\/producto\/martue-2023e\/#breadcrumb"},"inLanguage":"fr-FR","potentialAction":[{"@type":"ReadAction","target":["https:\/\/martue.com\/producto\/martue-2023e\/"]}]},{"@type":"ImageObject","inLanguage":"fr-FR","@id":"https:\/\/martue.com\/producto\/martue-2023e\/#primaryimage","url":"https:\/\/martue.com\/wp-content\/uploads\/2021\/06\/MARTUE18B.png","contentUrl":"https:\/\/martue.com\/wp-content\/uploads\/2021\/06\/MARTUE18B.png","width":890,"height":1952},{"@type":"BreadcrumbList","@id":"https:\/\/martue.com\/producto\/martue-2023e\/#breadcrumb","itemListElement":[{"@type":"ListItem","position":1,"name":"Portada","item":"https:\/\/martue.com\/"},{"@type":"ListItem","position":2,"name":"Vinos","item":"https:\/\/martue.com\/vinos\/"},{"@type":"ListItem","position":3,"name":"Mart\u00fae 2023"}]},{"@type":"WebSite","@id":"https:\/\/martue.com\/#website","url":"https:\/\/martue.com\/","name":"Bodegas Mart\u00fae - Pago Campo de la Guardia","description":"VINO DE PAGO CAMPO DE LA GUARDIA Es la m\u00e1xima calificaci\u00f3n que contempla la legislaci\u00f3n espa\u00f1ola en materia vitivin\u00edcola, por encima de la Denominaci\u00f3n de Origen.","potentialAction":[{"@type":"SearchAction","target":{"@type":"EntryPoint","urlTemplate":"https:\/\/martue.com\/?s={search_term_string}"},"query-input":{"@type":"PropertyValueSpecification","valueRequired":true,"valueName":"search_term_string"}}],"inLanguage":"fr-FR"}]}},"_links":{"self":[{"href":"https:\/\/martue.com\/fr\/wp-json\/wp\/v2\/product\/16254","targetHints":{"allow":["GET"]}}],"collection":[{"href":"https:\/\/martue.com\/fr\/wp-json\/wp\/v2\/product"}],"about":[{"href":"https:\/\/martue.com\/fr\/wp-json\/wp\/v2\/types\/product"}],"replies":[{"embeddable":true,"href":"https:\/\/martue.com\/fr\/wp-json\/wp\/v2\/comments?post=16254"}],"wp:featuredmedia":[{"embeddable":true,"href":"https:\/\/martue.com\/fr\/wp-json\/wp\/v2\/media\/13475"}],"wp:attachment":[{"href":"https:\/\/martue.com\/fr\/wp-json\/wp\/v2\/media?parent=16254"}],"wp:term":[{"taxonomy":"product_brand","embeddable":true,"href":"https:\/\/martue.com\/fr\/wp-json\/wp\/v2\/product_brand?post=16254"},{"taxonomy":"product_cat","embeddable":true,"href":"https:\/\/martue.com\/fr\/wp-json\/wp\/v2\/product_cat?post=16254"},{"taxonomy":"product_tag","embeddable":true,"href":"https:\/\/martue.com\/fr\/wp-json\/wp\/v2\/product_tag?post=16254"}],"curies":[{"name":"wp","href":"https:\/\/api.w.org\/{rel}","templated":true}]}}