{"id":16743,"date":"2025-03-26T11:51:19","date_gmt":"2025-03-26T10:51:19","guid":{"rendered":"https:\/\/martue.com\/?post_type=product&#038;p=16743"},"modified":"2025-05-08T21:20:02","modified_gmt":"2025-05-08T19:20:02","slug":"chequeregaloeno","status":"publish","type":"product","link":"https:\/\/martue.com\/fr\/produit\/chequeregaloeno\/","title":{"rendered":"Cheque Regalo Enoturismo"},"content":{"rendered":"<p>[et_pb_section fb_built=\u00bb1&#8243; _builder_version=\u00bb4.16&#8243; collapsed=\u00bboff\u00bb global_colors_info=\u00bb{}\u00bb][et_pb_row _builder_version=\u00bb4.16&#8243; global_colors_info=\u00bb{}\u00bb][et_pb_column type=\u00bb4_4&#8243; _builder_version=\u00bb4.16&#8243; custom_padding=\u00bb|||\u00bb global_colors_info=\u00bb{}\u00bb custom_padding__hover=\u00bb|||\u00bb][et_pb_wc_cart_notice _builder_version=\u00bb4.16&#8243; global_colors_info=\u00bb{}\u00bb][\/et_pb_wc_cart_notice][\/et_pb_column][\/et_pb_row][et_pb_row column_structure=\u00bb1_3,1_3,1_3&#8243; _builder_version=\u00bb4.18.0&#8243; custom_margin=\u00bb35px||||false|false\u00bb global_colors_info=\u00bb{}\u00bb][et_pb_column type=\u00bb1_3&#8243; _builder_version=\u00bb4.16&#8243; custom_padding=\u00bb|||\u00bb global_colors_info=\u00bb{}\u00bb custom_padding__hover=\u00bb|||\u00bb][et_pb_wc_title product=\u00bb16743&#8243; disabled_on=\u00bboff|off|off\u00bb _builder_version=\u00bb4.18.0&#8243; header_font=\u00bb|700|||||||\u00bb header_text_align=\u00bbcenter\u00bb header_font_size=\u00bb31px\u00bb custom_padding=\u00bb||||false|false\u00bb custom_padding_tablet=\u00bb|||15px|false|false\u00bb custom_padding_phone=\u00bb|||15px|false|false\u00bb custom_padding_last_edited=\u00bbon|tablet\u00bb global_colors_info=\u00bb{}\u00bb][\/et_pb_wc_title][et_pb_wc_images product=\u00bb16743&#8243; show_product_image=\u00bbon\u00bb show_product_gallery=\u00bboff\u00bb show_sale_badge=\u00bboff\u00bb _builder_version=\u00bb4.18.0&#8243; min_height=\u00bb850px\u00bb custom_margin=\u00bb30px||10px||false|false\u00bb custom_padding=\u00bb|100px|25px|100px|false|false\u00bb custom_padding_tablet=\u00bb|130px||130px|false|false\u00bb custom_padding_phone=\u00bb|0px||0px|false|false\u00bb custom_padding_last_edited=\u00bbon|tablet\u00bb global_colors_info=\u00bb{}\u00bb][\/et_pb_wc_images][\/et_pb_column][et_pb_column type=\u00bb1_3&#8243; _builder_version=\u00bb4.16&#8243; custom_padding=\u00bb|||\u00bb global_colors_info=\u00bb{}\u00bb custom_padding__hover=\u00bb|||\u00bb][et_pb_wc_title product=\u00bb16441&#8243; disabled_on=\u00bbon|on|on\u00bb _builder_version=\u00bb4.18.0&#8243; header_font=\u00bb|700|||||||\u00bb header_text_align=\u00bbleft\u00bb header_font_size=\u00bb40px\u00bb custom_padding=\u00bb25px||||false|false\u00bb custom_padding_tablet=\u00bb|||15px|false|false\u00bb custom_padding_phone=\u00bb|||15px|false|false\u00bb custom_padding_last_edited=\u00bbon|tablet\u00bb disabled=\u00bbon\u00bb locked=\u00bboff\u00bb global_colors_info=\u00bb{}\u00bb][\/et_pb_wc_title][et_pb_wc_rating _builder_version=\u00bb4.16&#8243; custom_margin=\u00bb0em|0em|3.6em|0em|false|false\u00bb custom_padding_tablet=\u00bb|||15px|false|false\u00bb custom_padding_phone=\u00bb|||15px|false|false\u00bb custom_padding_last_edited=\u00bbon|tablet\u00bb global_colors_info=\u00bb{}\u00bb][\/et_pb_wc_rating][et_pb_text _builder_version=\u00bb4.18.0&#8243; _module_preset=\u00bbdefault\u00bb global_colors_info=\u00bb{}\u00bb]<\/p>\n<h1><strong>PRECIO POR PERSONA<\/strong><\/h1>\n<h1><\/h1>\n<p>[\/et_pb_text][et_pb_wc_price _builder_version=\u00bb4.18.0&#8243; custom_margin=\u00bb||||false|false\u00bb custom_padding=\u00bb||||false|false\u00bb custom_padding_tablet=\u00bb|||15px|false|false\u00bb custom_padding_phone=\u00bb20px|||15px|false|false\u00bb custom_padding_last_edited=\u00bbon|tablet\u00bb global_colors_info=\u00bb{}\u00bb][\/et_pb_wc_price][et_pb_wc_description _builder_version=\u00bb4.16&#8243; header_text_align=\u00bbjustify\u00bb text_orientation=\u00bbjustified\u00bb custom_padding=\u00bb20px||20px||false|false\u00bb custom_padding_tablet=\u00bb|15px||15px|false|false\u00bb custom_padding_phone=\u00bb|15px||15px|false|false\u00bb custom_padding_last_edited=\u00bbon|tablet\u00bb body_font_tablet=\u00bb\u00bb body_font_phone=\u00bb|700|||||||\u00bb body_font_last_edited=\u00bbon|phone\u00bb global_colors_info=\u00bb{}\u00bb][\/et_pb_wc_description][et_pb_wc_add_to_cart show_stock=\u00bboff\u00bb _builder_version=\u00bb4.18.0&#8243; dropdown_menus_custom_margin=\u00bb0px|0px|16px|-94px|false|false\u00bb dropdown_menus_custom_margin_tablet=\u00bb\u00bb dropdown_menus_custom_margin_phone=\u00bb0px|0px|16px|-70px|false|false\u00bb dropdown_menus_custom_margin_last_edited=\u00bbon|phone\u00bb field_label_text_color=\u00bb#545454&#8243; field_label_font_size=\u00bb17px\u00bb field_label_letter_spacing=\u00bb2px\u00bb field_label_line_height=\u00bb1.6em\u00bb fields_text_align=\u00bbcenter\u00bb dropdown_menus_font=\u00bbAldrich||||||||\u00bb dropdown_menus_font_size=\u00bb14px\u00bb custom_margin=\u00bb||15px||false|false\u00bb custom_padding=\u00bb|||15px|false|false\u00bb field_label_font_tablet=\u00bb\u00bb field_label_font_phone=\u00bbDefault|800|||||||\u00bb field_label_font_last_edited=\u00bbon|phone\u00bb border_width_all_fields=\u00bb1px\u00bb border_radii_dropdown_menus=\u00bbon||||\u00bb border_width_all_dropdown_menus=\u00bb1px\u00bb body_font_last_edited=\u00bbon|phone\u00bb body_font_tablet=\u00bb\u00bb body_font_phone=\u00bbDefault|800|||||||\u00bb body_text_color=\u00bb#545454&#8243; body_font_size=\u00bb17px\u00bb body_letter_spacing=\u00bb2px\u00bb body_line_height=\u00bb1.6em\u00bb global_colors_info=\u00bb{}\u00bb][\/et_pb_wc_add_to_cart][\/et_pb_column][et_pb_column type=\u00bb1_3&#8243; _builder_version=\u00bb4.16&#8243; custom_padding=\u00bb|||\u00bb global_colors_info=\u00bb{}\u00bb custom_padding__hover=\u00bb|||\u00bb][et_pb_wc_images _builder_version=\u00bb4.18.0&#8243; _module_preset=\u00bbdefault\u00bb custom_padding=\u00bb20px|20px||20px|false|false\u00bb border_width_all_image=\u00bb5px\u00bb border_color_all_image=\u00bb#FFFFFF\u00bb global_colors_info=\u00bb{}\u00bb][\/et_pb_wc_images][\/et_pb_column][\/et_pb_row][et_pb_row _builder_version=\u00bb4.16&#8243; global_colors_info=\u00bb{}\u00bb][et_pb_column type=\u00bb4_4&#8243; _builder_version=\u00bb4.16&#8243; custom_padding=\u00bb|||\u00bb global_colors_info=\u00bb{}\u00bb custom_padding__hover=\u00bb|||\u00bb][et_pb_wc_tabs _builder_version=\u00bb4.16&#8243; body_text_align=\u00bbjustify\u00bb custom_margin=\u00bb|30px||30px|false|false\u00bb body_font_tablet=\u00bb\u00bb body_font_phone=\u00bb|700|||||||\u00bb body_font_last_edited=\u00bbon|phone\u00bb global_colors_info=\u00bb{}\u00bb] [\/et_pb_wc_tabs][et_pb_wc_upsells _builder_version=\u00bb4.16&#8243; global_colors_info=\u00bb{}\u00bb][\/et_pb_wc_upsells][et_pb_wc_related_products include_categories=\u00bb16,17&#8243; _builder_version=\u00bb4.18.0&#8243; title_line_height=\u00bb2.5em\u00bb price_text_color=\u00bbrgba(0,0,0,0)\u00bb text_orientation=\u00bbcenter\u00bb max_width=\u00bb70%\u00bb module_alignment=\u00bbcenter\u00bb custom_margin=\u00bb||||false|false\u00bb custom_padding=\u00bb||||false|false\u00bb global_colors_info=\u00bb{}\u00bb][\/et_pb_wc_related_products][\/et_pb_column][\/et_pb_row][\/et_pb_section]<\/p>","protected":false},"excerpt":{"rendered":"<p>Bodegas Mart\u00fae ofrece visitas a nuestras bodegas de Toledo (La Guardia) y Blanco Nieva (Rueda).<\/p>\n<p>Nuestras visitas tienen una duraci\u00f3n de 2 horas e incluyen:<\/p>\n<p>&#8211; Un recorrido por nuestros vi\u00f1edos, sala de fermentaci\u00f3n, sala de embotellado y etiquetado, sala de barricas y bodega.<\/p>\n<p>&#8211; Una cata de tres de nuestros vinos, un blanco y dos tintos:<\/p>\n<p>* Blanco Nieva &#8211; 100% Verdejo de nuestra bodega en Rueda<\/p>\n<p>* Mart\u00fae Crianza- Coupage de Tempranillo, Cabernet Sauvignon, Syrah, Merlot, \u00a0\u00a0\u00a0Malbec y Petit Verdot<\/p>\n<p>* Mart\u00fae Syrah &#8211; 100% Syrah<\/p>\n<p>Todos nuestros vinos se acompa\u00f1an de unos aperitivos.<\/p>\n<p>Nuestras visitas tienen lugar los VIERNES y SABADOS a las 11:30 h. Precio por persona: 30 \u20ac<\/p>\n<p>VISITA SUJETA A UN MINIMO DE 10 PERSONAS<\/p>\n<p>&nbsp;<\/p>","protected":false},"featured_media":16795,"comment_status":"open","ping_status":"closed","template":"","meta":{"_et_pb_use_builder":"on","_et_pb_old_content":"","_et_gb_content_width":"","om_disable_all_campaigns":false,"_joinchat":[]},"product_brand":[],"product_cat":[16],"product_tag":[],"class_list":{"0":"post-16743","1":"product","2":"type-product","3":"status-publish","4":"has-post-thumbnail","6":"product_cat-vinos-martue","7":"product_shipping_class-sin-envio","9":"first","10":"instock","11":"taxable","12":"shipping-taxable","13":"product-type-simple"},"yoast_head":"<!-- This site is optimized with the Yoast SEO plugin v24.1 - https:\/\/yoast.com\/wordpress\/plugins\/seo\/ -->\n<title>Cheque Regalo Enoturismo Mart\u00fae<\/title>\n<meta name=\"description\" content=\"Bodegas Mart\u00fae ofrece visitas a nuestras bodegas de Toledo (La Guardia) y Blanco Nieva (Rueda).Nuestras visitas tienen una duraci\u00f3n de 2 horas e incluyen:- Un recorrido por nuestros vi\u00f1edos, sala de fermentaci\u00f3n, sala de embotellado y etiquetado, sala de barricas y bodega.- Una cata de tres de nuestros vinos, un blanco y dos tintos:* Blanco Nieva - 100% Verdejo de nuestra bodega en Rueda* Mart\u00fae 2021 - Coupage de Tempranillo, Cabernet Sauvignon, Syrah, Merlot, Malbec y Petit Verdot* Mart\u00fae Syrah - 100% SyrahTodos nuestros vinos se acompa\u00f1an de unos aperitivos.Nuestras visitas tienen lugar los viernes y s\u00e1bados a las 11:30 h. Precio por persona: 30 \u20ac\" \/>\n<meta name=\"robots\" content=\"index, follow, max-snippet:-1, max-image-preview:large, max-video-preview:-1\" \/>\n<link rel=\"canonical\" href=\"https:\/\/martue.com\/fr\/produit\/chequeregaloeno\/\" \/>\n<meta property=\"og:locale\" content=\"fr_FR\" \/>\n<meta property=\"og:type\" content=\"article\" \/>\n<meta property=\"og:title\" content=\"Cheque Regalo Enoturismo Mart\u00fae\" \/>\n<meta property=\"og:description\" content=\"Bodegas Mart\u00fae ofrece visitas a nuestras bodegas de Toledo (La Guardia) y Blanco Nieva (Rueda).Nuestras visitas tienen una duraci\u00f3n de 2 horas e incluyen:- Un recorrido por nuestros vi\u00f1edos, sala de fermentaci\u00f3n, sala de embotellado y etiquetado, sala de barricas y bodega.- Una cata de tres de nuestros vinos, un blanco y dos tintos:* Blanco Nieva - 100% Verdejo de nuestra bodega en Rueda* Mart\u00fae 2021 - Coupage de Tempranillo, Cabernet Sauvignon, Syrah, Merlot, Malbec y Petit Verdot* Mart\u00fae Syrah - 100% SyrahTodos nuestros vinos se acompa\u00f1an de unos aperitivos.Nuestras visitas tienen lugar los viernes y s\u00e1bados a las 11:30 h. Precio por persona: 30 \u20ac\" \/>\n<meta property=\"og:url\" content=\"https:\/\/martue.com\/fr\/produit\/chequeregaloeno\/\" \/>\n<meta property=\"og:site_name\" content=\"Bodegas Mart\u00fae - Pago Campo de la Guardia\" \/>\n<meta property=\"article:modified_time\" content=\"2025-05-08T19:20:02+00:00\" \/>\n<meta property=\"og:image\" content=\"https:\/\/martue.com\/wp-content\/uploads\/2025\/03\/winebar-467x1024.png\" \/>\n\t<meta property=\"og:image:width\" content=\"467\" \/>\n\t<meta property=\"og:image:height\" content=\"1024\" \/>\n\t<meta property=\"og:image:type\" content=\"image\/png\" \/>\n<meta name=\"twitter:card\" content=\"summary_large_image\" \/>\n<meta name=\"twitter:label1\" content=\"Dur\u00e9e de lecture estim\u00e9e\" \/>\n\t<meta name=\"twitter:data1\" content=\"1 minute\" \/>\n<script type=\"application\/ld+json\" class=\"yoast-schema-graph\">{\"@context\":\"https:\/\/schema.org\",\"@graph\":[{\"@type\":\"WebPage\",\"@id\":\"https:\/\/martue.com\/producto\/chequeregaloeno\/\",\"url\":\"https:\/\/martue.com\/producto\/chequeregaloeno\/\",\"name\":\"Cheque Regalo Enoturismo Mart\u00fae\",\"isPartOf\":{\"@id\":\"https:\/\/martue.com\/#website\"},\"primaryImageOfPage\":{\"@id\":\"https:\/\/martue.com\/producto\/chequeregaloeno\/#primaryimage\"},\"image\":{\"@id\":\"https:\/\/martue.com\/producto\/chequeregaloeno\/#primaryimage\"},\"thumbnailUrl\":\"https:\/\/martue.com\/wp-content\/uploads\/2025\/03\/winebar.png\",\"datePublished\":\"2025-03-26T10:51:19+00:00\",\"dateModified\":\"2025-05-08T19:20:02+00:00\",\"description\":\"Bodegas Mart\u00fae ofrece visitas a nuestras bodegas de Toledo (La Guardia) y Blanco Nieva (Rueda).Nuestras visitas tienen una duraci\u00f3n de 2 horas e incluyen:- Un recorrido por nuestros vi\u00f1edos, sala de fermentaci\u00f3n, sala de embotellado y etiquetado, sala de barricas y bodega.- Una cata de tres de nuestros vinos, un blanco y dos tintos:* Blanco Nieva - 100% Verdejo de nuestra bodega en Rueda* Mart\u00fae 2021 - Coupage de Tempranillo, Cabernet Sauvignon, Syrah, Merlot, Malbec y Petit Verdot* Mart\u00fae Syrah - 100% SyrahTodos nuestros vinos se acompa\u00f1an de unos aperitivos.Nuestras visitas tienen lugar los viernes y s\u00e1bados a las 11:30 h. Precio por persona: 30 \u20ac\",\"breadcrumb\":{\"@id\":\"https:\/\/martue.com\/producto\/chequeregaloeno\/#breadcrumb\"},\"inLanguage\":\"fr-FR\",\"potentialAction\":[{\"@type\":\"ReadAction\",\"target\":[\"https:\/\/martue.com\/producto\/chequeregaloeno\/\"]}]},{\"@type\":\"ImageObject\",\"inLanguage\":\"fr-FR\",\"@id\":\"https:\/\/martue.com\/producto\/chequeregaloeno\/#primaryimage\",\"url\":\"https:\/\/martue.com\/wp-content\/uploads\/2025\/03\/winebar.png\",\"contentUrl\":\"https:\/\/martue.com\/wp-content\/uploads\/2025\/03\/winebar.png\",\"width\":890,\"height\":1952},{\"@type\":\"BreadcrumbList\",\"@id\":\"https:\/\/martue.com\/producto\/chequeregaloeno\/#breadcrumb\",\"itemListElement\":[{\"@type\":\"ListItem\",\"position\":1,\"name\":\"Portada\",\"item\":\"https:\/\/martue.com\/\"},{\"@type\":\"ListItem\",\"position\":2,\"name\":\"Vinos\",\"item\":\"https:\/\/martue.com\/vinos\/\"},{\"@type\":\"ListItem\",\"position\":3,\"name\":\"Cheque Regalo Enoturismo\"}]},{\"@type\":\"WebSite\",\"@id\":\"https:\/\/martue.com\/#website\",\"url\":\"https:\/\/martue.com\/\",\"name\":\"Bodegas Mart\u00fae - Pago Campo de la Guardia\",\"description\":\"VINO DE PAGO CAMPO DE LA GUARDIA Es la m\u00e1xima calificaci\u00f3n que contempla la legislaci\u00f3n espa\u00f1ola en materia vitivin\u00edcola, por encima de la Denominaci\u00f3n de Origen.\",\"potentialAction\":[{\"@type\":\"SearchAction\",\"target\":{\"@type\":\"EntryPoint\",\"urlTemplate\":\"https:\/\/martue.com\/?s={search_term_string}\"},\"query-input\":{\"@type\":\"PropertyValueSpecification\",\"valueRequired\":true,\"valueName\":\"search_term_string\"}}],\"inLanguage\":\"fr-FR\"}]}<\/script>\n<!-- \/ Yoast SEO plugin. -->","yoast_head_json":{"title":"Cheque Regalo Enoturismo Mart\u00fae","description":"Bodegas Mart\u00fae ofrece visitas a nuestras bodegas de Toledo (La Guardia) y Blanco Nieva (Rueda).Nuestras visitas tienen una duraci\u00f3n de 2 horas e incluyen:- Un recorrido por nuestros vi\u00f1edos, sala de fermentaci\u00f3n, sala de embotellado y etiquetado, sala de barricas y bodega.- Una cata de tres de nuestros vinos, un blanco y dos tintos:* Blanco Nieva - 100% Verdejo de nuestra bodega en Rueda* Mart\u00fae 2021 - Coupage de Tempranillo, Cabernet Sauvignon, Syrah, Merlot, Malbec y Petit Verdot* Mart\u00fae Syrah - 100% SyrahTodos nuestros vinos se acompa\u00f1an de unos aperitivos.Nuestras visitas tienen lugar los viernes y s\u00e1bados a las 11:30 h. Precio por persona: 30 \u20ac","robots":{"index":"index","follow":"follow","max-snippet":"max-snippet:-1","max-image-preview":"max-image-preview:large","max-video-preview":"max-video-preview:-1"},"canonical":"https:\/\/martue.com\/fr\/produit\/chequeregaloeno\/","og_locale":"fr_FR","og_type":"article","og_title":"Cheque Regalo Enoturismo Mart\u00fae","og_description":"Bodegas Mart\u00fae ofrece visitas a nuestras bodegas de Toledo (La Guardia) y Blanco Nieva (Rueda).Nuestras visitas tienen una duraci\u00f3n de 2 horas e incluyen:- Un recorrido por nuestros vi\u00f1edos, sala de fermentaci\u00f3n, sala de embotellado y etiquetado, sala de barricas y bodega.- Una cata de tres de nuestros vinos, un blanco y dos tintos:* Blanco Nieva - 100% Verdejo de nuestra bodega en Rueda* Mart\u00fae 2021 - Coupage de Tempranillo, Cabernet Sauvignon, Syrah, Merlot, Malbec y Petit Verdot* Mart\u00fae Syrah - 100% SyrahTodos nuestros vinos se acompa\u00f1an de unos aperitivos.Nuestras visitas tienen lugar los viernes y s\u00e1bados a las 11:30 h. Precio por persona: 30 \u20ac","og_url":"https:\/\/martue.com\/fr\/produit\/chequeregaloeno\/","og_site_name":"Bodegas Mart\u00fae - Pago Campo de la Guardia","article_modified_time":"2025-05-08T19:20:02+00:00","og_image":[{"width":467,"height":1024,"url":"https:\/\/martue.com\/wp-content\/uploads\/2025\/03\/winebar-467x1024.png","type":"image\/png"}],"twitter_card":"summary_large_image","twitter_misc":{"Dur\u00e9e de lecture estim\u00e9e":"1 minute"},"schema":{"@context":"https:\/\/schema.org","@graph":[{"@type":"WebPage","@id":"https:\/\/martue.com\/producto\/chequeregaloeno\/","url":"https:\/\/martue.com\/producto\/chequeregaloeno\/","name":"Cheque Regalo Enoturismo Mart\u00fae","isPartOf":{"@id":"https:\/\/martue.com\/#website"},"primaryImageOfPage":{"@id":"https:\/\/martue.com\/producto\/chequeregaloeno\/#primaryimage"},"image":{"@id":"https:\/\/martue.com\/producto\/chequeregaloeno\/#primaryimage"},"thumbnailUrl":"https:\/\/martue.com\/wp-content\/uploads\/2025\/03\/winebar.png","datePublished":"2025-03-26T10:51:19+00:00","dateModified":"2025-05-08T19:20:02+00:00","description":"Bodegas Mart\u00fae ofrece visitas a nuestras bodegas de Toledo (La Guardia) y Blanco Nieva (Rueda).Nuestras visitas tienen una duraci\u00f3n de 2 horas e incluyen:- Un recorrido por nuestros vi\u00f1edos, sala de fermentaci\u00f3n, sala de embotellado y etiquetado, sala de barricas y bodega.- Una cata de tres de nuestros vinos, un blanco y dos tintos:* Blanco Nieva - 100% Verdejo de nuestra bodega en Rueda* Mart\u00fae 2021 - Coupage de Tempranillo, Cabernet Sauvignon, Syrah, Merlot, Malbec y Petit Verdot* Mart\u00fae Syrah - 100% SyrahTodos nuestros vinos se acompa\u00f1an de unos aperitivos.Nuestras visitas tienen lugar los viernes y s\u00e1bados a las 11:30 h. Precio por persona: 30 \u20ac","breadcrumb":{"@id":"https:\/\/martue.com\/producto\/chequeregaloeno\/#breadcrumb"},"inLanguage":"fr-FR","potentialAction":[{"@type":"ReadAction","target":["https:\/\/martue.com\/producto\/chequeregaloeno\/"]}]},{"@type":"ImageObject","inLanguage":"fr-FR","@id":"https:\/\/martue.com\/producto\/chequeregaloeno\/#primaryimage","url":"https:\/\/martue.com\/wp-content\/uploads\/2025\/03\/winebar.png","contentUrl":"https:\/\/martue.com\/wp-content\/uploads\/2025\/03\/winebar.png","width":890,"height":1952},{"@type":"BreadcrumbList","@id":"https:\/\/martue.com\/producto\/chequeregaloeno\/#breadcrumb","itemListElement":[{"@type":"ListItem","position":1,"name":"Portada","item":"https:\/\/martue.com\/"},{"@type":"ListItem","position":2,"name":"Vinos","item":"https:\/\/martue.com\/vinos\/"},{"@type":"ListItem","position":3,"name":"Cheque Regalo Enoturismo"}]},{"@type":"WebSite","@id":"https:\/\/martue.com\/#website","url":"https:\/\/martue.com\/","name":"Bodegas Mart\u00fae - Pago Campo de la Guardia","description":"VINO DE PAGO CAMPO DE LA GUARDIA Es la m\u00e1xima calificaci\u00f3n que contempla la legislaci\u00f3n espa\u00f1ola en materia vitivin\u00edcola, por encima de la Denominaci\u00f3n de Origen.","potentialAction":[{"@type":"SearchAction","target":{"@type":"EntryPoint","urlTemplate":"https:\/\/martue.com\/?s={search_term_string}"},"query-input":{"@type":"PropertyValueSpecification","valueRequired":true,"valueName":"search_term_string"}}],"inLanguage":"fr-FR"}]}},"_links":{"self":[{"href":"https:\/\/martue.com\/fr\/wp-json\/wp\/v2\/product\/16743","targetHints":{"allow":["GET"]}}],"collection":[{"href":"https:\/\/martue.com\/fr\/wp-json\/wp\/v2\/product"}],"about":[{"href":"https:\/\/martue.com\/fr\/wp-json\/wp\/v2\/types\/product"}],"replies":[{"embeddable":true,"href":"https:\/\/martue.com\/fr\/wp-json\/wp\/v2\/comments?post=16743"}],"wp:featuredmedia":[{"embeddable":true,"href":"https:\/\/martue.com\/fr\/wp-json\/wp\/v2\/media\/16795"}],"wp:attachment":[{"href":"https:\/\/martue.com\/fr\/wp-json\/wp\/v2\/media?parent=16743"}],"wp:term":[{"taxonomy":"product_brand","embeddable":true,"href":"https:\/\/martue.com\/fr\/wp-json\/wp\/v2\/product_brand?post=16743"},{"taxonomy":"product_cat","embeddable":true,"href":"https:\/\/martue.com\/fr\/wp-json\/wp\/v2\/product_cat?post=16743"},{"taxonomy":"product_tag","embeddable":true,"href":"https:\/\/martue.com\/fr\/wp-json\/wp\/v2\/product_tag?post=16743"}],"curies":[{"name":"wp","href":"https:\/\/api.w.org\/{rel}","templated":true}]}}