{"id":2569,"date":"2020-03-17T16:28:34","date_gmt":"2020-03-17T15:28:34","guid":{"rendered":"https:\/\/martue.com\/?post_type=product&#038;p=2569"},"modified":"2023-12-18T13:00:52","modified_gmt":"2023-12-18T12:00:52","slug":"blanco-nieva-sauvignon-blanc-2019","status":"publish","type":"product","link":"https:\/\/martue.com\/fr\/produit\/blanco-nieva-sauvignon-blanc-2019\/","title":{"rendered":"Blanco Nieva Sauvignon Blanc 2019"},"content":{"rendered":"<p>[et_pb_section fb_built=\u00bb1&#8243; _builder_version=\u00bb3.22&#8243; custom_padding=\u00bb0px||||false|false\u00bb][et_pb_row _builder_version=\u00bb3.25&#8243; background_size=\u00bbinitial\u00bb background_position=\u00bbtop_left\u00bb background_repeat=\u00bbrepeat\u00bb custom_padding=\u00bb0px||0px||false|false\u00bb][et_pb_column type=\u00bb4_4&#8243; _builder_version=\u00bb3.25&#8243; custom_padding=\u00bb|||\u00bb custom_padding__hover=\u00bb|||\u00bb][et_pb_wc_cart_notice _builder_version=\u00bb3.0.47&#8243;][\/et_pb_wc_cart_notice][\/et_pb_column][\/et_pb_row][et_pb_row column_structure=\u00bb1_2,1_2&#8243; _builder_version=\u00bb3.25&#8243; background_size=\u00bbinitial\u00bb background_position=\u00bbtop_left\u00bb background_repeat=\u00bbrepeat\u00bb custom_padding=\u00bb0px||||false|false\u00bb][et_pb_column type=\u00bb1_2&#8243; _builder_version=\u00bb3.25&#8243; custom_padding=\u00bb|||\u00bb custom_padding__hover=\u00bb|||\u00bb][et_pb_wc_images _builder_version=\u00bb3.0.47&#8243;][\/et_pb_wc_images][\/et_pb_column][et_pb_column type=\u00bb1_2&#8243; _builder_version=\u00bb3.25&#8243; custom_padding=\u00bb|||\u00bb custom_padding__hover=\u00bb|||\u00bb][et_pb_wc_title _builder_version=\u00bb4.4.1&#8243;][\/et_pb_wc_title][et_pb_wc_rating _builder_version=\u00bb3.0.47&#8243;][\/et_pb_wc_rating][et_pb_wc_price _builder_version=\u00bb3.0.47&#8243;][\/et_pb_wc_price][et_pb_wc_description _builder_version=\u00bb3.0.47&#8243;][\/et_pb_wc_description][et_pb_wc_add_to_cart _builder_version=\u00bb3.0.47&#8243;][\/et_pb_wc_add_to_cart][\/et_pb_column][\/et_pb_row][et_pb_row _builder_version=\u00bb3.25&#8243; background_size=\u00bbinitial\u00bb background_position=\u00bbtop_left\u00bb background_repeat=\u00bbrepeat\u00bb][et_pb_column type=\u00bb4_4&#8243; _builder_version=\u00bb3.25&#8243; custom_padding=\u00bb|||\u00bb custom_padding__hover=\u00bb|||\u00bb][et_pb_wc_tabs _builder_version=\u00bb3.0.47&#8243;] [\/et_pb_wc_tabs][et_pb_wc_upsells _builder_version=\u00bb3.0.47&#8243;][\/et_pb_wc_upsells][et_pb_wc_related_products _builder_version=\u00bb4.4.1&#8243; price_text_color=\u00bbrgba(0,0,0,0)\u00bb text_orientation=\u00bbcenter\u00bb][\/et_pb_wc_related_products][\/et_pb_column][\/et_pb_row][\/et_pb_section]<\/p>","protected":false},"excerpt":{"rendered":"<p>&nbsp;<\/p>\n<p>Nuestro varietal 100% Sauvignon Blanc perfectamente adaptado a los suelos arenosos de cantos rodados segovianos.<\/p>\n<p>Un vino potente, muy varietal y frutal con gran frescura. Uno de los mejores Sauvignon Blanc de Rueda.<\/p>\n<p>&nbsp;<\/p>","protected":false},"featured_media":2594,"comment_status":"open","ping_status":"closed","template":"","meta":{"_et_pb_use_builder":"on","_et_pb_old_content":"<strong>La a\u00f1ada<\/strong>: La a\u00f1ada 2019 se caracteriz\u00f3 por ser singularmente concentrada, debido a la falta de lluvias y unas temperaturas moderadas en verano, lo que se tradujo en una menor producci\u00f3n en el vi\u00f1edo lo que se tradujo en much\u00edsima calidad en las uvas, de intensos aromas y sabor, sin dejar de lado su caracter\u00edstica y particular frescura.\r\n\r\n<strong>Elaboraci\u00f3n<\/strong>: Vendimia nocturna a baja temperatura, maceraci\u00f3n en frio durante el prensado en atmosfera inerte para mantener todos los aromas, una fermentaci\u00f3n alcoh\u00f3lica prolongada y a baja temperatura con el objetivo de conservar y potenciar las caracter\u00edsticas propias de la variedad.\r\n\r\nSutil color amarillo p\u00e1lido. Intensidad arom\u00e1tica potente, una mezcla fina de aromas herb\u00e1ceos, flores y frutas con notas tropicales. F\u00e1cil en su entrada en boca, van apareciendo sutilmente los recuerdos de frutas y flores de la nariz. De elegante sedosidad, frescura envolvente y final alargado.\r\n<h3>Producci\u00f3n<\/h3>\r\n25.328 botellas bordelesas. Disponible en formato 0.75 L.\r\n<h3>Conservaci\u00f3n<\/h3>\r\nSe recomienda conservar con la botella tumbada, en un lugar a oscuras, sin vibraciones y temperatura estable entre 15-20\u00baC.\r\n<h3>Maridaje y Consumo<\/h3>\r\nSe recomienda servirlo entre 6-8\u00baC.\r\n\r\nConsumo \u00f3ptimo a\u00f1o 2020 y hasta final 2022","_et_gb_content_width":"","om_disable_all_campaigns":false,"_joinchat":[]},"product_brand":[],"product_cat":[25,17],"product_tag":[],"class_list":{"0":"post-2569","1":"product","2":"type-product","3":"status-publish","4":"has-post-thumbnail","6":"product_cat-blancos","7":"product_cat-vinos-blanco-nieva","9":"first","10":"outofstock","11":"taxable","12":"shipping-taxable","13":"product-type-variable"},"yoast_head":"<!-- This site is optimized with the Yoast SEO plugin v24.1 - https:\/\/yoast.com\/wordpress\/plugins\/seo\/ -->\n<title>Blanco Nieva Sauvignon Blanc 2019<\/title>\n<meta name=\"description\" content=\"Nuestro varietal 100% Sauvignon Blanc perfectamente adaptado a los suelos arenosos de cantos rodados segovianos.\" \/>\n<meta name=\"robots\" content=\"index, follow, max-snippet:-1, max-image-preview:large, max-video-preview:-1\" \/>\n<link rel=\"canonical\" href=\"https:\/\/martue.com\/fr\/produit\/blanco-nieva-sauvignon-blanc-2019\/\" \/>\n<meta property=\"og:locale\" content=\"fr_FR\" \/>\n<meta property=\"og:type\" content=\"article\" \/>\n<meta property=\"og:title\" content=\"Blanco Nieva Sauvignon Blanc 2019\" \/>\n<meta property=\"og:description\" content=\"Nuestro varietal 100% Sauvignon Blanc perfectamente adaptado a los suelos arenosos de cantos rodados segovianos.\" \/>\n<meta property=\"og:url\" content=\"https:\/\/martue.com\/fr\/produit\/blanco-nieva-sauvignon-blanc-2019\/\" \/>\n<meta property=\"og:site_name\" content=\"Bodegas Mart\u00fae - Pago Campo de la Guardia\" \/>\n<meta property=\"article:modified_time\" content=\"2023-12-18T12:00:52+00:00\" \/>\n<meta property=\"og:image\" content=\"https:\/\/martue.com\/wp-content\/uploads\/2020\/03\/suavignon_blanc_2019.png\" \/>\n\t<meta property=\"og:image:width\" content=\"890\" \/>\n\t<meta property=\"og:image:height\" content=\"1952\" \/>\n\t<meta property=\"og:image:type\" content=\"image\/png\" \/>\n<meta name=\"twitter:card\" content=\"summary_large_image\" \/>\n<meta name=\"twitter:label1\" content=\"Dur\u00e9e de lecture estim\u00e9e\" \/>\n\t<meta name=\"twitter:data1\" content=\"1 minute\" \/>\n<script type=\"application\/ld+json\" class=\"yoast-schema-graph\">{\"@context\":\"https:\/\/schema.org\",\"@graph\":[{\"@type\":\"WebPage\",\"@id\":\"https:\/\/martue.com\/producto\/blanco-nieva-sauvignon-blanc-2019\/\",\"url\":\"https:\/\/martue.com\/producto\/blanco-nieva-sauvignon-blanc-2019\/\",\"name\":\"Blanco Nieva Sauvignon Blanc 2019\",\"isPartOf\":{\"@id\":\"https:\/\/martue.com\/#website\"},\"primaryImageOfPage\":{\"@id\":\"https:\/\/martue.com\/producto\/blanco-nieva-sauvignon-blanc-2019\/#primaryimage\"},\"image\":{\"@id\":\"https:\/\/martue.com\/producto\/blanco-nieva-sauvignon-blanc-2019\/#primaryimage\"},\"thumbnailUrl\":\"https:\/\/martue.com\/wp-content\/uploads\/2020\/03\/suavignon_blanc_2019.png\",\"datePublished\":\"2020-03-17T15:28:34+00:00\",\"dateModified\":\"2023-12-18T12:00:52+00:00\",\"description\":\"Nuestro varietal 100% Sauvignon Blanc perfectamente adaptado a los suelos arenosos de cantos rodados segovianos.\",\"breadcrumb\":{\"@id\":\"https:\/\/martue.com\/producto\/blanco-nieva-sauvignon-blanc-2019\/#breadcrumb\"},\"inLanguage\":\"fr-FR\",\"potentialAction\":[{\"@type\":\"ReadAction\",\"target\":[\"https:\/\/martue.com\/producto\/blanco-nieva-sauvignon-blanc-2019\/\"]}]},{\"@type\":\"ImageObject\",\"inLanguage\":\"fr-FR\",\"@id\":\"https:\/\/martue.com\/producto\/blanco-nieva-sauvignon-blanc-2019\/#primaryimage\",\"url\":\"https:\/\/martue.com\/wp-content\/uploads\/2020\/03\/suavignon_blanc_2019.png\",\"contentUrl\":\"https:\/\/martue.com\/wp-content\/uploads\/2020\/03\/suavignon_blanc_2019.png\",\"width\":890,\"height\":1952,\"caption\":\"Pura Fruta, Nuestro varietal 100% Sauvignon Blanc perfectamente adaptado a los suelos arenosos de cantos rodados segovianos. Uno de los mejores Sauvignon Blanc de Rueda. Ver vino\"},{\"@type\":\"BreadcrumbList\",\"@id\":\"https:\/\/martue.com\/producto\/blanco-nieva-sauvignon-blanc-2019\/#breadcrumb\",\"itemListElement\":[{\"@type\":\"ListItem\",\"position\":1,\"name\":\"Portada\",\"item\":\"https:\/\/martue.com\/\"},{\"@type\":\"ListItem\",\"position\":2,\"name\":\"Vinos\",\"item\":\"https:\/\/martue.com\/vinos\/\"},{\"@type\":\"ListItem\",\"position\":3,\"name\":\"Blanco Nieva Sauvignon Blanc 2019\"}]},{\"@type\":\"WebSite\",\"@id\":\"https:\/\/martue.com\/#website\",\"url\":\"https:\/\/martue.com\/\",\"name\":\"Bodegas Mart\u00fae - Pago Campo de la Guardia\",\"description\":\"VINO DE PAGO CAMPO DE LA GUARDIA Es la m\u00e1xima calificaci\u00f3n que contempla la legislaci\u00f3n espa\u00f1ola en materia vitivin\u00edcola, por encima de la Denominaci\u00f3n de Origen.\",\"potentialAction\":[{\"@type\":\"SearchAction\",\"target\":{\"@type\":\"EntryPoint\",\"urlTemplate\":\"https:\/\/martue.com\/?s={search_term_string}\"},\"query-input\":{\"@type\":\"PropertyValueSpecification\",\"valueRequired\":true,\"valueName\":\"search_term_string\"}}],\"inLanguage\":\"fr-FR\"}]}<\/script>\n<!-- \/ Yoast SEO plugin. -->","yoast_head_json":{"title":"Blanco Nieva Sauvignon Blanc 2019","description":"Nuestro varietal 100% Sauvignon Blanc perfectamente adaptado a los suelos arenosos de cantos rodados segovianos.","robots":{"index":"index","follow":"follow","max-snippet":"max-snippet:-1","max-image-preview":"max-image-preview:large","max-video-preview":"max-video-preview:-1"},"canonical":"https:\/\/martue.com\/fr\/produit\/blanco-nieva-sauvignon-blanc-2019\/","og_locale":"fr_FR","og_type":"article","og_title":"Blanco Nieva Sauvignon Blanc 2019","og_description":"Nuestro varietal 100% Sauvignon Blanc perfectamente adaptado a los suelos arenosos de cantos rodados segovianos.","og_url":"https:\/\/martue.com\/fr\/produit\/blanco-nieva-sauvignon-blanc-2019\/","og_site_name":"Bodegas Mart\u00fae - Pago Campo de la Guardia","article_modified_time":"2023-12-18T12:00:52+00:00","og_image":[{"width":890,"height":1952,"url":"https:\/\/martue.com\/wp-content\/uploads\/2020\/03\/suavignon_blanc_2019.png","type":"image\/png"}],"twitter_card":"summary_large_image","twitter_misc":{"Dur\u00e9e de lecture estim\u00e9e":"1 minute"},"schema":{"@context":"https:\/\/schema.org","@graph":[{"@type":"WebPage","@id":"https:\/\/martue.com\/producto\/blanco-nieva-sauvignon-blanc-2019\/","url":"https:\/\/martue.com\/producto\/blanco-nieva-sauvignon-blanc-2019\/","name":"Blanco Nieva Sauvignon Blanc 2019","isPartOf":{"@id":"https:\/\/martue.com\/#website"},"primaryImageOfPage":{"@id":"https:\/\/martue.com\/producto\/blanco-nieva-sauvignon-blanc-2019\/#primaryimage"},"image":{"@id":"https:\/\/martue.com\/producto\/blanco-nieva-sauvignon-blanc-2019\/#primaryimage"},"thumbnailUrl":"https:\/\/martue.com\/wp-content\/uploads\/2020\/03\/suavignon_blanc_2019.png","datePublished":"2020-03-17T15:28:34+00:00","dateModified":"2023-12-18T12:00:52+00:00","description":"Nuestro varietal 100% Sauvignon Blanc perfectamente adaptado a los suelos arenosos de cantos rodados segovianos.","breadcrumb":{"@id":"https:\/\/martue.com\/producto\/blanco-nieva-sauvignon-blanc-2019\/#breadcrumb"},"inLanguage":"fr-FR","potentialAction":[{"@type":"ReadAction","target":["https:\/\/martue.com\/producto\/blanco-nieva-sauvignon-blanc-2019\/"]}]},{"@type":"ImageObject","inLanguage":"fr-FR","@id":"https:\/\/martue.com\/producto\/blanco-nieva-sauvignon-blanc-2019\/#primaryimage","url":"https:\/\/martue.com\/wp-content\/uploads\/2020\/03\/suavignon_blanc_2019.png","contentUrl":"https:\/\/martue.com\/wp-content\/uploads\/2020\/03\/suavignon_blanc_2019.png","width":890,"height":1952,"caption":"Pura Fruta, Nuestro varietal 100% Sauvignon Blanc perfectamente adaptado a los suelos arenosos de cantos rodados segovianos. Uno de los mejores Sauvignon Blanc de Rueda. Ver vino"},{"@type":"BreadcrumbList","@id":"https:\/\/martue.com\/producto\/blanco-nieva-sauvignon-blanc-2019\/#breadcrumb","itemListElement":[{"@type":"ListItem","position":1,"name":"Portada","item":"https:\/\/martue.com\/"},{"@type":"ListItem","position":2,"name":"Vinos","item":"https:\/\/martue.com\/vinos\/"},{"@type":"ListItem","position":3,"name":"Blanco Nieva Sauvignon Blanc 2019"}]},{"@type":"WebSite","@id":"https:\/\/martue.com\/#website","url":"https:\/\/martue.com\/","name":"Bodegas Mart\u00fae - Pago Campo de la Guardia","description":"VINO DE PAGO CAMPO DE LA GUARDIA Es la m\u00e1xima calificaci\u00f3n que contempla la legislaci\u00f3n espa\u00f1ola en materia vitivin\u00edcola, por encima de la Denominaci\u00f3n de Origen.","potentialAction":[{"@type":"SearchAction","target":{"@type":"EntryPoint","urlTemplate":"https:\/\/martue.com\/?s={search_term_string}"},"query-input":{"@type":"PropertyValueSpecification","valueRequired":true,"valueName":"search_term_string"}}],"inLanguage":"fr-FR"}]}},"_links":{"self":[{"href":"https:\/\/martue.com\/fr\/wp-json\/wp\/v2\/product\/2569","targetHints":{"allow":["GET"]}}],"collection":[{"href":"https:\/\/martue.com\/fr\/wp-json\/wp\/v2\/product"}],"about":[{"href":"https:\/\/martue.com\/fr\/wp-json\/wp\/v2\/types\/product"}],"replies":[{"embeddable":true,"href":"https:\/\/martue.com\/fr\/wp-json\/wp\/v2\/comments?post=2569"}],"wp:featuredmedia":[{"embeddable":true,"href":"https:\/\/martue.com\/fr\/wp-json\/wp\/v2\/media\/2594"}],"wp:attachment":[{"href":"https:\/\/martue.com\/fr\/wp-json\/wp\/v2\/media?parent=2569"}],"wp:term":[{"taxonomy":"product_brand","embeddable":true,"href":"https:\/\/martue.com\/fr\/wp-json\/wp\/v2\/product_brand?post=2569"},{"taxonomy":"product_cat","embeddable":true,"href":"https:\/\/martue.com\/fr\/wp-json\/wp\/v2\/product_cat?post=2569"},{"taxonomy":"product_tag","embeddable":true,"href":"https:\/\/martue.com\/fr\/wp-json\/wp\/v2\/product_tag?post=2569"}],"curies":[{"name":"wp","href":"https:\/\/api.w.org\/{rel}","templated":true}]}}