{"id":2578,"date":"2020-03-17T16:36:31","date_gmt":"2020-03-17T15:36:31","guid":{"rendered":"https:\/\/martue.com\/?post_type=product&#038;p=2578"},"modified":"2022-11-25T07:53:37","modified_gmt":"2022-11-25T06:53:37","slug":"martue-2017","status":"publish","type":"product","link":"https:\/\/martue.com\/fr\/produit\/martue-2017\/","title":{"rendered":"Mart\u00fae 2017"},"content":{"rendered":"<p>[et_pb_section fb_built=\u00bb1&#8243; _builder_version=\u00bb3.22&#8243; custom_padding=\u00bb0px||||false|false\u00bb][et_pb_row _builder_version=\u00bb3.25&#8243; background_size=\u00bbinitial\u00bb background_position=\u00bbtop_left\u00bb background_repeat=\u00bbrepeat\u00bb custom_padding=\u00bb0px||0px||false|false\u00bb][et_pb_column type=\u00bb4_4&#8243; _builder_version=\u00bb3.25&#8243; custom_padding=\u00bb|||\u00bb custom_padding__hover=\u00bb|||\u00bb][et_pb_wc_cart_notice _builder_version=\u00bb3.0.47&#8243;][\/et_pb_wc_cart_notice][\/et_pb_column][\/et_pb_row][et_pb_row column_structure=\u00bb1_2,1_2&#8243; _builder_version=\u00bb3.25&#8243; background_size=\u00bbinitial\u00bb background_position=\u00bbtop_left\u00bb background_repeat=\u00bbrepeat\u00bb custom_padding=\u00bb0px||||false|false\u00bb][et_pb_column type=\u00bb1_2&#8243; _builder_version=\u00bb3.25&#8243; custom_padding=\u00bb|||\u00bb custom_padding__hover=\u00bb|||\u00bb][et_pb_wc_images show_product_image=\u00bbon\u00bb show_product_gallery=\u00bboff\u00bb show_sale_badge=\u00bboff\u00bb _builder_version=\u00bb4.5.8&#8243;][\/et_pb_wc_images][\/et_pb_column][et_pb_column type=\u00bb1_2&#8243; _builder_version=\u00bb3.25&#8243; custom_padding=\u00bb|||\u00bb custom_padding__hover=\u00bb|||\u00bb][et_pb_wc_title _builder_version=\u00bb3.0.47&#8243;][\/et_pb_wc_title][et_pb_wc_rating _builder_version=\u00bb3.0.47&#8243;][\/et_pb_wc_rating][et_pb_wc_price _builder_version=\u00bb3.0.47&#8243;][\/et_pb_wc_price][et_pb_wc_description _builder_version=\u00bb3.0.47&#8243;][\/et_pb_wc_description][et_pb_wc_add_to_cart _builder_version=\u00bb3.0.47&#8243;][\/et_pb_wc_add_to_cart][et_pb_wc_images _builder_version=\u00bb4.5.8&#8243; _module_preset=\u00bbdefault\u00bb custom_padding=\u00bb20px||||false|false\u00bb][\/et_pb_wc_images][\/et_pb_column][\/et_pb_row][et_pb_row _builder_version=\u00bb3.25&#8243; background_size=\u00bbinitial\u00bb background_position=\u00bbtop_left\u00bb background_repeat=\u00bbrepeat\u00bb][et_pb_column type=\u00bb4_4&#8243; _builder_version=\u00bb3.25&#8243; custom_padding=\u00bb|||\u00bb custom_padding__hover=\u00bb|||\u00bb][et_pb_wc_tabs _builder_version=\u00bb3.0.47&#8243;]\t\t\t\t\t[\/et_pb_wc_tabs][et_pb_wc_upsells _builder_version=\u00bb3.0.47&#8243;][\/et_pb_wc_upsells][et_pb_wc_related_products _builder_version=\u00bb4.4.1&#8243; price_text_color=\u00bbrgba(0,0,0,0)\u00bb sale_price_text_color=\u00bbrgba(0,0,0,0)\u00bb text_orientation=\u00bbcenter\u00bb][\/et_pb_wc_related_products][\/et_pb_column][\/et_pb_row][\/et_pb_section]<\/p>","protected":false},"excerpt":{"rendered":"<p>&nbsp;<\/p>\n<p style=\"text-align: justify;\">La a\u00f1ada 2017 se caracteriz\u00f3 por un invierno seco y frio y una primavera lluviosa con temperaturas suaves que permiti\u00f3 a nuestras vi\u00f1as brotar con vigor y tener las reservas suficientes para soportar un c\u00e1lido verano sin apenas lluvias.<\/p>\n<p style=\"text-align: justify;\">La producci\u00f3n fue excelente tanto en producci\u00f3n como en calidad, un exhaustivo coupage de un 33% Syrah, 21% Cabernet Sauvignon, 20% Petit Verdot y 19% Malbec y 7% Merlot con 10 meses de crianza en barrica.<\/p>\n<p style=\"text-align: justify;\">El resultado es un vino mucho volumen, con buena capacidad para envejecer, redondez, y un tanino espectacular.<\/p>\n<p><strong><a href=\"https:\/\/martue.com\/wp-content\/uploads\/2020\/03\/ES-MARTUE-2017.pdf\" target=\"_blank\" rel=\"noopener noreferrer\">Ficha de Cata<\/a><\/strong><\/p>\n<p>&nbsp;<\/p>","protected":false},"featured_media":2602,"comment_status":"open","ping_status":"closed","template":"","meta":{"_et_pb_use_builder":"on","_et_pb_old_content":"Presenta un atractivo color rojo picota, vivo y luminoso. Aroma de alta intensidad, muy bien formado y definido. Primero aparece fruta negra, hinojo y regaliz, luego recuerdos de mantecado y madera quemada. Se hace grande en boca. Fresco y muy frutal. Se mueve despacio por la boca, marcando sabor, dando placer. Sensaci\u00f3n rugosa al final, que lo hace largo y augura una gran botella.\r\n<h3>Conservaci\u00f3n<\/h3>\r\nSe recomienda conservar con la botella tumbada, en un lugar a oscuras, sin vibraciones y temperatura estable entre 15-20\u00baC.\r\n<h3>Maridaje y Consumo<\/h3>\r\nIdeal con todo tipo de carnes, incluso caza y con quesos fuertes como el manchego. Se recomienda servirlo entre 16-18\u00baC.\r\nPara apreciar todas sus cualidades se recomienda decantar 20 minutos antes de su consumo. Consumo \u00f3ptimo hasta 2026.","_et_gb_content_width":"","om_disable_all_campaigns":false,"_joinchat":[]},"product_brand":[],"product_cat":[16],"product_tag":[],"class_list":{"0":"post-2578","1":"product","2":"type-product","3":"status-publish","4":"has-post-thumbnail","6":"product_cat-vinos-martue","8":"first","9":"outofstock","10":"taxable","11":"shipping-taxable","12":"product-type-variable"},"yoast_head":"<!-- This site is optimized with the Yoast SEO plugin v24.1 - https:\/\/yoast.com\/wordpress\/plugins\/seo\/ -->\n<title>Mart\u00fae 2017 - Bodegas Mart\u00fae - Pago Campo de la Guardia<\/title>\n<meta name=\"description\" content=\"Mart\u00fae es el vino estrella de la bodega, un exhaustivo coupage de un 33% Syrah, 21% Cabernet Sauvignon, 20% Petit Verdot y 19% Malbec y 7% Merlot. Es un vino rico, fresco, y con buena capacidad para envejecer, redondo y con un tanino fino. La a\u00f1ada 2017 fue extremadamente seca y de fuertes vientos en \u00e9poca de floraci\u00f3n. Esto dio como resultado una menor competencia entre el racimo y la cepa, por lo que los racimos se presentaron sueltos y espaciados. Estos vientos propiciaron una ausencia total de enfermedades. La cuaja fue inferior a la normal con una menor producci\u00f3n en el vi\u00f1edo lo que se tradujo en much\u00edsima calidad en las uvas.\" \/>\n<meta name=\"robots\" content=\"index, follow, max-snippet:-1, max-image-preview:large, max-video-preview:-1\" \/>\n<link rel=\"canonical\" href=\"https:\/\/martue.com\/fr\/produit\/martue-2017\/\" \/>\n<meta property=\"og:locale\" content=\"fr_FR\" \/>\n<meta property=\"og:type\" content=\"article\" \/>\n<meta property=\"og:title\" content=\"Mart\u00fae 2017 - Bodegas Mart\u00fae - Pago Campo de la Guardia\" \/>\n<meta property=\"og:description\" content=\"Mart\u00fae es el vino estrella de la bodega, un exhaustivo coupage de un 33% Syrah, 21% Cabernet Sauvignon, 20% Petit Verdot y 19% Malbec y 7% Merlot. Es un vino rico, fresco, y con buena capacidad para envejecer, redondo y con un tanino fino. La a\u00f1ada 2017 fue extremadamente seca y de fuertes vientos en \u00e9poca de floraci\u00f3n. Esto dio como resultado una menor competencia entre el racimo y la cepa, por lo que los racimos se presentaron sueltos y espaciados. Estos vientos propiciaron una ausencia total de enfermedades. La cuaja fue inferior a la normal con una menor producci\u00f3n en el vi\u00f1edo lo que se tradujo en much\u00edsima calidad en las uvas.\" \/>\n<meta property=\"og:url\" content=\"https:\/\/martue.com\/fr\/produit\/martue-2017\/\" \/>\n<meta property=\"og:site_name\" content=\"Bodegas Mart\u00fae - Pago Campo de la Guardia\" \/>\n<meta property=\"article:modified_time\" content=\"2022-11-25T06:53:37+00:00\" \/>\n<meta property=\"og:image\" content=\"https:\/\/martue.com\/wp-content\/uploads\/2020\/03\/Martue-2017.png\" \/>\n\t<meta property=\"og:image:width\" content=\"890\" \/>\n\t<meta property=\"og:image:height\" content=\"1952\" \/>\n\t<meta property=\"og:image:type\" content=\"image\/png\" \/>\n<meta name=\"twitter:card\" content=\"summary_large_image\" \/>\n<meta name=\"twitter:label1\" content=\"Dur\u00e9e de lecture estim\u00e9e\" \/>\n\t<meta name=\"twitter:data1\" content=\"1 minute\" \/>\n<script type=\"application\/ld+json\" class=\"yoast-schema-graph\">{\"@context\":\"https:\/\/schema.org\",\"@graph\":[{\"@type\":\"WebPage\",\"@id\":\"https:\/\/martue.com\/producto\/martue-2017\/\",\"url\":\"https:\/\/martue.com\/producto\/martue-2017\/\",\"name\":\"Mart\u00fae 2017 - Bodegas Mart\u00fae - Pago Campo de la Guardia\",\"isPartOf\":{\"@id\":\"https:\/\/martue.com\/#website\"},\"primaryImageOfPage\":{\"@id\":\"https:\/\/martue.com\/producto\/martue-2017\/#primaryimage\"},\"image\":{\"@id\":\"https:\/\/martue.com\/producto\/martue-2017\/#primaryimage\"},\"thumbnailUrl\":\"https:\/\/martue.com\/wp-content\/uploads\/2020\/03\/Martue-2017.png\",\"datePublished\":\"2020-03-17T15:36:31+00:00\",\"dateModified\":\"2022-11-25T06:53:37+00:00\",\"description\":\"Mart\u00fae es el vino estrella de la bodega, un exhaustivo coupage de un 33% Syrah, 21% Cabernet Sauvignon, 20% Petit Verdot y 19% Malbec y 7% Merlot. Es un vino rico, fresco, y con buena capacidad para envejecer, redondo y con un tanino fino. La a\u00f1ada 2017 fue extremadamente seca y de fuertes vientos en \u00e9poca de floraci\u00f3n. Esto dio como resultado una menor competencia entre el racimo y la cepa, por lo que los racimos se presentaron sueltos y espaciados. Estos vientos propiciaron una ausencia total de enfermedades. La cuaja fue inferior a la normal con una menor producci\u00f3n en el vi\u00f1edo lo que se tradujo en much\u00edsima calidad en las uvas.\",\"breadcrumb\":{\"@id\":\"https:\/\/martue.com\/producto\/martue-2017\/#breadcrumb\"},\"inLanguage\":\"fr-FR\",\"potentialAction\":[{\"@type\":\"ReadAction\",\"target\":[\"https:\/\/martue.com\/producto\/martue-2017\/\"]}]},{\"@type\":\"ImageObject\",\"inLanguage\":\"fr-FR\",\"@id\":\"https:\/\/martue.com\/producto\/martue-2017\/#primaryimage\",\"url\":\"https:\/\/martue.com\/wp-content\/uploads\/2020\/03\/Martue-2017.png\",\"contentUrl\":\"https:\/\/martue.com\/wp-content\/uploads\/2020\/03\/Martue-2017.png\",\"width\":890,\"height\":1952,\"caption\":\"El vino estrella de la bodega, un crianza de 10 meses en barrica, un vino muy rico, con buena capacidad para envejecer y redondez. Ver vino\"},{\"@type\":\"BreadcrumbList\",\"@id\":\"https:\/\/martue.com\/producto\/martue-2017\/#breadcrumb\",\"itemListElement\":[{\"@type\":\"ListItem\",\"position\":1,\"name\":\"Portada\",\"item\":\"https:\/\/martue.com\/\"},{\"@type\":\"ListItem\",\"position\":2,\"name\":\"Vinos\",\"item\":\"https:\/\/martue.com\/vinos\/\"},{\"@type\":\"ListItem\",\"position\":3,\"name\":\"Mart\u00fae 2017\"}]},{\"@type\":\"WebSite\",\"@id\":\"https:\/\/martue.com\/#website\",\"url\":\"https:\/\/martue.com\/\",\"name\":\"Bodegas Mart\u00fae - Pago Campo de la Guardia\",\"description\":\"VINO DE PAGO CAMPO DE LA GUARDIA Es la m\u00e1xima calificaci\u00f3n que contempla la legislaci\u00f3n espa\u00f1ola en materia vitivin\u00edcola, por encima de la Denominaci\u00f3n de Origen.\",\"potentialAction\":[{\"@type\":\"SearchAction\",\"target\":{\"@type\":\"EntryPoint\",\"urlTemplate\":\"https:\/\/martue.com\/?s={search_term_string}\"},\"query-input\":{\"@type\":\"PropertyValueSpecification\",\"valueRequired\":true,\"valueName\":\"search_term_string\"}}],\"inLanguage\":\"fr-FR\"}]}<\/script>\n<!-- \/ Yoast SEO plugin. -->","yoast_head_json":{"title":"Mart\u00fae 2017 - Bodegas Mart\u00fae - Pago Campo de la Guardia","description":"Mart\u00fae es el vino estrella de la bodega, un exhaustivo coupage de un 33% Syrah, 21% Cabernet Sauvignon, 20% Petit Verdot y 19% Malbec y 7% Merlot. Es un vino rico, fresco, y con buena capacidad para envejecer, redondo y con un tanino fino. La a\u00f1ada 2017 fue extremadamente seca y de fuertes vientos en \u00e9poca de floraci\u00f3n. Esto dio como resultado una menor competencia entre el racimo y la cepa, por lo que los racimos se presentaron sueltos y espaciados. Estos vientos propiciaron una ausencia total de enfermedades. La cuaja fue inferior a la normal con una menor producci\u00f3n en el vi\u00f1edo lo que se tradujo en much\u00edsima calidad en las uvas.","robots":{"index":"index","follow":"follow","max-snippet":"max-snippet:-1","max-image-preview":"max-image-preview:large","max-video-preview":"max-video-preview:-1"},"canonical":"https:\/\/martue.com\/fr\/produit\/martue-2017\/","og_locale":"fr_FR","og_type":"article","og_title":"Mart\u00fae 2017 - Bodegas Mart\u00fae - Pago Campo de la Guardia","og_description":"Mart\u00fae es el vino estrella de la bodega, un exhaustivo coupage de un 33% Syrah, 21% Cabernet Sauvignon, 20% Petit Verdot y 19% Malbec y 7% Merlot. Es un vino rico, fresco, y con buena capacidad para envejecer, redondo y con un tanino fino. La a\u00f1ada 2017 fue extremadamente seca y de fuertes vientos en \u00e9poca de floraci\u00f3n. Esto dio como resultado una menor competencia entre el racimo y la cepa, por lo que los racimos se presentaron sueltos y espaciados. Estos vientos propiciaron una ausencia total de enfermedades. La cuaja fue inferior a la normal con una menor producci\u00f3n en el vi\u00f1edo lo que se tradujo en much\u00edsima calidad en las uvas.","og_url":"https:\/\/martue.com\/fr\/produit\/martue-2017\/","og_site_name":"Bodegas Mart\u00fae - Pago Campo de la Guardia","article_modified_time":"2022-11-25T06:53:37+00:00","og_image":[{"width":890,"height":1952,"url":"https:\/\/martue.com\/wp-content\/uploads\/2020\/03\/Martue-2017.png","type":"image\/png"}],"twitter_card":"summary_large_image","twitter_misc":{"Dur\u00e9e de lecture estim\u00e9e":"1 minute"},"schema":{"@context":"https:\/\/schema.org","@graph":[{"@type":"WebPage","@id":"https:\/\/martue.com\/producto\/martue-2017\/","url":"https:\/\/martue.com\/producto\/martue-2017\/","name":"Mart\u00fae 2017 - Bodegas Mart\u00fae - Pago Campo de la Guardia","isPartOf":{"@id":"https:\/\/martue.com\/#website"},"primaryImageOfPage":{"@id":"https:\/\/martue.com\/producto\/martue-2017\/#primaryimage"},"image":{"@id":"https:\/\/martue.com\/producto\/martue-2017\/#primaryimage"},"thumbnailUrl":"https:\/\/martue.com\/wp-content\/uploads\/2020\/03\/Martue-2017.png","datePublished":"2020-03-17T15:36:31+00:00","dateModified":"2022-11-25T06:53:37+00:00","description":"Mart\u00fae es el vino estrella de la bodega, un exhaustivo coupage de un 33% Syrah, 21% Cabernet Sauvignon, 20% Petit Verdot y 19% Malbec y 7% Merlot. Es un vino rico, fresco, y con buena capacidad para envejecer, redondo y con un tanino fino. La a\u00f1ada 2017 fue extremadamente seca y de fuertes vientos en \u00e9poca de floraci\u00f3n. Esto dio como resultado una menor competencia entre el racimo y la cepa, por lo que los racimos se presentaron sueltos y espaciados. Estos vientos propiciaron una ausencia total de enfermedades. La cuaja fue inferior a la normal con una menor producci\u00f3n en el vi\u00f1edo lo que se tradujo en much\u00edsima calidad en las uvas.","breadcrumb":{"@id":"https:\/\/martue.com\/producto\/martue-2017\/#breadcrumb"},"inLanguage":"fr-FR","potentialAction":[{"@type":"ReadAction","target":["https:\/\/martue.com\/producto\/martue-2017\/"]}]},{"@type":"ImageObject","inLanguage":"fr-FR","@id":"https:\/\/martue.com\/producto\/martue-2017\/#primaryimage","url":"https:\/\/martue.com\/wp-content\/uploads\/2020\/03\/Martue-2017.png","contentUrl":"https:\/\/martue.com\/wp-content\/uploads\/2020\/03\/Martue-2017.png","width":890,"height":1952,"caption":"El vino estrella de la bodega, un crianza de 10 meses en barrica, un vino muy rico, con buena capacidad para envejecer y redondez. Ver vino"},{"@type":"BreadcrumbList","@id":"https:\/\/martue.com\/producto\/martue-2017\/#breadcrumb","itemListElement":[{"@type":"ListItem","position":1,"name":"Portada","item":"https:\/\/martue.com\/"},{"@type":"ListItem","position":2,"name":"Vinos","item":"https:\/\/martue.com\/vinos\/"},{"@type":"ListItem","position":3,"name":"Mart\u00fae 2017"}]},{"@type":"WebSite","@id":"https:\/\/martue.com\/#website","url":"https:\/\/martue.com\/","name":"Bodegas Mart\u00fae - Pago Campo de la Guardia","description":"VINO DE PAGO CAMPO DE LA GUARDIA Es la m\u00e1xima calificaci\u00f3n que contempla la legislaci\u00f3n espa\u00f1ola en materia vitivin\u00edcola, por encima de la Denominaci\u00f3n de Origen.","potentialAction":[{"@type":"SearchAction","target":{"@type":"EntryPoint","urlTemplate":"https:\/\/martue.com\/?s={search_term_string}"},"query-input":{"@type":"PropertyValueSpecification","valueRequired":true,"valueName":"search_term_string"}}],"inLanguage":"fr-FR"}]}},"_links":{"self":[{"href":"https:\/\/martue.com\/fr\/wp-json\/wp\/v2\/product\/2578","targetHints":{"allow":["GET"]}}],"collection":[{"href":"https:\/\/martue.com\/fr\/wp-json\/wp\/v2\/product"}],"about":[{"href":"https:\/\/martue.com\/fr\/wp-json\/wp\/v2\/types\/product"}],"replies":[{"embeddable":true,"href":"https:\/\/martue.com\/fr\/wp-json\/wp\/v2\/comments?post=2578"}],"wp:featuredmedia":[{"embeddable":true,"href":"https:\/\/martue.com\/fr\/wp-json\/wp\/v2\/media\/2602"}],"wp:attachment":[{"href":"https:\/\/martue.com\/fr\/wp-json\/wp\/v2\/media?parent=2578"}],"wp:term":[{"taxonomy":"product_brand","embeddable":true,"href":"https:\/\/martue.com\/fr\/wp-json\/wp\/v2\/product_brand?post=2578"},{"taxonomy":"product_cat","embeddable":true,"href":"https:\/\/martue.com\/fr\/wp-json\/wp\/v2\/product_cat?post=2578"},{"taxonomy":"product_tag","embeddable":true,"href":"https:\/\/martue.com\/fr\/wp-json\/wp\/v2\/product_tag?post=2578"}],"curies":[{"name":"wp","href":"https:\/\/api.w.org\/{rel}","templated":true}]}}