{"id":2624,"date":"2020-03-18T00:56:27","date_gmt":"2020-03-17T23:56:27","guid":{"rendered":"https:\/\/martue.com\/?post_type=product&#038;p=2624"},"modified":"2021-01-08T12:48:06","modified_gmt":"2021-01-08T11:48:06","slug":"blanco-nieva-sauvignon-blanc-2019-1b","status":"publish","type":"product","link":"https:\/\/martue.com\/fr\/produit\/blanco-nieva-sauvignon-blanc-2019-1b\/","title":{"rendered":"Blanco Nieva Sauvignon Blanc 2019"},"content":{"rendered":"","protected":false},"excerpt":{"rendered":"<p>Nuestro varietal 100% Sauvignon Blanc perfectamente adaptado a los suelos arenosos de cantos rodados segovianos.<\/p>","protected":false},"featured_media":2594,"comment_status":"open","ping_status":"closed","template":"","meta":{"_et_pb_use_builder":"","_et_pb_old_content":"","_et_gb_content_width":"","om_disable_all_campaigns":false,"_joinchat":[]},"product_brand":[],"product_cat":[25,37,17],"product_tag":[38],"class_list":{"0":"post-2624","1":"product","2":"type-product","3":"status-publish","4":"has-post-thumbnail","6":"product_cat-blancos","7":"product_cat-estuche","8":"product_cat-vinos-blanco-nieva","9":"product_tag-estuche","11":"first","12":"outofstock","13":"taxable","14":"shipping-taxable","15":"product-type-simple"},"yoast_head":"<!-- This site is optimized with the Yoast SEO plugin v24.1 - https:\/\/yoast.com\/wordpress\/plugins\/seo\/ -->\n<title>Mart\u00fae Especial 2014<\/title>\n<meta name=\"description\" content=\"De la vendimia de 2014 se han embotellado 15.120 botellas bordelesas. Para mantener al m\u00e1ximo todas sus cualidades, este vino no ha sido sometido a duros tratamientos de estabilizaci\u00f3n y filtrado.\" \/>\n<meta name=\"robots\" content=\"index, follow, max-snippet:-1, max-image-preview:large, max-video-preview:-1\" \/>\n<link rel=\"canonical\" href=\"https:\/\/martue.com\/fr\/product\/blanco-nieva-sauvignon-blanc-2019-1b\/\" \/>\n<meta property=\"og:locale\" content=\"fr_FR\" \/>\n<meta property=\"og:type\" content=\"article\" \/>\n<meta property=\"og:title\" content=\"Mart\u00fae Especial 2014\" \/>\n<meta property=\"og:description\" content=\"De la vendimia de 2014 se han embotellado 15.120 botellas bordelesas. Para mantener al m\u00e1ximo todas sus cualidades, este vino no ha sido sometido a duros tratamientos de estabilizaci\u00f3n y filtrado.\" \/>\n<meta property=\"og:url\" content=\"https:\/\/martue.com\/fr\/product\/blanco-nieva-sauvignon-blanc-2019-1b\/\" \/>\n<meta property=\"og:site_name\" content=\"Bodegas Mart\u00fae - Pago Campo de la Guardia\" \/>\n<meta property=\"article:modified_time\" content=\"2021-01-08T11:48:06+00:00\" \/>\n<meta property=\"og:image\" content=\"https:\/\/martue.com\/wp-content\/uploads\/2020\/03\/suavignon_blanc_2019.png\" \/>\n\t<meta property=\"og:image:width\" content=\"890\" \/>\n\t<meta property=\"og:image:height\" content=\"1952\" \/>\n\t<meta property=\"og:image:type\" content=\"image\/png\" \/>\n<meta name=\"twitter:card\" content=\"summary_large_image\" \/>\n<script type=\"application\/ld+json\" class=\"yoast-schema-graph\">{\"@context\":\"https:\/\/schema.org\",\"@graph\":[{\"@type\":\"WebPage\",\"@id\":\"https:\/\/martue.com\/en\/product\/blanco-nieva-sauvignon-blanc-2019-1b\/\",\"url\":\"https:\/\/martue.com\/en\/product\/blanco-nieva-sauvignon-blanc-2019-1b\/\",\"name\":\"Mart\u00fae Especial 2014\",\"isPartOf\":{\"@id\":\"https:\/\/martue.com\/#website\"},\"primaryImageOfPage\":{\"@id\":\"https:\/\/martue.com\/en\/product\/blanco-nieva-sauvignon-blanc-2019-1b\/#primaryimage\"},\"image\":{\"@id\":\"https:\/\/martue.com\/en\/product\/blanco-nieva-sauvignon-blanc-2019-1b\/#primaryimage\"},\"thumbnailUrl\":\"https:\/\/martue.com\/wp-content\/uploads\/2020\/03\/suavignon_blanc_2019.png\",\"datePublished\":\"2020-03-17T23:56:27+00:00\",\"dateModified\":\"2021-01-08T11:48:06+00:00\",\"description\":\"De la vendimia de 2014 se han embotellado 15.120 botellas bordelesas. Para mantener al m\u00e1ximo todas sus cualidades, este vino no ha sido sometido a duros tratamientos de estabilizaci\u00f3n y filtrado.\",\"breadcrumb\":{\"@id\":\"https:\/\/martue.com\/en\/product\/blanco-nieva-sauvignon-blanc-2019-1b\/#breadcrumb\"},\"inLanguage\":\"fr-FR\",\"potentialAction\":[{\"@type\":\"ReadAction\",\"target\":[\"https:\/\/martue.com\/en\/product\/blanco-nieva-sauvignon-blanc-2019-1b\/\"]}]},{\"@type\":\"ImageObject\",\"inLanguage\":\"fr-FR\",\"@id\":\"https:\/\/martue.com\/en\/product\/blanco-nieva-sauvignon-blanc-2019-1b\/#primaryimage\",\"url\":\"https:\/\/martue.com\/wp-content\/uploads\/2020\/03\/suavignon_blanc_2019.png\",\"contentUrl\":\"https:\/\/martue.com\/wp-content\/uploads\/2020\/03\/suavignon_blanc_2019.png\",\"width\":890,\"height\":1952,\"caption\":\"Pura Fruta, Nuestro varietal 100% Sauvignon Blanc perfectamente adaptado a los suelos arenosos de cantos rodados segovianos. Uno de los mejores Sauvignon Blanc de Rueda. Ver vino\"},{\"@type\":\"BreadcrumbList\",\"@id\":\"https:\/\/martue.com\/en\/product\/blanco-nieva-sauvignon-blanc-2019-1b\/#breadcrumb\",\"itemListElement\":[{\"@type\":\"ListItem\",\"position\":1,\"name\":\"Portada\",\"item\":\"https:\/\/martue.com\/\"},{\"@type\":\"ListItem\",\"position\":2,\"name\":\"Vinos\",\"item\":\"https:\/\/martue.com\/vinos\/\"},{\"@type\":\"ListItem\",\"position\":3,\"name\":\"Blanco Nieva Sauvignon Blanc 2019\"}]},{\"@type\":\"WebSite\",\"@id\":\"https:\/\/martue.com\/#website\",\"url\":\"https:\/\/martue.com\/\",\"name\":\"Bodegas Mart\u00fae - Pago Campo de la Guardia\",\"description\":\"VINO DE PAGO CAMPO DE LA GUARDIA Es la m\u00e1xima calificaci\u00f3n que contempla la legislaci\u00f3n espa\u00f1ola en materia vitivin\u00edcola, por encima de la Denominaci\u00f3n de Origen.\",\"potentialAction\":[{\"@type\":\"SearchAction\",\"target\":{\"@type\":\"EntryPoint\",\"urlTemplate\":\"https:\/\/martue.com\/?s={search_term_string}\"},\"query-input\":{\"@type\":\"PropertyValueSpecification\",\"valueRequired\":true,\"valueName\":\"search_term_string\"}}],\"inLanguage\":\"fr-FR\"}]}<\/script>\n<!-- \/ Yoast SEO plugin. -->","yoast_head_json":{"title":"Mart\u00fae Especial 2014","description":"De la vendimia de 2014 se han embotellado 15.120 botellas bordelesas. Para mantener al m\u00e1ximo todas sus cualidades, este vino no ha sido sometido a duros tratamientos de estabilizaci\u00f3n y filtrado.","robots":{"index":"index","follow":"follow","max-snippet":"max-snippet:-1","max-image-preview":"max-image-preview:large","max-video-preview":"max-video-preview:-1"},"canonical":"https:\/\/martue.com\/fr\/product\/blanco-nieva-sauvignon-blanc-2019-1b\/","og_locale":"fr_FR","og_type":"article","og_title":"Mart\u00fae Especial 2014","og_description":"De la vendimia de 2014 se han embotellado 15.120 botellas bordelesas. Para mantener al m\u00e1ximo todas sus cualidades, este vino no ha sido sometido a duros tratamientos de estabilizaci\u00f3n y filtrado.","og_url":"https:\/\/martue.com\/fr\/product\/blanco-nieva-sauvignon-blanc-2019-1b\/","og_site_name":"Bodegas Mart\u00fae - Pago Campo de la Guardia","article_modified_time":"2021-01-08T11:48:06+00:00","og_image":[{"width":890,"height":1952,"url":"https:\/\/martue.com\/wp-content\/uploads\/2020\/03\/suavignon_blanc_2019.png","type":"image\/png"}],"twitter_card":"summary_large_image","schema":{"@context":"https:\/\/schema.org","@graph":[{"@type":"WebPage","@id":"https:\/\/martue.com\/en\/product\/blanco-nieva-sauvignon-blanc-2019-1b\/","url":"https:\/\/martue.com\/en\/product\/blanco-nieva-sauvignon-blanc-2019-1b\/","name":"Mart\u00fae Especial 2014","isPartOf":{"@id":"https:\/\/martue.com\/#website"},"primaryImageOfPage":{"@id":"https:\/\/martue.com\/en\/product\/blanco-nieva-sauvignon-blanc-2019-1b\/#primaryimage"},"image":{"@id":"https:\/\/martue.com\/en\/product\/blanco-nieva-sauvignon-blanc-2019-1b\/#primaryimage"},"thumbnailUrl":"https:\/\/martue.com\/wp-content\/uploads\/2020\/03\/suavignon_blanc_2019.png","datePublished":"2020-03-17T23:56:27+00:00","dateModified":"2021-01-08T11:48:06+00:00","description":"De la vendimia de 2014 se han embotellado 15.120 botellas bordelesas. Para mantener al m\u00e1ximo todas sus cualidades, este vino no ha sido sometido a duros tratamientos de estabilizaci\u00f3n y filtrado.","breadcrumb":{"@id":"https:\/\/martue.com\/en\/product\/blanco-nieva-sauvignon-blanc-2019-1b\/#breadcrumb"},"inLanguage":"fr-FR","potentialAction":[{"@type":"ReadAction","target":["https:\/\/martue.com\/en\/product\/blanco-nieva-sauvignon-blanc-2019-1b\/"]}]},{"@type":"ImageObject","inLanguage":"fr-FR","@id":"https:\/\/martue.com\/en\/product\/blanco-nieva-sauvignon-blanc-2019-1b\/#primaryimage","url":"https:\/\/martue.com\/wp-content\/uploads\/2020\/03\/suavignon_blanc_2019.png","contentUrl":"https:\/\/martue.com\/wp-content\/uploads\/2020\/03\/suavignon_blanc_2019.png","width":890,"height":1952,"caption":"Pura Fruta, Nuestro varietal 100% Sauvignon Blanc perfectamente adaptado a los suelos arenosos de cantos rodados segovianos. Uno de los mejores Sauvignon Blanc de Rueda. Ver vino"},{"@type":"BreadcrumbList","@id":"https:\/\/martue.com\/en\/product\/blanco-nieva-sauvignon-blanc-2019-1b\/#breadcrumb","itemListElement":[{"@type":"ListItem","position":1,"name":"Portada","item":"https:\/\/martue.com\/"},{"@type":"ListItem","position":2,"name":"Vinos","item":"https:\/\/martue.com\/vinos\/"},{"@type":"ListItem","position":3,"name":"Blanco Nieva Sauvignon Blanc 2019"}]},{"@type":"WebSite","@id":"https:\/\/martue.com\/#website","url":"https:\/\/martue.com\/","name":"Bodegas Mart\u00fae - Pago Campo de la Guardia","description":"VINO DE PAGO CAMPO DE LA GUARDIA Es la m\u00e1xima calificaci\u00f3n que contempla la legislaci\u00f3n espa\u00f1ola en materia vitivin\u00edcola, por encima de la Denominaci\u00f3n de Origen.","potentialAction":[{"@type":"SearchAction","target":{"@type":"EntryPoint","urlTemplate":"https:\/\/martue.com\/?s={search_term_string}"},"query-input":{"@type":"PropertyValueSpecification","valueRequired":true,"valueName":"search_term_string"}}],"inLanguage":"fr-FR"}]}},"_links":{"self":[{"href":"https:\/\/martue.com\/fr\/wp-json\/wp\/v2\/product\/2624","targetHints":{"allow":["GET"]}}],"collection":[{"href":"https:\/\/martue.com\/fr\/wp-json\/wp\/v2\/product"}],"about":[{"href":"https:\/\/martue.com\/fr\/wp-json\/wp\/v2\/types\/product"}],"replies":[{"embeddable":true,"href":"https:\/\/martue.com\/fr\/wp-json\/wp\/v2\/comments?post=2624"}],"wp:featuredmedia":[{"embeddable":true,"href":"https:\/\/martue.com\/fr\/wp-json\/wp\/v2\/media\/2594"}],"wp:attachment":[{"href":"https:\/\/martue.com\/fr\/wp-json\/wp\/v2\/media?parent=2624"}],"wp:term":[{"taxonomy":"product_brand","embeddable":true,"href":"https:\/\/martue.com\/fr\/wp-json\/wp\/v2\/product_brand?post=2624"},{"taxonomy":"product_cat","embeddable":true,"href":"https:\/\/martue.com\/fr\/wp-json\/wp\/v2\/product_cat?post=2624"},{"taxonomy":"product_tag","embeddable":true,"href":"https:\/\/martue.com\/fr\/wp-json\/wp\/v2\/product_tag?post=2624"}],"curies":[{"name":"wp","href":"https:\/\/api.w.org\/{rel}","templated":true}]}}