{"id":2709,"date":"2020-03-19T22:18:52","date_gmt":"2020-03-19T21:18:52","guid":{"rendered":"https:\/\/martue.com\/?post_type=product&#038;p=2709"},"modified":"2025-05-21T05:52:08","modified_gmt":"2025-05-21T03:52:08","slug":"martue-shymal-2013-1b","status":"publish","type":"product","link":"https:\/\/martue.com\/fr\/produit\/martue-shymal-2013-1b\/","title":{"rendered":"Mart\u00fae ShyMal 2013"},"content":{"rendered":"<p>Elaborado con un 50% Syrah y 50% de Malbec, procedente de nuestras fincas Campo Martuela, El Casar de La Guardia y Cuatro Vi\u00f1as. Las uvas utilizadas para hacer este vino provienen de nuestros 3 vi\u00f1edos.<\/p>\n<p>El 10 de octubre, cuando la uva est\u00e1 en su punto \u00f3ptimo de maduraci\u00f3n, comenzamos la cosecha. Despu\u00e9s de la fermentaci\u00f3n alcoh\u00f3lica, introdujimos el vino en barricas nuevas de roble franc\u00e9s para llevar a cabo la fermentaci\u00f3n malol\u00e1ctica y su posterior envejecimiento durante 20 meses en barrica.<\/p>\n<p>En boca es de intensidad media alta, buen recorrido con acidez integrada. Tanino sedoso. En retronasal aparecen de nuevo notas afrutadas y espaciadas. Es un vino en armon\u00eda, equilibrado, en estado de evoluci\u00f3n, listo para ser disfrutado.<\/p>\n<h3>Producci\u00f3n<\/h3>\n<p>De la vendimia 2013 se han embotellado 3.350 botellas borgo\u00f1a.<\/p>\n<h3>Conservaci\u00f3n y Consumo<\/h3>\n<p>Se recomienda conservar con la botella tumbada, en un lugar a oscuras, sin vibraciones y temperatura estable entre 15-20\u00baC.<\/p>\n<p>Se recomienda servirlo entre 16-18\u00baC.<\/p>\n<p>&nbsp;<\/p>","protected":false},"excerpt":{"rendered":"<p>&nbsp;<\/p>\n<p>La a\u00f1ada 2013 fue un a\u00f1o singular marcado por las diferencias clim\u00e1ticas del a\u00f1o, las lluvias y un ciclo vegetativo muy corto; lo que nos llev\u00f3 a hacer una mayor selecci\u00f3n tanto en la vi\u00f1a como en nuestros vinos y de esta selecci\u00f3n nace este vino Especial.<\/p>\n<p>Elaborado con un 50% Syrah y 50% de Malbec, procedente de nuestras fincas Campo Martuela, El Casar de La Guardia y Cuatro Vi\u00f1as.<\/p>","protected":false},"featured_media":2706,"comment_status":"open","ping_status":"closed","template":"","meta":{"_et_pb_use_builder":"off","_et_pb_old_content":"Mart\u00fae Chardonnay es un vino elaborado exclusivamente con uva Chardonnay procedente de la finca El Casar  de La Guardia.\r\n\r\nFermentado en un 80% en dep\u00f3sito de acero inoxidable a baja temperatura, mientras que el 20% restante ferment\u00f3 en barricas  nuevas de roble franc\u00e9s en las cuales el vino ha permanecido sobre sus l\u00edas durante dos meses y medios, realiz\u00e1ndose un batonage diario de cada barrica. Despu\u00e9s se procede al ensamblaje \u00f3ptimo entre ambos vinos.  \r\n\r\nColor amarillo dorado limpio y brillante. Aroma de gran intensidad a fruta madura (pi\u00f1a, mel\u00f3n) flores blancas y fondo de pasteler\u00eda. La gran baza llega en boca. Desde que entra inunda todo con su amable sabor. Primero fresco, luego goloso, despu\u00e9s se hace grande. Su paso es muy untuoso y lento. En el final de boca, se hace presente su medida crianza en barrica, dejando un recuerdo de panader\u00eda fina.\r\n<h3>Producci\u00f3n<\/h3>\r\nDe la vendimia 2017 se han embotellado 10.800 botellas borgo\u00f1a.\r\n<h3>Conservaci\u00f3n<\/h3>\r\nSe recomienda conservar con la botella tumbada, en un lugar a oscuras, sin vibraciones y temperatura estable entre 15-20\u00baC.\r\n<h3>Maridaje y Consumo<\/h3>\r\nIdeal para combinar con una gran variedad de platos, desde pescados y carnes hasta pastas y quesos.\r\n\r\nSe recomienda servirlo entre 5-6\u00baC.\r\n\r\nEn caso de no estar frio se recomienda introducir en una hielera con hielo para un mejor enfriamiento.","_et_gb_content_width":"","om_disable_all_campaigns":false,"_joinchat":[]},"product_brand":[],"product_cat":[37,16],"product_tag":[38],"class_list":{"0":"post-2709","1":"product","2":"type-product","3":"status-publish","4":"has-post-thumbnail","6":"product_cat-estuche","7":"product_cat-vinos-martue","8":"product_tag-estuche","10":"first","11":"outofstock","12":"featured","13":"taxable","14":"shipping-taxable","15":"product-type-simple"},"yoast_head":"<!-- This site is optimized with the Yoast SEO plugin v24.1 - https:\/\/yoast.com\/wordpress\/plugins\/seo\/ -->\n<title>Mart\u00fae ShyMal 2013<\/title>\n<meta name=\"description\" content=\"VINO DE PAGO es la m\u00e1xima calificaci\u00f3n que contempla la legislaci\u00f3n espa\u00f1ola en materia vitivin\u00edcola, por encima de la Denominaci\u00f3n de Origen. El concepto de Pago aplicado al vino se refiere a un vi\u00f1edo situado en un enclave especial, con suelos singulares y un clima privilegiado que imprime al vino unas cualidades \u00fanicas. S\u00f3lo diecinueve bodegas en Espa\u00f1a cuentan con esta distinci\u00f3n.\" \/>\n<meta name=\"robots\" content=\"index, follow, max-snippet:-1, max-image-preview:large, max-video-preview:-1\" \/>\n<link rel=\"canonical\" href=\"https:\/\/martue.com\/fr\/product\/martue-shymal-2013-1b\/\" \/>\n<meta property=\"og:locale\" content=\"fr_FR\" \/>\n<meta property=\"og:type\" content=\"article\" \/>\n<meta property=\"og:title\" content=\"Mart\u00fae ShyMal 2013\" \/>\n<meta property=\"og:description\" content=\"VINO DE PAGO es la m\u00e1xima calificaci\u00f3n que contempla la legislaci\u00f3n espa\u00f1ola en materia vitivin\u00edcola, por encima de la Denominaci\u00f3n de Origen. El concepto de Pago aplicado al vino se refiere a un vi\u00f1edo situado en un enclave especial, con suelos singulares y un clima privilegiado que imprime al vino unas cualidades \u00fanicas. S\u00f3lo diecinueve bodegas en Espa\u00f1a cuentan con esta distinci\u00f3n.\" \/>\n<meta property=\"og:url\" content=\"https:\/\/martue.com\/fr\/product\/martue-shymal-2013-1b\/\" \/>\n<meta property=\"og:site_name\" content=\"Bodegas Mart\u00fae - Pago Campo de la Guardia\" \/>\n<meta property=\"article:modified_time\" content=\"2025-05-21T03:52:08+00:00\" \/>\n<meta property=\"og:image\" content=\"https:\/\/martue.com\/wp-content\/uploads\/2020\/03\/shymal13-1.png\" \/>\n\t<meta property=\"og:image:width\" content=\"445\" \/>\n\t<meta property=\"og:image:height\" content=\"976\" \/>\n\t<meta property=\"og:image:type\" content=\"image\/png\" \/>\n<meta name=\"twitter:card\" content=\"summary_large_image\" \/>\n<meta name=\"twitter:label1\" content=\"Dur\u00e9e de lecture estim\u00e9e\" \/>\n\t<meta name=\"twitter:data1\" content=\"1 minute\" \/>\n<script type=\"application\/ld+json\" class=\"yoast-schema-graph\">{\"@context\":\"https:\/\/schema.org\",\"@graph\":[{\"@type\":\"WebPage\",\"@id\":\"https:\/\/martue.com\/en\/product\/martue-shymal-2013-1b\/\",\"url\":\"https:\/\/martue.com\/en\/product\/martue-shymal-2013-1b\/\",\"name\":\"Mart\u00fae ShyMal 2013\",\"isPartOf\":{\"@id\":\"https:\/\/martue.com\/#website\"},\"primaryImageOfPage\":{\"@id\":\"https:\/\/martue.com\/en\/product\/martue-shymal-2013-1b\/#primaryimage\"},\"image\":{\"@id\":\"https:\/\/martue.com\/en\/product\/martue-shymal-2013-1b\/#primaryimage\"},\"thumbnailUrl\":\"https:\/\/martue.com\/wp-content\/uploads\/2020\/03\/shymal13-1.png\",\"datePublished\":\"2020-03-19T21:18:52+00:00\",\"dateModified\":\"2025-05-21T03:52:08+00:00\",\"description\":\"VINO DE PAGO es la m\u00e1xima calificaci\u00f3n que contempla la legislaci\u00f3n espa\u00f1ola en materia vitivin\u00edcola, por encima de la Denominaci\u00f3n de Origen. El concepto de Pago aplicado al vino se refiere a un vi\u00f1edo situado en un enclave especial, con suelos singulares y un clima privilegiado que imprime al vino unas cualidades \u00fanicas. S\u00f3lo diecinueve bodegas en Espa\u00f1a cuentan con esta distinci\u00f3n.\",\"breadcrumb\":{\"@id\":\"https:\/\/martue.com\/en\/product\/martue-shymal-2013-1b\/#breadcrumb\"},\"inLanguage\":\"fr-FR\",\"potentialAction\":[{\"@type\":\"ReadAction\",\"target\":[\"https:\/\/martue.com\/en\/product\/martue-shymal-2013-1b\/\"]}]},{\"@type\":\"ImageObject\",\"inLanguage\":\"fr-FR\",\"@id\":\"https:\/\/martue.com\/en\/product\/martue-shymal-2013-1b\/#primaryimage\",\"url\":\"https:\/\/martue.com\/wp-content\/uploads\/2020\/03\/shymal13-1.png\",\"contentUrl\":\"https:\/\/martue.com\/wp-content\/uploads\/2020\/03\/shymal13-1.png\",\"width\":445,\"height\":976,\"caption\":\"Produccion muy limitada, elaborado con un 50% de Syrah y un 50% de Malbec. Crianza de 20 meses en barricas nuevas francesas, un vino Especial. Ver vino\"},{\"@type\":\"BreadcrumbList\",\"@id\":\"https:\/\/martue.com\/en\/product\/martue-shymal-2013-1b\/#breadcrumb\",\"itemListElement\":[{\"@type\":\"ListItem\",\"position\":1,\"name\":\"Portada\",\"item\":\"https:\/\/martue.com\/\"},{\"@type\":\"ListItem\",\"position\":2,\"name\":\"Vinos\",\"item\":\"https:\/\/martue.com\/vinos\/\"},{\"@type\":\"ListItem\",\"position\":3,\"name\":\"Mart\u00fae ShyMal 2013\"}]},{\"@type\":\"WebSite\",\"@id\":\"https:\/\/martue.com\/#website\",\"url\":\"https:\/\/martue.com\/\",\"name\":\"Bodegas Mart\u00fae - Pago Campo de la Guardia\",\"description\":\"VINO DE PAGO CAMPO DE LA GUARDIA Es la m\u00e1xima calificaci\u00f3n que contempla la legislaci\u00f3n espa\u00f1ola en materia vitivin\u00edcola, por encima de la Denominaci\u00f3n de Origen.\",\"potentialAction\":[{\"@type\":\"SearchAction\",\"target\":{\"@type\":\"EntryPoint\",\"urlTemplate\":\"https:\/\/martue.com\/?s={search_term_string}\"},\"query-input\":{\"@type\":\"PropertyValueSpecification\",\"valueRequired\":true,\"valueName\":\"search_term_string\"}}],\"inLanguage\":\"fr-FR\"}]}<\/script>\n<!-- \/ Yoast SEO plugin. -->","yoast_head_json":{"title":"Mart\u00fae ShyMal 2013","description":"VINO DE PAGO es la m\u00e1xima calificaci\u00f3n que contempla la legislaci\u00f3n espa\u00f1ola en materia vitivin\u00edcola, por encima de la Denominaci\u00f3n de Origen. El concepto de Pago aplicado al vino se refiere a un vi\u00f1edo situado en un enclave especial, con suelos singulares y un clima privilegiado que imprime al vino unas cualidades \u00fanicas. S\u00f3lo diecinueve bodegas en Espa\u00f1a cuentan con esta distinci\u00f3n.","robots":{"index":"index","follow":"follow","max-snippet":"max-snippet:-1","max-image-preview":"max-image-preview:large","max-video-preview":"max-video-preview:-1"},"canonical":"https:\/\/martue.com\/fr\/product\/martue-shymal-2013-1b\/","og_locale":"fr_FR","og_type":"article","og_title":"Mart\u00fae ShyMal 2013","og_description":"VINO DE PAGO es la m\u00e1xima calificaci\u00f3n que contempla la legislaci\u00f3n espa\u00f1ola en materia vitivin\u00edcola, por encima de la Denominaci\u00f3n de Origen. El concepto de Pago aplicado al vino se refiere a un vi\u00f1edo situado en un enclave especial, con suelos singulares y un clima privilegiado que imprime al vino unas cualidades \u00fanicas. S\u00f3lo diecinueve bodegas en Espa\u00f1a cuentan con esta distinci\u00f3n.","og_url":"https:\/\/martue.com\/fr\/product\/martue-shymal-2013-1b\/","og_site_name":"Bodegas Mart\u00fae - Pago Campo de la Guardia","article_modified_time":"2025-05-21T03:52:08+00:00","og_image":[{"width":445,"height":976,"url":"https:\/\/martue.com\/wp-content\/uploads\/2020\/03\/shymal13-1.png","type":"image\/png"}],"twitter_card":"summary_large_image","twitter_misc":{"Dur\u00e9e de lecture estim\u00e9e":"1 minute"},"schema":{"@context":"https:\/\/schema.org","@graph":[{"@type":"WebPage","@id":"https:\/\/martue.com\/en\/product\/martue-shymal-2013-1b\/","url":"https:\/\/martue.com\/en\/product\/martue-shymal-2013-1b\/","name":"Mart\u00fae ShyMal 2013","isPartOf":{"@id":"https:\/\/martue.com\/#website"},"primaryImageOfPage":{"@id":"https:\/\/martue.com\/en\/product\/martue-shymal-2013-1b\/#primaryimage"},"image":{"@id":"https:\/\/martue.com\/en\/product\/martue-shymal-2013-1b\/#primaryimage"},"thumbnailUrl":"https:\/\/martue.com\/wp-content\/uploads\/2020\/03\/shymal13-1.png","datePublished":"2020-03-19T21:18:52+00:00","dateModified":"2025-05-21T03:52:08+00:00","description":"VINO DE PAGO es la m\u00e1xima calificaci\u00f3n que contempla la legislaci\u00f3n espa\u00f1ola en materia vitivin\u00edcola, por encima de la Denominaci\u00f3n de Origen. El concepto de Pago aplicado al vino se refiere a un vi\u00f1edo situado en un enclave especial, con suelos singulares y un clima privilegiado que imprime al vino unas cualidades \u00fanicas. S\u00f3lo diecinueve bodegas en Espa\u00f1a cuentan con esta distinci\u00f3n.","breadcrumb":{"@id":"https:\/\/martue.com\/en\/product\/martue-shymal-2013-1b\/#breadcrumb"},"inLanguage":"fr-FR","potentialAction":[{"@type":"ReadAction","target":["https:\/\/martue.com\/en\/product\/martue-shymal-2013-1b\/"]}]},{"@type":"ImageObject","inLanguage":"fr-FR","@id":"https:\/\/martue.com\/en\/product\/martue-shymal-2013-1b\/#primaryimage","url":"https:\/\/martue.com\/wp-content\/uploads\/2020\/03\/shymal13-1.png","contentUrl":"https:\/\/martue.com\/wp-content\/uploads\/2020\/03\/shymal13-1.png","width":445,"height":976,"caption":"Produccion muy limitada, elaborado con un 50% de Syrah y un 50% de Malbec. Crianza de 20 meses en barricas nuevas francesas, un vino Especial. Ver vino"},{"@type":"BreadcrumbList","@id":"https:\/\/martue.com\/en\/product\/martue-shymal-2013-1b\/#breadcrumb","itemListElement":[{"@type":"ListItem","position":1,"name":"Portada","item":"https:\/\/martue.com\/"},{"@type":"ListItem","position":2,"name":"Vinos","item":"https:\/\/martue.com\/vinos\/"},{"@type":"ListItem","position":3,"name":"Mart\u00fae ShyMal 2013"}]},{"@type":"WebSite","@id":"https:\/\/martue.com\/#website","url":"https:\/\/martue.com\/","name":"Bodegas Mart\u00fae - Pago Campo de la Guardia","description":"VINO DE PAGO CAMPO DE LA GUARDIA Es la m\u00e1xima calificaci\u00f3n que contempla la legislaci\u00f3n espa\u00f1ola en materia vitivin\u00edcola, por encima de la Denominaci\u00f3n de Origen.","potentialAction":[{"@type":"SearchAction","target":{"@type":"EntryPoint","urlTemplate":"https:\/\/martue.com\/?s={search_term_string}"},"query-input":{"@type":"PropertyValueSpecification","valueRequired":true,"valueName":"search_term_string"}}],"inLanguage":"fr-FR"}]}},"_links":{"self":[{"href":"https:\/\/martue.com\/fr\/wp-json\/wp\/v2\/product\/2709","targetHints":{"allow":["GET"]}}],"collection":[{"href":"https:\/\/martue.com\/fr\/wp-json\/wp\/v2\/product"}],"about":[{"href":"https:\/\/martue.com\/fr\/wp-json\/wp\/v2\/types\/product"}],"replies":[{"embeddable":true,"href":"https:\/\/martue.com\/fr\/wp-json\/wp\/v2\/comments?post=2709"}],"wp:featuredmedia":[{"embeddable":true,"href":"https:\/\/martue.com\/fr\/wp-json\/wp\/v2\/media\/2706"}],"wp:attachment":[{"href":"https:\/\/martue.com\/fr\/wp-json\/wp\/v2\/media?parent=2709"}],"wp:term":[{"taxonomy":"product_brand","embeddable":true,"href":"https:\/\/martue.com\/fr\/wp-json\/wp\/v2\/product_brand?post=2709"},{"taxonomy":"product_cat","embeddable":true,"href":"https:\/\/martue.com\/fr\/wp-json\/wp\/v2\/product_cat?post=2709"},{"taxonomy":"product_tag","embeddable":true,"href":"https:\/\/martue.com\/fr\/wp-json\/wp\/v2\/product_tag?post=2709"}],"curies":[{"name":"wp","href":"https:\/\/api.w.org\/{rel}","templated":true}]}}