{"id":2765,"date":"2020-03-26T23:29:14","date_gmt":"2020-03-26T22:29:14","guid":{"rendered":"https:\/\/martue.com\/?post_type=product&#038;p=2765"},"modified":"2025-05-31T04:13:08","modified_gmt":"2025-05-31T02:13:08","slug":"pie-franco-2019","status":"publish","type":"product","link":"https:\/\/martue.com\/fr\/produit\/pie-franco-2019\/","title":{"rendered":"Pie Franco 2019"},"content":{"rendered":"<p>[et_pb_section fb_built=\u00bb1&#8243; _builder_version=\u00bb3.22&#8243; custom_padding=\u00bb0px||||false|false\u00bb][et_pb_row _builder_version=\u00bb3.25&#8243; background_size=\u00bbinitial\u00bb background_position=\u00bbtop_left\u00bb background_repeat=\u00bbrepeat\u00bb custom_padding=\u00bb0px||0px||false|false\u00bb][et_pb_column type=\u00bb4_4&#8243; _builder_version=\u00bb3.25&#8243; custom_padding=\u00bb|||\u00bb custom_padding__hover=\u00bb|||\u00bb][et_pb_wc_cart_notice _builder_version=\u00bb3.0.47&#8243;][\/et_pb_wc_cart_notice][\/et_pb_column][\/et_pb_row][et_pb_row column_structure=\u00bb1_2,1_2&#8243; _builder_version=\u00bb3.25&#8243; background_size=\u00bbinitial\u00bb background_position=\u00bbtop_left\u00bb background_repeat=\u00bbrepeat\u00bb custom_padding=\u00bb0px||||false|false\u00bb][et_pb_column type=\u00bb1_2&#8243; _builder_version=\u00bb3.25&#8243; custom_padding=\u00bb|||\u00bb custom_padding__hover=\u00bb|||\u00bb][et_pb_wc_images show_product_image=\u00bbon\u00bb show_product_gallery=\u00bboff\u00bb show_sale_badge=\u00bboff\u00bb _builder_version=\u00bb4.5.8&#8243;][\/et_pb_wc_images][\/et_pb_column][et_pb_column type=\u00bb1_2&#8243; _builder_version=\u00bb3.25&#8243; custom_padding=\u00bb|||\u00bb custom_padding__hover=\u00bb|||\u00bb][et_pb_wc_title _builder_version=\u00bb3.0.47&#8243;][\/et_pb_wc_title][et_pb_wc_rating _builder_version=\u00bb3.0.47&#8243;][\/et_pb_wc_rating][et_pb_wc_price _builder_version=\u00bb3.0.47&#8243;][\/et_pb_wc_price][et_pb_wc_description _builder_version=\u00bb3.0.47&#8243;][\/et_pb_wc_description][et_pb_wc_add_to_cart _builder_version=\u00bb3.0.47&#8243;][\/et_pb_wc_add_to_cart][et_pb_wc_images _builder_version=\u00bb4.5.8&#8243; _module_preset=\u00bbdefault\u00bb custom_padding=\u00bb20px||||false|false\u00bb][\/et_pb_wc_images][\/et_pb_column][\/et_pb_row][et_pb_row _builder_version=\u00bb3.25&#8243; background_size=\u00bbinitial\u00bb background_position=\u00bbtop_left\u00bb background_repeat=\u00bbrepeat\u00bb][et_pb_column type=\u00bb4_4&#8243; _builder_version=\u00bb3.25&#8243; custom_padding=\u00bb|||\u00bb custom_padding__hover=\u00bb|||\u00bb][et_pb_wc_tabs _builder_version=\u00bb3.0.47&#8243;]\t\t\t\t\t[\/et_pb_wc_tabs][et_pb_wc_upsells _builder_version=\u00bb3.0.47&#8243;][\/et_pb_wc_upsells][et_pb_wc_related_products _builder_version=\u00bb4.4.1&#8243; price_text_color=\u00bbrgba(0,0,0,0)\u00bb text_orientation=\u00bbcenter\u00bb][\/et_pb_wc_related_products][\/et_pb_column][\/et_pb_row][\/et_pb_section]<\/p>","protected":false},"excerpt":{"rendered":"<p>&nbsp;<\/p>\n<p style=\"text-align: justify;\">La joya de la casa. Elaborado en su totalidad con uva Verdejo de vi\u00f1as prefiloxericas\u00a0 en pie franco, con vendimia manual y edades cercanas a los 100 a\u00f1os. Se trata de un vino de producci\u00f3n limitada por resultar de un vi\u00f1edo escaso.<\/p>\n<p style=\"text-align: justify;\">Tras su recolecci\u00f3n manual, el mosto fermenta a baja temperatura para mantener toda su potencia frutal y mineral.<\/p>","protected":false},"featured_media":2769,"comment_status":"open","ping_status":"closed","template":"","meta":{"_et_pb_use_builder":"on","_et_pb_old_content":"Se presenta con intensidad arom\u00e1tica contenida pero de gran complejidad, caracterizado por la mineralidad propia del terreno, notas de pizarra, acompa\u00f1ada de fruta blanca, fresca muy bien integrada. Del mismo modo encontramos bals\u00e1micos y notas de hierbas arom\u00e1ticas propias de la variedad.\r\n\r\nLa entrada es muy sedosa fruto de la crianza sobre l\u00eda fina, llena la boca donde de nuevo encontramos la presencia de aromas bals\u00e1micos y buena acidez en el retrogusto.\r\n\r\nEl resultado es un vino fresco, elegante y de complejidad arom\u00e1tica, con gran amplitud en boca que lo hace persistente. Enorme.\r\n\r\nVino de producci\u00f3n limitada. Un capricho que sorprender\u00e1 al probarlo.\r\n<h3>Producci\u00f3n<\/h3>\r\n27.526 botellas bordelesas. Disponible en formato 0.75 L.\r\n<h3>Conservaci\u00f3n<\/h3>\r\nSe recomienda conservar con la botella tumbada, en un lugar a oscuras, sin vibraciones y temperatura estable entre 15-20\u00baC.\r\n<h3>Maridaje y Consumo<\/h3>\r\nSe recomienda servirlo entre 6-8\u00baC.\r\n\r\nConsumo \u00f3ptimo a\u00f1o 2020 y hasta final 2022","_et_gb_content_width":"","om_disable_all_campaigns":false,"_joinchat":[]},"product_brand":[],"product_cat":[17],"product_tag":[],"class_list":{"0":"post-2765","1":"product","2":"type-product","3":"status-publish","4":"has-post-thumbnail","6":"product_cat-vinos-blanco-nieva","8":"first","9":"outofstock","10":"taxable","11":"shipping-taxable","12":"product-type-variable"},"yoast_head":"<!-- This site is optimized with the Yoast SEO plugin v24.1 - https:\/\/yoast.com\/wordpress\/plugins\/seo\/ -->\n<title>Mart\u00fae Pie Franco 2019<\/title>\n<meta name=\"description\" content=\"La joya de la casa. Elaborado en su totalidad con uva Verdejo de vi\u00f1as prefiloxericas\u00a0 en pie franco, con vendimia manual y edades cercanas a los 100 a\u00f1os. Se trata de un vino de producci\u00f3n limitada por resultar de un vi\u00f1edo escaso.Tras su recolecci\u00f3n manual, el mosto fermenta a baja temperatura para mantener toda su potencia frutal y mineral.\" \/>\n<meta name=\"robots\" content=\"index, follow, max-snippet:-1, max-image-preview:large, max-video-preview:-1\" \/>\n<link rel=\"canonical\" href=\"https:\/\/martue.com\/fr\/produit\/pie-franco-2019\/\" \/>\n<meta property=\"og:locale\" content=\"fr_FR\" \/>\n<meta property=\"og:type\" content=\"article\" \/>\n<meta property=\"og:title\" content=\"Mart\u00fae Pie Franco 2019\" \/>\n<meta property=\"og:description\" content=\"La joya de la casa. Elaborado en su totalidad con uva Verdejo de vi\u00f1as prefiloxericas\u00a0 en pie franco, con vendimia manual y edades cercanas a los 100 a\u00f1os. Se trata de un vino de producci\u00f3n limitada por resultar de un vi\u00f1edo escaso.Tras su recolecci\u00f3n manual, el mosto fermenta a baja temperatura para mantener toda su potencia frutal y mineral.\" \/>\n<meta property=\"og:url\" content=\"https:\/\/martue.com\/fr\/produit\/pie-franco-2019\/\" \/>\n<meta property=\"og:site_name\" content=\"Bodegas Mart\u00fae - Pago Campo de la Guardia\" \/>\n<meta property=\"article:modified_time\" content=\"2025-05-31T02:13:08+00:00\" \/>\n<meta property=\"og:image\" content=\"https:\/\/martue.com\/wp-content\/uploads\/2020\/03\/piefranco19.png\" \/>\n\t<meta property=\"og:image:width\" content=\"600\" \/>\n\t<meta property=\"og:image:height\" content=\"1316\" \/>\n\t<meta property=\"og:image:type\" content=\"image\/png\" \/>\n<meta name=\"twitter:card\" content=\"summary_large_image\" \/>\n<meta name=\"twitter:label1\" content=\"Dur\u00e9e de lecture estim\u00e9e\" \/>\n\t<meta name=\"twitter:data1\" content=\"1 minute\" \/>\n<script type=\"application\/ld+json\" class=\"yoast-schema-graph\">{\"@context\":\"https:\/\/schema.org\",\"@graph\":[{\"@type\":\"WebPage\",\"@id\":\"https:\/\/martue.com\/producto\/pie-franco-2019\/\",\"url\":\"https:\/\/martue.com\/producto\/pie-franco-2019\/\",\"name\":\"Mart\u00fae Pie Franco 2019\",\"isPartOf\":{\"@id\":\"https:\/\/martue.com\/#website\"},\"primaryImageOfPage\":{\"@id\":\"https:\/\/martue.com\/producto\/pie-franco-2019\/#primaryimage\"},\"image\":{\"@id\":\"https:\/\/martue.com\/producto\/pie-franco-2019\/#primaryimage\"},\"thumbnailUrl\":\"https:\/\/martue.com\/wp-content\/uploads\/2020\/03\/piefranco19.png\",\"datePublished\":\"2020-03-26T22:29:14+00:00\",\"dateModified\":\"2025-05-31T02:13:08+00:00\",\"description\":\"La joya de la casa. Elaborado en su totalidad con uva Verdejo de vi\u00f1as prefiloxericas\u00a0 en pie franco, con vendimia manual y edades cercanas a los 100 a\u00f1os. Se trata de un vino de producci\u00f3n limitada por resultar de un vi\u00f1edo escaso.Tras su recolecci\u00f3n manual, el mosto fermenta a baja temperatura para mantener toda su potencia frutal y mineral.\",\"breadcrumb\":{\"@id\":\"https:\/\/martue.com\/producto\/pie-franco-2019\/#breadcrumb\"},\"inLanguage\":\"fr-FR\",\"potentialAction\":[{\"@type\":\"ReadAction\",\"target\":[\"https:\/\/martue.com\/producto\/pie-franco-2019\/\"]}]},{\"@type\":\"ImageObject\",\"inLanguage\":\"fr-FR\",\"@id\":\"https:\/\/martue.com\/producto\/pie-franco-2019\/#primaryimage\",\"url\":\"https:\/\/martue.com\/wp-content\/uploads\/2020\/03\/piefranco19.png\",\"contentUrl\":\"https:\/\/martue.com\/wp-content\/uploads\/2020\/03\/piefranco19.png\",\"width\":600,\"height\":1316,\"caption\":\"Elaborado en su totalidad con uva Verdejo de vi\u00f1as plantadas en pie franco con edades cercanas a los 100 a\u00f1os procedente de los majuelos de Nieva. Un capricho que sorprender\u00e1 al probarlo. Ver vino\"},{\"@type\":\"BreadcrumbList\",\"@id\":\"https:\/\/martue.com\/producto\/pie-franco-2019\/#breadcrumb\",\"itemListElement\":[{\"@type\":\"ListItem\",\"position\":1,\"name\":\"Portada\",\"item\":\"https:\/\/martue.com\/\"},{\"@type\":\"ListItem\",\"position\":2,\"name\":\"Vinos\",\"item\":\"https:\/\/martue.com\/vinos\/\"},{\"@type\":\"ListItem\",\"position\":3,\"name\":\"Pie Franco 2019\"}]},{\"@type\":\"WebSite\",\"@id\":\"https:\/\/martue.com\/#website\",\"url\":\"https:\/\/martue.com\/\",\"name\":\"Bodegas Mart\u00fae - Pago Campo de la Guardia\",\"description\":\"VINO DE PAGO CAMPO DE LA GUARDIA Es la m\u00e1xima calificaci\u00f3n que contempla la legislaci\u00f3n espa\u00f1ola en materia vitivin\u00edcola, por encima de la Denominaci\u00f3n de Origen.\",\"potentialAction\":[{\"@type\":\"SearchAction\",\"target\":{\"@type\":\"EntryPoint\",\"urlTemplate\":\"https:\/\/martue.com\/?s={search_term_string}\"},\"query-input\":{\"@type\":\"PropertyValueSpecification\",\"valueRequired\":true,\"valueName\":\"search_term_string\"}}],\"inLanguage\":\"fr-FR\"}]}<\/script>\n<!-- \/ Yoast SEO plugin. -->","yoast_head_json":{"title":"Mart\u00fae Pie Franco 2019","description":"La joya de la casa. Elaborado en su totalidad con uva Verdejo de vi\u00f1as prefiloxericas\u00a0 en pie franco, con vendimia manual y edades cercanas a los 100 a\u00f1os. Se trata de un vino de producci\u00f3n limitada por resultar de un vi\u00f1edo escaso.Tras su recolecci\u00f3n manual, el mosto fermenta a baja temperatura para mantener toda su potencia frutal y mineral.","robots":{"index":"index","follow":"follow","max-snippet":"max-snippet:-1","max-image-preview":"max-image-preview:large","max-video-preview":"max-video-preview:-1"},"canonical":"https:\/\/martue.com\/fr\/produit\/pie-franco-2019\/","og_locale":"fr_FR","og_type":"article","og_title":"Mart\u00fae Pie Franco 2019","og_description":"La joya de la casa. Elaborado en su totalidad con uva Verdejo de vi\u00f1as prefiloxericas\u00a0 en pie franco, con vendimia manual y edades cercanas a los 100 a\u00f1os. Se trata de un vino de producci\u00f3n limitada por resultar de un vi\u00f1edo escaso.Tras su recolecci\u00f3n manual, el mosto fermenta a baja temperatura para mantener toda su potencia frutal y mineral.","og_url":"https:\/\/martue.com\/fr\/produit\/pie-franco-2019\/","og_site_name":"Bodegas Mart\u00fae - Pago Campo de la Guardia","article_modified_time":"2025-05-31T02:13:08+00:00","og_image":[{"width":600,"height":1316,"url":"https:\/\/martue.com\/wp-content\/uploads\/2020\/03\/piefranco19.png","type":"image\/png"}],"twitter_card":"summary_large_image","twitter_misc":{"Dur\u00e9e de lecture estim\u00e9e":"1 minute"},"schema":{"@context":"https:\/\/schema.org","@graph":[{"@type":"WebPage","@id":"https:\/\/martue.com\/producto\/pie-franco-2019\/","url":"https:\/\/martue.com\/producto\/pie-franco-2019\/","name":"Mart\u00fae Pie Franco 2019","isPartOf":{"@id":"https:\/\/martue.com\/#website"},"primaryImageOfPage":{"@id":"https:\/\/martue.com\/producto\/pie-franco-2019\/#primaryimage"},"image":{"@id":"https:\/\/martue.com\/producto\/pie-franco-2019\/#primaryimage"},"thumbnailUrl":"https:\/\/martue.com\/wp-content\/uploads\/2020\/03\/piefranco19.png","datePublished":"2020-03-26T22:29:14+00:00","dateModified":"2025-05-31T02:13:08+00:00","description":"La joya de la casa. Elaborado en su totalidad con uva Verdejo de vi\u00f1as prefiloxericas\u00a0 en pie franco, con vendimia manual y edades cercanas a los 100 a\u00f1os. Se trata de un vino de producci\u00f3n limitada por resultar de un vi\u00f1edo escaso.Tras su recolecci\u00f3n manual, el mosto fermenta a baja temperatura para mantener toda su potencia frutal y mineral.","breadcrumb":{"@id":"https:\/\/martue.com\/producto\/pie-franco-2019\/#breadcrumb"},"inLanguage":"fr-FR","potentialAction":[{"@type":"ReadAction","target":["https:\/\/martue.com\/producto\/pie-franco-2019\/"]}]},{"@type":"ImageObject","inLanguage":"fr-FR","@id":"https:\/\/martue.com\/producto\/pie-franco-2019\/#primaryimage","url":"https:\/\/martue.com\/wp-content\/uploads\/2020\/03\/piefranco19.png","contentUrl":"https:\/\/martue.com\/wp-content\/uploads\/2020\/03\/piefranco19.png","width":600,"height":1316,"caption":"Elaborado en su totalidad con uva Verdejo de vi\u00f1as plantadas en pie franco con edades cercanas a los 100 a\u00f1os procedente de los majuelos de Nieva. Un capricho que sorprender\u00e1 al probarlo. Ver vino"},{"@type":"BreadcrumbList","@id":"https:\/\/martue.com\/producto\/pie-franco-2019\/#breadcrumb","itemListElement":[{"@type":"ListItem","position":1,"name":"Portada","item":"https:\/\/martue.com\/"},{"@type":"ListItem","position":2,"name":"Vinos","item":"https:\/\/martue.com\/vinos\/"},{"@type":"ListItem","position":3,"name":"Pie Franco 2019"}]},{"@type":"WebSite","@id":"https:\/\/martue.com\/#website","url":"https:\/\/martue.com\/","name":"Bodegas Mart\u00fae - Pago Campo de la Guardia","description":"VINO DE PAGO CAMPO DE LA GUARDIA Es la m\u00e1xima calificaci\u00f3n que contempla la legislaci\u00f3n espa\u00f1ola en materia vitivin\u00edcola, por encima de la Denominaci\u00f3n de Origen.","potentialAction":[{"@type":"SearchAction","target":{"@type":"EntryPoint","urlTemplate":"https:\/\/martue.com\/?s={search_term_string}"},"query-input":{"@type":"PropertyValueSpecification","valueRequired":true,"valueName":"search_term_string"}}],"inLanguage":"fr-FR"}]}},"_links":{"self":[{"href":"https:\/\/martue.com\/fr\/wp-json\/wp\/v2\/product\/2765","targetHints":{"allow":["GET"]}}],"collection":[{"href":"https:\/\/martue.com\/fr\/wp-json\/wp\/v2\/product"}],"about":[{"href":"https:\/\/martue.com\/fr\/wp-json\/wp\/v2\/types\/product"}],"replies":[{"embeddable":true,"href":"https:\/\/martue.com\/fr\/wp-json\/wp\/v2\/comments?post=2765"}],"wp:featuredmedia":[{"embeddable":true,"href":"https:\/\/martue.com\/fr\/wp-json\/wp\/v2\/media\/2769"}],"wp:attachment":[{"href":"https:\/\/martue.com\/fr\/wp-json\/wp\/v2\/media?parent=2765"}],"wp:term":[{"taxonomy":"product_brand","embeddable":true,"href":"https:\/\/martue.com\/fr\/wp-json\/wp\/v2\/product_brand?post=2765"},{"taxonomy":"product_cat","embeddable":true,"href":"https:\/\/martue.com\/fr\/wp-json\/wp\/v2\/product_cat?post=2765"},{"taxonomy":"product_tag","embeddable":true,"href":"https:\/\/martue.com\/fr\/wp-json\/wp\/v2\/product_tag?post=2765"}],"curies":[{"name":"wp","href":"https:\/\/api.w.org\/{rel}","templated":true}]}}