{"id":452,"date":"2019-02-06T22:26:36","date_gmt":"2019-02-06T21:26:36","guid":{"rendered":"http:\/\/s772331608.mialojamiento.es\/wordpress\/producto\/import-placeholder-for-246\/"},"modified":"2024-11-03T23:39:06","modified_gmt":"2024-11-03T22:39:06","slug":"blanco-nieva-pie-franco-2016-1-botella","status":"publish","type":"product","link":"https:\/\/martue.com\/fr\/produit\/blanco-nieva-pie-franco-2016-1-botella\/","title":{"rendered":"Blanco Nieva Pie Franco 2016 &#8211; 1 botella"},"content":{"rendered":"<p>Blanco Nieva Pie Franco 2016 &#8211; 1 botella<\/p>","protected":false},"excerpt":{"rendered":"<p>Blanco Nieva Pie Franco 2016 &#8211; 1 botella<\/p>","protected":false},"featured_media":0,"comment_status":"open","ping_status":"closed","template":"","meta":{"_et_pb_use_builder":"","_et_pb_old_content":"","_et_gb_content_width":"","om_disable_all_campaigns":false,"_joinchat":[]},"product_brand":[],"product_cat":[17],"product_tag":[],"class_list":{"0":"post-452","1":"product","2":"type-product","3":"status-publish","5":"product_cat-vinos-blanco-nieva","7":"first","8":"outofstock","9":"taxable","10":"shipping-taxable","11":"product-type-simple"},"yoast_head":"<!-- This site is optimized with the Yoast SEO plugin v24.1 - https:\/\/yoast.com\/wordpress\/plugins\/seo\/ -->\n<title>Blanco Nieva Pie Franco 2016 - 1 botella - Bodegas Mart\u00fae - Pago Campo de la Guardia<\/title>\n<meta name=\"robots\" content=\"index, follow, max-snippet:-1, max-image-preview:large, max-video-preview:-1\" \/>\n<link rel=\"canonical\" href=\"https:\/\/martue.com\/fr\/product\/blanco-nieva-pie-franco-2016-1-botella\/\" \/>\n<meta property=\"og:locale\" content=\"fr_FR\" \/>\n<meta property=\"og:type\" content=\"article\" \/>\n<meta property=\"og:title\" content=\"Blanco Nieva Pie Franco 2016 - 1 botella - Bodegas Mart\u00fae - Pago Campo de la Guardia\" \/>\n<meta property=\"og:description\" content=\"Blanco Nieva Pie Franco 2016 - 1 botella\" \/>\n<meta property=\"og:url\" content=\"https:\/\/martue.com\/fr\/product\/blanco-nieva-pie-franco-2016-1-botella\/\" \/>\n<meta property=\"og:site_name\" content=\"Bodegas Mart\u00fae - Pago Campo de la Guardia\" \/>\n<meta property=\"article:modified_time\" content=\"2024-11-03T22:39:06+00:00\" \/>\n<meta name=\"twitter:card\" content=\"summary_large_image\" \/>\n<script type=\"application\/ld+json\" class=\"yoast-schema-graph\">{\"@context\":\"https:\/\/schema.org\",\"@graph\":[{\"@type\":\"WebPage\",\"@id\":\"https:\/\/martue.com\/en\/product\/blanco-nieva-pie-franco-2016-1-botella\/\",\"url\":\"https:\/\/martue.com\/en\/product\/blanco-nieva-pie-franco-2016-1-botella\/\",\"name\":\"Blanco Nieva Pie Franco 2016 - 1 botella - Bodegas Mart\u00fae - Pago Campo de la Guardia\",\"isPartOf\":{\"@id\":\"https:\/\/martue.com\/#website\"},\"datePublished\":\"2019-02-06T21:26:36+00:00\",\"dateModified\":\"2024-11-03T22:39:06+00:00\",\"breadcrumb\":{\"@id\":\"https:\/\/martue.com\/en\/product\/blanco-nieva-pie-franco-2016-1-botella\/#breadcrumb\"},\"inLanguage\":\"fr-FR\",\"potentialAction\":[{\"@type\":\"ReadAction\",\"target\":[\"https:\/\/martue.com\/en\/product\/blanco-nieva-pie-franco-2016-1-botella\/\"]}]},{\"@type\":\"BreadcrumbList\",\"@id\":\"https:\/\/martue.com\/en\/product\/blanco-nieva-pie-franco-2016-1-botella\/#breadcrumb\",\"itemListElement\":[{\"@type\":\"ListItem\",\"position\":1,\"name\":\"Portada\",\"item\":\"https:\/\/martue.com\/\"},{\"@type\":\"ListItem\",\"position\":2,\"name\":\"Vinos\",\"item\":\"https:\/\/martue.com\/vinos\/\"},{\"@type\":\"ListItem\",\"position\":3,\"name\":\"Blanco Nieva Pie Franco 2016 &#8211; 1 botella\"}]},{\"@type\":\"WebSite\",\"@id\":\"https:\/\/martue.com\/#website\",\"url\":\"https:\/\/martue.com\/\",\"name\":\"Bodegas Mart\u00fae - Pago Campo de la Guardia\",\"description\":\"VINO DE PAGO CAMPO DE LA GUARDIA Es la m\u00e1xima calificaci\u00f3n que contempla la legislaci\u00f3n espa\u00f1ola en materia vitivin\u00edcola, por encima de la Denominaci\u00f3n de Origen.\",\"potentialAction\":[{\"@type\":\"SearchAction\",\"target\":{\"@type\":\"EntryPoint\",\"urlTemplate\":\"https:\/\/martue.com\/?s={search_term_string}\"},\"query-input\":{\"@type\":\"PropertyValueSpecification\",\"valueRequired\":true,\"valueName\":\"search_term_string\"}}],\"inLanguage\":\"fr-FR\"}]}<\/script>\n<!-- \/ Yoast SEO plugin. -->","yoast_head_json":{"title":"Blanco Nieva Pie Franco 2016 - 1 botella - Bodegas Mart\u00fae - Pago Campo de la Guardia","robots":{"index":"index","follow":"follow","max-snippet":"max-snippet:-1","max-image-preview":"max-image-preview:large","max-video-preview":"max-video-preview:-1"},"canonical":"https:\/\/martue.com\/fr\/product\/blanco-nieva-pie-franco-2016-1-botella\/","og_locale":"fr_FR","og_type":"article","og_title":"Blanco Nieva Pie Franco 2016 - 1 botella - Bodegas Mart\u00fae - Pago Campo de la Guardia","og_description":"Blanco Nieva Pie Franco 2016 - 1 botella","og_url":"https:\/\/martue.com\/fr\/product\/blanco-nieva-pie-franco-2016-1-botella\/","og_site_name":"Bodegas Mart\u00fae - Pago Campo de la Guardia","article_modified_time":"2024-11-03T22:39:06+00:00","twitter_card":"summary_large_image","schema":{"@context":"https:\/\/schema.org","@graph":[{"@type":"WebPage","@id":"https:\/\/martue.com\/en\/product\/blanco-nieva-pie-franco-2016-1-botella\/","url":"https:\/\/martue.com\/en\/product\/blanco-nieva-pie-franco-2016-1-botella\/","name":"Blanco Nieva Pie Franco 2016 - 1 botella - Bodegas Mart\u00fae - Pago Campo de la Guardia","isPartOf":{"@id":"https:\/\/martue.com\/#website"},"datePublished":"2019-02-06T21:26:36+00:00","dateModified":"2024-11-03T22:39:06+00:00","breadcrumb":{"@id":"https:\/\/martue.com\/en\/product\/blanco-nieva-pie-franco-2016-1-botella\/#breadcrumb"},"inLanguage":"fr-FR","potentialAction":[{"@type":"ReadAction","target":["https:\/\/martue.com\/en\/product\/blanco-nieva-pie-franco-2016-1-botella\/"]}]},{"@type":"BreadcrumbList","@id":"https:\/\/martue.com\/en\/product\/blanco-nieva-pie-franco-2016-1-botella\/#breadcrumb","itemListElement":[{"@type":"ListItem","position":1,"name":"Portada","item":"https:\/\/martue.com\/"},{"@type":"ListItem","position":2,"name":"Vinos","item":"https:\/\/martue.com\/vinos\/"},{"@type":"ListItem","position":3,"name":"Blanco Nieva Pie Franco 2016 &#8211; 1 botella"}]},{"@type":"WebSite","@id":"https:\/\/martue.com\/#website","url":"https:\/\/martue.com\/","name":"Bodegas Mart\u00fae - Pago Campo de la Guardia","description":"VINO DE PAGO CAMPO DE LA GUARDIA Es la m\u00e1xima calificaci\u00f3n que contempla la legislaci\u00f3n espa\u00f1ola en materia vitivin\u00edcola, por encima de la Denominaci\u00f3n de Origen.","potentialAction":[{"@type":"SearchAction","target":{"@type":"EntryPoint","urlTemplate":"https:\/\/martue.com\/?s={search_term_string}"},"query-input":{"@type":"PropertyValueSpecification","valueRequired":true,"valueName":"search_term_string"}}],"inLanguage":"fr-FR"}]}},"_links":{"self":[{"href":"https:\/\/martue.com\/fr\/wp-json\/wp\/v2\/product\/452","targetHints":{"allow":["GET"]}}],"collection":[{"href":"https:\/\/martue.com\/fr\/wp-json\/wp\/v2\/product"}],"about":[{"href":"https:\/\/martue.com\/fr\/wp-json\/wp\/v2\/types\/product"}],"replies":[{"embeddable":true,"href":"https:\/\/martue.com\/fr\/wp-json\/wp\/v2\/comments?post=452"}],"wp:attachment":[{"href":"https:\/\/martue.com\/fr\/wp-json\/wp\/v2\/media?parent=452"}],"wp:term":[{"taxonomy":"product_brand","embeddable":true,"href":"https:\/\/martue.com\/fr\/wp-json\/wp\/v2\/product_brand?post=452"},{"taxonomy":"product_cat","embeddable":true,"href":"https:\/\/martue.com\/fr\/wp-json\/wp\/v2\/product_cat?post=452"},{"taxonomy":"product_tag","embeddable":true,"href":"https:\/\/martue.com\/fr\/wp-json\/wp\/v2\/product_tag?post=452"}],"curies":[{"name":"wp","href":"https:\/\/api.w.org\/{rel}","templated":true}]}}